{"id":34546,"date":"2021-01-25T11:36:46","date_gmt":"2021-01-25T09:36:46","guid":{"rendered":"https:\/\/www.viitanordic.com\/?page_id=34546"},"modified":"2025-09-07T17:45:37","modified_gmt":"2025-09-07T14:45:37","slug":"uber-uns","status":"publish","type":"page","link":"https:\/\/www.viitanordic.com\/de\/uber-uns\/","title":{"rendered":"ViitaNordic"},"content":{"rendered":"\n<h2 class=\"wp-block-heading\">Hersteller von Skandinavischen Teppichen<\/h2>\n\n\n\n<p class=\"has-text-align-center\">Wir sind ViitaNordic, ein Finnischer Hersteller von einzigartigen Baumwollteppichen mit Sitz in S\u00fcd-Ostbottnien.<\/p>\n\n\n\n<figure class=\"wp-block-embed is-type-video is-provider-youtube wp-block-embed-youtube wp-embed-aspect-16-9 wp-has-aspect-ratio\"><div class=\"wp-block-embed__wrapper\">\n<iframe loading=\"lazy\" title=\"VIITANORDIC - Rugs from the North\" width=\"640\" height=\"360\" src=\"https:\/\/www.youtube.com\/embed\/1FrGp2gPdZc?feature=oembed\" frameborder=\"0\" allow=\"accelerometer; autoplay; clipboard-write; encrypted-media; gyroscope; picture-in-picture; web-share\" referrerpolicy=\"strict-origin-when-cross-origin\" allowfullscreen><\/iframe>\n<\/div><\/figure>\n\n\n\n<p class=\"has-text-align-center\">Unsere Leidenschaft ist es, sch\u00f6ne, qualitativ hochwertige und langlebige skandinavische Baumwollteppiche herzustellen. Wir produzieren Teppiche, die zu vielen verschiedenen Stilen und R\u00e4umen passen. Unsere Teppichkollektion ist eine ausgewogene Mischung aus traditionellem nordischen Stil und modernem Design. Wir haben uns von der sich st\u00e4ndig ver\u00e4ndernden Natur des Nordens in Bezug auf Farben und Muster inspirieren lassen. <\/p>\n\n\n\n<p class=\"has-text-align-center\">Wir wissen, wie hochwertige und sch\u00f6ne Baumwollteppiche gewebt werden da wir sie schon seit \u00fcber 40 Jahren herstellen. Obwohl wir unsere Teppiche mit halbautomatischen Maschinen weben, erfordert die Herstellung viel Spezialwissen, Pr\u00e4zision und Handwerkskunst. Nat\u00fcrlich stellen wir unsere Teppiche in Finnland, in S\u00fcd\u00f6sterbotten, her.<\/p>\n\n\n\n<div style=\"height:30px\" aria-hidden=\"true\" class=\"wp-block-spacer\"><\/div>\n\n\n\n<div class=\"wp-block-media-text alignwide is-stacked-on-mobile\"><figure class=\"wp-block-media-text__media\"><img loading=\"lazy\" decoding=\"async\" width=\"1920\" height=\"1920\" src=\"https:\/\/www.viitanordic.com\/lataukset\/Ritirati.jpg\" alt=\"Baumwollteppiche aus Finnland. Skandinavische Flickenteppiche.\" class=\"wp-image-35396 size-full\" srcset=\"https:\/\/www.viitanordic.com\/lataukset\/Ritirati.jpg 1920w, https:\/\/www.viitanordic.com\/lataukset\/Ritirati-432x432.jpg 432w, https:\/\/www.viitanordic.com\/lataukset\/Ritirati-1536x1536.jpg 1536w, https:\/\/www.viitanordic.com\/lataukset\/Ritirati-500x500.jpg 500w, https:\/\/www.viitanordic.com\/lataukset\/Ritirati-768x768.jpg 768w, https:\/\/www.viitanordic.com\/lataukset\/Ritirati-464x464.jpg 464w, https:\/\/www.viitanordic.com\/lataukset\/Ritirati-1440x1440.jpg 1440w, https:\/\/www.viitanordic.com\/lataukset\/Ritirati-100x100.jpg 100w\" sizes=\"auto, (max-width: 1920px) 100vw, 1920px\" \/><\/figure><div class=\"wp-block-media-text__content\">\n<p class=\"has-large-font-size\">Unsere Baumwollteppiche sind von der nordischen Natur inspiriert.<\/p>\n<\/div><\/div>\n\n\n\n<div style=\"height:30px\" aria-hidden=\"true\" class=\"wp-block-spacer\"><\/div>\n\n\n\n<h2 class=\"wp-block-heading\">Flickenteppiche aus 100% Baumwolle<\/h2>\n\n\n\n<p class=\"has-text-align-center\">Verantwortung und Nat\u00fcrlichkeit sind f\u00fcr uns sehr wichtige Werte. Wir stellen Teppiche aus 100 % Baumwollgewebe aus Pakistan her, das in Finnland gef\u00e4rbt wird. Die von uns verwendeten Stoffe sind nach dem \u00d6ko-Tex-Standard getestet worden.<\/p>\n\n\n\n<p class=\"has-text-align-center\">Wir m\u00f6chten, dass unsere Produkte besonders strapazierf\u00e4hig und langlebig sind. Bei richtiger Pflege werden unsere Flickenteppiche aus Baumwollgewebe lange halten und jahrelang Freude bereiten.<\/p>\n\n\n\n<p class=\"has-text-align-center\">Unsere beliebtesten Modelle sind die Teppiche Kev\u00e4t und Ritirati, gewebt im Geiste des traditionellen Flickenteppichs. Das reizvolle und einzigartige Farbspiel dieser Teppiche entsteht, wenn wir die bei der Produktion anfallenden Restst\u00fccke sammeln und verwerten.<\/p>\n\n\n<div class=\"wp-block-image\">\n<figure class=\"aligncenter size-large\"><a href=\"https:\/\/www.viitanordic.com\/de\/product\/baumwollteppiche\/kevaet-2\/\"><img loading=\"lazy\" decoding=\"async\" width=\"2048\" height=\"1370\" src=\"https:\/\/www.viitanordic.com\/lataukset\/Finnish-Rag-Rug12.jpg\" alt=\"Baumwollteppich, Skandinavischer Teppich, Nordischer Teppich aus Finnland, ViitaNordic\" class=\"wp-image-32474\" srcset=\"https:\/\/www.viitanordic.com\/lataukset\/Finnish-Rag-Rug12.jpg 2048w, https:\/\/www.viitanordic.com\/lataukset\/Finnish-Rag-Rug12-464x310.jpg 464w, https:\/\/www.viitanordic.com\/lataukset\/Finnish-Rag-Rug12-1440x963.jpg 1440w, https:\/\/www.viitanordic.com\/lataukset\/Finnish-Rag-Rug12-2000x1338.jpg 2000w, https:\/\/www.viitanordic.com\/lataukset\/Finnish-Rag-Rug12-500x334.jpg 500w, https:\/\/www.viitanordic.com\/lataukset\/Finnish-Rag-Rug12-768x514.jpg 768w\" sizes=\"auto, (max-width: 2048px) 100vw, 2048px\" \/><\/a><figcaption class=\"wp-element-caption\">Baumwollteppich <a href=\"https:\/\/www.viitanordic.com\/de\/product\/baumwollteppiche-aus-finnland-nordische-flickenteppiche\/baumwollteppich-kevaet\/\">Kev\u00e4t<\/a>, Skandinavischer Teppich aus Finnland<\/figcaption><\/figure><\/div>\n\n\n<p class=\"has-text-align-center\">Die Herstellung unserer Baumwollteppiche ist eine komplexe und pr\u00e4zise Arbeit, auf die wir stolz sind. Die Produktion der Teppiche beginnt mit dem F\u00e4rben der Stoffe. Nach dem F\u00e4rben werden genau die richtige L\u00e4nge der Stoffe in einer genau gew\u00e4hlten Farbreihenfolge gen\u00e4ht und zu Rollen gerollt. Diese Rollen werden in Scheiben von Stoffstreifen geschnitten, die wiederum in kleinere Rollen gerollt werden und zum Weben der Teppiche verwendet werden.<\/p>\n\n\n\n<p class=\"has-text-align-center\">Nach dem Weben werden die Teppiche noch fertiggestellt und die Fransen werden sorgf\u00e4ltig geknotet. Schlie\u00dflich werden unsere sch\u00f6nen Finnischen Baumwollteppiche verpackt und verschickt, um eine Vielzahl von Kunden auf der ganzen Welt zu erfreuen.<\/p>\n\n\n\n<div style=\"height:30px\" aria-hidden=\"true\" class=\"wp-block-spacer\"><\/div>\n\n\n<div class=\"wp-block-image prepend-top\">\n<figure class=\"aligncenter size-large is-resized\"><img loading=\"lazy\" decoding=\"async\" width=\"343\" height=\"280\" src=\"https:\/\/www.viitanordic.com\/lataukset\/ico-madeinfinland.png\" alt=\"Made in Finland, Skandinavische Teppiche, Nordische Teppiche aus Finnland, ViitaNordic\" class=\"wp-image-19138\" style=\"width:172px;height:140px\"\/><figcaption class=\"wp-element-caption\"><a href=\"https:\/\/www.viitanordic.com\/de\"><span class=\"has-inline-color has-very-dark-gray-color\">Nordische Teppiche aus Finnland<\/span><\/a><\/figcaption><\/figure><\/div>","protected":false},"excerpt":{"rendered":"<p>Hersteller von Skandinavischen Teppichen Wir sind ViitaNordic, ein Finnischer Hersteller von einzigartigen Baumwollteppichen mit Sitz in S\u00fcd-Ostbottnien. Unsere Leidenschaft ist es, sch\u00f6ne, qualitativ hochwertige und langlebige skandinavische Baumwollteppiche herzustellen. Wir produzieren Teppiche, die zu vielen verschiedenen Stilen und R\u00e4umen passen. Unsere Teppichkollektion ist eine ausgewogene Mischung aus traditionellem nordischen Stil und modernem Design. Wir haben [\u2026] <a href=\"https:\/\/www.viitanordic.com\/de\/uber-uns\/\">\u00bb Lesen Sie mehr<\/a><\/p>\n","protected":false},"author":33,"featured_media":0,"parent":0,"menu_order":0,"comment_status":"closed","ping_status":"closed","template":"","meta":{"_acf_changed":false,"footnotes":""},"class_list":["post-34546","page","type-page","status-publish","hentry"],"acf":[],"yoast_head":"<!-- This site is optimized with the Yoast SEO plugin v25.8 - https:\/\/yoast.com\/wordpress\/plugins\/seo\/ -->\n<title>ViitaNordic - Skandinavische Teppiche - Nordische Teppiche aus Finnland<\/title>\n<meta name=\"description\" content=\"Wir sind ViitaNordic, ein Finnischer Hersteller von einzigartigen Baumwollteppichen und Flickenteppichen. Nat\u00fcrliche skandinavische Teppiche.\" \/>\n<meta name=\"robots\" content=\"index, follow, max-snippet:-1, max-image-preview:large, max-video-preview:-1\" \/>\n<link rel=\"canonical\" href=\"https:\/\/www.viitanordic.com\/de\/uber-uns\/\" \/>\n<meta property=\"og:locale\" content=\"de_DE\" \/>\n<meta property=\"og:type\" content=\"article\" \/>\n<meta property=\"og:title\" content=\"ViitaNordic - Skandinavische Teppiche - Nordische Teppiche aus Finnland\" \/>\n<meta property=\"og:description\" content=\"Wir sind ViitaNordic, ein Finnischer Hersteller von einzigartigen Baumwollteppichen und Flickenteppichen. Nat\u00fcrliche skandinavische Teppiche.\" \/>\n<meta property=\"og:url\" content=\"https:\/\/www.viitanordic.com\/de\/uber-uns\/\" \/>\n<meta property=\"og:site_name\" content=\"Skandinavische Teppiche - Nordische Teppiche aus Finnland \u2013 ViitaNordic\" \/>\n<meta property=\"article:publisher\" content=\"https:\/\/www.facebook.com\/viitanordic\" \/>\n<meta property=\"article:modified_time\" content=\"2025-09-07T14:45:37+00:00\" \/>\n<meta property=\"og:image\" content=\"https:\/\/www.viitanordic.com\/lataukset\/Ritirati.jpg\" \/>\n\t<meta property=\"og:image:width\" content=\"1920\" \/>\n\t<meta property=\"og:image:height\" content=\"1920\" \/>\n\t<meta property=\"og:image:type\" content=\"image\/jpeg\" \/>\n<meta name=\"twitter:label1\" content=\"Est. reading time\" \/>\n\t<meta name=\"twitter:data1\" content=\"3 minutes\" \/>\n<script type=\"application\/ld+json\" class=\"yoast-schema-graph\">{\"@context\":\"https:\/\/schema.org\",\"@graph\":[{\"@type\":\"WebPage\",\"@id\":\"https:\/\/www.viitanordic.com\/de\/uber-uns\/\",\"url\":\"https:\/\/www.viitanordic.com\/de\/uber-uns\/\",\"name\":\"ViitaNordic - Skandinavische Teppiche - Nordische Teppiche aus Finnland\",\"isPartOf\":{\"@id\":\"https:\/\/www.viitanordic.com\/#website\"},\"primaryImageOfPage\":{\"@id\":\"https:\/\/www.viitanordic.com\/de\/uber-uns\/#primaryimage\"},\"image\":{\"@id\":\"https:\/\/www.viitanordic.com\/de\/uber-uns\/#primaryimage\"},\"thumbnailUrl\":\"https:\/\/www.viitanordic.com\/lataukset\/Ritirati.jpg\",\"datePublished\":\"2021-01-25T09:36:46+00:00\",\"dateModified\":\"2025-09-07T14:45:37+00:00\",\"description\":\"Wir sind ViitaNordic, ein Finnischer Hersteller von einzigartigen Baumwollteppichen und Flickenteppichen. Nat\u00fcrliche skandinavische Teppiche.\",\"breadcrumb\":{\"@id\":\"https:\/\/www.viitanordic.com\/de\/uber-uns\/#breadcrumb\"},\"inLanguage\":\"de\",\"potentialAction\":[{\"@type\":\"ReadAction\",\"target\":[\"https:\/\/www.viitanordic.com\/de\/uber-uns\/\"]}]},{\"@type\":\"ImageObject\",\"inLanguage\":\"de\",\"@id\":\"https:\/\/www.viitanordic.com\/de\/uber-uns\/#primaryimage\",\"url\":\"https:\/\/www.viitanordic.com\/lataukset\/Ritirati.jpg\",\"contentUrl\":\"https:\/\/www.viitanordic.com\/lataukset\/Ritirati.jpg\"},{\"@type\":\"BreadcrumbList\",\"@id\":\"https:\/\/www.viitanordic.com\/de\/uber-uns\/#breadcrumb\",\"itemListElement\":[{\"@type\":\"ListItem\",\"position\":1,\"name\":\"Etusivu\",\"item\":\"https:\/\/www.viitanordic.com\/de\/\"},{\"@type\":\"ListItem\",\"position\":2,\"name\":\"ViitaNordic\"}]},{\"@type\":\"WebSite\",\"@id\":\"https:\/\/www.viitanordic.com\/#website\",\"url\":\"https:\/\/www.viitanordic.com\/\",\"name\":\"Scandinavian Rugs - Nordic Rugs - Made in Finland \u2013 ViitaNordic\",\"description\":\"Skandinavische Teppiche - Nordische Teppiche aus Finnland \u2013 ViitaNordic\",\"publisher\":{\"@id\":\"https:\/\/www.viitanordic.com\/#organization\"},\"potentialAction\":[{\"@type\":\"SearchAction\",\"target\":{\"@type\":\"EntryPoint\",\"urlTemplate\":\"https:\/\/www.viitanordic.com\/?s={search_term_string}\"},\"query-input\":{\"@type\":\"PropertyValueSpecification\",\"valueRequired\":true,\"valueName\":\"search_term_string\"}}],\"inLanguage\":\"de\"},{\"@type\":\"Organization\",\"@id\":\"https:\/\/www.viitanordic.com\/#organization\",\"name\":\"ViitaNordic Oy\",\"url\":\"https:\/\/www.viitanordic.com\/\",\"logo\":{\"@type\":\"ImageObject\",\"inLanguage\":\"de\",\"@id\":\"https:\/\/www.viitanordic.com\/#\/schema\/logo\/image\/\",\"url\":\"https:\/\/www.viitanordic.com\/lataukset\/logo-viitanordic.png\",\"contentUrl\":\"https:\/\/www.viitanordic.com\/lataukset\/logo-viitanordic.png\",\"width\":720,\"height\":111,\"caption\":\"ViitaNordic Oy\"},\"image\":{\"@id\":\"https:\/\/www.viitanordic.com\/#\/schema\/logo\/image\/\"},\"sameAs\":[\"https:\/\/www.facebook.com\/viitanordic\",\"https:\/\/fi.pinterest.com\/viitanordic\/\"]}]}<\/script>\n<!-- \/ Yoast SEO plugin. -->","yoast_head_json":{"title":"ViitaNordic - Skandinavische Teppiche - Nordische Teppiche aus Finnland","description":"Wir sind ViitaNordic, ein Finnischer Hersteller von einzigartigen Baumwollteppichen und Flickenteppichen. Nat\u00fcrliche skandinavische Teppiche.","robots":{"index":"index","follow":"follow","max-snippet":"max-snippet:-1","max-image-preview":"max-image-preview:large","max-video-preview":"max-video-preview:-1"},"canonical":"https:\/\/www.viitanordic.com\/de\/uber-uns\/","og_locale":"de_DE","og_type":"article","og_title":"ViitaNordic - Skandinavische Teppiche - Nordische Teppiche aus Finnland","og_description":"Wir sind ViitaNordic, ein Finnischer Hersteller von einzigartigen Baumwollteppichen und Flickenteppichen. Nat\u00fcrliche skandinavische Teppiche.","og_url":"https:\/\/www.viitanordic.com\/de\/uber-uns\/","og_site_name":"Skandinavische Teppiche - Nordische Teppiche aus Finnland \u2013 ViitaNordic","article_publisher":"https:\/\/www.facebook.com\/viitanordic","article_modified_time":"2025-09-07T14:45:37+00:00","og_image":[{"width":1920,"height":1920,"url":"https:\/\/www.viitanordic.com\/lataukset\/Ritirati.jpg","type":"image\/jpeg"}],"twitter_misc":{"Est. reading time":"3 minutes"},"schema":{"@context":"https:\/\/schema.org","@graph":[{"@type":"WebPage","@id":"https:\/\/www.viitanordic.com\/de\/uber-uns\/","url":"https:\/\/www.viitanordic.com\/de\/uber-uns\/","name":"ViitaNordic - Skandinavische Teppiche - Nordische Teppiche aus Finnland","isPartOf":{"@id":"https:\/\/www.viitanordic.com\/#website"},"primaryImageOfPage":{"@id":"https:\/\/www.viitanordic.com\/de\/uber-uns\/#primaryimage"},"image":{"@id":"https:\/\/www.viitanordic.com\/de\/uber-uns\/#primaryimage"},"thumbnailUrl":"https:\/\/www.viitanordic.com\/lataukset\/Ritirati.jpg","datePublished":"2021-01-25T09:36:46+00:00","dateModified":"2025-09-07T14:45:37+00:00","description":"Wir sind ViitaNordic, ein Finnischer Hersteller von einzigartigen Baumwollteppichen und Flickenteppichen. Nat\u00fcrliche skandinavische Teppiche.","breadcrumb":{"@id":"https:\/\/www.viitanordic.com\/de\/uber-uns\/#breadcrumb"},"inLanguage":"de","potentialAction":[{"@type":"ReadAction","target":["https:\/\/www.viitanordic.com\/de\/uber-uns\/"]}]},{"@type":"ImageObject","inLanguage":"de","@id":"https:\/\/www.viitanordic.com\/de\/uber-uns\/#primaryimage","url":"https:\/\/www.viitanordic.com\/lataukset\/Ritirati.jpg","contentUrl":"https:\/\/www.viitanordic.com\/lataukset\/Ritirati.jpg"},{"@type":"BreadcrumbList","@id":"https:\/\/www.viitanordic.com\/de\/uber-uns\/#breadcrumb","itemListElement":[{"@type":"ListItem","position":1,"name":"Etusivu","item":"https:\/\/www.viitanordic.com\/de\/"},{"@type":"ListItem","position":2,"name":"ViitaNordic"}]},{"@type":"WebSite","@id":"https:\/\/www.viitanordic.com\/#website","url":"https:\/\/www.viitanordic.com\/","name":"Scandinavian Rugs - Nordic Rugs - Made in Finland \u2013 ViitaNordic","description":"Skandinavische Teppiche - Nordische Teppiche aus Finnland \u2013 ViitaNordic","publisher":{"@id":"https:\/\/www.viitanordic.com\/#organization"},"potentialAction":[{"@type":"SearchAction","target":{"@type":"EntryPoint","urlTemplate":"https:\/\/www.viitanordic.com\/?s={search_term_string}"},"query-input":{"@type":"PropertyValueSpecification","valueRequired":true,"valueName":"search_term_string"}}],"inLanguage":"de"},{"@type":"Organization","@id":"https:\/\/www.viitanordic.com\/#organization","name":"ViitaNordic Oy","url":"https:\/\/www.viitanordic.com\/","logo":{"@type":"ImageObject","inLanguage":"de","@id":"https:\/\/www.viitanordic.com\/#\/schema\/logo\/image\/","url":"https:\/\/www.viitanordic.com\/lataukset\/logo-viitanordic.png","contentUrl":"https:\/\/www.viitanordic.com\/lataukset\/logo-viitanordic.png","width":720,"height":111,"caption":"ViitaNordic Oy"},"image":{"@id":"https:\/\/www.viitanordic.com\/#\/schema\/logo\/image\/"},"sameAs":["https:\/\/www.facebook.com\/viitanordic","https:\/\/fi.pinterest.com\/viitanordic\/"]}]}},"_links":{"self":[{"href":"https:\/\/www.viitanordic.com\/de\/wp-json\/wp\/v2\/pages\/34546","targetHints":{"allow":["GET"]}}],"collection":[{"href":"https:\/\/www.viitanordic.com\/de\/wp-json\/wp\/v2\/pages"}],"about":[{"href":"https:\/\/www.viitanordic.com\/de\/wp-json\/wp\/v2\/types\/page"}],"author":[{"embeddable":true,"href":"https:\/\/www.viitanordic.com\/de\/wp-json\/wp\/v2\/users\/33"}],"replies":[{"embeddable":true,"href":"https:\/\/www.viitanordic.com\/de\/wp-json\/wp\/v2\/comments?post=34546"}],"version-history":[{"count":4,"href":"https:\/\/www.viitanordic.com\/de\/wp-json\/wp\/v2\/pages\/34546\/revisions"}],"predecessor-version":[{"id":45430,"href":"https:\/\/www.viitanordic.com\/de\/wp-json\/wp\/v2\/pages\/34546\/revisions\/45430"}],"wp:attachment":[{"href":"https:\/\/www.viitanordic.com\/de\/wp-json\/wp\/v2\/media?parent=34546"}],"curies":[{"name":"wp","href":"https:\/\/api.w.org\/{rel}","templated":true}]}}