{"id":466,"date":"2012-11-23T06:55:25","date_gmt":"2012-11-23T06:55:25","guid":{"rendered":"http:\/\/www.viitanordic.com\/dev\/faq\/?lang=de"},"modified":"2021-08-28T16:55:02","modified_gmt":"2021-08-28T13:55:02","slug":"impressum","status":"publish","type":"page","link":"https:\/\/www.viitanordic.com\/de\/impressum\/","title":{"rendered":"Impressum"},"content":{"rendered":"<p><strong>ViitaNordic Oy <\/strong><strong><br \/>\n<\/strong>Ylirannantie 97<br \/>\n62630 Karvala<br \/>\nFinnland<\/p>\n<p><strong>Tel.:<\/strong> +358447776981<\/p>\n<p><strong>E-Mail:<\/strong> <a href=\"mailto:info@viitanordic.fi\">info@viitanordic.com<\/a><\/p>\n<p><strong>Registergericht:<\/strong> Amtsgericht Helsinki<\/p>\n<p><strong>Registernummer:<\/strong> 2710950-8<\/p>\n<p><strong>Vertretungsberechtigter Vorstand:<\/strong> Fabian Baumberger, Elisabet Baumberger<\/p>\n<p><strong>Aufsichtsratsvorsitzender:<\/strong> Fabian Baumberger<\/p>\n<p><strong>Umsatzsteuer-Identifikationsnummer:<\/strong> FI27109508<\/p>\n<p>&nbsp;<\/p>\n<p>Online-Streitbeilegung gem\u00e4\u00df Art. 14 Abs. 1 ODR-VO: Die Europ\u00e4ische Kommission stellt eine Plattform zur Online-Streitbeilegung (OS) bereit, die Sie hier finden <a href=\"https:\/\/webgate.ec.europa.eu\/odr\/\" target=\"_blank\" rel=\"noopener noreferrer\">https:\/\/webgate.ec.europa.eu\/odr\/<\/a>.<\/p>\n","protected":false},"excerpt":{"rendered":"<p>ViitaNordic Oy Ylirannantie 97 62630 Karvala Finnland Tel.: +358447776981 E-Mail: info@viitanordic.com Registergericht: Amtsgericht Helsinki Registernummer: 2710950-8 Vertretungsberechtigter Vorstand: Fabian Baumberger, Elisabet Baumberger Aufsichtsratsvorsitzender: Fabian Baumberger Umsatzsteuer-Identifikationsnummer: FI27109508 &nbsp; Online-Streitbeilegung gem\u00e4\u00df Art. 14 Abs. 1 ODR-VO: Die Europ\u00e4ische Kommission stellt eine Plattform zur Online-Streitbeilegung (OS) bereit, die Sie hier finden https:\/\/webgate.ec.europa.eu\/odr\/.<\/p>\n","protected":false},"author":9,"featured_media":0,"parent":0,"menu_order":0,"comment_status":"closed","ping_status":"closed","template":"","meta":{"_acf_changed":false,"footnotes":""},"class_list":["post-466","page","type-page","status-publish","hentry"],"acf":[],"yoast_head":"<!-- This site is optimized with the Yoast SEO plugin v25.8 - https:\/\/yoast.com\/wordpress\/plugins\/seo\/ -->\n<title>Impressum - Skandinavische Teppiche - Nordische Teppiche aus Finnland \u2013 ViitaNordic - Nordische Teppiche aus Finnland<\/title>\n<meta name=\"description\" content=\"Wundersch\u00f6ne Finnische Design Teppiche und Bodenkissen! Entdecke den beliebten nordischen Style! Verf\u00fcgbar in unserem Webshop. Impressum.\" \/>\n<meta name=\"robots\" content=\"index, follow, max-snippet:-1, max-image-preview:large, max-video-preview:-1\" \/>\n<link rel=\"canonical\" href=\"https:\/\/www.viitanordic.com\/de\/impressum\/\" \/>\n<meta property=\"og:locale\" content=\"de_DE\" \/>\n<meta property=\"og:type\" content=\"article\" \/>\n<meta property=\"og:title\" content=\"Impressum - Skandinavische Teppiche - Nordische Teppiche aus Finnland \u2013 ViitaNordic - Nordische Teppiche aus Finnland\" \/>\n<meta property=\"og:description\" content=\"Wundersch\u00f6ne Finnische Design Teppiche und Bodenkissen! Entdecke den beliebten nordischen Style! Verf\u00fcgbar in unserem Webshop. Impressum.\" \/>\n<meta property=\"og:url\" content=\"https:\/\/www.viitanordic.com\/de\/impressum\/\" \/>\n<meta property=\"og:site_name\" content=\"Skandinavische Teppiche - Nordische Teppiche aus Finnland \u2013 ViitaNordic\" \/>\n<meta property=\"article:publisher\" content=\"https:\/\/www.facebook.com\/viitanordic\" \/>\n<meta property=\"article:modified_time\" content=\"2021-08-28T13:55:02+00:00\" \/>\n<script type=\"application\/ld+json\" class=\"yoast-schema-graph\">{\"@context\":\"https:\/\/schema.org\",\"@graph\":[{\"@type\":\"WebPage\",\"@id\":\"https:\/\/www.viitanordic.com\/de\/impressum\/\",\"url\":\"https:\/\/www.viitanordic.com\/de\/impressum\/\",\"name\":\"Impressum - Skandinavische Teppiche - Nordische Teppiche aus Finnland \u2013 ViitaNordic - Nordische Teppiche aus Finnland\",\"isPartOf\":{\"@id\":\"https:\/\/www.viitanordic.com\/#website\"},\"datePublished\":\"2012-11-23T06:55:25+00:00\",\"dateModified\":\"2021-08-28T13:55:02+00:00\",\"description\":\"Wundersch\u00f6ne Finnische Design Teppiche und Bodenkissen! Entdecke den beliebten nordischen Style! Verf\u00fcgbar in unserem Webshop. Impressum.\",\"breadcrumb\":{\"@id\":\"https:\/\/www.viitanordic.com\/de\/impressum\/#breadcrumb\"},\"inLanguage\":\"de\",\"potentialAction\":[{\"@type\":\"ReadAction\",\"target\":[\"https:\/\/www.viitanordic.com\/de\/impressum\/\"]}]},{\"@type\":\"BreadcrumbList\",\"@id\":\"https:\/\/www.viitanordic.com\/de\/impressum\/#breadcrumb\",\"itemListElement\":[{\"@type\":\"ListItem\",\"position\":1,\"name\":\"Etusivu\",\"item\":\"https:\/\/www.viitanordic.com\/de\/\"},{\"@type\":\"ListItem\",\"position\":2,\"name\":\"Impressum\"}]},{\"@type\":\"WebSite\",\"@id\":\"https:\/\/www.viitanordic.com\/#website\",\"url\":\"https:\/\/www.viitanordic.com\/\",\"name\":\"Scandinavian Rugs - Nordic Rugs - Made in Finland \u2013 ViitaNordic\",\"description\":\"Skandinavische Teppiche - Nordische Teppiche aus Finnland \u2013 ViitaNordic\",\"publisher\":{\"@id\":\"https:\/\/www.viitanordic.com\/#organization\"},\"potentialAction\":[{\"@type\":\"SearchAction\",\"target\":{\"@type\":\"EntryPoint\",\"urlTemplate\":\"https:\/\/www.viitanordic.com\/?s={search_term_string}\"},\"query-input\":{\"@type\":\"PropertyValueSpecification\",\"valueRequired\":true,\"valueName\":\"search_term_string\"}}],\"inLanguage\":\"de\"},{\"@type\":\"Organization\",\"@id\":\"https:\/\/www.viitanordic.com\/#organization\",\"name\":\"ViitaNordic Oy\",\"url\":\"https:\/\/www.viitanordic.com\/\",\"logo\":{\"@type\":\"ImageObject\",\"inLanguage\":\"de\",\"@id\":\"https:\/\/www.viitanordic.com\/#\/schema\/logo\/image\/\",\"url\":\"https:\/\/www.viitanordic.com\/lataukset\/logo-viitanordic.png\",\"contentUrl\":\"https:\/\/www.viitanordic.com\/lataukset\/logo-viitanordic.png\",\"width\":720,\"height\":111,\"caption\":\"ViitaNordic Oy\"},\"image\":{\"@id\":\"https:\/\/www.viitanordic.com\/#\/schema\/logo\/image\/\"},\"sameAs\":[\"https:\/\/www.facebook.com\/viitanordic\",\"https:\/\/fi.pinterest.com\/viitanordic\/\"]}]}<\/script>\n<!-- \/ Yoast SEO plugin. -->","yoast_head_json":{"title":"Impressum - Skandinavische Teppiche - Nordische Teppiche aus Finnland \u2013 ViitaNordic - Nordische Teppiche aus Finnland","description":"Wundersch\u00f6ne Finnische Design Teppiche und Bodenkissen! Entdecke den beliebten nordischen Style! Verf\u00fcgbar in unserem Webshop. Impressum.","robots":{"index":"index","follow":"follow","max-snippet":"max-snippet:-1","max-image-preview":"max-image-preview:large","max-video-preview":"max-video-preview:-1"},"canonical":"https:\/\/www.viitanordic.com\/de\/impressum\/","og_locale":"de_DE","og_type":"article","og_title":"Impressum - Skandinavische Teppiche - Nordische Teppiche aus Finnland \u2013 ViitaNordic - Nordische Teppiche aus Finnland","og_description":"Wundersch\u00f6ne Finnische Design Teppiche und Bodenkissen! Entdecke den beliebten nordischen Style! Verf\u00fcgbar in unserem Webshop. Impressum.","og_url":"https:\/\/www.viitanordic.com\/de\/impressum\/","og_site_name":"Skandinavische Teppiche - Nordische Teppiche aus Finnland \u2013 ViitaNordic","article_publisher":"https:\/\/www.facebook.com\/viitanordic","article_modified_time":"2021-08-28T13:55:02+00:00","schema":{"@context":"https:\/\/schema.org","@graph":[{"@type":"WebPage","@id":"https:\/\/www.viitanordic.com\/de\/impressum\/","url":"https:\/\/www.viitanordic.com\/de\/impressum\/","name":"Impressum - Skandinavische Teppiche - Nordische Teppiche aus Finnland \u2013 ViitaNordic - Nordische Teppiche aus Finnland","isPartOf":{"@id":"https:\/\/www.viitanordic.com\/#website"},"datePublished":"2012-11-23T06:55:25+00:00","dateModified":"2021-08-28T13:55:02+00:00","description":"Wundersch\u00f6ne Finnische Design Teppiche und Bodenkissen! Entdecke den beliebten nordischen Style! Verf\u00fcgbar in unserem Webshop. Impressum.","breadcrumb":{"@id":"https:\/\/www.viitanordic.com\/de\/impressum\/#breadcrumb"},"inLanguage":"de","potentialAction":[{"@type":"ReadAction","target":["https:\/\/www.viitanordic.com\/de\/impressum\/"]}]},{"@type":"BreadcrumbList","@id":"https:\/\/www.viitanordic.com\/de\/impressum\/#breadcrumb","itemListElement":[{"@type":"ListItem","position":1,"name":"Etusivu","item":"https:\/\/www.viitanordic.com\/de\/"},{"@type":"ListItem","position":2,"name":"Impressum"}]},{"@type":"WebSite","@id":"https:\/\/www.viitanordic.com\/#website","url":"https:\/\/www.viitanordic.com\/","name":"Scandinavian Rugs - Nordic Rugs - Made in Finland \u2013 ViitaNordic","description":"Skandinavische Teppiche - Nordische Teppiche aus Finnland \u2013 ViitaNordic","publisher":{"@id":"https:\/\/www.viitanordic.com\/#organization"},"potentialAction":[{"@type":"SearchAction","target":{"@type":"EntryPoint","urlTemplate":"https:\/\/www.viitanordic.com\/?s={search_term_string}"},"query-input":{"@type":"PropertyValueSpecification","valueRequired":true,"valueName":"search_term_string"}}],"inLanguage":"de"},{"@type":"Organization","@id":"https:\/\/www.viitanordic.com\/#organization","name":"ViitaNordic Oy","url":"https:\/\/www.viitanordic.com\/","logo":{"@type":"ImageObject","inLanguage":"de","@id":"https:\/\/www.viitanordic.com\/#\/schema\/logo\/image\/","url":"https:\/\/www.viitanordic.com\/lataukset\/logo-viitanordic.png","contentUrl":"https:\/\/www.viitanordic.com\/lataukset\/logo-viitanordic.png","width":720,"height":111,"caption":"ViitaNordic Oy"},"image":{"@id":"https:\/\/www.viitanordic.com\/#\/schema\/logo\/image\/"},"sameAs":["https:\/\/www.facebook.com\/viitanordic","https:\/\/fi.pinterest.com\/viitanordic\/"]}]}},"_links":{"self":[{"href":"https:\/\/www.viitanordic.com\/de\/wp-json\/wp\/v2\/pages\/466","targetHints":{"allow":["GET"]}}],"collection":[{"href":"https:\/\/www.viitanordic.com\/de\/wp-json\/wp\/v2\/pages"}],"about":[{"href":"https:\/\/www.viitanordic.com\/de\/wp-json\/wp\/v2\/types\/page"}],"author":[{"embeddable":true,"href":"https:\/\/www.viitanordic.com\/de\/wp-json\/wp\/v2\/users\/9"}],"replies":[{"embeddable":true,"href":"https:\/\/www.viitanordic.com\/de\/wp-json\/wp\/v2\/comments?post=466"}],"version-history":[{"count":0,"href":"https:\/\/www.viitanordic.com\/de\/wp-json\/wp\/v2\/pages\/466\/revisions"}],"wp:attachment":[{"href":"https:\/\/www.viitanordic.com\/de\/wp-json\/wp\/v2\/media?parent=466"}],"curies":[{"name":"wp","href":"https:\/\/api.w.org\/{rel}","templated":true}]}}