{"id":10906,"date":"2016-01-23T23:42:34","date_gmt":"2016-01-23T21:42:34","guid":{"rendered":"http:\/\/www.viitanordic.com\/dev\/product\/teppiche-de\/karhuntassu\/?lang=de"},"modified":"2023-01-08T14:16:46","modified_gmt":"2023-01-08T12:16:46","slug":"karhuntassu","status":"publish","type":"product","link":"https:\/\/www.viitanordic.com\/de\/product\/lustige-skandinavische-kinderteppiche-aus-finnland\/karhuntassu\/","title":{"rendered":"Karhuntassu"},"content":{"rendered":"<p>Die finnische Wildnis im Kinderzimmer. Auf diesem Teppich sieht man die Spuren des finnischen B\u00e4rs. Karhuntassu\u00a0ist ein weicher dichter Teppich, ideal f\u00fcrs Kinderzimmer.<\/p>\n<p><strong>Marke:<\/strong> VM-Carpet<\/p>\n<p><strong>Material:<\/strong> 100% Polypropylen<\/p>\n<p><strong>Herstellungsort:<\/strong> EU; Spuren und R\u00fcckseite in Finnland hergestellt<\/p>\n<p><strong>Herstellungsart:<\/strong> Getuftet<\/p>\n<p><strong>R\u00fcckseite:<\/strong> Die rutschfeste R\u00fcckseite des Teppichs besteht aus hochqualitativem rezyklierbarem Kunststoff. Sie macht den Teppich stabiler und passt auch f\u00fcr B\u00f6den mit Heizung. Die R\u00fcckseite ist geruchlos, hinterl\u00e4sst keine Flecken und erzeugt keinen Staub.<\/p>\n<p><strong>Pflege: <\/strong>Regelm\u00e4ssiges Staubsaugen. Der Schmutz sollte mit einem feuchten Putztuch sofort entfernt werden. Aber nicht reiben sondern abtupfen.<\/p>\n<p><strong>Reinigung: <\/strong>Sorgf\u00e4ltig mit Wasser (max. +30\u00baC) und milden Reinigungsmittel und weicher B\u00fcrste waschen. Der Teppich nicht ins Wasser eintauchen und auch nicht reiben. Mit viel Wasser absp\u00fclen. Das restliche Wasser mit einem Teppichroller aus dem Teppich rauspressen. Den feuchten Teppich wieder vorsichtig formen und flach auf dem Boden trocknen lassen. Der Teppich darf nicht zusammengelegt werden. Eine professionelle Reinigung wird empfohlen.<\/p>\n","protected":false},"excerpt":{"rendered":"<p>Die finnische Wildnis im Kinderzimmer. Auf diesem Teppich sieht man die Spuren des finnischen B\u00e4rs. Karhuntassu\u00a0ist ein weicher dichter Teppich, ideal f\u00fcrs Kinderzimmer. Marke: VM-Carpet Material: 100% Polypropylen Herstellungsort: EU; Spuren und R\u00fcckseite in Finnland hergestellt Herstellungsart: Getuftet R\u00fcckseite: Die rutschfeste R\u00fcckseite des Teppichs besteht aus hochqualitativem rezyklierbarem Kunststoff. Sie macht den Teppich stabiler und [\u2026] <a href=\"https:\/\/www.viitanordic.com\/de\/product\/lustige-skandinavische-kinderteppiche-aus-finnland\/karhuntassu\/\">\u00bb Lesen Sie mehr<\/a><\/p>\n","protected":false},"featured_media":30114,"template":"","meta":{"_acf_changed":false},"product_brand":[],"product_cat":[43],"product_tag":[],"class_list":{"0":"post-10906","1":"product","2":"type-product","3":"status-publish","4":"has-post-thumbnail","6":"product_cat-lustige-skandinavische-kinderteppiche-aus-finnland","8":"first","9":"instock","10":"taxable","11":"shipping-taxable","12":"purchasable","13":"product-type-variable","14":"has-default-attributes"},"acf":[],"yoast_head":"<!-- This site is optimized with the Yoast SEO plugin v25.8 - https:\/\/yoast.com\/wordpress\/plugins\/seo\/ -->\n<title>Karhuntassu - Skandinavische Teppiche - Nordische Teppiche aus Finnland \u2013 ViitaNordic<\/title>\n<meta name=\"description\" content=\"Karhuntassu ist ein weicher dichter Teppich, ideal f\u00fcrs Kinderzimmer. Erh\u00e4ltlich in verschiedenen Farben und Gr\u00f6ssen. In Finnland hergestellt.\" \/>\n<meta name=\"robots\" content=\"index, follow, max-snippet:-1, max-image-preview:large, max-video-preview:-1\" \/>\n<link rel=\"canonical\" href=\"https:\/\/www.viitanordic.com\/de\/product\/lustige-skandinavische-kinderteppiche-aus-finnland\/karhuntassu\/\" \/>\n<meta property=\"og:locale\" content=\"de_DE\" \/>\n<meta property=\"og:type\" content=\"article\" \/>\n<meta property=\"og:title\" content=\"Karhuntassu - Skandinavische Teppiche - Nordische Teppiche aus Finnland \u2013 ViitaNordic\" \/>\n<meta property=\"og:description\" content=\"Karhuntassu ist ein weicher dichter Teppich, ideal f\u00fcrs Kinderzimmer. Erh\u00e4ltlich in verschiedenen Farben und Gr\u00f6ssen. In Finnland hergestellt.\" \/>\n<meta property=\"og:url\" content=\"https:\/\/www.viitanordic.com\/de\/product\/lustige-skandinavische-kinderteppiche-aus-finnland\/karhuntassu\/\" \/>\n<meta property=\"og:site_name\" content=\"Skandinavische Teppiche - Nordische Teppiche aus Finnland \u2013 ViitaNordic\" \/>\n<meta property=\"article:publisher\" content=\"https:\/\/www.facebook.com\/viitanordic\" \/>\n<meta property=\"article:modified_time\" content=\"2023-01-08T12:16:46+00:00\" \/>\n<meta property=\"og:image\" content=\"https:\/\/www.viitanordic.com\/lataukset\/Karhuntassu-5-1.jpg\" \/>\n\t<meta property=\"og:image:width\" content=\"2048\" \/>\n\t<meta property=\"og:image:height\" content=\"1366\" \/>\n\t<meta property=\"og:image:type\" content=\"image\/jpeg\" \/>\n<meta name=\"twitter:label1\" content=\"Est. reading time\" \/>\n\t<meta name=\"twitter:data1\" content=\"1 minute\" \/>\n<script type=\"application\/ld+json\" class=\"yoast-schema-graph\">{\"@context\":\"https:\/\/schema.org\",\"@graph\":[{\"@type\":\"WebPage\",\"@id\":\"https:\/\/www.viitanordic.com\/de\/product\/lustige-skandinavische-kinderteppiche-aus-finnland\/karhuntassu\/\",\"url\":\"https:\/\/www.viitanordic.com\/de\/product\/lustige-skandinavische-kinderteppiche-aus-finnland\/karhuntassu\/\",\"name\":\"Karhuntassu - Skandinavische Teppiche - Nordische Teppiche aus Finnland \u2013 ViitaNordic\",\"isPartOf\":{\"@id\":\"https:\/\/www.viitanordic.com\/#website\"},\"primaryImageOfPage\":{\"@id\":\"https:\/\/www.viitanordic.com\/de\/product\/lustige-skandinavische-kinderteppiche-aus-finnland\/karhuntassu\/#primaryimage\"},\"image\":{\"@id\":\"https:\/\/www.viitanordic.com\/de\/product\/lustige-skandinavische-kinderteppiche-aus-finnland\/karhuntassu\/#primaryimage\"},\"thumbnailUrl\":\"https:\/\/www.viitanordic.com\/lataukset\/Karhuntassu-5-1.jpg\",\"datePublished\":\"2016-01-23T21:42:34+00:00\",\"dateModified\":\"2023-01-08T12:16:46+00:00\",\"description\":\"Karhuntassu ist ein weicher dichter Teppich, ideal f\u00fcrs Kinderzimmer. Erh\u00e4ltlich in verschiedenen Farben und Gr\u00f6ssen. In Finnland hergestellt.\",\"breadcrumb\":{\"@id\":\"https:\/\/www.viitanordic.com\/de\/product\/lustige-skandinavische-kinderteppiche-aus-finnland\/karhuntassu\/#breadcrumb\"},\"inLanguage\":\"de\",\"potentialAction\":[{\"@type\":\"ReadAction\",\"target\":[\"https:\/\/www.viitanordic.com\/de\/product\/lustige-skandinavische-kinderteppiche-aus-finnland\/karhuntassu\/\"]}]},{\"@type\":\"ImageObject\",\"inLanguage\":\"de\",\"@id\":\"https:\/\/www.viitanordic.com\/de\/product\/lustige-skandinavische-kinderteppiche-aus-finnland\/karhuntassu\/#primaryimage\",\"url\":\"https:\/\/www.viitanordic.com\/lataukset\/Karhuntassu-5-1.jpg\",\"contentUrl\":\"https:\/\/www.viitanordic.com\/lataukset\/Karhuntassu-5-1.jpg\",\"width\":2048,\"height\":1366,\"caption\":\"Kinderteppich B\u00e4r\"},{\"@type\":\"BreadcrumbList\",\"@id\":\"https:\/\/www.viitanordic.com\/de\/product\/lustige-skandinavische-kinderteppiche-aus-finnland\/karhuntassu\/#breadcrumb\",\"itemListElement\":[{\"@type\":\"ListItem\",\"position\":1,\"name\":\"Etusivu\",\"item\":\"https:\/\/www.viitanordic.com\/de\/\"},{\"@type\":\"ListItem\",\"position\":2,\"name\":\"Skandinavische Teppiche &#8211; Nordische Teppiche\",\"item\":\"https:\/\/www.viitanordic.com\/de\/\"},{\"@type\":\"ListItem\",\"position\":3,\"name\":\"Karhuntassu\"}]},{\"@type\":\"WebSite\",\"@id\":\"https:\/\/www.viitanordic.com\/#website\",\"url\":\"https:\/\/www.viitanordic.com\/\",\"name\":\"Scandinavian Rugs - Nordic Rugs - Made in Finland \u2013 ViitaNordic\",\"description\":\"Skandinavische Teppiche - Nordische Teppiche aus Finnland \u2013 ViitaNordic\",\"publisher\":{\"@id\":\"https:\/\/www.viitanordic.com\/#organization\"},\"potentialAction\":[{\"@type\":\"SearchAction\",\"target\":{\"@type\":\"EntryPoint\",\"urlTemplate\":\"https:\/\/www.viitanordic.com\/?s={search_term_string}\"},\"query-input\":{\"@type\":\"PropertyValueSpecification\",\"valueRequired\":true,\"valueName\":\"search_term_string\"}}],\"inLanguage\":\"de\"},{\"@type\":\"Organization\",\"@id\":\"https:\/\/www.viitanordic.com\/#organization\",\"name\":\"ViitaNordic Oy\",\"url\":\"https:\/\/www.viitanordic.com\/\",\"logo\":{\"@type\":\"ImageObject\",\"inLanguage\":\"de\",\"@id\":\"https:\/\/www.viitanordic.com\/#\/schema\/logo\/image\/\",\"url\":\"https:\/\/www.viitanordic.com\/lataukset\/logo-viitanordic.png\",\"contentUrl\":\"https:\/\/www.viitanordic.com\/lataukset\/logo-viitanordic.png\",\"width\":720,\"height\":111,\"caption\":\"ViitaNordic Oy\"},\"image\":{\"@id\":\"https:\/\/www.viitanordic.com\/#\/schema\/logo\/image\/\"},\"sameAs\":[\"https:\/\/www.facebook.com\/viitanordic\",\"https:\/\/fi.pinterest.com\/viitanordic\/\"]}]}<\/script>\n<!-- \/ Yoast SEO plugin. -->","yoast_head_json":{"title":"Karhuntassu - Skandinavische Teppiche - Nordische Teppiche aus Finnland \u2013 ViitaNordic","description":"Karhuntassu ist ein weicher dichter Teppich, ideal f\u00fcrs Kinderzimmer. Erh\u00e4ltlich in verschiedenen Farben und Gr\u00f6ssen. In Finnland hergestellt.","robots":{"index":"index","follow":"follow","max-snippet":"max-snippet:-1","max-image-preview":"max-image-preview:large","max-video-preview":"max-video-preview:-1"},"canonical":"https:\/\/www.viitanordic.com\/de\/product\/lustige-skandinavische-kinderteppiche-aus-finnland\/karhuntassu\/","og_locale":"de_DE","og_type":"article","og_title":"Karhuntassu - Skandinavische Teppiche - Nordische Teppiche aus Finnland \u2013 ViitaNordic","og_description":"Karhuntassu ist ein weicher dichter Teppich, ideal f\u00fcrs Kinderzimmer. Erh\u00e4ltlich in verschiedenen Farben und Gr\u00f6ssen. In Finnland hergestellt.","og_url":"https:\/\/www.viitanordic.com\/de\/product\/lustige-skandinavische-kinderteppiche-aus-finnland\/karhuntassu\/","og_site_name":"Skandinavische Teppiche - Nordische Teppiche aus Finnland \u2013 ViitaNordic","article_publisher":"https:\/\/www.facebook.com\/viitanordic","article_modified_time":"2023-01-08T12:16:46+00:00","og_image":[{"width":2048,"height":1366,"url":"https:\/\/www.viitanordic.com\/lataukset\/Karhuntassu-5-1.jpg","type":"image\/jpeg"}],"twitter_misc":{"Est. reading time":"1 minute"},"schema":{"@context":"https:\/\/schema.org","@graph":[{"@type":"WebPage","@id":"https:\/\/www.viitanordic.com\/de\/product\/lustige-skandinavische-kinderteppiche-aus-finnland\/karhuntassu\/","url":"https:\/\/www.viitanordic.com\/de\/product\/lustige-skandinavische-kinderteppiche-aus-finnland\/karhuntassu\/","name":"Karhuntassu - Skandinavische Teppiche - Nordische Teppiche aus Finnland \u2013 ViitaNordic","isPartOf":{"@id":"https:\/\/www.viitanordic.com\/#website"},"primaryImageOfPage":{"@id":"https:\/\/www.viitanordic.com\/de\/product\/lustige-skandinavische-kinderteppiche-aus-finnland\/karhuntassu\/#primaryimage"},"image":{"@id":"https:\/\/www.viitanordic.com\/de\/product\/lustige-skandinavische-kinderteppiche-aus-finnland\/karhuntassu\/#primaryimage"},"thumbnailUrl":"https:\/\/www.viitanordic.com\/lataukset\/Karhuntassu-5-1.jpg","datePublished":"2016-01-23T21:42:34+00:00","dateModified":"2023-01-08T12:16:46+00:00","description":"Karhuntassu ist ein weicher dichter Teppich, ideal f\u00fcrs Kinderzimmer. Erh\u00e4ltlich in verschiedenen Farben und Gr\u00f6ssen. In Finnland hergestellt.","breadcrumb":{"@id":"https:\/\/www.viitanordic.com\/de\/product\/lustige-skandinavische-kinderteppiche-aus-finnland\/karhuntassu\/#breadcrumb"},"inLanguage":"de","potentialAction":[{"@type":"ReadAction","target":["https:\/\/www.viitanordic.com\/de\/product\/lustige-skandinavische-kinderteppiche-aus-finnland\/karhuntassu\/"]}]},{"@type":"ImageObject","inLanguage":"de","@id":"https:\/\/www.viitanordic.com\/de\/product\/lustige-skandinavische-kinderteppiche-aus-finnland\/karhuntassu\/#primaryimage","url":"https:\/\/www.viitanordic.com\/lataukset\/Karhuntassu-5-1.jpg","contentUrl":"https:\/\/www.viitanordic.com\/lataukset\/Karhuntassu-5-1.jpg","width":2048,"height":1366,"caption":"Kinderteppich B\u00e4r"},{"@type":"BreadcrumbList","@id":"https:\/\/www.viitanordic.com\/de\/product\/lustige-skandinavische-kinderteppiche-aus-finnland\/karhuntassu\/#breadcrumb","itemListElement":[{"@type":"ListItem","position":1,"name":"Etusivu","item":"https:\/\/www.viitanordic.com\/de\/"},{"@type":"ListItem","position":2,"name":"Skandinavische Teppiche &#8211; Nordische Teppiche","item":"https:\/\/www.viitanordic.com\/de\/"},{"@type":"ListItem","position":3,"name":"Karhuntassu"}]},{"@type":"WebSite","@id":"https:\/\/www.viitanordic.com\/#website","url":"https:\/\/www.viitanordic.com\/","name":"Scandinavian Rugs - Nordic Rugs - Made in Finland \u2013 ViitaNordic","description":"Skandinavische Teppiche - Nordische Teppiche aus Finnland \u2013 ViitaNordic","publisher":{"@id":"https:\/\/www.viitanordic.com\/#organization"},"potentialAction":[{"@type":"SearchAction","target":{"@type":"EntryPoint","urlTemplate":"https:\/\/www.viitanordic.com\/?s={search_term_string}"},"query-input":{"@type":"PropertyValueSpecification","valueRequired":true,"valueName":"search_term_string"}}],"inLanguage":"de"},{"@type":"Organization","@id":"https:\/\/www.viitanordic.com\/#organization","name":"ViitaNordic Oy","url":"https:\/\/www.viitanordic.com\/","logo":{"@type":"ImageObject","inLanguage":"de","@id":"https:\/\/www.viitanordic.com\/#\/schema\/logo\/image\/","url":"https:\/\/www.viitanordic.com\/lataukset\/logo-viitanordic.png","contentUrl":"https:\/\/www.viitanordic.com\/lataukset\/logo-viitanordic.png","width":720,"height":111,"caption":"ViitaNordic Oy"},"image":{"@id":"https:\/\/www.viitanordic.com\/#\/schema\/logo\/image\/"},"sameAs":["https:\/\/www.facebook.com\/viitanordic","https:\/\/fi.pinterest.com\/viitanordic\/"]}]}},"_links":{"self":[{"href":"https:\/\/www.viitanordic.com\/de\/wp-json\/wp\/v2\/product\/10906","targetHints":{"allow":["GET"]}}],"collection":[{"href":"https:\/\/www.viitanordic.com\/de\/wp-json\/wp\/v2\/product"}],"about":[{"href":"https:\/\/www.viitanordic.com\/de\/wp-json\/wp\/v2\/types\/product"}],"wp:featuredmedia":[{"embeddable":true,"href":"https:\/\/www.viitanordic.com\/de\/wp-json\/wp\/v2\/media\/30114"}],"wp:attachment":[{"href":"https:\/\/www.viitanordic.com\/de\/wp-json\/wp\/v2\/media?parent=10906"}],"wp:term":[{"taxonomy":"product_brand","embeddable":true,"href":"https:\/\/www.viitanordic.com\/de\/wp-json\/wp\/v2\/product_brand?post=10906"},{"taxonomy":"product_cat","embeddable":true,"href":"https:\/\/www.viitanordic.com\/de\/wp-json\/wp\/v2\/product_cat?post=10906"},{"taxonomy":"product_tag","embeddable":true,"href":"https:\/\/www.viitanordic.com\/de\/wp-json\/wp\/v2\/product_tag?post=10906"}],"curies":[{"name":"wp","href":"https:\/\/api.w.org\/{rel}","templated":true}]}}