{"id":21353,"date":"2017-01-26T18:02:51","date_gmt":"2017-01-26T16:02:52","guid":{"rendered":"https:\/\/www.viitanordic.com\/de\/product\/teppiche-de\/kinos-9\/"},"modified":"2024-03-16T21:49:21","modified_gmt":"2024-03-16T19:49:21","slug":"teppich-kinos-weiss","status":"publish","type":"product","link":"https:\/\/www.viitanordic.com\/de\/product\/nordische-wollteppiche-skandinavische-teppiche-aus-wolle\/teppich-kinos-weiss\/","title":{"rendered":"Teppich Kinos"},"content":{"rendered":"<p>Die verschiedenen Wellen, die auf dem Teppich spielen, kreieren einen drei Dimensional Eindruck. Kinos ist Schmutzresistent und die R\u00e4nder sind mit B\u00e4nder aus Baumwolle eingefasst.<\/p>\n<p><strong>Teppich nach Mass:<\/strong> unter Gr\u00f6sse ausw\u00e4hlbar<\/p>\n<p><strong>Marke:<\/strong> VM-Carpet<\/p>\n<p><strong>Material:<\/strong> 45% Wolle, 55% Papiergarn<\/p>\n<p><strong>Herstellungsort:<\/strong> Finnland<\/p>\n<p><strong>Herstellungsart:<\/strong> Gewebt<\/p>\n<p><strong>R\u00fcckseite:<\/strong> Die rutschfeste R\u00fcckseite des Teppichs besteht aus hochqualitativem rezyklierbarem Kunststoff. Sie macht den Teppich stabiler und passt auch f\u00fcr B\u00f6den mit Heizung. Die R\u00fcckseite ist geruchlos, hinterl\u00e4sst keine Flecken und erzeugt keinen Staub.<\/p>\n<p><strong>Rand:<\/strong> 100% Baumwolle<\/p>\n<p><strong>Pflege: <\/strong>Regelm\u00e4ssiges Staubsaugen. Der Schmutz sollte mit einem feuchten Putztuch sofort entfernt werden. Aber nicht reiben sondern abtupfen.<\/p>\n<p><strong>Reinigung: <\/strong>Sorgf\u00e4ltig mit Wasser (max. +30\u00baC) und milden Reinigungsmittel und weicher B\u00fcrste waschen. Der Teppich nicht ins Wasser eintauchen und auch nicht reiben. Mit viel Wasser absp\u00fclen. Das restliche Wasser mit einem Teppichroller aus dem Teppich rauspressen. Den feuchten Teppich wieder vorsichtig formen und flach auf dem Boden trocknen lassen. Der Teppich darf nicht zusammengelegt werden. Eine professionelle Reinigung wird empfohlen.<\/p>\n","protected":false},"excerpt":{"rendered":"<p>Die verschiedenen Wellen, die auf dem Teppich spielen, kreieren einen drei Dimensional Eindruck. Kinos ist Schmutzresistent und die R\u00e4nder sind mit B\u00e4nder aus Baumwolle eingefasst. Teppich nach Mass: unter Gr\u00f6sse ausw\u00e4hlbar Marke: VM-Carpet Material: 45% Wolle, 55% Papiergarn Herstellungsort: Finnland Herstellungsart: Gewebt R\u00fcckseite: Die rutschfeste R\u00fcckseite des Teppichs besteht aus hochqualitativem rezyklierbarem Kunststoff. Sie macht [\u2026] <a href=\"https:\/\/www.viitanordic.com\/de\/product\/nordische-wollteppiche-skandinavische-teppiche-aus-wolle\/teppich-kinos-weiss\/\">\u00bb Lesen Sie mehr<\/a><\/p>\n","protected":false},"featured_media":21379,"template":"","meta":{"_acf_changed":false},"product_brand":[],"product_cat":[1024],"product_tag":[],"class_list":{"0":"post-21353","1":"product","2":"type-product","3":"status-publish","4":"has-post-thumbnail","6":"product_cat-nordische-wollteppiche-skandinavische-teppiche-aus-wolle","8":"first","9":"instock","10":"taxable","11":"shipping-taxable","12":"purchasable","13":"product-type-variable","14":"has-default-attributes"},"acf":[],"yoast_head":"<!-- This site is optimized with the Yoast SEO plugin v25.8 - https:\/\/yoast.com\/wordpress\/plugins\/seo\/ -->\n<title>Teppich Kinos - Skandinavische Teppiche - Nordische Teppiche aus Finnland \u2013 ViitaNordic<\/title>\n<meta name=\"description\" content=\"Die verschiedenen Wellen, die auf dem Teppich spielen, kreieren einen drei Dimensional Eindruck.\" \/>\n<meta name=\"robots\" content=\"index, follow, max-snippet:-1, max-image-preview:large, max-video-preview:-1\" \/>\n<link rel=\"canonical\" href=\"https:\/\/www.viitanordic.com\/de\/product\/nordische-wollteppiche-skandinavische-teppiche-aus-wolle\/teppich-kinos-weiss\/\" \/>\n<meta property=\"og:locale\" content=\"de_DE\" \/>\n<meta property=\"og:type\" content=\"article\" \/>\n<meta property=\"og:title\" content=\"Teppich Kinos - Skandinavische Teppiche - Nordische Teppiche aus Finnland \u2013 ViitaNordic\" \/>\n<meta property=\"og:description\" content=\"Die verschiedenen Wellen, die auf dem Teppich spielen, kreieren einen drei Dimensional Eindruck.\" \/>\n<meta property=\"og:url\" content=\"https:\/\/www.viitanordic.com\/de\/product\/nordische-wollteppiche-skandinavische-teppiche-aus-wolle\/teppich-kinos-weiss\/\" \/>\n<meta property=\"og:site_name\" content=\"Skandinavische Teppiche - Nordische Teppiche aus Finnland \u2013 ViitaNordic\" \/>\n<meta property=\"article:publisher\" content=\"https:\/\/www.facebook.com\/viitanordic\" \/>\n<meta property=\"article:modified_time\" content=\"2024-03-16T19:49:21+00:00\" \/>\n<meta property=\"og:image\" content=\"https:\/\/www.viitanordic.com\/lataukset\/kinos-new-white-top-1-of-1.jpg\" \/>\n\t<meta property=\"og:image:width\" content=\"948\" \/>\n\t<meta property=\"og:image:height\" content=\"632\" \/>\n\t<meta property=\"og:image:type\" content=\"image\/jpeg\" \/>\n<meta name=\"twitter:label1\" content=\"Est. reading time\" \/>\n\t<meta name=\"twitter:data1\" content=\"1 minute\" \/>\n<script type=\"application\/ld+json\" class=\"yoast-schema-graph\">{\"@context\":\"https:\/\/schema.org\",\"@graph\":[{\"@type\":\"WebPage\",\"@id\":\"https:\/\/www.viitanordic.com\/de\/product\/nordische-wollteppiche-skandinavische-teppiche-aus-wolle\/teppich-kinos-weiss\/\",\"url\":\"https:\/\/www.viitanordic.com\/de\/product\/nordische-wollteppiche-skandinavische-teppiche-aus-wolle\/teppich-kinos-weiss\/\",\"name\":\"Teppich Kinos - Skandinavische Teppiche - Nordische Teppiche aus Finnland \u2013 ViitaNordic\",\"isPartOf\":{\"@id\":\"https:\/\/www.viitanordic.com\/#website\"},\"primaryImageOfPage\":{\"@id\":\"https:\/\/www.viitanordic.com\/de\/product\/nordische-wollteppiche-skandinavische-teppiche-aus-wolle\/teppich-kinos-weiss\/#primaryimage\"},\"image\":{\"@id\":\"https:\/\/www.viitanordic.com\/de\/product\/nordische-wollteppiche-skandinavische-teppiche-aus-wolle\/teppich-kinos-weiss\/#primaryimage\"},\"thumbnailUrl\":\"https:\/\/www.viitanordic.com\/lataukset\/kinos-new-white-top-1-of-1.jpg\",\"datePublished\":\"2017-01-26T16:02:52+00:00\",\"dateModified\":\"2024-03-16T19:49:21+00:00\",\"description\":\"Die verschiedenen Wellen, die auf dem Teppich spielen, kreieren einen drei Dimensional Eindruck.\",\"breadcrumb\":{\"@id\":\"https:\/\/www.viitanordic.com\/de\/product\/nordische-wollteppiche-skandinavische-teppiche-aus-wolle\/teppich-kinos-weiss\/#breadcrumb\"},\"inLanguage\":\"de\",\"potentialAction\":[{\"@type\":\"ReadAction\",\"target\":[\"https:\/\/www.viitanordic.com\/de\/product\/nordische-wollteppiche-skandinavische-teppiche-aus-wolle\/teppich-kinos-weiss\/\"]}]},{\"@type\":\"ImageObject\",\"inLanguage\":\"de\",\"@id\":\"https:\/\/www.viitanordic.com\/de\/product\/nordische-wollteppiche-skandinavische-teppiche-aus-wolle\/teppich-kinos-weiss\/#primaryimage\",\"url\":\"https:\/\/www.viitanordic.com\/lataukset\/kinos-new-white-top-1-of-1.jpg\",\"contentUrl\":\"https:\/\/www.viitanordic.com\/lataukset\/kinos-new-white-top-1-of-1.jpg\",\"width\":948,\"height\":632,\"caption\":\"Webteppich Weiss\"},{\"@type\":\"BreadcrumbList\",\"@id\":\"https:\/\/www.viitanordic.com\/de\/product\/nordische-wollteppiche-skandinavische-teppiche-aus-wolle\/teppich-kinos-weiss\/#breadcrumb\",\"itemListElement\":[{\"@type\":\"ListItem\",\"position\":1,\"name\":\"Etusivu\",\"item\":\"https:\/\/www.viitanordic.com\/de\/\"},{\"@type\":\"ListItem\",\"position\":2,\"name\":\"Skandinavische Teppiche &#8211; Nordische Teppiche\",\"item\":\"https:\/\/www.viitanordic.com\/de\/\"},{\"@type\":\"ListItem\",\"position\":3,\"name\":\"Teppich Kinos\"}]},{\"@type\":\"WebSite\",\"@id\":\"https:\/\/www.viitanordic.com\/#website\",\"url\":\"https:\/\/www.viitanordic.com\/\",\"name\":\"Scandinavian Rugs - Nordic Rugs - Made in Finland \u2013 ViitaNordic\",\"description\":\"Skandinavische Teppiche - Nordische Teppiche aus Finnland \u2013 ViitaNordic\",\"publisher\":{\"@id\":\"https:\/\/www.viitanordic.com\/#organization\"},\"potentialAction\":[{\"@type\":\"SearchAction\",\"target\":{\"@type\":\"EntryPoint\",\"urlTemplate\":\"https:\/\/www.viitanordic.com\/?s={search_term_string}\"},\"query-input\":{\"@type\":\"PropertyValueSpecification\",\"valueRequired\":true,\"valueName\":\"search_term_string\"}}],\"inLanguage\":\"de\"},{\"@type\":\"Organization\",\"@id\":\"https:\/\/www.viitanordic.com\/#organization\",\"name\":\"ViitaNordic Oy\",\"url\":\"https:\/\/www.viitanordic.com\/\",\"logo\":{\"@type\":\"ImageObject\",\"inLanguage\":\"de\",\"@id\":\"https:\/\/www.viitanordic.com\/#\/schema\/logo\/image\/\",\"url\":\"https:\/\/www.viitanordic.com\/lataukset\/logo-viitanordic.png\",\"contentUrl\":\"https:\/\/www.viitanordic.com\/lataukset\/logo-viitanordic.png\",\"width\":720,\"height\":111,\"caption\":\"ViitaNordic Oy\"},\"image\":{\"@id\":\"https:\/\/www.viitanordic.com\/#\/schema\/logo\/image\/\"},\"sameAs\":[\"https:\/\/www.facebook.com\/viitanordic\",\"https:\/\/fi.pinterest.com\/viitanordic\/\"]}]}<\/script>\n<!-- \/ Yoast SEO plugin. -->","yoast_head_json":{"title":"Teppich Kinos - Skandinavische Teppiche - Nordische Teppiche aus Finnland \u2013 ViitaNordic","description":"Die verschiedenen Wellen, die auf dem Teppich spielen, kreieren einen drei Dimensional Eindruck.","robots":{"index":"index","follow":"follow","max-snippet":"max-snippet:-1","max-image-preview":"max-image-preview:large","max-video-preview":"max-video-preview:-1"},"canonical":"https:\/\/www.viitanordic.com\/de\/product\/nordische-wollteppiche-skandinavische-teppiche-aus-wolle\/teppich-kinos-weiss\/","og_locale":"de_DE","og_type":"article","og_title":"Teppich Kinos - Skandinavische Teppiche - Nordische Teppiche aus Finnland \u2013 ViitaNordic","og_description":"Die verschiedenen Wellen, die auf dem Teppich spielen, kreieren einen drei Dimensional Eindruck.","og_url":"https:\/\/www.viitanordic.com\/de\/product\/nordische-wollteppiche-skandinavische-teppiche-aus-wolle\/teppich-kinos-weiss\/","og_site_name":"Skandinavische Teppiche - Nordische Teppiche aus Finnland \u2013 ViitaNordic","article_publisher":"https:\/\/www.facebook.com\/viitanordic","article_modified_time":"2024-03-16T19:49:21+00:00","og_image":[{"width":948,"height":632,"url":"https:\/\/www.viitanordic.com\/lataukset\/kinos-new-white-top-1-of-1.jpg","type":"image\/jpeg"}],"twitter_misc":{"Est. reading time":"1 minute"},"schema":{"@context":"https:\/\/schema.org","@graph":[{"@type":"WebPage","@id":"https:\/\/www.viitanordic.com\/de\/product\/nordische-wollteppiche-skandinavische-teppiche-aus-wolle\/teppich-kinos-weiss\/","url":"https:\/\/www.viitanordic.com\/de\/product\/nordische-wollteppiche-skandinavische-teppiche-aus-wolle\/teppich-kinos-weiss\/","name":"Teppich Kinos - Skandinavische Teppiche - Nordische Teppiche aus Finnland \u2013 ViitaNordic","isPartOf":{"@id":"https:\/\/www.viitanordic.com\/#website"},"primaryImageOfPage":{"@id":"https:\/\/www.viitanordic.com\/de\/product\/nordische-wollteppiche-skandinavische-teppiche-aus-wolle\/teppich-kinos-weiss\/#primaryimage"},"image":{"@id":"https:\/\/www.viitanordic.com\/de\/product\/nordische-wollteppiche-skandinavische-teppiche-aus-wolle\/teppich-kinos-weiss\/#primaryimage"},"thumbnailUrl":"https:\/\/www.viitanordic.com\/lataukset\/kinos-new-white-top-1-of-1.jpg","datePublished":"2017-01-26T16:02:52+00:00","dateModified":"2024-03-16T19:49:21+00:00","description":"Die verschiedenen Wellen, die auf dem Teppich spielen, kreieren einen drei Dimensional Eindruck.","breadcrumb":{"@id":"https:\/\/www.viitanordic.com\/de\/product\/nordische-wollteppiche-skandinavische-teppiche-aus-wolle\/teppich-kinos-weiss\/#breadcrumb"},"inLanguage":"de","potentialAction":[{"@type":"ReadAction","target":["https:\/\/www.viitanordic.com\/de\/product\/nordische-wollteppiche-skandinavische-teppiche-aus-wolle\/teppich-kinos-weiss\/"]}]},{"@type":"ImageObject","inLanguage":"de","@id":"https:\/\/www.viitanordic.com\/de\/product\/nordische-wollteppiche-skandinavische-teppiche-aus-wolle\/teppich-kinos-weiss\/#primaryimage","url":"https:\/\/www.viitanordic.com\/lataukset\/kinos-new-white-top-1-of-1.jpg","contentUrl":"https:\/\/www.viitanordic.com\/lataukset\/kinos-new-white-top-1-of-1.jpg","width":948,"height":632,"caption":"Webteppich Weiss"},{"@type":"BreadcrumbList","@id":"https:\/\/www.viitanordic.com\/de\/product\/nordische-wollteppiche-skandinavische-teppiche-aus-wolle\/teppich-kinos-weiss\/#breadcrumb","itemListElement":[{"@type":"ListItem","position":1,"name":"Etusivu","item":"https:\/\/www.viitanordic.com\/de\/"},{"@type":"ListItem","position":2,"name":"Skandinavische Teppiche &#8211; Nordische Teppiche","item":"https:\/\/www.viitanordic.com\/de\/"},{"@type":"ListItem","position":3,"name":"Teppich Kinos"}]},{"@type":"WebSite","@id":"https:\/\/www.viitanordic.com\/#website","url":"https:\/\/www.viitanordic.com\/","name":"Scandinavian Rugs - Nordic Rugs - Made in Finland \u2013 ViitaNordic","description":"Skandinavische Teppiche - Nordische Teppiche aus Finnland \u2013 ViitaNordic","publisher":{"@id":"https:\/\/www.viitanordic.com\/#organization"},"potentialAction":[{"@type":"SearchAction","target":{"@type":"EntryPoint","urlTemplate":"https:\/\/www.viitanordic.com\/?s={search_term_string}"},"query-input":{"@type":"PropertyValueSpecification","valueRequired":true,"valueName":"search_term_string"}}],"inLanguage":"de"},{"@type":"Organization","@id":"https:\/\/www.viitanordic.com\/#organization","name":"ViitaNordic Oy","url":"https:\/\/www.viitanordic.com\/","logo":{"@type":"ImageObject","inLanguage":"de","@id":"https:\/\/www.viitanordic.com\/#\/schema\/logo\/image\/","url":"https:\/\/www.viitanordic.com\/lataukset\/logo-viitanordic.png","contentUrl":"https:\/\/www.viitanordic.com\/lataukset\/logo-viitanordic.png","width":720,"height":111,"caption":"ViitaNordic Oy"},"image":{"@id":"https:\/\/www.viitanordic.com\/#\/schema\/logo\/image\/"},"sameAs":["https:\/\/www.facebook.com\/viitanordic","https:\/\/fi.pinterest.com\/viitanordic\/"]}]}},"_links":{"self":[{"href":"https:\/\/www.viitanordic.com\/de\/wp-json\/wp\/v2\/product\/21353","targetHints":{"allow":["GET"]}}],"collection":[{"href":"https:\/\/www.viitanordic.com\/de\/wp-json\/wp\/v2\/product"}],"about":[{"href":"https:\/\/www.viitanordic.com\/de\/wp-json\/wp\/v2\/types\/product"}],"wp:featuredmedia":[{"embeddable":true,"href":"https:\/\/www.viitanordic.com\/de\/wp-json\/wp\/v2\/media\/21379"}],"wp:attachment":[{"href":"https:\/\/www.viitanordic.com\/de\/wp-json\/wp\/v2\/media?parent=21353"}],"wp:term":[{"taxonomy":"product_brand","embeddable":true,"href":"https:\/\/www.viitanordic.com\/de\/wp-json\/wp\/v2\/product_brand?post=21353"},{"taxonomy":"product_cat","embeddable":true,"href":"https:\/\/www.viitanordic.com\/de\/wp-json\/wp\/v2\/product_cat?post=21353"},{"taxonomy":"product_tag","embeddable":true,"href":"https:\/\/www.viitanordic.com\/de\/wp-json\/wp\/v2\/product_tag?post=21353"}],"curies":[{"name":"wp","href":"https:\/\/api.w.org\/{rel}","templated":true}]}}