{"id":29524,"date":"2019-04-13T11:59:51","date_gmt":"2019-04-13T08:59:51","guid":{"rendered":"https:\/\/www.viitanordic.com\/?post_type=product&#038;p=29524"},"modified":"2019-07-10T19:27:11","modified_gmt":"2019-07-10T16:27:11","slug":"hundekissen-vilma","status":"publish","type":"product","link":"https:\/\/www.viitanordic.com\/de\/product\/sales\/hundekissen-vilma\/","title":{"rendered":"Hundekissen Vilma &#8211; 30% Rabatt"},"content":{"rendered":"<p>Vilma ist ein stylisches Hundekissen. Das Hundekissen Vilma ist sehr angenehm und passt sich gut an Ihren Hund an. Vilma wird auf traditioneller Weise und aus hochwertigem Material hergestellt. Das Kissen ist in 2 verschiedenen Gr\u00f6ssen erh\u00e4ltlich. Da die Herstellung der Kissenbez\u00fcge viel Handarbeit verlangt, ist jedes Produkt einzigartig und kann deshalb ein wenig von den Abbildungen abweichen.<\/p>\n<p><strong>Marke:\u00a0<\/strong><a href=\"http:\/\/www.mylungi.fi\" target=\"_blank\" rel=\"noopener\"><img loading=\"lazy\" decoding=\"async\" class=\"alignnone wp-image-19292\" src=\"https:\/\/www.viitanordic.com\/lataukset\/Lungi_reg_logo_black-2000x507.jpg\" alt=\"Lungi_reg_logo_black\" width=\"79\" height=\"20\" srcset=\"https:\/\/www.viitanordic.com\/lataukset\/Lungi_reg_logo_black-2000x507.jpg 2000w, https:\/\/www.viitanordic.com\/lataukset\/Lungi_reg_logo_black-464x118.jpg 464w, https:\/\/www.viitanordic.com\/lataukset\/Lungi_reg_logo_black-1440x365.jpg 1440w, https:\/\/www.viitanordic.com\/lataukset\/Lungi_reg_logo_black-500x127.jpg 500w, https:\/\/www.viitanordic.com\/lataukset\/Lungi_reg_logo_black-768x195.jpg 768w, https:\/\/www.viitanordic.com\/lataukset\/Lungi_reg_logo_black.jpg 2048w\" sizes=\"auto, (max-width: 79px) 100vw, 79px\" \/><\/a><\/p>\n<p><strong>Material:<\/strong> 100% Baumwolle<\/p>\n<p><strong>Herstellungsort:<\/strong> Finnland<\/p>\n<p><strong>Herstellungsart:<\/strong> Gewebt<\/p>\n<p><strong>Reinigung: <\/strong>Der Kissenbezug kann weggenommen werden. Handw\u00e4sche mit Wasser (max. +30\u00baC) und milden Reinigungsmittel und weicher B\u00fcrste. Den feuchten Kissenbezug wieder vorsichtig formen und flach auf dem Boden trocknen lassen.\u00a0 Baumwolle kann beim Waschen ungef\u00e4hr 5% eingehen.<\/p>\n<p><strong>Innenkissen:<\/strong> Eco-Soft Kissen. F\u00fcllung: 100% EcoLogic Polyester. Kissenbezug: Polyester und Baumwolle. Nur Handw\u00e4sche (max. +30\u00baC). In Finnland hergestellt.<\/p>\n","protected":false},"excerpt":{"rendered":"<p>Vilma ist ein stylisches Hundekissen. Das Hundekissen Vilma ist sehr angenehm und passt sich gut an Ihren Hund an. Vilma wird auf traditioneller Weise und aus hochwertigem Material hergestellt. Das Kissen ist in 2 verschiedenen Gr\u00f6ssen erh\u00e4ltlich. Da die Herstellung der Kissenbez\u00fcge viel Handarbeit verlangt, ist jedes Produkt einzigartig und kann deshalb ein wenig von [\u2026] <a href=\"https:\/\/www.viitanordic.com\/de\/product\/sales\/hundekissen-vilma\/\">\u00bb Lesen Sie mehr<\/a><\/p>\n","protected":false},"featured_media":29536,"template":"","meta":{"_acf_changed":false},"product_brand":[],"product_cat":[636],"product_tag":[],"class_list":{"0":"post-29524","1":"product","2":"type-product","3":"status-publish","4":"has-post-thumbnail","6":"product_cat-sales","8":"first","9":"instock","10":"sale","11":"taxable","12":"shipping-taxable","13":"purchasable","14":"product-type-variable","15":"has-default-attributes"},"acf":[],"yoast_head":"<!-- This site is optimized with the Yoast SEO plugin v25.8 - https:\/\/yoast.com\/wordpress\/plugins\/seo\/ -->\n<title>Hundekissen Vilma - 30% Rabatt - Skandinavische Teppiche - Nordische Teppiche aus Finnland \u2013 ViitaNordic<\/title>\n<meta name=\"description\" content=\"Vilma ist ein stylisches Hundekissen. Das Hundekissen Vilma ist sehr angenehm und passt sich gut an Ihren Hund an. Vilma wird auf traditioneller Weise und aus hochwertigem Material hergestellt. Das Kissen ist in 2 verschiedenen Gr\u00f6ssen erh\u00e4ltlich.\" \/>\n<meta name=\"robots\" content=\"index, follow, max-snippet:-1, max-image-preview:large, max-video-preview:-1\" \/>\n<link rel=\"canonical\" href=\"https:\/\/www.viitanordic.com\/de\/product\/sales\/hundekissen-vilma\/\" \/>\n<meta property=\"og:locale\" content=\"de_DE\" \/>\n<meta property=\"og:type\" content=\"article\" \/>\n<meta property=\"og:title\" content=\"Hundekissen Vilma - 30% Rabatt - Skandinavische Teppiche - Nordische Teppiche aus Finnland \u2013 ViitaNordic\" \/>\n<meta property=\"og:description\" content=\"Vilma ist ein stylisches Hundekissen. Das Hundekissen Vilma ist sehr angenehm und passt sich gut an Ihren Hund an. Vilma wird auf traditioneller Weise und aus hochwertigem Material hergestellt. Das Kissen ist in 2 verschiedenen Gr\u00f6ssen erh\u00e4ltlich.\" \/>\n<meta property=\"og:url\" content=\"https:\/\/www.viitanordic.com\/de\/product\/sales\/hundekissen-vilma\/\" \/>\n<meta property=\"og:site_name\" content=\"Skandinavische Teppiche - Nordische Teppiche aus Finnland \u2013 ViitaNordic\" \/>\n<meta property=\"article:publisher\" content=\"https:\/\/www.facebook.com\/viitanordic\" \/>\n<meta property=\"article:modified_time\" content=\"2019-07-10T16:27:11+00:00\" \/>\n<meta property=\"og:image\" content=\"https:\/\/www.viitanordic.com\/lataukset\/Dog-Pillow-Vilma.jpg\" \/>\n\t<meta property=\"og:image:width\" content=\"1920\" \/>\n\t<meta property=\"og:image:height\" content=\"1278\" \/>\n\t<meta property=\"og:image:type\" content=\"image\/jpeg\" \/>\n<meta name=\"twitter:label1\" content=\"Est. reading time\" \/>\n\t<meta name=\"twitter:data1\" content=\"1 minute\" \/>\n<script type=\"application\/ld+json\" class=\"yoast-schema-graph\">{\"@context\":\"https:\/\/schema.org\",\"@graph\":[{\"@type\":\"WebPage\",\"@id\":\"https:\/\/www.viitanordic.com\/de\/product\/sales\/hundekissen-vilma\/\",\"url\":\"https:\/\/www.viitanordic.com\/de\/product\/sales\/hundekissen-vilma\/\",\"name\":\"Hundekissen Vilma - 30% Rabatt - Skandinavische Teppiche - Nordische Teppiche aus Finnland \u2013 ViitaNordic\",\"isPartOf\":{\"@id\":\"https:\/\/www.viitanordic.com\/#website\"},\"primaryImageOfPage\":{\"@id\":\"https:\/\/www.viitanordic.com\/de\/product\/sales\/hundekissen-vilma\/#primaryimage\"},\"image\":{\"@id\":\"https:\/\/www.viitanordic.com\/de\/product\/sales\/hundekissen-vilma\/#primaryimage\"},\"thumbnailUrl\":\"https:\/\/www.viitanordic.com\/lataukset\/Dog-Pillow-Vilma.jpg\",\"datePublished\":\"2019-04-13T08:59:51+00:00\",\"dateModified\":\"2019-07-10T16:27:11+00:00\",\"description\":\"Vilma ist ein stylisches Hundekissen. Das Hundekissen Vilma ist sehr angenehm und passt sich gut an Ihren Hund an. Vilma wird auf traditioneller Weise und aus hochwertigem Material hergestellt. Das Kissen ist in 2 verschiedenen Gr\u00f6ssen erh\u00e4ltlich.\",\"breadcrumb\":{\"@id\":\"https:\/\/www.viitanordic.com\/de\/product\/sales\/hundekissen-vilma\/#breadcrumb\"},\"inLanguage\":\"de\",\"potentialAction\":[{\"@type\":\"ReadAction\",\"target\":[\"https:\/\/www.viitanordic.com\/de\/product\/sales\/hundekissen-vilma\/\"]}]},{\"@type\":\"ImageObject\",\"inLanguage\":\"de\",\"@id\":\"https:\/\/www.viitanordic.com\/de\/product\/sales\/hundekissen-vilma\/#primaryimage\",\"url\":\"https:\/\/www.viitanordic.com\/lataukset\/Dog-Pillow-Vilma.jpg\",\"contentUrl\":\"https:\/\/www.viitanordic.com\/lataukset\/Dog-Pillow-Vilma.jpg\",\"width\":1920,\"height\":1278,\"caption\":\"Hundekissen Vilma\"},{\"@type\":\"BreadcrumbList\",\"@id\":\"https:\/\/www.viitanordic.com\/de\/product\/sales\/hundekissen-vilma\/#breadcrumb\",\"itemListElement\":[{\"@type\":\"ListItem\",\"position\":1,\"name\":\"Etusivu\",\"item\":\"https:\/\/www.viitanordic.com\/de\/\"},{\"@type\":\"ListItem\",\"position\":2,\"name\":\"Skandinavische Teppiche &#8211; Nordische Teppiche\",\"item\":\"https:\/\/www.viitanordic.com\/de\/\"},{\"@type\":\"ListItem\",\"position\":3,\"name\":\"Hundekissen Vilma &#8211; 30% Rabatt\"}]},{\"@type\":\"WebSite\",\"@id\":\"https:\/\/www.viitanordic.com\/#website\",\"url\":\"https:\/\/www.viitanordic.com\/\",\"name\":\"Scandinavian Rugs - Nordic Rugs - Made in Finland \u2013 ViitaNordic\",\"description\":\"Skandinavische Teppiche - Nordische Teppiche aus Finnland \u2013 ViitaNordic\",\"publisher\":{\"@id\":\"https:\/\/www.viitanordic.com\/#organization\"},\"potentialAction\":[{\"@type\":\"SearchAction\",\"target\":{\"@type\":\"EntryPoint\",\"urlTemplate\":\"https:\/\/www.viitanordic.com\/?s={search_term_string}\"},\"query-input\":{\"@type\":\"PropertyValueSpecification\",\"valueRequired\":true,\"valueName\":\"search_term_string\"}}],\"inLanguage\":\"de\"},{\"@type\":\"Organization\",\"@id\":\"https:\/\/www.viitanordic.com\/#organization\",\"name\":\"ViitaNordic Oy\",\"url\":\"https:\/\/www.viitanordic.com\/\",\"logo\":{\"@type\":\"ImageObject\",\"inLanguage\":\"de\",\"@id\":\"https:\/\/www.viitanordic.com\/#\/schema\/logo\/image\/\",\"url\":\"https:\/\/www.viitanordic.com\/lataukset\/logo-viitanordic.png\",\"contentUrl\":\"https:\/\/www.viitanordic.com\/lataukset\/logo-viitanordic.png\",\"width\":720,\"height\":111,\"caption\":\"ViitaNordic Oy\"},\"image\":{\"@id\":\"https:\/\/www.viitanordic.com\/#\/schema\/logo\/image\/\"},\"sameAs\":[\"https:\/\/www.facebook.com\/viitanordic\",\"https:\/\/fi.pinterest.com\/viitanordic\/\"]}]}<\/script>\n<!-- \/ Yoast SEO plugin. -->","yoast_head_json":{"title":"Hundekissen Vilma - 30% Rabatt - Skandinavische Teppiche - Nordische Teppiche aus Finnland \u2013 ViitaNordic","description":"Vilma ist ein stylisches Hundekissen. Das Hundekissen Vilma ist sehr angenehm und passt sich gut an Ihren Hund an. Vilma wird auf traditioneller Weise und aus hochwertigem Material hergestellt. Das Kissen ist in 2 verschiedenen Gr\u00f6ssen erh\u00e4ltlich.","robots":{"index":"index","follow":"follow","max-snippet":"max-snippet:-1","max-image-preview":"max-image-preview:large","max-video-preview":"max-video-preview:-1"},"canonical":"https:\/\/www.viitanordic.com\/de\/product\/sales\/hundekissen-vilma\/","og_locale":"de_DE","og_type":"article","og_title":"Hundekissen Vilma - 30% Rabatt - Skandinavische Teppiche - Nordische Teppiche aus Finnland \u2013 ViitaNordic","og_description":"Vilma ist ein stylisches Hundekissen. Das Hundekissen Vilma ist sehr angenehm und passt sich gut an Ihren Hund an. Vilma wird auf traditioneller Weise und aus hochwertigem Material hergestellt. Das Kissen ist in 2 verschiedenen Gr\u00f6ssen erh\u00e4ltlich.","og_url":"https:\/\/www.viitanordic.com\/de\/product\/sales\/hundekissen-vilma\/","og_site_name":"Skandinavische Teppiche - Nordische Teppiche aus Finnland \u2013 ViitaNordic","article_publisher":"https:\/\/www.facebook.com\/viitanordic","article_modified_time":"2019-07-10T16:27:11+00:00","og_image":[{"width":1920,"height":1278,"url":"https:\/\/www.viitanordic.com\/lataukset\/Dog-Pillow-Vilma.jpg","type":"image\/jpeg"}],"twitter_misc":{"Est. reading time":"1 minute"},"schema":{"@context":"https:\/\/schema.org","@graph":[{"@type":"WebPage","@id":"https:\/\/www.viitanordic.com\/de\/product\/sales\/hundekissen-vilma\/","url":"https:\/\/www.viitanordic.com\/de\/product\/sales\/hundekissen-vilma\/","name":"Hundekissen Vilma - 30% Rabatt - Skandinavische Teppiche - Nordische Teppiche aus Finnland \u2013 ViitaNordic","isPartOf":{"@id":"https:\/\/www.viitanordic.com\/#website"},"primaryImageOfPage":{"@id":"https:\/\/www.viitanordic.com\/de\/product\/sales\/hundekissen-vilma\/#primaryimage"},"image":{"@id":"https:\/\/www.viitanordic.com\/de\/product\/sales\/hundekissen-vilma\/#primaryimage"},"thumbnailUrl":"https:\/\/www.viitanordic.com\/lataukset\/Dog-Pillow-Vilma.jpg","datePublished":"2019-04-13T08:59:51+00:00","dateModified":"2019-07-10T16:27:11+00:00","description":"Vilma ist ein stylisches Hundekissen. Das Hundekissen Vilma ist sehr angenehm und passt sich gut an Ihren Hund an. Vilma wird auf traditioneller Weise und aus hochwertigem Material hergestellt. Das Kissen ist in 2 verschiedenen Gr\u00f6ssen erh\u00e4ltlich.","breadcrumb":{"@id":"https:\/\/www.viitanordic.com\/de\/product\/sales\/hundekissen-vilma\/#breadcrumb"},"inLanguage":"de","potentialAction":[{"@type":"ReadAction","target":["https:\/\/www.viitanordic.com\/de\/product\/sales\/hundekissen-vilma\/"]}]},{"@type":"ImageObject","inLanguage":"de","@id":"https:\/\/www.viitanordic.com\/de\/product\/sales\/hundekissen-vilma\/#primaryimage","url":"https:\/\/www.viitanordic.com\/lataukset\/Dog-Pillow-Vilma.jpg","contentUrl":"https:\/\/www.viitanordic.com\/lataukset\/Dog-Pillow-Vilma.jpg","width":1920,"height":1278,"caption":"Hundekissen Vilma"},{"@type":"BreadcrumbList","@id":"https:\/\/www.viitanordic.com\/de\/product\/sales\/hundekissen-vilma\/#breadcrumb","itemListElement":[{"@type":"ListItem","position":1,"name":"Etusivu","item":"https:\/\/www.viitanordic.com\/de\/"},{"@type":"ListItem","position":2,"name":"Skandinavische Teppiche &#8211; Nordische Teppiche","item":"https:\/\/www.viitanordic.com\/de\/"},{"@type":"ListItem","position":3,"name":"Hundekissen Vilma &#8211; 30% Rabatt"}]},{"@type":"WebSite","@id":"https:\/\/www.viitanordic.com\/#website","url":"https:\/\/www.viitanordic.com\/","name":"Scandinavian Rugs - Nordic Rugs - Made in Finland \u2013 ViitaNordic","description":"Skandinavische Teppiche - Nordische Teppiche aus Finnland \u2013 ViitaNordic","publisher":{"@id":"https:\/\/www.viitanordic.com\/#organization"},"potentialAction":[{"@type":"SearchAction","target":{"@type":"EntryPoint","urlTemplate":"https:\/\/www.viitanordic.com\/?s={search_term_string}"},"query-input":{"@type":"PropertyValueSpecification","valueRequired":true,"valueName":"search_term_string"}}],"inLanguage":"de"},{"@type":"Organization","@id":"https:\/\/www.viitanordic.com\/#organization","name":"ViitaNordic Oy","url":"https:\/\/www.viitanordic.com\/","logo":{"@type":"ImageObject","inLanguage":"de","@id":"https:\/\/www.viitanordic.com\/#\/schema\/logo\/image\/","url":"https:\/\/www.viitanordic.com\/lataukset\/logo-viitanordic.png","contentUrl":"https:\/\/www.viitanordic.com\/lataukset\/logo-viitanordic.png","width":720,"height":111,"caption":"ViitaNordic Oy"},"image":{"@id":"https:\/\/www.viitanordic.com\/#\/schema\/logo\/image\/"},"sameAs":["https:\/\/www.facebook.com\/viitanordic","https:\/\/fi.pinterest.com\/viitanordic\/"]}]}},"_links":{"self":[{"href":"https:\/\/www.viitanordic.com\/de\/wp-json\/wp\/v2\/product\/29524","targetHints":{"allow":["GET"]}}],"collection":[{"href":"https:\/\/www.viitanordic.com\/de\/wp-json\/wp\/v2\/product"}],"about":[{"href":"https:\/\/www.viitanordic.com\/de\/wp-json\/wp\/v2\/types\/product"}],"wp:featuredmedia":[{"embeddable":true,"href":"https:\/\/www.viitanordic.com\/de\/wp-json\/wp\/v2\/media\/29536"}],"wp:attachment":[{"href":"https:\/\/www.viitanordic.com\/de\/wp-json\/wp\/v2\/media?parent=29524"}],"wp:term":[{"taxonomy":"product_brand","embeddable":true,"href":"https:\/\/www.viitanordic.com\/de\/wp-json\/wp\/v2\/product_brand?post=29524"},{"taxonomy":"product_cat","embeddable":true,"href":"https:\/\/www.viitanordic.com\/de\/wp-json\/wp\/v2\/product_cat?post=29524"},{"taxonomy":"product_tag","embeddable":true,"href":"https:\/\/www.viitanordic.com\/de\/wp-json\/wp\/v2\/product_tag?post=29524"}],"curies":[{"name":"wp","href":"https:\/\/api.w.org\/{rel}","templated":true}]}}