{"id":33860,"date":"2020-10-27T21:30:49","date_gmt":"2020-10-27T19:30:49","guid":{"rendered":"https:\/\/www.viitanordic.com\/?post_type=product&#038;p=33860"},"modified":"2020-10-27T21:45:51","modified_gmt":"2020-10-27T19:45:51","slug":"otso","status":"publish","type":"product","link":"https:\/\/www.viitanordic.com\/de\/product\/lustige-skandinavische-kinderteppiche-aus-finnland\/otso\/","title":{"rendered":"Otso"},"content":{"rendered":"<p>Otso ist ein lustiger Kinderteppich in der Form eines sch\u00f6nen Finnischen B\u00e4rs. Der Teppich ist angenehm weich und einfach zu pflegen.<\/p>\n<p><strong>Marke:<\/strong> VM-Carpet<\/p>\n<p><strong>Material:<\/strong> 100% Polyamid<\/p>\n<p><strong>Herstellungsort:<\/strong> In Finnland hergestellt<\/p>\n<p><strong>Herstellungsart:<\/strong> Getuftet<\/p>\n<p><strong>R\u00fcckseite:<\/strong> Die rutschfeste R\u00fcckseite des Teppichs besteht aus hochqualitativem rezyklierbarem Kunststoff. Sie macht den Teppich stabiler und passt auch f\u00fcr B\u00f6den mit Heizung. Die R\u00fcckseite ist geruchlos, hinterl\u00e4sst keine Flecken und erzeugt keinen Staub.<\/p>\n<p><strong>Pflege: <\/strong>Regelm\u00e4ssiges Staubsaugen. Der Schmutz sollte mit einem feuchten Putztuch sofort entfernt werden. Aber nicht reiben sondern abtupfen.<\/p>\n<p><strong>Reinigung: <\/strong>Sorgf\u00e4ltig mit Wasser (max. +30\u00baC) und milden Reinigungsmittel und weicher B\u00fcrste waschen. Der Teppich nicht ins Wasser eintauchen und auch nicht reiben. Mit viel Wasser absp\u00fclen. Das restliche Wasser mit einem Teppichroller aus dem Teppich rauspressen. Den feuchten Teppich wieder vorsichtig formen und flach auf dem Boden trocknen lassen. Der Teppich darf nicht zusammengelegt werden. Eine professionelle Reinigung wird empfohlen.<\/p>\n","protected":false},"excerpt":{"rendered":"<p>Otso ist ein lustiger Kinderteppich in der Form eines sch\u00f6nen Finnischen B\u00e4rs. Der Teppich ist angenehm weich und einfach zu pflegen. Marke: VM-Carpet Material: 100% Polyamid Herstellungsort: In Finnland hergestellt Herstellungsart: Getuftet R\u00fcckseite: Die rutschfeste R\u00fcckseite des Teppichs besteht aus hochqualitativem rezyklierbarem Kunststoff. Sie macht den Teppich stabiler und passt auch f\u00fcr B\u00f6den mit Heizung. [\u2026] <a href=\"https:\/\/www.viitanordic.com\/de\/product\/lustige-skandinavische-kinderteppiche-aus-finnland\/otso\/\">\u00bb Lesen Sie mehr<\/a><\/p>\n","protected":false},"featured_media":33879,"template":"","meta":{"_acf_changed":false},"product_brand":[],"product_cat":[43],"product_tag":[],"class_list":{"0":"post-33860","1":"product","2":"type-product","3":"status-publish","4":"has-post-thumbnail","6":"product_cat-lustige-skandinavische-kinderteppiche-aus-finnland","8":"first","9":"instock","10":"taxable","11":"shipping-taxable","12":"purchasable","13":"product-type-variable","14":"has-default-attributes"},"acf":[],"yoast_head":"<!-- This site is optimized with the Yoast SEO plugin v25.8 - https:\/\/yoast.com\/wordpress\/plugins\/seo\/ -->\n<title>Otso - Skandinavische Teppiche - Nordische Teppiche aus Finnland \u2013 ViitaNordic<\/title>\n<meta name=\"description\" content=\"Kuumailmapallo ist ein lustiger Kinderteppich in der Form einer sch\u00f6nen Heissluftballons. Der Teppich ist angenehm weich und einfach zu pflegen.\" \/>\n<meta name=\"robots\" content=\"index, follow, max-snippet:-1, max-image-preview:large, max-video-preview:-1\" \/>\n<link rel=\"canonical\" href=\"https:\/\/www.viitanordic.com\/de\/product\/lustige-skandinavische-kinderteppiche-aus-finnland\/otso\/\" \/>\n<meta property=\"og:locale\" content=\"de_DE\" \/>\n<meta property=\"og:type\" content=\"article\" \/>\n<meta property=\"og:title\" content=\"Otso - Skandinavische Teppiche - Nordische Teppiche aus Finnland \u2013 ViitaNordic\" \/>\n<meta property=\"og:description\" content=\"Kuumailmapallo ist ein lustiger Kinderteppich in der Form einer sch\u00f6nen Heissluftballons. Der Teppich ist angenehm weich und einfach zu pflegen.\" \/>\n<meta property=\"og:url\" content=\"https:\/\/www.viitanordic.com\/de\/product\/lustige-skandinavische-kinderteppiche-aus-finnland\/otso\/\" \/>\n<meta property=\"og:site_name\" content=\"Skandinavische Teppiche - Nordische Teppiche aus Finnland \u2013 ViitaNordic\" \/>\n<meta property=\"article:publisher\" content=\"https:\/\/www.facebook.com\/viitanordic\" \/>\n<meta property=\"article:modified_time\" content=\"2020-10-27T19:45:51+00:00\" \/>\n<meta property=\"og:image\" content=\"https:\/\/www.viitanordic.com\/lataukset\/bear_top.jpg\" \/>\n\t<meta property=\"og:image:width\" content=\"1920\" \/>\n\t<meta property=\"og:image:height\" content=\"1280\" \/>\n\t<meta property=\"og:image:type\" content=\"image\/jpeg\" \/>\n<meta name=\"twitter:label1\" content=\"Est. reading time\" \/>\n\t<meta name=\"twitter:data1\" content=\"1 minute\" \/>\n<script type=\"application\/ld+json\" class=\"yoast-schema-graph\">{\"@context\":\"https:\/\/schema.org\",\"@graph\":[{\"@type\":\"WebPage\",\"@id\":\"https:\/\/www.viitanordic.com\/de\/product\/lustige-skandinavische-kinderteppiche-aus-finnland\/otso\/\",\"url\":\"https:\/\/www.viitanordic.com\/de\/product\/lustige-skandinavische-kinderteppiche-aus-finnland\/otso\/\",\"name\":\"Otso - Skandinavische Teppiche - Nordische Teppiche aus Finnland \u2013 ViitaNordic\",\"isPartOf\":{\"@id\":\"https:\/\/www.viitanordic.com\/#website\"},\"primaryImageOfPage\":{\"@id\":\"https:\/\/www.viitanordic.com\/de\/product\/lustige-skandinavische-kinderteppiche-aus-finnland\/otso\/#primaryimage\"},\"image\":{\"@id\":\"https:\/\/www.viitanordic.com\/de\/product\/lustige-skandinavische-kinderteppiche-aus-finnland\/otso\/#primaryimage\"},\"thumbnailUrl\":\"https:\/\/www.viitanordic.com\/lataukset\/bear_top.jpg\",\"datePublished\":\"2020-10-27T19:30:49+00:00\",\"dateModified\":\"2020-10-27T19:45:51+00:00\",\"description\":\"Kuumailmapallo ist ein lustiger Kinderteppich in der Form einer sch\u00f6nen Heissluftballons. Der Teppich ist angenehm weich und einfach zu pflegen.\",\"breadcrumb\":{\"@id\":\"https:\/\/www.viitanordic.com\/de\/product\/lustige-skandinavische-kinderteppiche-aus-finnland\/otso\/#breadcrumb\"},\"inLanguage\":\"de\",\"potentialAction\":[{\"@type\":\"ReadAction\",\"target\":[\"https:\/\/www.viitanordic.com\/de\/product\/lustige-skandinavische-kinderteppiche-aus-finnland\/otso\/\"]}]},{\"@type\":\"ImageObject\",\"inLanguage\":\"de\",\"@id\":\"https:\/\/www.viitanordic.com\/de\/product\/lustige-skandinavische-kinderteppiche-aus-finnland\/otso\/#primaryimage\",\"url\":\"https:\/\/www.viitanordic.com\/lataukset\/bear_top.jpg\",\"contentUrl\":\"https:\/\/www.viitanordic.com\/lataukset\/bear_top.jpg\",\"width\":1920,\"height\":1280,\"caption\":\"Skandinavischer Kinderteppich, B\u00e4r, aus Finnland, ViitaNordic\"},{\"@type\":\"BreadcrumbList\",\"@id\":\"https:\/\/www.viitanordic.com\/de\/product\/lustige-skandinavische-kinderteppiche-aus-finnland\/otso\/#breadcrumb\",\"itemListElement\":[{\"@type\":\"ListItem\",\"position\":1,\"name\":\"Etusivu\",\"item\":\"https:\/\/www.viitanordic.com\/de\/\"},{\"@type\":\"ListItem\",\"position\":2,\"name\":\"Skandinavische Teppiche &#8211; Nordische Teppiche\",\"item\":\"https:\/\/www.viitanordic.com\/de\/\"},{\"@type\":\"ListItem\",\"position\":3,\"name\":\"Otso\"}]},{\"@type\":\"WebSite\",\"@id\":\"https:\/\/www.viitanordic.com\/#website\",\"url\":\"https:\/\/www.viitanordic.com\/\",\"name\":\"Scandinavian Rugs - Nordic Rugs - Made in Finland \u2013 ViitaNordic\",\"description\":\"Skandinavische Teppiche - Nordische Teppiche aus Finnland \u2013 ViitaNordic\",\"publisher\":{\"@id\":\"https:\/\/www.viitanordic.com\/#organization\"},\"potentialAction\":[{\"@type\":\"SearchAction\",\"target\":{\"@type\":\"EntryPoint\",\"urlTemplate\":\"https:\/\/www.viitanordic.com\/?s={search_term_string}\"},\"query-input\":{\"@type\":\"PropertyValueSpecification\",\"valueRequired\":true,\"valueName\":\"search_term_string\"}}],\"inLanguage\":\"de\"},{\"@type\":\"Organization\",\"@id\":\"https:\/\/www.viitanordic.com\/#organization\",\"name\":\"ViitaNordic Oy\",\"url\":\"https:\/\/www.viitanordic.com\/\",\"logo\":{\"@type\":\"ImageObject\",\"inLanguage\":\"de\",\"@id\":\"https:\/\/www.viitanordic.com\/#\/schema\/logo\/image\/\",\"url\":\"https:\/\/www.viitanordic.com\/lataukset\/logo-viitanordic.png\",\"contentUrl\":\"https:\/\/www.viitanordic.com\/lataukset\/logo-viitanordic.png\",\"width\":720,\"height\":111,\"caption\":\"ViitaNordic Oy\"},\"image\":{\"@id\":\"https:\/\/www.viitanordic.com\/#\/schema\/logo\/image\/\"},\"sameAs\":[\"https:\/\/www.facebook.com\/viitanordic\",\"https:\/\/fi.pinterest.com\/viitanordic\/\"]}]}<\/script>\n<!-- \/ Yoast SEO plugin. -->","yoast_head_json":{"title":"Otso - Skandinavische Teppiche - Nordische Teppiche aus Finnland \u2013 ViitaNordic","description":"Kuumailmapallo ist ein lustiger Kinderteppich in der Form einer sch\u00f6nen Heissluftballons. Der Teppich ist angenehm weich und einfach zu pflegen.","robots":{"index":"index","follow":"follow","max-snippet":"max-snippet:-1","max-image-preview":"max-image-preview:large","max-video-preview":"max-video-preview:-1"},"canonical":"https:\/\/www.viitanordic.com\/de\/product\/lustige-skandinavische-kinderteppiche-aus-finnland\/otso\/","og_locale":"de_DE","og_type":"article","og_title":"Otso - Skandinavische Teppiche - Nordische Teppiche aus Finnland \u2013 ViitaNordic","og_description":"Kuumailmapallo ist ein lustiger Kinderteppich in der Form einer sch\u00f6nen Heissluftballons. Der Teppich ist angenehm weich und einfach zu pflegen.","og_url":"https:\/\/www.viitanordic.com\/de\/product\/lustige-skandinavische-kinderteppiche-aus-finnland\/otso\/","og_site_name":"Skandinavische Teppiche - Nordische Teppiche aus Finnland \u2013 ViitaNordic","article_publisher":"https:\/\/www.facebook.com\/viitanordic","article_modified_time":"2020-10-27T19:45:51+00:00","og_image":[{"width":1920,"height":1280,"url":"https:\/\/www.viitanordic.com\/lataukset\/bear_top.jpg","type":"image\/jpeg"}],"twitter_misc":{"Est. reading time":"1 minute"},"schema":{"@context":"https:\/\/schema.org","@graph":[{"@type":"WebPage","@id":"https:\/\/www.viitanordic.com\/de\/product\/lustige-skandinavische-kinderteppiche-aus-finnland\/otso\/","url":"https:\/\/www.viitanordic.com\/de\/product\/lustige-skandinavische-kinderteppiche-aus-finnland\/otso\/","name":"Otso - Skandinavische Teppiche - Nordische Teppiche aus Finnland \u2013 ViitaNordic","isPartOf":{"@id":"https:\/\/www.viitanordic.com\/#website"},"primaryImageOfPage":{"@id":"https:\/\/www.viitanordic.com\/de\/product\/lustige-skandinavische-kinderteppiche-aus-finnland\/otso\/#primaryimage"},"image":{"@id":"https:\/\/www.viitanordic.com\/de\/product\/lustige-skandinavische-kinderteppiche-aus-finnland\/otso\/#primaryimage"},"thumbnailUrl":"https:\/\/www.viitanordic.com\/lataukset\/bear_top.jpg","datePublished":"2020-10-27T19:30:49+00:00","dateModified":"2020-10-27T19:45:51+00:00","description":"Kuumailmapallo ist ein lustiger Kinderteppich in der Form einer sch\u00f6nen Heissluftballons. Der Teppich ist angenehm weich und einfach zu pflegen.","breadcrumb":{"@id":"https:\/\/www.viitanordic.com\/de\/product\/lustige-skandinavische-kinderteppiche-aus-finnland\/otso\/#breadcrumb"},"inLanguage":"de","potentialAction":[{"@type":"ReadAction","target":["https:\/\/www.viitanordic.com\/de\/product\/lustige-skandinavische-kinderteppiche-aus-finnland\/otso\/"]}]},{"@type":"ImageObject","inLanguage":"de","@id":"https:\/\/www.viitanordic.com\/de\/product\/lustige-skandinavische-kinderteppiche-aus-finnland\/otso\/#primaryimage","url":"https:\/\/www.viitanordic.com\/lataukset\/bear_top.jpg","contentUrl":"https:\/\/www.viitanordic.com\/lataukset\/bear_top.jpg","width":1920,"height":1280,"caption":"Skandinavischer Kinderteppich, B\u00e4r, aus Finnland, ViitaNordic"},{"@type":"BreadcrumbList","@id":"https:\/\/www.viitanordic.com\/de\/product\/lustige-skandinavische-kinderteppiche-aus-finnland\/otso\/#breadcrumb","itemListElement":[{"@type":"ListItem","position":1,"name":"Etusivu","item":"https:\/\/www.viitanordic.com\/de\/"},{"@type":"ListItem","position":2,"name":"Skandinavische Teppiche &#8211; Nordische Teppiche","item":"https:\/\/www.viitanordic.com\/de\/"},{"@type":"ListItem","position":3,"name":"Otso"}]},{"@type":"WebSite","@id":"https:\/\/www.viitanordic.com\/#website","url":"https:\/\/www.viitanordic.com\/","name":"Scandinavian Rugs - Nordic Rugs - Made in Finland \u2013 ViitaNordic","description":"Skandinavische Teppiche - Nordische Teppiche aus Finnland \u2013 ViitaNordic","publisher":{"@id":"https:\/\/www.viitanordic.com\/#organization"},"potentialAction":[{"@type":"SearchAction","target":{"@type":"EntryPoint","urlTemplate":"https:\/\/www.viitanordic.com\/?s={search_term_string}"},"query-input":{"@type":"PropertyValueSpecification","valueRequired":true,"valueName":"search_term_string"}}],"inLanguage":"de"},{"@type":"Organization","@id":"https:\/\/www.viitanordic.com\/#organization","name":"ViitaNordic Oy","url":"https:\/\/www.viitanordic.com\/","logo":{"@type":"ImageObject","inLanguage":"de","@id":"https:\/\/www.viitanordic.com\/#\/schema\/logo\/image\/","url":"https:\/\/www.viitanordic.com\/lataukset\/logo-viitanordic.png","contentUrl":"https:\/\/www.viitanordic.com\/lataukset\/logo-viitanordic.png","width":720,"height":111,"caption":"ViitaNordic Oy"},"image":{"@id":"https:\/\/www.viitanordic.com\/#\/schema\/logo\/image\/"},"sameAs":["https:\/\/www.facebook.com\/viitanordic","https:\/\/fi.pinterest.com\/viitanordic\/"]}]}},"_links":{"self":[{"href":"https:\/\/www.viitanordic.com\/de\/wp-json\/wp\/v2\/product\/33860","targetHints":{"allow":["GET"]}}],"collection":[{"href":"https:\/\/www.viitanordic.com\/de\/wp-json\/wp\/v2\/product"}],"about":[{"href":"https:\/\/www.viitanordic.com\/de\/wp-json\/wp\/v2\/types\/product"}],"wp:featuredmedia":[{"embeddable":true,"href":"https:\/\/www.viitanordic.com\/de\/wp-json\/wp\/v2\/media\/33879"}],"wp:attachment":[{"href":"https:\/\/www.viitanordic.com\/de\/wp-json\/wp\/v2\/media?parent=33860"}],"wp:term":[{"taxonomy":"product_brand","embeddable":true,"href":"https:\/\/www.viitanordic.com\/de\/wp-json\/wp\/v2\/product_brand?post=33860"},{"taxonomy":"product_cat","embeddable":true,"href":"https:\/\/www.viitanordic.com\/de\/wp-json\/wp\/v2\/product_cat?post=33860"},{"taxonomy":"product_tag","embeddable":true,"href":"https:\/\/www.viitanordic.com\/de\/wp-json\/wp\/v2\/product_tag?post=33860"}],"curies":[{"name":"wp","href":"https:\/\/api.w.org\/{rel}","templated":true}]}}