{"id":34758,"date":"2021-02-20T16:27:09","date_gmt":"2021-02-20T14:27:10","guid":{"rendered":"https:\/\/www.viitanordic.com\/?post_type=product&#038;p=34758"},"modified":"2021-02-20T17:55:28","modified_gmt":"2021-02-20T15:55:28","slug":"teppich-polar-kupfer","status":"publish","type":"product","link":"https:\/\/www.viitanordic.com\/de\/product\/nordische-wollteppiche-skandinavische-teppiche-aus-wolle\/teppich-polar-kupfer\/","title":{"rendered":"Teppich Polar"},"content":{"rendered":"<p>Polar ist ein wundersch\u00f6ner Wollteppich, der das beliebte skandinavische Design widerspiegelt. Das Muster ist klar und elegant. Der Teppich ist staubfrei und strapazierf\u00e4hig.<\/p>\n<p><strong>Teppich nach Mass:<\/strong> unter Gr\u00f6sse ausw\u00e4hlbar<\/p>\n<p><strong>Marke:<\/strong> VM-Carpet<\/p>\n<p><strong>Material:<\/strong>\u00a047% Wolle, 47% Papiergarn, 6% Polyester<\/p>\n<p><strong>Herstellungsort:<\/strong> Finnland<\/p>\n<p><strong>Herstellungsart:<\/strong>\u00a0Gewebt<\/p>\n<p><strong>R\u00fcckseite:<\/strong> Die rutschfeste R\u00fcckseite des Teppichs besteht aus hochqualitativem rezyklierbarem Kunststoff. Sie macht den Teppich stabiler und passt auch f\u00fcr B\u00f6den mit Heizung. Die R\u00fcckseite ist geruchlos, hinterl\u00e4sst keine Flecken und erzeugt keinen Staub.<\/p>\n<p><strong>Rand:<\/strong> 100% Baumwolle<\/p>\n<p><strong>Pflege: <\/strong>Regelm\u00e4ssiges Staubsaugen. Der Schmutz sollte mit einem feuchten Putztuch sofort entfernt werden. Aber nicht reiben sondern abtupfen.<\/p>\n<p><strong>Reinigung: <\/strong>Sorgf\u00e4ltig mit Wasser (max. +30\u00baC) und milden Reinigungsmittel und weicher B\u00fcrste waschen. Der Teppich nicht ins Wasser eintauchen und auch nicht reiben. Mit viel Wasser absp\u00fclen. Das restliche Wasser mit einem Teppichroller aus dem Teppich rauspressen. Den feuchten Teppich wieder vorsichtig formen und flach auf dem Boden trocknen lassen. Der Teppich darf nicht zusammengelegt werden. Eine professionelle Reinigung wird empfohlen.<\/p>\n","protected":false},"excerpt":{"rendered":"<p>Polar ist ein wundersch\u00f6ner Wollteppich, der das beliebte skandinavische Design widerspiegelt. Das Muster ist klar und elegant. Der Teppich ist staubfrei und strapazierf\u00e4hig. Teppich nach Mass: unter Gr\u00f6sse ausw\u00e4hlbar Marke: VM-Carpet Material:\u00a047% Wolle, 47% Papiergarn, 6% Polyester Herstellungsort: Finnland Herstellungsart:\u00a0Gewebt R\u00fcckseite: Die rutschfeste R\u00fcckseite des Teppichs besteht aus hochqualitativem rezyklierbarem Kunststoff. Sie macht den Teppich [\u2026] <a href=\"https:\/\/www.viitanordic.com\/de\/product\/nordische-wollteppiche-skandinavische-teppiche-aus-wolle\/teppich-polar-kupfer\/\">\u00bb Lesen Sie mehr<\/a><\/p>\n","protected":false},"featured_media":34797,"template":"","meta":{"_acf_changed":false},"product_brand":[],"product_cat":[1024],"product_tag":[],"class_list":{"0":"post-34758","1":"product","2":"type-product","3":"status-publish","4":"has-post-thumbnail","6":"product_cat-nordische-wollteppiche-skandinavische-teppiche-aus-wolle","8":"first","9":"instock","10":"taxable","11":"shipping-taxable","12":"purchasable","13":"product-type-variable","14":"has-default-attributes"},"acf":[],"yoast_head":"<!-- This site is optimized with the Yoast SEO plugin v25.8 - https:\/\/yoast.com\/wordpress\/plugins\/seo\/ -->\n<title>Teppich Polar - Skandinavische Teppiche - Nordische Teppiche aus Finnland \u2013 ViitaNordic<\/title>\n<meta name=\"description\" content=\"Polar ist ein wundersch\u00f6ner Wollteppich, der das beliebte skandinavische Design widerspiegelt. Das Muster ist klar und elegant. Der Teppich ist staubfrei und strapazierf\u00e4hig.\" \/>\n<meta name=\"robots\" content=\"index, follow, max-snippet:-1, max-image-preview:large, max-video-preview:-1\" \/>\n<link rel=\"canonical\" href=\"https:\/\/www.viitanordic.com\/de\/product\/nordische-wollteppiche-skandinavische-teppiche-aus-wolle\/teppich-polar-kupfer\/\" \/>\n<meta property=\"og:locale\" content=\"de_DE\" \/>\n<meta property=\"og:type\" content=\"article\" \/>\n<meta property=\"og:title\" content=\"Teppich Polar - Skandinavische Teppiche - Nordische Teppiche aus Finnland \u2013 ViitaNordic\" \/>\n<meta property=\"og:description\" content=\"Polar ist ein wundersch\u00f6ner Wollteppich, der das beliebte skandinavische Design widerspiegelt. Das Muster ist klar und elegant. Der Teppich ist staubfrei und strapazierf\u00e4hig.\" \/>\n<meta property=\"og:url\" content=\"https:\/\/www.viitanordic.com\/de\/product\/nordische-wollteppiche-skandinavische-teppiche-aus-wolle\/teppich-polar-kupfer\/\" \/>\n<meta property=\"og:site_name\" content=\"Skandinavische Teppiche - Nordische Teppiche aus Finnland \u2013 ViitaNordic\" \/>\n<meta property=\"article:publisher\" content=\"https:\/\/www.facebook.com\/viitanordic\" \/>\n<meta property=\"article:modified_time\" content=\"2021-02-20T15:55:28+00:00\" \/>\n<meta property=\"og:image\" content=\"https:\/\/www.viitanordic.com\/lataukset\/wool-rug-polar-copper-73-top1.jpg\" \/>\n\t<meta property=\"og:image:width\" content=\"1920\" \/>\n\t<meta property=\"og:image:height\" content=\"1329\" \/>\n\t<meta property=\"og:image:type\" content=\"image\/jpeg\" \/>\n<meta name=\"twitter:label1\" content=\"Est. reading time\" \/>\n\t<meta name=\"twitter:data1\" content=\"1 minute\" \/>\n<script type=\"application\/ld+json\" class=\"yoast-schema-graph\">{\"@context\":\"https:\/\/schema.org\",\"@graph\":[{\"@type\":\"WebPage\",\"@id\":\"https:\/\/www.viitanordic.com\/de\/product\/nordische-wollteppiche-skandinavische-teppiche-aus-wolle\/teppich-polar-kupfer\/\",\"url\":\"https:\/\/www.viitanordic.com\/de\/product\/nordische-wollteppiche-skandinavische-teppiche-aus-wolle\/teppich-polar-kupfer\/\",\"name\":\"Teppich Polar - Skandinavische Teppiche - Nordische Teppiche aus Finnland \u2013 ViitaNordic\",\"isPartOf\":{\"@id\":\"https:\/\/www.viitanordic.com\/#website\"},\"primaryImageOfPage\":{\"@id\":\"https:\/\/www.viitanordic.com\/de\/product\/nordische-wollteppiche-skandinavische-teppiche-aus-wolle\/teppich-polar-kupfer\/#primaryimage\"},\"image\":{\"@id\":\"https:\/\/www.viitanordic.com\/de\/product\/nordische-wollteppiche-skandinavische-teppiche-aus-wolle\/teppich-polar-kupfer\/#primaryimage\"},\"thumbnailUrl\":\"https:\/\/www.viitanordic.com\/lataukset\/wool-rug-polar-copper-73-top1.jpg\",\"datePublished\":\"2021-02-20T14:27:10+00:00\",\"dateModified\":\"2021-02-20T15:55:28+00:00\",\"description\":\"Polar ist ein wundersch\u00f6ner Wollteppich, der das beliebte skandinavische Design widerspiegelt. Das Muster ist klar und elegant. Der Teppich ist staubfrei und strapazierf\u00e4hig.\",\"breadcrumb\":{\"@id\":\"https:\/\/www.viitanordic.com\/de\/product\/nordische-wollteppiche-skandinavische-teppiche-aus-wolle\/teppich-polar-kupfer\/#breadcrumb\"},\"inLanguage\":\"de\",\"potentialAction\":[{\"@type\":\"ReadAction\",\"target\":[\"https:\/\/www.viitanordic.com\/de\/product\/nordische-wollteppiche-skandinavische-teppiche-aus-wolle\/teppich-polar-kupfer\/\"]}]},{\"@type\":\"ImageObject\",\"inLanguage\":\"de\",\"@id\":\"https:\/\/www.viitanordic.com\/de\/product\/nordische-wollteppiche-skandinavische-teppiche-aus-wolle\/teppich-polar-kupfer\/#primaryimage\",\"url\":\"https:\/\/www.viitanordic.com\/lataukset\/wool-rug-polar-copper-73-top1.jpg\",\"contentUrl\":\"https:\/\/www.viitanordic.com\/lataukset\/wool-rug-polar-copper-73-top1.jpg\",\"width\":1920,\"height\":1329},{\"@type\":\"BreadcrumbList\",\"@id\":\"https:\/\/www.viitanordic.com\/de\/product\/nordische-wollteppiche-skandinavische-teppiche-aus-wolle\/teppich-polar-kupfer\/#breadcrumb\",\"itemListElement\":[{\"@type\":\"ListItem\",\"position\":1,\"name\":\"Etusivu\",\"item\":\"https:\/\/www.viitanordic.com\/de\/\"},{\"@type\":\"ListItem\",\"position\":2,\"name\":\"Skandinavische Teppiche &#8211; Nordische Teppiche\",\"item\":\"https:\/\/www.viitanordic.com\/de\/\"},{\"@type\":\"ListItem\",\"position\":3,\"name\":\"Teppich Polar\"}]},{\"@type\":\"WebSite\",\"@id\":\"https:\/\/www.viitanordic.com\/#website\",\"url\":\"https:\/\/www.viitanordic.com\/\",\"name\":\"Scandinavian Rugs - Nordic Rugs - Made in Finland \u2013 ViitaNordic\",\"description\":\"Skandinavische Teppiche - Nordische Teppiche aus Finnland \u2013 ViitaNordic\",\"publisher\":{\"@id\":\"https:\/\/www.viitanordic.com\/#organization\"},\"potentialAction\":[{\"@type\":\"SearchAction\",\"target\":{\"@type\":\"EntryPoint\",\"urlTemplate\":\"https:\/\/www.viitanordic.com\/?s={search_term_string}\"},\"query-input\":{\"@type\":\"PropertyValueSpecification\",\"valueRequired\":true,\"valueName\":\"search_term_string\"}}],\"inLanguage\":\"de\"},{\"@type\":\"Organization\",\"@id\":\"https:\/\/www.viitanordic.com\/#organization\",\"name\":\"ViitaNordic Oy\",\"url\":\"https:\/\/www.viitanordic.com\/\",\"logo\":{\"@type\":\"ImageObject\",\"inLanguage\":\"de\",\"@id\":\"https:\/\/www.viitanordic.com\/#\/schema\/logo\/image\/\",\"url\":\"https:\/\/www.viitanordic.com\/lataukset\/logo-viitanordic.png\",\"contentUrl\":\"https:\/\/www.viitanordic.com\/lataukset\/logo-viitanordic.png\",\"width\":720,\"height\":111,\"caption\":\"ViitaNordic Oy\"},\"image\":{\"@id\":\"https:\/\/www.viitanordic.com\/#\/schema\/logo\/image\/\"},\"sameAs\":[\"https:\/\/www.facebook.com\/viitanordic\",\"https:\/\/fi.pinterest.com\/viitanordic\/\"]}]}<\/script>\n<!-- \/ Yoast SEO plugin. -->","yoast_head_json":{"title":"Teppich Polar - Skandinavische Teppiche - Nordische Teppiche aus Finnland \u2013 ViitaNordic","description":"Polar ist ein wundersch\u00f6ner Wollteppich, der das beliebte skandinavische Design widerspiegelt. Das Muster ist klar und elegant. Der Teppich ist staubfrei und strapazierf\u00e4hig.","robots":{"index":"index","follow":"follow","max-snippet":"max-snippet:-1","max-image-preview":"max-image-preview:large","max-video-preview":"max-video-preview:-1"},"canonical":"https:\/\/www.viitanordic.com\/de\/product\/nordische-wollteppiche-skandinavische-teppiche-aus-wolle\/teppich-polar-kupfer\/","og_locale":"de_DE","og_type":"article","og_title":"Teppich Polar - Skandinavische Teppiche - Nordische Teppiche aus Finnland \u2013 ViitaNordic","og_description":"Polar ist ein wundersch\u00f6ner Wollteppich, der das beliebte skandinavische Design widerspiegelt. Das Muster ist klar und elegant. Der Teppich ist staubfrei und strapazierf\u00e4hig.","og_url":"https:\/\/www.viitanordic.com\/de\/product\/nordische-wollteppiche-skandinavische-teppiche-aus-wolle\/teppich-polar-kupfer\/","og_site_name":"Skandinavische Teppiche - Nordische Teppiche aus Finnland \u2013 ViitaNordic","article_publisher":"https:\/\/www.facebook.com\/viitanordic","article_modified_time":"2021-02-20T15:55:28+00:00","og_image":[{"width":1920,"height":1329,"url":"https:\/\/www.viitanordic.com\/lataukset\/wool-rug-polar-copper-73-top1.jpg","type":"image\/jpeg"}],"twitter_misc":{"Est. reading time":"1 minute"},"schema":{"@context":"https:\/\/schema.org","@graph":[{"@type":"WebPage","@id":"https:\/\/www.viitanordic.com\/de\/product\/nordische-wollteppiche-skandinavische-teppiche-aus-wolle\/teppich-polar-kupfer\/","url":"https:\/\/www.viitanordic.com\/de\/product\/nordische-wollteppiche-skandinavische-teppiche-aus-wolle\/teppich-polar-kupfer\/","name":"Teppich Polar - Skandinavische Teppiche - Nordische Teppiche aus Finnland \u2013 ViitaNordic","isPartOf":{"@id":"https:\/\/www.viitanordic.com\/#website"},"primaryImageOfPage":{"@id":"https:\/\/www.viitanordic.com\/de\/product\/nordische-wollteppiche-skandinavische-teppiche-aus-wolle\/teppich-polar-kupfer\/#primaryimage"},"image":{"@id":"https:\/\/www.viitanordic.com\/de\/product\/nordische-wollteppiche-skandinavische-teppiche-aus-wolle\/teppich-polar-kupfer\/#primaryimage"},"thumbnailUrl":"https:\/\/www.viitanordic.com\/lataukset\/wool-rug-polar-copper-73-top1.jpg","datePublished":"2021-02-20T14:27:10+00:00","dateModified":"2021-02-20T15:55:28+00:00","description":"Polar ist ein wundersch\u00f6ner Wollteppich, der das beliebte skandinavische Design widerspiegelt. Das Muster ist klar und elegant. Der Teppich ist staubfrei und strapazierf\u00e4hig.","breadcrumb":{"@id":"https:\/\/www.viitanordic.com\/de\/product\/nordische-wollteppiche-skandinavische-teppiche-aus-wolle\/teppich-polar-kupfer\/#breadcrumb"},"inLanguage":"de","potentialAction":[{"@type":"ReadAction","target":["https:\/\/www.viitanordic.com\/de\/product\/nordische-wollteppiche-skandinavische-teppiche-aus-wolle\/teppich-polar-kupfer\/"]}]},{"@type":"ImageObject","inLanguage":"de","@id":"https:\/\/www.viitanordic.com\/de\/product\/nordische-wollteppiche-skandinavische-teppiche-aus-wolle\/teppich-polar-kupfer\/#primaryimage","url":"https:\/\/www.viitanordic.com\/lataukset\/wool-rug-polar-copper-73-top1.jpg","contentUrl":"https:\/\/www.viitanordic.com\/lataukset\/wool-rug-polar-copper-73-top1.jpg","width":1920,"height":1329},{"@type":"BreadcrumbList","@id":"https:\/\/www.viitanordic.com\/de\/product\/nordische-wollteppiche-skandinavische-teppiche-aus-wolle\/teppich-polar-kupfer\/#breadcrumb","itemListElement":[{"@type":"ListItem","position":1,"name":"Etusivu","item":"https:\/\/www.viitanordic.com\/de\/"},{"@type":"ListItem","position":2,"name":"Skandinavische Teppiche &#8211; Nordische Teppiche","item":"https:\/\/www.viitanordic.com\/de\/"},{"@type":"ListItem","position":3,"name":"Teppich Polar"}]},{"@type":"WebSite","@id":"https:\/\/www.viitanordic.com\/#website","url":"https:\/\/www.viitanordic.com\/","name":"Scandinavian Rugs - Nordic Rugs - Made in Finland \u2013 ViitaNordic","description":"Skandinavische Teppiche - Nordische Teppiche aus Finnland \u2013 ViitaNordic","publisher":{"@id":"https:\/\/www.viitanordic.com\/#organization"},"potentialAction":[{"@type":"SearchAction","target":{"@type":"EntryPoint","urlTemplate":"https:\/\/www.viitanordic.com\/?s={search_term_string}"},"query-input":{"@type":"PropertyValueSpecification","valueRequired":true,"valueName":"search_term_string"}}],"inLanguage":"de"},{"@type":"Organization","@id":"https:\/\/www.viitanordic.com\/#organization","name":"ViitaNordic Oy","url":"https:\/\/www.viitanordic.com\/","logo":{"@type":"ImageObject","inLanguage":"de","@id":"https:\/\/www.viitanordic.com\/#\/schema\/logo\/image\/","url":"https:\/\/www.viitanordic.com\/lataukset\/logo-viitanordic.png","contentUrl":"https:\/\/www.viitanordic.com\/lataukset\/logo-viitanordic.png","width":720,"height":111,"caption":"ViitaNordic Oy"},"image":{"@id":"https:\/\/www.viitanordic.com\/#\/schema\/logo\/image\/"},"sameAs":["https:\/\/www.facebook.com\/viitanordic","https:\/\/fi.pinterest.com\/viitanordic\/"]}]}},"_links":{"self":[{"href":"https:\/\/www.viitanordic.com\/de\/wp-json\/wp\/v2\/product\/34758","targetHints":{"allow":["GET"]}}],"collection":[{"href":"https:\/\/www.viitanordic.com\/de\/wp-json\/wp\/v2\/product"}],"about":[{"href":"https:\/\/www.viitanordic.com\/de\/wp-json\/wp\/v2\/types\/product"}],"wp:featuredmedia":[{"embeddable":true,"href":"https:\/\/www.viitanordic.com\/de\/wp-json\/wp\/v2\/media\/34797"}],"wp:attachment":[{"href":"https:\/\/www.viitanordic.com\/de\/wp-json\/wp\/v2\/media?parent=34758"}],"wp:term":[{"taxonomy":"product_brand","embeddable":true,"href":"https:\/\/www.viitanordic.com\/de\/wp-json\/wp\/v2\/product_brand?post=34758"},{"taxonomy":"product_cat","embeddable":true,"href":"https:\/\/www.viitanordic.com\/de\/wp-json\/wp\/v2\/product_cat?post=34758"},{"taxonomy":"product_tag","embeddable":true,"href":"https:\/\/www.viitanordic.com\/de\/wp-json\/wp\/v2\/product_tag?post=34758"}],"curies":[{"name":"wp","href":"https:\/\/api.w.org\/{rel}","templated":true}]}}