{"id":35842,"date":"2021-05-13T20:15:13","date_gmt":"2021-05-13T17:15:14","guid":{"rendered":"https:\/\/www.viitanordic.com\/?post_type=product&#038;p=35842"},"modified":"2023-01-21T22:23:08","modified_gmt":"2023-01-21T20:23:08","slug":"teppich-koivu-schwarz-braun","status":"publish","type":"product","link":"https:\/\/www.viitanordic.com\/de\/product\/nordische-teppiche-finnisches-design\/teppich-koivu-schwarz-braun\/","title":{"rendered":"Teppich Koivu"},"content":{"rendered":"<p>Der Teppich Koivu ist ein stylischer und eleganter skandinavischer Webteppich. Der Teppich ist staubfrei, antistatisch, strapazierf\u00e4hig und ideal f\u00fcr zu Hause. Dank einer Anti-Flecken Behandlung ist der Teppich Koivu leicht zu pflegen.<\/p>\n<p><strong>Teppich nach Mass:<\/strong> unter Gr\u00f6sse ausw\u00e4hlbar<\/p>\n<p><strong>Marke:<\/strong> VM-Carpet<\/p>\n<p><strong>Material:<\/strong>\u00a085% Papiergarn, 15% Polyester<\/p>\n<p><strong>Herstellungsort:<\/strong> Finnland<\/p>\n<p><strong>Herstellungsart:<\/strong> Gewebt<\/p>\n<p><strong>R\u00fcckseite:<\/strong> Die rutschfeste R\u00fcckseite des Teppichs besteht aus hochqualitativem rezyklierbarem Kunststoff. Sie macht den Teppich stabiler und passt auch f\u00fcr B\u00f6den mit Heizung. Die R\u00fcckseite ist geruchlos, hinterl\u00e4sst keine Flecken und erzeugt keinen Staub.<\/p>\n<p><strong>Rand:<\/strong> 100% Baumwolle<\/p>\n<p><strong>Pflege: <\/strong>Regelm\u00e4ssiges Staubsaugen. Der Schmutz sollte mit einem feuchten Putztuch sofort entfernt werden. Aber nicht reiben sondern abtupfen.<\/p>\n<p><strong>Reinigung: <\/strong>Sorgf\u00e4ltig mit Wasser (max. +30\u00baC) und milden Reinigungsmittel und weicher B\u00fcrste waschen. Der Teppich nicht ins Wasser eintauchen und auch nicht reiben. Mit viel Wasser absp\u00fclen. Das restliche Wasser mit einem Teppichroller aus dem Teppich rauspressen. Den feuchten Teppich wieder vorsichtig formen und flach auf dem Boden trocknen lassen. Der Teppich darf nicht zusammengelegt werden. Eine professionelle Reinigung wird empfohlen.<\/p>\n","protected":false},"excerpt":{"rendered":"<p>Der Teppich Koivu ist ein stylischer und eleganter skandinavischer Webteppich. Der Teppich ist staubfrei, antistatisch, strapazierf\u00e4hig und ideal f\u00fcr zu Hause. Dank einer Anti-Flecken Behandlung ist der Teppich Koivu leicht zu pflegen. Teppich nach Mass: unter Gr\u00f6sse ausw\u00e4hlbar Marke: VM-Carpet Material:\u00a085% Papiergarn, 15% Polyester Herstellungsort: Finnland Herstellungsart: Gewebt R\u00fcckseite: Die rutschfeste R\u00fcckseite des Teppichs besteht [\u2026] <a href=\"https:\/\/www.viitanordic.com\/de\/product\/nordische-teppiche-finnisches-design\/teppich-koivu-schwarz-braun\/\">\u00bb Lesen Sie mehr<\/a><\/p>\n","protected":false},"featured_media":35889,"template":"","meta":{"_acf_changed":false},"product_brand":[],"product_cat":[1018],"product_tag":[],"class_list":{"0":"post-35842","1":"product","2":"type-product","3":"status-publish","4":"has-post-thumbnail","6":"product_cat-nordische-teppiche-finnisches-design","8":"first","9":"instock","10":"taxable","11":"shipping-taxable","12":"purchasable","13":"product-type-variable","14":"has-default-attributes"},"acf":[],"yoast_head":"<!-- This site is optimized with the Yoast SEO plugin v25.8 - https:\/\/yoast.com\/wordpress\/plugins\/seo\/ -->\n<title>Teppich Koivu - Skandinavische Teppiche - Nordische Teppiche aus Finnland \u2013 ViitaNordic<\/title>\n<meta name=\"description\" content=\"Der Teppich Koivu ist ein stylischer und eleganter Webteppich. Der Teppich ist staubfrei, antistatisch, strapazierf\u00e4hig und ideal f\u00fcr zu Hause.\" \/>\n<meta name=\"robots\" content=\"index, follow, max-snippet:-1, max-image-preview:large, max-video-preview:-1\" \/>\n<link rel=\"canonical\" href=\"https:\/\/www.viitanordic.com\/de\/product\/nordische-teppiche-finnisches-design\/teppich-koivu-schwarz-braun\/\" \/>\n<meta property=\"og:locale\" content=\"de_DE\" \/>\n<meta property=\"og:type\" content=\"article\" \/>\n<meta property=\"og:title\" content=\"Teppich Koivu - Skandinavische Teppiche - Nordische Teppiche aus Finnland \u2013 ViitaNordic\" \/>\n<meta property=\"og:description\" content=\"Der Teppich Koivu ist ein stylischer und eleganter Webteppich. Der Teppich ist staubfrei, antistatisch, strapazierf\u00e4hig und ideal f\u00fcr zu Hause.\" \/>\n<meta property=\"og:url\" content=\"https:\/\/www.viitanordic.com\/de\/product\/nordische-teppiche-finnisches-design\/teppich-koivu-schwarz-braun\/\" \/>\n<meta property=\"og:site_name\" content=\"Skandinavische Teppiche - Nordische Teppiche aus Finnland \u2013 ViitaNordic\" \/>\n<meta property=\"article:publisher\" content=\"https:\/\/www.facebook.com\/viitanordic\" \/>\n<meta property=\"article:modified_time\" content=\"2023-01-21T20:23:08+00:00\" \/>\n<meta property=\"og:image\" content=\"https:\/\/www.viitanordic.com\/lataukset\/Koivu-black-brown-.jpg\" \/>\n\t<meta property=\"og:image:width\" content=\"1920\" \/>\n\t<meta property=\"og:image:height\" content=\"1295\" \/>\n\t<meta property=\"og:image:type\" content=\"image\/jpeg\" \/>\n<meta name=\"twitter:label1\" content=\"Est. reading time\" \/>\n\t<meta name=\"twitter:data1\" content=\"1 minute\" \/>\n<script type=\"application\/ld+json\" class=\"yoast-schema-graph\">{\"@context\":\"https:\/\/schema.org\",\"@graph\":[{\"@type\":\"WebPage\",\"@id\":\"https:\/\/www.viitanordic.com\/de\/product\/nordische-teppiche-finnisches-design\/teppich-koivu-schwarz-braun\/\",\"url\":\"https:\/\/www.viitanordic.com\/de\/product\/nordische-teppiche-finnisches-design\/teppich-koivu-schwarz-braun\/\",\"name\":\"Teppich Koivu - Skandinavische Teppiche - Nordische Teppiche aus Finnland \u2013 ViitaNordic\",\"isPartOf\":{\"@id\":\"https:\/\/www.viitanordic.com\/#website\"},\"primaryImageOfPage\":{\"@id\":\"https:\/\/www.viitanordic.com\/de\/product\/nordische-teppiche-finnisches-design\/teppich-koivu-schwarz-braun\/#primaryimage\"},\"image\":{\"@id\":\"https:\/\/www.viitanordic.com\/de\/product\/nordische-teppiche-finnisches-design\/teppich-koivu-schwarz-braun\/#primaryimage\"},\"thumbnailUrl\":\"https:\/\/www.viitanordic.com\/lataukset\/Koivu-black-brown-.jpg\",\"datePublished\":\"2021-05-13T17:15:14+00:00\",\"dateModified\":\"2023-01-21T20:23:08+00:00\",\"description\":\"Der Teppich Koivu ist ein stylischer und eleganter Webteppich. Der Teppich ist staubfrei, antistatisch, strapazierf\u00e4hig und ideal f\u00fcr zu Hause.\",\"breadcrumb\":{\"@id\":\"https:\/\/www.viitanordic.com\/de\/product\/nordische-teppiche-finnisches-design\/teppich-koivu-schwarz-braun\/#breadcrumb\"},\"inLanguage\":\"de\",\"potentialAction\":[{\"@type\":\"ReadAction\",\"target\":[\"https:\/\/www.viitanordic.com\/de\/product\/nordische-teppiche-finnisches-design\/teppich-koivu-schwarz-braun\/\"]}]},{\"@type\":\"ImageObject\",\"inLanguage\":\"de\",\"@id\":\"https:\/\/www.viitanordic.com\/de\/product\/nordische-teppiche-finnisches-design\/teppich-koivu-schwarz-braun\/#primaryimage\",\"url\":\"https:\/\/www.viitanordic.com\/lataukset\/Koivu-black-brown-.jpg\",\"contentUrl\":\"https:\/\/www.viitanordic.com\/lataukset\/Koivu-black-brown-.jpg\",\"width\":1920,\"height\":1295},{\"@type\":\"BreadcrumbList\",\"@id\":\"https:\/\/www.viitanordic.com\/de\/product\/nordische-teppiche-finnisches-design\/teppich-koivu-schwarz-braun\/#breadcrumb\",\"itemListElement\":[{\"@type\":\"ListItem\",\"position\":1,\"name\":\"Etusivu\",\"item\":\"https:\/\/www.viitanordic.com\/de\/\"},{\"@type\":\"ListItem\",\"position\":2,\"name\":\"Skandinavische Teppiche &#8211; Nordische Teppiche\",\"item\":\"https:\/\/www.viitanordic.com\/de\/\"},{\"@type\":\"ListItem\",\"position\":3,\"name\":\"Teppich Koivu\"}]},{\"@type\":\"WebSite\",\"@id\":\"https:\/\/www.viitanordic.com\/#website\",\"url\":\"https:\/\/www.viitanordic.com\/\",\"name\":\"Scandinavian Rugs - Nordic Rugs - Made in Finland \u2013 ViitaNordic\",\"description\":\"Skandinavische Teppiche - Nordische Teppiche aus Finnland \u2013 ViitaNordic\",\"publisher\":{\"@id\":\"https:\/\/www.viitanordic.com\/#organization\"},\"potentialAction\":[{\"@type\":\"SearchAction\",\"target\":{\"@type\":\"EntryPoint\",\"urlTemplate\":\"https:\/\/www.viitanordic.com\/?s={search_term_string}\"},\"query-input\":{\"@type\":\"PropertyValueSpecification\",\"valueRequired\":true,\"valueName\":\"search_term_string\"}}],\"inLanguage\":\"de\"},{\"@type\":\"Organization\",\"@id\":\"https:\/\/www.viitanordic.com\/#organization\",\"name\":\"ViitaNordic Oy\",\"url\":\"https:\/\/www.viitanordic.com\/\",\"logo\":{\"@type\":\"ImageObject\",\"inLanguage\":\"de\",\"@id\":\"https:\/\/www.viitanordic.com\/#\/schema\/logo\/image\/\",\"url\":\"https:\/\/www.viitanordic.com\/lataukset\/logo-viitanordic.png\",\"contentUrl\":\"https:\/\/www.viitanordic.com\/lataukset\/logo-viitanordic.png\",\"width\":720,\"height\":111,\"caption\":\"ViitaNordic Oy\"},\"image\":{\"@id\":\"https:\/\/www.viitanordic.com\/#\/schema\/logo\/image\/\"},\"sameAs\":[\"https:\/\/www.facebook.com\/viitanordic\",\"https:\/\/fi.pinterest.com\/viitanordic\/\"]}]}<\/script>\n<!-- \/ Yoast SEO plugin. -->","yoast_head_json":{"title":"Teppich Koivu - Skandinavische Teppiche - Nordische Teppiche aus Finnland \u2013 ViitaNordic","description":"Der Teppich Koivu ist ein stylischer und eleganter Webteppich. Der Teppich ist staubfrei, antistatisch, strapazierf\u00e4hig und ideal f\u00fcr zu Hause.","robots":{"index":"index","follow":"follow","max-snippet":"max-snippet:-1","max-image-preview":"max-image-preview:large","max-video-preview":"max-video-preview:-1"},"canonical":"https:\/\/www.viitanordic.com\/de\/product\/nordische-teppiche-finnisches-design\/teppich-koivu-schwarz-braun\/","og_locale":"de_DE","og_type":"article","og_title":"Teppich Koivu - Skandinavische Teppiche - Nordische Teppiche aus Finnland \u2013 ViitaNordic","og_description":"Der Teppich Koivu ist ein stylischer und eleganter Webteppich. Der Teppich ist staubfrei, antistatisch, strapazierf\u00e4hig und ideal f\u00fcr zu Hause.","og_url":"https:\/\/www.viitanordic.com\/de\/product\/nordische-teppiche-finnisches-design\/teppich-koivu-schwarz-braun\/","og_site_name":"Skandinavische Teppiche - Nordische Teppiche aus Finnland \u2013 ViitaNordic","article_publisher":"https:\/\/www.facebook.com\/viitanordic","article_modified_time":"2023-01-21T20:23:08+00:00","og_image":[{"width":1920,"height":1295,"url":"https:\/\/www.viitanordic.com\/lataukset\/Koivu-black-brown-.jpg","type":"image\/jpeg"}],"twitter_misc":{"Est. reading time":"1 minute"},"schema":{"@context":"https:\/\/schema.org","@graph":[{"@type":"WebPage","@id":"https:\/\/www.viitanordic.com\/de\/product\/nordische-teppiche-finnisches-design\/teppich-koivu-schwarz-braun\/","url":"https:\/\/www.viitanordic.com\/de\/product\/nordische-teppiche-finnisches-design\/teppich-koivu-schwarz-braun\/","name":"Teppich Koivu - Skandinavische Teppiche - Nordische Teppiche aus Finnland \u2013 ViitaNordic","isPartOf":{"@id":"https:\/\/www.viitanordic.com\/#website"},"primaryImageOfPage":{"@id":"https:\/\/www.viitanordic.com\/de\/product\/nordische-teppiche-finnisches-design\/teppich-koivu-schwarz-braun\/#primaryimage"},"image":{"@id":"https:\/\/www.viitanordic.com\/de\/product\/nordische-teppiche-finnisches-design\/teppich-koivu-schwarz-braun\/#primaryimage"},"thumbnailUrl":"https:\/\/www.viitanordic.com\/lataukset\/Koivu-black-brown-.jpg","datePublished":"2021-05-13T17:15:14+00:00","dateModified":"2023-01-21T20:23:08+00:00","description":"Der Teppich Koivu ist ein stylischer und eleganter Webteppich. Der Teppich ist staubfrei, antistatisch, strapazierf\u00e4hig und ideal f\u00fcr zu Hause.","breadcrumb":{"@id":"https:\/\/www.viitanordic.com\/de\/product\/nordische-teppiche-finnisches-design\/teppich-koivu-schwarz-braun\/#breadcrumb"},"inLanguage":"de","potentialAction":[{"@type":"ReadAction","target":["https:\/\/www.viitanordic.com\/de\/product\/nordische-teppiche-finnisches-design\/teppich-koivu-schwarz-braun\/"]}]},{"@type":"ImageObject","inLanguage":"de","@id":"https:\/\/www.viitanordic.com\/de\/product\/nordische-teppiche-finnisches-design\/teppich-koivu-schwarz-braun\/#primaryimage","url":"https:\/\/www.viitanordic.com\/lataukset\/Koivu-black-brown-.jpg","contentUrl":"https:\/\/www.viitanordic.com\/lataukset\/Koivu-black-brown-.jpg","width":1920,"height":1295},{"@type":"BreadcrumbList","@id":"https:\/\/www.viitanordic.com\/de\/product\/nordische-teppiche-finnisches-design\/teppich-koivu-schwarz-braun\/#breadcrumb","itemListElement":[{"@type":"ListItem","position":1,"name":"Etusivu","item":"https:\/\/www.viitanordic.com\/de\/"},{"@type":"ListItem","position":2,"name":"Skandinavische Teppiche &#8211; Nordische Teppiche","item":"https:\/\/www.viitanordic.com\/de\/"},{"@type":"ListItem","position":3,"name":"Teppich Koivu"}]},{"@type":"WebSite","@id":"https:\/\/www.viitanordic.com\/#website","url":"https:\/\/www.viitanordic.com\/","name":"Scandinavian Rugs - Nordic Rugs - Made in Finland \u2013 ViitaNordic","description":"Skandinavische Teppiche - Nordische Teppiche aus Finnland \u2013 ViitaNordic","publisher":{"@id":"https:\/\/www.viitanordic.com\/#organization"},"potentialAction":[{"@type":"SearchAction","target":{"@type":"EntryPoint","urlTemplate":"https:\/\/www.viitanordic.com\/?s={search_term_string}"},"query-input":{"@type":"PropertyValueSpecification","valueRequired":true,"valueName":"search_term_string"}}],"inLanguage":"de"},{"@type":"Organization","@id":"https:\/\/www.viitanordic.com\/#organization","name":"ViitaNordic Oy","url":"https:\/\/www.viitanordic.com\/","logo":{"@type":"ImageObject","inLanguage":"de","@id":"https:\/\/www.viitanordic.com\/#\/schema\/logo\/image\/","url":"https:\/\/www.viitanordic.com\/lataukset\/logo-viitanordic.png","contentUrl":"https:\/\/www.viitanordic.com\/lataukset\/logo-viitanordic.png","width":720,"height":111,"caption":"ViitaNordic Oy"},"image":{"@id":"https:\/\/www.viitanordic.com\/#\/schema\/logo\/image\/"},"sameAs":["https:\/\/www.facebook.com\/viitanordic","https:\/\/fi.pinterest.com\/viitanordic\/"]}]}},"_links":{"self":[{"href":"https:\/\/www.viitanordic.com\/de\/wp-json\/wp\/v2\/product\/35842","targetHints":{"allow":["GET"]}}],"collection":[{"href":"https:\/\/www.viitanordic.com\/de\/wp-json\/wp\/v2\/product"}],"about":[{"href":"https:\/\/www.viitanordic.com\/de\/wp-json\/wp\/v2\/types\/product"}],"wp:featuredmedia":[{"embeddable":true,"href":"https:\/\/www.viitanordic.com\/de\/wp-json\/wp\/v2\/media\/35889"}],"wp:attachment":[{"href":"https:\/\/www.viitanordic.com\/de\/wp-json\/wp\/v2\/media?parent=35842"}],"wp:term":[{"taxonomy":"product_brand","embeddable":true,"href":"https:\/\/www.viitanordic.com\/de\/wp-json\/wp\/v2\/product_brand?post=35842"},{"taxonomy":"product_cat","embeddable":true,"href":"https:\/\/www.viitanordic.com\/de\/wp-json\/wp\/v2\/product_cat?post=35842"},{"taxonomy":"product_tag","embeddable":true,"href":"https:\/\/www.viitanordic.com\/de\/wp-json\/wp\/v2\/product_tag?post=35842"}],"curies":[{"name":"wp","href":"https:\/\/api.w.org\/{rel}","templated":true}]}}