{"id":36684,"date":"2021-06-12T09:47:26","date_gmt":"2021-06-12T06:47:28","guid":{"rendered":"https:\/\/www.viitanordic.com\/?post_type=product&#038;p=36684"},"modified":"2022-09-16T21:30:16","modified_gmt":"2022-09-16T18:30:16","slug":"tessa-weiss","status":"publish","type":"product","link":"https:\/\/www.viitanordic.com\/de\/product\/hochflor-teppiche-skandinavisches-design\/tessa-weiss\/","title":{"rendered":"Tessa"},"content":{"rendered":"<p>Es ist einfach sich in den Teppich Tessa zu verlieben. Er ist sehr weich und passt gut ins Schlafzimmer oder ins Wohnzimmer.<\/p>\n<p><strong>Marke:<\/strong> VM-Carpet<\/p>\n<p><strong>Material:<\/strong> 50% Wolle, 50% Leinen<\/p>\n<p><strong>Herstellungsort:<\/strong>\u00a0Finnland<\/p>\n<p><strong>Herstellungsart:<\/strong> Getuftet<\/p>\n<p><strong>R\u00fcckseite:<\/strong> Die rutschfeste R\u00fcckseite des Teppichs besteht aus hochqualitativem rezyklierbarem Kunststoff. Sie macht den Teppich stabiler und passt auch f\u00fcr B\u00f6den mit Heizung. Die R\u00fcckseite ist geruchlos, hinterl\u00e4sst keine Flecken und erzeugt keinen Staub.<\/p>\n<p><strong>Pflege: <\/strong>Regelm\u00e4ssiges Staubsaugen. Der Schmutz sollte mit einem feuchten Putztuch sofort entfernt\u00a0werden. Aber nicht reiben sondern abtupfen.<\/p>\n<p><strong>Reingung: <\/strong>Sorgf\u00e4ltig mit Wasser (max. +30\u00baC) und milden Reinigungsmittel und weicher B\u00fcrste waschen. Der Teppich nicht ins Wasser eintauchen und auch nicht reiben. Mit viel Wasser absp\u00fclen. Das restliche Wasser mit einem Teppichroller aus dem Teppich rauspressen. Den feuchten Teppich wieder vorsichtig formen und flach auf dem Boden trocknen lassen. Der Teppich darf nicht zusammengelegt werden. Eine professionelle Reinigung wird empfohlen.<\/p>\n","protected":false},"excerpt":{"rendered":"<p>Es ist einfach sich in den Teppich Tessa zu verlieben. Er ist sehr weich und passt gut ins Schlafzimmer oder ins Wohnzimmer. Marke: VM-Carpet Material: 50% Wolle, 50% Leinen Herstellungsort:\u00a0Finnland Herstellungsart: Getuftet R\u00fcckseite: Die rutschfeste R\u00fcckseite des Teppichs besteht aus hochqualitativem rezyklierbarem Kunststoff. Sie macht den Teppich stabiler und passt auch f\u00fcr B\u00f6den mit Heizung. [\u2026] <a href=\"https:\/\/www.viitanordic.com\/de\/product\/hochflor-teppiche-skandinavisches-design\/tessa-weiss\/\">\u00bb Lesen Sie mehr<\/a><\/p>\n","protected":false},"featured_media":36731,"template":"","meta":{"_acf_changed":false},"product_brand":[],"product_cat":[1024,1021],"product_tag":[],"class_list":{"0":"post-36684","1":"product","2":"type-product","3":"status-publish","4":"has-post-thumbnail","6":"product_cat-nordische-wollteppiche-skandinavische-teppiche-aus-wolle","7":"product_cat-hochflor-teppiche-skandinavisches-design","9":"first","10":"instock","11":"taxable","12":"shipping-taxable","13":"purchasable","14":"product-type-variable","15":"has-default-attributes"},"acf":[],"yoast_head":"<!-- This site is optimized with the Yoast SEO plugin v25.8 - https:\/\/yoast.com\/wordpress\/plugins\/seo\/ -->\n<title>Tessa - Skandinavische Teppiche - Nordische Teppiche aus Finnland \u2013 ViitaNordic<\/title>\n<meta name=\"description\" content=\"Es ist einfach sich in den Teppich Tessa zu verlieben. Er ist sehr weich und passt gut ins Schlafzimmer oder ins Wohnzimmer.\" \/>\n<meta name=\"robots\" content=\"index, follow, max-snippet:-1, max-image-preview:large, max-video-preview:-1\" \/>\n<link rel=\"canonical\" href=\"https:\/\/www.viitanordic.com\/de\/product\/hochflor-teppiche-skandinavisches-design\/tessa-weiss\/\" \/>\n<meta property=\"og:locale\" content=\"de_DE\" \/>\n<meta property=\"og:type\" content=\"article\" \/>\n<meta property=\"og:title\" content=\"Tessa - Skandinavische Teppiche - Nordische Teppiche aus Finnland \u2013 ViitaNordic\" \/>\n<meta property=\"og:description\" content=\"Es ist einfach sich in den Teppich Tessa zu verlieben. Er ist sehr weich und passt gut ins Schlafzimmer oder ins Wohnzimmer.\" \/>\n<meta property=\"og:url\" content=\"https:\/\/www.viitanordic.com\/de\/product\/hochflor-teppiche-skandinavisches-design\/tessa-weiss\/\" \/>\n<meta property=\"og:site_name\" content=\"Skandinavische Teppiche - Nordische Teppiche aus Finnland \u2013 ViitaNordic\" \/>\n<meta property=\"article:publisher\" content=\"https:\/\/www.facebook.com\/viitanordic\" \/>\n<meta property=\"article:modified_time\" content=\"2022-09-16T18:30:16+00:00\" \/>\n<meta property=\"og:image\" content=\"https:\/\/www.viitanordic.com\/lataukset\/Rug-Tessa-white.jpg\" \/>\n\t<meta property=\"og:image:width\" content=\"1312\" \/>\n\t<meta property=\"og:image:height\" content=\"890\" \/>\n\t<meta property=\"og:image:type\" content=\"image\/jpeg\" \/>\n<meta name=\"twitter:label1\" content=\"Est. reading time\" \/>\n\t<meta name=\"twitter:data1\" content=\"1 minute\" \/>\n<script type=\"application\/ld+json\" class=\"yoast-schema-graph\">{\"@context\":\"https:\/\/schema.org\",\"@graph\":[{\"@type\":\"WebPage\",\"@id\":\"https:\/\/www.viitanordic.com\/de\/product\/hochflor-teppiche-skandinavisches-design\/tessa-weiss\/\",\"url\":\"https:\/\/www.viitanordic.com\/de\/product\/hochflor-teppiche-skandinavisches-design\/tessa-weiss\/\",\"name\":\"Tessa - Skandinavische Teppiche - Nordische Teppiche aus Finnland \u2013 ViitaNordic\",\"isPartOf\":{\"@id\":\"https:\/\/www.viitanordic.com\/#website\"},\"primaryImageOfPage\":{\"@id\":\"https:\/\/www.viitanordic.com\/de\/product\/hochflor-teppiche-skandinavisches-design\/tessa-weiss\/#primaryimage\"},\"image\":{\"@id\":\"https:\/\/www.viitanordic.com\/de\/product\/hochflor-teppiche-skandinavisches-design\/tessa-weiss\/#primaryimage\"},\"thumbnailUrl\":\"https:\/\/www.viitanordic.com\/lataukset\/Rug-Tessa-white.jpg\",\"datePublished\":\"2021-06-12T06:47:28+00:00\",\"dateModified\":\"2022-09-16T18:30:16+00:00\",\"description\":\"Es ist einfach sich in den Teppich Tessa zu verlieben. Er ist sehr weich und passt gut ins Schlafzimmer oder ins Wohnzimmer.\",\"breadcrumb\":{\"@id\":\"https:\/\/www.viitanordic.com\/de\/product\/hochflor-teppiche-skandinavisches-design\/tessa-weiss\/#breadcrumb\"},\"inLanguage\":\"de\",\"potentialAction\":[{\"@type\":\"ReadAction\",\"target\":[\"https:\/\/www.viitanordic.com\/de\/product\/hochflor-teppiche-skandinavisches-design\/tessa-weiss\/\"]}]},{\"@type\":\"ImageObject\",\"inLanguage\":\"de\",\"@id\":\"https:\/\/www.viitanordic.com\/de\/product\/hochflor-teppiche-skandinavisches-design\/tessa-weiss\/#primaryimage\",\"url\":\"https:\/\/www.viitanordic.com\/lataukset\/Rug-Tessa-white.jpg\",\"contentUrl\":\"https:\/\/www.viitanordic.com\/lataukset\/Rug-Tessa-white.jpg\",\"width\":1312,\"height\":890},{\"@type\":\"BreadcrumbList\",\"@id\":\"https:\/\/www.viitanordic.com\/de\/product\/hochflor-teppiche-skandinavisches-design\/tessa-weiss\/#breadcrumb\",\"itemListElement\":[{\"@type\":\"ListItem\",\"position\":1,\"name\":\"Etusivu\",\"item\":\"https:\/\/www.viitanordic.com\/de\/\"},{\"@type\":\"ListItem\",\"position\":2,\"name\":\"Skandinavische Teppiche &#8211; Nordische Teppiche\",\"item\":\"https:\/\/www.viitanordic.com\/de\/\"},{\"@type\":\"ListItem\",\"position\":3,\"name\":\"Tessa\"}]},{\"@type\":\"WebSite\",\"@id\":\"https:\/\/www.viitanordic.com\/#website\",\"url\":\"https:\/\/www.viitanordic.com\/\",\"name\":\"Scandinavian Rugs - Nordic Rugs - Made in Finland \u2013 ViitaNordic\",\"description\":\"Skandinavische Teppiche - Nordische Teppiche aus Finnland \u2013 ViitaNordic\",\"publisher\":{\"@id\":\"https:\/\/www.viitanordic.com\/#organization\"},\"potentialAction\":[{\"@type\":\"SearchAction\",\"target\":{\"@type\":\"EntryPoint\",\"urlTemplate\":\"https:\/\/www.viitanordic.com\/?s={search_term_string}\"},\"query-input\":{\"@type\":\"PropertyValueSpecification\",\"valueRequired\":true,\"valueName\":\"search_term_string\"}}],\"inLanguage\":\"de\"},{\"@type\":\"Organization\",\"@id\":\"https:\/\/www.viitanordic.com\/#organization\",\"name\":\"ViitaNordic Oy\",\"url\":\"https:\/\/www.viitanordic.com\/\",\"logo\":{\"@type\":\"ImageObject\",\"inLanguage\":\"de\",\"@id\":\"https:\/\/www.viitanordic.com\/#\/schema\/logo\/image\/\",\"url\":\"https:\/\/www.viitanordic.com\/lataukset\/logo-viitanordic.png\",\"contentUrl\":\"https:\/\/www.viitanordic.com\/lataukset\/logo-viitanordic.png\",\"width\":720,\"height\":111,\"caption\":\"ViitaNordic Oy\"},\"image\":{\"@id\":\"https:\/\/www.viitanordic.com\/#\/schema\/logo\/image\/\"},\"sameAs\":[\"https:\/\/www.facebook.com\/viitanordic\",\"https:\/\/fi.pinterest.com\/viitanordic\/\"]}]}<\/script>\n<!-- \/ Yoast SEO plugin. -->","yoast_head_json":{"title":"Tessa - Skandinavische Teppiche - Nordische Teppiche aus Finnland \u2013 ViitaNordic","description":"Es ist einfach sich in den Teppich Tessa zu verlieben. Er ist sehr weich und passt gut ins Schlafzimmer oder ins Wohnzimmer.","robots":{"index":"index","follow":"follow","max-snippet":"max-snippet:-1","max-image-preview":"max-image-preview:large","max-video-preview":"max-video-preview:-1"},"canonical":"https:\/\/www.viitanordic.com\/de\/product\/hochflor-teppiche-skandinavisches-design\/tessa-weiss\/","og_locale":"de_DE","og_type":"article","og_title":"Tessa - Skandinavische Teppiche - Nordische Teppiche aus Finnland \u2013 ViitaNordic","og_description":"Es ist einfach sich in den Teppich Tessa zu verlieben. Er ist sehr weich und passt gut ins Schlafzimmer oder ins Wohnzimmer.","og_url":"https:\/\/www.viitanordic.com\/de\/product\/hochflor-teppiche-skandinavisches-design\/tessa-weiss\/","og_site_name":"Skandinavische Teppiche - Nordische Teppiche aus Finnland \u2013 ViitaNordic","article_publisher":"https:\/\/www.facebook.com\/viitanordic","article_modified_time":"2022-09-16T18:30:16+00:00","og_image":[{"width":1312,"height":890,"url":"https:\/\/www.viitanordic.com\/lataukset\/Rug-Tessa-white.jpg","type":"image\/jpeg"}],"twitter_misc":{"Est. reading time":"1 minute"},"schema":{"@context":"https:\/\/schema.org","@graph":[{"@type":"WebPage","@id":"https:\/\/www.viitanordic.com\/de\/product\/hochflor-teppiche-skandinavisches-design\/tessa-weiss\/","url":"https:\/\/www.viitanordic.com\/de\/product\/hochflor-teppiche-skandinavisches-design\/tessa-weiss\/","name":"Tessa - Skandinavische Teppiche - Nordische Teppiche aus Finnland \u2013 ViitaNordic","isPartOf":{"@id":"https:\/\/www.viitanordic.com\/#website"},"primaryImageOfPage":{"@id":"https:\/\/www.viitanordic.com\/de\/product\/hochflor-teppiche-skandinavisches-design\/tessa-weiss\/#primaryimage"},"image":{"@id":"https:\/\/www.viitanordic.com\/de\/product\/hochflor-teppiche-skandinavisches-design\/tessa-weiss\/#primaryimage"},"thumbnailUrl":"https:\/\/www.viitanordic.com\/lataukset\/Rug-Tessa-white.jpg","datePublished":"2021-06-12T06:47:28+00:00","dateModified":"2022-09-16T18:30:16+00:00","description":"Es ist einfach sich in den Teppich Tessa zu verlieben. Er ist sehr weich und passt gut ins Schlafzimmer oder ins Wohnzimmer.","breadcrumb":{"@id":"https:\/\/www.viitanordic.com\/de\/product\/hochflor-teppiche-skandinavisches-design\/tessa-weiss\/#breadcrumb"},"inLanguage":"de","potentialAction":[{"@type":"ReadAction","target":["https:\/\/www.viitanordic.com\/de\/product\/hochflor-teppiche-skandinavisches-design\/tessa-weiss\/"]}]},{"@type":"ImageObject","inLanguage":"de","@id":"https:\/\/www.viitanordic.com\/de\/product\/hochflor-teppiche-skandinavisches-design\/tessa-weiss\/#primaryimage","url":"https:\/\/www.viitanordic.com\/lataukset\/Rug-Tessa-white.jpg","contentUrl":"https:\/\/www.viitanordic.com\/lataukset\/Rug-Tessa-white.jpg","width":1312,"height":890},{"@type":"BreadcrumbList","@id":"https:\/\/www.viitanordic.com\/de\/product\/hochflor-teppiche-skandinavisches-design\/tessa-weiss\/#breadcrumb","itemListElement":[{"@type":"ListItem","position":1,"name":"Etusivu","item":"https:\/\/www.viitanordic.com\/de\/"},{"@type":"ListItem","position":2,"name":"Skandinavische Teppiche &#8211; Nordische Teppiche","item":"https:\/\/www.viitanordic.com\/de\/"},{"@type":"ListItem","position":3,"name":"Tessa"}]},{"@type":"WebSite","@id":"https:\/\/www.viitanordic.com\/#website","url":"https:\/\/www.viitanordic.com\/","name":"Scandinavian Rugs - Nordic Rugs - Made in Finland \u2013 ViitaNordic","description":"Skandinavische Teppiche - Nordische Teppiche aus Finnland \u2013 ViitaNordic","publisher":{"@id":"https:\/\/www.viitanordic.com\/#organization"},"potentialAction":[{"@type":"SearchAction","target":{"@type":"EntryPoint","urlTemplate":"https:\/\/www.viitanordic.com\/?s={search_term_string}"},"query-input":{"@type":"PropertyValueSpecification","valueRequired":true,"valueName":"search_term_string"}}],"inLanguage":"de"},{"@type":"Organization","@id":"https:\/\/www.viitanordic.com\/#organization","name":"ViitaNordic Oy","url":"https:\/\/www.viitanordic.com\/","logo":{"@type":"ImageObject","inLanguage":"de","@id":"https:\/\/www.viitanordic.com\/#\/schema\/logo\/image\/","url":"https:\/\/www.viitanordic.com\/lataukset\/logo-viitanordic.png","contentUrl":"https:\/\/www.viitanordic.com\/lataukset\/logo-viitanordic.png","width":720,"height":111,"caption":"ViitaNordic Oy"},"image":{"@id":"https:\/\/www.viitanordic.com\/#\/schema\/logo\/image\/"},"sameAs":["https:\/\/www.facebook.com\/viitanordic","https:\/\/fi.pinterest.com\/viitanordic\/"]}]}},"_links":{"self":[{"href":"https:\/\/www.viitanordic.com\/de\/wp-json\/wp\/v2\/product\/36684","targetHints":{"allow":["GET"]}}],"collection":[{"href":"https:\/\/www.viitanordic.com\/de\/wp-json\/wp\/v2\/product"}],"about":[{"href":"https:\/\/www.viitanordic.com\/de\/wp-json\/wp\/v2\/types\/product"}],"wp:featuredmedia":[{"embeddable":true,"href":"https:\/\/www.viitanordic.com\/de\/wp-json\/wp\/v2\/media\/36731"}],"wp:attachment":[{"href":"https:\/\/www.viitanordic.com\/de\/wp-json\/wp\/v2\/media?parent=36684"}],"wp:term":[{"taxonomy":"product_brand","embeddable":true,"href":"https:\/\/www.viitanordic.com\/de\/wp-json\/wp\/v2\/product_brand?post=36684"},{"taxonomy":"product_cat","embeddable":true,"href":"https:\/\/www.viitanordic.com\/de\/wp-json\/wp\/v2\/product_cat?post=36684"},{"taxonomy":"product_tag","embeddable":true,"href":"https:\/\/www.viitanordic.com\/de\/wp-json\/wp\/v2\/product_tag?post=36684"}],"curies":[{"name":"wp","href":"https:\/\/api.w.org\/{rel}","templated":true}]}}