{"id":37051,"date":"2021-08-24T21:48:42","date_gmt":"2021-08-24T18:48:42","guid":{"rendered":"https:\/\/www.viitanordic.com\/?post_type=product&#038;p=37051"},"modified":"2025-10-30T20:15:39","modified_gmt":"2025-10-30T18:15:39","slug":"maisema","status":"publish","type":"product","link":"https:\/\/www.viitanordic.com\/de\/product\/baumwollteppiche-aus-finnland-nordische-flickenteppiche\/maisema\/","title":{"rendered":"Maisema"},"content":{"rendered":"<p data-start=\"296\" data-end=\"591\">Bringe authentisches nordisches Flair in dein Zuhause mit dem Baumwollteppich Maisema, einem traditionellen finnischen Teppich mit klassischem Streifenmuster. Jeder Teppich wird aus hochwertiger Baumwolle gefertigt und steht f\u00fcr echte finnische Webkunst und nachhaltige Handarbeit.<\/p>\n<p data-start=\"593\" data-end=\"874\">Der Maisema-Teppich wird auf traditionelle Weise hergestellt, was seine Langlebigkeit und hohe Qualit\u00e4t garantiert. Durch die aufwendige Handarbeit ist jedes St\u00fcck ein Unikat \u2013 kleine Abweichungen in Farbe und Muster unterstreichen die Einzigartigkeit jedes Teppichs.<\/p>\n<p data-start=\"876\" data-end=\"1079\">Ob im Wohnzimmer, Schlafzimmer oder Flur \u2013 dieser nordische Baumwollteppich verleiht jedem Raum eine warme, nat\u00fcrliche Atmosph\u00e4re und bringt ein St\u00fcck skandinavischer Gem\u00fctlichkeit in dein Zuhause.<\/p>\n<p data-start=\"1081\" data-end=\"1108\">Produkteigenschaften:<\/p>\n<ul data-start=\"1109\" data-end=\"1362\">\n<li data-start=\"1109\" data-end=\"1164\">\n<p data-start=\"1111\" data-end=\"1164\">100 % traditioneller finnischer Baumwollteppich<\/p>\n<\/li>\n<li data-start=\"1165\" data-end=\"1210\">\n<p data-start=\"1167\" data-end=\"1210\">Klassisches nordisches Streifendesign<\/p>\n<\/li>\n<li data-start=\"1211\" data-end=\"1261\">\n<p data-start=\"1213\" data-end=\"1261\">Hochwertig, langlebig und nachhaltig gefertigt<\/p>\n<\/li>\n<li data-start=\"1262\" data-end=\"1313\">\n<p data-start=\"1264\" data-end=\"1313\">Handgearbeitet \u2013 jedes St\u00fcck ist ein Unikat<\/p>\n<\/li>\n<li data-start=\"1314\" data-end=\"1362\">\n<p data-start=\"1316\" data-end=\"1362\">Ideal f\u00fcr Wohnzimmer, Schlafzimmer oder Flur<\/p>\n<\/li>\n<\/ul>\n<p data-start=\"1364\" data-end=\"1494\">Hole dir mit dem Maisema-Baumwollteppich ein St\u00fcck finnischer Handwerkskunst und nordischer Eleganz in dein Zuhause.<\/p>\n<p><strong>Marke:<\/strong> ViitaNordic<\/p>\n<p><strong>Material:<\/strong> 100% Baumwolle<\/p>\n<p><strong>Herstellungsort:<\/strong> Finnland<\/p>\n<p><strong>Herstellungsart:<\/strong> Gewebt<\/p>\n<p><strong>Pflege: <\/strong>Regelm\u00e4ssiges Staubsaugen. Der Schmutz sollte mit einem feuchten Putztuch sofort entfernt werden. Aber nicht reiben sondern abtupfen.<\/p>\n<p><strong>Reinigung: <\/strong>Sorgf\u00e4ltig mit Wasser (max. +30\u00baC) und milden Reinigungsmittel und weicher B\u00fcrste waschen. Der Teppich nicht ins Wasser eintauchen und auch nicht reiben. Mit viel Wasser absp\u00fclen. Das restliche Wasser mit einem Teppichroller aus dem Teppich rauspressen. Den feuchten Teppich wieder vorsichtig formen und flach auf dem Boden trocknen lassen. Der Teppich darf nicht zusammengelegt werden. Baumwolle kann beim Waschen ungef\u00e4hr 5% eingehen.<\/p>\n","protected":false},"excerpt":{"rendered":"<p>Bringe authentisches nordisches Flair in dein Zuhause mit dem Baumwollteppich Maisema, einem traditionellen finnischen Teppich mit klassischem Streifenmuster. Jeder Teppich wird aus hochwertiger Baumwolle gefertigt und steht f\u00fcr echte finnische Webkunst und nachhaltige Handarbeit. Der Maisema-Teppich wird auf traditionelle Weise hergestellt, was seine Langlebigkeit und hohe Qualit\u00e4t garantiert. Durch die aufwendige Handarbeit ist jedes St\u00fcck [\u2026] <a href=\"https:\/\/www.viitanordic.com\/de\/product\/baumwollteppiche-aus-finnland-nordische-flickenteppiche\/maisema\/\">\u00bb Lesen Sie mehr<\/a><\/p>\n","protected":false},"featured_media":37090,"template":"","meta":{"_acf_changed":false},"product_brand":[],"product_cat":[44],"product_tag":[],"class_list":{"0":"post-37051","1":"product","2":"type-product","3":"status-publish","4":"has-post-thumbnail","6":"product_cat-baumwollteppiche-aus-finnland-nordische-flickenteppiche","8":"first","9":"instock","10":"taxable","11":"shipping-taxable","12":"purchasable","13":"product-type-variable","14":"has-default-attributes"},"acf":[],"yoast_head":"<!-- This site is optimized with the Yoast SEO plugin v25.8 - https:\/\/yoast.com\/wordpress\/plugins\/seo\/ -->\n<title>Maisema - Skandinavische Teppiche - Nordische Teppiche aus Finnland \u2013 ViitaNordic<\/title>\n<meta name=\"description\" content=\"Maisema ist der traditionelle Finnische Teppich mit seinen typischen Streifen. Der Teppich bringt den wundersch\u00f6nen nordischen Style in Ihr Zuhause. Maisema wird noch immer auf traditioneller Weise hergestellt. Der Teppich ist qualitativ hochwertig und wird Ihnen so lange Freude bereiten. Da die Herstellung dieser Teppiche viel Handarbeit verlangt, ist jedes Produkt einzigartig und kann deshalb ein wenig von den Abbildungen abweichen.\" \/>\n<meta name=\"robots\" content=\"index, follow, max-snippet:-1, max-image-preview:large, max-video-preview:-1\" \/>\n<link rel=\"canonical\" href=\"https:\/\/www.viitanordic.com\/de\/product\/baumwollteppiche-aus-finnland-nordische-flickenteppiche\/maisema\/\" \/>\n<meta property=\"og:locale\" content=\"de_DE\" \/>\n<meta property=\"og:type\" content=\"article\" \/>\n<meta property=\"og:title\" content=\"Maisema - Skandinavische Teppiche - Nordische Teppiche aus Finnland \u2013 ViitaNordic\" \/>\n<meta property=\"og:description\" content=\"Maisema ist der traditionelle Finnische Teppich mit seinen typischen Streifen. Der Teppich bringt den wundersch\u00f6nen nordischen Style in Ihr Zuhause. Maisema wird noch immer auf traditioneller Weise hergestellt. Der Teppich ist qualitativ hochwertig und wird Ihnen so lange Freude bereiten. Da die Herstellung dieser Teppiche viel Handarbeit verlangt, ist jedes Produkt einzigartig und kann deshalb ein wenig von den Abbildungen abweichen.\" \/>\n<meta property=\"og:url\" content=\"https:\/\/www.viitanordic.com\/de\/product\/baumwollteppiche-aus-finnland-nordische-flickenteppiche\/maisema\/\" \/>\n<meta property=\"og:site_name\" content=\"Skandinavische Teppiche - Nordische Teppiche aus Finnland \u2013 ViitaNordic\" \/>\n<meta property=\"article:publisher\" content=\"https:\/\/www.facebook.com\/viitanordic\" \/>\n<meta property=\"article:modified_time\" content=\"2025-10-30T18:15:39+00:00\" \/>\n<meta property=\"og:image\" content=\"https:\/\/www.viitanordic.com\/lataukset\/Cotton-rug-Maisema.jpg\" \/>\n\t<meta property=\"og:image:width\" content=\"1920\" \/>\n\t<meta property=\"og:image:height\" content=\"993\" \/>\n\t<meta property=\"og:image:type\" content=\"image\/jpeg\" \/>\n<meta name=\"twitter:label1\" content=\"Est. reading time\" \/>\n\t<meta name=\"twitter:data1\" content=\"2 minutes\" \/>\n<script type=\"application\/ld+json\" class=\"yoast-schema-graph\">{\"@context\":\"https:\/\/schema.org\",\"@graph\":[{\"@type\":\"WebPage\",\"@id\":\"https:\/\/www.viitanordic.com\/de\/product\/baumwollteppiche-aus-finnland-nordische-flickenteppiche\/maisema\/\",\"url\":\"https:\/\/www.viitanordic.com\/de\/product\/baumwollteppiche-aus-finnland-nordische-flickenteppiche\/maisema\/\",\"name\":\"Maisema - Skandinavische Teppiche - Nordische Teppiche aus Finnland \u2013 ViitaNordic\",\"isPartOf\":{\"@id\":\"https:\/\/www.viitanordic.com\/#website\"},\"primaryImageOfPage\":{\"@id\":\"https:\/\/www.viitanordic.com\/de\/product\/baumwollteppiche-aus-finnland-nordische-flickenteppiche\/maisema\/#primaryimage\"},\"image\":{\"@id\":\"https:\/\/www.viitanordic.com\/de\/product\/baumwollteppiche-aus-finnland-nordische-flickenteppiche\/maisema\/#primaryimage\"},\"thumbnailUrl\":\"https:\/\/www.viitanordic.com\/lataukset\/Cotton-rug-Maisema.jpg\",\"datePublished\":\"2021-08-24T18:48:42+00:00\",\"dateModified\":\"2025-10-30T18:15:39+00:00\",\"description\":\"Maisema ist der traditionelle Finnische Teppich mit seinen typischen Streifen. Der Teppich bringt den wundersch\u00f6nen nordischen Style in Ihr Zuhause. Maisema wird noch immer auf traditioneller Weise hergestellt. Der Teppich ist qualitativ hochwertig und wird Ihnen so lange Freude bereiten. Da die Herstellung dieser Teppiche viel Handarbeit verlangt, ist jedes Produkt einzigartig und kann deshalb ein wenig von den Abbildungen abweichen.\",\"breadcrumb\":{\"@id\":\"https:\/\/www.viitanordic.com\/de\/product\/baumwollteppiche-aus-finnland-nordische-flickenteppiche\/maisema\/#breadcrumb\"},\"inLanguage\":\"de\",\"potentialAction\":[{\"@type\":\"ReadAction\",\"target\":[\"https:\/\/www.viitanordic.com\/de\/product\/baumwollteppiche-aus-finnland-nordische-flickenteppiche\/maisema\/\"]}]},{\"@type\":\"ImageObject\",\"inLanguage\":\"de\",\"@id\":\"https:\/\/www.viitanordic.com\/de\/product\/baumwollteppiche-aus-finnland-nordische-flickenteppiche\/maisema\/#primaryimage\",\"url\":\"https:\/\/www.viitanordic.com\/lataukset\/Cotton-rug-Maisema.jpg\",\"contentUrl\":\"https:\/\/www.viitanordic.com\/lataukset\/Cotton-rug-Maisema.jpg\",\"width\":1920,\"height\":993,\"caption\":\"Baumwollteppich Maisema. Nordische Flickenteppiche.\"},{\"@type\":\"BreadcrumbList\",\"@id\":\"https:\/\/www.viitanordic.com\/de\/product\/baumwollteppiche-aus-finnland-nordische-flickenteppiche\/maisema\/#breadcrumb\",\"itemListElement\":[{\"@type\":\"ListItem\",\"position\":1,\"name\":\"Etusivu\",\"item\":\"https:\/\/www.viitanordic.com\/de\/\"},{\"@type\":\"ListItem\",\"position\":2,\"name\":\"Skandinavische Teppiche &#8211; Nordische Teppiche\",\"item\":\"https:\/\/www.viitanordic.com\/de\/\"},{\"@type\":\"ListItem\",\"position\":3,\"name\":\"Maisema\"}]},{\"@type\":\"WebSite\",\"@id\":\"https:\/\/www.viitanordic.com\/#website\",\"url\":\"https:\/\/www.viitanordic.com\/\",\"name\":\"Scandinavian Rugs - Nordic Rugs - Made in Finland \u2013 ViitaNordic\",\"description\":\"Skandinavische Teppiche - Nordische Teppiche aus Finnland \u2013 ViitaNordic\",\"publisher\":{\"@id\":\"https:\/\/www.viitanordic.com\/#organization\"},\"potentialAction\":[{\"@type\":\"SearchAction\",\"target\":{\"@type\":\"EntryPoint\",\"urlTemplate\":\"https:\/\/www.viitanordic.com\/?s={search_term_string}\"},\"query-input\":{\"@type\":\"PropertyValueSpecification\",\"valueRequired\":true,\"valueName\":\"search_term_string\"}}],\"inLanguage\":\"de\"},{\"@type\":\"Organization\",\"@id\":\"https:\/\/www.viitanordic.com\/#organization\",\"name\":\"ViitaNordic Oy\",\"url\":\"https:\/\/www.viitanordic.com\/\",\"logo\":{\"@type\":\"ImageObject\",\"inLanguage\":\"de\",\"@id\":\"https:\/\/www.viitanordic.com\/#\/schema\/logo\/image\/\",\"url\":\"https:\/\/www.viitanordic.com\/lataukset\/logo-viitanordic.png\",\"contentUrl\":\"https:\/\/www.viitanordic.com\/lataukset\/logo-viitanordic.png\",\"width\":720,\"height\":111,\"caption\":\"ViitaNordic Oy\"},\"image\":{\"@id\":\"https:\/\/www.viitanordic.com\/#\/schema\/logo\/image\/\"},\"sameAs\":[\"https:\/\/www.facebook.com\/viitanordic\",\"https:\/\/fi.pinterest.com\/viitanordic\/\"]}]}<\/script>\n<!-- \/ Yoast SEO plugin. -->","yoast_head_json":{"title":"Maisema - Skandinavische Teppiche - Nordische Teppiche aus Finnland \u2013 ViitaNordic","description":"Maisema ist der traditionelle Finnische Teppich mit seinen typischen Streifen. Der Teppich bringt den wundersch\u00f6nen nordischen Style in Ihr Zuhause. Maisema wird noch immer auf traditioneller Weise hergestellt. Der Teppich ist qualitativ hochwertig und wird Ihnen so lange Freude bereiten. Da die Herstellung dieser Teppiche viel Handarbeit verlangt, ist jedes Produkt einzigartig und kann deshalb ein wenig von den Abbildungen abweichen.","robots":{"index":"index","follow":"follow","max-snippet":"max-snippet:-1","max-image-preview":"max-image-preview:large","max-video-preview":"max-video-preview:-1"},"canonical":"https:\/\/www.viitanordic.com\/de\/product\/baumwollteppiche-aus-finnland-nordische-flickenteppiche\/maisema\/","og_locale":"de_DE","og_type":"article","og_title":"Maisema - Skandinavische Teppiche - Nordische Teppiche aus Finnland \u2013 ViitaNordic","og_description":"Maisema ist der traditionelle Finnische Teppich mit seinen typischen Streifen. Der Teppich bringt den wundersch\u00f6nen nordischen Style in Ihr Zuhause. Maisema wird noch immer auf traditioneller Weise hergestellt. Der Teppich ist qualitativ hochwertig und wird Ihnen so lange Freude bereiten. Da die Herstellung dieser Teppiche viel Handarbeit verlangt, ist jedes Produkt einzigartig und kann deshalb ein wenig von den Abbildungen abweichen.","og_url":"https:\/\/www.viitanordic.com\/de\/product\/baumwollteppiche-aus-finnland-nordische-flickenteppiche\/maisema\/","og_site_name":"Skandinavische Teppiche - Nordische Teppiche aus Finnland \u2013 ViitaNordic","article_publisher":"https:\/\/www.facebook.com\/viitanordic","article_modified_time":"2025-10-30T18:15:39+00:00","og_image":[{"width":1920,"height":993,"url":"https:\/\/www.viitanordic.com\/lataukset\/Cotton-rug-Maisema.jpg","type":"image\/jpeg"}],"twitter_misc":{"Est. reading time":"2 minutes"},"schema":{"@context":"https:\/\/schema.org","@graph":[{"@type":"WebPage","@id":"https:\/\/www.viitanordic.com\/de\/product\/baumwollteppiche-aus-finnland-nordische-flickenteppiche\/maisema\/","url":"https:\/\/www.viitanordic.com\/de\/product\/baumwollteppiche-aus-finnland-nordische-flickenteppiche\/maisema\/","name":"Maisema - Skandinavische Teppiche - Nordische Teppiche aus Finnland \u2013 ViitaNordic","isPartOf":{"@id":"https:\/\/www.viitanordic.com\/#website"},"primaryImageOfPage":{"@id":"https:\/\/www.viitanordic.com\/de\/product\/baumwollteppiche-aus-finnland-nordische-flickenteppiche\/maisema\/#primaryimage"},"image":{"@id":"https:\/\/www.viitanordic.com\/de\/product\/baumwollteppiche-aus-finnland-nordische-flickenteppiche\/maisema\/#primaryimage"},"thumbnailUrl":"https:\/\/www.viitanordic.com\/lataukset\/Cotton-rug-Maisema.jpg","datePublished":"2021-08-24T18:48:42+00:00","dateModified":"2025-10-30T18:15:39+00:00","description":"Maisema ist der traditionelle Finnische Teppich mit seinen typischen Streifen. Der Teppich bringt den wundersch\u00f6nen nordischen Style in Ihr Zuhause. Maisema wird noch immer auf traditioneller Weise hergestellt. Der Teppich ist qualitativ hochwertig und wird Ihnen so lange Freude bereiten. Da die Herstellung dieser Teppiche viel Handarbeit verlangt, ist jedes Produkt einzigartig und kann deshalb ein wenig von den Abbildungen abweichen.","breadcrumb":{"@id":"https:\/\/www.viitanordic.com\/de\/product\/baumwollteppiche-aus-finnland-nordische-flickenteppiche\/maisema\/#breadcrumb"},"inLanguage":"de","potentialAction":[{"@type":"ReadAction","target":["https:\/\/www.viitanordic.com\/de\/product\/baumwollteppiche-aus-finnland-nordische-flickenteppiche\/maisema\/"]}]},{"@type":"ImageObject","inLanguage":"de","@id":"https:\/\/www.viitanordic.com\/de\/product\/baumwollteppiche-aus-finnland-nordische-flickenteppiche\/maisema\/#primaryimage","url":"https:\/\/www.viitanordic.com\/lataukset\/Cotton-rug-Maisema.jpg","contentUrl":"https:\/\/www.viitanordic.com\/lataukset\/Cotton-rug-Maisema.jpg","width":1920,"height":993,"caption":"Baumwollteppich Maisema. Nordische Flickenteppiche."},{"@type":"BreadcrumbList","@id":"https:\/\/www.viitanordic.com\/de\/product\/baumwollteppiche-aus-finnland-nordische-flickenteppiche\/maisema\/#breadcrumb","itemListElement":[{"@type":"ListItem","position":1,"name":"Etusivu","item":"https:\/\/www.viitanordic.com\/de\/"},{"@type":"ListItem","position":2,"name":"Skandinavische Teppiche &#8211; Nordische Teppiche","item":"https:\/\/www.viitanordic.com\/de\/"},{"@type":"ListItem","position":3,"name":"Maisema"}]},{"@type":"WebSite","@id":"https:\/\/www.viitanordic.com\/#website","url":"https:\/\/www.viitanordic.com\/","name":"Scandinavian Rugs - Nordic Rugs - Made in Finland \u2013 ViitaNordic","description":"Skandinavische Teppiche - Nordische Teppiche aus Finnland \u2013 ViitaNordic","publisher":{"@id":"https:\/\/www.viitanordic.com\/#organization"},"potentialAction":[{"@type":"SearchAction","target":{"@type":"EntryPoint","urlTemplate":"https:\/\/www.viitanordic.com\/?s={search_term_string}"},"query-input":{"@type":"PropertyValueSpecification","valueRequired":true,"valueName":"search_term_string"}}],"inLanguage":"de"},{"@type":"Organization","@id":"https:\/\/www.viitanordic.com\/#organization","name":"ViitaNordic Oy","url":"https:\/\/www.viitanordic.com\/","logo":{"@type":"ImageObject","inLanguage":"de","@id":"https:\/\/www.viitanordic.com\/#\/schema\/logo\/image\/","url":"https:\/\/www.viitanordic.com\/lataukset\/logo-viitanordic.png","contentUrl":"https:\/\/www.viitanordic.com\/lataukset\/logo-viitanordic.png","width":720,"height":111,"caption":"ViitaNordic Oy"},"image":{"@id":"https:\/\/www.viitanordic.com\/#\/schema\/logo\/image\/"},"sameAs":["https:\/\/www.facebook.com\/viitanordic","https:\/\/fi.pinterest.com\/viitanordic\/"]}]}},"_links":{"self":[{"href":"https:\/\/www.viitanordic.com\/de\/wp-json\/wp\/v2\/product\/37051","targetHints":{"allow":["GET"]}}],"collection":[{"href":"https:\/\/www.viitanordic.com\/de\/wp-json\/wp\/v2\/product"}],"about":[{"href":"https:\/\/www.viitanordic.com\/de\/wp-json\/wp\/v2\/types\/product"}],"wp:featuredmedia":[{"embeddable":true,"href":"https:\/\/www.viitanordic.com\/de\/wp-json\/wp\/v2\/media\/37090"}],"wp:attachment":[{"href":"https:\/\/www.viitanordic.com\/de\/wp-json\/wp\/v2\/media?parent=37051"}],"wp:term":[{"taxonomy":"product_brand","embeddable":true,"href":"https:\/\/www.viitanordic.com\/de\/wp-json\/wp\/v2\/product_brand?post=37051"},{"taxonomy":"product_cat","embeddable":true,"href":"https:\/\/www.viitanordic.com\/de\/wp-json\/wp\/v2\/product_cat?post=37051"},{"taxonomy":"product_tag","embeddable":true,"href":"https:\/\/www.viitanordic.com\/de\/wp-json\/wp\/v2\/product_tag?post=37051"}],"curies":[{"name":"wp","href":"https:\/\/api.w.org\/{rel}","templated":true}]}}