{"id":39315,"date":"2022-02-20T20:54:56","date_gmt":"2022-02-20T18:54:57","guid":{"rendered":"https:\/\/www.viitanordic.com\/?post_type=product&#038;p=39315"},"modified":"2022-02-20T22:05:25","modified_gmt":"2022-02-20T20:05:25","slug":"lastu","status":"publish","type":"product","link":"https:\/\/www.viitanordic.com\/de\/product\/nordische-wollteppiche-skandinavische-teppiche-aus-wolle\/lastu\/","title":{"rendered":"Lastu"},"content":{"rendered":"<p>Der Teppich Lastu ist ein sch\u00f6ner skandinavischer Wollteppich, der W\u00e4rme und Sanftheit in Ihr Zuhause bringt.<\/p>\n<p><strong>Teppich nach Mass:<\/strong> unter Gr\u00f6sse ausw\u00e4hlbar<\/p>\n<p><strong>Marke:<\/strong> VM-Carpet<\/p>\n<p><strong>Material:<\/strong> 95 % Wolle, 5 % Polyamid \/ Flor 100 % Viskose<\/p>\n<p><strong>Herstellungsort<\/strong>: EU, Finnland<\/p>\n<p><strong>Herstellungsart:<\/strong> Gewebt<\/p>\n<p><strong>R\u00fcckseite:<\/strong> Die rutschfeste R\u00fcckseite des Teppichs besteht aus hochqualitativem rezyklierbarem Kunststoff. Sie macht den Teppich stabiler und passt auch f\u00fcr B\u00f6den mit Heizung. Die R\u00fcckseite ist geruchlos, hinterl\u00e4sst keine Flecken und erzeugt keinen Staub.<\/p>\n<p><strong>Rand:<\/strong> 100% Leinen<\/p>\n<p><strong>Pflege: <\/strong>Regelm\u00e4ssiges Staubsaugen. Der Schmutz sollte mit einem feuchten Putztuch sofort entfernt werden. Aber nicht reiben sondern abtupfen.<\/p>\n<p><strong>Reinigung: <\/strong>Sorgf\u00e4ltig mit Wasser (max. +30\u00baC) und milden Reinigungsmittel und weicher B\u00fcrste waschen. Der Teppich nicht ins Wasser eintauchen und auch nicht reiben. Mit viel Wasser absp\u00fclen. Das restliche Wasser mit einem Teppichroller aus dem Teppich rauspressen. Den feuchten Teppich wieder vorsichtig formen und flach auf dem Boden trocknen lassen. Der Teppich darf nicht zusammengelegt werden. Eine professionelle Reinigung wird empfohlen.<\/p>\n","protected":false},"excerpt":{"rendered":"<p>Der Teppich Lastu ist ein sch\u00f6ner skandinavischer Wollteppich, der W\u00e4rme und Sanftheit in Ihr Zuhause bringt. Teppich nach Mass: unter Gr\u00f6sse ausw\u00e4hlbar Marke: VM-Carpet Material: 95 % Wolle, 5 % Polyamid \/ Flor 100 % Viskose Herstellungsort: EU, Finnland Herstellungsart: Gewebt R\u00fcckseite: Die rutschfeste R\u00fcckseite des Teppichs besteht aus hochqualitativem rezyklierbarem Kunststoff. Sie macht den [\u2026] <a href=\"https:\/\/www.viitanordic.com\/de\/product\/nordische-wollteppiche-skandinavische-teppiche-aus-wolle\/lastu\/\">\u00bb Lesen Sie mehr<\/a><\/p>\n","protected":false},"featured_media":39363,"template":"","meta":{"_acf_changed":false},"product_brand":[],"product_cat":[1024],"product_tag":[],"class_list":{"0":"post-39315","1":"product","2":"type-product","3":"status-publish","4":"has-post-thumbnail","6":"product_cat-nordische-wollteppiche-skandinavische-teppiche-aus-wolle","8":"first","9":"instock","10":"taxable","11":"shipping-taxable","12":"purchasable","13":"product-type-variable","14":"has-default-attributes"},"acf":[],"yoast_head":"<!-- This site is optimized with the Yoast SEO plugin v25.8 - https:\/\/yoast.com\/wordpress\/plugins\/seo\/ -->\n<title>Lastu - Skandinavische Teppiche - Nordische Teppiche aus Finnland \u2013 ViitaNordic<\/title>\n<meta name=\"description\" content=\"Der Teppich Satine ist ein wundersch\u00f6ner nordischer Teppich. Erh\u00e4ltlich in verschiedenen Farben und Gr\u00f6ssen.\" \/>\n<meta name=\"robots\" content=\"index, follow, max-snippet:-1, max-image-preview:large, max-video-preview:-1\" \/>\n<link rel=\"canonical\" href=\"https:\/\/www.viitanordic.com\/de\/product\/nordische-wollteppiche-skandinavische-teppiche-aus-wolle\/lastu\/\" \/>\n<meta property=\"og:locale\" content=\"de_DE\" \/>\n<meta property=\"og:type\" content=\"article\" \/>\n<meta property=\"og:title\" content=\"Lastu - Skandinavische Teppiche - Nordische Teppiche aus Finnland \u2013 ViitaNordic\" \/>\n<meta property=\"og:description\" content=\"Der Teppich Satine ist ein wundersch\u00f6ner nordischer Teppich. Erh\u00e4ltlich in verschiedenen Farben und Gr\u00f6ssen.\" \/>\n<meta property=\"og:url\" content=\"https:\/\/www.viitanordic.com\/de\/product\/nordische-wollteppiche-skandinavische-teppiche-aus-wolle\/lastu\/\" \/>\n<meta property=\"og:site_name\" content=\"Skandinavische Teppiche - Nordische Teppiche aus Finnland \u2013 ViitaNordic\" \/>\n<meta property=\"article:publisher\" content=\"https:\/\/www.facebook.com\/viitanordic\" \/>\n<meta property=\"article:modified_time\" content=\"2022-02-20T20:05:25+00:00\" \/>\n<meta property=\"og:image\" content=\"https:\/\/www.viitanordic.com\/lataukset\/Lastu-kupari-deco.jpg\" \/>\n\t<meta property=\"og:image:width\" content=\"1920\" \/>\n\t<meta property=\"og:image:height\" content=\"1280\" \/>\n\t<meta property=\"og:image:type\" content=\"image\/jpeg\" \/>\n<meta name=\"twitter:label1\" content=\"Est. reading time\" \/>\n\t<meta name=\"twitter:data1\" content=\"1 minute\" \/>\n<script type=\"application\/ld+json\" class=\"yoast-schema-graph\">{\"@context\":\"https:\/\/schema.org\",\"@graph\":[{\"@type\":\"WebPage\",\"@id\":\"https:\/\/www.viitanordic.com\/de\/product\/nordische-wollteppiche-skandinavische-teppiche-aus-wolle\/lastu\/\",\"url\":\"https:\/\/www.viitanordic.com\/de\/product\/nordische-wollteppiche-skandinavische-teppiche-aus-wolle\/lastu\/\",\"name\":\"Lastu - Skandinavische Teppiche - Nordische Teppiche aus Finnland \u2013 ViitaNordic\",\"isPartOf\":{\"@id\":\"https:\/\/www.viitanordic.com\/#website\"},\"primaryImageOfPage\":{\"@id\":\"https:\/\/www.viitanordic.com\/de\/product\/nordische-wollteppiche-skandinavische-teppiche-aus-wolle\/lastu\/#primaryimage\"},\"image\":{\"@id\":\"https:\/\/www.viitanordic.com\/de\/product\/nordische-wollteppiche-skandinavische-teppiche-aus-wolle\/lastu\/#primaryimage\"},\"thumbnailUrl\":\"https:\/\/www.viitanordic.com\/lataukset\/Lastu-kupari-deco.jpg\",\"datePublished\":\"2022-02-20T18:54:57+00:00\",\"dateModified\":\"2022-02-20T20:05:25+00:00\",\"description\":\"Der Teppich Satine ist ein wundersch\u00f6ner nordischer Teppich. Erh\u00e4ltlich in verschiedenen Farben und Gr\u00f6ssen.\",\"breadcrumb\":{\"@id\":\"https:\/\/www.viitanordic.com\/de\/product\/nordische-wollteppiche-skandinavische-teppiche-aus-wolle\/lastu\/#breadcrumb\"},\"inLanguage\":\"de\",\"potentialAction\":[{\"@type\":\"ReadAction\",\"target\":[\"https:\/\/www.viitanordic.com\/de\/product\/nordische-wollteppiche-skandinavische-teppiche-aus-wolle\/lastu\/\"]}]},{\"@type\":\"ImageObject\",\"inLanguage\":\"de\",\"@id\":\"https:\/\/www.viitanordic.com\/de\/product\/nordische-wollteppiche-skandinavische-teppiche-aus-wolle\/lastu\/#primaryimage\",\"url\":\"https:\/\/www.viitanordic.com\/lataukset\/Lastu-kupari-deco.jpg\",\"contentUrl\":\"https:\/\/www.viitanordic.com\/lataukset\/Lastu-kupari-deco.jpg\",\"width\":1920,\"height\":1280,\"caption\":\"Skandinavischer Teppich Lastu ViitaNordic\"},{\"@type\":\"BreadcrumbList\",\"@id\":\"https:\/\/www.viitanordic.com\/de\/product\/nordische-wollteppiche-skandinavische-teppiche-aus-wolle\/lastu\/#breadcrumb\",\"itemListElement\":[{\"@type\":\"ListItem\",\"position\":1,\"name\":\"Etusivu\",\"item\":\"https:\/\/www.viitanordic.com\/de\/\"},{\"@type\":\"ListItem\",\"position\":2,\"name\":\"Skandinavische Teppiche &#8211; Nordische Teppiche\",\"item\":\"https:\/\/www.viitanordic.com\/de\/\"},{\"@type\":\"ListItem\",\"position\":3,\"name\":\"Lastu\"}]},{\"@type\":\"WebSite\",\"@id\":\"https:\/\/www.viitanordic.com\/#website\",\"url\":\"https:\/\/www.viitanordic.com\/\",\"name\":\"Scandinavian Rugs - Nordic Rugs - Made in Finland \u2013 ViitaNordic\",\"description\":\"Skandinavische Teppiche - Nordische Teppiche aus Finnland \u2013 ViitaNordic\",\"publisher\":{\"@id\":\"https:\/\/www.viitanordic.com\/#organization\"},\"potentialAction\":[{\"@type\":\"SearchAction\",\"target\":{\"@type\":\"EntryPoint\",\"urlTemplate\":\"https:\/\/www.viitanordic.com\/?s={search_term_string}\"},\"query-input\":{\"@type\":\"PropertyValueSpecification\",\"valueRequired\":true,\"valueName\":\"search_term_string\"}}],\"inLanguage\":\"de\"},{\"@type\":\"Organization\",\"@id\":\"https:\/\/www.viitanordic.com\/#organization\",\"name\":\"ViitaNordic Oy\",\"url\":\"https:\/\/www.viitanordic.com\/\",\"logo\":{\"@type\":\"ImageObject\",\"inLanguage\":\"de\",\"@id\":\"https:\/\/www.viitanordic.com\/#\/schema\/logo\/image\/\",\"url\":\"https:\/\/www.viitanordic.com\/lataukset\/logo-viitanordic.png\",\"contentUrl\":\"https:\/\/www.viitanordic.com\/lataukset\/logo-viitanordic.png\",\"width\":720,\"height\":111,\"caption\":\"ViitaNordic Oy\"},\"image\":{\"@id\":\"https:\/\/www.viitanordic.com\/#\/schema\/logo\/image\/\"},\"sameAs\":[\"https:\/\/www.facebook.com\/viitanordic\",\"https:\/\/fi.pinterest.com\/viitanordic\/\"]}]}<\/script>\n<!-- \/ Yoast SEO plugin. -->","yoast_head_json":{"title":"Lastu - Skandinavische Teppiche - Nordische Teppiche aus Finnland \u2013 ViitaNordic","description":"Der Teppich Satine ist ein wundersch\u00f6ner nordischer Teppich. Erh\u00e4ltlich in verschiedenen Farben und Gr\u00f6ssen.","robots":{"index":"index","follow":"follow","max-snippet":"max-snippet:-1","max-image-preview":"max-image-preview:large","max-video-preview":"max-video-preview:-1"},"canonical":"https:\/\/www.viitanordic.com\/de\/product\/nordische-wollteppiche-skandinavische-teppiche-aus-wolle\/lastu\/","og_locale":"de_DE","og_type":"article","og_title":"Lastu - Skandinavische Teppiche - Nordische Teppiche aus Finnland \u2013 ViitaNordic","og_description":"Der Teppich Satine ist ein wundersch\u00f6ner nordischer Teppich. Erh\u00e4ltlich in verschiedenen Farben und Gr\u00f6ssen.","og_url":"https:\/\/www.viitanordic.com\/de\/product\/nordische-wollteppiche-skandinavische-teppiche-aus-wolle\/lastu\/","og_site_name":"Skandinavische Teppiche - Nordische Teppiche aus Finnland \u2013 ViitaNordic","article_publisher":"https:\/\/www.facebook.com\/viitanordic","article_modified_time":"2022-02-20T20:05:25+00:00","og_image":[{"width":1920,"height":1280,"url":"https:\/\/www.viitanordic.com\/lataukset\/Lastu-kupari-deco.jpg","type":"image\/jpeg"}],"twitter_misc":{"Est. reading time":"1 minute"},"schema":{"@context":"https:\/\/schema.org","@graph":[{"@type":"WebPage","@id":"https:\/\/www.viitanordic.com\/de\/product\/nordische-wollteppiche-skandinavische-teppiche-aus-wolle\/lastu\/","url":"https:\/\/www.viitanordic.com\/de\/product\/nordische-wollteppiche-skandinavische-teppiche-aus-wolle\/lastu\/","name":"Lastu - Skandinavische Teppiche - Nordische Teppiche aus Finnland \u2013 ViitaNordic","isPartOf":{"@id":"https:\/\/www.viitanordic.com\/#website"},"primaryImageOfPage":{"@id":"https:\/\/www.viitanordic.com\/de\/product\/nordische-wollteppiche-skandinavische-teppiche-aus-wolle\/lastu\/#primaryimage"},"image":{"@id":"https:\/\/www.viitanordic.com\/de\/product\/nordische-wollteppiche-skandinavische-teppiche-aus-wolle\/lastu\/#primaryimage"},"thumbnailUrl":"https:\/\/www.viitanordic.com\/lataukset\/Lastu-kupari-deco.jpg","datePublished":"2022-02-20T18:54:57+00:00","dateModified":"2022-02-20T20:05:25+00:00","description":"Der Teppich Satine ist ein wundersch\u00f6ner nordischer Teppich. Erh\u00e4ltlich in verschiedenen Farben und Gr\u00f6ssen.","breadcrumb":{"@id":"https:\/\/www.viitanordic.com\/de\/product\/nordische-wollteppiche-skandinavische-teppiche-aus-wolle\/lastu\/#breadcrumb"},"inLanguage":"de","potentialAction":[{"@type":"ReadAction","target":["https:\/\/www.viitanordic.com\/de\/product\/nordische-wollteppiche-skandinavische-teppiche-aus-wolle\/lastu\/"]}]},{"@type":"ImageObject","inLanguage":"de","@id":"https:\/\/www.viitanordic.com\/de\/product\/nordische-wollteppiche-skandinavische-teppiche-aus-wolle\/lastu\/#primaryimage","url":"https:\/\/www.viitanordic.com\/lataukset\/Lastu-kupari-deco.jpg","contentUrl":"https:\/\/www.viitanordic.com\/lataukset\/Lastu-kupari-deco.jpg","width":1920,"height":1280,"caption":"Skandinavischer Teppich Lastu ViitaNordic"},{"@type":"BreadcrumbList","@id":"https:\/\/www.viitanordic.com\/de\/product\/nordische-wollteppiche-skandinavische-teppiche-aus-wolle\/lastu\/#breadcrumb","itemListElement":[{"@type":"ListItem","position":1,"name":"Etusivu","item":"https:\/\/www.viitanordic.com\/de\/"},{"@type":"ListItem","position":2,"name":"Skandinavische Teppiche &#8211; Nordische Teppiche","item":"https:\/\/www.viitanordic.com\/de\/"},{"@type":"ListItem","position":3,"name":"Lastu"}]},{"@type":"WebSite","@id":"https:\/\/www.viitanordic.com\/#website","url":"https:\/\/www.viitanordic.com\/","name":"Scandinavian Rugs - Nordic Rugs - Made in Finland \u2013 ViitaNordic","description":"Skandinavische Teppiche - Nordische Teppiche aus Finnland \u2013 ViitaNordic","publisher":{"@id":"https:\/\/www.viitanordic.com\/#organization"},"potentialAction":[{"@type":"SearchAction","target":{"@type":"EntryPoint","urlTemplate":"https:\/\/www.viitanordic.com\/?s={search_term_string}"},"query-input":{"@type":"PropertyValueSpecification","valueRequired":true,"valueName":"search_term_string"}}],"inLanguage":"de"},{"@type":"Organization","@id":"https:\/\/www.viitanordic.com\/#organization","name":"ViitaNordic Oy","url":"https:\/\/www.viitanordic.com\/","logo":{"@type":"ImageObject","inLanguage":"de","@id":"https:\/\/www.viitanordic.com\/#\/schema\/logo\/image\/","url":"https:\/\/www.viitanordic.com\/lataukset\/logo-viitanordic.png","contentUrl":"https:\/\/www.viitanordic.com\/lataukset\/logo-viitanordic.png","width":720,"height":111,"caption":"ViitaNordic Oy"},"image":{"@id":"https:\/\/www.viitanordic.com\/#\/schema\/logo\/image\/"},"sameAs":["https:\/\/www.facebook.com\/viitanordic","https:\/\/fi.pinterest.com\/viitanordic\/"]}]}},"_links":{"self":[{"href":"https:\/\/www.viitanordic.com\/de\/wp-json\/wp\/v2\/product\/39315","targetHints":{"allow":["GET"]}}],"collection":[{"href":"https:\/\/www.viitanordic.com\/de\/wp-json\/wp\/v2\/product"}],"about":[{"href":"https:\/\/www.viitanordic.com\/de\/wp-json\/wp\/v2\/types\/product"}],"wp:featuredmedia":[{"embeddable":true,"href":"https:\/\/www.viitanordic.com\/de\/wp-json\/wp\/v2\/media\/39363"}],"wp:attachment":[{"href":"https:\/\/www.viitanordic.com\/de\/wp-json\/wp\/v2\/media?parent=39315"}],"wp:term":[{"taxonomy":"product_brand","embeddable":true,"href":"https:\/\/www.viitanordic.com\/de\/wp-json\/wp\/v2\/product_brand?post=39315"},{"taxonomy":"product_cat","embeddable":true,"href":"https:\/\/www.viitanordic.com\/de\/wp-json\/wp\/v2\/product_cat?post=39315"},{"taxonomy":"product_tag","embeddable":true,"href":"https:\/\/www.viitanordic.com\/de\/wp-json\/wp\/v2\/product_tag?post=39315"}],"curies":[{"name":"wp","href":"https:\/\/api.w.org\/{rel}","templated":true}]}}