{"id":40775,"date":"2022-11-05T21:24:16","date_gmt":"2022-11-05T19:24:17","guid":{"rendered":"https:\/\/www.viitanordic.com\/?post_type=product&#038;p=40775"},"modified":"2022-11-05T21:31:03","modified_gmt":"2022-11-05T19:31:03","slug":"teppich-kaisla-blau-2","status":"publish","type":"product","link":"https:\/\/www.viitanordic.com\/de\/product\/nordische-teppiche-finnisches-design\/teppich-kaisla-blau-2\/","title":{"rendered":"Teppich Kaisla"},"content":{"rendered":"<p>Die Kombination von Baumwolle und Papiergarn\u00a0macht aus dem Kaisla einen wundersch\u00f6nen Finnischen Teppich. Das Design ist klar und modern. Der Teppich bringt W\u00e4rme und Stil in Ihr Zuhause.<\/p>\n<p><strong>Teppich nach Mass:<\/strong> unter Gr\u00f6sse ausw\u00e4hlbar<\/p>\n<p><strong>Marke:<\/strong> Mattokutomo Malla<\/p>\n<p><strong>Material:<\/strong> 80% Baumwolle, 20% Papiergarn &amp; Viskose<\/p>\n<p><strong>Herstellungsort:<\/strong> Finnland<\/p>\n<p><strong>Herstellungsart:<\/strong> Gewebt<\/p>\n<p><strong>Rand:<\/strong> 100% Baumwolle<\/p>\n<p><strong>Pflege: <\/strong>Regelm\u00e4ssiges Staubsaugen. Der Schmutz sollte mit einem feuchten Putztuch sofort entfernt werden. Aber nicht reiben sondern abtupfen.<\/p>\n<p><strong>Reinigung: <\/strong>Sorgf\u00e4ltig mit Wasser (max. +30\u00baC) und milden Reinigungsmittel und weicher B\u00fcrste waschen. Der Teppich nicht ins Wasser eintauchen und auch nicht reiben. Mit viel Wasser absp\u00fclen. Das restliche Wasser mit einem Teppichroller aus dem Teppich rauspressen. Den feuchten Teppich wieder vorsichtig formen und flach auf dem Boden trocknen lassen. Der Teppich darf nicht zusammengelegt werden. Eine professionelle Reinigung wird empfohlen.<\/p>\n","protected":false},"excerpt":{"rendered":"<p>Die Kombination von Baumwolle und Papiergarn\u00a0macht aus dem Kaisla einen wundersch\u00f6nen Finnischen Teppich. Das Design ist klar und modern. Der Teppich bringt W\u00e4rme und Stil in Ihr Zuhause. Teppich nach Mass: unter Gr\u00f6sse ausw\u00e4hlbar Marke: Mattokutomo Malla Material: 80% Baumwolle, 20% Papiergarn &amp; Viskose Herstellungsort: Finnland Herstellungsart: Gewebt Rand: 100% Baumwolle Pflege: Regelm\u00e4ssiges Staubsaugen. Der [\u2026] <a href=\"https:\/\/www.viitanordic.com\/de\/product\/nordische-teppiche-finnisches-design\/teppich-kaisla-blau-2\/\">\u00bb Lesen Sie mehr<\/a><\/p>\n","protected":false},"featured_media":40802,"template":"","meta":{"_acf_changed":false},"product_brand":[],"product_cat":[1018],"product_tag":[],"class_list":{"0":"post-40775","1":"product","2":"type-product","3":"status-publish","4":"has-post-thumbnail","6":"product_cat-nordische-teppiche-finnisches-design","8":"first","9":"instock","10":"taxable","11":"shipping-taxable","12":"purchasable","13":"product-type-variable","14":"has-default-attributes"},"acf":[],"yoast_head":"<!-- This site is optimized with the Yoast SEO plugin v25.8 - https:\/\/yoast.com\/wordpress\/plugins\/seo\/ -->\n<title>Teppich Kaisla - Skandinavische Teppiche - Nordische Teppiche aus Finnland \u2013 ViitaNordic<\/title>\n<meta name=\"description\" content=\"Die Kombination von Baumwolle und Papiergarn macht aus dem Kaisla einen wundersch\u00f6nen Finnischen Teppich. Das Design ist klar und modern.\" \/>\n<meta name=\"robots\" content=\"index, follow, max-snippet:-1, max-image-preview:large, max-video-preview:-1\" \/>\n<link rel=\"canonical\" href=\"https:\/\/www.viitanordic.com\/de\/product\/nordische-teppiche-finnisches-design\/teppich-kaisla-blau-2\/\" \/>\n<meta property=\"og:locale\" content=\"de_DE\" \/>\n<meta property=\"og:type\" content=\"article\" \/>\n<meta property=\"og:title\" content=\"Teppich Kaisla - Skandinavische Teppiche - Nordische Teppiche aus Finnland \u2013 ViitaNordic\" \/>\n<meta property=\"og:description\" content=\"Die Kombination von Baumwolle und Papiergarn macht aus dem Kaisla einen wundersch\u00f6nen Finnischen Teppich. Das Design ist klar und modern.\" \/>\n<meta property=\"og:url\" content=\"https:\/\/www.viitanordic.com\/de\/product\/nordische-teppiche-finnisches-design\/teppich-kaisla-blau-2\/\" \/>\n<meta property=\"og:site_name\" content=\"Skandinavische Teppiche - Nordische Teppiche aus Finnland \u2013 ViitaNordic\" \/>\n<meta property=\"article:publisher\" content=\"https:\/\/www.facebook.com\/viitanordic\" \/>\n<meta property=\"article:modified_time\" content=\"2022-11-05T19:31:03+00:00\" \/>\n<meta property=\"og:image\" content=\"https:\/\/www.viitanordic.com\/lataukset\/Nordic-Rug-Kaisla-blue-ViitaNordic.jpg\" \/>\n\t<meta property=\"og:image:width\" content=\"1920\" \/>\n\t<meta property=\"og:image:height\" content=\"807\" \/>\n\t<meta property=\"og:image:type\" content=\"image\/jpeg\" \/>\n<meta name=\"twitter:label1\" content=\"Est. reading time\" \/>\n\t<meta name=\"twitter:data1\" content=\"1 minute\" \/>\n<script type=\"application\/ld+json\" class=\"yoast-schema-graph\">{\"@context\":\"https:\/\/schema.org\",\"@graph\":[{\"@type\":\"WebPage\",\"@id\":\"https:\/\/www.viitanordic.com\/de\/product\/nordische-teppiche-finnisches-design\/teppich-kaisla-blau-2\/\",\"url\":\"https:\/\/www.viitanordic.com\/de\/product\/nordische-teppiche-finnisches-design\/teppich-kaisla-blau-2\/\",\"name\":\"Teppich Kaisla - Skandinavische Teppiche - Nordische Teppiche aus Finnland \u2013 ViitaNordic\",\"isPartOf\":{\"@id\":\"https:\/\/www.viitanordic.com\/#website\"},\"primaryImageOfPage\":{\"@id\":\"https:\/\/www.viitanordic.com\/de\/product\/nordische-teppiche-finnisches-design\/teppich-kaisla-blau-2\/#primaryimage\"},\"image\":{\"@id\":\"https:\/\/www.viitanordic.com\/de\/product\/nordische-teppiche-finnisches-design\/teppich-kaisla-blau-2\/#primaryimage\"},\"thumbnailUrl\":\"https:\/\/www.viitanordic.com\/lataukset\/Nordic-Rug-Kaisla-blue-ViitaNordic.jpg\",\"datePublished\":\"2022-11-05T19:24:17+00:00\",\"dateModified\":\"2022-11-05T19:31:03+00:00\",\"description\":\"Die Kombination von Baumwolle und Papiergarn macht aus dem Kaisla einen wundersch\u00f6nen Finnischen Teppich. Das Design ist klar und modern.\",\"breadcrumb\":{\"@id\":\"https:\/\/www.viitanordic.com\/de\/product\/nordische-teppiche-finnisches-design\/teppich-kaisla-blau-2\/#breadcrumb\"},\"inLanguage\":\"de\",\"potentialAction\":[{\"@type\":\"ReadAction\",\"target\":[\"https:\/\/www.viitanordic.com\/de\/product\/nordische-teppiche-finnisches-design\/teppich-kaisla-blau-2\/\"]}]},{\"@type\":\"ImageObject\",\"inLanguage\":\"de\",\"@id\":\"https:\/\/www.viitanordic.com\/de\/product\/nordische-teppiche-finnisches-design\/teppich-kaisla-blau-2\/#primaryimage\",\"url\":\"https:\/\/www.viitanordic.com\/lataukset\/Nordic-Rug-Kaisla-blue-ViitaNordic.jpg\",\"contentUrl\":\"https:\/\/www.viitanordic.com\/lataukset\/Nordic-Rug-Kaisla-blue-ViitaNordic.jpg\",\"width\":1920,\"height\":807,\"caption\":\"Papiergarn Teppich Kaisla. Nordischer Design Teppich aus Finnland.\"},{\"@type\":\"BreadcrumbList\",\"@id\":\"https:\/\/www.viitanordic.com\/de\/product\/nordische-teppiche-finnisches-design\/teppich-kaisla-blau-2\/#breadcrumb\",\"itemListElement\":[{\"@type\":\"ListItem\",\"position\":1,\"name\":\"Etusivu\",\"item\":\"https:\/\/www.viitanordic.com\/de\/\"},{\"@type\":\"ListItem\",\"position\":2,\"name\":\"Skandinavische Teppiche &#8211; Nordische Teppiche\",\"item\":\"https:\/\/www.viitanordic.com\/de\/\"},{\"@type\":\"ListItem\",\"position\":3,\"name\":\"Teppich Kaisla\"}]},{\"@type\":\"WebSite\",\"@id\":\"https:\/\/www.viitanordic.com\/#website\",\"url\":\"https:\/\/www.viitanordic.com\/\",\"name\":\"Scandinavian Rugs - Nordic Rugs - Made in Finland \u2013 ViitaNordic\",\"description\":\"Skandinavische Teppiche - Nordische Teppiche aus Finnland \u2013 ViitaNordic\",\"publisher\":{\"@id\":\"https:\/\/www.viitanordic.com\/#organization\"},\"potentialAction\":[{\"@type\":\"SearchAction\",\"target\":{\"@type\":\"EntryPoint\",\"urlTemplate\":\"https:\/\/www.viitanordic.com\/?s={search_term_string}\"},\"query-input\":{\"@type\":\"PropertyValueSpecification\",\"valueRequired\":true,\"valueName\":\"search_term_string\"}}],\"inLanguage\":\"de\"},{\"@type\":\"Organization\",\"@id\":\"https:\/\/www.viitanordic.com\/#organization\",\"name\":\"ViitaNordic Oy\",\"url\":\"https:\/\/www.viitanordic.com\/\",\"logo\":{\"@type\":\"ImageObject\",\"inLanguage\":\"de\",\"@id\":\"https:\/\/www.viitanordic.com\/#\/schema\/logo\/image\/\",\"url\":\"https:\/\/www.viitanordic.com\/lataukset\/logo-viitanordic.png\",\"contentUrl\":\"https:\/\/www.viitanordic.com\/lataukset\/logo-viitanordic.png\",\"width\":720,\"height\":111,\"caption\":\"ViitaNordic Oy\"},\"image\":{\"@id\":\"https:\/\/www.viitanordic.com\/#\/schema\/logo\/image\/\"},\"sameAs\":[\"https:\/\/www.facebook.com\/viitanordic\",\"https:\/\/fi.pinterest.com\/viitanordic\/\"]}]}<\/script>\n<!-- \/ Yoast SEO plugin. -->","yoast_head_json":{"title":"Teppich Kaisla - Skandinavische Teppiche - Nordische Teppiche aus Finnland \u2013 ViitaNordic","description":"Die Kombination von Baumwolle und Papiergarn macht aus dem Kaisla einen wundersch\u00f6nen Finnischen Teppich. Das Design ist klar und modern.","robots":{"index":"index","follow":"follow","max-snippet":"max-snippet:-1","max-image-preview":"max-image-preview:large","max-video-preview":"max-video-preview:-1"},"canonical":"https:\/\/www.viitanordic.com\/de\/product\/nordische-teppiche-finnisches-design\/teppich-kaisla-blau-2\/","og_locale":"de_DE","og_type":"article","og_title":"Teppich Kaisla - Skandinavische Teppiche - Nordische Teppiche aus Finnland \u2013 ViitaNordic","og_description":"Die Kombination von Baumwolle und Papiergarn macht aus dem Kaisla einen wundersch\u00f6nen Finnischen Teppich. Das Design ist klar und modern.","og_url":"https:\/\/www.viitanordic.com\/de\/product\/nordische-teppiche-finnisches-design\/teppich-kaisla-blau-2\/","og_site_name":"Skandinavische Teppiche - Nordische Teppiche aus Finnland \u2013 ViitaNordic","article_publisher":"https:\/\/www.facebook.com\/viitanordic","article_modified_time":"2022-11-05T19:31:03+00:00","og_image":[{"width":1920,"height":807,"url":"https:\/\/www.viitanordic.com\/lataukset\/Nordic-Rug-Kaisla-blue-ViitaNordic.jpg","type":"image\/jpeg"}],"twitter_misc":{"Est. reading time":"1 minute"},"schema":{"@context":"https:\/\/schema.org","@graph":[{"@type":"WebPage","@id":"https:\/\/www.viitanordic.com\/de\/product\/nordische-teppiche-finnisches-design\/teppich-kaisla-blau-2\/","url":"https:\/\/www.viitanordic.com\/de\/product\/nordische-teppiche-finnisches-design\/teppich-kaisla-blau-2\/","name":"Teppich Kaisla - Skandinavische Teppiche - Nordische Teppiche aus Finnland \u2013 ViitaNordic","isPartOf":{"@id":"https:\/\/www.viitanordic.com\/#website"},"primaryImageOfPage":{"@id":"https:\/\/www.viitanordic.com\/de\/product\/nordische-teppiche-finnisches-design\/teppich-kaisla-blau-2\/#primaryimage"},"image":{"@id":"https:\/\/www.viitanordic.com\/de\/product\/nordische-teppiche-finnisches-design\/teppich-kaisla-blau-2\/#primaryimage"},"thumbnailUrl":"https:\/\/www.viitanordic.com\/lataukset\/Nordic-Rug-Kaisla-blue-ViitaNordic.jpg","datePublished":"2022-11-05T19:24:17+00:00","dateModified":"2022-11-05T19:31:03+00:00","description":"Die Kombination von Baumwolle und Papiergarn macht aus dem Kaisla einen wundersch\u00f6nen Finnischen Teppich. Das Design ist klar und modern.","breadcrumb":{"@id":"https:\/\/www.viitanordic.com\/de\/product\/nordische-teppiche-finnisches-design\/teppich-kaisla-blau-2\/#breadcrumb"},"inLanguage":"de","potentialAction":[{"@type":"ReadAction","target":["https:\/\/www.viitanordic.com\/de\/product\/nordische-teppiche-finnisches-design\/teppich-kaisla-blau-2\/"]}]},{"@type":"ImageObject","inLanguage":"de","@id":"https:\/\/www.viitanordic.com\/de\/product\/nordische-teppiche-finnisches-design\/teppich-kaisla-blau-2\/#primaryimage","url":"https:\/\/www.viitanordic.com\/lataukset\/Nordic-Rug-Kaisla-blue-ViitaNordic.jpg","contentUrl":"https:\/\/www.viitanordic.com\/lataukset\/Nordic-Rug-Kaisla-blue-ViitaNordic.jpg","width":1920,"height":807,"caption":"Papiergarn Teppich Kaisla. Nordischer Design Teppich aus Finnland."},{"@type":"BreadcrumbList","@id":"https:\/\/www.viitanordic.com\/de\/product\/nordische-teppiche-finnisches-design\/teppich-kaisla-blau-2\/#breadcrumb","itemListElement":[{"@type":"ListItem","position":1,"name":"Etusivu","item":"https:\/\/www.viitanordic.com\/de\/"},{"@type":"ListItem","position":2,"name":"Skandinavische Teppiche &#8211; Nordische Teppiche","item":"https:\/\/www.viitanordic.com\/de\/"},{"@type":"ListItem","position":3,"name":"Teppich Kaisla"}]},{"@type":"WebSite","@id":"https:\/\/www.viitanordic.com\/#website","url":"https:\/\/www.viitanordic.com\/","name":"Scandinavian Rugs - Nordic Rugs - Made in Finland \u2013 ViitaNordic","description":"Skandinavische Teppiche - Nordische Teppiche aus Finnland \u2013 ViitaNordic","publisher":{"@id":"https:\/\/www.viitanordic.com\/#organization"},"potentialAction":[{"@type":"SearchAction","target":{"@type":"EntryPoint","urlTemplate":"https:\/\/www.viitanordic.com\/?s={search_term_string}"},"query-input":{"@type":"PropertyValueSpecification","valueRequired":true,"valueName":"search_term_string"}}],"inLanguage":"de"},{"@type":"Organization","@id":"https:\/\/www.viitanordic.com\/#organization","name":"ViitaNordic Oy","url":"https:\/\/www.viitanordic.com\/","logo":{"@type":"ImageObject","inLanguage":"de","@id":"https:\/\/www.viitanordic.com\/#\/schema\/logo\/image\/","url":"https:\/\/www.viitanordic.com\/lataukset\/logo-viitanordic.png","contentUrl":"https:\/\/www.viitanordic.com\/lataukset\/logo-viitanordic.png","width":720,"height":111,"caption":"ViitaNordic Oy"},"image":{"@id":"https:\/\/www.viitanordic.com\/#\/schema\/logo\/image\/"},"sameAs":["https:\/\/www.facebook.com\/viitanordic","https:\/\/fi.pinterest.com\/viitanordic\/"]}]}},"_links":{"self":[{"href":"https:\/\/www.viitanordic.com\/de\/wp-json\/wp\/v2\/product\/40775","targetHints":{"allow":["GET"]}}],"collection":[{"href":"https:\/\/www.viitanordic.com\/de\/wp-json\/wp\/v2\/product"}],"about":[{"href":"https:\/\/www.viitanordic.com\/de\/wp-json\/wp\/v2\/types\/product"}],"wp:featuredmedia":[{"embeddable":true,"href":"https:\/\/www.viitanordic.com\/de\/wp-json\/wp\/v2\/media\/40802"}],"wp:attachment":[{"href":"https:\/\/www.viitanordic.com\/de\/wp-json\/wp\/v2\/media?parent=40775"}],"wp:term":[{"taxonomy":"product_brand","embeddable":true,"href":"https:\/\/www.viitanordic.com\/de\/wp-json\/wp\/v2\/product_brand?post=40775"},{"taxonomy":"product_cat","embeddable":true,"href":"https:\/\/www.viitanordic.com\/de\/wp-json\/wp\/v2\/product_cat?post=40775"},{"taxonomy":"product_tag","embeddable":true,"href":"https:\/\/www.viitanordic.com\/de\/wp-json\/wp\/v2\/product_tag?post=40775"}],"curies":[{"name":"wp","href":"https:\/\/api.w.org\/{rel}","templated":true}]}}