{"id":41459,"date":"2023-01-28T22:47:58","date_gmt":"2023-01-28T20:47:59","guid":{"rendered":"https:\/\/www.viitanordic.com\/?post_type=product&#038;p=41459"},"modified":"2023-01-29T11:11:01","modified_gmt":"2023-01-29T09:11:01","slug":"teppich-valo-grau","status":"publish","type":"product","link":"https:\/\/www.viitanordic.com\/de\/product\/hochflor-teppiche-skandinavisches-design\/teppich-valo-grau\/","title":{"rendered":"Teppich Valo"},"content":{"rendered":"<p>Valo ist ein eleganter Teppich und widerspiegelt die wundersch\u00f6nen Nordlichter. Der Teppich versch\u00f6nert jeden Raum.<\/p>\n<p><strong>Teppich nach Mass:<\/strong> unter Gr\u00f6sse ausw\u00e4hlbar<\/p>\n<p><strong>Marke:<\/strong> VM-Carpet<\/p>\n<p><strong>Material:<\/strong>\u00a0100% Polyamid<\/p>\n<p><strong>Herstellungsort:<\/strong>\u00a0Belgien, Finnland<\/p>\n<p><strong>R\u00fcckseite:<\/strong> Die rutschfeste R\u00fcckseite des Teppichs besteht aus hochqualitativem rezyklierbarem Kunststoff. Sie macht den Teppich stabiler und passt auch f\u00fcr B\u00f6den mit Heizung. Die R\u00fcckseite ist geruchlos, hinterl\u00e4sst keine Flecken und erzeugt keinen Staub.<\/p>\n<p><strong>Pflege: <\/strong>Regelm\u00e4ssiges Staubsaugen. Der Schmutz sollte mit einem feuchten Putztuch sofort entfernt werden. Aber nicht reiben sondern abtupfen.<\/p>\n<p><strong>Reinigung: <\/strong>Sorgf\u00e4ltig mit Wasser (max. +30\u00baC) und milden Reinigungsmittel und weicher B\u00fcrste waschen. Der Teppich nicht ins Wasser eintauchen und auch nicht reiben. Mit viel Wasser absp\u00fclen. Das restliche Wasser mit einem Teppichroller aus dem Teppich rauspressen. Den feuchten Teppich wieder vorsichtig formen und flach auf dem Boden trocknen lassen. Der Teppich darf nicht zusammengelegt werden. Eine professionelle Reinigung wird empfohlen.<\/p>\n","protected":false},"excerpt":{"rendered":"<p>Valo ist ein eleganter Teppich und widerspiegelt die wundersch\u00f6nen Nordlichter. Der Teppich versch\u00f6nert jeden Raum. Teppich nach Mass: unter Gr\u00f6sse ausw\u00e4hlbar Marke: VM-Carpet Material:\u00a0100% Polyamid Herstellungsort:\u00a0Belgien, Finnland R\u00fcckseite: Die rutschfeste R\u00fcckseite des Teppichs besteht aus hochqualitativem rezyklierbarem Kunststoff. Sie macht den Teppich stabiler und passt auch f\u00fcr B\u00f6den mit Heizung. Die R\u00fcckseite ist geruchlos, hinterl\u00e4sst [\u2026] <a href=\"https:\/\/www.viitanordic.com\/de\/product\/hochflor-teppiche-skandinavisches-design\/teppich-valo-grau\/\">\u00bb Lesen Sie mehr<\/a><\/p>\n","protected":false},"featured_media":41486,"template":"","meta":{"_acf_changed":false},"product_brand":[],"product_cat":[1021],"product_tag":[],"class_list":{"0":"post-41459","1":"product","2":"type-product","3":"status-publish","4":"has-post-thumbnail","6":"product_cat-hochflor-teppiche-skandinavisches-design","8":"first","9":"instock","10":"taxable","11":"shipping-taxable","12":"purchasable","13":"product-type-variable","14":"has-default-attributes"},"acf":[],"yoast_head":"<!-- This site is optimized with the Yoast SEO plugin v25.8 - https:\/\/yoast.com\/wordpress\/plugins\/seo\/ -->\n<title>Teppich Valo - Skandinavische Teppiche - Nordische Teppiche aus Finnland \u2013 ViitaNordic<\/title>\n<meta name=\"description\" content=\"Valo ist ein eleganter Teppich und widerspiegelt die wundersch\u00f6nen Nordlichter. Der Teppich versch\u00f6nert jeden Raum.\u00a0Erh\u00e4ltlich in verschiedenen Gr\u00f6ssen und Farben.\" \/>\n<meta name=\"robots\" content=\"index, follow, max-snippet:-1, max-image-preview:large, max-video-preview:-1\" \/>\n<link rel=\"canonical\" href=\"https:\/\/www.viitanordic.com\/de\/product\/schone-kurzflorteppiche-und-andere-teppiche\/teppich-valo-grau\/\" \/>\n<meta property=\"og:locale\" content=\"de_DE\" \/>\n<meta property=\"og:type\" content=\"article\" \/>\n<meta property=\"og:title\" content=\"Teppich Valo - Skandinavische Teppiche - Nordische Teppiche aus Finnland \u2013 ViitaNordic\" \/>\n<meta property=\"og:description\" content=\"Valo ist ein eleganter Teppich und widerspiegelt die wundersch\u00f6nen Nordlichter. Der Teppich versch\u00f6nert jeden Raum.\u00a0Erh\u00e4ltlich in verschiedenen Gr\u00f6ssen und Farben.\" \/>\n<meta property=\"og:url\" content=\"https:\/\/www.viitanordic.com\/de\/product\/schone-kurzflorteppiche-und-andere-teppiche\/teppich-valo-grau\/\" \/>\n<meta property=\"og:site_name\" content=\"Skandinavische Teppiche - Nordische Teppiche aus Finnland \u2013 ViitaNordic\" \/>\n<meta property=\"article:publisher\" content=\"https:\/\/www.facebook.com\/viitanordic\" \/>\n<meta property=\"article:modified_time\" content=\"2023-01-29T09:11:01+00:00\" \/>\n<meta property=\"og:image\" content=\"https:\/\/www.viitanordic.com\/lataukset\/Nordic-Rug-Valo-Grey-1.jpg\" \/>\n\t<meta property=\"og:image:width\" content=\"1920\" \/>\n\t<meta property=\"og:image:height\" content=\"1300\" \/>\n\t<meta property=\"og:image:type\" content=\"image\/jpeg\" \/>\n<meta name=\"twitter:label1\" content=\"Est. reading time\" \/>\n\t<meta name=\"twitter:data1\" content=\"1 minute\" \/>\n<script type=\"application\/ld+json\" class=\"yoast-schema-graph\">{\"@context\":\"https:\/\/schema.org\",\"@graph\":[{\"@type\":\"WebPage\",\"@id\":\"https:\/\/www.viitanordic.com\/de\/product\/schone-kurzflorteppiche-und-andere-teppiche\/teppich-valo-grau\/\",\"url\":\"https:\/\/www.viitanordic.com\/de\/product\/schone-kurzflorteppiche-und-andere-teppiche\/teppich-valo-grau\/\",\"name\":\"Teppich Valo - Skandinavische Teppiche - Nordische Teppiche aus Finnland \u2013 ViitaNordic\",\"isPartOf\":{\"@id\":\"https:\/\/www.viitanordic.com\/#website\"},\"primaryImageOfPage\":{\"@id\":\"https:\/\/www.viitanordic.com\/de\/product\/schone-kurzflorteppiche-und-andere-teppiche\/teppich-valo-grau\/#primaryimage\"},\"image\":{\"@id\":\"https:\/\/www.viitanordic.com\/de\/product\/schone-kurzflorteppiche-und-andere-teppiche\/teppich-valo-grau\/#primaryimage\"},\"thumbnailUrl\":\"https:\/\/www.viitanordic.com\/lataukset\/Nordic-Rug-Valo-Grey-1.jpg\",\"datePublished\":\"2023-01-28T20:47:59+00:00\",\"dateModified\":\"2023-01-29T09:11:01+00:00\",\"description\":\"Valo ist ein eleganter Teppich und widerspiegelt die wundersch\u00f6nen Nordlichter. Der Teppich versch\u00f6nert jeden Raum.\u00a0Erh\u00e4ltlich in verschiedenen Gr\u00f6ssen und Farben.\",\"breadcrumb\":{\"@id\":\"https:\/\/www.viitanordic.com\/de\/product\/schone-kurzflorteppiche-und-andere-teppiche\/teppich-valo-grau\/#breadcrumb\"},\"inLanguage\":\"de\",\"potentialAction\":[{\"@type\":\"ReadAction\",\"target\":[\"https:\/\/www.viitanordic.com\/de\/product\/schone-kurzflorteppiche-und-andere-teppiche\/teppich-valo-grau\/\"]}]},{\"@type\":\"ImageObject\",\"inLanguage\":\"de\",\"@id\":\"https:\/\/www.viitanordic.com\/de\/product\/schone-kurzflorteppiche-und-andere-teppiche\/teppich-valo-grau\/#primaryimage\",\"url\":\"https:\/\/www.viitanordic.com\/lataukset\/Nordic-Rug-Valo-Grey-1.jpg\",\"contentUrl\":\"https:\/\/www.viitanordic.com\/lataukset\/Nordic-Rug-Valo-Grey-1.jpg\",\"width\":1920,\"height\":1300,\"caption\":\"Nordsicher Webteppich Valo, ViitaNordic, Aus Finnland\"},{\"@type\":\"BreadcrumbList\",\"@id\":\"https:\/\/www.viitanordic.com\/de\/product\/schone-kurzflorteppiche-und-andere-teppiche\/teppich-valo-grau\/#breadcrumb\",\"itemListElement\":[{\"@type\":\"ListItem\",\"position\":1,\"name\":\"Etusivu\",\"item\":\"https:\/\/www.viitanordic.com\/de\/\"},{\"@type\":\"ListItem\",\"position\":2,\"name\":\"Skandinavische Teppiche &#8211; Nordische Teppiche\",\"item\":\"https:\/\/www.viitanordic.com\/de\/\"},{\"@type\":\"ListItem\",\"position\":3,\"name\":\"Teppich Valo\"}]},{\"@type\":\"WebSite\",\"@id\":\"https:\/\/www.viitanordic.com\/#website\",\"url\":\"https:\/\/www.viitanordic.com\/\",\"name\":\"Scandinavian Rugs - Nordic Rugs - Made in Finland \u2013 ViitaNordic\",\"description\":\"Skandinavische Teppiche - Nordische Teppiche aus Finnland \u2013 ViitaNordic\",\"publisher\":{\"@id\":\"https:\/\/www.viitanordic.com\/#organization\"},\"potentialAction\":[{\"@type\":\"SearchAction\",\"target\":{\"@type\":\"EntryPoint\",\"urlTemplate\":\"https:\/\/www.viitanordic.com\/?s={search_term_string}\"},\"query-input\":{\"@type\":\"PropertyValueSpecification\",\"valueRequired\":true,\"valueName\":\"search_term_string\"}}],\"inLanguage\":\"de\"},{\"@type\":\"Organization\",\"@id\":\"https:\/\/www.viitanordic.com\/#organization\",\"name\":\"ViitaNordic Oy\",\"url\":\"https:\/\/www.viitanordic.com\/\",\"logo\":{\"@type\":\"ImageObject\",\"inLanguage\":\"de\",\"@id\":\"https:\/\/www.viitanordic.com\/#\/schema\/logo\/image\/\",\"url\":\"https:\/\/www.viitanordic.com\/lataukset\/logo-viitanordic.png\",\"contentUrl\":\"https:\/\/www.viitanordic.com\/lataukset\/logo-viitanordic.png\",\"width\":720,\"height\":111,\"caption\":\"ViitaNordic Oy\"},\"image\":{\"@id\":\"https:\/\/www.viitanordic.com\/#\/schema\/logo\/image\/\"},\"sameAs\":[\"https:\/\/www.facebook.com\/viitanordic\",\"https:\/\/fi.pinterest.com\/viitanordic\/\"]}]}<\/script>\n<!-- \/ Yoast SEO plugin. -->","yoast_head_json":{"title":"Teppich Valo - Skandinavische Teppiche - Nordische Teppiche aus Finnland \u2013 ViitaNordic","description":"Valo ist ein eleganter Teppich und widerspiegelt die wundersch\u00f6nen Nordlichter. Der Teppich versch\u00f6nert jeden Raum.\u00a0Erh\u00e4ltlich in verschiedenen Gr\u00f6ssen und Farben.","robots":{"index":"index","follow":"follow","max-snippet":"max-snippet:-1","max-image-preview":"max-image-preview:large","max-video-preview":"max-video-preview:-1"},"canonical":"https:\/\/www.viitanordic.com\/de\/product\/schone-kurzflorteppiche-und-andere-teppiche\/teppich-valo-grau\/","og_locale":"de_DE","og_type":"article","og_title":"Teppich Valo - Skandinavische Teppiche - Nordische Teppiche aus Finnland \u2013 ViitaNordic","og_description":"Valo ist ein eleganter Teppich und widerspiegelt die wundersch\u00f6nen Nordlichter. Der Teppich versch\u00f6nert jeden Raum.\u00a0Erh\u00e4ltlich in verschiedenen Gr\u00f6ssen und Farben.","og_url":"https:\/\/www.viitanordic.com\/de\/product\/schone-kurzflorteppiche-und-andere-teppiche\/teppich-valo-grau\/","og_site_name":"Skandinavische Teppiche - Nordische Teppiche aus Finnland \u2013 ViitaNordic","article_publisher":"https:\/\/www.facebook.com\/viitanordic","article_modified_time":"2023-01-29T09:11:01+00:00","og_image":[{"width":1920,"height":1300,"url":"https:\/\/www.viitanordic.com\/lataukset\/Nordic-Rug-Valo-Grey-1.jpg","type":"image\/jpeg"}],"twitter_misc":{"Est. reading time":"1 minute"},"schema":{"@context":"https:\/\/schema.org","@graph":[{"@type":"WebPage","@id":"https:\/\/www.viitanordic.com\/de\/product\/schone-kurzflorteppiche-und-andere-teppiche\/teppich-valo-grau\/","url":"https:\/\/www.viitanordic.com\/de\/product\/schone-kurzflorteppiche-und-andere-teppiche\/teppich-valo-grau\/","name":"Teppich Valo - Skandinavische Teppiche - Nordische Teppiche aus Finnland \u2013 ViitaNordic","isPartOf":{"@id":"https:\/\/www.viitanordic.com\/#website"},"primaryImageOfPage":{"@id":"https:\/\/www.viitanordic.com\/de\/product\/schone-kurzflorteppiche-und-andere-teppiche\/teppich-valo-grau\/#primaryimage"},"image":{"@id":"https:\/\/www.viitanordic.com\/de\/product\/schone-kurzflorteppiche-und-andere-teppiche\/teppich-valo-grau\/#primaryimage"},"thumbnailUrl":"https:\/\/www.viitanordic.com\/lataukset\/Nordic-Rug-Valo-Grey-1.jpg","datePublished":"2023-01-28T20:47:59+00:00","dateModified":"2023-01-29T09:11:01+00:00","description":"Valo ist ein eleganter Teppich und widerspiegelt die wundersch\u00f6nen Nordlichter. Der Teppich versch\u00f6nert jeden Raum.\u00a0Erh\u00e4ltlich in verschiedenen Gr\u00f6ssen und Farben.","breadcrumb":{"@id":"https:\/\/www.viitanordic.com\/de\/product\/schone-kurzflorteppiche-und-andere-teppiche\/teppich-valo-grau\/#breadcrumb"},"inLanguage":"de","potentialAction":[{"@type":"ReadAction","target":["https:\/\/www.viitanordic.com\/de\/product\/schone-kurzflorteppiche-und-andere-teppiche\/teppich-valo-grau\/"]}]},{"@type":"ImageObject","inLanguage":"de","@id":"https:\/\/www.viitanordic.com\/de\/product\/schone-kurzflorteppiche-und-andere-teppiche\/teppich-valo-grau\/#primaryimage","url":"https:\/\/www.viitanordic.com\/lataukset\/Nordic-Rug-Valo-Grey-1.jpg","contentUrl":"https:\/\/www.viitanordic.com\/lataukset\/Nordic-Rug-Valo-Grey-1.jpg","width":1920,"height":1300,"caption":"Nordsicher Webteppich Valo, ViitaNordic, Aus Finnland"},{"@type":"BreadcrumbList","@id":"https:\/\/www.viitanordic.com\/de\/product\/schone-kurzflorteppiche-und-andere-teppiche\/teppich-valo-grau\/#breadcrumb","itemListElement":[{"@type":"ListItem","position":1,"name":"Etusivu","item":"https:\/\/www.viitanordic.com\/de\/"},{"@type":"ListItem","position":2,"name":"Skandinavische Teppiche &#8211; Nordische Teppiche","item":"https:\/\/www.viitanordic.com\/de\/"},{"@type":"ListItem","position":3,"name":"Teppich Valo"}]},{"@type":"WebSite","@id":"https:\/\/www.viitanordic.com\/#website","url":"https:\/\/www.viitanordic.com\/","name":"Scandinavian Rugs - Nordic Rugs - Made in Finland \u2013 ViitaNordic","description":"Skandinavische Teppiche - Nordische Teppiche aus Finnland \u2013 ViitaNordic","publisher":{"@id":"https:\/\/www.viitanordic.com\/#organization"},"potentialAction":[{"@type":"SearchAction","target":{"@type":"EntryPoint","urlTemplate":"https:\/\/www.viitanordic.com\/?s={search_term_string}"},"query-input":{"@type":"PropertyValueSpecification","valueRequired":true,"valueName":"search_term_string"}}],"inLanguage":"de"},{"@type":"Organization","@id":"https:\/\/www.viitanordic.com\/#organization","name":"ViitaNordic Oy","url":"https:\/\/www.viitanordic.com\/","logo":{"@type":"ImageObject","inLanguage":"de","@id":"https:\/\/www.viitanordic.com\/#\/schema\/logo\/image\/","url":"https:\/\/www.viitanordic.com\/lataukset\/logo-viitanordic.png","contentUrl":"https:\/\/www.viitanordic.com\/lataukset\/logo-viitanordic.png","width":720,"height":111,"caption":"ViitaNordic Oy"},"image":{"@id":"https:\/\/www.viitanordic.com\/#\/schema\/logo\/image\/"},"sameAs":["https:\/\/www.facebook.com\/viitanordic","https:\/\/fi.pinterest.com\/viitanordic\/"]}]}},"_links":{"self":[{"href":"https:\/\/www.viitanordic.com\/de\/wp-json\/wp\/v2\/product\/41459","targetHints":{"allow":["GET"]}}],"collection":[{"href":"https:\/\/www.viitanordic.com\/de\/wp-json\/wp\/v2\/product"}],"about":[{"href":"https:\/\/www.viitanordic.com\/de\/wp-json\/wp\/v2\/types\/product"}],"wp:featuredmedia":[{"embeddable":true,"href":"https:\/\/www.viitanordic.com\/de\/wp-json\/wp\/v2\/media\/41486"}],"wp:attachment":[{"href":"https:\/\/www.viitanordic.com\/de\/wp-json\/wp\/v2\/media?parent=41459"}],"wp:term":[{"taxonomy":"product_brand","embeddable":true,"href":"https:\/\/www.viitanordic.com\/de\/wp-json\/wp\/v2\/product_brand?post=41459"},{"taxonomy":"product_cat","embeddable":true,"href":"https:\/\/www.viitanordic.com\/de\/wp-json\/wp\/v2\/product_cat?post=41459"},{"taxonomy":"product_tag","embeddable":true,"href":"https:\/\/www.viitanordic.com\/de\/wp-json\/wp\/v2\/product_tag?post=41459"}],"curies":[{"name":"wp","href":"https:\/\/api.w.org\/{rel}","templated":true}]}}