{"id":41617,"date":"2023-02-23T16:00:59","date_gmt":"2023-02-23T14:00:59","guid":{"rendered":"https:\/\/www.viitanordic.com\/?post_type=product&#038;p=41617"},"modified":"2023-02-24T21:59:30","modified_gmt":"2023-02-24T19:59:30","slug":"teppich-rae-design-elina-helenius","status":"publish","type":"product","link":"https:\/\/www.viitanordic.com\/de\/product\/design-teppiche\/teppich-rae-design-elina-helenius\/","title":{"rendered":"Teppich Rae &#8211; Design Elina Helenius"},"content":{"rendered":"<p>Der Finnische Teppich RAE ist leicht und lebendig und l\u00e4sst sich vom Fr\u00fchlingswetter inspirieren: der Regen, der auf das Fenster f\u00e4llt, der Hagel, der auf das Dach prasselt, und das zarte Rauschen des Windes. Der Teppich ist angenehm zu begehen und wirklich leicht zu reinigen.<\/p>\n<p><strong>Marke:<\/strong> VM-Carpet<\/p>\n<p><strong>Material:<\/strong> 96% zertifizierte neuseel\u00e4ndische Wolle, 4% PES<\/p>\n<p><strong>Herstellungsort:<\/strong> Finnland<\/p>\n<p><strong>Herstellungsart:<\/strong> Gewebt<\/p>\n<p><strong>Pflege: <\/strong>Regelm\u00e4ssiges Staubsaugen. Der Schmutz sollte mit einem feuchten Putztuch sofort entfernt werden. Aber nicht reiben sondern abtupfen.<\/p>\n<p><strong>Reinigung: <\/strong>Sorgf\u00e4ltig mit Wasser (max. +30\u00baC) und milden Reinigungsmittel und weicher B\u00fcrste waschen. Der Teppich nicht ins Wasser eintauchen und auch nicht reiben. Mit viel Wasser absp\u00fclen. Das restliche Wasser mit einem Teppichroller aus dem Teppich rauspressen. Den feuchten Teppich wieder vorsichtig formen und flach auf dem Boden trocknen lassen. Der Teppich darf nicht zusammengelegt werden. Eine professionelle Reinigung wird empfohlen.<\/p>\n","protected":false},"excerpt":{"rendered":"<p>Der Finnische Teppich RAE ist leicht und lebendig und l\u00e4sst sich vom Fr\u00fchlingswetter inspirieren: der Regen, der auf das Fenster f\u00e4llt, der Hagel, der auf das Dach prasselt, und das zarte Rauschen des Windes. Der Teppich ist angenehm zu begehen und wirklich leicht zu reinigen. Marke: VM-Carpet Material: 96% zertifizierte neuseel\u00e4ndische Wolle, 4% PES Herstellungsort: [\u2026] <a href=\"https:\/\/www.viitanordic.com\/de\/product\/design-teppiche\/teppich-rae-design-elina-helenius\/\">\u00bb Lesen Sie mehr<\/a><\/p>\n","protected":false},"featured_media":41671,"template":"","meta":{"_acf_changed":false},"product_brand":[],"product_cat":[1024,838],"product_tag":[],"class_list":{"0":"post-41617","1":"product","2":"type-product","3":"status-publish","4":"has-post-thumbnail","6":"product_cat-nordische-wollteppiche-skandinavische-teppiche-aus-wolle","7":"product_cat-design-teppiche","9":"first","10":"instock","11":"taxable","12":"shipping-taxable","13":"purchasable","14":"product-type-variable","15":"has-default-attributes"},"acf":[],"yoast_head":"<!-- This site is optimized with the Yoast SEO plugin v25.8 - https:\/\/yoast.com\/wordpress\/plugins\/seo\/ -->\n<title>Teppich Rae - Design Elina Helenius - Skandinavische Teppiche - Nordische Teppiche aus Finnland \u2013 ViitaNordic - Skandinavischer Wollteppich<\/title>\n<meta name=\"description\" content=\"Der minimalistische und ruhige skandinavische Teppich HAIKU strahlt eine stille Sch\u00f6nheit aus und schafft eine heitere Atmosph\u00e4re.\" \/>\n<meta name=\"robots\" content=\"index, follow, max-snippet:-1, max-image-preview:large, max-video-preview:-1\" \/>\n<link rel=\"canonical\" href=\"https:\/\/www.viitanordic.com\/de\/product\/design-teppiche\/teppich-rae-design-elina-helenius\/\" \/>\n<meta property=\"og:locale\" content=\"de_DE\" \/>\n<meta property=\"og:type\" content=\"article\" \/>\n<meta property=\"og:title\" content=\"Teppich Rae - Design Elina Helenius - Skandinavische Teppiche - Nordische Teppiche aus Finnland \u2013 ViitaNordic - Skandinavischer Wollteppich\" \/>\n<meta property=\"og:description\" content=\"Der minimalistische und ruhige skandinavische Teppich HAIKU strahlt eine stille Sch\u00f6nheit aus und schafft eine heitere Atmosph\u00e4re.\" \/>\n<meta property=\"og:url\" content=\"https:\/\/www.viitanordic.com\/de\/product\/design-teppiche\/teppich-rae-design-elina-helenius\/\" \/>\n<meta property=\"og:site_name\" content=\"Skandinavische Teppiche - Nordische Teppiche aus Finnland \u2013 ViitaNordic\" \/>\n<meta property=\"article:publisher\" content=\"https:\/\/www.facebook.com\/viitanordic\" \/>\n<meta property=\"article:modified_time\" content=\"2023-02-24T19:59:30+00:00\" \/>\n<meta property=\"og:image\" content=\"https:\/\/www.viitanordic.com\/lataukset\/Nordic-Rug-Rae-beige_beige-top.jpg\" \/>\n\t<meta property=\"og:image:width\" content=\"1920\" \/>\n\t<meta property=\"og:image:height\" content=\"1920\" \/>\n\t<meta property=\"og:image:type\" content=\"image\/jpeg\" \/>\n<meta name=\"twitter:label1\" content=\"Est. reading time\" \/>\n\t<meta name=\"twitter:data1\" content=\"1 minute\" \/>\n<script type=\"application\/ld+json\" class=\"yoast-schema-graph\">{\"@context\":\"https:\/\/schema.org\",\"@graph\":[{\"@type\":\"WebPage\",\"@id\":\"https:\/\/www.viitanordic.com\/de\/product\/design-teppiche\/teppich-rae-design-elina-helenius\/\",\"url\":\"https:\/\/www.viitanordic.com\/de\/product\/design-teppiche\/teppich-rae-design-elina-helenius\/\",\"name\":\"Teppich Rae - Design Elina Helenius - Skandinavische Teppiche - Nordische Teppiche aus Finnland \u2013 ViitaNordic - Skandinavischer Wollteppich\",\"isPartOf\":{\"@id\":\"https:\/\/www.viitanordic.com\/#website\"},\"primaryImageOfPage\":{\"@id\":\"https:\/\/www.viitanordic.com\/de\/product\/design-teppiche\/teppich-rae-design-elina-helenius\/#primaryimage\"},\"image\":{\"@id\":\"https:\/\/www.viitanordic.com\/de\/product\/design-teppiche\/teppich-rae-design-elina-helenius\/#primaryimage\"},\"thumbnailUrl\":\"https:\/\/www.viitanordic.com\/lataukset\/Nordic-Rug-Rae-beige_beige-top.jpg\",\"datePublished\":\"2023-02-23T14:00:59+00:00\",\"dateModified\":\"2023-02-24T19:59:30+00:00\",\"description\":\"Der minimalistische und ruhige skandinavische Teppich HAIKU strahlt eine stille Sch\u00f6nheit aus und schafft eine heitere Atmosph\u00e4re.\",\"breadcrumb\":{\"@id\":\"https:\/\/www.viitanordic.com\/de\/product\/design-teppiche\/teppich-rae-design-elina-helenius\/#breadcrumb\"},\"inLanguage\":\"de\",\"potentialAction\":[{\"@type\":\"ReadAction\",\"target\":[\"https:\/\/www.viitanordic.com\/de\/product\/design-teppiche\/teppich-rae-design-elina-helenius\/\"]}]},{\"@type\":\"ImageObject\",\"inLanguage\":\"de\",\"@id\":\"https:\/\/www.viitanordic.com\/de\/product\/design-teppiche\/teppich-rae-design-elina-helenius\/#primaryimage\",\"url\":\"https:\/\/www.viitanordic.com\/lataukset\/Nordic-Rug-Rae-beige_beige-top.jpg\",\"contentUrl\":\"https:\/\/www.viitanordic.com\/lataukset\/Nordic-Rug-Rae-beige_beige-top.jpg\",\"width\":1920,\"height\":1920,\"caption\":\"Skandinavischer Wollteppich aus nat\u00fcrlicher Wolle \u2013 pflegeleicht, langlebig und ideal f\u00fcr ein minimalistisches Wohnambiente.\"},{\"@type\":\"BreadcrumbList\",\"@id\":\"https:\/\/www.viitanordic.com\/de\/product\/design-teppiche\/teppich-rae-design-elina-helenius\/#breadcrumb\",\"itemListElement\":[{\"@type\":\"ListItem\",\"position\":1,\"name\":\"Etusivu\",\"item\":\"https:\/\/www.viitanordic.com\/de\/\"},{\"@type\":\"ListItem\",\"position\":2,\"name\":\"Skandinavische Teppiche &#8211; Nordische Teppiche\",\"item\":\"https:\/\/www.viitanordic.com\/de\/\"},{\"@type\":\"ListItem\",\"position\":3,\"name\":\"Teppich Rae &#8211; Design Elina Helenius\"}]},{\"@type\":\"WebSite\",\"@id\":\"https:\/\/www.viitanordic.com\/#website\",\"url\":\"https:\/\/www.viitanordic.com\/\",\"name\":\"Scandinavian Rugs - Nordic Rugs - Made in Finland \u2013 ViitaNordic\",\"description\":\"Skandinavische Teppiche - Nordische Teppiche aus Finnland \u2013 ViitaNordic\",\"publisher\":{\"@id\":\"https:\/\/www.viitanordic.com\/#organization\"},\"potentialAction\":[{\"@type\":\"SearchAction\",\"target\":{\"@type\":\"EntryPoint\",\"urlTemplate\":\"https:\/\/www.viitanordic.com\/?s={search_term_string}\"},\"query-input\":{\"@type\":\"PropertyValueSpecification\",\"valueRequired\":true,\"valueName\":\"search_term_string\"}}],\"inLanguage\":\"de\"},{\"@type\":\"Organization\",\"@id\":\"https:\/\/www.viitanordic.com\/#organization\",\"name\":\"ViitaNordic Oy\",\"url\":\"https:\/\/www.viitanordic.com\/\",\"logo\":{\"@type\":\"ImageObject\",\"inLanguage\":\"de\",\"@id\":\"https:\/\/www.viitanordic.com\/#\/schema\/logo\/image\/\",\"url\":\"https:\/\/www.viitanordic.com\/lataukset\/logo-viitanordic.png\",\"contentUrl\":\"https:\/\/www.viitanordic.com\/lataukset\/logo-viitanordic.png\",\"width\":720,\"height\":111,\"caption\":\"ViitaNordic Oy\"},\"image\":{\"@id\":\"https:\/\/www.viitanordic.com\/#\/schema\/logo\/image\/\"},\"sameAs\":[\"https:\/\/www.facebook.com\/viitanordic\",\"https:\/\/fi.pinterest.com\/viitanordic\/\"]}]}<\/script>\n<!-- \/ Yoast SEO plugin. -->","yoast_head_json":{"title":"Teppich Rae - Design Elina Helenius - Skandinavische Teppiche - Nordische Teppiche aus Finnland \u2013 ViitaNordic - Skandinavischer Wollteppich","description":"Der minimalistische und ruhige skandinavische Teppich HAIKU strahlt eine stille Sch\u00f6nheit aus und schafft eine heitere Atmosph\u00e4re.","robots":{"index":"index","follow":"follow","max-snippet":"max-snippet:-1","max-image-preview":"max-image-preview:large","max-video-preview":"max-video-preview:-1"},"canonical":"https:\/\/www.viitanordic.com\/de\/product\/design-teppiche\/teppich-rae-design-elina-helenius\/","og_locale":"de_DE","og_type":"article","og_title":"Teppich Rae - Design Elina Helenius - Skandinavische Teppiche - Nordische Teppiche aus Finnland \u2013 ViitaNordic - Skandinavischer Wollteppich","og_description":"Der minimalistische und ruhige skandinavische Teppich HAIKU strahlt eine stille Sch\u00f6nheit aus und schafft eine heitere Atmosph\u00e4re.","og_url":"https:\/\/www.viitanordic.com\/de\/product\/design-teppiche\/teppich-rae-design-elina-helenius\/","og_site_name":"Skandinavische Teppiche - Nordische Teppiche aus Finnland \u2013 ViitaNordic","article_publisher":"https:\/\/www.facebook.com\/viitanordic","article_modified_time":"2023-02-24T19:59:30+00:00","og_image":[{"width":1920,"height":1920,"url":"https:\/\/www.viitanordic.com\/lataukset\/Nordic-Rug-Rae-beige_beige-top.jpg","type":"image\/jpeg"}],"twitter_misc":{"Est. reading time":"1 minute"},"schema":{"@context":"https:\/\/schema.org","@graph":[{"@type":"WebPage","@id":"https:\/\/www.viitanordic.com\/de\/product\/design-teppiche\/teppich-rae-design-elina-helenius\/","url":"https:\/\/www.viitanordic.com\/de\/product\/design-teppiche\/teppich-rae-design-elina-helenius\/","name":"Teppich Rae - Design Elina Helenius - Skandinavische Teppiche - Nordische Teppiche aus Finnland \u2013 ViitaNordic - Skandinavischer Wollteppich","isPartOf":{"@id":"https:\/\/www.viitanordic.com\/#website"},"primaryImageOfPage":{"@id":"https:\/\/www.viitanordic.com\/de\/product\/design-teppiche\/teppich-rae-design-elina-helenius\/#primaryimage"},"image":{"@id":"https:\/\/www.viitanordic.com\/de\/product\/design-teppiche\/teppich-rae-design-elina-helenius\/#primaryimage"},"thumbnailUrl":"https:\/\/www.viitanordic.com\/lataukset\/Nordic-Rug-Rae-beige_beige-top.jpg","datePublished":"2023-02-23T14:00:59+00:00","dateModified":"2023-02-24T19:59:30+00:00","description":"Der minimalistische und ruhige skandinavische Teppich HAIKU strahlt eine stille Sch\u00f6nheit aus und schafft eine heitere Atmosph\u00e4re.","breadcrumb":{"@id":"https:\/\/www.viitanordic.com\/de\/product\/design-teppiche\/teppich-rae-design-elina-helenius\/#breadcrumb"},"inLanguage":"de","potentialAction":[{"@type":"ReadAction","target":["https:\/\/www.viitanordic.com\/de\/product\/design-teppiche\/teppich-rae-design-elina-helenius\/"]}]},{"@type":"ImageObject","inLanguage":"de","@id":"https:\/\/www.viitanordic.com\/de\/product\/design-teppiche\/teppich-rae-design-elina-helenius\/#primaryimage","url":"https:\/\/www.viitanordic.com\/lataukset\/Nordic-Rug-Rae-beige_beige-top.jpg","contentUrl":"https:\/\/www.viitanordic.com\/lataukset\/Nordic-Rug-Rae-beige_beige-top.jpg","width":1920,"height":1920,"caption":"Skandinavischer Wollteppich aus nat\u00fcrlicher Wolle \u2013 pflegeleicht, langlebig und ideal f\u00fcr ein minimalistisches Wohnambiente."},{"@type":"BreadcrumbList","@id":"https:\/\/www.viitanordic.com\/de\/product\/design-teppiche\/teppich-rae-design-elina-helenius\/#breadcrumb","itemListElement":[{"@type":"ListItem","position":1,"name":"Etusivu","item":"https:\/\/www.viitanordic.com\/de\/"},{"@type":"ListItem","position":2,"name":"Skandinavische Teppiche &#8211; Nordische Teppiche","item":"https:\/\/www.viitanordic.com\/de\/"},{"@type":"ListItem","position":3,"name":"Teppich Rae &#8211; Design Elina Helenius"}]},{"@type":"WebSite","@id":"https:\/\/www.viitanordic.com\/#website","url":"https:\/\/www.viitanordic.com\/","name":"Scandinavian Rugs - Nordic Rugs - Made in Finland \u2013 ViitaNordic","description":"Skandinavische Teppiche - Nordische Teppiche aus Finnland \u2013 ViitaNordic","publisher":{"@id":"https:\/\/www.viitanordic.com\/#organization"},"potentialAction":[{"@type":"SearchAction","target":{"@type":"EntryPoint","urlTemplate":"https:\/\/www.viitanordic.com\/?s={search_term_string}"},"query-input":{"@type":"PropertyValueSpecification","valueRequired":true,"valueName":"search_term_string"}}],"inLanguage":"de"},{"@type":"Organization","@id":"https:\/\/www.viitanordic.com\/#organization","name":"ViitaNordic Oy","url":"https:\/\/www.viitanordic.com\/","logo":{"@type":"ImageObject","inLanguage":"de","@id":"https:\/\/www.viitanordic.com\/#\/schema\/logo\/image\/","url":"https:\/\/www.viitanordic.com\/lataukset\/logo-viitanordic.png","contentUrl":"https:\/\/www.viitanordic.com\/lataukset\/logo-viitanordic.png","width":720,"height":111,"caption":"ViitaNordic Oy"},"image":{"@id":"https:\/\/www.viitanordic.com\/#\/schema\/logo\/image\/"},"sameAs":["https:\/\/www.facebook.com\/viitanordic","https:\/\/fi.pinterest.com\/viitanordic\/"]}]}},"_links":{"self":[{"href":"https:\/\/www.viitanordic.com\/de\/wp-json\/wp\/v2\/product\/41617","targetHints":{"allow":["GET"]}}],"collection":[{"href":"https:\/\/www.viitanordic.com\/de\/wp-json\/wp\/v2\/product"}],"about":[{"href":"https:\/\/www.viitanordic.com\/de\/wp-json\/wp\/v2\/types\/product"}],"wp:featuredmedia":[{"embeddable":true,"href":"https:\/\/www.viitanordic.com\/de\/wp-json\/wp\/v2\/media\/41671"}],"wp:attachment":[{"href":"https:\/\/www.viitanordic.com\/de\/wp-json\/wp\/v2\/media?parent=41617"}],"wp:term":[{"taxonomy":"product_brand","embeddable":true,"href":"https:\/\/www.viitanordic.com\/de\/wp-json\/wp\/v2\/product_brand?post=41617"},{"taxonomy":"product_cat","embeddable":true,"href":"https:\/\/www.viitanordic.com\/de\/wp-json\/wp\/v2\/product_cat?post=41617"},{"taxonomy":"product_tag","embeddable":true,"href":"https:\/\/www.viitanordic.com\/de\/wp-json\/wp\/v2\/product_tag?post=41617"}],"curies":[{"name":"wp","href":"https:\/\/api.w.org\/{rel}","templated":true}]}}