{"id":43746,"date":"2025-01-06T14:05:51","date_gmt":"2025-01-06T12:05:52","guid":{"rendered":"https:\/\/www.viitanordic.com\/?post_type=product&#038;p=43746"},"modified":"2025-01-06T14:13:45","modified_gmt":"2025-01-06T12:13:45","slug":"primavera-design-design-elina-helenius-tyrni","status":"publish","type":"product","link":"https:\/\/www.viitanordic.com\/de\/product\/baumwollteppiche-aus-finnland-nordische-flickenteppiche\/primavera-design-design-elina-helenius-tyrni\/","title":{"rendered":"Primavera design &#8211; Design Elina Helenius"},"content":{"rendered":"<p>Frisch, leicht und in fr\u00f6hlichen Farben erstrahlend, bringt der Teppich Primarera einen Hauch von Fr\u00fchling in Ihr Zuhause. Primarera bereichert Ihren Alltag mit Freude und schafft eine gem\u00fctliche Atmosph\u00e4re um Sie herum.<\/p>\n<p>Der Teppich ist leicht zu handhaben und einfach zu reinigen. Er besteht aus recycelter Baumwolle, sodass Sie die Umwelt schonen k\u00f6nnen, w\u00e4hrend Sie die Sch\u00f6nheit des Teppichs genie\u00dfen. Der Primarera-Teppich ist in sechs bezaubernden Pastellfarben erh\u00e4ltlich, jede sch\u00f6ner als die andere.<\/p>\n<p><strong>Marke:<\/strong> VM-Carpet<\/p>\n<p><strong>Design:<\/strong> Elina Helenius<\/p>\n<p><strong>Material:<\/strong> 80% rezyklierte Baumwolle, 20% Polyester<\/p>\n<p><strong>Herstellungsort:<\/strong> Finnland<\/p>\n<p><strong>Herstellungsart:<\/strong> Gewebt<\/p>\n<p><strong>Pflege: <\/strong>Regelm\u00e4ssiges Staubsaugen. Der Schmutz sollte mit einem feuchten Putztuch sofort entfernt werden. Aber nicht reiben sondern abtupfen.<\/p>\n<p><strong>Reinigung: <\/strong>Sorgf\u00e4ltig mit Wasser (max. +30\u00baC) und milden Reinigungsmittel und weicher B\u00fcrste waschen. Der Teppich nicht ins Wasser eintauchen und auch nicht reiben. Mit viel Wasser absp\u00fclen. Das restliche Wasser mit einem Teppichroller aus dem Teppich rauspressen. Den feuchten Teppich wieder vorsichtig formen und flach auf dem Boden trocknen lassen. Der Teppich darf nicht zusammengelegt werden. Eine professionelle Reinigung wird empfohlen.<\/p>\n","protected":false},"excerpt":{"rendered":"<p>Frisch, leicht und in fr\u00f6hlichen Farben erstrahlend, bringt der Teppich Primarera einen Hauch von Fr\u00fchling in Ihr Zuhause. Primarera bereichert Ihren Alltag mit Freude und schafft eine gem\u00fctliche Atmosph\u00e4re um Sie herum. Der Teppich ist leicht zu handhaben und einfach zu reinigen. Er besteht aus recycelter Baumwolle, sodass Sie die Umwelt schonen k\u00f6nnen, w\u00e4hrend Sie [\u2026] <a href=\"https:\/\/www.viitanordic.com\/de\/product\/baumwollteppiche-aus-finnland-nordische-flickenteppiche\/primavera-design-design-elina-helenius-tyrni\/\">\u00bb Lesen Sie mehr<\/a><\/p>\n","protected":false},"featured_media":43769,"template":"","meta":{"_acf_changed":false},"product_brand":[],"product_cat":[44,838],"product_tag":[],"class_list":{"0":"post-43746","1":"product","2":"type-product","3":"status-publish","4":"has-post-thumbnail","6":"product_cat-baumwollteppiche-aus-finnland-nordische-flickenteppiche","7":"product_cat-design-teppiche","9":"first","10":"instock","11":"taxable","12":"shipping-taxable","13":"purchasable","14":"product-type-variable","15":"has-default-attributes"},"acf":[],"yoast_head":"<!-- This site is optimized with the Yoast SEO plugin v25.8 - https:\/\/yoast.com\/wordpress\/plugins\/seo\/ -->\n<title>Primavera design - Design Elina Helenius - Skandinavischer Wollteppich<\/title>\n<meta name=\"description\" content=\"Wundersch\u00f6ner skandinavischer Teppich Rae - Design Elina Helenius. Nordischer Teppich aus Finnland. Kostenloser Versand. Nordisches Design.\" \/>\n<meta name=\"robots\" content=\"index, follow, max-snippet:-1, max-image-preview:large, max-video-preview:-1\" \/>\n<link rel=\"canonical\" href=\"https:\/\/www.viitanordic.com\/de\/product\/baumwollteppiche-aus-finnland-nordische-flickenteppiche\/primavera-design-design-elina-helenius-tyrni\/\" \/>\n<meta property=\"og:locale\" content=\"de_DE\" \/>\n<meta property=\"og:type\" content=\"article\" \/>\n<meta property=\"og:title\" content=\"Primavera design - Design Elina Helenius - Skandinavischer Wollteppich\" \/>\n<meta property=\"og:description\" content=\"Wundersch\u00f6ner skandinavischer Teppich Rae - Design Elina Helenius. Nordischer Teppich aus Finnland. Kostenloser Versand. Nordisches Design.\" \/>\n<meta property=\"og:url\" content=\"https:\/\/www.viitanordic.com\/de\/product\/baumwollteppiche-aus-finnland-nordische-flickenteppiche\/primavera-design-design-elina-helenius-tyrni\/\" \/>\n<meta property=\"og:site_name\" content=\"Skandinavische Teppiche - Nordische Teppiche aus Finnland \u2013 ViitaNordic\" \/>\n<meta property=\"article:publisher\" content=\"https:\/\/www.facebook.com\/viitanordic\" \/>\n<meta property=\"article:modified_time\" content=\"2025-01-06T12:13:45+00:00\" \/>\n<meta property=\"og:image\" content=\"https:\/\/www.viitanordic.com\/lataukset\/Primavera-tyrni-2.jpg\" \/>\n\t<meta property=\"og:image:width\" content=\"1920\" \/>\n\t<meta property=\"og:image:height\" content=\"929\" \/>\n\t<meta property=\"og:image:type\" content=\"image\/jpeg\" \/>\n<meta name=\"twitter:label1\" content=\"Est. reading time\" \/>\n\t<meta name=\"twitter:data1\" content=\"1 minute\" \/>\n<script type=\"application\/ld+json\" class=\"yoast-schema-graph\">{\"@context\":\"https:\/\/schema.org\",\"@graph\":[{\"@type\":\"WebPage\",\"@id\":\"https:\/\/www.viitanordic.com\/de\/product\/baumwollteppiche-aus-finnland-nordische-flickenteppiche\/primavera-design-design-elina-helenius-tyrni\/\",\"url\":\"https:\/\/www.viitanordic.com\/de\/product\/baumwollteppiche-aus-finnland-nordische-flickenteppiche\/primavera-design-design-elina-helenius-tyrni\/\",\"name\":\"Primavera design - Design Elina Helenius - Skandinavischer Wollteppich\",\"isPartOf\":{\"@id\":\"https:\/\/www.viitanordic.com\/#website\"},\"primaryImageOfPage\":{\"@id\":\"https:\/\/www.viitanordic.com\/de\/product\/baumwollteppiche-aus-finnland-nordische-flickenteppiche\/primavera-design-design-elina-helenius-tyrni\/#primaryimage\"},\"image\":{\"@id\":\"https:\/\/www.viitanordic.com\/de\/product\/baumwollteppiche-aus-finnland-nordische-flickenteppiche\/primavera-design-design-elina-helenius-tyrni\/#primaryimage\"},\"thumbnailUrl\":\"https:\/\/www.viitanordic.com\/lataukset\/Primavera-tyrni-2.jpg\",\"datePublished\":\"2025-01-06T12:05:52+00:00\",\"dateModified\":\"2025-01-06T12:13:45+00:00\",\"description\":\"Wundersch\u00f6ner skandinavischer Teppich Rae - Design Elina Helenius. Nordischer Teppich aus Finnland. Kostenloser Versand. Nordisches Design.\",\"breadcrumb\":{\"@id\":\"https:\/\/www.viitanordic.com\/de\/product\/baumwollteppiche-aus-finnland-nordische-flickenteppiche\/primavera-design-design-elina-helenius-tyrni\/#breadcrumb\"},\"inLanguage\":\"de\",\"potentialAction\":[{\"@type\":\"ReadAction\",\"target\":[\"https:\/\/www.viitanordic.com\/de\/product\/baumwollteppiche-aus-finnland-nordische-flickenteppiche\/primavera-design-design-elina-helenius-tyrni\/\"]}]},{\"@type\":\"ImageObject\",\"inLanguage\":\"de\",\"@id\":\"https:\/\/www.viitanordic.com\/de\/product\/baumwollteppiche-aus-finnland-nordische-flickenteppiche\/primavera-design-design-elina-helenius-tyrni\/#primaryimage\",\"url\":\"https:\/\/www.viitanordic.com\/lataukset\/Primavera-tyrni-2.jpg\",\"contentUrl\":\"https:\/\/www.viitanordic.com\/lataukset\/Primavera-tyrni-2.jpg\",\"width\":1920,\"height\":929,\"caption\":\"Scandinavian Rug made in Finland - Nordic Carpet\"},{\"@type\":\"BreadcrumbList\",\"@id\":\"https:\/\/www.viitanordic.com\/de\/product\/baumwollteppiche-aus-finnland-nordische-flickenteppiche\/primavera-design-design-elina-helenius-tyrni\/#breadcrumb\",\"itemListElement\":[{\"@type\":\"ListItem\",\"position\":1,\"name\":\"Etusivu\",\"item\":\"https:\/\/www.viitanordic.com\/de\/\"},{\"@type\":\"ListItem\",\"position\":2,\"name\":\"Skandinavische Teppiche &#8211; Nordische Teppiche\",\"item\":\"https:\/\/www.viitanordic.com\/de\/\"},{\"@type\":\"ListItem\",\"position\":3,\"name\":\"Primavera design &#8211; Design Elina Helenius\"}]},{\"@type\":\"WebSite\",\"@id\":\"https:\/\/www.viitanordic.com\/#website\",\"url\":\"https:\/\/www.viitanordic.com\/\",\"name\":\"Scandinavian Rugs - Nordic Rugs - Made in Finland \u2013 ViitaNordic\",\"description\":\"Skandinavische Teppiche - Nordische Teppiche aus Finnland \u2013 ViitaNordic\",\"publisher\":{\"@id\":\"https:\/\/www.viitanordic.com\/#organization\"},\"potentialAction\":[{\"@type\":\"SearchAction\",\"target\":{\"@type\":\"EntryPoint\",\"urlTemplate\":\"https:\/\/www.viitanordic.com\/?s={search_term_string}\"},\"query-input\":{\"@type\":\"PropertyValueSpecification\",\"valueRequired\":true,\"valueName\":\"search_term_string\"}}],\"inLanguage\":\"de\"},{\"@type\":\"Organization\",\"@id\":\"https:\/\/www.viitanordic.com\/#organization\",\"name\":\"ViitaNordic Oy\",\"url\":\"https:\/\/www.viitanordic.com\/\",\"logo\":{\"@type\":\"ImageObject\",\"inLanguage\":\"de\",\"@id\":\"https:\/\/www.viitanordic.com\/#\/schema\/logo\/image\/\",\"url\":\"https:\/\/www.viitanordic.com\/lataukset\/logo-viitanordic.png\",\"contentUrl\":\"https:\/\/www.viitanordic.com\/lataukset\/logo-viitanordic.png\",\"width\":720,\"height\":111,\"caption\":\"ViitaNordic Oy\"},\"image\":{\"@id\":\"https:\/\/www.viitanordic.com\/#\/schema\/logo\/image\/\"},\"sameAs\":[\"https:\/\/www.facebook.com\/viitanordic\",\"https:\/\/fi.pinterest.com\/viitanordic\/\"]}]}<\/script>\n<!-- \/ Yoast SEO plugin. -->","yoast_head_json":{"title":"Primavera design - Design Elina Helenius - Skandinavischer Wollteppich","description":"Wundersch\u00f6ner skandinavischer Teppich Rae - Design Elina Helenius. Nordischer Teppich aus Finnland. Kostenloser Versand. Nordisches Design.","robots":{"index":"index","follow":"follow","max-snippet":"max-snippet:-1","max-image-preview":"max-image-preview:large","max-video-preview":"max-video-preview:-1"},"canonical":"https:\/\/www.viitanordic.com\/de\/product\/baumwollteppiche-aus-finnland-nordische-flickenteppiche\/primavera-design-design-elina-helenius-tyrni\/","og_locale":"de_DE","og_type":"article","og_title":"Primavera design - Design Elina Helenius - Skandinavischer Wollteppich","og_description":"Wundersch\u00f6ner skandinavischer Teppich Rae - Design Elina Helenius. Nordischer Teppich aus Finnland. Kostenloser Versand. Nordisches Design.","og_url":"https:\/\/www.viitanordic.com\/de\/product\/baumwollteppiche-aus-finnland-nordische-flickenteppiche\/primavera-design-design-elina-helenius-tyrni\/","og_site_name":"Skandinavische Teppiche - Nordische Teppiche aus Finnland \u2013 ViitaNordic","article_publisher":"https:\/\/www.facebook.com\/viitanordic","article_modified_time":"2025-01-06T12:13:45+00:00","og_image":[{"width":1920,"height":929,"url":"https:\/\/www.viitanordic.com\/lataukset\/Primavera-tyrni-2.jpg","type":"image\/jpeg"}],"twitter_misc":{"Est. reading time":"1 minute"},"schema":{"@context":"https:\/\/schema.org","@graph":[{"@type":"WebPage","@id":"https:\/\/www.viitanordic.com\/de\/product\/baumwollteppiche-aus-finnland-nordische-flickenteppiche\/primavera-design-design-elina-helenius-tyrni\/","url":"https:\/\/www.viitanordic.com\/de\/product\/baumwollteppiche-aus-finnland-nordische-flickenteppiche\/primavera-design-design-elina-helenius-tyrni\/","name":"Primavera design - Design Elina Helenius - Skandinavischer Wollteppich","isPartOf":{"@id":"https:\/\/www.viitanordic.com\/#website"},"primaryImageOfPage":{"@id":"https:\/\/www.viitanordic.com\/de\/product\/baumwollteppiche-aus-finnland-nordische-flickenteppiche\/primavera-design-design-elina-helenius-tyrni\/#primaryimage"},"image":{"@id":"https:\/\/www.viitanordic.com\/de\/product\/baumwollteppiche-aus-finnland-nordische-flickenteppiche\/primavera-design-design-elina-helenius-tyrni\/#primaryimage"},"thumbnailUrl":"https:\/\/www.viitanordic.com\/lataukset\/Primavera-tyrni-2.jpg","datePublished":"2025-01-06T12:05:52+00:00","dateModified":"2025-01-06T12:13:45+00:00","description":"Wundersch\u00f6ner skandinavischer Teppich Rae - Design Elina Helenius. Nordischer Teppich aus Finnland. Kostenloser Versand. Nordisches Design.","breadcrumb":{"@id":"https:\/\/www.viitanordic.com\/de\/product\/baumwollteppiche-aus-finnland-nordische-flickenteppiche\/primavera-design-design-elina-helenius-tyrni\/#breadcrumb"},"inLanguage":"de","potentialAction":[{"@type":"ReadAction","target":["https:\/\/www.viitanordic.com\/de\/product\/baumwollteppiche-aus-finnland-nordische-flickenteppiche\/primavera-design-design-elina-helenius-tyrni\/"]}]},{"@type":"ImageObject","inLanguage":"de","@id":"https:\/\/www.viitanordic.com\/de\/product\/baumwollteppiche-aus-finnland-nordische-flickenteppiche\/primavera-design-design-elina-helenius-tyrni\/#primaryimage","url":"https:\/\/www.viitanordic.com\/lataukset\/Primavera-tyrni-2.jpg","contentUrl":"https:\/\/www.viitanordic.com\/lataukset\/Primavera-tyrni-2.jpg","width":1920,"height":929,"caption":"Scandinavian Rug made in Finland - Nordic Carpet"},{"@type":"BreadcrumbList","@id":"https:\/\/www.viitanordic.com\/de\/product\/baumwollteppiche-aus-finnland-nordische-flickenteppiche\/primavera-design-design-elina-helenius-tyrni\/#breadcrumb","itemListElement":[{"@type":"ListItem","position":1,"name":"Etusivu","item":"https:\/\/www.viitanordic.com\/de\/"},{"@type":"ListItem","position":2,"name":"Skandinavische Teppiche &#8211; Nordische Teppiche","item":"https:\/\/www.viitanordic.com\/de\/"},{"@type":"ListItem","position":3,"name":"Primavera design &#8211; Design Elina Helenius"}]},{"@type":"WebSite","@id":"https:\/\/www.viitanordic.com\/#website","url":"https:\/\/www.viitanordic.com\/","name":"Scandinavian Rugs - Nordic Rugs - Made in Finland \u2013 ViitaNordic","description":"Skandinavische Teppiche - Nordische Teppiche aus Finnland \u2013 ViitaNordic","publisher":{"@id":"https:\/\/www.viitanordic.com\/#organization"},"potentialAction":[{"@type":"SearchAction","target":{"@type":"EntryPoint","urlTemplate":"https:\/\/www.viitanordic.com\/?s={search_term_string}"},"query-input":{"@type":"PropertyValueSpecification","valueRequired":true,"valueName":"search_term_string"}}],"inLanguage":"de"},{"@type":"Organization","@id":"https:\/\/www.viitanordic.com\/#organization","name":"ViitaNordic Oy","url":"https:\/\/www.viitanordic.com\/","logo":{"@type":"ImageObject","inLanguage":"de","@id":"https:\/\/www.viitanordic.com\/#\/schema\/logo\/image\/","url":"https:\/\/www.viitanordic.com\/lataukset\/logo-viitanordic.png","contentUrl":"https:\/\/www.viitanordic.com\/lataukset\/logo-viitanordic.png","width":720,"height":111,"caption":"ViitaNordic Oy"},"image":{"@id":"https:\/\/www.viitanordic.com\/#\/schema\/logo\/image\/"},"sameAs":["https:\/\/www.facebook.com\/viitanordic","https:\/\/fi.pinterest.com\/viitanordic\/"]}]}},"_links":{"self":[{"href":"https:\/\/www.viitanordic.com\/de\/wp-json\/wp\/v2\/product\/43746","targetHints":{"allow":["GET"]}}],"collection":[{"href":"https:\/\/www.viitanordic.com\/de\/wp-json\/wp\/v2\/product"}],"about":[{"href":"https:\/\/www.viitanordic.com\/de\/wp-json\/wp\/v2\/types\/product"}],"wp:featuredmedia":[{"embeddable":true,"href":"https:\/\/www.viitanordic.com\/de\/wp-json\/wp\/v2\/media\/43769"}],"wp:attachment":[{"href":"https:\/\/www.viitanordic.com\/de\/wp-json\/wp\/v2\/media?parent=43746"}],"wp:term":[{"taxonomy":"product_brand","embeddable":true,"href":"https:\/\/www.viitanordic.com\/de\/wp-json\/wp\/v2\/product_brand?post=43746"},{"taxonomy":"product_cat","embeddable":true,"href":"https:\/\/www.viitanordic.com\/de\/wp-json\/wp\/v2\/product_cat?post=43746"},{"taxonomy":"product_tag","embeddable":true,"href":"https:\/\/www.viitanordic.com\/de\/wp-json\/wp\/v2\/product_tag?post=43746"}],"curies":[{"name":"wp","href":"https:\/\/api.w.org\/{rel}","templated":true}]}}