{"id":44171,"date":"2025-01-11T22:56:57","date_gmt":"2025-01-11T20:56:59","guid":{"rendered":"https:\/\/www.viitanordic.com\/?post_type=product&#038;p=44171"},"modified":"2025-02-08T22:04:05","modified_gmt":"2025-02-08T20:04:05","slug":"kuura-greige","status":"publish","type":"product","link":"https:\/\/www.viitanordic.com\/de\/product\/nordische-wollteppiche-skandinavische-teppiche-aus-wolle\/kuura-greige\/","title":{"rendered":"Kuura"},"content":{"rendered":"<p>Der Kuura-Teppich aus 100 % reiner Wolle vereint nat\u00fcrliche Eleganz und unvergleichlichen Komfort. Er bietet ein luxuri\u00f6ses, weiches und warmes Gef\u00fchl unter den F\u00fc\u00dfen, perfekt f\u00fcr jedes Zuhause. Mit seinen klassischen Farboptionen in Wei\u00df und Greige f\u00fcgt sich dieser Teppich harmonisch in verschiedene Wohnstile ein und sorgt f\u00fcr eine stilvolle Akzentuierung in Ihrem Raum.<\/p>\n<p>Die edle, schmale Bandumrandung des Teppichs betont das hochwertige Design, w\u00e4hrend die rutschfeste EVAPOLYTEX\u00ae-R\u00fcckseite f\u00fcr zus\u00e4tzliche Stabilit\u00e4t und Sicherheit sorgt. Der Teppich eignet sich ideal f\u00fcr alle Bodenarten, einschlie\u00dflich Fu\u00dfbodenheizung, und garantiert eine lange Lebensdauer. Dank der geruchsneutralen, recyclebaren R\u00fcckseite hinterl\u00e4sst er keine Spuren und ist eine umweltfreundliche Wahl f\u00fcr Ihr Zuhause.<\/p>\n<p>Erleben Sie mit dem Kuura-Teppich eine perfekte Kombination aus Luxus, Komfort und Nachhaltigkeit \u2013 ein Genuss f\u00fcr jedes Zuhause, der sich durch seine hochwertige Verarbeitung und pflegeleichte Handhabung auszeichnet.<\/p>\n<p><strong>Marke:<\/strong> VM-Carpet<\/p>\n<p><strong>Material:<\/strong> 100% Wolle<\/p>\n<p><strong>Herstellungsort:<\/strong> EU; R\u00fcckseite in Finnland hergestellt<\/p>\n<p><strong>Herstellungsart:<\/strong> Gewebt<\/p>\n<p><strong>R\u00fcckseite:<\/strong> Die rutschfeste R\u00fcckseite des Teppichs besteht aus hochqualitativem rezyklierbarem Kunststoff. Sie macht den Teppich stabiler und passt auch f\u00fcr B\u00f6den mit Heizung. Die R\u00fcckseite ist geruchlos, hinterl\u00e4sst keine Flecken und erzeugt keinen Staub.<\/p>\n<p><strong>Pflege: <\/strong>Regelm\u00e4ssiges Staubsaugen. Der Schmutz sollte mit einem feuchten Putztuch sofort entfernt\u00a0werden. Aber nicht reiben sondern abtupfen.<\/p>\n<p><strong>Reingung: <\/strong>Sorgf\u00e4ltig mit Wasser (max. +30\u00baC) und milden Reinigungsmittel und weicher B\u00fcrste waschen. Der Teppich nicht ins Wasser eintauchen und auch nicht reiben. Mit viel Wasser absp\u00fclen. Das restliche Wasser mit einem Teppichroller aus dem Teppich rauspressen. Den feuchten Teppich wieder vorsichtig formen und flach auf dem Boden trocknen lassen. Der Teppich darf nicht zusammengelegt werden. Eine professionelle Reinigung wird empfohlen.<\/p>\n","protected":false},"excerpt":{"rendered":"<p>Der Kuura-Teppich aus 100 % reiner Wolle vereint nat\u00fcrliche Eleganz und unvergleichlichen Komfort. Er bietet ein luxuri\u00f6ses, weiches und warmes Gef\u00fchl unter den F\u00fc\u00dfen, perfekt f\u00fcr jedes Zuhause. Mit seinen klassischen Farboptionen in Wei\u00df und Greige f\u00fcgt sich dieser Teppich harmonisch in verschiedene Wohnstile ein und sorgt f\u00fcr eine stilvolle Akzentuierung in Ihrem Raum. Die [\u2026] <a href=\"https:\/\/www.viitanordic.com\/de\/product\/nordische-wollteppiche-skandinavische-teppiche-aus-wolle\/kuura-greige\/\">\u00bb Lesen Sie mehr<\/a><\/p>\n","protected":false},"featured_media":44202,"template":"","meta":{"_acf_changed":false},"product_brand":[],"product_cat":[1024],"product_tag":[],"class_list":{"0":"post-44171","1":"product","2":"type-product","3":"status-publish","4":"has-post-thumbnail","6":"product_cat-nordische-wollteppiche-skandinavische-teppiche-aus-wolle","8":"first","9":"instock","10":"taxable","11":"shipping-taxable","12":"purchasable","13":"product-type-variable","14":"has-default-attributes"},"acf":[],"yoast_head":"<!-- This site is optimized with the Yoast SEO plugin v25.8 - https:\/\/yoast.com\/wordpress\/plugins\/seo\/ -->\n<title>Kuura - Skandinavische Teppiche - Nordische Teppiche aus Finnland \u2013 ViitaNordic<\/title>\n<meta name=\"robots\" content=\"index, follow, max-snippet:-1, max-image-preview:large, max-video-preview:-1\" \/>\n<link rel=\"canonical\" href=\"https:\/\/www.viitanordic.com\/de\/product\/nordische-wollteppiche-skandinavische-teppiche-aus-wolle\/kuura-greige\/\" \/>\n<meta property=\"og:locale\" content=\"de_DE\" \/>\n<meta property=\"og:type\" content=\"article\" \/>\n<meta property=\"og:title\" content=\"Kuura - Skandinavische Teppiche - Nordische Teppiche aus Finnland \u2013 ViitaNordic\" \/>\n<meta property=\"og:description\" content=\"Der Kuura-Teppich aus 100 % reiner Wolle vereint nat\u00fcrliche Eleganz und unvergleichlichen Komfort. Er bietet ein luxuri\u00f6ses, weiches und warmes Gef\u00fchl unter den F\u00fc\u00dfen, perfekt f\u00fcr jedes Zuhause. Mit seinen klassischen Farboptionen in Wei\u00df und Greige f\u00fcgt sich dieser Teppich harmonisch in verschiedene Wohnstile ein und sorgt f\u00fcr eine stilvolle Akzentuierung in Ihrem Raum. Die [\u2026] \u00bb Lesen Sie mehr\" \/>\n<meta property=\"og:url\" content=\"https:\/\/www.viitanordic.com\/de\/product\/nordische-wollteppiche-skandinavische-teppiche-aus-wolle\/kuura-greige\/\" \/>\n<meta property=\"og:site_name\" content=\"Skandinavische Teppiche - Nordische Teppiche aus Finnland \u2013 ViitaNordic\" \/>\n<meta property=\"article:publisher\" content=\"https:\/\/www.facebook.com\/viitanordic\" \/>\n<meta property=\"article:modified_time\" content=\"2025-02-08T20:04:05+00:00\" \/>\n<meta property=\"og:image\" content=\"https:\/\/www.viitanordic.com\/lataukset\/Nordic-Scandi-rug-Kuura-Made-in-Finland.jpg\" \/>\n\t<meta property=\"og:image:width\" content=\"1920\" \/>\n\t<meta property=\"og:image:height\" content=\"1310\" \/>\n\t<meta property=\"og:image:type\" content=\"image\/jpeg\" \/>\n<meta name=\"twitter:label1\" content=\"Est. reading time\" \/>\n\t<meta name=\"twitter:data1\" content=\"2 minutes\" \/>\n<script type=\"application\/ld+json\" class=\"yoast-schema-graph\">{\"@context\":\"https:\/\/schema.org\",\"@graph\":[{\"@type\":\"WebPage\",\"@id\":\"https:\/\/www.viitanordic.com\/de\/product\/nordische-wollteppiche-skandinavische-teppiche-aus-wolle\/kuura-greige\/\",\"url\":\"https:\/\/www.viitanordic.com\/de\/product\/nordische-wollteppiche-skandinavische-teppiche-aus-wolle\/kuura-greige\/\",\"name\":\"Kuura - Skandinavische Teppiche - Nordische Teppiche aus Finnland \u2013 ViitaNordic\",\"isPartOf\":{\"@id\":\"https:\/\/www.viitanordic.com\/#website\"},\"primaryImageOfPage\":{\"@id\":\"https:\/\/www.viitanordic.com\/de\/product\/nordische-wollteppiche-skandinavische-teppiche-aus-wolle\/kuura-greige\/#primaryimage\"},\"image\":{\"@id\":\"https:\/\/www.viitanordic.com\/de\/product\/nordische-wollteppiche-skandinavische-teppiche-aus-wolle\/kuura-greige\/#primaryimage\"},\"thumbnailUrl\":\"https:\/\/www.viitanordic.com\/lataukset\/Nordic-Scandi-rug-Kuura-Made-in-Finland.jpg\",\"datePublished\":\"2025-01-11T20:56:59+00:00\",\"dateModified\":\"2025-02-08T20:04:05+00:00\",\"breadcrumb\":{\"@id\":\"https:\/\/www.viitanordic.com\/de\/product\/nordische-wollteppiche-skandinavische-teppiche-aus-wolle\/kuura-greige\/#breadcrumb\"},\"inLanguage\":\"de\",\"potentialAction\":[{\"@type\":\"ReadAction\",\"target\":[\"https:\/\/www.viitanordic.com\/de\/product\/nordische-wollteppiche-skandinavische-teppiche-aus-wolle\/kuura-greige\/\"]}]},{\"@type\":\"ImageObject\",\"inLanguage\":\"de\",\"@id\":\"https:\/\/www.viitanordic.com\/de\/product\/nordische-wollteppiche-skandinavische-teppiche-aus-wolle\/kuura-greige\/#primaryimage\",\"url\":\"https:\/\/www.viitanordic.com\/lataukset\/Nordic-Scandi-rug-Kuura-Made-in-Finland.jpg\",\"contentUrl\":\"https:\/\/www.viitanordic.com\/lataukset\/Nordic-Scandi-rug-Kuura-Made-in-Finland.jpg\",\"width\":1920,\"height\":1310,\"caption\":\"Unsere nachhaltigen Wollteppiche vereinen Natur und Design \u2013 eine perfekte Wahl f\u00fcr bewusste Haushalte.\"},{\"@type\":\"BreadcrumbList\",\"@id\":\"https:\/\/www.viitanordic.com\/de\/product\/nordische-wollteppiche-skandinavische-teppiche-aus-wolle\/kuura-greige\/#breadcrumb\",\"itemListElement\":[{\"@type\":\"ListItem\",\"position\":1,\"name\":\"Etusivu\",\"item\":\"https:\/\/www.viitanordic.com\/de\/\"},{\"@type\":\"ListItem\",\"position\":2,\"name\":\"Skandinavische Teppiche &#8211; Nordische Teppiche\",\"item\":\"https:\/\/www.viitanordic.com\/de\/\"},{\"@type\":\"ListItem\",\"position\":3,\"name\":\"Kuura\"}]},{\"@type\":\"WebSite\",\"@id\":\"https:\/\/www.viitanordic.com\/#website\",\"url\":\"https:\/\/www.viitanordic.com\/\",\"name\":\"Scandinavian Rugs - Nordic Rugs - Made in Finland \u2013 ViitaNordic\",\"description\":\"Skandinavische Teppiche - Nordische Teppiche aus Finnland \u2013 ViitaNordic\",\"publisher\":{\"@id\":\"https:\/\/www.viitanordic.com\/#organization\"},\"potentialAction\":[{\"@type\":\"SearchAction\",\"target\":{\"@type\":\"EntryPoint\",\"urlTemplate\":\"https:\/\/www.viitanordic.com\/?s={search_term_string}\"},\"query-input\":{\"@type\":\"PropertyValueSpecification\",\"valueRequired\":true,\"valueName\":\"search_term_string\"}}],\"inLanguage\":\"de\"},{\"@type\":\"Organization\",\"@id\":\"https:\/\/www.viitanordic.com\/#organization\",\"name\":\"ViitaNordic Oy\",\"url\":\"https:\/\/www.viitanordic.com\/\",\"logo\":{\"@type\":\"ImageObject\",\"inLanguage\":\"de\",\"@id\":\"https:\/\/www.viitanordic.com\/#\/schema\/logo\/image\/\",\"url\":\"https:\/\/www.viitanordic.com\/lataukset\/logo-viitanordic.png\",\"contentUrl\":\"https:\/\/www.viitanordic.com\/lataukset\/logo-viitanordic.png\",\"width\":720,\"height\":111,\"caption\":\"ViitaNordic Oy\"},\"image\":{\"@id\":\"https:\/\/www.viitanordic.com\/#\/schema\/logo\/image\/\"},\"sameAs\":[\"https:\/\/www.facebook.com\/viitanordic\",\"https:\/\/fi.pinterest.com\/viitanordic\/\"]}]}<\/script>\n<!-- \/ Yoast SEO plugin. -->","yoast_head_json":{"title":"Kuura - Skandinavische Teppiche - Nordische Teppiche aus Finnland \u2013 ViitaNordic","robots":{"index":"index","follow":"follow","max-snippet":"max-snippet:-1","max-image-preview":"max-image-preview:large","max-video-preview":"max-video-preview:-1"},"canonical":"https:\/\/www.viitanordic.com\/de\/product\/nordische-wollteppiche-skandinavische-teppiche-aus-wolle\/kuura-greige\/","og_locale":"de_DE","og_type":"article","og_title":"Kuura - Skandinavische Teppiche - Nordische Teppiche aus Finnland \u2013 ViitaNordic","og_description":"Der Kuura-Teppich aus 100 % reiner Wolle vereint nat\u00fcrliche Eleganz und unvergleichlichen Komfort. Er bietet ein luxuri\u00f6ses, weiches und warmes Gef\u00fchl unter den F\u00fc\u00dfen, perfekt f\u00fcr jedes Zuhause. Mit seinen klassischen Farboptionen in Wei\u00df und Greige f\u00fcgt sich dieser Teppich harmonisch in verschiedene Wohnstile ein und sorgt f\u00fcr eine stilvolle Akzentuierung in Ihrem Raum. Die [\u2026] \u00bb Lesen Sie mehr","og_url":"https:\/\/www.viitanordic.com\/de\/product\/nordische-wollteppiche-skandinavische-teppiche-aus-wolle\/kuura-greige\/","og_site_name":"Skandinavische Teppiche - Nordische Teppiche aus Finnland \u2013 ViitaNordic","article_publisher":"https:\/\/www.facebook.com\/viitanordic","article_modified_time":"2025-02-08T20:04:05+00:00","og_image":[{"width":1920,"height":1310,"url":"https:\/\/www.viitanordic.com\/lataukset\/Nordic-Scandi-rug-Kuura-Made-in-Finland.jpg","type":"image\/jpeg"}],"twitter_misc":{"Est. reading time":"2 minutes"},"schema":{"@context":"https:\/\/schema.org","@graph":[{"@type":"WebPage","@id":"https:\/\/www.viitanordic.com\/de\/product\/nordische-wollteppiche-skandinavische-teppiche-aus-wolle\/kuura-greige\/","url":"https:\/\/www.viitanordic.com\/de\/product\/nordische-wollteppiche-skandinavische-teppiche-aus-wolle\/kuura-greige\/","name":"Kuura - Skandinavische Teppiche - Nordische Teppiche aus Finnland \u2013 ViitaNordic","isPartOf":{"@id":"https:\/\/www.viitanordic.com\/#website"},"primaryImageOfPage":{"@id":"https:\/\/www.viitanordic.com\/de\/product\/nordische-wollteppiche-skandinavische-teppiche-aus-wolle\/kuura-greige\/#primaryimage"},"image":{"@id":"https:\/\/www.viitanordic.com\/de\/product\/nordische-wollteppiche-skandinavische-teppiche-aus-wolle\/kuura-greige\/#primaryimage"},"thumbnailUrl":"https:\/\/www.viitanordic.com\/lataukset\/Nordic-Scandi-rug-Kuura-Made-in-Finland.jpg","datePublished":"2025-01-11T20:56:59+00:00","dateModified":"2025-02-08T20:04:05+00:00","breadcrumb":{"@id":"https:\/\/www.viitanordic.com\/de\/product\/nordische-wollteppiche-skandinavische-teppiche-aus-wolle\/kuura-greige\/#breadcrumb"},"inLanguage":"de","potentialAction":[{"@type":"ReadAction","target":["https:\/\/www.viitanordic.com\/de\/product\/nordische-wollteppiche-skandinavische-teppiche-aus-wolle\/kuura-greige\/"]}]},{"@type":"ImageObject","inLanguage":"de","@id":"https:\/\/www.viitanordic.com\/de\/product\/nordische-wollteppiche-skandinavische-teppiche-aus-wolle\/kuura-greige\/#primaryimage","url":"https:\/\/www.viitanordic.com\/lataukset\/Nordic-Scandi-rug-Kuura-Made-in-Finland.jpg","contentUrl":"https:\/\/www.viitanordic.com\/lataukset\/Nordic-Scandi-rug-Kuura-Made-in-Finland.jpg","width":1920,"height":1310,"caption":"Unsere nachhaltigen Wollteppiche vereinen Natur und Design \u2013 eine perfekte Wahl f\u00fcr bewusste Haushalte."},{"@type":"BreadcrumbList","@id":"https:\/\/www.viitanordic.com\/de\/product\/nordische-wollteppiche-skandinavische-teppiche-aus-wolle\/kuura-greige\/#breadcrumb","itemListElement":[{"@type":"ListItem","position":1,"name":"Etusivu","item":"https:\/\/www.viitanordic.com\/de\/"},{"@type":"ListItem","position":2,"name":"Skandinavische Teppiche &#8211; Nordische Teppiche","item":"https:\/\/www.viitanordic.com\/de\/"},{"@type":"ListItem","position":3,"name":"Kuura"}]},{"@type":"WebSite","@id":"https:\/\/www.viitanordic.com\/#website","url":"https:\/\/www.viitanordic.com\/","name":"Scandinavian Rugs - Nordic Rugs - Made in Finland \u2013 ViitaNordic","description":"Skandinavische Teppiche - Nordische Teppiche aus Finnland \u2013 ViitaNordic","publisher":{"@id":"https:\/\/www.viitanordic.com\/#organization"},"potentialAction":[{"@type":"SearchAction","target":{"@type":"EntryPoint","urlTemplate":"https:\/\/www.viitanordic.com\/?s={search_term_string}"},"query-input":{"@type":"PropertyValueSpecification","valueRequired":true,"valueName":"search_term_string"}}],"inLanguage":"de"},{"@type":"Organization","@id":"https:\/\/www.viitanordic.com\/#organization","name":"ViitaNordic Oy","url":"https:\/\/www.viitanordic.com\/","logo":{"@type":"ImageObject","inLanguage":"de","@id":"https:\/\/www.viitanordic.com\/#\/schema\/logo\/image\/","url":"https:\/\/www.viitanordic.com\/lataukset\/logo-viitanordic.png","contentUrl":"https:\/\/www.viitanordic.com\/lataukset\/logo-viitanordic.png","width":720,"height":111,"caption":"ViitaNordic Oy"},"image":{"@id":"https:\/\/www.viitanordic.com\/#\/schema\/logo\/image\/"},"sameAs":["https:\/\/www.facebook.com\/viitanordic","https:\/\/fi.pinterest.com\/viitanordic\/"]}]}},"_links":{"self":[{"href":"https:\/\/www.viitanordic.com\/de\/wp-json\/wp\/v2\/product\/44171","targetHints":{"allow":["GET"]}}],"collection":[{"href":"https:\/\/www.viitanordic.com\/de\/wp-json\/wp\/v2\/product"}],"about":[{"href":"https:\/\/www.viitanordic.com\/de\/wp-json\/wp\/v2\/types\/product"}],"wp:featuredmedia":[{"embeddable":true,"href":"https:\/\/www.viitanordic.com\/de\/wp-json\/wp\/v2\/media\/44202"}],"wp:attachment":[{"href":"https:\/\/www.viitanordic.com\/de\/wp-json\/wp\/v2\/media?parent=44171"}],"wp:term":[{"taxonomy":"product_brand","embeddable":true,"href":"https:\/\/www.viitanordic.com\/de\/wp-json\/wp\/v2\/product_brand?post=44171"},{"taxonomy":"product_cat","embeddable":true,"href":"https:\/\/www.viitanordic.com\/de\/wp-json\/wp\/v2\/product_cat?post=44171"},{"taxonomy":"product_tag","embeddable":true,"href":"https:\/\/www.viitanordic.com\/de\/wp-json\/wp\/v2\/product_tag?post=44171"}],"curies":[{"name":"wp","href":"https:\/\/api.w.org\/{rel}","templated":true}]}}