{"id":44374,"date":"2025-01-12T16:09:57","date_gmt":"2025-01-12T14:09:57","guid":{"rendered":"https:\/\/www.viitanordic.com\/?post_type=product&#038;p=44374"},"modified":"2025-01-14T21:55:57","modified_gmt":"2025-01-14T19:55:57","slug":"teppich-elo","status":"publish","type":"product","link":"https:\/\/www.viitanordic.com\/de\/product\/sisalteppiche\/teppich-elo\/","title":{"rendered":"Teppich Elo"},"content":{"rendered":"<p>Die gl\u00e4nzende Optik von Sisal und das klassische Fischgr\u00e4tmuster verleihen dem Elo-Teppich einen eleganten und anspruchsvollen Look. Der flach gewebte Elo wird h\u00e4ufig in Fluren, Eingangsbereichen und \u00f6ffentlichen R\u00e4umen wie Besprechungs- und Konferenzzimmern eingesetzt. Dank der EVA-R\u00fcckseite ist der Teppich besonders rutschfest und stabil.<\/p>\n<p>Wichtiger Hinweis: Der Teppich ist nicht f\u00fcr zugige Eingangsbereiche, Badezimmer oder andere feuchte Umgebungen geeignet.<\/p>\n<p>Heben Sie Ihren Raum mit Stil und Funktionalit\u00e4t hervor \u2013 mit dem Elo-Teppich!<\/p>\n<p><strong>Teppich nach Mass:<\/strong> unter Gr\u00f6sse ausw\u00e4hlbar<\/p>\n<p><strong>Marke:<\/strong> VM-Carpet<\/p>\n<p><strong>Material:<\/strong> 100% Sisal<\/p>\n<p><strong>Herstellungsort:<\/strong> EU<\/p>\n<p><strong>Herstellungsart:<\/strong> Gewebt<\/p>\n<p><strong>R\u00fcckseite:<\/strong> Die rutschfeste R\u00fcckseite des Teppichs besteht aus hochqualitativem rezyklierbarem Kunststoff. Sie macht den Teppich stabiler und passt auch f\u00fcr B\u00f6den mit Heizung. Die R\u00fcckseite ist geruchlos, hinterl\u00e4sst keine Flecken und erzeugt keinen Staub.<\/p>\n<p><strong>Rand:<\/strong> 100% Baumwolle<\/p>\n<p><strong>Pflege: <\/strong>Regelm\u00e4ssiges Staubsaugen. Der Schmutz sollte mit einem feuchten Putztuch sofort entfernt werden. Aber nicht reiben sondern abtupfen.<\/p>\n<p><strong>Reinigung:\u00a0<\/strong>Wir empfehlen nicht, den Sisal-Teppich zu befeuchten, da sich die Fasern beim Nasswerden oder Trocknen verschieben k\u00f6nnen. Wir raten zu einer professionellen Trockenreinigung. Der Hersteller \u00fcbernimmt keine Haftung f\u00fcr Sch\u00e4den, die durch das Waschen des Teppichs entstehen.<\/p>\n","protected":false},"excerpt":{"rendered":"<p>Die gl\u00e4nzende Optik von Sisal und das klassische Fischgr\u00e4tmuster verleihen dem Elo-Teppich einen eleganten und anspruchsvollen Look. Der flach gewebte Elo wird h\u00e4ufig in Fluren, Eingangsbereichen und \u00f6ffentlichen R\u00e4umen wie Besprechungs- und Konferenzzimmern eingesetzt. Dank der EVA-R\u00fcckseite ist der Teppich besonders rutschfest und stabil. Wichtiger Hinweis: Der Teppich ist nicht f\u00fcr zugige Eingangsbereiche, Badezimmer oder [\u2026] <a href=\"https:\/\/www.viitanordic.com\/de\/product\/sisalteppiche\/teppich-elo\/\">\u00bb Lesen Sie mehr<\/a><\/p>\n","protected":false},"featured_media":44454,"template":"","meta":{"_acf_changed":false},"product_brand":[],"product_cat":[45],"product_tag":[],"class_list":{"0":"post-44374","1":"product","2":"type-product","3":"status-publish","4":"has-post-thumbnail","6":"product_cat-sisalteppiche","8":"first","9":"instock","10":"taxable","11":"shipping-taxable","12":"purchasable","13":"product-type-variable","14":"has-default-attributes"},"acf":[],"yoast_head":"<!-- This site is optimized with the Yoast SEO plugin v25.8 - https:\/\/yoast.com\/wordpress\/plugins\/seo\/ -->\n<title>Teppich Elo - Skandinavische Teppiche - Nordische Teppiche aus Finnland \u2013 ViitaNordic<\/title>\n<meta name=\"description\" content=\"Der Teppich Koivu ist ein stylischer und eleganter Webteppich. Der Teppich ist staubfrei, antistatisch, strapazierf\u00e4hig und ideal f\u00fcr zu Hause.\" \/>\n<meta name=\"robots\" content=\"index, follow, max-snippet:-1, max-image-preview:large, max-video-preview:-1\" \/>\n<link rel=\"canonical\" href=\"https:\/\/www.viitanordic.com\/de\/product\/sisalteppiche\/teppich-elo\/\" \/>\n<meta property=\"og:locale\" content=\"de_DE\" \/>\n<meta property=\"og:type\" content=\"article\" \/>\n<meta property=\"og:title\" content=\"Teppich Elo - Skandinavische Teppiche - Nordische Teppiche aus Finnland \u2013 ViitaNordic\" \/>\n<meta property=\"og:description\" content=\"Der Teppich Koivu ist ein stylischer und eleganter Webteppich. Der Teppich ist staubfrei, antistatisch, strapazierf\u00e4hig und ideal f\u00fcr zu Hause.\" \/>\n<meta property=\"og:url\" content=\"https:\/\/www.viitanordic.com\/de\/product\/sisalteppiche\/teppich-elo\/\" \/>\n<meta property=\"og:site_name\" content=\"Skandinavische Teppiche - Nordische Teppiche aus Finnland \u2013 ViitaNordic\" \/>\n<meta property=\"article:publisher\" content=\"https:\/\/www.facebook.com\/viitanordic\" \/>\n<meta property=\"article:modified_time\" content=\"2025-01-14T19:55:57+00:00\" \/>\n<meta property=\"og:image\" content=\"https:\/\/www.viitanordic.com\/lataukset\/Scandinavian-Sisal-Rug-Elo.jpg\" \/>\n\t<meta property=\"og:image:width\" content=\"1920\" \/>\n\t<meta property=\"og:image:height\" content=\"1309\" \/>\n\t<meta property=\"og:image:type\" content=\"image\/jpeg\" \/>\n<meta name=\"twitter:label1\" content=\"Est. reading time\" \/>\n\t<meta name=\"twitter:data1\" content=\"1 minute\" \/>\n<script type=\"application\/ld+json\" class=\"yoast-schema-graph\">{\"@context\":\"https:\/\/schema.org\",\"@graph\":[{\"@type\":\"WebPage\",\"@id\":\"https:\/\/www.viitanordic.com\/de\/product\/sisalteppiche\/teppich-elo\/\",\"url\":\"https:\/\/www.viitanordic.com\/de\/product\/sisalteppiche\/teppich-elo\/\",\"name\":\"Teppich Elo - Skandinavische Teppiche - Nordische Teppiche aus Finnland \u2013 ViitaNordic\",\"isPartOf\":{\"@id\":\"https:\/\/www.viitanordic.com\/#website\"},\"primaryImageOfPage\":{\"@id\":\"https:\/\/www.viitanordic.com\/de\/product\/sisalteppiche\/teppich-elo\/#primaryimage\"},\"image\":{\"@id\":\"https:\/\/www.viitanordic.com\/de\/product\/sisalteppiche\/teppich-elo\/#primaryimage\"},\"thumbnailUrl\":\"https:\/\/www.viitanordic.com\/lataukset\/Scandinavian-Sisal-Rug-Elo.jpg\",\"datePublished\":\"2025-01-12T14:09:57+00:00\",\"dateModified\":\"2025-01-14T19:55:57+00:00\",\"description\":\"Der Teppich Koivu ist ein stylischer und eleganter Webteppich. Der Teppich ist staubfrei, antistatisch, strapazierf\u00e4hig und ideal f\u00fcr zu Hause.\",\"breadcrumb\":{\"@id\":\"https:\/\/www.viitanordic.com\/de\/product\/sisalteppiche\/teppich-elo\/#breadcrumb\"},\"inLanguage\":\"de\",\"potentialAction\":[{\"@type\":\"ReadAction\",\"target\":[\"https:\/\/www.viitanordic.com\/de\/product\/sisalteppiche\/teppich-elo\/\"]}]},{\"@type\":\"ImageObject\",\"inLanguage\":\"de\",\"@id\":\"https:\/\/www.viitanordic.com\/de\/product\/sisalteppiche\/teppich-elo\/#primaryimage\",\"url\":\"https:\/\/www.viitanordic.com\/lataukset\/Scandinavian-Sisal-Rug-Elo.jpg\",\"contentUrl\":\"https:\/\/www.viitanordic.com\/lataukset\/Scandinavian-Sisal-Rug-Elo.jpg\",\"width\":1920,\"height\":1309,\"caption\":\"Nat\u00fcrliche Eleganz f\u00fcr dein Zuhause \u2013 der skandinavische Sisalteppich, perfekt f\u00fcr moderne und nachhaltige Innenr\u00e4ume\"},{\"@type\":\"BreadcrumbList\",\"@id\":\"https:\/\/www.viitanordic.com\/de\/product\/sisalteppiche\/teppich-elo\/#breadcrumb\",\"itemListElement\":[{\"@type\":\"ListItem\",\"position\":1,\"name\":\"Etusivu\",\"item\":\"https:\/\/www.viitanordic.com\/de\/\"},{\"@type\":\"ListItem\",\"position\":2,\"name\":\"Skandinavische Teppiche &#8211; Nordische Teppiche\",\"item\":\"https:\/\/www.viitanordic.com\/de\/\"},{\"@type\":\"ListItem\",\"position\":3,\"name\":\"Teppich Elo\"}]},{\"@type\":\"WebSite\",\"@id\":\"https:\/\/www.viitanordic.com\/#website\",\"url\":\"https:\/\/www.viitanordic.com\/\",\"name\":\"Scandinavian Rugs - Nordic Rugs - Made in Finland \u2013 ViitaNordic\",\"description\":\"Skandinavische Teppiche - Nordische Teppiche aus Finnland \u2013 ViitaNordic\",\"publisher\":{\"@id\":\"https:\/\/www.viitanordic.com\/#organization\"},\"potentialAction\":[{\"@type\":\"SearchAction\",\"target\":{\"@type\":\"EntryPoint\",\"urlTemplate\":\"https:\/\/www.viitanordic.com\/?s={search_term_string}\"},\"query-input\":{\"@type\":\"PropertyValueSpecification\",\"valueRequired\":true,\"valueName\":\"search_term_string\"}}],\"inLanguage\":\"de\"},{\"@type\":\"Organization\",\"@id\":\"https:\/\/www.viitanordic.com\/#organization\",\"name\":\"ViitaNordic Oy\",\"url\":\"https:\/\/www.viitanordic.com\/\",\"logo\":{\"@type\":\"ImageObject\",\"inLanguage\":\"de\",\"@id\":\"https:\/\/www.viitanordic.com\/#\/schema\/logo\/image\/\",\"url\":\"https:\/\/www.viitanordic.com\/lataukset\/logo-viitanordic.png\",\"contentUrl\":\"https:\/\/www.viitanordic.com\/lataukset\/logo-viitanordic.png\",\"width\":720,\"height\":111,\"caption\":\"ViitaNordic Oy\"},\"image\":{\"@id\":\"https:\/\/www.viitanordic.com\/#\/schema\/logo\/image\/\"},\"sameAs\":[\"https:\/\/www.facebook.com\/viitanordic\",\"https:\/\/fi.pinterest.com\/viitanordic\/\"]}]}<\/script>\n<!-- \/ Yoast SEO plugin. -->","yoast_head_json":{"title":"Teppich Elo - Skandinavische Teppiche - Nordische Teppiche aus Finnland \u2013 ViitaNordic","description":"Der Teppich Koivu ist ein stylischer und eleganter Webteppich. Der Teppich ist staubfrei, antistatisch, strapazierf\u00e4hig und ideal f\u00fcr zu Hause.","robots":{"index":"index","follow":"follow","max-snippet":"max-snippet:-1","max-image-preview":"max-image-preview:large","max-video-preview":"max-video-preview:-1"},"canonical":"https:\/\/www.viitanordic.com\/de\/product\/sisalteppiche\/teppich-elo\/","og_locale":"de_DE","og_type":"article","og_title":"Teppich Elo - Skandinavische Teppiche - Nordische Teppiche aus Finnland \u2013 ViitaNordic","og_description":"Der Teppich Koivu ist ein stylischer und eleganter Webteppich. Der Teppich ist staubfrei, antistatisch, strapazierf\u00e4hig und ideal f\u00fcr zu Hause.","og_url":"https:\/\/www.viitanordic.com\/de\/product\/sisalteppiche\/teppich-elo\/","og_site_name":"Skandinavische Teppiche - Nordische Teppiche aus Finnland \u2013 ViitaNordic","article_publisher":"https:\/\/www.facebook.com\/viitanordic","article_modified_time":"2025-01-14T19:55:57+00:00","og_image":[{"width":1920,"height":1309,"url":"https:\/\/www.viitanordic.com\/lataukset\/Scandinavian-Sisal-Rug-Elo.jpg","type":"image\/jpeg"}],"twitter_misc":{"Est. reading time":"1 minute"},"schema":{"@context":"https:\/\/schema.org","@graph":[{"@type":"WebPage","@id":"https:\/\/www.viitanordic.com\/de\/product\/sisalteppiche\/teppich-elo\/","url":"https:\/\/www.viitanordic.com\/de\/product\/sisalteppiche\/teppich-elo\/","name":"Teppich Elo - Skandinavische Teppiche - Nordische Teppiche aus Finnland \u2013 ViitaNordic","isPartOf":{"@id":"https:\/\/www.viitanordic.com\/#website"},"primaryImageOfPage":{"@id":"https:\/\/www.viitanordic.com\/de\/product\/sisalteppiche\/teppich-elo\/#primaryimage"},"image":{"@id":"https:\/\/www.viitanordic.com\/de\/product\/sisalteppiche\/teppich-elo\/#primaryimage"},"thumbnailUrl":"https:\/\/www.viitanordic.com\/lataukset\/Scandinavian-Sisal-Rug-Elo.jpg","datePublished":"2025-01-12T14:09:57+00:00","dateModified":"2025-01-14T19:55:57+00:00","description":"Der Teppich Koivu ist ein stylischer und eleganter Webteppich. Der Teppich ist staubfrei, antistatisch, strapazierf\u00e4hig und ideal f\u00fcr zu Hause.","breadcrumb":{"@id":"https:\/\/www.viitanordic.com\/de\/product\/sisalteppiche\/teppich-elo\/#breadcrumb"},"inLanguage":"de","potentialAction":[{"@type":"ReadAction","target":["https:\/\/www.viitanordic.com\/de\/product\/sisalteppiche\/teppich-elo\/"]}]},{"@type":"ImageObject","inLanguage":"de","@id":"https:\/\/www.viitanordic.com\/de\/product\/sisalteppiche\/teppich-elo\/#primaryimage","url":"https:\/\/www.viitanordic.com\/lataukset\/Scandinavian-Sisal-Rug-Elo.jpg","contentUrl":"https:\/\/www.viitanordic.com\/lataukset\/Scandinavian-Sisal-Rug-Elo.jpg","width":1920,"height":1309,"caption":"Nat\u00fcrliche Eleganz f\u00fcr dein Zuhause \u2013 der skandinavische Sisalteppich, perfekt f\u00fcr moderne und nachhaltige Innenr\u00e4ume"},{"@type":"BreadcrumbList","@id":"https:\/\/www.viitanordic.com\/de\/product\/sisalteppiche\/teppich-elo\/#breadcrumb","itemListElement":[{"@type":"ListItem","position":1,"name":"Etusivu","item":"https:\/\/www.viitanordic.com\/de\/"},{"@type":"ListItem","position":2,"name":"Skandinavische Teppiche &#8211; Nordische Teppiche","item":"https:\/\/www.viitanordic.com\/de\/"},{"@type":"ListItem","position":3,"name":"Teppich Elo"}]},{"@type":"WebSite","@id":"https:\/\/www.viitanordic.com\/#website","url":"https:\/\/www.viitanordic.com\/","name":"Scandinavian Rugs - Nordic Rugs - Made in Finland \u2013 ViitaNordic","description":"Skandinavische Teppiche - Nordische Teppiche aus Finnland \u2013 ViitaNordic","publisher":{"@id":"https:\/\/www.viitanordic.com\/#organization"},"potentialAction":[{"@type":"SearchAction","target":{"@type":"EntryPoint","urlTemplate":"https:\/\/www.viitanordic.com\/?s={search_term_string}"},"query-input":{"@type":"PropertyValueSpecification","valueRequired":true,"valueName":"search_term_string"}}],"inLanguage":"de"},{"@type":"Organization","@id":"https:\/\/www.viitanordic.com\/#organization","name":"ViitaNordic Oy","url":"https:\/\/www.viitanordic.com\/","logo":{"@type":"ImageObject","inLanguage":"de","@id":"https:\/\/www.viitanordic.com\/#\/schema\/logo\/image\/","url":"https:\/\/www.viitanordic.com\/lataukset\/logo-viitanordic.png","contentUrl":"https:\/\/www.viitanordic.com\/lataukset\/logo-viitanordic.png","width":720,"height":111,"caption":"ViitaNordic Oy"},"image":{"@id":"https:\/\/www.viitanordic.com\/#\/schema\/logo\/image\/"},"sameAs":["https:\/\/www.facebook.com\/viitanordic","https:\/\/fi.pinterest.com\/viitanordic\/"]}]}},"_links":{"self":[{"href":"https:\/\/www.viitanordic.com\/de\/wp-json\/wp\/v2\/product\/44374","targetHints":{"allow":["GET"]}}],"collection":[{"href":"https:\/\/www.viitanordic.com\/de\/wp-json\/wp\/v2\/product"}],"about":[{"href":"https:\/\/www.viitanordic.com\/de\/wp-json\/wp\/v2\/types\/product"}],"wp:featuredmedia":[{"embeddable":true,"href":"https:\/\/www.viitanordic.com\/de\/wp-json\/wp\/v2\/media\/44454"}],"wp:attachment":[{"href":"https:\/\/www.viitanordic.com\/de\/wp-json\/wp\/v2\/media?parent=44374"}],"wp:term":[{"taxonomy":"product_brand","embeddable":true,"href":"https:\/\/www.viitanordic.com\/de\/wp-json\/wp\/v2\/product_brand?post=44374"},{"taxonomy":"product_cat","embeddable":true,"href":"https:\/\/www.viitanordic.com\/de\/wp-json\/wp\/v2\/product_cat?post=44374"},{"taxonomy":"product_tag","embeddable":true,"href":"https:\/\/www.viitanordic.com\/de\/wp-json\/wp\/v2\/product_tag?post=44374"}],"curies":[{"name":"wp","href":"https:\/\/api.w.org\/{rel}","templated":true}]}}