{"id":45072,"date":"2025-06-09T22:09:58","date_gmt":"2025-06-09T19:10:00","guid":{"rendered":"https:\/\/www.viitanordic.com\/?post_type=product&#038;p=45072"},"modified":"2025-06-09T22:55:05","modified_gmt":"2025-06-09T19:55:05","slug":"teppich-tuuli","status":"publish","type":"product","link":"https:\/\/www.viitanordic.com\/de\/product\/sisalteppiche\/teppich-tuuli\/","title":{"rendered":"Teppich Tuuli"},"content":{"rendered":"<p>Bringen Sie nat\u00fcrliche Sch\u00f6nheit und hohe Funktionalit\u00e4t in Ihr Zuhause oder B\u00fcro mit unserem Tuuli-Sisalteppich. Aus robustem, grobem Sisal gefertigt, h\u00e4lt dieser flach gewebte Teppich selbst starker Beanspruchung m\u00fchelos stand \u2013 ideal f\u00fcr Flure, Eingangsbereiche und stark frequentierte R\u00e4ume wie Besprechungs- oder Konferenzzimmer.<\/p>\n<p>Die EVA-R\u00fcckseite sorgt f\u00fcr festen Halt und macht den Teppich rutschfest und formstabil. Das klare, strukturierte Design verleiht Ihren R\u00e4umen stilvolle Nat\u00fcrlichkeit und sch\u00fctzt gleichzeitig den Boden.<\/p>\n<p>Hinweis: Der Teppich eignet sich nur f\u00fcr trockene Innenbereiche und ist nicht empfehlenswert f\u00fcr feuchte R\u00e4ume wie Badezimmer oder zugige Eingangsbereiche.<\/p>\n<p><strong>Teppich nach Mass:<\/strong> unter Gr\u00f6sse ausw\u00e4hlbar<\/p>\n<p><strong>Marke:<\/strong> VM-Carpet<\/p>\n<p><strong>Material:<\/strong> 100% Sisal<\/p>\n<p><strong>Herstellungsort:<\/strong> EU<\/p>\n<p><strong>Herstellungsart:<\/strong> Gewebt<\/p>\n<p><strong>R\u00fcckseite:<\/strong> Die rutschfeste R\u00fcckseite des Teppichs besteht aus hochqualitativem rezyklierbarem Kunststoff. Sie macht den Teppich stabiler und passt auch f\u00fcr B\u00f6den mit Heizung. Die R\u00fcckseite ist geruchlos, hinterl\u00e4sst keine Flecken und erzeugt keinen Staub.<\/p>\n<p><strong>Rand:<\/strong> 100% Baumwolle<\/p>\n<p><strong>Pflege: <\/strong>Regelm\u00e4ssiges Staubsaugen. Der Schmutz sollte mit einem feuchten Putztuch sofort entfernt werden. Aber nicht reiben sondern abtupfen.<\/p>\n<p><strong>Reinigung:\u00a0<\/strong>Wir empfehlen nicht, den Sisal-Teppich zu befeuchten, da sich die Fasern beim Nasswerden oder Trocknen verschieben k\u00f6nnen. Wir raten zu einer professionellen Trockenreinigung. Der Hersteller \u00fcbernimmt keine Haftung f\u00fcr Sch\u00e4den, die durch das Waschen des Teppichs entstehen.<\/p>\n","protected":false},"excerpt":{"rendered":"<p>Bringen Sie nat\u00fcrliche Sch\u00f6nheit und hohe Funktionalit\u00e4t in Ihr Zuhause oder B\u00fcro mit unserem Tuuli-Sisalteppich. Aus robustem, grobem Sisal gefertigt, h\u00e4lt dieser flach gewebte Teppich selbst starker Beanspruchung m\u00fchelos stand \u2013 ideal f\u00fcr Flure, Eingangsbereiche und stark frequentierte R\u00e4ume wie Besprechungs- oder Konferenzzimmer. Die EVA-R\u00fcckseite sorgt f\u00fcr festen Halt und macht den Teppich rutschfest und [\u2026] <a href=\"https:\/\/www.viitanordic.com\/de\/product\/sisalteppiche\/teppich-tuuli\/\">\u00bb Lesen Sie mehr<\/a><\/p>\n","protected":false},"featured_media":45122,"template":"","meta":{"_acf_changed":false},"product_brand":[],"product_cat":[45],"product_tag":[],"class_list":{"0":"post-45072","1":"product","2":"type-product","3":"status-publish","4":"has-post-thumbnail","6":"product_cat-sisalteppiche","8":"first","9":"instock","10":"taxable","11":"shipping-taxable","12":"purchasable","13":"product-type-variable","14":"has-default-attributes"},"acf":[],"yoast_head":"<!-- This site is optimized with the Yoast SEO plugin v25.8 - https:\/\/yoast.com\/wordpress\/plugins\/seo\/ -->\n<title>Teppich Tuuli - Skandinavische Teppiche - Nordische Teppiche aus Finnland \u2013 ViitaNordic<\/title>\n<meta name=\"description\" content=\"Der Teppich Koivu ist ein stylischer und eleganter Webteppich. Der Teppich ist staubfrei, antistatisch, strapazierf\u00e4hig und ideal f\u00fcr zu Hause.\" \/>\n<meta name=\"robots\" content=\"index, follow, max-snippet:-1, max-image-preview:large, max-video-preview:-1\" \/>\n<link rel=\"canonical\" href=\"https:\/\/www.viitanordic.com\/de\/product\/sisalteppiche\/teppich-tuuli\/\" \/>\n<meta property=\"og:locale\" content=\"de_DE\" \/>\n<meta property=\"og:type\" content=\"article\" \/>\n<meta property=\"og:title\" content=\"Teppich Tuuli - Skandinavische Teppiche - Nordische Teppiche aus Finnland \u2013 ViitaNordic\" \/>\n<meta property=\"og:description\" content=\"Der Teppich Koivu ist ein stylischer und eleganter Webteppich. Der Teppich ist staubfrei, antistatisch, strapazierf\u00e4hig und ideal f\u00fcr zu Hause.\" \/>\n<meta property=\"og:url\" content=\"https:\/\/www.viitanordic.com\/de\/product\/sisalteppiche\/teppich-tuuli\/\" \/>\n<meta property=\"og:site_name\" content=\"Skandinavische Teppiche - Nordische Teppiche aus Finnland \u2013 ViitaNordic\" \/>\n<meta property=\"article:publisher\" content=\"https:\/\/www.facebook.com\/viitanordic\" \/>\n<meta property=\"article:modified_time\" content=\"2025-06-09T19:55:05+00:00\" \/>\n<meta property=\"og:image\" content=\"https:\/\/www.viitanordic.com\/lataukset\/Nordic-Sisal-Rug-Tuuli.jpg\" \/>\n\t<meta property=\"og:image:width\" content=\"1920\" \/>\n\t<meta property=\"og:image:height\" content=\"1263\" \/>\n\t<meta property=\"og:image:type\" content=\"image\/jpeg\" \/>\n<meta name=\"twitter:label1\" content=\"Est. reading time\" \/>\n\t<meta name=\"twitter:data1\" content=\"2 minutes\" \/>\n<script type=\"application\/ld+json\" class=\"yoast-schema-graph\">{\"@context\":\"https:\/\/schema.org\",\"@graph\":[{\"@type\":\"WebPage\",\"@id\":\"https:\/\/www.viitanordic.com\/de\/product\/sisalteppiche\/teppich-tuuli\/\",\"url\":\"https:\/\/www.viitanordic.com\/de\/product\/sisalteppiche\/teppich-tuuli\/\",\"name\":\"Teppich Tuuli - Skandinavische Teppiche - Nordische Teppiche aus Finnland \u2013 ViitaNordic\",\"isPartOf\":{\"@id\":\"https:\/\/www.viitanordic.com\/#website\"},\"primaryImageOfPage\":{\"@id\":\"https:\/\/www.viitanordic.com\/de\/product\/sisalteppiche\/teppich-tuuli\/#primaryimage\"},\"image\":{\"@id\":\"https:\/\/www.viitanordic.com\/de\/product\/sisalteppiche\/teppich-tuuli\/#primaryimage\"},\"thumbnailUrl\":\"https:\/\/www.viitanordic.com\/lataukset\/Nordic-Sisal-Rug-Tuuli.jpg\",\"datePublished\":\"2025-06-09T19:10:00+00:00\",\"dateModified\":\"2025-06-09T19:55:05+00:00\",\"description\":\"Der Teppich Koivu ist ein stylischer und eleganter Webteppich. Der Teppich ist staubfrei, antistatisch, strapazierf\u00e4hig und ideal f\u00fcr zu Hause.\",\"breadcrumb\":{\"@id\":\"https:\/\/www.viitanordic.com\/de\/product\/sisalteppiche\/teppich-tuuli\/#breadcrumb\"},\"inLanguage\":\"de\",\"potentialAction\":[{\"@type\":\"ReadAction\",\"target\":[\"https:\/\/www.viitanordic.com\/de\/product\/sisalteppiche\/teppich-tuuli\/\"]}]},{\"@type\":\"ImageObject\",\"inLanguage\":\"de\",\"@id\":\"https:\/\/www.viitanordic.com\/de\/product\/sisalteppiche\/teppich-tuuli\/#primaryimage\",\"url\":\"https:\/\/www.viitanordic.com\/lataukset\/Nordic-Sisal-Rug-Tuuli.jpg\",\"contentUrl\":\"https:\/\/www.viitanordic.com\/lataukset\/Nordic-Sisal-Rug-Tuuli.jpg\",\"width\":1920,\"height\":1263},{\"@type\":\"BreadcrumbList\",\"@id\":\"https:\/\/www.viitanordic.com\/de\/product\/sisalteppiche\/teppich-tuuli\/#breadcrumb\",\"itemListElement\":[{\"@type\":\"ListItem\",\"position\":1,\"name\":\"Etusivu\",\"item\":\"https:\/\/www.viitanordic.com\/de\/\"},{\"@type\":\"ListItem\",\"position\":2,\"name\":\"Skandinavische Teppiche &#8211; Nordische Teppiche\",\"item\":\"https:\/\/www.viitanordic.com\/de\/\"},{\"@type\":\"ListItem\",\"position\":3,\"name\":\"Teppich Tuuli\"}]},{\"@type\":\"WebSite\",\"@id\":\"https:\/\/www.viitanordic.com\/#website\",\"url\":\"https:\/\/www.viitanordic.com\/\",\"name\":\"Scandinavian Rugs - Nordic Rugs - Made in Finland \u2013 ViitaNordic\",\"description\":\"Skandinavische Teppiche - Nordische Teppiche aus Finnland \u2013 ViitaNordic\",\"publisher\":{\"@id\":\"https:\/\/www.viitanordic.com\/#organization\"},\"potentialAction\":[{\"@type\":\"SearchAction\",\"target\":{\"@type\":\"EntryPoint\",\"urlTemplate\":\"https:\/\/www.viitanordic.com\/?s={search_term_string}\"},\"query-input\":{\"@type\":\"PropertyValueSpecification\",\"valueRequired\":true,\"valueName\":\"search_term_string\"}}],\"inLanguage\":\"de\"},{\"@type\":\"Organization\",\"@id\":\"https:\/\/www.viitanordic.com\/#organization\",\"name\":\"ViitaNordic Oy\",\"url\":\"https:\/\/www.viitanordic.com\/\",\"logo\":{\"@type\":\"ImageObject\",\"inLanguage\":\"de\",\"@id\":\"https:\/\/www.viitanordic.com\/#\/schema\/logo\/image\/\",\"url\":\"https:\/\/www.viitanordic.com\/lataukset\/logo-viitanordic.png\",\"contentUrl\":\"https:\/\/www.viitanordic.com\/lataukset\/logo-viitanordic.png\",\"width\":720,\"height\":111,\"caption\":\"ViitaNordic Oy\"},\"image\":{\"@id\":\"https:\/\/www.viitanordic.com\/#\/schema\/logo\/image\/\"},\"sameAs\":[\"https:\/\/www.facebook.com\/viitanordic\",\"https:\/\/fi.pinterest.com\/viitanordic\/\"]}]}<\/script>\n<!-- \/ Yoast SEO plugin. -->","yoast_head_json":{"title":"Teppich Tuuli - Skandinavische Teppiche - Nordische Teppiche aus Finnland \u2013 ViitaNordic","description":"Der Teppich Koivu ist ein stylischer und eleganter Webteppich. Der Teppich ist staubfrei, antistatisch, strapazierf\u00e4hig und ideal f\u00fcr zu Hause.","robots":{"index":"index","follow":"follow","max-snippet":"max-snippet:-1","max-image-preview":"max-image-preview:large","max-video-preview":"max-video-preview:-1"},"canonical":"https:\/\/www.viitanordic.com\/de\/product\/sisalteppiche\/teppich-tuuli\/","og_locale":"de_DE","og_type":"article","og_title":"Teppich Tuuli - Skandinavische Teppiche - Nordische Teppiche aus Finnland \u2013 ViitaNordic","og_description":"Der Teppich Koivu ist ein stylischer und eleganter Webteppich. Der Teppich ist staubfrei, antistatisch, strapazierf\u00e4hig und ideal f\u00fcr zu Hause.","og_url":"https:\/\/www.viitanordic.com\/de\/product\/sisalteppiche\/teppich-tuuli\/","og_site_name":"Skandinavische Teppiche - Nordische Teppiche aus Finnland \u2013 ViitaNordic","article_publisher":"https:\/\/www.facebook.com\/viitanordic","article_modified_time":"2025-06-09T19:55:05+00:00","og_image":[{"width":1920,"height":1263,"url":"https:\/\/www.viitanordic.com\/lataukset\/Nordic-Sisal-Rug-Tuuli.jpg","type":"image\/jpeg"}],"twitter_misc":{"Est. reading time":"2 minutes"},"schema":{"@context":"https:\/\/schema.org","@graph":[{"@type":"WebPage","@id":"https:\/\/www.viitanordic.com\/de\/product\/sisalteppiche\/teppich-tuuli\/","url":"https:\/\/www.viitanordic.com\/de\/product\/sisalteppiche\/teppich-tuuli\/","name":"Teppich Tuuli - Skandinavische Teppiche - Nordische Teppiche aus Finnland \u2013 ViitaNordic","isPartOf":{"@id":"https:\/\/www.viitanordic.com\/#website"},"primaryImageOfPage":{"@id":"https:\/\/www.viitanordic.com\/de\/product\/sisalteppiche\/teppich-tuuli\/#primaryimage"},"image":{"@id":"https:\/\/www.viitanordic.com\/de\/product\/sisalteppiche\/teppich-tuuli\/#primaryimage"},"thumbnailUrl":"https:\/\/www.viitanordic.com\/lataukset\/Nordic-Sisal-Rug-Tuuli.jpg","datePublished":"2025-06-09T19:10:00+00:00","dateModified":"2025-06-09T19:55:05+00:00","description":"Der Teppich Koivu ist ein stylischer und eleganter Webteppich. Der Teppich ist staubfrei, antistatisch, strapazierf\u00e4hig und ideal f\u00fcr zu Hause.","breadcrumb":{"@id":"https:\/\/www.viitanordic.com\/de\/product\/sisalteppiche\/teppich-tuuli\/#breadcrumb"},"inLanguage":"de","potentialAction":[{"@type":"ReadAction","target":["https:\/\/www.viitanordic.com\/de\/product\/sisalteppiche\/teppich-tuuli\/"]}]},{"@type":"ImageObject","inLanguage":"de","@id":"https:\/\/www.viitanordic.com\/de\/product\/sisalteppiche\/teppich-tuuli\/#primaryimage","url":"https:\/\/www.viitanordic.com\/lataukset\/Nordic-Sisal-Rug-Tuuli.jpg","contentUrl":"https:\/\/www.viitanordic.com\/lataukset\/Nordic-Sisal-Rug-Tuuli.jpg","width":1920,"height":1263},{"@type":"BreadcrumbList","@id":"https:\/\/www.viitanordic.com\/de\/product\/sisalteppiche\/teppich-tuuli\/#breadcrumb","itemListElement":[{"@type":"ListItem","position":1,"name":"Etusivu","item":"https:\/\/www.viitanordic.com\/de\/"},{"@type":"ListItem","position":2,"name":"Skandinavische Teppiche &#8211; Nordische Teppiche","item":"https:\/\/www.viitanordic.com\/de\/"},{"@type":"ListItem","position":3,"name":"Teppich Tuuli"}]},{"@type":"WebSite","@id":"https:\/\/www.viitanordic.com\/#website","url":"https:\/\/www.viitanordic.com\/","name":"Scandinavian Rugs - Nordic Rugs - Made in Finland \u2013 ViitaNordic","description":"Skandinavische Teppiche - Nordische Teppiche aus Finnland \u2013 ViitaNordic","publisher":{"@id":"https:\/\/www.viitanordic.com\/#organization"},"potentialAction":[{"@type":"SearchAction","target":{"@type":"EntryPoint","urlTemplate":"https:\/\/www.viitanordic.com\/?s={search_term_string}"},"query-input":{"@type":"PropertyValueSpecification","valueRequired":true,"valueName":"search_term_string"}}],"inLanguage":"de"},{"@type":"Organization","@id":"https:\/\/www.viitanordic.com\/#organization","name":"ViitaNordic Oy","url":"https:\/\/www.viitanordic.com\/","logo":{"@type":"ImageObject","inLanguage":"de","@id":"https:\/\/www.viitanordic.com\/#\/schema\/logo\/image\/","url":"https:\/\/www.viitanordic.com\/lataukset\/logo-viitanordic.png","contentUrl":"https:\/\/www.viitanordic.com\/lataukset\/logo-viitanordic.png","width":720,"height":111,"caption":"ViitaNordic Oy"},"image":{"@id":"https:\/\/www.viitanordic.com\/#\/schema\/logo\/image\/"},"sameAs":["https:\/\/www.facebook.com\/viitanordic","https:\/\/fi.pinterest.com\/viitanordic\/"]}]}},"_links":{"self":[{"href":"https:\/\/www.viitanordic.com\/de\/wp-json\/wp\/v2\/product\/45072","targetHints":{"allow":["GET"]}}],"collection":[{"href":"https:\/\/www.viitanordic.com\/de\/wp-json\/wp\/v2\/product"}],"about":[{"href":"https:\/\/www.viitanordic.com\/de\/wp-json\/wp\/v2\/types\/product"}],"wp:featuredmedia":[{"embeddable":true,"href":"https:\/\/www.viitanordic.com\/de\/wp-json\/wp\/v2\/media\/45122"}],"wp:attachment":[{"href":"https:\/\/www.viitanordic.com\/de\/wp-json\/wp\/v2\/media?parent=45072"}],"wp:term":[{"taxonomy":"product_brand","embeddable":true,"href":"https:\/\/www.viitanordic.com\/de\/wp-json\/wp\/v2\/product_brand?post=45072"},{"taxonomy":"product_cat","embeddable":true,"href":"https:\/\/www.viitanordic.com\/de\/wp-json\/wp\/v2\/product_cat?post=45072"},{"taxonomy":"product_tag","embeddable":true,"href":"https:\/\/www.viitanordic.com\/de\/wp-json\/wp\/v2\/product_tag?post=45072"}],"curies":[{"name":"wp","href":"https:\/\/api.w.org\/{rel}","templated":true}]}}