{"id":45369,"date":"2025-06-11T22:20:20","date_gmt":"2025-06-11T19:20:20","guid":{"rendered":"https:\/\/www.viitanordic.com\/?post_type=product&#038;p=45369"},"modified":"2025-08-31T13:49:11","modified_gmt":"2025-08-31T10:49:11","slug":"teppich-haiku-design-elina-helenius-schwarz","status":"publish","type":"product","link":"https:\/\/www.viitanordic.com\/de\/product\/design-teppiche\/teppich-haiku-design-elina-helenius-schwarz\/","title":{"rendered":"Teppich Haiku &#8211; Design Elina Helenius"},"content":{"rendered":"<p data-start=\"432\" data-end=\"733\">Der finnische Wollteppich HAIKU vereint minimalistisches, skandinavisches Design mit traditioneller Handwerkskunst aus Finnland. Gefertigt aus hochwertiger, nat\u00fcrlicher Wolle, \u00fcberzeugt er durch seine ruhige Ausstrahlung und schafft eine harmonische, gem\u00fctliche Atmosph\u00e4re in jedem Raum.<\/p>\n<p data-start=\"735\" data-end=\"1050\">Sein zeitloses Design mit klaren Linien macht den HAIKU-Teppich zu einem idealen Begleiter f\u00fcr moderne nordische Einrichtungen, l\u00e4sst sich aber ebenso elegant mit klassischen Wohnstilen kombinieren. Durch die robuste, langlebige Wollqualit\u00e4t bleibt der Teppich auch bei t\u00e4glicher Nutzung formstabil und sch\u00f6n.<\/p>\n<p data-start=\"1052\" data-end=\"1284\">\u2714 Handgefertigt in Finnland \u2013 authentische skandinavische Qualit\u00e4t<br data-start=\"1122\" data-end=\"1125\" \/>\u2714 Nachhaltige Naturmaterialien \u2013 atmungsaktiv und pflegeleicht<br data-start=\"1191\" data-end=\"1194\" \/>\u2714 Minimalistisches Design \u2013 schafft Ruhe und Eleganz in Wohn-, Schlaf- und Esszimmer<\/p>\n<p data-start=\"1286\" data-end=\"1535\">Der HAIKU ist mehr als nur ein Bodenbelag \u2013 er ist ein Stil-Statement f\u00fcr nordische Wohnkultur. Mit diesem Wollteppich aus Finnland bringen Sie W\u00e4rme, Nat\u00fcrlichkeit und die zeitlose Sch\u00f6nheit des skandinavischen Designs in Ihr Zuhause.<\/p>\n<p><strong>Marke:<\/strong> VM-Carpet<\/p>\n<p><strong>Material:<\/strong> 100 % zertifizierte neuseel\u00e4ndische Wolle<\/p>\n<p><strong>Herstellungsort:<\/strong> Finnland<\/p>\n<p><strong>Herstellungsart:<\/strong> Gewebt<\/p>\n<p><strong>Pflege: <\/strong>Regelm\u00e4ssiges Staubsaugen. Der Schmutz sollte mit einem feuchten Putztuch sofort entfernt werden. Aber nicht reiben sondern abtupfen.<\/p>\n<p><strong>Reinigung: <\/strong>Sorgf\u00e4ltig mit Wasser (max. +30\u00baC) und milden Reinigungsmittel und weicher B\u00fcrste waschen. Der Teppich nicht ins Wasser eintauchen und auch nicht reiben. Mit viel Wasser absp\u00fclen. Das restliche Wasser mit einem Teppichroller aus dem Teppich rauspressen. Den feuchten Teppich wieder vorsichtig formen und flach auf dem Boden trocknen lassen. Der Teppich darf nicht zusammengelegt werden. Eine professionelle Reinigung wird empfohlen.<\/p>\n","protected":false},"excerpt":{"rendered":"<p>Der finnische Wollteppich HAIKU vereint minimalistisches, skandinavisches Design mit traditioneller Handwerkskunst aus Finnland. Gefertigt aus hochwertiger, nat\u00fcrlicher Wolle, \u00fcberzeugt er durch seine ruhige Ausstrahlung und schafft eine harmonische, gem\u00fctliche Atmosph\u00e4re in jedem Raum. Sein zeitloses Design mit klaren Linien macht den HAIKU-Teppich zu einem idealen Begleiter f\u00fcr moderne nordische Einrichtungen, l\u00e4sst sich aber ebenso elegant [\u2026] <a href=\"https:\/\/www.viitanordic.com\/de\/product\/design-teppiche\/teppich-haiku-design-elina-helenius-schwarz\/\">\u00bb Lesen Sie mehr<\/a><\/p>\n","protected":false},"featured_media":40894,"template":"","meta":{"_acf_changed":false},"product_brand":[],"product_cat":[1024,838],"product_tag":[],"class_list":{"0":"post-45369","1":"product","2":"type-product","3":"status-publish","4":"has-post-thumbnail","6":"product_cat-nordische-wollteppiche-skandinavische-teppiche-aus-wolle","7":"product_cat-design-teppiche","9":"first","10":"instock","11":"taxable","12":"shipping-taxable","13":"purchasable","14":"product-type-variable","15":"has-default-attributes"},"acf":[],"yoast_head":"<!-- This site is optimized with the Yoast SEO plugin v25.8 - https:\/\/yoast.com\/wordpress\/plugins\/seo\/ -->\n<title>Teppich Haiku - Design Elina Helenius - Skandinavische Teppiche - Nordische Teppiche aus Finnland \u2013 ViitaNordic - Skandinavischer Wollteppich<\/title>\n<meta name=\"description\" content=\"Der minimalistische und ruhige skandinavische Teppich HAIKU strahlt eine stille Sch\u00f6nheit aus und schafft eine heitere Atmosph\u00e4re.\" \/>\n<meta name=\"robots\" content=\"index, follow, max-snippet:-1, max-image-preview:large, max-video-preview:-1\" \/>\n<link rel=\"canonical\" href=\"https:\/\/www.viitanordic.com\/de\/product\/design-teppiche\/teppich-haiku-design-elina-helenius-schwarz\/\" \/>\n<meta property=\"og:locale\" content=\"de_DE\" \/>\n<meta property=\"og:type\" content=\"article\" \/>\n<meta property=\"og:title\" content=\"Teppich Haiku - Design Elina Helenius - Skandinavische Teppiche - Nordische Teppiche aus Finnland \u2013 ViitaNordic - Skandinavischer Wollteppich\" \/>\n<meta property=\"og:description\" content=\"Der minimalistische und ruhige skandinavische Teppich HAIKU strahlt eine stille Sch\u00f6nheit aus und schafft eine heitere Atmosph\u00e4re.\" \/>\n<meta property=\"og:url\" content=\"https:\/\/www.viitanordic.com\/de\/product\/design-teppiche\/teppich-haiku-design-elina-helenius-schwarz\/\" \/>\n<meta property=\"og:site_name\" content=\"Skandinavische Teppiche - Nordische Teppiche aus Finnland \u2013 ViitaNordic\" \/>\n<meta property=\"article:publisher\" content=\"https:\/\/www.facebook.com\/viitanordic\" \/>\n<meta property=\"article:modified_time\" content=\"2025-08-31T10:49:11+00:00\" \/>\n<meta property=\"og:image\" content=\"https:\/\/www.viitanordic.com\/lataukset\/Nordic-Rug-Haiku-ViitaNordic.jpg\" \/>\n\t<meta property=\"og:image:width\" content=\"1920\" \/>\n\t<meta property=\"og:image:height\" content=\"1280\" \/>\n\t<meta property=\"og:image:type\" content=\"image\/jpeg\" \/>\n<meta name=\"twitter:label1\" content=\"Est. reading time\" \/>\n\t<meta name=\"twitter:data1\" content=\"2 minutes\" \/>\n<script type=\"application\/ld+json\" class=\"yoast-schema-graph\">{\"@context\":\"https:\/\/schema.org\",\"@graph\":[{\"@type\":\"WebPage\",\"@id\":\"https:\/\/www.viitanordic.com\/de\/product\/design-teppiche\/teppich-haiku-design-elina-helenius-schwarz\/\",\"url\":\"https:\/\/www.viitanordic.com\/de\/product\/design-teppiche\/teppich-haiku-design-elina-helenius-schwarz\/\",\"name\":\"Teppich Haiku - Design Elina Helenius - Skandinavische Teppiche - Nordische Teppiche aus Finnland \u2013 ViitaNordic - Skandinavischer Wollteppich\",\"isPartOf\":{\"@id\":\"https:\/\/www.viitanordic.com\/#website\"},\"primaryImageOfPage\":{\"@id\":\"https:\/\/www.viitanordic.com\/de\/product\/design-teppiche\/teppich-haiku-design-elina-helenius-schwarz\/#primaryimage\"},\"image\":{\"@id\":\"https:\/\/www.viitanordic.com\/de\/product\/design-teppiche\/teppich-haiku-design-elina-helenius-schwarz\/#primaryimage\"},\"thumbnailUrl\":\"https:\/\/www.viitanordic.com\/lataukset\/Nordic-Rug-Haiku-ViitaNordic.jpg\",\"datePublished\":\"2025-06-11T19:20:20+00:00\",\"dateModified\":\"2025-08-31T10:49:11+00:00\",\"description\":\"Der minimalistische und ruhige skandinavische Teppich HAIKU strahlt eine stille Sch\u00f6nheit aus und schafft eine heitere Atmosph\u00e4re.\",\"breadcrumb\":{\"@id\":\"https:\/\/www.viitanordic.com\/de\/product\/design-teppiche\/teppich-haiku-design-elina-helenius-schwarz\/#breadcrumb\"},\"inLanguage\":\"de\",\"potentialAction\":[{\"@type\":\"ReadAction\",\"target\":[\"https:\/\/www.viitanordic.com\/de\/product\/design-teppiche\/teppich-haiku-design-elina-helenius-schwarz\/\"]}]},{\"@type\":\"ImageObject\",\"inLanguage\":\"de\",\"@id\":\"https:\/\/www.viitanordic.com\/de\/product\/design-teppiche\/teppich-haiku-design-elina-helenius-schwarz\/#primaryimage\",\"url\":\"https:\/\/www.viitanordic.com\/lataukset\/Nordic-Rug-Haiku-ViitaNordic.jpg\",\"contentUrl\":\"https:\/\/www.viitanordic.com\/lataukset\/Nordic-Rug-Haiku-ViitaNordic.jpg\",\"width\":1920,\"height\":1280,\"caption\":\"Wollteppich Haiku. Nordischer Design Teppich aus Finnland.\"},{\"@type\":\"BreadcrumbList\",\"@id\":\"https:\/\/www.viitanordic.com\/de\/product\/design-teppiche\/teppich-haiku-design-elina-helenius-schwarz\/#breadcrumb\",\"itemListElement\":[{\"@type\":\"ListItem\",\"position\":1,\"name\":\"Etusivu\",\"item\":\"https:\/\/www.viitanordic.com\/de\/\"},{\"@type\":\"ListItem\",\"position\":2,\"name\":\"Skandinavische Teppiche &#8211; Nordische Teppiche\",\"item\":\"https:\/\/www.viitanordic.com\/de\/\"},{\"@type\":\"ListItem\",\"position\":3,\"name\":\"Teppich Haiku &#8211; Design Elina Helenius\"}]},{\"@type\":\"WebSite\",\"@id\":\"https:\/\/www.viitanordic.com\/#website\",\"url\":\"https:\/\/www.viitanordic.com\/\",\"name\":\"Scandinavian Rugs - Nordic Rugs - Made in Finland \u2013 ViitaNordic\",\"description\":\"Skandinavische Teppiche - Nordische Teppiche aus Finnland \u2013 ViitaNordic\",\"publisher\":{\"@id\":\"https:\/\/www.viitanordic.com\/#organization\"},\"potentialAction\":[{\"@type\":\"SearchAction\",\"target\":{\"@type\":\"EntryPoint\",\"urlTemplate\":\"https:\/\/www.viitanordic.com\/?s={search_term_string}\"},\"query-input\":{\"@type\":\"PropertyValueSpecification\",\"valueRequired\":true,\"valueName\":\"search_term_string\"}}],\"inLanguage\":\"de\"},{\"@type\":\"Organization\",\"@id\":\"https:\/\/www.viitanordic.com\/#organization\",\"name\":\"ViitaNordic Oy\",\"url\":\"https:\/\/www.viitanordic.com\/\",\"logo\":{\"@type\":\"ImageObject\",\"inLanguage\":\"de\",\"@id\":\"https:\/\/www.viitanordic.com\/#\/schema\/logo\/image\/\",\"url\":\"https:\/\/www.viitanordic.com\/lataukset\/logo-viitanordic.png\",\"contentUrl\":\"https:\/\/www.viitanordic.com\/lataukset\/logo-viitanordic.png\",\"width\":720,\"height\":111,\"caption\":\"ViitaNordic Oy\"},\"image\":{\"@id\":\"https:\/\/www.viitanordic.com\/#\/schema\/logo\/image\/\"},\"sameAs\":[\"https:\/\/www.facebook.com\/viitanordic\",\"https:\/\/fi.pinterest.com\/viitanordic\/\"]}]}<\/script>\n<!-- \/ Yoast SEO plugin. -->","yoast_head_json":{"title":"Teppich Haiku - Design Elina Helenius - Skandinavische Teppiche - Nordische Teppiche aus Finnland \u2013 ViitaNordic - Skandinavischer Wollteppich","description":"Der minimalistische und ruhige skandinavische Teppich HAIKU strahlt eine stille Sch\u00f6nheit aus und schafft eine heitere Atmosph\u00e4re.","robots":{"index":"index","follow":"follow","max-snippet":"max-snippet:-1","max-image-preview":"max-image-preview:large","max-video-preview":"max-video-preview:-1"},"canonical":"https:\/\/www.viitanordic.com\/de\/product\/design-teppiche\/teppich-haiku-design-elina-helenius-schwarz\/","og_locale":"de_DE","og_type":"article","og_title":"Teppich Haiku - Design Elina Helenius - Skandinavische Teppiche - Nordische Teppiche aus Finnland \u2013 ViitaNordic - Skandinavischer Wollteppich","og_description":"Der minimalistische und ruhige skandinavische Teppich HAIKU strahlt eine stille Sch\u00f6nheit aus und schafft eine heitere Atmosph\u00e4re.","og_url":"https:\/\/www.viitanordic.com\/de\/product\/design-teppiche\/teppich-haiku-design-elina-helenius-schwarz\/","og_site_name":"Skandinavische Teppiche - Nordische Teppiche aus Finnland \u2013 ViitaNordic","article_publisher":"https:\/\/www.facebook.com\/viitanordic","article_modified_time":"2025-08-31T10:49:11+00:00","og_image":[{"width":1920,"height":1280,"url":"https:\/\/www.viitanordic.com\/lataukset\/Nordic-Rug-Haiku-ViitaNordic.jpg","type":"image\/jpeg"}],"twitter_misc":{"Est. reading time":"2 minutes"},"schema":{"@context":"https:\/\/schema.org","@graph":[{"@type":"WebPage","@id":"https:\/\/www.viitanordic.com\/de\/product\/design-teppiche\/teppich-haiku-design-elina-helenius-schwarz\/","url":"https:\/\/www.viitanordic.com\/de\/product\/design-teppiche\/teppich-haiku-design-elina-helenius-schwarz\/","name":"Teppich Haiku - Design Elina Helenius - Skandinavische Teppiche - Nordische Teppiche aus Finnland \u2013 ViitaNordic - Skandinavischer Wollteppich","isPartOf":{"@id":"https:\/\/www.viitanordic.com\/#website"},"primaryImageOfPage":{"@id":"https:\/\/www.viitanordic.com\/de\/product\/design-teppiche\/teppich-haiku-design-elina-helenius-schwarz\/#primaryimage"},"image":{"@id":"https:\/\/www.viitanordic.com\/de\/product\/design-teppiche\/teppich-haiku-design-elina-helenius-schwarz\/#primaryimage"},"thumbnailUrl":"https:\/\/www.viitanordic.com\/lataukset\/Nordic-Rug-Haiku-ViitaNordic.jpg","datePublished":"2025-06-11T19:20:20+00:00","dateModified":"2025-08-31T10:49:11+00:00","description":"Der minimalistische und ruhige skandinavische Teppich HAIKU strahlt eine stille Sch\u00f6nheit aus und schafft eine heitere Atmosph\u00e4re.","breadcrumb":{"@id":"https:\/\/www.viitanordic.com\/de\/product\/design-teppiche\/teppich-haiku-design-elina-helenius-schwarz\/#breadcrumb"},"inLanguage":"de","potentialAction":[{"@type":"ReadAction","target":["https:\/\/www.viitanordic.com\/de\/product\/design-teppiche\/teppich-haiku-design-elina-helenius-schwarz\/"]}]},{"@type":"ImageObject","inLanguage":"de","@id":"https:\/\/www.viitanordic.com\/de\/product\/design-teppiche\/teppich-haiku-design-elina-helenius-schwarz\/#primaryimage","url":"https:\/\/www.viitanordic.com\/lataukset\/Nordic-Rug-Haiku-ViitaNordic.jpg","contentUrl":"https:\/\/www.viitanordic.com\/lataukset\/Nordic-Rug-Haiku-ViitaNordic.jpg","width":1920,"height":1280,"caption":"Wollteppich Haiku. Nordischer Design Teppich aus Finnland."},{"@type":"BreadcrumbList","@id":"https:\/\/www.viitanordic.com\/de\/product\/design-teppiche\/teppich-haiku-design-elina-helenius-schwarz\/#breadcrumb","itemListElement":[{"@type":"ListItem","position":1,"name":"Etusivu","item":"https:\/\/www.viitanordic.com\/de\/"},{"@type":"ListItem","position":2,"name":"Skandinavische Teppiche &#8211; Nordische Teppiche","item":"https:\/\/www.viitanordic.com\/de\/"},{"@type":"ListItem","position":3,"name":"Teppich Haiku &#8211; Design Elina Helenius"}]},{"@type":"WebSite","@id":"https:\/\/www.viitanordic.com\/#website","url":"https:\/\/www.viitanordic.com\/","name":"Scandinavian Rugs - Nordic Rugs - Made in Finland \u2013 ViitaNordic","description":"Skandinavische Teppiche - Nordische Teppiche aus Finnland \u2013 ViitaNordic","publisher":{"@id":"https:\/\/www.viitanordic.com\/#organization"},"potentialAction":[{"@type":"SearchAction","target":{"@type":"EntryPoint","urlTemplate":"https:\/\/www.viitanordic.com\/?s={search_term_string}"},"query-input":{"@type":"PropertyValueSpecification","valueRequired":true,"valueName":"search_term_string"}}],"inLanguage":"de"},{"@type":"Organization","@id":"https:\/\/www.viitanordic.com\/#organization","name":"ViitaNordic Oy","url":"https:\/\/www.viitanordic.com\/","logo":{"@type":"ImageObject","inLanguage":"de","@id":"https:\/\/www.viitanordic.com\/#\/schema\/logo\/image\/","url":"https:\/\/www.viitanordic.com\/lataukset\/logo-viitanordic.png","contentUrl":"https:\/\/www.viitanordic.com\/lataukset\/logo-viitanordic.png","width":720,"height":111,"caption":"ViitaNordic Oy"},"image":{"@id":"https:\/\/www.viitanordic.com\/#\/schema\/logo\/image\/"},"sameAs":["https:\/\/www.facebook.com\/viitanordic","https:\/\/fi.pinterest.com\/viitanordic\/"]}]}},"_links":{"self":[{"href":"https:\/\/www.viitanordic.com\/de\/wp-json\/wp\/v2\/product\/45369","targetHints":{"allow":["GET"]}}],"collection":[{"href":"https:\/\/www.viitanordic.com\/de\/wp-json\/wp\/v2\/product"}],"about":[{"href":"https:\/\/www.viitanordic.com\/de\/wp-json\/wp\/v2\/types\/product"}],"wp:featuredmedia":[{"embeddable":true,"href":"https:\/\/www.viitanordic.com\/de\/wp-json\/wp\/v2\/media\/40894"}],"wp:attachment":[{"href":"https:\/\/www.viitanordic.com\/de\/wp-json\/wp\/v2\/media?parent=45369"}],"wp:term":[{"taxonomy":"product_brand","embeddable":true,"href":"https:\/\/www.viitanordic.com\/de\/wp-json\/wp\/v2\/product_brand?post=45369"},{"taxonomy":"product_cat","embeddable":true,"href":"https:\/\/www.viitanordic.com\/de\/wp-json\/wp\/v2\/product_cat?post=45369"},{"taxonomy":"product_tag","embeddable":true,"href":"https:\/\/www.viitanordic.com\/de\/wp-json\/wp\/v2\/product_tag?post=45369"}],"curies":[{"name":"wp","href":"https:\/\/api.w.org\/{rel}","templated":true}]}}