{"id":6424,"date":"2015-10-24T16:41:36","date_gmt":"2015-10-24T13:41:36","guid":{"rendered":"http:\/\/www.viitanordic.com\/dev\/product\/uncategorized\/kevaet-2\/"},"modified":"2024-11-28T21:52:23","modified_gmt":"2024-11-28T19:52:23","slug":"baumwollteppich-kevaet","status":"publish","type":"product","link":"https:\/\/www.viitanordic.com\/de\/product\/baumwollteppiche-aus-finnland-nordische-flickenteppiche\/baumwollteppich-kevaet\/","title":{"rendered":"Baumwollteppich Kev\u00e4t"},"content":{"rendered":"<p>Der Baumwollteppich Kev\u00e4t ist ein wundersch\u00f6ner Finnischer Teppich, der mit verschieden Farben spielt. Dieser einzigartige Flickenteppich passt gut ins Schlafzimmer, Wohnzimmer oder in die K\u00fcche. Der Baumwollteppich Kev\u00e4t wird noch immer auf traditioneller Weise hergestellt. Dieser Teppich aus Baumwolle ist qualitativ hochwertig und wird Ihnen so lange Freude bereiten. Da die Herstellung dieser Teppiche viel Handarbeit verlangt, ist jedes Produkt einzigartig und kann deshalb ein wenig von den Abbildungen abweichen. Dieser Flickenteppich widerspiegelt sehr sch\u00f6n den beliebten nordischen Stil. Er ist in verschiedenen Gr\u00f6ssen und auch nach Mass erh\u00e4ltlich und kann beidseitig gebraucht werden. Der Teppich Kev\u00e4t hat eine Florh\u00f6he von ca. 5 mm.<\/p>\n<p><strong>Teppich nach Mass:<\/strong> unter Gr\u00f6sse ausw\u00e4hlbar<\/p>\n<p><strong>Marke:<\/strong> <span style=\"color: #000000;\"><a style=\"color: #000000;\" href=\"https:\/\/www.viitanordic.com\/de\/product\/baumwollteppiche\/kevaet-2\/\">ViitaNordic<\/a><\/span><\/p>\n<p><strong>Material:<\/strong> 100% Baumwolle<\/p>\n<p><strong>Herstellungsort:<\/strong> Finnland<\/p>\n<p><strong>Herstellungsart:<\/strong> Gewebt<\/p>\n<p><strong>Pflege: <\/strong>Regelm\u00e4ssiges Staubsaugen. Der Schmutz sollte mit einem feuchten Putztuch sofort entfernt werden. Aber nicht reiben sondern abtupfen.<\/p>\n<p><strong>Reinigung: <\/strong>Sorgf\u00e4ltig mit Wasser (max. +30\u00baC) und milden Reinigungsmittel und weicher B\u00fcrste waschen. Der Teppich nicht ins Wasser eintauchen und auch nicht reiben. Mit viel Wasser absp\u00fclen. Das restliche Wasser mit einem Teppichroller aus dem Teppich rauspressen. Den feuchten Teppich wieder vorsichtig formen und flach auf dem Boden trocknen lassen. Der Teppich darf nicht zusammengelegt werden. Baumwolle kann beim Waschen ungef\u00e4hr 5% eingehen.<\/p>\n","protected":false},"excerpt":{"rendered":"<p>Der Baumwollteppich Kev\u00e4t ist ein wundersch\u00f6ner Finnischer Teppich, der mit verschieden Farben spielt. Dieser einzigartige Flickenteppich passt gut ins Schlafzimmer, Wohnzimmer oder in die K\u00fcche. Der Baumwollteppich Kev\u00e4t wird noch immer auf traditioneller Weise hergestellt. Dieser Teppich aus Baumwolle ist qualitativ hochwertig und wird Ihnen so lange Freude bereiten. Da die Herstellung dieser Teppiche viel [\u2026] <a href=\"https:\/\/www.viitanordic.com\/de\/product\/baumwollteppiche-aus-finnland-nordische-flickenteppiche\/baumwollteppich-kevaet\/\">\u00bb Lesen Sie mehr<\/a><\/p>\n","protected":false},"featured_media":3699,"template":"","meta":{"_acf_changed":false},"product_brand":[],"product_cat":[44],"product_tag":[1034],"class_list":{"0":"post-6424","1":"product","2":"type-product","3":"status-publish","4":"has-post-thumbnail","6":"product_cat-baumwollteppiche-aus-finnland-nordische-flickenteppiche","7":"product_tag-fixed-custom-width-de","9":"first","10":"instock","11":"taxable","12":"shipping-taxable","13":"purchasable","14":"product-type-variable","15":"has-default-attributes"},"acf":[],"yoast_head":"<!-- This site is optimized with the Yoast SEO plugin v25.8 - https:\/\/yoast.com\/wordpress\/plugins\/seo\/ -->\n<title>Baumwollteppich Kev\u00e4t - ViitaNordic - Skandinavische Flickenteppiche<\/title>\n<meta name=\"description\" content=\"Der Baumwollteppich Kev\u00e4t ist ein wundersch\u00f6ner Finnischer Teppich, der mit verschieden Farben spielt. Nordischer Teppich aus Finnland.\" \/>\n<meta name=\"robots\" content=\"index, follow, max-snippet:-1, max-image-preview:large, max-video-preview:-1\" \/>\n<link rel=\"canonical\" href=\"https:\/\/www.viitanordic.com\/de\/product\/baumwollteppiche-aus-finnland-nordische-flickenteppiche\/baumwollteppich-kevaet\/\" \/>\n<meta property=\"og:locale\" content=\"de_DE\" \/>\n<meta property=\"og:type\" content=\"article\" \/>\n<meta property=\"og:title\" content=\"Baumwollteppich Kev\u00e4t - ViitaNordic - Skandinavische Flickenteppiche\" \/>\n<meta property=\"og:description\" content=\"Der Baumwollteppich Kev\u00e4t ist ein wundersch\u00f6ner Finnischer Teppich, der mit verschieden Farben spielt. Nordischer Teppich aus Finnland.\" \/>\n<meta property=\"og:url\" content=\"https:\/\/www.viitanordic.com\/de\/product\/baumwollteppiche-aus-finnland-nordische-flickenteppiche\/baumwollteppich-kevaet\/\" \/>\n<meta property=\"og:site_name\" content=\"Skandinavische Teppiche - Nordische Teppiche aus Finnland \u2013 ViitaNordic\" \/>\n<meta property=\"article:publisher\" content=\"https:\/\/www.facebook.com\/viitanordic\" \/>\n<meta property=\"article:modified_time\" content=\"2024-11-28T19:52:23+00:00\" \/>\n<meta property=\"og:image\" content=\"https:\/\/www.viitanordic.com\/lataukset\/IMG_8898.jpg\" \/>\n\t<meta property=\"og:image:width\" content=\"1800\" \/>\n\t<meta property=\"og:image:height\" content=\"1222\" \/>\n\t<meta property=\"og:image:type\" content=\"image\/jpeg\" \/>\n<meta name=\"twitter:label1\" content=\"Est. reading time\" \/>\n\t<meta name=\"twitter:data1\" content=\"2 minutes\" \/>\n<script type=\"application\/ld+json\" class=\"yoast-schema-graph\">{\"@context\":\"https:\/\/schema.org\",\"@graph\":[{\"@type\":\"WebPage\",\"@id\":\"https:\/\/www.viitanordic.com\/de\/product\/baumwollteppiche-aus-finnland-nordische-flickenteppiche\/baumwollteppich-kevaet\/\",\"url\":\"https:\/\/www.viitanordic.com\/de\/product\/baumwollteppiche-aus-finnland-nordische-flickenteppiche\/baumwollteppich-kevaet\/\",\"name\":\"Baumwollteppich Kev\u00e4t - ViitaNordic - Skandinavische Flickenteppiche\",\"isPartOf\":{\"@id\":\"https:\/\/www.viitanordic.com\/#website\"},\"primaryImageOfPage\":{\"@id\":\"https:\/\/www.viitanordic.com\/de\/product\/baumwollteppiche-aus-finnland-nordische-flickenteppiche\/baumwollteppich-kevaet\/#primaryimage\"},\"image\":{\"@id\":\"https:\/\/www.viitanordic.com\/de\/product\/baumwollteppiche-aus-finnland-nordische-flickenteppiche\/baumwollteppich-kevaet\/#primaryimage\"},\"thumbnailUrl\":\"https:\/\/www.viitanordic.com\/lataukset\/IMG_8898.jpg\",\"datePublished\":\"2015-10-24T13:41:36+00:00\",\"dateModified\":\"2024-11-28T19:52:23+00:00\",\"description\":\"Der Baumwollteppich Kev\u00e4t ist ein wundersch\u00f6ner Finnischer Teppich, der mit verschieden Farben spielt. Nordischer Teppich aus Finnland.\",\"breadcrumb\":{\"@id\":\"https:\/\/www.viitanordic.com\/de\/product\/baumwollteppiche-aus-finnland-nordische-flickenteppiche\/baumwollteppich-kevaet\/#breadcrumb\"},\"inLanguage\":\"de\",\"potentialAction\":[{\"@type\":\"ReadAction\",\"target\":[\"https:\/\/www.viitanordic.com\/de\/product\/baumwollteppiche-aus-finnland-nordische-flickenteppiche\/baumwollteppich-kevaet\/\"]}]},{\"@type\":\"ImageObject\",\"inLanguage\":\"de\",\"@id\":\"https:\/\/www.viitanordic.com\/de\/product\/baumwollteppiche-aus-finnland-nordische-flickenteppiche\/baumwollteppich-kevaet\/#primaryimage\",\"url\":\"https:\/\/www.viitanordic.com\/lataukset\/IMG_8898.jpg\",\"contentUrl\":\"https:\/\/www.viitanordic.com\/lataukset\/IMG_8898.jpg\",\"width\":1800,\"height\":1222,\"caption\":\"Finnischer Baumwollteppich Kev\u00e4t, Skandinavisches Design, ViitaNordic\"},{\"@type\":\"BreadcrumbList\",\"@id\":\"https:\/\/www.viitanordic.com\/de\/product\/baumwollteppiche-aus-finnland-nordische-flickenteppiche\/baumwollteppich-kevaet\/#breadcrumb\",\"itemListElement\":[{\"@type\":\"ListItem\",\"position\":1,\"name\":\"Etusivu\",\"item\":\"https:\/\/www.viitanordic.com\/de\/\"},{\"@type\":\"ListItem\",\"position\":2,\"name\":\"Skandinavische Teppiche &#8211; Nordische Teppiche\",\"item\":\"https:\/\/www.viitanordic.com\/de\/\"},{\"@type\":\"ListItem\",\"position\":3,\"name\":\"Baumwollteppich Kev\u00e4t\"}]},{\"@type\":\"WebSite\",\"@id\":\"https:\/\/www.viitanordic.com\/#website\",\"url\":\"https:\/\/www.viitanordic.com\/\",\"name\":\"Scandinavian Rugs - Nordic Rugs - Made in Finland \u2013 ViitaNordic\",\"description\":\"Skandinavische Teppiche - Nordische Teppiche aus Finnland \u2013 ViitaNordic\",\"publisher\":{\"@id\":\"https:\/\/www.viitanordic.com\/#organization\"},\"potentialAction\":[{\"@type\":\"SearchAction\",\"target\":{\"@type\":\"EntryPoint\",\"urlTemplate\":\"https:\/\/www.viitanordic.com\/?s={search_term_string}\"},\"query-input\":{\"@type\":\"PropertyValueSpecification\",\"valueRequired\":true,\"valueName\":\"search_term_string\"}}],\"inLanguage\":\"de\"},{\"@type\":\"Organization\",\"@id\":\"https:\/\/www.viitanordic.com\/#organization\",\"name\":\"ViitaNordic Oy\",\"url\":\"https:\/\/www.viitanordic.com\/\",\"logo\":{\"@type\":\"ImageObject\",\"inLanguage\":\"de\",\"@id\":\"https:\/\/www.viitanordic.com\/#\/schema\/logo\/image\/\",\"url\":\"https:\/\/www.viitanordic.com\/lataukset\/logo-viitanordic.png\",\"contentUrl\":\"https:\/\/www.viitanordic.com\/lataukset\/logo-viitanordic.png\",\"width\":720,\"height\":111,\"caption\":\"ViitaNordic Oy\"},\"image\":{\"@id\":\"https:\/\/www.viitanordic.com\/#\/schema\/logo\/image\/\"},\"sameAs\":[\"https:\/\/www.facebook.com\/viitanordic\",\"https:\/\/fi.pinterest.com\/viitanordic\/\"]}]}<\/script>\n<!-- \/ Yoast SEO plugin. -->","yoast_head_json":{"title":"Baumwollteppich Kev\u00e4t - ViitaNordic - Skandinavische Flickenteppiche","description":"Der Baumwollteppich Kev\u00e4t ist ein wundersch\u00f6ner Finnischer Teppich, der mit verschieden Farben spielt. Nordischer Teppich aus Finnland.","robots":{"index":"index","follow":"follow","max-snippet":"max-snippet:-1","max-image-preview":"max-image-preview:large","max-video-preview":"max-video-preview:-1"},"canonical":"https:\/\/www.viitanordic.com\/de\/product\/baumwollteppiche-aus-finnland-nordische-flickenteppiche\/baumwollteppich-kevaet\/","og_locale":"de_DE","og_type":"article","og_title":"Baumwollteppich Kev\u00e4t - ViitaNordic - Skandinavische Flickenteppiche","og_description":"Der Baumwollteppich Kev\u00e4t ist ein wundersch\u00f6ner Finnischer Teppich, der mit verschieden Farben spielt. Nordischer Teppich aus Finnland.","og_url":"https:\/\/www.viitanordic.com\/de\/product\/baumwollteppiche-aus-finnland-nordische-flickenteppiche\/baumwollteppich-kevaet\/","og_site_name":"Skandinavische Teppiche - Nordische Teppiche aus Finnland \u2013 ViitaNordic","article_publisher":"https:\/\/www.facebook.com\/viitanordic","article_modified_time":"2024-11-28T19:52:23+00:00","og_image":[{"width":1800,"height":1222,"url":"https:\/\/www.viitanordic.com\/lataukset\/IMG_8898.jpg","type":"image\/jpeg"}],"twitter_misc":{"Est. reading time":"2 minutes"},"schema":{"@context":"https:\/\/schema.org","@graph":[{"@type":"WebPage","@id":"https:\/\/www.viitanordic.com\/de\/product\/baumwollteppiche-aus-finnland-nordische-flickenteppiche\/baumwollteppich-kevaet\/","url":"https:\/\/www.viitanordic.com\/de\/product\/baumwollteppiche-aus-finnland-nordische-flickenteppiche\/baumwollteppich-kevaet\/","name":"Baumwollteppich Kev\u00e4t - ViitaNordic - Skandinavische Flickenteppiche","isPartOf":{"@id":"https:\/\/www.viitanordic.com\/#website"},"primaryImageOfPage":{"@id":"https:\/\/www.viitanordic.com\/de\/product\/baumwollteppiche-aus-finnland-nordische-flickenteppiche\/baumwollteppich-kevaet\/#primaryimage"},"image":{"@id":"https:\/\/www.viitanordic.com\/de\/product\/baumwollteppiche-aus-finnland-nordische-flickenteppiche\/baumwollteppich-kevaet\/#primaryimage"},"thumbnailUrl":"https:\/\/www.viitanordic.com\/lataukset\/IMG_8898.jpg","datePublished":"2015-10-24T13:41:36+00:00","dateModified":"2024-11-28T19:52:23+00:00","description":"Der Baumwollteppich Kev\u00e4t ist ein wundersch\u00f6ner Finnischer Teppich, der mit verschieden Farben spielt. Nordischer Teppich aus Finnland.","breadcrumb":{"@id":"https:\/\/www.viitanordic.com\/de\/product\/baumwollteppiche-aus-finnland-nordische-flickenteppiche\/baumwollteppich-kevaet\/#breadcrumb"},"inLanguage":"de","potentialAction":[{"@type":"ReadAction","target":["https:\/\/www.viitanordic.com\/de\/product\/baumwollteppiche-aus-finnland-nordische-flickenteppiche\/baumwollteppich-kevaet\/"]}]},{"@type":"ImageObject","inLanguage":"de","@id":"https:\/\/www.viitanordic.com\/de\/product\/baumwollteppiche-aus-finnland-nordische-flickenteppiche\/baumwollteppich-kevaet\/#primaryimage","url":"https:\/\/www.viitanordic.com\/lataukset\/IMG_8898.jpg","contentUrl":"https:\/\/www.viitanordic.com\/lataukset\/IMG_8898.jpg","width":1800,"height":1222,"caption":"Finnischer Baumwollteppich Kev\u00e4t, Skandinavisches Design, ViitaNordic"},{"@type":"BreadcrumbList","@id":"https:\/\/www.viitanordic.com\/de\/product\/baumwollteppiche-aus-finnland-nordische-flickenteppiche\/baumwollteppich-kevaet\/#breadcrumb","itemListElement":[{"@type":"ListItem","position":1,"name":"Etusivu","item":"https:\/\/www.viitanordic.com\/de\/"},{"@type":"ListItem","position":2,"name":"Skandinavische Teppiche &#8211; Nordische Teppiche","item":"https:\/\/www.viitanordic.com\/de\/"},{"@type":"ListItem","position":3,"name":"Baumwollteppich Kev\u00e4t"}]},{"@type":"WebSite","@id":"https:\/\/www.viitanordic.com\/#website","url":"https:\/\/www.viitanordic.com\/","name":"Scandinavian Rugs - Nordic Rugs - Made in Finland \u2013 ViitaNordic","description":"Skandinavische Teppiche - Nordische Teppiche aus Finnland \u2013 ViitaNordic","publisher":{"@id":"https:\/\/www.viitanordic.com\/#organization"},"potentialAction":[{"@type":"SearchAction","target":{"@type":"EntryPoint","urlTemplate":"https:\/\/www.viitanordic.com\/?s={search_term_string}"},"query-input":{"@type":"PropertyValueSpecification","valueRequired":true,"valueName":"search_term_string"}}],"inLanguage":"de"},{"@type":"Organization","@id":"https:\/\/www.viitanordic.com\/#organization","name":"ViitaNordic Oy","url":"https:\/\/www.viitanordic.com\/","logo":{"@type":"ImageObject","inLanguage":"de","@id":"https:\/\/www.viitanordic.com\/#\/schema\/logo\/image\/","url":"https:\/\/www.viitanordic.com\/lataukset\/logo-viitanordic.png","contentUrl":"https:\/\/www.viitanordic.com\/lataukset\/logo-viitanordic.png","width":720,"height":111,"caption":"ViitaNordic Oy"},"image":{"@id":"https:\/\/www.viitanordic.com\/#\/schema\/logo\/image\/"},"sameAs":["https:\/\/www.facebook.com\/viitanordic","https:\/\/fi.pinterest.com\/viitanordic\/"]}]}},"_links":{"self":[{"href":"https:\/\/www.viitanordic.com\/de\/wp-json\/wp\/v2\/product\/6424","targetHints":{"allow":["GET"]}}],"collection":[{"href":"https:\/\/www.viitanordic.com\/de\/wp-json\/wp\/v2\/product"}],"about":[{"href":"https:\/\/www.viitanordic.com\/de\/wp-json\/wp\/v2\/types\/product"}],"wp:featuredmedia":[{"embeddable":true,"href":"https:\/\/www.viitanordic.com\/de\/wp-json\/wp\/v2\/media\/3699"}],"wp:attachment":[{"href":"https:\/\/www.viitanordic.com\/de\/wp-json\/wp\/v2\/media?parent=6424"}],"wp:term":[{"taxonomy":"product_brand","embeddable":true,"href":"https:\/\/www.viitanordic.com\/de\/wp-json\/wp\/v2\/product_brand?post=6424"},{"taxonomy":"product_cat","embeddable":true,"href":"https:\/\/www.viitanordic.com\/de\/wp-json\/wp\/v2\/product_cat?post=6424"},{"taxonomy":"product_tag","embeddable":true,"href":"https:\/\/www.viitanordic.com\/de\/wp-json\/wp\/v2\/product_tag?post=6424"}],"curies":[{"name":"wp","href":"https:\/\/api.w.org\/{rel}","templated":true}]}}