{"id":7373,"date":"2015-12-26T23:28:58","date_gmt":"2015-12-26T21:28:58","guid":{"rendered":""},"modified":"2024-11-28T20:42:00","modified_gmt":"2024-11-28T18:42:00","slug":"graniitti-design-viitanordic","status":"publish","type":"product","link":"https:\/\/www.viitanordic.com\/de\/product\/baumwollteppiche-aus-finnland-nordische-flickenteppiche\/graniitti-design-viitanordic\/","title":{"rendered":"Graniitti &#8211; Design ViitaNordic"},"content":{"rendered":"<p>Graniitti widerspiegelt gut die sch\u00f6ne Finnische K\u00fcste mit seinen Felsen. Der Teppich passt gut ins Schlafzimmer, Wohnzimmer oder in die K\u00fcche. Graniitti wird noch immer auf traditioneller Weise hergestellt. Der Teppich ist qualitativ hochwertig und wird Ihnen so lange Freude bereiten. Da die Herstellung dieser Teppiche viel Handarbeit verlangt, ist jedes Produkt einzigartig und kann deshalb ein wenig von den Abbildungen abweichen.<\/p>\n<p><strong>Teppich nach Mass:<\/strong> unter Gr\u00f6sse ausw\u00e4hlbar<\/p>\n<p><strong>Marke:<\/strong> ViitaNordic<\/p>\n<p><strong>Material:<\/strong> 100% Baumwolle<\/p>\n<p><strong>Herstellungsort:<\/strong> Finnland; Design ViitaNordic<\/p>\n<p><strong>Herstellungsart:<\/strong>\u00a0Gewebt<\/p>\n<p><strong>Pflege: <\/strong>Regelm\u00e4ssiges Staubsaugen. Der Schmutz sollte mit einem feuchten Lappen sofort entfernt werden. Aber nicht reiben sondern abtupfen.<\/p>\n<p><strong>Reinigung: <\/strong>Sorgf\u00e4ltig mit Wasser (max. +30\u00baC) und milden Reinigungsmittel und weicher B\u00fcrste waschen. Der Teppich nicht ins Wasser eintauchen und auch nicht reiben. Mit viel Wasser absp\u00fclen. Das restliche Wasser mit einem Teppichroller aus dem Teppich rauspressen. Den feuchten Teppich wieder vorsichtig formen und flach auf dem Boden trocknen lassen. Der Teppich darf nicht zusammengelegt werden. Baumwolle kann beim Waschen ungef\u00e4hr 5% eingehen.<\/p>\n","protected":false},"excerpt":{"rendered":"<p>Graniitti widerspiegelt gut die sch\u00f6ne Finnische K\u00fcste mit seinen Felsen. Der Teppich passt gut ins Schlafzimmer, Wohnzimmer oder in die K\u00fcche. Graniitti wird noch immer auf traditioneller Weise hergestellt. Der Teppich ist qualitativ hochwertig und wird Ihnen so lange Freude bereiten. Da die Herstellung dieser Teppiche viel Handarbeit verlangt, ist jedes Produkt einzigartig und kann [\u2026] <a href=\"https:\/\/www.viitanordic.com\/de\/product\/baumwollteppiche-aus-finnland-nordische-flickenteppiche\/graniitti-design-viitanordic\/\">\u00bb Lesen Sie mehr<\/a><\/p>\n","protected":false},"featured_media":10226,"template":"","meta":{"_acf_changed":false},"product_brand":[],"product_cat":[44],"product_tag":[1034],"class_list":{"0":"post-7373","1":"product","2":"type-product","3":"status-publish","4":"has-post-thumbnail","6":"product_cat-baumwollteppiche-aus-finnland-nordische-flickenteppiche","7":"product_tag-fixed-custom-width-de","9":"first","10":"instock","11":"taxable","12":"shipping-taxable","13":"purchasable","14":"product-type-variable","15":"has-default-attributes"},"acf":[],"yoast_head":"<!-- This site is optimized with the Yoast SEO plugin v25.8 - https:\/\/yoast.com\/wordpress\/plugins\/seo\/ -->\n<title>Graniitti - Design ViitaNordic - Skandinavische Teppiche - Nordische Teppiche aus Finnland \u2013 ViitaNordic<\/title>\n<meta name=\"description\" content=\"Graniitti ist ein sehr sch\u00f6ner Finnischer Teppich. Der Teppich passt gut ins Schlafzimmer, Wohnzimmer oder in die K\u00fcche. In Finnland hergestellt.\" \/>\n<meta name=\"robots\" content=\"index, follow, max-snippet:-1, max-image-preview:large, max-video-preview:-1\" \/>\n<link rel=\"canonical\" href=\"https:\/\/www.viitanordic.com\/de\/product\/baumwollteppiche-aus-finnland-nordische-flickenteppiche\/graniitti-design-viitanordic\/\" \/>\n<meta property=\"og:locale\" content=\"de_DE\" \/>\n<meta property=\"og:type\" content=\"article\" \/>\n<meta property=\"og:title\" content=\"Graniitti - Design ViitaNordic - Skandinavische Teppiche - Nordische Teppiche aus Finnland \u2013 ViitaNordic\" \/>\n<meta property=\"og:description\" content=\"Graniitti ist ein sehr sch\u00f6ner Finnischer Teppich. Der Teppich passt gut ins Schlafzimmer, Wohnzimmer oder in die K\u00fcche. In Finnland hergestellt.\" \/>\n<meta property=\"og:url\" content=\"https:\/\/www.viitanordic.com\/de\/product\/baumwollteppiche-aus-finnland-nordische-flickenteppiche\/graniitti-design-viitanordic\/\" \/>\n<meta property=\"og:site_name\" content=\"Skandinavische Teppiche - Nordische Teppiche aus Finnland \u2013 ViitaNordic\" \/>\n<meta property=\"article:publisher\" content=\"https:\/\/www.facebook.com\/viitanordic\" \/>\n<meta property=\"article:modified_time\" content=\"2024-11-28T18:42:00+00:00\" \/>\n<meta property=\"og:image\" content=\"https:\/\/www.viitanordic.com\/lataukset\/IMG_2556.jpg\" \/>\n\t<meta property=\"og:image:width\" content=\"2000\" \/>\n\t<meta property=\"og:image:height\" content=\"1333\" \/>\n\t<meta property=\"og:image:type\" content=\"image\/jpeg\" \/>\n<meta name=\"twitter:label1\" content=\"Est. reading time\" \/>\n\t<meta name=\"twitter:data1\" content=\"2 minutes\" \/>\n<script type=\"application\/ld+json\" class=\"yoast-schema-graph\">{\"@context\":\"https:\/\/schema.org\",\"@graph\":[{\"@type\":\"WebPage\",\"@id\":\"https:\/\/www.viitanordic.com\/de\/product\/baumwollteppiche-aus-finnland-nordische-flickenteppiche\/graniitti-design-viitanordic\/\",\"url\":\"https:\/\/www.viitanordic.com\/de\/product\/baumwollteppiche-aus-finnland-nordische-flickenteppiche\/graniitti-design-viitanordic\/\",\"name\":\"Graniitti - Design ViitaNordic - Skandinavische Teppiche - Nordische Teppiche aus Finnland \u2013 ViitaNordic\",\"isPartOf\":{\"@id\":\"https:\/\/www.viitanordic.com\/#website\"},\"primaryImageOfPage\":{\"@id\":\"https:\/\/www.viitanordic.com\/de\/product\/baumwollteppiche-aus-finnland-nordische-flickenteppiche\/graniitti-design-viitanordic\/#primaryimage\"},\"image\":{\"@id\":\"https:\/\/www.viitanordic.com\/de\/product\/baumwollteppiche-aus-finnland-nordische-flickenteppiche\/graniitti-design-viitanordic\/#primaryimage\"},\"thumbnailUrl\":\"https:\/\/www.viitanordic.com\/lataukset\/IMG_2556.jpg\",\"datePublished\":\"2015-12-26T21:28:58+00:00\",\"dateModified\":\"2024-11-28T18:42:00+00:00\",\"description\":\"Graniitti ist ein sehr sch\u00f6ner Finnischer Teppich. Der Teppich passt gut ins Schlafzimmer, Wohnzimmer oder in die K\u00fcche. In Finnland hergestellt.\",\"breadcrumb\":{\"@id\":\"https:\/\/www.viitanordic.com\/de\/product\/baumwollteppiche-aus-finnland-nordische-flickenteppiche\/graniitti-design-viitanordic\/#breadcrumb\"},\"inLanguage\":\"de\",\"potentialAction\":[{\"@type\":\"ReadAction\",\"target\":[\"https:\/\/www.viitanordic.com\/de\/product\/baumwollteppiche-aus-finnland-nordische-flickenteppiche\/graniitti-design-viitanordic\/\"]}]},{\"@type\":\"ImageObject\",\"inLanguage\":\"de\",\"@id\":\"https:\/\/www.viitanordic.com\/de\/product\/baumwollteppiche-aus-finnland-nordische-flickenteppiche\/graniitti-design-viitanordic\/#primaryimage\",\"url\":\"https:\/\/www.viitanordic.com\/lataukset\/IMG_2556.jpg\",\"contentUrl\":\"https:\/\/www.viitanordic.com\/lataukset\/IMG_2556.jpg\",\"width\":2000,\"height\":1333},{\"@type\":\"BreadcrumbList\",\"@id\":\"https:\/\/www.viitanordic.com\/de\/product\/baumwollteppiche-aus-finnland-nordische-flickenteppiche\/graniitti-design-viitanordic\/#breadcrumb\",\"itemListElement\":[{\"@type\":\"ListItem\",\"position\":1,\"name\":\"Etusivu\",\"item\":\"https:\/\/www.viitanordic.com\/de\/\"},{\"@type\":\"ListItem\",\"position\":2,\"name\":\"Skandinavische Teppiche &#8211; Nordische Teppiche\",\"item\":\"https:\/\/www.viitanordic.com\/de\/\"},{\"@type\":\"ListItem\",\"position\":3,\"name\":\"Graniitti &#8211; Design ViitaNordic\"}]},{\"@type\":\"WebSite\",\"@id\":\"https:\/\/www.viitanordic.com\/#website\",\"url\":\"https:\/\/www.viitanordic.com\/\",\"name\":\"Scandinavian Rugs - Nordic Rugs - Made in Finland \u2013 ViitaNordic\",\"description\":\"Skandinavische Teppiche - Nordische Teppiche aus Finnland \u2013 ViitaNordic\",\"publisher\":{\"@id\":\"https:\/\/www.viitanordic.com\/#organization\"},\"potentialAction\":[{\"@type\":\"SearchAction\",\"target\":{\"@type\":\"EntryPoint\",\"urlTemplate\":\"https:\/\/www.viitanordic.com\/?s={search_term_string}\"},\"query-input\":{\"@type\":\"PropertyValueSpecification\",\"valueRequired\":true,\"valueName\":\"search_term_string\"}}],\"inLanguage\":\"de\"},{\"@type\":\"Organization\",\"@id\":\"https:\/\/www.viitanordic.com\/#organization\",\"name\":\"ViitaNordic Oy\",\"url\":\"https:\/\/www.viitanordic.com\/\",\"logo\":{\"@type\":\"ImageObject\",\"inLanguage\":\"de\",\"@id\":\"https:\/\/www.viitanordic.com\/#\/schema\/logo\/image\/\",\"url\":\"https:\/\/www.viitanordic.com\/lataukset\/logo-viitanordic.png\",\"contentUrl\":\"https:\/\/www.viitanordic.com\/lataukset\/logo-viitanordic.png\",\"width\":720,\"height\":111,\"caption\":\"ViitaNordic Oy\"},\"image\":{\"@id\":\"https:\/\/www.viitanordic.com\/#\/schema\/logo\/image\/\"},\"sameAs\":[\"https:\/\/www.facebook.com\/viitanordic\",\"https:\/\/fi.pinterest.com\/viitanordic\/\"]}]}<\/script>\n<!-- \/ Yoast SEO plugin. -->","yoast_head_json":{"title":"Graniitti - Design ViitaNordic - Skandinavische Teppiche - Nordische Teppiche aus Finnland \u2013 ViitaNordic","description":"Graniitti ist ein sehr sch\u00f6ner Finnischer Teppich. Der Teppich passt gut ins Schlafzimmer, Wohnzimmer oder in die K\u00fcche. In Finnland hergestellt.","robots":{"index":"index","follow":"follow","max-snippet":"max-snippet:-1","max-image-preview":"max-image-preview:large","max-video-preview":"max-video-preview:-1"},"canonical":"https:\/\/www.viitanordic.com\/de\/product\/baumwollteppiche-aus-finnland-nordische-flickenteppiche\/graniitti-design-viitanordic\/","og_locale":"de_DE","og_type":"article","og_title":"Graniitti - Design ViitaNordic - Skandinavische Teppiche - Nordische Teppiche aus Finnland \u2013 ViitaNordic","og_description":"Graniitti ist ein sehr sch\u00f6ner Finnischer Teppich. Der Teppich passt gut ins Schlafzimmer, Wohnzimmer oder in die K\u00fcche. In Finnland hergestellt.","og_url":"https:\/\/www.viitanordic.com\/de\/product\/baumwollteppiche-aus-finnland-nordische-flickenteppiche\/graniitti-design-viitanordic\/","og_site_name":"Skandinavische Teppiche - Nordische Teppiche aus Finnland \u2013 ViitaNordic","article_publisher":"https:\/\/www.facebook.com\/viitanordic","article_modified_time":"2024-11-28T18:42:00+00:00","og_image":[{"width":2000,"height":1333,"url":"https:\/\/www.viitanordic.com\/lataukset\/IMG_2556.jpg","type":"image\/jpeg"}],"twitter_misc":{"Est. reading time":"2 minutes"},"schema":{"@context":"https:\/\/schema.org","@graph":[{"@type":"WebPage","@id":"https:\/\/www.viitanordic.com\/de\/product\/baumwollteppiche-aus-finnland-nordische-flickenteppiche\/graniitti-design-viitanordic\/","url":"https:\/\/www.viitanordic.com\/de\/product\/baumwollteppiche-aus-finnland-nordische-flickenteppiche\/graniitti-design-viitanordic\/","name":"Graniitti - Design ViitaNordic - Skandinavische Teppiche - Nordische Teppiche aus Finnland \u2013 ViitaNordic","isPartOf":{"@id":"https:\/\/www.viitanordic.com\/#website"},"primaryImageOfPage":{"@id":"https:\/\/www.viitanordic.com\/de\/product\/baumwollteppiche-aus-finnland-nordische-flickenteppiche\/graniitti-design-viitanordic\/#primaryimage"},"image":{"@id":"https:\/\/www.viitanordic.com\/de\/product\/baumwollteppiche-aus-finnland-nordische-flickenteppiche\/graniitti-design-viitanordic\/#primaryimage"},"thumbnailUrl":"https:\/\/www.viitanordic.com\/lataukset\/IMG_2556.jpg","datePublished":"2015-12-26T21:28:58+00:00","dateModified":"2024-11-28T18:42:00+00:00","description":"Graniitti ist ein sehr sch\u00f6ner Finnischer Teppich. Der Teppich passt gut ins Schlafzimmer, Wohnzimmer oder in die K\u00fcche. In Finnland hergestellt.","breadcrumb":{"@id":"https:\/\/www.viitanordic.com\/de\/product\/baumwollteppiche-aus-finnland-nordische-flickenteppiche\/graniitti-design-viitanordic\/#breadcrumb"},"inLanguage":"de","potentialAction":[{"@type":"ReadAction","target":["https:\/\/www.viitanordic.com\/de\/product\/baumwollteppiche-aus-finnland-nordische-flickenteppiche\/graniitti-design-viitanordic\/"]}]},{"@type":"ImageObject","inLanguage":"de","@id":"https:\/\/www.viitanordic.com\/de\/product\/baumwollteppiche-aus-finnland-nordische-flickenteppiche\/graniitti-design-viitanordic\/#primaryimage","url":"https:\/\/www.viitanordic.com\/lataukset\/IMG_2556.jpg","contentUrl":"https:\/\/www.viitanordic.com\/lataukset\/IMG_2556.jpg","width":2000,"height":1333},{"@type":"BreadcrumbList","@id":"https:\/\/www.viitanordic.com\/de\/product\/baumwollteppiche-aus-finnland-nordische-flickenteppiche\/graniitti-design-viitanordic\/#breadcrumb","itemListElement":[{"@type":"ListItem","position":1,"name":"Etusivu","item":"https:\/\/www.viitanordic.com\/de\/"},{"@type":"ListItem","position":2,"name":"Skandinavische Teppiche &#8211; Nordische Teppiche","item":"https:\/\/www.viitanordic.com\/de\/"},{"@type":"ListItem","position":3,"name":"Graniitti &#8211; Design ViitaNordic"}]},{"@type":"WebSite","@id":"https:\/\/www.viitanordic.com\/#website","url":"https:\/\/www.viitanordic.com\/","name":"Scandinavian Rugs - Nordic Rugs - Made in Finland \u2013 ViitaNordic","description":"Skandinavische Teppiche - Nordische Teppiche aus Finnland \u2013 ViitaNordic","publisher":{"@id":"https:\/\/www.viitanordic.com\/#organization"},"potentialAction":[{"@type":"SearchAction","target":{"@type":"EntryPoint","urlTemplate":"https:\/\/www.viitanordic.com\/?s={search_term_string}"},"query-input":{"@type":"PropertyValueSpecification","valueRequired":true,"valueName":"search_term_string"}}],"inLanguage":"de"},{"@type":"Organization","@id":"https:\/\/www.viitanordic.com\/#organization","name":"ViitaNordic Oy","url":"https:\/\/www.viitanordic.com\/","logo":{"@type":"ImageObject","inLanguage":"de","@id":"https:\/\/www.viitanordic.com\/#\/schema\/logo\/image\/","url":"https:\/\/www.viitanordic.com\/lataukset\/logo-viitanordic.png","contentUrl":"https:\/\/www.viitanordic.com\/lataukset\/logo-viitanordic.png","width":720,"height":111,"caption":"ViitaNordic Oy"},"image":{"@id":"https:\/\/www.viitanordic.com\/#\/schema\/logo\/image\/"},"sameAs":["https:\/\/www.facebook.com\/viitanordic","https:\/\/fi.pinterest.com\/viitanordic\/"]}]}},"_links":{"self":[{"href":"https:\/\/www.viitanordic.com\/de\/wp-json\/wp\/v2\/product\/7373","targetHints":{"allow":["GET"]}}],"collection":[{"href":"https:\/\/www.viitanordic.com\/de\/wp-json\/wp\/v2\/product"}],"about":[{"href":"https:\/\/www.viitanordic.com\/de\/wp-json\/wp\/v2\/types\/product"}],"wp:featuredmedia":[{"embeddable":true,"href":"https:\/\/www.viitanordic.com\/de\/wp-json\/wp\/v2\/media\/10226"}],"wp:attachment":[{"href":"https:\/\/www.viitanordic.com\/de\/wp-json\/wp\/v2\/media?parent=7373"}],"wp:term":[{"taxonomy":"product_brand","embeddable":true,"href":"https:\/\/www.viitanordic.com\/de\/wp-json\/wp\/v2\/product_brand?post=7373"},{"taxonomy":"product_cat","embeddable":true,"href":"https:\/\/www.viitanordic.com\/de\/wp-json\/wp\/v2\/product_cat?post=7373"},{"taxonomy":"product_tag","embeddable":true,"href":"https:\/\/www.viitanordic.com\/de\/wp-json\/wp\/v2\/product_tag?post=7373"}],"curies":[{"name":"wp","href":"https:\/\/api.w.org\/{rel}","templated":true}]}}