{"id":34544,"date":"2021-01-25T11:36:46","date_gmt":"2021-01-25T09:36:46","guid":{"rendered":"https:\/\/www.viitanordic.com\/?page_id=34544"},"modified":"2023-03-18T22:19:53","modified_gmt":"2023-03-18T20:19:53","slug":"viitanordic-tarinamme","status":"publish","type":"page","link":"https:\/\/www.viitanordic.com\/fi\/viitanordic-tarinamme\/","title":{"rendered":"ViitaNordic &#8211; tarinamme"},"content":{"rendered":"\n<p class=\"has-text-align-center\">Olemme ViitaNordic, suomalainen puuvillamattojen valmistaja Etel\u00e4-Pohjanmaalta.<\/p>\n\n\n\n<figure class=\"wp-block-embed-youtube wp-block-embed is-type-video is-provider-youtube wp-embed-aspect-16-9 wp-has-aspect-ratio\"><div class=\"wp-block-embed__wrapper\">\n<iframe loading=\"lazy\" title=\"VIITANORDIC - Rugs from the North\" width=\"640\" height=\"360\" src=\"https:\/\/www.youtube.com\/embed\/1FrGp2gPdZc?feature=oembed\" frameborder=\"0\" allow=\"accelerometer; autoplay; clipboard-write; encrypted-media; gyroscope; picture-in-picture; web-share\" referrerpolicy=\"strict-origin-when-cross-origin\" allowfullscreen><\/iframe>\n<\/div><\/figure>\n\n\n\n<p class=\"has-text-align-center\">Intohimonamme on valmistaa kauniita,&nbsp;laadukkaita ja kest\u00e4vi\u00e4 kotimaisia puuvillamattoja.&nbsp;Haluamme, ett\u00e4 matot sopivat moniin erilaisiin tyyleihin ja tiloihin. Mattomallistomme on tasapainoinen sekoitus perinteist\u00e4 pohjoismaista tyyli\u00e4 sek\u00e4 modernia designia. Inspiraation v\u00e4reihin ja malleihin olemme saaneet pohjoisen jatkuvasti muuttuvasta luonnosta.<\/p>\n\n\n\n<p class=\"has-text-align-center\">Tied\u00e4mme, kuinka laadukkaita ja kauniita mattoja kudotaan, olemmehan valmistaneet mattoja jo yli 40 vuotta. Vaikka kudomme mattomme puoliautomaattikoneilla, vaatii&nbsp;valmistaminen paljon erityist\u00e4 tietoa, tarkkuutta ja k\u00e4sity\u00f6t\u00e4. Valmistamme mattomme&nbsp;luonnollisesti Suomessa, Etel\u00e4-Pohjanmaalla.<\/p>\n\n\n\n<div style=\"height:30px\" aria-hidden=\"true\" class=\"wp-block-spacer\"><\/div>\n\n\n\n<div class=\"wp-block-media-text alignwide is-stacked-on-mobile\"><figure class=\"wp-block-media-text__media\"><img loading=\"lazy\" decoding=\"async\" width=\"1920\" height=\"1920\" src=\"https:\/\/www.viitanordic.com\/lataukset\/Ritirati.jpg\" alt=\"Puuvillamatto Ritirati, suomalainen r\u00e4symatto, suomalainen matto, kotimainen matto, viitanordic\" class=\"wp-image-35397\" srcset=\"https:\/\/www.viitanordic.com\/lataukset\/Ritirati.jpg 1920w, https:\/\/www.viitanordic.com\/lataukset\/Ritirati-432x432.jpg 432w, https:\/\/www.viitanordic.com\/lataukset\/Ritirati-1536x1536.jpg 1536w, https:\/\/www.viitanordic.com\/lataukset\/Ritirati-500x500.jpg 500w, https:\/\/www.viitanordic.com\/lataukset\/Ritirati-768x768.jpg 768w, https:\/\/www.viitanordic.com\/lataukset\/Ritirati-464x464.jpg 464w, https:\/\/www.viitanordic.com\/lataukset\/Ritirati-1440x1440.jpg 1440w, https:\/\/www.viitanordic.com\/lataukset\/Ritirati-100x100.jpg 100w\" sizes=\"auto, (max-width: 1920px) 100vw, 1920px\" \/><\/figure><div class=\"wp-block-media-text__content\">\n<p class=\"has-large-font-size\">Puuvillamattomme ovat luonnon inspiroimia.<\/p>\n<\/div><\/div>\n\n\n\n<div style=\"height:30px\" aria-hidden=\"true\" class=\"wp-block-spacer\"><\/div>\n\n\n\n<p class=\"has-text-align-center\">Vastuullisuus ja luonnollisuus on meille t\u00e4rke\u00e4\u00e4. Valmistamme matot Pakistanista tulleesta 100 %:sta puuvillakankaasta, joka v\u00e4rj\u00e4t\u00e4\u00e4n Suomessa. K\u00e4ytt\u00e4m\u00e4mme kankaat ovat \u00d6ko-tex -standardin mukaisesti tutkitusti turvallisia.<\/p>\n\n\n\n<p class=\"has-text-align-center\">Haluamme valmistaa tuotteistamme erityisen laadukkaita, kest\u00e4vi\u00e4 ja pitk\u00e4ik\u00e4isi\u00e4, siksi valmistamme ne uudesta tasalaatuisesta kankaasta. Oikein huollettuina&nbsp;puuvillakangasmatot kest\u00e4v\u00e4t ja tuottavat iloa vuosikausiksi.<\/p>\n\n\n\n<p><\/p>\n\n\n\n<p class=\"has-text-align-center\">Suosituimmat mallimme ovat perinteiseen&nbsp;r\u00e4symattohenkeen kudotut Ritirati-matot <a href=\"https:\/\/www.viitanordic.com\/fi\/product\/kotimaisia-puuvillamattoja\/puuvillamatto-rasymatto-kevat\/\">Kev\u00e4t<\/a> ja <a href=\"https:\/\/www.viitanordic.com\/fi\/product\/kotimaisia-puuvillamattoja\/puuvillamatto-ritirati\/\">Ritirati<\/a>. N\u00e4iden mattojen ilahduttava ja uniikki v\u00e4rileikki syntyy, kun ker\u00e4\u00e4mme talteen&nbsp;tuotannossa syntyv\u00e4t ylij\u00e4\u00e4m\u00e4palat ja hy\u00f6dynn\u00e4mme ne. N\u00e4in meilt\u00e4 ei mene mit\u00e4\u00e4n hukkaan.<\/p>\n\n\n\n<div class=\"wp-block-image\"><figure class=\"aligncenter size-large is-resized\"><img loading=\"lazy\" decoding=\"async\" src=\"https:\/\/www.viitanordic.com\/lataukset\/Finnish-Rag-Rug12.jpg\" alt=\"Puuvillamatto, Puuvillamatto,kev\u00e4t, ritirati, r\u00e4symatto, ViitaNordic, kotimainen matto, perinteinen matto, perinteinen r\u00e4symatto, v\u00e4rik\u00e4s matto, kotimainen, r\u00e4symatto, suomalainen matto, kotimainen matto, viitanordic\" class=\"wp-image-32472\" width=\"580\" height=\"387\" srcset=\"https:\/\/www.viitanordic.com\/lataukset\/Finnish-Rag-Rug12.jpg 2048w, https:\/\/www.viitanordic.com\/lataukset\/Finnish-Rag-Rug12-464x310.jpg 464w, https:\/\/www.viitanordic.com\/lataukset\/Finnish-Rag-Rug12-1440x963.jpg 1440w, https:\/\/www.viitanordic.com\/lataukset\/Finnish-Rag-Rug12-2000x1338.jpg 2000w, https:\/\/www.viitanordic.com\/lataukset\/Finnish-Rag-Rug12-500x334.jpg 500w, https:\/\/www.viitanordic.com\/lataukset\/Finnish-Rag-Rug12-768x514.jpg 768w\" sizes=\"auto, (max-width: 580px) 100vw, 580px\" \/><figcaption>R\u00e4symatto tyyliin kudottu puuvillamatto Kev\u00e4t on kudottu tuotannon ylij\u00e4\u00e4m\u00e4paloista. Siksi jokainen matto on omanlaisensa.<\/figcaption><\/figure><\/div>\n\n\n\n<p class=\"has-text-align-center\">Mattojen valmistus on monimutkaista ja tarkkaa ty\u00f6t\u00e4, jonka osaamisesta olemme ylpeit\u00e4. Mattojen valmistus alkaa kankaiden&nbsp;v\u00e4rj\u00e4yksell\u00e4. V\u00e4rj\u00e4yksen j\u00e4lkeen juuri&nbsp;oikeanpituiset kankaat ommellaan yhteen&nbsp;&nbsp;&nbsp;&nbsp;&nbsp; tarkasti valittuun v\u00e4rij\u00e4rjestykseen ja&nbsp;py\u00f6ritet\u00e4\u00e4n pakoiksi. Pakat leikataan kiekoiksi, joista ne puolataan. Leikatut ja puolatut&nbsp;kangassuikaleet kudotaan lopulta koneilla&nbsp;matoiksi.<\/p>\n\n\n\n<p class=\"has-text-align-center\">Kutomisen j\u00e4lkeen matot viel\u00e4 viimeistell\u00e4\u00e4n ja loimihapsut solmitaan huolellisesti kiinni.&nbsp;Lopuksi matot pakataan ja l\u00e4hetet\u00e4\u00e4n eteenp\u00e4in&nbsp;ilahduttamaan erilaisia koteja ymp\u00e4ri maailmaa.<\/p>\n\n\n\n<div style=\"height:30px\" aria-hidden=\"true\" class=\"wp-block-spacer\"><\/div>\n\n\n\n<div class=\"wp-block-image prepend-top\"><figure class=\"aligncenter size-large is-resized\"><img decoding=\"async\" src=\"https:\/\/www.viitanordic.com\/lataukset\/ico-madeinfinland-e1466517798614.png\" alt=\"\" class=\"wp-image-19136\" width=\"150\"\/><\/figure><\/div>\n\n\n\n<div style=\"height:30px\" aria-hidden=\"true\" class=\"wp-block-spacer\"><\/div>\n\n\n\n<h2 class=\"has-text-align-center wp-block-heading\">Lungi Lattiatyynyt<\/h2>\n\n\n\n<p class=\"has-text-align-center\">Mattojen lis\u00e4ksi ViitaNordic valmistaa tyylikk\u00e4it\u00e4 ja mukavia lattiatyynyj\u00e4 <a href=\"http:\/\/www.mylungi.fi\">Lungi<\/a> -tuotemerkill\u00e4.<\/p>\n\n\n\n<div class=\"wp-block-image\"><figure class=\"aligncenter size-large\"><img loading=\"lazy\" decoding=\"async\" width=\"1920\" height=\"1510\" src=\"https:\/\/www.viitanordic.com\/lataukset\/Newpicture_new-1.jpg\" alt=\"Lattiatyyny, iso lattiatyyny, r\u00e4symattotyyny, viitanordic, lungi\" class=\"wp-image-34429\" srcset=\"https:\/\/www.viitanordic.com\/lataukset\/Newpicture_new-1.jpg 1920w, https:\/\/www.viitanordic.com\/lataukset\/Newpicture_new-1-1536x1208.jpg 1536w, https:\/\/www.viitanordic.com\/lataukset\/Newpicture_new-1-500x393.jpg 500w, https:\/\/www.viitanordic.com\/lataukset\/Newpicture_new-1-768x604.jpg 768w, https:\/\/www.viitanordic.com\/lataukset\/Newpicture_new-1-464x365.jpg 464w, https:\/\/www.viitanordic.com\/lataukset\/Newpicture_new-1-1440x1133.jpg 1440w\" sizes=\"auto, (max-width: 1920px) 100vw, 1920px\" \/><figcaption>Iso ja muhkea lattatyyny Lungi<\/figcaption><\/figure><\/div>\n\n\n\n<p class=\"has-text-align-center\">LUNGI -lattiatyyny on tyylik\u00e4s ja mahtava. Istu, makaa, rentoudu tai pelaa ja viet\u00e4 hauskaa aikaa yst\u00e4vien kanssa. LUNGI -r\u00e4symattotyyny sopii siihen erinomaisesti. LUNGI-lattiatyynyt sopivat kodin joka huoneeseen, oleskelutilaan tai terassille. LUNGI -tyynyj\u00e4 on saatavilla useissa eri v\u00e4reiss\u00e4, malleissa ja koossa, siksi niist\u00e4 on mahdollista l\u00f6yt\u00e4\u00e4 oikea malli jokaiseen tyyliin sopivaksi.<\/p>\n\n\n\n<p class=\"has-text-align-center\">Lis\u00e4tietoa lattityynyist\u00e4 l\u00f6yd\u00e4t sivultamme <a href=\"http:\/\/www.mylungi.fi\">www.mylungi.fi<\/a><\/p>\n","protected":false},"excerpt":{"rendered":"<p>Olemme ViitaNordic, suomalainen puuvillamattojen valmistaja Etel\u00e4-Pohjanmaalta. Intohimonamme on valmistaa kauniita,&nbsp;laadukkaita ja kest\u00e4vi\u00e4 kotimaisia puuvillamattoja.&nbsp;Haluamme, ett\u00e4 matot sopivat moniin erilaisiin tyyleihin ja tiloihin. Mattomallistomme on tasapainoinen sekoitus perinteist\u00e4 pohjoismaista tyyli\u00e4 sek\u00e4 modernia designia. Inspiraation v\u00e4reihin ja malleihin olemme saaneet pohjoisen jatkuvasti muuttuvasta luonnosta. Tied\u00e4mme, kuinka laadukkaita ja kauniita mattoja kudotaan, olemmehan valmistaneet mattoja jo yli 40 [\u2026] <a href=\"https:\/\/www.viitanordic.com\/fi\/viitanordic-tarinamme\/\">\u00bb Lue Lis\u00e4\u00e4<\/a><\/p>\n","protected":false},"author":9,"featured_media":0,"parent":0,"menu_order":0,"comment_status":"closed","ping_status":"closed","template":"","meta":{"_acf_changed":false,"footnotes":""},"class_list":["post-34544","page","type-page","status-publish","hentry"],"acf":[],"yoast_head":"<!-- This site is optimized with the Yoast SEO plugin v25.8 - https:\/\/yoast.com\/wordpress\/plugins\/seo\/ -->\n<title>ViitaNordic - suomalaisia mattoja taidolla valmistettu<\/title>\n<meta name=\"description\" content=\"ViitaNordic on kotimaisia mattoja valmistava ja myyv\u00e4 yritys Etel\u00e4-Pohjanmaalta. Meill\u00e4 on yli 40 vuoden kokemus mattojen kutomisesta.\" \/>\n<meta name=\"robots\" content=\"index, follow, max-snippet:-1, max-image-preview:large, max-video-preview:-1\" \/>\n<link rel=\"canonical\" href=\"https:\/\/www.viitanordic.com\/scandinavian-rugs-from-viitanordic\/\" \/>\n<meta property=\"og:locale\" content=\"fi_FI\" \/>\n<meta property=\"og:type\" content=\"article\" \/>\n<meta property=\"og:title\" content=\"ViitaNordic - suomalaisia mattoja taidolla valmistettu\" \/>\n<meta property=\"og:description\" content=\"ViitaNordic on kotimaisia mattoja valmistava ja myyv\u00e4 yritys Etel\u00e4-Pohjanmaalta. Meill\u00e4 on yli 40 vuoden kokemus mattojen kutomisesta.\" \/>\n<meta property=\"og:url\" content=\"https:\/\/www.viitanordic.com\/scandinavian-rugs-from-viitanordic\/\" \/>\n<meta property=\"og:site_name\" content=\"Suomalaisia mattoja - Puuvillamattoja - ViitaNordic\" \/>\n<meta property=\"article:publisher\" content=\"https:\/\/www.facebook.com\/viitanordic\" \/>\n<meta property=\"article:modified_time\" content=\"2023-03-18T20:19:53+00:00\" \/>\n<meta property=\"og:image\" content=\"https:\/\/www.viitanordic.com\/lataukset\/Ritirati.jpg\" \/>\n<meta name=\"twitter:label1\" content=\"Arvioitu lukuaika\" \/>\n\t<meta name=\"twitter:data1\" content=\"2 minuuttia\" \/>\n<script type=\"application\/ld+json\" class=\"yoast-schema-graph\">{\"@context\":\"https:\/\/schema.org\",\"@graph\":[{\"@type\":\"WebPage\",\"@id\":\"https:\/\/www.viitanordic.com\/scandinavian-rugs-from-viitanordic\/\",\"url\":\"https:\/\/www.viitanordic.com\/scandinavian-rugs-from-viitanordic\/\",\"name\":\"ViitaNordic - suomalaisia mattoja taidolla valmistettu\",\"isPartOf\":{\"@id\":\"https:\/\/www.viitanordic.com\/#website\"},\"primaryImageOfPage\":{\"@id\":\"https:\/\/www.viitanordic.com\/scandinavian-rugs-from-viitanordic\/#primaryimage\"},\"image\":{\"@id\":\"https:\/\/www.viitanordic.com\/scandinavian-rugs-from-viitanordic\/#primaryimage\"},\"thumbnailUrl\":\"https:\/\/www.viitanordic.com\/lataukset\/Ritirati.jpg\",\"datePublished\":\"2021-01-25T09:36:46+00:00\",\"dateModified\":\"2023-03-18T20:19:53+00:00\",\"description\":\"ViitaNordic on kotimaisia mattoja valmistava ja myyv\u00e4 yritys Etel\u00e4-Pohjanmaalta. Meill\u00e4 on yli 40 vuoden kokemus mattojen kutomisesta.\",\"breadcrumb\":{\"@id\":\"https:\/\/www.viitanordic.com\/scandinavian-rugs-from-viitanordic\/#breadcrumb\"},\"inLanguage\":\"fi\",\"potentialAction\":[{\"@type\":\"ReadAction\",\"target\":[\"https:\/\/www.viitanordic.com\/scandinavian-rugs-from-viitanordic\/\"]}]},{\"@type\":\"ImageObject\",\"inLanguage\":\"fi\",\"@id\":\"https:\/\/www.viitanordic.com\/scandinavian-rugs-from-viitanordic\/#primaryimage\",\"url\":\"https:\/\/www.viitanordic.com\/lataukset\/Ritirati.jpg\",\"contentUrl\":\"https:\/\/www.viitanordic.com\/lataukset\/Ritirati.jpg\"},{\"@type\":\"BreadcrumbList\",\"@id\":\"https:\/\/www.viitanordic.com\/scandinavian-rugs-from-viitanordic\/#breadcrumb\",\"itemListElement\":[{\"@type\":\"ListItem\",\"position\":1,\"name\":\"Etusivu\",\"item\":\"https:\/\/www.viitanordic.com\/fi\/\"},{\"@type\":\"ListItem\",\"position\":2,\"name\":\"ViitaNordic &#8211; tarinamme\"}]},{\"@type\":\"WebSite\",\"@id\":\"https:\/\/www.viitanordic.com\/#website\",\"url\":\"https:\/\/www.viitanordic.com\/\",\"name\":\"Scandinavian Rugs - Nordic Rugs - Made in Finland \u2013 ViitaNordic\",\"description\":\"Suomalaisia mattoja - Puuvillamattoja - ViitaNordic\",\"publisher\":{\"@id\":\"https:\/\/www.viitanordic.com\/#organization\"},\"potentialAction\":[{\"@type\":\"SearchAction\",\"target\":{\"@type\":\"EntryPoint\",\"urlTemplate\":\"https:\/\/www.viitanordic.com\/?s={search_term_string}\"},\"query-input\":{\"@type\":\"PropertyValueSpecification\",\"valueRequired\":true,\"valueName\":\"search_term_string\"}}],\"inLanguage\":\"fi\"},{\"@type\":\"Organization\",\"@id\":\"https:\/\/www.viitanordic.com\/#organization\",\"name\":\"ViitaNordic Oy\",\"url\":\"https:\/\/www.viitanordic.com\/\",\"logo\":{\"@type\":\"ImageObject\",\"inLanguage\":\"fi\",\"@id\":\"https:\/\/www.viitanordic.com\/#\/schema\/logo\/image\/\",\"url\":\"https:\/\/www.viitanordic.com\/lataukset\/logo-viitanordic.png\",\"contentUrl\":\"https:\/\/www.viitanordic.com\/lataukset\/logo-viitanordic.png\",\"width\":720,\"height\":111,\"caption\":\"ViitaNordic Oy\"},\"image\":{\"@id\":\"https:\/\/www.viitanordic.com\/#\/schema\/logo\/image\/\"},\"sameAs\":[\"https:\/\/www.facebook.com\/viitanordic\",\"https:\/\/fi.pinterest.com\/viitanordic\/\"]}]}<\/script>\n<!-- \/ Yoast SEO plugin. -->","yoast_head_json":{"title":"ViitaNordic - suomalaisia mattoja taidolla valmistettu","description":"ViitaNordic on kotimaisia mattoja valmistava ja myyv\u00e4 yritys Etel\u00e4-Pohjanmaalta. Meill\u00e4 on yli 40 vuoden kokemus mattojen kutomisesta.","robots":{"index":"index","follow":"follow","max-snippet":"max-snippet:-1","max-image-preview":"max-image-preview:large","max-video-preview":"max-video-preview:-1"},"canonical":"https:\/\/www.viitanordic.com\/scandinavian-rugs-from-viitanordic\/","og_locale":"fi_FI","og_type":"article","og_title":"ViitaNordic - suomalaisia mattoja taidolla valmistettu","og_description":"ViitaNordic on kotimaisia mattoja valmistava ja myyv\u00e4 yritys Etel\u00e4-Pohjanmaalta. Meill\u00e4 on yli 40 vuoden kokemus mattojen kutomisesta.","og_url":"https:\/\/www.viitanordic.com\/scandinavian-rugs-from-viitanordic\/","og_site_name":"Suomalaisia mattoja - Puuvillamattoja - ViitaNordic","article_publisher":"https:\/\/www.facebook.com\/viitanordic","article_modified_time":"2023-03-18T20:19:53+00:00","og_image":[{"url":"https:\/\/www.viitanordic.com\/lataukset\/Ritirati.jpg","type":"","width":"","height":""}],"twitter_misc":{"Arvioitu lukuaika":"2 minuuttia"},"schema":{"@context":"https:\/\/schema.org","@graph":[{"@type":"WebPage","@id":"https:\/\/www.viitanordic.com\/scandinavian-rugs-from-viitanordic\/","url":"https:\/\/www.viitanordic.com\/scandinavian-rugs-from-viitanordic\/","name":"ViitaNordic - suomalaisia mattoja taidolla valmistettu","isPartOf":{"@id":"https:\/\/www.viitanordic.com\/#website"},"primaryImageOfPage":{"@id":"https:\/\/www.viitanordic.com\/scandinavian-rugs-from-viitanordic\/#primaryimage"},"image":{"@id":"https:\/\/www.viitanordic.com\/scandinavian-rugs-from-viitanordic\/#primaryimage"},"thumbnailUrl":"https:\/\/www.viitanordic.com\/lataukset\/Ritirati.jpg","datePublished":"2021-01-25T09:36:46+00:00","dateModified":"2023-03-18T20:19:53+00:00","description":"ViitaNordic on kotimaisia mattoja valmistava ja myyv\u00e4 yritys Etel\u00e4-Pohjanmaalta. Meill\u00e4 on yli 40 vuoden kokemus mattojen kutomisesta.","breadcrumb":{"@id":"https:\/\/www.viitanordic.com\/scandinavian-rugs-from-viitanordic\/#breadcrumb"},"inLanguage":"fi","potentialAction":[{"@type":"ReadAction","target":["https:\/\/www.viitanordic.com\/scandinavian-rugs-from-viitanordic\/"]}]},{"@type":"ImageObject","inLanguage":"fi","@id":"https:\/\/www.viitanordic.com\/scandinavian-rugs-from-viitanordic\/#primaryimage","url":"https:\/\/www.viitanordic.com\/lataukset\/Ritirati.jpg","contentUrl":"https:\/\/www.viitanordic.com\/lataukset\/Ritirati.jpg"},{"@type":"BreadcrumbList","@id":"https:\/\/www.viitanordic.com\/scandinavian-rugs-from-viitanordic\/#breadcrumb","itemListElement":[{"@type":"ListItem","position":1,"name":"Etusivu","item":"https:\/\/www.viitanordic.com\/fi\/"},{"@type":"ListItem","position":2,"name":"ViitaNordic &#8211; tarinamme"}]},{"@type":"WebSite","@id":"https:\/\/www.viitanordic.com\/#website","url":"https:\/\/www.viitanordic.com\/","name":"Scandinavian Rugs - Nordic Rugs - Made in Finland \u2013 ViitaNordic","description":"Suomalaisia mattoja - Puuvillamattoja - ViitaNordic","publisher":{"@id":"https:\/\/www.viitanordic.com\/#organization"},"potentialAction":[{"@type":"SearchAction","target":{"@type":"EntryPoint","urlTemplate":"https:\/\/www.viitanordic.com\/?s={search_term_string}"},"query-input":{"@type":"PropertyValueSpecification","valueRequired":true,"valueName":"search_term_string"}}],"inLanguage":"fi"},{"@type":"Organization","@id":"https:\/\/www.viitanordic.com\/#organization","name":"ViitaNordic Oy","url":"https:\/\/www.viitanordic.com\/","logo":{"@type":"ImageObject","inLanguage":"fi","@id":"https:\/\/www.viitanordic.com\/#\/schema\/logo\/image\/","url":"https:\/\/www.viitanordic.com\/lataukset\/logo-viitanordic.png","contentUrl":"https:\/\/www.viitanordic.com\/lataukset\/logo-viitanordic.png","width":720,"height":111,"caption":"ViitaNordic Oy"},"image":{"@id":"https:\/\/www.viitanordic.com\/#\/schema\/logo\/image\/"},"sameAs":["https:\/\/www.facebook.com\/viitanordic","https:\/\/fi.pinterest.com\/viitanordic\/"]}]}},"_links":{"self":[{"href":"https:\/\/www.viitanordic.com\/fi\/wp-json\/wp\/v2\/pages\/34544","targetHints":{"allow":["GET"]}}],"collection":[{"href":"https:\/\/www.viitanordic.com\/fi\/wp-json\/wp\/v2\/pages"}],"about":[{"href":"https:\/\/www.viitanordic.com\/fi\/wp-json\/wp\/v2\/types\/page"}],"author":[{"embeddable":true,"href":"https:\/\/www.viitanordic.com\/fi\/wp-json\/wp\/v2\/users\/9"}],"replies":[{"embeddable":true,"href":"https:\/\/www.viitanordic.com\/fi\/wp-json\/wp\/v2\/comments?post=34544"}],"version-history":[{"count":0,"href":"https:\/\/www.viitanordic.com\/fi\/wp-json\/wp\/v2\/pages\/34544\/revisions"}],"wp:attachment":[{"href":"https:\/\/www.viitanordic.com\/fi\/wp-json\/wp\/v2\/media?parent=34544"}],"curies":[{"name":"wp","href":"https:\/\/api.w.org\/{rel}","templated":true}]}}