{"id":35629,"date":"2021-01-25T11:38:21","date_gmt":"2021-01-25T09:38:21","guid":{"rendered":"https:\/\/www.viitanordic.com\/b2b\/"},"modified":"2024-09-01T10:33:11","modified_gmt":"2024-09-01T07:33:11","slug":"b2b","status":"publish","type":"page","link":"https:\/\/www.viitanordic.com\/fi\/b2b\/","title":{"rendered":"J\u00e4lleenmyyjille"},"content":{"rendered":"\n<div style=\"height:30px\" aria-hidden=\"true\" class=\"wp-block-spacer\"><\/div>\n\n\n\n<div class=\"wp-block-media-text alignwide has-media-on-the-right is-stacked-on-mobile\"><div class=\"wp-block-media-text__content\">\n<p class=\"has-large-font-size\">Oletko j\u00e4lleenmyyj\u00e4 ja kiinnostunut laadukkaista kotimaisista puuvillamatoista?<\/p>\n<\/div><figure class=\"wp-block-media-text__media\"><img loading=\"lazy\" decoding=\"async\" width=\"1920\" height=\"918\" src=\"https:\/\/www.viitanordic.com\/lataukset\/Cotton-Rug-Varjo-Yellow-top.jpg\" alt=\"Puuvillamatto keltainen, raidallinen matto. kotimainen matto, laadukas matto, Suomalainen R\u00e4symatto\" class=\"wp-image-37724 size-full\" srcset=\"https:\/\/www.viitanordic.com\/lataukset\/Cotton-Rug-Varjo-Yellow-top.jpg 1920w, https:\/\/www.viitanordic.com\/lataukset\/Cotton-Rug-Varjo-Yellow-top-1536x734.jpg 1536w, https:\/\/www.viitanordic.com\/lataukset\/Cotton-Rug-Varjo-Yellow-top-500x239.jpg 500w, https:\/\/www.viitanordic.com\/lataukset\/Cotton-Rug-Varjo-Yellow-top-768x367.jpg 768w, https:\/\/www.viitanordic.com\/lataukset\/Cotton-Rug-Varjo-Yellow-top-464x222.jpg 464w, https:\/\/www.viitanordic.com\/lataukset\/Cotton-Rug-Varjo-Yellow-top-1440x689.jpg 1440w\" sizes=\"auto, (max-width: 1920px) 100vw, 1920px\" \/><\/figure><\/div>\n\n\n\n<div class=\"wp-block-media-text alignwide is-stacked-on-mobile\"><figure class=\"wp-block-media-text__media\"><img loading=\"lazy\" decoding=\"async\" width=\"1920\" height=\"1280\" src=\"https:\/\/www.viitanordic.com\/lataukset\/Floor-Pillow-Keto.jpg\" alt=\"\" class=\"wp-image-35624 size-full\" srcset=\"https:\/\/www.viitanordic.com\/lataukset\/Floor-Pillow-Keto.jpg 1920w, https:\/\/www.viitanordic.com\/lataukset\/Floor-Pillow-Keto-1536x1024.jpg 1536w, https:\/\/www.viitanordic.com\/lataukset\/Floor-Pillow-Keto-500x333.jpg 500w, https:\/\/www.viitanordic.com\/lataukset\/Floor-Pillow-Keto-768x512.jpg 768w, https:\/\/www.viitanordic.com\/lataukset\/Floor-Pillow-Keto-464x309.jpg 464w, https:\/\/www.viitanordic.com\/lataukset\/Floor-Pillow-Keto-1440x960.jpg 1440w\" sizes=\"auto, (max-width: 1920px) 100vw, 1920px\" \/><\/figure><div class=\"wp-block-media-text__content\">\n<p class=\"has-large-font-size\">Tai haluaisitko lis\u00e4t\u00e4 uniikkeja kotimaisia lattiatyynyj\u00e4 valikoimaasi?<\/p>\n<\/div><\/div>\n\n\n\n<h3 class=\"wp-block-heading has-text-align-center\">Odotamme yhteydenottoasi!<\/h3>\n\n\n\n<h3 class=\"wp-block-heading has-text-align-center\">Ota yhteytt\u00e4: info@viitanordic.com<\/h3>\n\n\n\n<p><\/p>\n\n\n\n<p><\/p>\n","protected":false},"excerpt":{"rendered":"<p>Oletko j\u00e4lleenmyyj\u00e4 ja kiinnostunut laadukkaista kotimaisista puuvillamatoista? Tai haluaisitko lis\u00e4t\u00e4 uniikkeja kotimaisia lattiatyynyj\u00e4 valikoimaasi? Odotamme yhteydenottoasi! Ota yhteytt\u00e4: info@viitanordic.com<\/p>\n","protected":false},"author":9,"featured_media":0,"parent":0,"menu_order":0,"comment_status":"closed","ping_status":"closed","template":"","meta":{"_acf_changed":false,"footnotes":""},"class_list":["post-35629","page","type-page","status-publish","hentry"],"acf":[],"yoast_head":"<!-- This site is optimized with the Yoast SEO plugin v25.8 - https:\/\/yoast.com\/wordpress\/plugins\/seo\/ -->\n<title>J\u00e4lleenmyyjille - Suomalaisia mattoja - Puuvillamattoja - ViitaNordic<\/title>\n<meta name=\"description\" content=\"Kotimaisia Suomessa valmistettuja puuvillamattoja ja lattiatyynyj\u00e4. Kest\u00e4vi\u00e4 ja laadukkaita, perinteisi\u00e4 ja moderneja mattomalleja.\" \/>\n<meta name=\"robots\" content=\"index, follow, max-snippet:-1, max-image-preview:large, max-video-preview:-1\" \/>\n<link rel=\"canonical\" href=\"https:\/\/www.viitanordic.com\/fi\/b2b\/\" \/>\n<meta property=\"og:locale\" content=\"fi_FI\" \/>\n<meta property=\"og:type\" content=\"article\" \/>\n<meta property=\"og:title\" content=\"J\u00e4lleenmyyjille - Suomalaisia mattoja - Puuvillamattoja - ViitaNordic\" \/>\n<meta property=\"og:description\" content=\"Kotimaisia Suomessa valmistettuja puuvillamattoja ja lattiatyynyj\u00e4. Kest\u00e4vi\u00e4 ja laadukkaita, perinteisi\u00e4 ja moderneja mattomalleja.\" \/>\n<meta property=\"og:url\" content=\"https:\/\/www.viitanordic.com\/fi\/b2b\/\" \/>\n<meta property=\"og:site_name\" content=\"Suomalaisia mattoja - Puuvillamattoja - ViitaNordic\" \/>\n<meta property=\"article:publisher\" content=\"https:\/\/www.facebook.com\/viitanordic\" \/>\n<meta property=\"article:modified_time\" content=\"2024-09-01T07:33:11+00:00\" \/>\n<meta property=\"og:image\" content=\"https:\/\/www.viitanordic.com\/lataukset\/Cotton-Rug-Varjo-Yellow-top.jpg\" \/>\n<meta name=\"twitter:label1\" content=\"Arvioitu lukuaika\" \/>\n\t<meta name=\"twitter:data1\" content=\"1 minuutti\" \/>\n<script type=\"application\/ld+json\" class=\"yoast-schema-graph\">{\"@context\":\"https:\/\/schema.org\",\"@graph\":[{\"@type\":\"WebPage\",\"@id\":\"https:\/\/www.viitanordic.com\/fi\/b2b\/\",\"url\":\"https:\/\/www.viitanordic.com\/fi\/b2b\/\",\"name\":\"J\u00e4lleenmyyjille - Suomalaisia mattoja - Puuvillamattoja - ViitaNordic\",\"isPartOf\":{\"@id\":\"https:\/\/www.viitanordic.com\/#website\"},\"primaryImageOfPage\":{\"@id\":\"https:\/\/www.viitanordic.com\/fi\/b2b\/#primaryimage\"},\"image\":{\"@id\":\"https:\/\/www.viitanordic.com\/fi\/b2b\/#primaryimage\"},\"thumbnailUrl\":\"https:\/\/www.viitanordic.com\/lataukset\/Cotton-Rug-Varjo-Yellow-top.jpg\",\"datePublished\":\"2021-01-25T09:38:21+00:00\",\"dateModified\":\"2024-09-01T07:33:11+00:00\",\"description\":\"Kotimaisia Suomessa valmistettuja puuvillamattoja ja lattiatyynyj\u00e4. Kest\u00e4vi\u00e4 ja laadukkaita, perinteisi\u00e4 ja moderneja mattomalleja.\",\"breadcrumb\":{\"@id\":\"https:\/\/www.viitanordic.com\/fi\/b2b\/#breadcrumb\"},\"inLanguage\":\"fi\",\"potentialAction\":[{\"@type\":\"ReadAction\",\"target\":[\"https:\/\/www.viitanordic.com\/fi\/b2b\/\"]}]},{\"@type\":\"ImageObject\",\"inLanguage\":\"fi\",\"@id\":\"https:\/\/www.viitanordic.com\/fi\/b2b\/#primaryimage\",\"url\":\"https:\/\/www.viitanordic.com\/lataukset\/Cotton-Rug-Varjo-Yellow-top.jpg\",\"contentUrl\":\"https:\/\/www.viitanordic.com\/lataukset\/Cotton-Rug-Varjo-Yellow-top.jpg\"},{\"@type\":\"BreadcrumbList\",\"@id\":\"https:\/\/www.viitanordic.com\/fi\/b2b\/#breadcrumb\",\"itemListElement\":[{\"@type\":\"ListItem\",\"position\":1,\"name\":\"Etusivu\",\"item\":\"https:\/\/www.viitanordic.com\/fi\/\"},{\"@type\":\"ListItem\",\"position\":2,\"name\":\"J\u00e4lleenmyyjille\"}]},{\"@type\":\"WebSite\",\"@id\":\"https:\/\/www.viitanordic.com\/#website\",\"url\":\"https:\/\/www.viitanordic.com\/\",\"name\":\"Scandinavian Rugs - Nordic Rugs - Made in Finland \u2013 ViitaNordic\",\"description\":\"Suomalaisia mattoja - Puuvillamattoja - ViitaNordic\",\"publisher\":{\"@id\":\"https:\/\/www.viitanordic.com\/#organization\"},\"potentialAction\":[{\"@type\":\"SearchAction\",\"target\":{\"@type\":\"EntryPoint\",\"urlTemplate\":\"https:\/\/www.viitanordic.com\/?s={search_term_string}\"},\"query-input\":{\"@type\":\"PropertyValueSpecification\",\"valueRequired\":true,\"valueName\":\"search_term_string\"}}],\"inLanguage\":\"fi\"},{\"@type\":\"Organization\",\"@id\":\"https:\/\/www.viitanordic.com\/#organization\",\"name\":\"ViitaNordic Oy\",\"url\":\"https:\/\/www.viitanordic.com\/\",\"logo\":{\"@type\":\"ImageObject\",\"inLanguage\":\"fi\",\"@id\":\"https:\/\/www.viitanordic.com\/#\/schema\/logo\/image\/\",\"url\":\"https:\/\/www.viitanordic.com\/lataukset\/logo-viitanordic.png\",\"contentUrl\":\"https:\/\/www.viitanordic.com\/lataukset\/logo-viitanordic.png\",\"width\":720,\"height\":111,\"caption\":\"ViitaNordic Oy\"},\"image\":{\"@id\":\"https:\/\/www.viitanordic.com\/#\/schema\/logo\/image\/\"},\"sameAs\":[\"https:\/\/www.facebook.com\/viitanordic\",\"https:\/\/fi.pinterest.com\/viitanordic\/\"]}]}<\/script>\n<!-- \/ Yoast SEO plugin. -->","yoast_head_json":{"title":"J\u00e4lleenmyyjille - Suomalaisia mattoja - Puuvillamattoja - ViitaNordic","description":"Kotimaisia Suomessa valmistettuja puuvillamattoja ja lattiatyynyj\u00e4. Kest\u00e4vi\u00e4 ja laadukkaita, perinteisi\u00e4 ja moderneja mattomalleja.","robots":{"index":"index","follow":"follow","max-snippet":"max-snippet:-1","max-image-preview":"max-image-preview:large","max-video-preview":"max-video-preview:-1"},"canonical":"https:\/\/www.viitanordic.com\/fi\/b2b\/","og_locale":"fi_FI","og_type":"article","og_title":"J\u00e4lleenmyyjille - Suomalaisia mattoja - Puuvillamattoja - ViitaNordic","og_description":"Kotimaisia Suomessa valmistettuja puuvillamattoja ja lattiatyynyj\u00e4. Kest\u00e4vi\u00e4 ja laadukkaita, perinteisi\u00e4 ja moderneja mattomalleja.","og_url":"https:\/\/www.viitanordic.com\/fi\/b2b\/","og_site_name":"Suomalaisia mattoja - Puuvillamattoja - ViitaNordic","article_publisher":"https:\/\/www.facebook.com\/viitanordic","article_modified_time":"2024-09-01T07:33:11+00:00","og_image":[{"url":"https:\/\/www.viitanordic.com\/lataukset\/Cotton-Rug-Varjo-Yellow-top.jpg","type":"","width":"","height":""}],"twitter_misc":{"Arvioitu lukuaika":"1 minuutti"},"schema":{"@context":"https:\/\/schema.org","@graph":[{"@type":"WebPage","@id":"https:\/\/www.viitanordic.com\/fi\/b2b\/","url":"https:\/\/www.viitanordic.com\/fi\/b2b\/","name":"J\u00e4lleenmyyjille - Suomalaisia mattoja - Puuvillamattoja - ViitaNordic","isPartOf":{"@id":"https:\/\/www.viitanordic.com\/#website"},"primaryImageOfPage":{"@id":"https:\/\/www.viitanordic.com\/fi\/b2b\/#primaryimage"},"image":{"@id":"https:\/\/www.viitanordic.com\/fi\/b2b\/#primaryimage"},"thumbnailUrl":"https:\/\/www.viitanordic.com\/lataukset\/Cotton-Rug-Varjo-Yellow-top.jpg","datePublished":"2021-01-25T09:38:21+00:00","dateModified":"2024-09-01T07:33:11+00:00","description":"Kotimaisia Suomessa valmistettuja puuvillamattoja ja lattiatyynyj\u00e4. Kest\u00e4vi\u00e4 ja laadukkaita, perinteisi\u00e4 ja moderneja mattomalleja.","breadcrumb":{"@id":"https:\/\/www.viitanordic.com\/fi\/b2b\/#breadcrumb"},"inLanguage":"fi","potentialAction":[{"@type":"ReadAction","target":["https:\/\/www.viitanordic.com\/fi\/b2b\/"]}]},{"@type":"ImageObject","inLanguage":"fi","@id":"https:\/\/www.viitanordic.com\/fi\/b2b\/#primaryimage","url":"https:\/\/www.viitanordic.com\/lataukset\/Cotton-Rug-Varjo-Yellow-top.jpg","contentUrl":"https:\/\/www.viitanordic.com\/lataukset\/Cotton-Rug-Varjo-Yellow-top.jpg"},{"@type":"BreadcrumbList","@id":"https:\/\/www.viitanordic.com\/fi\/b2b\/#breadcrumb","itemListElement":[{"@type":"ListItem","position":1,"name":"Etusivu","item":"https:\/\/www.viitanordic.com\/fi\/"},{"@type":"ListItem","position":2,"name":"J\u00e4lleenmyyjille"}]},{"@type":"WebSite","@id":"https:\/\/www.viitanordic.com\/#website","url":"https:\/\/www.viitanordic.com\/","name":"Scandinavian Rugs - Nordic Rugs - Made in Finland \u2013 ViitaNordic","description":"Suomalaisia mattoja - Puuvillamattoja - ViitaNordic","publisher":{"@id":"https:\/\/www.viitanordic.com\/#organization"},"potentialAction":[{"@type":"SearchAction","target":{"@type":"EntryPoint","urlTemplate":"https:\/\/www.viitanordic.com\/?s={search_term_string}"},"query-input":{"@type":"PropertyValueSpecification","valueRequired":true,"valueName":"search_term_string"}}],"inLanguage":"fi"},{"@type":"Organization","@id":"https:\/\/www.viitanordic.com\/#organization","name":"ViitaNordic Oy","url":"https:\/\/www.viitanordic.com\/","logo":{"@type":"ImageObject","inLanguage":"fi","@id":"https:\/\/www.viitanordic.com\/#\/schema\/logo\/image\/","url":"https:\/\/www.viitanordic.com\/lataukset\/logo-viitanordic.png","contentUrl":"https:\/\/www.viitanordic.com\/lataukset\/logo-viitanordic.png","width":720,"height":111,"caption":"ViitaNordic Oy"},"image":{"@id":"https:\/\/www.viitanordic.com\/#\/schema\/logo\/image\/"},"sameAs":["https:\/\/www.facebook.com\/viitanordic","https:\/\/fi.pinterest.com\/viitanordic\/"]}]}},"_links":{"self":[{"href":"https:\/\/www.viitanordic.com\/fi\/wp-json\/wp\/v2\/pages\/35629","targetHints":{"allow":["GET"]}}],"collection":[{"href":"https:\/\/www.viitanordic.com\/fi\/wp-json\/wp\/v2\/pages"}],"about":[{"href":"https:\/\/www.viitanordic.com\/fi\/wp-json\/wp\/v2\/types\/page"}],"author":[{"embeddable":true,"href":"https:\/\/www.viitanordic.com\/fi\/wp-json\/wp\/v2\/users\/9"}],"replies":[{"embeddable":true,"href":"https:\/\/www.viitanordic.com\/fi\/wp-json\/wp\/v2\/comments?post=35629"}],"version-history":[{"count":0,"href":"https:\/\/www.viitanordic.com\/fi\/wp-json\/wp\/v2\/pages\/35629\/revisions"}],"wp:attachment":[{"href":"https:\/\/www.viitanordic.com\/fi\/wp-json\/wp\/v2\/media?parent=35629"}],"curies":[{"name":"wp","href":"https:\/\/api.w.org\/{rel}","templated":true}]}}