{"id":6950,"date":"2015-12-22T20:03:02","date_gmt":"2015-12-22T18:03:02","guid":{"rendered":"http:\/\/www.viitanordic.com\/dev\/?page_id=6950&#038;lang=fi"},"modified":"2025-09-07T18:03:04","modified_gmt":"2025-09-07T15:03:04","slug":"viitanordic-oy","status":"publish","type":"page","link":"https:\/\/www.viitanordic.com\/fi\/viitanordic-oy\/","title":{"rendered":"ViitaNordic Oy"},"content":{"rendered":"<p style=\"text-align: center;\">Haluaisimme aluksi kysy\u00e4 sinulta muutaman kysymyksen?<\/p>\n<p style=\"text-align: center;\"><strong>Pid\u00e4tk\u00f6 suomalaisesta muotoilusta? Pid\u00e4tk\u00f6 suomalaisesta luonnosta?<\/strong><\/p>\n<p style=\"text-align: center;\">Me pid\u00e4mme!<\/p>\n<p style=\"text-align: center;\">Me &#8211; suomalainen ja sveitsil\u00e4inen \u2013 olemme nuori suomalainen start-up-yritys. Rakastamme suomalaista designia ja kaunista luontoa ymp\u00e4rill\u00e4mme. Halusimme ty\u00f6ss\u00e4mme yhdist\u00e4\u00e4 n\u00e4m\u00e4 kaksi ja antaa my\u00f6s muille mahdollisuuden nauttia siit\u00e4. Loimme verkkokaupan, joka tarjoaa suomalaisia designmattoja ja ainutlaatuisia Lungi-tyynyj\u00e4, jotka ovat saaneet inspiraationsa suomalaisesta luonnosta ja ovat valmistettu suomalaisella hyv\u00e4ll\u00e4 laadulla.<\/p>\n<p style=\"text-align: center;\">Olemme ylpeit\u00e4, ett\u00e4 l\u00e4hes kaikki verkkokaupasta saatavat tuotteet ovat valmistettu Suomessa. Sukumme kaksi perinteik\u00e4st\u00e4 tekstiilialan yrityst\u00e4 (<a href=\"https:\/\/vm-carpet.fi\/\">VM-Carpet Oy<\/a> ja Viita-ahon Mattokutomo) ovat vastuussa mattojen ja tyynynp\u00e4\u00e4llisten valmistuksesta.<\/p>\n<p style=\"text-align: center;\">Laatu, muotoilu, luonto ja hyvinvointi ovat ViitaNordicin t\u00e4rkeimpi\u00e4 arvoja.<\/p>\n<p style=\"text-align: center;\"><strong>Rentoudu Lungilla ja ilahduta itse\u00e4si kauniilla suomalaisella designmatolla!<\/strong><\/p>\n<p style=\"text-align: center;\"><img loading=\"lazy\" decoding=\"async\" class=\"alignnone size-medium wp-image-10163\" src=\"https:\/\/www.viitanordic.com\/lataukset\/IMG_2787-740x494.jpg\" alt=\"IMG_2787\" width=\"740\" height=\"494\" srcset=\"https:\/\/www.viitanordic.com\/lataukset\/IMG_2787-740x494.jpg 740w, https:\/\/www.viitanordic.com\/lataukset\/IMG_2787-464x309.jpg 464w, https:\/\/www.viitanordic.com\/lataukset\/IMG_2787-1440x960.jpg 1440w, https:\/\/www.viitanordic.com\/lataukset\/IMG_2787-768x512.jpg 768w, https:\/\/www.viitanordic.com\/lataukset\/IMG_2787-1024x683.jpg 1024w, https:\/\/www.viitanordic.com\/lataukset\/IMG_2787.jpg 2000w\" sizes=\"auto, (max-width: 740px) 100vw, 740px\" \/><\/p>\n","protected":false},"excerpt":{"rendered":"<p>Haluaisimme aluksi kysy\u00e4 sinulta muutaman kysymyksen? Pid\u00e4tk\u00f6 suomalaisesta muotoilusta? Pid\u00e4tk\u00f6 suomalaisesta luonnosta? Me pid\u00e4mme! Me &#8211; suomalainen ja sveitsil\u00e4inen \u2013 olemme nuori suomalainen start-up-yritys. Rakastamme suomalaista designia ja kaunista luontoa ymp\u00e4rill\u00e4mme. Halusimme ty\u00f6ss\u00e4mme yhdist\u00e4\u00e4 n\u00e4m\u00e4 kaksi ja antaa my\u00f6s muille mahdollisuuden nauttia siit\u00e4. Loimme verkkokaupan, joka tarjoaa suomalaisia designmattoja ja ainutlaatuisia Lungi-tyynyj\u00e4, jotka ovat saaneet [\u2026] <a href=\"https:\/\/www.viitanordic.com\/fi\/viitanordic-oy\/\">\u00bb Lue Lis\u00e4\u00e4<\/a><\/p>\n","protected":false},"author":33,"featured_media":0,"parent":0,"menu_order":0,"comment_status":"closed","ping_status":"closed","template":"","meta":{"_acf_changed":false,"footnotes":""},"class_list":["post-6950","page","type-page","status-publish","hentry"],"acf":[],"yoast_head":"<!-- This site is optimized with the Yoast SEO plugin v25.8 - https:\/\/yoast.com\/wordpress\/plugins\/seo\/ -->\n<title>ViitaNordic Oy - Suomalaisia mattoja - Puuvillamattoja - ViitaNordic<\/title>\n<meta name=\"description\" content=\"Kotimaiset matot. Kauniita, laadukkaita ja kest\u00e4vi\u00e4 Puuvillamattoja, R\u00e4symattoja, Villamattoja. Ilmainen toimitus. Tilaa nyt!\" \/>\n<meta name=\"robots\" content=\"index, follow, max-snippet:-1, max-image-preview:large, max-video-preview:-1\" \/>\n<link rel=\"canonical\" href=\"https:\/\/www.viitanordic.com\/fi\/viitanordic-oy\/\" \/>\n<meta property=\"og:locale\" content=\"fi_FI\" \/>\n<meta property=\"og:type\" content=\"article\" \/>\n<meta property=\"og:title\" content=\"ViitaNordic Oy - Suomalaisia mattoja - Puuvillamattoja - ViitaNordic\" \/>\n<meta property=\"og:description\" content=\"Kotimaiset matot. Kauniita, laadukkaita ja kest\u00e4vi\u00e4 Puuvillamattoja, R\u00e4symattoja, Villamattoja. Ilmainen toimitus. Tilaa nyt!\" \/>\n<meta property=\"og:url\" content=\"https:\/\/www.viitanordic.com\/fi\/viitanordic-oy\/\" \/>\n<meta property=\"og:site_name\" content=\"Suomalaisia mattoja - Puuvillamattoja - ViitaNordic\" \/>\n<meta property=\"article:publisher\" content=\"https:\/\/www.facebook.com\/viitanordic\" \/>\n<meta property=\"article:modified_time\" content=\"2025-09-07T15:03:04+00:00\" \/>\n<meta property=\"og:image\" content=\"https:\/\/www.viitanordic.com\/lataukset\/IMG_2787.jpg\" \/>\n\t<meta property=\"og:image:width\" content=\"2000\" \/>\n\t<meta property=\"og:image:height\" content=\"1334\" \/>\n\t<meta property=\"og:image:type\" content=\"image\/jpeg\" \/>\n<meta name=\"twitter:label1\" content=\"Arvioitu lukuaika\" \/>\n\t<meta name=\"twitter:data1\" content=\"1 minuutti\" \/>\n<script type=\"application\/ld+json\" class=\"yoast-schema-graph\">{\"@context\":\"https:\/\/schema.org\",\"@graph\":[{\"@type\":\"WebPage\",\"@id\":\"https:\/\/www.viitanordic.com\/fi\/viitanordic-oy\/\",\"url\":\"https:\/\/www.viitanordic.com\/fi\/viitanordic-oy\/\",\"name\":\"ViitaNordic Oy - Suomalaisia mattoja - Puuvillamattoja - ViitaNordic\",\"isPartOf\":{\"@id\":\"https:\/\/www.viitanordic.com\/#website\"},\"primaryImageOfPage\":{\"@id\":\"https:\/\/www.viitanordic.com\/fi\/viitanordic-oy\/#primaryimage\"},\"image\":{\"@id\":\"https:\/\/www.viitanordic.com\/fi\/viitanordic-oy\/#primaryimage\"},\"thumbnailUrl\":\"https:\/\/www.viitanordic.com\/lataukset\/IMG_2787-740x494.jpg\",\"datePublished\":\"2015-12-22T18:03:02+00:00\",\"dateModified\":\"2025-09-07T15:03:04+00:00\",\"description\":\"Kotimaiset matot. Kauniita, laadukkaita ja kest\u00e4vi\u00e4 Puuvillamattoja, R\u00e4symattoja, Villamattoja. Ilmainen toimitus. Tilaa nyt!\",\"breadcrumb\":{\"@id\":\"https:\/\/www.viitanordic.com\/fi\/viitanordic-oy\/#breadcrumb\"},\"inLanguage\":\"fi\",\"potentialAction\":[{\"@type\":\"ReadAction\",\"target\":[\"https:\/\/www.viitanordic.com\/fi\/viitanordic-oy\/\"]}]},{\"@type\":\"ImageObject\",\"inLanguage\":\"fi\",\"@id\":\"https:\/\/www.viitanordic.com\/fi\/viitanordic-oy\/#primaryimage\",\"url\":\"https:\/\/www.viitanordic.com\/lataukset\/IMG_2787-740x494.jpg\",\"contentUrl\":\"https:\/\/www.viitanordic.com\/lataukset\/IMG_2787-740x494.jpg\"},{\"@type\":\"BreadcrumbList\",\"@id\":\"https:\/\/www.viitanordic.com\/fi\/viitanordic-oy\/#breadcrumb\",\"itemListElement\":[{\"@type\":\"ListItem\",\"position\":1,\"name\":\"Etusivu\",\"item\":\"https:\/\/www.viitanordic.com\/fi\/\"},{\"@type\":\"ListItem\",\"position\":2,\"name\":\"ViitaNordic Oy\"}]},{\"@type\":\"WebSite\",\"@id\":\"https:\/\/www.viitanordic.com\/#website\",\"url\":\"https:\/\/www.viitanordic.com\/\",\"name\":\"Scandinavian Rugs - Nordic Rugs - Made in Finland \u2013 ViitaNordic\",\"description\":\"Suomalaisia mattoja - Puuvillamattoja - ViitaNordic\",\"publisher\":{\"@id\":\"https:\/\/www.viitanordic.com\/#organization\"},\"potentialAction\":[{\"@type\":\"SearchAction\",\"target\":{\"@type\":\"EntryPoint\",\"urlTemplate\":\"https:\/\/www.viitanordic.com\/?s={search_term_string}\"},\"query-input\":{\"@type\":\"PropertyValueSpecification\",\"valueRequired\":true,\"valueName\":\"search_term_string\"}}],\"inLanguage\":\"fi\"},{\"@type\":\"Organization\",\"@id\":\"https:\/\/www.viitanordic.com\/#organization\",\"name\":\"ViitaNordic Oy\",\"url\":\"https:\/\/www.viitanordic.com\/\",\"logo\":{\"@type\":\"ImageObject\",\"inLanguage\":\"fi\",\"@id\":\"https:\/\/www.viitanordic.com\/#\/schema\/logo\/image\/\",\"url\":\"https:\/\/www.viitanordic.com\/lataukset\/logo-viitanordic.png\",\"contentUrl\":\"https:\/\/www.viitanordic.com\/lataukset\/logo-viitanordic.png\",\"width\":720,\"height\":111,\"caption\":\"ViitaNordic Oy\"},\"image\":{\"@id\":\"https:\/\/www.viitanordic.com\/#\/schema\/logo\/image\/\"},\"sameAs\":[\"https:\/\/www.facebook.com\/viitanordic\",\"https:\/\/fi.pinterest.com\/viitanordic\/\"]}]}<\/script>\n<!-- \/ Yoast SEO plugin. -->","yoast_head_json":{"title":"ViitaNordic Oy - Suomalaisia mattoja - Puuvillamattoja - ViitaNordic","description":"Kotimaiset matot. Kauniita, laadukkaita ja kest\u00e4vi\u00e4 Puuvillamattoja, R\u00e4symattoja, Villamattoja. Ilmainen toimitus. Tilaa nyt!","robots":{"index":"index","follow":"follow","max-snippet":"max-snippet:-1","max-image-preview":"max-image-preview:large","max-video-preview":"max-video-preview:-1"},"canonical":"https:\/\/www.viitanordic.com\/fi\/viitanordic-oy\/","og_locale":"fi_FI","og_type":"article","og_title":"ViitaNordic Oy - Suomalaisia mattoja - Puuvillamattoja - ViitaNordic","og_description":"Kotimaiset matot. Kauniita, laadukkaita ja kest\u00e4vi\u00e4 Puuvillamattoja, R\u00e4symattoja, Villamattoja. Ilmainen toimitus. Tilaa nyt!","og_url":"https:\/\/www.viitanordic.com\/fi\/viitanordic-oy\/","og_site_name":"Suomalaisia mattoja - Puuvillamattoja - ViitaNordic","article_publisher":"https:\/\/www.facebook.com\/viitanordic","article_modified_time":"2025-09-07T15:03:04+00:00","og_image":[{"width":2000,"height":1334,"url":"https:\/\/www.viitanordic.com\/lataukset\/IMG_2787.jpg","type":"image\/jpeg"}],"twitter_misc":{"Arvioitu lukuaika":"1 minuutti"},"schema":{"@context":"https:\/\/schema.org","@graph":[{"@type":"WebPage","@id":"https:\/\/www.viitanordic.com\/fi\/viitanordic-oy\/","url":"https:\/\/www.viitanordic.com\/fi\/viitanordic-oy\/","name":"ViitaNordic Oy - Suomalaisia mattoja - Puuvillamattoja - ViitaNordic","isPartOf":{"@id":"https:\/\/www.viitanordic.com\/#website"},"primaryImageOfPage":{"@id":"https:\/\/www.viitanordic.com\/fi\/viitanordic-oy\/#primaryimage"},"image":{"@id":"https:\/\/www.viitanordic.com\/fi\/viitanordic-oy\/#primaryimage"},"thumbnailUrl":"https:\/\/www.viitanordic.com\/lataukset\/IMG_2787-740x494.jpg","datePublished":"2015-12-22T18:03:02+00:00","dateModified":"2025-09-07T15:03:04+00:00","description":"Kotimaiset matot. Kauniita, laadukkaita ja kest\u00e4vi\u00e4 Puuvillamattoja, R\u00e4symattoja, Villamattoja. Ilmainen toimitus. Tilaa nyt!","breadcrumb":{"@id":"https:\/\/www.viitanordic.com\/fi\/viitanordic-oy\/#breadcrumb"},"inLanguage":"fi","potentialAction":[{"@type":"ReadAction","target":["https:\/\/www.viitanordic.com\/fi\/viitanordic-oy\/"]}]},{"@type":"ImageObject","inLanguage":"fi","@id":"https:\/\/www.viitanordic.com\/fi\/viitanordic-oy\/#primaryimage","url":"https:\/\/www.viitanordic.com\/lataukset\/IMG_2787-740x494.jpg","contentUrl":"https:\/\/www.viitanordic.com\/lataukset\/IMG_2787-740x494.jpg"},{"@type":"BreadcrumbList","@id":"https:\/\/www.viitanordic.com\/fi\/viitanordic-oy\/#breadcrumb","itemListElement":[{"@type":"ListItem","position":1,"name":"Etusivu","item":"https:\/\/www.viitanordic.com\/fi\/"},{"@type":"ListItem","position":2,"name":"ViitaNordic Oy"}]},{"@type":"WebSite","@id":"https:\/\/www.viitanordic.com\/#website","url":"https:\/\/www.viitanordic.com\/","name":"Scandinavian Rugs - Nordic Rugs - Made in Finland \u2013 ViitaNordic","description":"Suomalaisia mattoja - Puuvillamattoja - ViitaNordic","publisher":{"@id":"https:\/\/www.viitanordic.com\/#organization"},"potentialAction":[{"@type":"SearchAction","target":{"@type":"EntryPoint","urlTemplate":"https:\/\/www.viitanordic.com\/?s={search_term_string}"},"query-input":{"@type":"PropertyValueSpecification","valueRequired":true,"valueName":"search_term_string"}}],"inLanguage":"fi"},{"@type":"Organization","@id":"https:\/\/www.viitanordic.com\/#organization","name":"ViitaNordic Oy","url":"https:\/\/www.viitanordic.com\/","logo":{"@type":"ImageObject","inLanguage":"fi","@id":"https:\/\/www.viitanordic.com\/#\/schema\/logo\/image\/","url":"https:\/\/www.viitanordic.com\/lataukset\/logo-viitanordic.png","contentUrl":"https:\/\/www.viitanordic.com\/lataukset\/logo-viitanordic.png","width":720,"height":111,"caption":"ViitaNordic Oy"},"image":{"@id":"https:\/\/www.viitanordic.com\/#\/schema\/logo\/image\/"},"sameAs":["https:\/\/www.facebook.com\/viitanordic","https:\/\/fi.pinterest.com\/viitanordic\/"]}]}},"_links":{"self":[{"href":"https:\/\/www.viitanordic.com\/fi\/wp-json\/wp\/v2\/pages\/6950","targetHints":{"allow":["GET"]}}],"collection":[{"href":"https:\/\/www.viitanordic.com\/fi\/wp-json\/wp\/v2\/pages"}],"about":[{"href":"https:\/\/www.viitanordic.com\/fi\/wp-json\/wp\/v2\/types\/page"}],"author":[{"embeddable":true,"href":"https:\/\/www.viitanordic.com\/fi\/wp-json\/wp\/v2\/users\/33"}],"replies":[{"embeddable":true,"href":"https:\/\/www.viitanordic.com\/fi\/wp-json\/wp\/v2\/comments?post=6950"}],"version-history":[{"count":2,"href":"https:\/\/www.viitanordic.com\/fi\/wp-json\/wp\/v2\/pages\/6950\/revisions"}],"predecessor-version":[{"id":45445,"href":"https:\/\/www.viitanordic.com\/fi\/wp-json\/wp\/v2\/pages\/6950\/revisions\/45445"}],"wp:attachment":[{"href":"https:\/\/www.viitanordic.com\/fi\/wp-json\/wp\/v2\/media?parent=6950"}],"curies":[{"name":"wp","href":"https:\/\/api.w.org\/{rel}","templated":true}]}}