{"id":23354,"date":"2017-02-20T13:13:25","date_gmt":"2017-02-20T11:13:27","guid":{"rendered":"https:\/\/www.viitanordic.com\/fi\/product\/matot-fi\/matto-susi-design-design-karin-kloth-beige\/"},"modified":"2019-02-21T07:17:01","modified_gmt":"2019-02-21T05:17:01","slug":"matto-susi","status":"publish","type":"product","link":"https:\/\/www.viitanordic.com\/fi\/product\/paperinarumatot-valmistettu-suomessa\/matto-susi\/","title":{"rendered":"Matto Susi"},"content":{"rendered":"<p>Susi-maton kaunis sidos tuo esiin villan pehmeyden. Maton pinta on tiiviiksi kudottua, ylellist\u00e4 villaa, joka tuo sisustukseen l\u00e4mp\u00f6\u00e4 ja pehmeytt\u00e4.<\/p>\n<p><strong>Mittatilaus:<\/strong> Valitse koko alapuolelta<\/p>\n<p><strong>Merkki:<\/strong> VM-Carpet<\/p>\n<p><strong>Materiaali:<\/strong>\u00a045% villa, 45% paperinaru, 10% polyesteri<\/p>\n<p><strong>Alkuper\u00e4maa: <\/strong>Suomi<\/p>\n<p><strong>Valmistus:<\/strong> Kudottu<\/p>\n<p><strong>Pohjaus:<\/strong> Liukumaton pohjaus tekee matosta matosta ryhdikk\u00e4\u00e4n. Pohjaus sopii kaikille lattiapinnoille, my\u00f6s tiloihin joissa on lattial\u00e4mmitys. Se on hajuton ja kierr\u00e4tett\u00e4v\u00e4 eik\u00e4 pohjaus j\u00e4t\u00e4 j\u00e4lki\u00e4 lattiaan tai ker\u00e4\u00e4 p\u00f6ly\u00e4.<\/p>\n<p><strong>Kantti:<\/strong>\u00a0100% Chenille Puuvilla<\/p>\n<p><strong>Hoito-ohje:\u00a0<\/strong>S\u00e4\u00e4nn\u00f6llinen imurointi. Tahrojen poisto tuoreeltaan puhtaalla, kostealla liinalla. Ei hankausta.<\/p>\n<p><strong>Pesuohje:<\/strong>\u00a0Kuivapesu vaahdolla tai hell\u00e4varainen tasovesipesu max. +30\u00baC miedolla pesuliuoksella ja pehme\u00e4ll\u00e4 harjalla. Ei liotusta tai hankausta. Huolellinen huuhtelu runsaalla vedell\u00e4. Ylim\u00e4\u00e4r\u00e4inen vesi poistetaan esim. telapuristimella. Matto muotoillaan kosteana ja kuivatetaan ilmavasti tasossa. Ei saa taittaa. Suositellaan ammattimaista tasopesua. Suojak\u00e4sittelyn voi uusia pesun j\u00e4lkeen.<\/p>\n","protected":false},"excerpt":{"rendered":"<p>Susi-maton kaunis sidos tuo esiin villan pehmeyden. Maton pinta on tiiviiksi kudottua, ylellist\u00e4 villaa, joka tuo sisustukseen l\u00e4mp\u00f6\u00e4 ja pehmeytt\u00e4. Mittatilaus: Valitse koko alapuolelta Merkki: VM-Carpet Materiaali:\u00a045% villa, 45% paperinaru, 10% polyesteri Alkuper\u00e4maa: Suomi Valmistus: Kudottu Pohjaus: Liukumaton pohjaus tekee matosta matosta ryhdikk\u00e4\u00e4n. Pohjaus sopii kaikille lattiapinnoille, my\u00f6s tiloihin joissa on lattial\u00e4mmitys. Se on hajuton [\u2026] <a href=\"https:\/\/www.viitanordic.com\/fi\/product\/paperinarumatot-valmistettu-suomessa\/matto-susi\/\">\u00bb Lue Lis\u00e4\u00e4<\/a><\/p>\n","protected":false},"featured_media":28758,"template":"","meta":{"_acf_changed":false},"product_brand":[],"product_cat":[1022,1016],"product_tag":[],"class_list":{"0":"post-23354","1":"product","2":"type-product","3":"status-publish","4":"has-post-thumbnail","6":"product_cat-villamatot-suomesta-kotimaiset-matot","7":"product_cat-paperinarumatot-valmistettu-suomessa","9":"first","10":"instock","11":"taxable","12":"shipping-taxable","13":"purchasable","14":"product-type-variable","15":"has-default-attributes"},"acf":[],"yoast_head":"<!-- This site is optimized with the Yoast SEO plugin v25.8 - https:\/\/yoast.com\/wordpress\/plugins\/seo\/ -->\n<title>Matto Susi - Suomalaisia mattoja - Puuvillamattoja - ViitaNordic<\/title>\n<meta name=\"description\" content=\"Susi-maton kaunis sidos tuo esiin villan pehmeyden. Maton pinta on tiiviiksi kudottua, ylellist\u00e4 villaa, joka tuo sisustukseen l\u00e4mp\u00f6\u00e4 ja pehmeytt\u00e4.\" \/>\n<meta name=\"robots\" content=\"index, follow, max-snippet:-1, max-image-preview:large, max-video-preview:-1\" \/>\n<link rel=\"canonical\" href=\"https:\/\/www.viitanordic.com\/fi\/product\/paperinarumatot-valmistettu-suomessa\/matto-susi\/\" \/>\n<meta property=\"og:locale\" content=\"fi_FI\" \/>\n<meta property=\"og:type\" content=\"article\" \/>\n<meta property=\"og:title\" content=\"Matto Susi - Suomalaisia mattoja - Puuvillamattoja - ViitaNordic\" \/>\n<meta property=\"og:description\" content=\"Susi-maton kaunis sidos tuo esiin villan pehmeyden. Maton pinta on tiiviiksi kudottua, ylellist\u00e4 villaa, joka tuo sisustukseen l\u00e4mp\u00f6\u00e4 ja pehmeytt\u00e4.\" \/>\n<meta property=\"og:url\" content=\"https:\/\/www.viitanordic.com\/fi\/product\/paperinarumatot-valmistettu-suomessa\/matto-susi\/\" \/>\n<meta property=\"og:site_name\" content=\"Suomalaisia mattoja - Puuvillamattoja - ViitaNordic\" \/>\n<meta property=\"article:publisher\" content=\"https:\/\/www.facebook.com\/viitanordic\" \/>\n<meta property=\"article:modified_time\" content=\"2019-02-21T05:17:01+00:00\" \/>\n<meta property=\"og:image\" content=\"https:\/\/www.viitanordic.com\/lataukset\/etch_beige_36360092215_pien-e1550725954631.jpg\" \/>\n\t<meta property=\"og:image:width\" content=\"1479\" \/>\n\t<meta property=\"og:image:height\" content=\"1000\" \/>\n\t<meta property=\"og:image:type\" content=\"image\/jpeg\" \/>\n<meta name=\"twitter:label1\" content=\"Arvioitu lukuaika\" \/>\n\t<meta name=\"twitter:data1\" content=\"1 minuutti\" \/>\n<script type=\"application\/ld+json\" class=\"yoast-schema-graph\">{\"@context\":\"https:\/\/schema.org\",\"@graph\":[{\"@type\":\"WebPage\",\"@id\":\"https:\/\/www.viitanordic.com\/fi\/product\/paperinarumatot-valmistettu-suomessa\/matto-susi\/\",\"url\":\"https:\/\/www.viitanordic.com\/fi\/product\/paperinarumatot-valmistettu-suomessa\/matto-susi\/\",\"name\":\"Matto Susi - Suomalaisia mattoja - Puuvillamattoja - ViitaNordic\",\"isPartOf\":{\"@id\":\"https:\/\/www.viitanordic.com\/#website\"},\"primaryImageOfPage\":{\"@id\":\"https:\/\/www.viitanordic.com\/fi\/product\/paperinarumatot-valmistettu-suomessa\/matto-susi\/#primaryimage\"},\"image\":{\"@id\":\"https:\/\/www.viitanordic.com\/fi\/product\/paperinarumatot-valmistettu-suomessa\/matto-susi\/#primaryimage\"},\"thumbnailUrl\":\"https:\/\/www.viitanordic.com\/lataukset\/etch_beige_36360092215_pien-e1550725954631.jpg\",\"datePublished\":\"2017-02-20T11:13:27+00:00\",\"dateModified\":\"2019-02-21T05:17:01+00:00\",\"description\":\"Susi-maton kaunis sidos tuo esiin villan pehmeyden. Maton pinta on tiiviiksi kudottua, ylellist\u00e4 villaa, joka tuo sisustukseen l\u00e4mp\u00f6\u00e4 ja pehmeytt\u00e4.\",\"breadcrumb\":{\"@id\":\"https:\/\/www.viitanordic.com\/fi\/product\/paperinarumatot-valmistettu-suomessa\/matto-susi\/#breadcrumb\"},\"inLanguage\":\"fi\",\"potentialAction\":[{\"@type\":\"ReadAction\",\"target\":[\"https:\/\/www.viitanordic.com\/fi\/product\/paperinarumatot-valmistettu-suomessa\/matto-susi\/\"]}]},{\"@type\":\"ImageObject\",\"inLanguage\":\"fi\",\"@id\":\"https:\/\/www.viitanordic.com\/fi\/product\/paperinarumatot-valmistettu-suomessa\/matto-susi\/#primaryimage\",\"url\":\"https:\/\/www.viitanordic.com\/lataukset\/etch_beige_36360092215_pien-e1550725954631.jpg\",\"contentUrl\":\"https:\/\/www.viitanordic.com\/lataukset\/etch_beige_36360092215_pien-e1550725954631.jpg\",\"width\":1479,\"height\":1000},{\"@type\":\"BreadcrumbList\",\"@id\":\"https:\/\/www.viitanordic.com\/fi\/product\/paperinarumatot-valmistettu-suomessa\/matto-susi\/#breadcrumb\",\"itemListElement\":[{\"@type\":\"ListItem\",\"position\":1,\"name\":\"Etusivu\",\"item\":\"https:\/\/www.viitanordic.com\/fi\/\"},{\"@type\":\"ListItem\",\"position\":2,\"name\":\"Kotimaisia mattoja &#8211; taidolla valmistettu\",\"item\":\"https:\/\/www.viitanordic.com\/fi\/\"},{\"@type\":\"ListItem\",\"position\":3,\"name\":\"Matto Susi\"}]},{\"@type\":\"WebSite\",\"@id\":\"https:\/\/www.viitanordic.com\/#website\",\"url\":\"https:\/\/www.viitanordic.com\/\",\"name\":\"Scandinavian Rugs - Nordic Rugs - Made in Finland \u2013 ViitaNordic\",\"description\":\"Suomalaisia mattoja - Puuvillamattoja - ViitaNordic\",\"publisher\":{\"@id\":\"https:\/\/www.viitanordic.com\/#organization\"},\"potentialAction\":[{\"@type\":\"SearchAction\",\"target\":{\"@type\":\"EntryPoint\",\"urlTemplate\":\"https:\/\/www.viitanordic.com\/?s={search_term_string}\"},\"query-input\":{\"@type\":\"PropertyValueSpecification\",\"valueRequired\":true,\"valueName\":\"search_term_string\"}}],\"inLanguage\":\"fi\"},{\"@type\":\"Organization\",\"@id\":\"https:\/\/www.viitanordic.com\/#organization\",\"name\":\"ViitaNordic Oy\",\"url\":\"https:\/\/www.viitanordic.com\/\",\"logo\":{\"@type\":\"ImageObject\",\"inLanguage\":\"fi\",\"@id\":\"https:\/\/www.viitanordic.com\/#\/schema\/logo\/image\/\",\"url\":\"https:\/\/www.viitanordic.com\/lataukset\/logo-viitanordic.png\",\"contentUrl\":\"https:\/\/www.viitanordic.com\/lataukset\/logo-viitanordic.png\",\"width\":720,\"height\":111,\"caption\":\"ViitaNordic Oy\"},\"image\":{\"@id\":\"https:\/\/www.viitanordic.com\/#\/schema\/logo\/image\/\"},\"sameAs\":[\"https:\/\/www.facebook.com\/viitanordic\",\"https:\/\/fi.pinterest.com\/viitanordic\/\"]}]}<\/script>\n<!-- \/ Yoast SEO plugin. -->","yoast_head_json":{"title":"Matto Susi - Suomalaisia mattoja - Puuvillamattoja - ViitaNordic","description":"Susi-maton kaunis sidos tuo esiin villan pehmeyden. Maton pinta on tiiviiksi kudottua, ylellist\u00e4 villaa, joka tuo sisustukseen l\u00e4mp\u00f6\u00e4 ja pehmeytt\u00e4.","robots":{"index":"index","follow":"follow","max-snippet":"max-snippet:-1","max-image-preview":"max-image-preview:large","max-video-preview":"max-video-preview:-1"},"canonical":"https:\/\/www.viitanordic.com\/fi\/product\/paperinarumatot-valmistettu-suomessa\/matto-susi\/","og_locale":"fi_FI","og_type":"article","og_title":"Matto Susi - Suomalaisia mattoja - Puuvillamattoja - ViitaNordic","og_description":"Susi-maton kaunis sidos tuo esiin villan pehmeyden. Maton pinta on tiiviiksi kudottua, ylellist\u00e4 villaa, joka tuo sisustukseen l\u00e4mp\u00f6\u00e4 ja pehmeytt\u00e4.","og_url":"https:\/\/www.viitanordic.com\/fi\/product\/paperinarumatot-valmistettu-suomessa\/matto-susi\/","og_site_name":"Suomalaisia mattoja - Puuvillamattoja - ViitaNordic","article_publisher":"https:\/\/www.facebook.com\/viitanordic","article_modified_time":"2019-02-21T05:17:01+00:00","og_image":[{"width":1479,"height":1000,"url":"https:\/\/www.viitanordic.com\/lataukset\/etch_beige_36360092215_pien-e1550725954631.jpg","type":"image\/jpeg"}],"twitter_misc":{"Arvioitu lukuaika":"1 minuutti"},"schema":{"@context":"https:\/\/schema.org","@graph":[{"@type":"WebPage","@id":"https:\/\/www.viitanordic.com\/fi\/product\/paperinarumatot-valmistettu-suomessa\/matto-susi\/","url":"https:\/\/www.viitanordic.com\/fi\/product\/paperinarumatot-valmistettu-suomessa\/matto-susi\/","name":"Matto Susi - Suomalaisia mattoja - Puuvillamattoja - ViitaNordic","isPartOf":{"@id":"https:\/\/www.viitanordic.com\/#website"},"primaryImageOfPage":{"@id":"https:\/\/www.viitanordic.com\/fi\/product\/paperinarumatot-valmistettu-suomessa\/matto-susi\/#primaryimage"},"image":{"@id":"https:\/\/www.viitanordic.com\/fi\/product\/paperinarumatot-valmistettu-suomessa\/matto-susi\/#primaryimage"},"thumbnailUrl":"https:\/\/www.viitanordic.com\/lataukset\/etch_beige_36360092215_pien-e1550725954631.jpg","datePublished":"2017-02-20T11:13:27+00:00","dateModified":"2019-02-21T05:17:01+00:00","description":"Susi-maton kaunis sidos tuo esiin villan pehmeyden. Maton pinta on tiiviiksi kudottua, ylellist\u00e4 villaa, joka tuo sisustukseen l\u00e4mp\u00f6\u00e4 ja pehmeytt\u00e4.","breadcrumb":{"@id":"https:\/\/www.viitanordic.com\/fi\/product\/paperinarumatot-valmistettu-suomessa\/matto-susi\/#breadcrumb"},"inLanguage":"fi","potentialAction":[{"@type":"ReadAction","target":["https:\/\/www.viitanordic.com\/fi\/product\/paperinarumatot-valmistettu-suomessa\/matto-susi\/"]}]},{"@type":"ImageObject","inLanguage":"fi","@id":"https:\/\/www.viitanordic.com\/fi\/product\/paperinarumatot-valmistettu-suomessa\/matto-susi\/#primaryimage","url":"https:\/\/www.viitanordic.com\/lataukset\/etch_beige_36360092215_pien-e1550725954631.jpg","contentUrl":"https:\/\/www.viitanordic.com\/lataukset\/etch_beige_36360092215_pien-e1550725954631.jpg","width":1479,"height":1000},{"@type":"BreadcrumbList","@id":"https:\/\/www.viitanordic.com\/fi\/product\/paperinarumatot-valmistettu-suomessa\/matto-susi\/#breadcrumb","itemListElement":[{"@type":"ListItem","position":1,"name":"Etusivu","item":"https:\/\/www.viitanordic.com\/fi\/"},{"@type":"ListItem","position":2,"name":"Kotimaisia mattoja &#8211; taidolla valmistettu","item":"https:\/\/www.viitanordic.com\/fi\/"},{"@type":"ListItem","position":3,"name":"Matto Susi"}]},{"@type":"WebSite","@id":"https:\/\/www.viitanordic.com\/#website","url":"https:\/\/www.viitanordic.com\/","name":"Scandinavian Rugs - Nordic Rugs - Made in Finland \u2013 ViitaNordic","description":"Suomalaisia mattoja - Puuvillamattoja - ViitaNordic","publisher":{"@id":"https:\/\/www.viitanordic.com\/#organization"},"potentialAction":[{"@type":"SearchAction","target":{"@type":"EntryPoint","urlTemplate":"https:\/\/www.viitanordic.com\/?s={search_term_string}"},"query-input":{"@type":"PropertyValueSpecification","valueRequired":true,"valueName":"search_term_string"}}],"inLanguage":"fi"},{"@type":"Organization","@id":"https:\/\/www.viitanordic.com\/#organization","name":"ViitaNordic Oy","url":"https:\/\/www.viitanordic.com\/","logo":{"@type":"ImageObject","inLanguage":"fi","@id":"https:\/\/www.viitanordic.com\/#\/schema\/logo\/image\/","url":"https:\/\/www.viitanordic.com\/lataukset\/logo-viitanordic.png","contentUrl":"https:\/\/www.viitanordic.com\/lataukset\/logo-viitanordic.png","width":720,"height":111,"caption":"ViitaNordic Oy"},"image":{"@id":"https:\/\/www.viitanordic.com\/#\/schema\/logo\/image\/"},"sameAs":["https:\/\/www.facebook.com\/viitanordic","https:\/\/fi.pinterest.com\/viitanordic\/"]}]}},"_links":{"self":[{"href":"https:\/\/www.viitanordic.com\/fi\/wp-json\/wp\/v2\/product\/23354","targetHints":{"allow":["GET"]}}],"collection":[{"href":"https:\/\/www.viitanordic.com\/fi\/wp-json\/wp\/v2\/product"}],"about":[{"href":"https:\/\/www.viitanordic.com\/fi\/wp-json\/wp\/v2\/types\/product"}],"wp:featuredmedia":[{"embeddable":true,"href":"https:\/\/www.viitanordic.com\/fi\/wp-json\/wp\/v2\/media\/28758"}],"wp:attachment":[{"href":"https:\/\/www.viitanordic.com\/fi\/wp-json\/wp\/v2\/media?parent=23354"}],"wp:term":[{"taxonomy":"product_brand","embeddable":true,"href":"https:\/\/www.viitanordic.com\/fi\/wp-json\/wp\/v2\/product_brand?post=23354"},{"taxonomy":"product_cat","embeddable":true,"href":"https:\/\/www.viitanordic.com\/fi\/wp-json\/wp\/v2\/product_cat?post=23354"},{"taxonomy":"product_tag","embeddable":true,"href":"https:\/\/www.viitanordic.com\/fi\/wp-json\/wp\/v2\/product_tag?post=23354"}],"curies":[{"name":"wp","href":"https:\/\/api.w.org\/{rel}","templated":true}]}}