{"id":25949,"date":"2017-09-23T12:53:45","date_gmt":"2017-09-23T09:53:51","guid":{"rendered":"https:\/\/www.viitanordic.com\/?post_type=product&#038;p=25949\/"},"modified":"2024-11-24T16:34:55","modified_gmt":"2024-11-24T14:34:55","slug":"pastelli-lap","status":"publish","type":"product","link":"https:\/\/www.viitanordic.com\/fi\/product\/hauskat-lasten-matot\/pastelli-lap\/","title":{"rendered":"Pastelli"},"content":{"rendered":"<p>Pastelli perinteisell\u00e4 tavalla kudottu r\u00e4symatto modernilla raidoituksella. Pastelli luo raidoillaan pohjoismaisen tyylin sisustukseen. Matto on kudottu laadukkaista materiaaleista ja on siksi eritt\u00e4in kest\u00e4v\u00e4 ja pitk\u00e4ik\u00e4inen.<\/p>\n<p>Mattojen valmistus vaatii paljon k\u00e4sity\u00f6t\u00e4, siksi jokainen tuote on uniikki ja saattaa erota hieman kuvan tuotteesta.<\/p>\n<p><strong>Merkki:<\/strong> ViitaNordic<\/p>\n<p><strong>Materiaali:<\/strong><strong>\u00a0<\/strong>100% Puuvilla<\/p>\n<p><strong>Alkuper\u00e4maa: <\/strong>Suomi<\/p>\n<p><strong>Valmistus:<\/strong> Kudottu<\/p>\n<p><strong>Hoito-ohje:<\/strong>\u00a0Imurointi ja tarvittaessa tuuletus. Tahrojen poisto tuoreeltaan puhtaalla, kostealla liinalla. Ei hankausta.<\/p>\n<p><strong>Pesuohje:<\/strong>\u00a0Kuivapesu vaahdolla tai hell\u00e4varainen ammattimainen tasovesipesu max. +30\u00b0C miedolla hienopesuaineliuoksella. Ei liotusta tai hankausta. Huolellinen huuhtelu runsaalla vedell\u00e4. Ylim\u00e4\u00e4r\u00e4inen vesi poistetaan esim. telapuristimella. Matto muotoillaan kosteana ja kuivatetaan ilmavasti tasossa. Ei saa taittaa. Puuvilla voi kutistua pesussa 5 %.<\/p>\n","protected":false},"excerpt":{"rendered":"<p>Pastelli perinteisell\u00e4 tavalla kudottu r\u00e4symatto modernilla raidoituksella. Pastelli luo raidoillaan pohjoismaisen tyylin sisustukseen. Matto on kudottu laadukkaista materiaaleista ja on siksi eritt\u00e4in kest\u00e4v\u00e4 ja pitk\u00e4ik\u00e4inen. Mattojen valmistus vaatii paljon k\u00e4sity\u00f6t\u00e4, siksi jokainen tuote on uniikki ja saattaa erota hieman kuvan tuotteesta. Merkki: ViitaNordic Materiaali:\u00a0100% Puuvilla Alkuper\u00e4maa: Suomi Valmistus: Kudottu Hoito-ohje:\u00a0Imurointi ja tarvittaessa tuuletus. Tahrojen poisto [\u2026] <a href=\"https:\/\/www.viitanordic.com\/fi\/product\/hauskat-lasten-matot\/pastelli-lap\/\">\u00bb Lue Lis\u00e4\u00e4<\/a><\/p>\n","protected":false},"featured_media":3640,"template":"","meta":{"_acf_changed":false},"product_brand":[],"product_cat":[192,182],"product_tag":[],"class_list":{"0":"post-25949","1":"product","2":"type-product","3":"status-publish","4":"has-post-thumbnail","6":"product_cat-puuvillamatot-kotimaiset-rasymatot","7":"product_cat-hauskat-lasten-matot","9":"first","10":"instock","11":"taxable","12":"shipping-taxable","13":"purchasable","14":"product-type-variable","15":"has-default-attributes"},"acf":[],"yoast_head":"<!-- This site is optimized with the Yoast SEO plugin v25.8 - https:\/\/yoast.com\/wordpress\/plugins\/seo\/ -->\n<title>Pastelli - Suomalaisia mattoja - Puuvillamattoja - ViitaNordic<\/title>\n<meta name=\"description\" content=\"Pastelli perinteisell\u00e4 tavalla kudottu r\u00e4symatto modernilla raidoituksella. Pastelli luo raidoillaan pohjoismaisen tyylin sisustukseen.\" \/>\n<meta name=\"robots\" content=\"index, follow, max-snippet:-1, max-image-preview:large, max-video-preview:-1\" \/>\n<link rel=\"canonical\" href=\"https:\/\/www.viitanordic.com\/fi\/product\/hauskat-lasten-matot\/pastelli-lap\/\" \/>\n<meta property=\"og:locale\" content=\"fi_FI\" \/>\n<meta property=\"og:type\" content=\"article\" \/>\n<meta property=\"og:title\" content=\"Pastelli - Suomalaisia mattoja - Puuvillamattoja - ViitaNordic\" \/>\n<meta property=\"og:description\" content=\"Pastelli perinteisell\u00e4 tavalla kudottu r\u00e4symatto modernilla raidoituksella. Pastelli luo raidoillaan pohjoismaisen tyylin sisustukseen.\" \/>\n<meta property=\"og:url\" content=\"https:\/\/www.viitanordic.com\/fi\/product\/hauskat-lasten-matot\/pastelli-lap\/\" \/>\n<meta property=\"og:site_name\" content=\"Suomalaisia mattoja - Puuvillamattoja - ViitaNordic\" \/>\n<meta property=\"article:publisher\" content=\"https:\/\/www.facebook.com\/viitanordic\" \/>\n<meta property=\"article:modified_time\" content=\"2024-11-24T14:34:55+00:00\" \/>\n<meta property=\"og:image\" content=\"https:\/\/www.viitanordic.com\/lataukset\/IMG_87141.jpg\" \/>\n\t<meta property=\"og:image:width\" content=\"1800\" \/>\n\t<meta property=\"og:image:height\" content=\"1222\" \/>\n\t<meta property=\"og:image:type\" content=\"image\/jpeg\" \/>\n<meta name=\"twitter:label1\" content=\"Arvioitu lukuaika\" \/>\n\t<meta name=\"twitter:data1\" content=\"1 minuutti\" \/>\n<script type=\"application\/ld+json\" class=\"yoast-schema-graph\">{\"@context\":\"https:\/\/schema.org\",\"@graph\":[{\"@type\":\"WebPage\",\"@id\":\"https:\/\/www.viitanordic.com\/fi\/product\/hauskat-lasten-matot\/pastelli-lap\/\",\"url\":\"https:\/\/www.viitanordic.com\/fi\/product\/hauskat-lasten-matot\/pastelli-lap\/\",\"name\":\"Pastelli - Suomalaisia mattoja - Puuvillamattoja - ViitaNordic\",\"isPartOf\":{\"@id\":\"https:\/\/www.viitanordic.com\/#website\"},\"primaryImageOfPage\":{\"@id\":\"https:\/\/www.viitanordic.com\/fi\/product\/hauskat-lasten-matot\/pastelli-lap\/#primaryimage\"},\"image\":{\"@id\":\"https:\/\/www.viitanordic.com\/fi\/product\/hauskat-lasten-matot\/pastelli-lap\/#primaryimage\"},\"thumbnailUrl\":\"https:\/\/www.viitanordic.com\/lataukset\/IMG_87141.jpg\",\"datePublished\":\"2017-09-23T09:53:51+00:00\",\"dateModified\":\"2024-11-24T14:34:55+00:00\",\"description\":\"Pastelli perinteisell\u00e4 tavalla kudottu r\u00e4symatto modernilla raidoituksella. Pastelli luo raidoillaan pohjoismaisen tyylin sisustukseen.\",\"breadcrumb\":{\"@id\":\"https:\/\/www.viitanordic.com\/fi\/product\/hauskat-lasten-matot\/pastelli-lap\/#breadcrumb\"},\"inLanguage\":\"fi\",\"potentialAction\":[{\"@type\":\"ReadAction\",\"target\":[\"https:\/\/www.viitanordic.com\/fi\/product\/hauskat-lasten-matot\/pastelli-lap\/\"]}]},{\"@type\":\"ImageObject\",\"inLanguage\":\"fi\",\"@id\":\"https:\/\/www.viitanordic.com\/fi\/product\/hauskat-lasten-matot\/pastelli-lap\/#primaryimage\",\"url\":\"https:\/\/www.viitanordic.com\/lataukset\/IMG_87141.jpg\",\"contentUrl\":\"https:\/\/www.viitanordic.com\/lataukset\/IMG_87141.jpg\",\"width\":1800,\"height\":1222},{\"@type\":\"BreadcrumbList\",\"@id\":\"https:\/\/www.viitanordic.com\/fi\/product\/hauskat-lasten-matot\/pastelli-lap\/#breadcrumb\",\"itemListElement\":[{\"@type\":\"ListItem\",\"position\":1,\"name\":\"Etusivu\",\"item\":\"https:\/\/www.viitanordic.com\/fi\/\"},{\"@type\":\"ListItem\",\"position\":2,\"name\":\"Kotimaisia mattoja &#8211; taidolla valmistettu\",\"item\":\"https:\/\/www.viitanordic.com\/fi\/\"},{\"@type\":\"ListItem\",\"position\":3,\"name\":\"Pastelli\"}]},{\"@type\":\"WebSite\",\"@id\":\"https:\/\/www.viitanordic.com\/#website\",\"url\":\"https:\/\/www.viitanordic.com\/\",\"name\":\"Scandinavian Rugs - Nordic Rugs - Made in Finland \u2013 ViitaNordic\",\"description\":\"Suomalaisia mattoja - Puuvillamattoja - ViitaNordic\",\"publisher\":{\"@id\":\"https:\/\/www.viitanordic.com\/#organization\"},\"potentialAction\":[{\"@type\":\"SearchAction\",\"target\":{\"@type\":\"EntryPoint\",\"urlTemplate\":\"https:\/\/www.viitanordic.com\/?s={search_term_string}\"},\"query-input\":{\"@type\":\"PropertyValueSpecification\",\"valueRequired\":true,\"valueName\":\"search_term_string\"}}],\"inLanguage\":\"fi\"},{\"@type\":\"Organization\",\"@id\":\"https:\/\/www.viitanordic.com\/#organization\",\"name\":\"ViitaNordic Oy\",\"url\":\"https:\/\/www.viitanordic.com\/\",\"logo\":{\"@type\":\"ImageObject\",\"inLanguage\":\"fi\",\"@id\":\"https:\/\/www.viitanordic.com\/#\/schema\/logo\/image\/\",\"url\":\"https:\/\/www.viitanordic.com\/lataukset\/logo-viitanordic.png\",\"contentUrl\":\"https:\/\/www.viitanordic.com\/lataukset\/logo-viitanordic.png\",\"width\":720,\"height\":111,\"caption\":\"ViitaNordic Oy\"},\"image\":{\"@id\":\"https:\/\/www.viitanordic.com\/#\/schema\/logo\/image\/\"},\"sameAs\":[\"https:\/\/www.facebook.com\/viitanordic\",\"https:\/\/fi.pinterest.com\/viitanordic\/\"]}]}<\/script>\n<!-- \/ Yoast SEO plugin. -->","yoast_head_json":{"title":"Pastelli - Suomalaisia mattoja - Puuvillamattoja - ViitaNordic","description":"Pastelli perinteisell\u00e4 tavalla kudottu r\u00e4symatto modernilla raidoituksella. Pastelli luo raidoillaan pohjoismaisen tyylin sisustukseen.","robots":{"index":"index","follow":"follow","max-snippet":"max-snippet:-1","max-image-preview":"max-image-preview:large","max-video-preview":"max-video-preview:-1"},"canonical":"https:\/\/www.viitanordic.com\/fi\/product\/hauskat-lasten-matot\/pastelli-lap\/","og_locale":"fi_FI","og_type":"article","og_title":"Pastelli - Suomalaisia mattoja - Puuvillamattoja - ViitaNordic","og_description":"Pastelli perinteisell\u00e4 tavalla kudottu r\u00e4symatto modernilla raidoituksella. Pastelli luo raidoillaan pohjoismaisen tyylin sisustukseen.","og_url":"https:\/\/www.viitanordic.com\/fi\/product\/hauskat-lasten-matot\/pastelli-lap\/","og_site_name":"Suomalaisia mattoja - Puuvillamattoja - ViitaNordic","article_publisher":"https:\/\/www.facebook.com\/viitanordic","article_modified_time":"2024-11-24T14:34:55+00:00","og_image":[{"width":1800,"height":1222,"url":"https:\/\/www.viitanordic.com\/lataukset\/IMG_87141.jpg","type":"image\/jpeg"}],"twitter_misc":{"Arvioitu lukuaika":"1 minuutti"},"schema":{"@context":"https:\/\/schema.org","@graph":[{"@type":"WebPage","@id":"https:\/\/www.viitanordic.com\/fi\/product\/hauskat-lasten-matot\/pastelli-lap\/","url":"https:\/\/www.viitanordic.com\/fi\/product\/hauskat-lasten-matot\/pastelli-lap\/","name":"Pastelli - Suomalaisia mattoja - Puuvillamattoja - ViitaNordic","isPartOf":{"@id":"https:\/\/www.viitanordic.com\/#website"},"primaryImageOfPage":{"@id":"https:\/\/www.viitanordic.com\/fi\/product\/hauskat-lasten-matot\/pastelli-lap\/#primaryimage"},"image":{"@id":"https:\/\/www.viitanordic.com\/fi\/product\/hauskat-lasten-matot\/pastelli-lap\/#primaryimage"},"thumbnailUrl":"https:\/\/www.viitanordic.com\/lataukset\/IMG_87141.jpg","datePublished":"2017-09-23T09:53:51+00:00","dateModified":"2024-11-24T14:34:55+00:00","description":"Pastelli perinteisell\u00e4 tavalla kudottu r\u00e4symatto modernilla raidoituksella. Pastelli luo raidoillaan pohjoismaisen tyylin sisustukseen.","breadcrumb":{"@id":"https:\/\/www.viitanordic.com\/fi\/product\/hauskat-lasten-matot\/pastelli-lap\/#breadcrumb"},"inLanguage":"fi","potentialAction":[{"@type":"ReadAction","target":["https:\/\/www.viitanordic.com\/fi\/product\/hauskat-lasten-matot\/pastelli-lap\/"]}]},{"@type":"ImageObject","inLanguage":"fi","@id":"https:\/\/www.viitanordic.com\/fi\/product\/hauskat-lasten-matot\/pastelli-lap\/#primaryimage","url":"https:\/\/www.viitanordic.com\/lataukset\/IMG_87141.jpg","contentUrl":"https:\/\/www.viitanordic.com\/lataukset\/IMG_87141.jpg","width":1800,"height":1222},{"@type":"BreadcrumbList","@id":"https:\/\/www.viitanordic.com\/fi\/product\/hauskat-lasten-matot\/pastelli-lap\/#breadcrumb","itemListElement":[{"@type":"ListItem","position":1,"name":"Etusivu","item":"https:\/\/www.viitanordic.com\/fi\/"},{"@type":"ListItem","position":2,"name":"Kotimaisia mattoja &#8211; taidolla valmistettu","item":"https:\/\/www.viitanordic.com\/fi\/"},{"@type":"ListItem","position":3,"name":"Pastelli"}]},{"@type":"WebSite","@id":"https:\/\/www.viitanordic.com\/#website","url":"https:\/\/www.viitanordic.com\/","name":"Scandinavian Rugs - Nordic Rugs - Made in Finland \u2013 ViitaNordic","description":"Suomalaisia mattoja - Puuvillamattoja - ViitaNordic","publisher":{"@id":"https:\/\/www.viitanordic.com\/#organization"},"potentialAction":[{"@type":"SearchAction","target":{"@type":"EntryPoint","urlTemplate":"https:\/\/www.viitanordic.com\/?s={search_term_string}"},"query-input":{"@type":"PropertyValueSpecification","valueRequired":true,"valueName":"search_term_string"}}],"inLanguage":"fi"},{"@type":"Organization","@id":"https:\/\/www.viitanordic.com\/#organization","name":"ViitaNordic Oy","url":"https:\/\/www.viitanordic.com\/","logo":{"@type":"ImageObject","inLanguage":"fi","@id":"https:\/\/www.viitanordic.com\/#\/schema\/logo\/image\/","url":"https:\/\/www.viitanordic.com\/lataukset\/logo-viitanordic.png","contentUrl":"https:\/\/www.viitanordic.com\/lataukset\/logo-viitanordic.png","width":720,"height":111,"caption":"ViitaNordic Oy"},"image":{"@id":"https:\/\/www.viitanordic.com\/#\/schema\/logo\/image\/"},"sameAs":["https:\/\/www.facebook.com\/viitanordic","https:\/\/fi.pinterest.com\/viitanordic\/"]}]}},"_links":{"self":[{"href":"https:\/\/www.viitanordic.com\/fi\/wp-json\/wp\/v2\/product\/25949","targetHints":{"allow":["GET"]}}],"collection":[{"href":"https:\/\/www.viitanordic.com\/fi\/wp-json\/wp\/v2\/product"}],"about":[{"href":"https:\/\/www.viitanordic.com\/fi\/wp-json\/wp\/v2\/types\/product"}],"wp:featuredmedia":[{"embeddable":true,"href":"https:\/\/www.viitanordic.com\/fi\/wp-json\/wp\/v2\/media\/3640"}],"wp:attachment":[{"href":"https:\/\/www.viitanordic.com\/fi\/wp-json\/wp\/v2\/media?parent=25949"}],"wp:term":[{"taxonomy":"product_brand","embeddable":true,"href":"https:\/\/www.viitanordic.com\/fi\/wp-json\/wp\/v2\/product_brand?post=25949"},{"taxonomy":"product_cat","embeddable":true,"href":"https:\/\/www.viitanordic.com\/fi\/wp-json\/wp\/v2\/product_cat?post=25949"},{"taxonomy":"product_tag","embeddable":true,"href":"https:\/\/www.viitanordic.com\/fi\/wp-json\/wp\/v2\/product_tag?post=25949"}],"curies":[{"name":"wp","href":"https:\/\/api.w.org\/{rel}","templated":true}]}}