{"id":29655,"date":"2019-04-13T21:50:34","date_gmt":"2019-04-13T18:50:36","guid":{"rendered":"https:\/\/www.viitanordic.com\/?post_type=product&#038;p=29655"},"modified":"2019-07-10T19:06:54","modified_gmt":"2019-07-10T16:06:54","slug":"koiratyyny-keto","status":"publish","type":"product","link":"https:\/\/www.viitanordic.com\/fi\/product\/ale\/koiratyyny-keto\/","title":{"rendered":"Koiratyyny Keto &#8211; 30% Ale"},"content":{"rendered":"<p>Keto on kaunis koiratyyny. Tyynyn kaunis v\u00e4rikkyys luo l\u00e4mpim\u00e4n ja rennon tunnelman sisustukseen. Keto-tyyny sopii hyvin niin olohuoneeseen kuin my\u00f6s makuuhuoneeseen. Se on valmistettu perinteisell\u00e4 tavalla laadukkaita materiaaleja k\u00e4ytt\u00e4en.<\/p>\n<p>Tyynyjen valmistus vaatii paljon k\u00e4sity\u00f6t\u00e4, siksi jokainen tuote on uniikki ja saattaa erota hieman kuvan tuotteesta.<\/p>\n<p><strong>Merkki: <a href=\"http:\/\/www.mylungi.fi\" target=\"_blank\" rel=\"noopener\"><img loading=\"lazy\" decoding=\"async\" class=\"alignnone wp-image-19293\" src=\"https:\/\/www.viitanordic.com\/lataukset\/Lungi_reg_logo_black-2000x507.jpg\" alt=\"Lungi_reg_logo_black\" width=\"79\" height=\"20\" srcset=\"https:\/\/www.viitanordic.com\/lataukset\/Lungi_reg_logo_black-2000x507.jpg 2000w, https:\/\/www.viitanordic.com\/lataukset\/Lungi_reg_logo_black-464x118.jpg 464w, https:\/\/www.viitanordic.com\/lataukset\/Lungi_reg_logo_black-1440x365.jpg 1440w, https:\/\/www.viitanordic.com\/lataukset\/Lungi_reg_logo_black-500x127.jpg 500w, https:\/\/www.viitanordic.com\/lataukset\/Lungi_reg_logo_black-768x195.jpg 768w, https:\/\/www.viitanordic.com\/lataukset\/Lungi_reg_logo_black.jpg 2048w\" sizes=\"auto, (max-width: 79px) 100vw, 79px\" \/><\/a><\/strong><strong><br \/>\n<\/strong><\/p>\n<p><strong>Materiaali:<\/strong><strong>\u00a0<\/strong>100% Puuvilla<\/p>\n<p><strong>Alkuper\u00e4maa: <\/strong>Suomi<\/p>\n<p><strong>Valmistus:<\/strong> Kudottu<\/p>\n<p><strong>Hoito-ohje:<\/strong> Tahrojen poisto tuoreeltaan puhtaalla, kostealla liinalla, ei hankausta.<\/p>\n<p><strong>Pesuohje:<\/strong>\u00a0Ota p\u00e4\u00e4llinen varovasti pois. Kuivapesu vaahdolla tai hell\u00e4varainen ammattimainen tasovesipesu max. +30\u00b0C miedolla hienopesuaineliuoksella.\u00a0 Ylim\u00e4\u00e4r\u00e4inen vesi poistetaan esim. telapuristimella. P\u00e4\u00e4llinen muotoillaan kosteana ja kuivatetaan ilmavasti tasossa. Puuvilla voi kutistua pesussa 5 %.<\/p>\n<p><strong>Sis\u00e4tyyny:\u00a0<\/strong>Eco-Soft tyyny. T\u00e4yte 100 % EcoLogic polyesteria. P\u00e4\u00e4llinen polyesteria ja puuvilla. K\u00e4sipesu, max. +30\u00b0 C. Valmistettu Suomessa.<\/p>\n","protected":false},"excerpt":{"rendered":"<p>Keto on kaunis koiratyyny. Tyynyn kaunis v\u00e4rikkyys luo l\u00e4mpim\u00e4n ja rennon tunnelman sisustukseen. Keto-tyyny sopii hyvin niin olohuoneeseen kuin my\u00f6s makuuhuoneeseen. Se on valmistettu perinteisell\u00e4 tavalla laadukkaita materiaaleja k\u00e4ytt\u00e4en. Tyynyjen valmistus vaatii paljon k\u00e4sity\u00f6t\u00e4, siksi jokainen tuote on uniikki ja saattaa erota hieman kuvan tuotteesta. Merkki: Materiaali:\u00a0100% Puuvilla Alkuper\u00e4maa: Suomi Valmistus: Kudottu Hoito-ohje: Tahrojen poisto [\u2026] <a href=\"https:\/\/www.viitanordic.com\/fi\/product\/ale\/koiratyyny-keto\/\">\u00bb Lue Lis\u00e4\u00e4<\/a><\/p>\n","protected":false},"featured_media":29662,"template":"","meta":{"_acf_changed":false},"product_brand":[],"product_cat":[635],"product_tag":[],"class_list":{"0":"post-29655","1":"product","2":"type-product","3":"status-publish","4":"has-post-thumbnail","6":"product_cat-ale","8":"first","9":"instock","10":"sale","11":"taxable","12":"shipping-taxable","13":"purchasable","14":"product-type-variable","15":"has-default-attributes"},"acf":[],"yoast_head":"<!-- This site is optimized with the Yoast SEO plugin v25.8 - https:\/\/yoast.com\/wordpress\/plugins\/seo\/ -->\n<title>Koiratyyny Keto - 30% Ale - Suomalaisia mattoja - Puuvillamattoja - ViitaNordic<\/title>\n<meta name=\"description\" content=\"Keto on kaunis koiratyyny. Tyynyn kaunis v\u00e4rikkyys luo l\u00e4mpim\u00e4n ja rennon tunnelman sisustukseen. Keto-tyyny sopii hyvin niin olohuoneeseen kuin my\u00f6s makuuhuoneeseen. Se on valmistettu perinteisell\u00e4 tavalla laadukkaita materiaaleja k\u00e4ytt\u00e4en.\" \/>\n<meta name=\"robots\" content=\"index, follow, max-snippet:-1, max-image-preview:large, max-video-preview:-1\" \/>\n<link rel=\"canonical\" href=\"https:\/\/www.viitanordic.com\/fi\/product\/ale\/koiratyyny-keto\/\" \/>\n<meta property=\"og:locale\" content=\"fi_FI\" \/>\n<meta property=\"og:type\" content=\"article\" \/>\n<meta property=\"og:title\" content=\"Koiratyyny Keto - 30% Ale - Suomalaisia mattoja - Puuvillamattoja - ViitaNordic\" \/>\n<meta property=\"og:description\" content=\"Keto on kaunis koiratyyny. Tyynyn kaunis v\u00e4rikkyys luo l\u00e4mpim\u00e4n ja rennon tunnelman sisustukseen. Keto-tyyny sopii hyvin niin olohuoneeseen kuin my\u00f6s makuuhuoneeseen. Se on valmistettu perinteisell\u00e4 tavalla laadukkaita materiaaleja k\u00e4ytt\u00e4en.\" \/>\n<meta property=\"og:url\" content=\"https:\/\/www.viitanordic.com\/fi\/product\/ale\/koiratyyny-keto\/\" \/>\n<meta property=\"og:site_name\" content=\"Suomalaisia mattoja - Puuvillamattoja - ViitaNordic\" \/>\n<meta property=\"article:publisher\" content=\"https:\/\/www.facebook.com\/viitanordic\" \/>\n<meta property=\"article:modified_time\" content=\"2019-07-10T16:06:54+00:00\" \/>\n<meta property=\"og:image\" content=\"https:\/\/www.viitanordic.com\/lataukset\/Keto-Dog-Pillow.jpg\" \/>\n\t<meta property=\"og:image:width\" content=\"1920\" \/>\n\t<meta property=\"og:image:height\" content=\"1278\" \/>\n\t<meta property=\"og:image:type\" content=\"image\/jpeg\" \/>\n<meta name=\"twitter:label1\" content=\"Arvioitu lukuaika\" \/>\n\t<meta name=\"twitter:data1\" content=\"1 minuutti\" \/>\n<script type=\"application\/ld+json\" class=\"yoast-schema-graph\">{\"@context\":\"https:\/\/schema.org\",\"@graph\":[{\"@type\":\"WebPage\",\"@id\":\"https:\/\/www.viitanordic.com\/fi\/product\/ale\/koiratyyny-keto\/\",\"url\":\"https:\/\/www.viitanordic.com\/fi\/product\/ale\/koiratyyny-keto\/\",\"name\":\"Koiratyyny Keto - 30% Ale - Suomalaisia mattoja - Puuvillamattoja - ViitaNordic\",\"isPartOf\":{\"@id\":\"https:\/\/www.viitanordic.com\/#website\"},\"primaryImageOfPage\":{\"@id\":\"https:\/\/www.viitanordic.com\/fi\/product\/ale\/koiratyyny-keto\/#primaryimage\"},\"image\":{\"@id\":\"https:\/\/www.viitanordic.com\/fi\/product\/ale\/koiratyyny-keto\/#primaryimage\"},\"thumbnailUrl\":\"https:\/\/www.viitanordic.com\/lataukset\/Keto-Dog-Pillow.jpg\",\"datePublished\":\"2019-04-13T18:50:36+00:00\",\"dateModified\":\"2019-07-10T16:06:54+00:00\",\"description\":\"Keto on kaunis koiratyyny. Tyynyn kaunis v\u00e4rikkyys luo l\u00e4mpim\u00e4n ja rennon tunnelman sisustukseen. Keto-tyyny sopii hyvin niin olohuoneeseen kuin my\u00f6s makuuhuoneeseen. Se on valmistettu perinteisell\u00e4 tavalla laadukkaita materiaaleja k\u00e4ytt\u00e4en.\",\"breadcrumb\":{\"@id\":\"https:\/\/www.viitanordic.com\/fi\/product\/ale\/koiratyyny-keto\/#breadcrumb\"},\"inLanguage\":\"fi\",\"potentialAction\":[{\"@type\":\"ReadAction\",\"target\":[\"https:\/\/www.viitanordic.com\/fi\/product\/ale\/koiratyyny-keto\/\"]}]},{\"@type\":\"ImageObject\",\"inLanguage\":\"fi\",\"@id\":\"https:\/\/www.viitanordic.com\/fi\/product\/ale\/koiratyyny-keto\/#primaryimage\",\"url\":\"https:\/\/www.viitanordic.com\/lataukset\/Keto-Dog-Pillow.jpg\",\"contentUrl\":\"https:\/\/www.viitanordic.com\/lataukset\/Keto-Dog-Pillow.jpg\",\"width\":1920,\"height\":1278},{\"@type\":\"BreadcrumbList\",\"@id\":\"https:\/\/www.viitanordic.com\/fi\/product\/ale\/koiratyyny-keto\/#breadcrumb\",\"itemListElement\":[{\"@type\":\"ListItem\",\"position\":1,\"name\":\"Etusivu\",\"item\":\"https:\/\/www.viitanordic.com\/fi\/\"},{\"@type\":\"ListItem\",\"position\":2,\"name\":\"Kotimaisia mattoja &#8211; taidolla valmistettu\",\"item\":\"https:\/\/www.viitanordic.com\/fi\/\"},{\"@type\":\"ListItem\",\"position\":3,\"name\":\"Koiratyyny Keto &#8211; 30% Ale\"}]},{\"@type\":\"WebSite\",\"@id\":\"https:\/\/www.viitanordic.com\/#website\",\"url\":\"https:\/\/www.viitanordic.com\/\",\"name\":\"Scandinavian Rugs - Nordic Rugs - Made in Finland \u2013 ViitaNordic\",\"description\":\"Suomalaisia mattoja - Puuvillamattoja - ViitaNordic\",\"publisher\":{\"@id\":\"https:\/\/www.viitanordic.com\/#organization\"},\"potentialAction\":[{\"@type\":\"SearchAction\",\"target\":{\"@type\":\"EntryPoint\",\"urlTemplate\":\"https:\/\/www.viitanordic.com\/?s={search_term_string}\"},\"query-input\":{\"@type\":\"PropertyValueSpecification\",\"valueRequired\":true,\"valueName\":\"search_term_string\"}}],\"inLanguage\":\"fi\"},{\"@type\":\"Organization\",\"@id\":\"https:\/\/www.viitanordic.com\/#organization\",\"name\":\"ViitaNordic Oy\",\"url\":\"https:\/\/www.viitanordic.com\/\",\"logo\":{\"@type\":\"ImageObject\",\"inLanguage\":\"fi\",\"@id\":\"https:\/\/www.viitanordic.com\/#\/schema\/logo\/image\/\",\"url\":\"https:\/\/www.viitanordic.com\/lataukset\/logo-viitanordic.png\",\"contentUrl\":\"https:\/\/www.viitanordic.com\/lataukset\/logo-viitanordic.png\",\"width\":720,\"height\":111,\"caption\":\"ViitaNordic Oy\"},\"image\":{\"@id\":\"https:\/\/www.viitanordic.com\/#\/schema\/logo\/image\/\"},\"sameAs\":[\"https:\/\/www.facebook.com\/viitanordic\",\"https:\/\/fi.pinterest.com\/viitanordic\/\"]}]}<\/script>\n<!-- \/ Yoast SEO plugin. -->","yoast_head_json":{"title":"Koiratyyny Keto - 30% Ale - Suomalaisia mattoja - Puuvillamattoja - ViitaNordic","description":"Keto on kaunis koiratyyny. Tyynyn kaunis v\u00e4rikkyys luo l\u00e4mpim\u00e4n ja rennon tunnelman sisustukseen. Keto-tyyny sopii hyvin niin olohuoneeseen kuin my\u00f6s makuuhuoneeseen. Se on valmistettu perinteisell\u00e4 tavalla laadukkaita materiaaleja k\u00e4ytt\u00e4en.","robots":{"index":"index","follow":"follow","max-snippet":"max-snippet:-1","max-image-preview":"max-image-preview:large","max-video-preview":"max-video-preview:-1"},"canonical":"https:\/\/www.viitanordic.com\/fi\/product\/ale\/koiratyyny-keto\/","og_locale":"fi_FI","og_type":"article","og_title":"Koiratyyny Keto - 30% Ale - Suomalaisia mattoja - Puuvillamattoja - ViitaNordic","og_description":"Keto on kaunis koiratyyny. Tyynyn kaunis v\u00e4rikkyys luo l\u00e4mpim\u00e4n ja rennon tunnelman sisustukseen. Keto-tyyny sopii hyvin niin olohuoneeseen kuin my\u00f6s makuuhuoneeseen. Se on valmistettu perinteisell\u00e4 tavalla laadukkaita materiaaleja k\u00e4ytt\u00e4en.","og_url":"https:\/\/www.viitanordic.com\/fi\/product\/ale\/koiratyyny-keto\/","og_site_name":"Suomalaisia mattoja - Puuvillamattoja - ViitaNordic","article_publisher":"https:\/\/www.facebook.com\/viitanordic","article_modified_time":"2019-07-10T16:06:54+00:00","og_image":[{"width":1920,"height":1278,"url":"https:\/\/www.viitanordic.com\/lataukset\/Keto-Dog-Pillow.jpg","type":"image\/jpeg"}],"twitter_misc":{"Arvioitu lukuaika":"1 minuutti"},"schema":{"@context":"https:\/\/schema.org","@graph":[{"@type":"WebPage","@id":"https:\/\/www.viitanordic.com\/fi\/product\/ale\/koiratyyny-keto\/","url":"https:\/\/www.viitanordic.com\/fi\/product\/ale\/koiratyyny-keto\/","name":"Koiratyyny Keto - 30% Ale - Suomalaisia mattoja - Puuvillamattoja - ViitaNordic","isPartOf":{"@id":"https:\/\/www.viitanordic.com\/#website"},"primaryImageOfPage":{"@id":"https:\/\/www.viitanordic.com\/fi\/product\/ale\/koiratyyny-keto\/#primaryimage"},"image":{"@id":"https:\/\/www.viitanordic.com\/fi\/product\/ale\/koiratyyny-keto\/#primaryimage"},"thumbnailUrl":"https:\/\/www.viitanordic.com\/lataukset\/Keto-Dog-Pillow.jpg","datePublished":"2019-04-13T18:50:36+00:00","dateModified":"2019-07-10T16:06:54+00:00","description":"Keto on kaunis koiratyyny. Tyynyn kaunis v\u00e4rikkyys luo l\u00e4mpim\u00e4n ja rennon tunnelman sisustukseen. Keto-tyyny sopii hyvin niin olohuoneeseen kuin my\u00f6s makuuhuoneeseen. Se on valmistettu perinteisell\u00e4 tavalla laadukkaita materiaaleja k\u00e4ytt\u00e4en.","breadcrumb":{"@id":"https:\/\/www.viitanordic.com\/fi\/product\/ale\/koiratyyny-keto\/#breadcrumb"},"inLanguage":"fi","potentialAction":[{"@type":"ReadAction","target":["https:\/\/www.viitanordic.com\/fi\/product\/ale\/koiratyyny-keto\/"]}]},{"@type":"ImageObject","inLanguage":"fi","@id":"https:\/\/www.viitanordic.com\/fi\/product\/ale\/koiratyyny-keto\/#primaryimage","url":"https:\/\/www.viitanordic.com\/lataukset\/Keto-Dog-Pillow.jpg","contentUrl":"https:\/\/www.viitanordic.com\/lataukset\/Keto-Dog-Pillow.jpg","width":1920,"height":1278},{"@type":"BreadcrumbList","@id":"https:\/\/www.viitanordic.com\/fi\/product\/ale\/koiratyyny-keto\/#breadcrumb","itemListElement":[{"@type":"ListItem","position":1,"name":"Etusivu","item":"https:\/\/www.viitanordic.com\/fi\/"},{"@type":"ListItem","position":2,"name":"Kotimaisia mattoja &#8211; taidolla valmistettu","item":"https:\/\/www.viitanordic.com\/fi\/"},{"@type":"ListItem","position":3,"name":"Koiratyyny Keto &#8211; 30% Ale"}]},{"@type":"WebSite","@id":"https:\/\/www.viitanordic.com\/#website","url":"https:\/\/www.viitanordic.com\/","name":"Scandinavian Rugs - Nordic Rugs - Made in Finland \u2013 ViitaNordic","description":"Suomalaisia mattoja - Puuvillamattoja - ViitaNordic","publisher":{"@id":"https:\/\/www.viitanordic.com\/#organization"},"potentialAction":[{"@type":"SearchAction","target":{"@type":"EntryPoint","urlTemplate":"https:\/\/www.viitanordic.com\/?s={search_term_string}"},"query-input":{"@type":"PropertyValueSpecification","valueRequired":true,"valueName":"search_term_string"}}],"inLanguage":"fi"},{"@type":"Organization","@id":"https:\/\/www.viitanordic.com\/#organization","name":"ViitaNordic Oy","url":"https:\/\/www.viitanordic.com\/","logo":{"@type":"ImageObject","inLanguage":"fi","@id":"https:\/\/www.viitanordic.com\/#\/schema\/logo\/image\/","url":"https:\/\/www.viitanordic.com\/lataukset\/logo-viitanordic.png","contentUrl":"https:\/\/www.viitanordic.com\/lataukset\/logo-viitanordic.png","width":720,"height":111,"caption":"ViitaNordic Oy"},"image":{"@id":"https:\/\/www.viitanordic.com\/#\/schema\/logo\/image\/"},"sameAs":["https:\/\/www.facebook.com\/viitanordic","https:\/\/fi.pinterest.com\/viitanordic\/"]}]}},"_links":{"self":[{"href":"https:\/\/www.viitanordic.com\/fi\/wp-json\/wp\/v2\/product\/29655","targetHints":{"allow":["GET"]}}],"collection":[{"href":"https:\/\/www.viitanordic.com\/fi\/wp-json\/wp\/v2\/product"}],"about":[{"href":"https:\/\/www.viitanordic.com\/fi\/wp-json\/wp\/v2\/types\/product"}],"wp:featuredmedia":[{"embeddable":true,"href":"https:\/\/www.viitanordic.com\/fi\/wp-json\/wp\/v2\/media\/29662"}],"wp:attachment":[{"href":"https:\/\/www.viitanordic.com\/fi\/wp-json\/wp\/v2\/media?parent=29655"}],"wp:term":[{"taxonomy":"product_brand","embeddable":true,"href":"https:\/\/www.viitanordic.com\/fi\/wp-json\/wp\/v2\/product_brand?post=29655"},{"taxonomy":"product_cat","embeddable":true,"href":"https:\/\/www.viitanordic.com\/fi\/wp-json\/wp\/v2\/product_cat?post=29655"},{"taxonomy":"product_tag","embeddable":true,"href":"https:\/\/www.viitanordic.com\/fi\/wp-json\/wp\/v2\/product_tag?post=29655"}],"curies":[{"name":"wp","href":"https:\/\/api.w.org\/{rel}","templated":true}]}}