{"id":36878,"date":"2021-08-20T23:03:54","date_gmt":"2021-08-20T20:03:56","guid":{"rendered":"https:\/\/www.viitanordic.com\/?post_type=product&#038;p=36878"},"modified":"2024-11-16T18:27:18","modified_gmt":"2024-11-16T16:27:18","slug":"puuvillamatto-olle-keltainen","status":"publish","type":"product","link":"https:\/\/www.viitanordic.com\/fi\/product\/puuvillamatot-kotimaiset-rasymatot\/puuvillamatto-olle-keltainen\/","title":{"rendered":"Puuvillamatto Olle"},"content":{"rendered":"<p>Puuvillamatto Olle on perinteisell\u00e4 tavalla kudottu r\u00e4symatto modernilla keltaisella raidoituksella. Puuvillamatto Olle luo raidoillaan pohjoismaisen tyylin sisustukseen. Puuvillamatto on kudottu laadukkaista materiaaleista ja on siksi eritt\u00e4in kest\u00e4v\u00e4 ja pitk\u00e4ik\u00e4inen. Matto on valmistettu korkelaatuisesta 100 %:sta puuvillakankaasta, joka on \u00f6ko-tex -standardin mukainen. Matto on kaksipuolinen ja voidaan k\u00e4ytt\u00e4\u00e4 molemmin p\u00e4in. Matto on pesunkest\u00e4v\u00e4 ja sit\u00e4 on helppo pit\u00e4\u00e4 puhtaana.<\/p>\n<p>Mattojen valmistus vaatii paljon k\u00e4sity\u00f6t\u00e4, siksi jokainen tuote on uniikki ja saattaa erota hieman kuvan tuotteesta.<\/p>\n<p><strong>Merkki:<\/strong> ViitaNordic<\/p>\n<p><strong>Materiaali:<\/strong><strong>\u00a0<\/strong>100% Puuvilla, \u00f6ko-tex<\/p>\n<p><strong>Alkuper\u00e4maa: <\/strong>Suomi<\/p>\n<p><strong>Valmistus:<\/strong> Kudottu<\/p>\n<p><strong>Hoito-ohje:<\/strong>\u00a0Imurointi ja tarvittaessa tuuletus. Tahrojen poisto tuoreeltaan puhtaalla, kostealla liinalla. Ei hankausta.<\/p>\n<p><strong>Pesuohje:<\/strong>\u00a0Kuivapesu vaahdolla tai hell\u00e4varainen ammattimainen tasovesipesu max. +30\u00b0C miedolla hienopesuaineliuoksella. Ei liotusta tai hankausta. Huolellinen huuhtelu runsaalla vedell\u00e4. Ylim\u00e4\u00e4r\u00e4inen vesi poistetaan esim. telapuristimella. Matto muotoillaan kosteana ja kuivatetaan ilmavasti tasossa. Ei saa taittaa. Puuvilla voi kutistua pesussa 5 %.<\/p>\n","protected":false},"excerpt":{"rendered":"<p>Puuvillamatto Olle on perinteisell\u00e4 tavalla kudottu r\u00e4symatto modernilla keltaisella raidoituksella. Puuvillamatto Olle luo raidoillaan pohjoismaisen tyylin sisustukseen. Puuvillamatto on kudottu laadukkaista materiaaleista ja on siksi eritt\u00e4in kest\u00e4v\u00e4 ja pitk\u00e4ik\u00e4inen. Matto on valmistettu korkelaatuisesta 100 %:sta puuvillakankaasta, joka on \u00f6ko-tex -standardin mukainen. Matto on kaksipuolinen ja voidaan k\u00e4ytt\u00e4\u00e4 molemmin p\u00e4in. Matto on pesunkest\u00e4v\u00e4 ja sit\u00e4 on [\u2026] <a href=\"https:\/\/www.viitanordic.com\/fi\/product\/puuvillamatot-kotimaiset-rasymatot\/puuvillamatto-olle-keltainen\/\">\u00bb Lue Lis\u00e4\u00e4<\/a><\/p>\n","protected":false},"featured_media":36891,"template":"","meta":{"_acf_changed":false},"product_brand":[],"product_cat":[192],"product_tag":[],"class_list":{"0":"post-36878","1":"product","2":"type-product","3":"status-publish","4":"has-post-thumbnail","6":"product_cat-puuvillamatot-kotimaiset-rasymatot","8":"first","9":"instock","10":"taxable","11":"shipping-taxable","12":"purchasable","13":"product-type-variable","14":"has-default-attributes"},"acf":[],"yoast_head":"<!-- This site is optimized with the Yoast SEO plugin v25.8 - https:\/\/yoast.com\/wordpress\/plugins\/seo\/ -->\n<title>Puuvillamatto Olle - ViitaNordic kotimaisia mattoja, taidolla valmistettu<\/title>\n<meta name=\"description\" content=\"Suositut ja laadukkaat kotimaiset matot. Keltainen puuvillamatto Olle on moderni ja laadukas versio perinteisest\u00e4 r\u00e4symatosta. Tilaa omasi!\" \/>\n<meta name=\"robots\" content=\"index, follow, max-snippet:-1, max-image-preview:large, max-video-preview:-1\" \/>\n<link rel=\"canonical\" href=\"https:\/\/www.viitanordic.com\/fi\/product\/puuvillamatot-kotimaiset-rasymatot\/puuvillamatto-olle-keltainen\/\" \/>\n<meta property=\"og:locale\" content=\"fi_FI\" \/>\n<meta property=\"og:type\" content=\"article\" \/>\n<meta property=\"og:title\" content=\"Puuvillamatto Olle - ViitaNordic kotimaisia mattoja, taidolla valmistettu\" \/>\n<meta property=\"og:description\" content=\"Suositut ja laadukkaat kotimaiset matot. Keltainen puuvillamatto Olle on moderni ja laadukas versio perinteisest\u00e4 r\u00e4symatosta. Tilaa omasi!\" \/>\n<meta property=\"og:url\" content=\"https:\/\/www.viitanordic.com\/fi\/product\/puuvillamatot-kotimaiset-rasymatot\/puuvillamatto-olle-keltainen\/\" \/>\n<meta property=\"og:site_name\" content=\"Suomalaisia mattoja - Puuvillamattoja - ViitaNordic\" \/>\n<meta property=\"article:publisher\" content=\"https:\/\/www.facebook.com\/viitanordic\" \/>\n<meta property=\"article:modified_time\" content=\"2024-11-16T16:27:18+00:00\" \/>\n<meta property=\"og:image\" content=\"https:\/\/www.viitanordic.com\/lataukset\/Rag-rug-Olle-Yellow.jpg\" \/>\n\t<meta property=\"og:image:width\" content=\"1920\" \/>\n\t<meta property=\"og:image:height\" content=\"955\" \/>\n\t<meta property=\"og:image:type\" content=\"image\/jpeg\" \/>\n<meta name=\"twitter:label1\" content=\"Arvioitu lukuaika\" \/>\n\t<meta name=\"twitter:data1\" content=\"1 minuutti\" \/>\n<script type=\"application\/ld+json\" class=\"yoast-schema-graph\">{\"@context\":\"https:\/\/schema.org\",\"@graph\":[{\"@type\":\"WebPage\",\"@id\":\"https:\/\/www.viitanordic.com\/fi\/product\/puuvillamatot-kotimaiset-rasymatot\/puuvillamatto-olle-keltainen\/\",\"url\":\"https:\/\/www.viitanordic.com\/fi\/product\/puuvillamatot-kotimaiset-rasymatot\/puuvillamatto-olle-keltainen\/\",\"name\":\"Puuvillamatto Olle - ViitaNordic kotimaisia mattoja, taidolla valmistettu\",\"isPartOf\":{\"@id\":\"https:\/\/www.viitanordic.com\/#website\"},\"primaryImageOfPage\":{\"@id\":\"https:\/\/www.viitanordic.com\/fi\/product\/puuvillamatot-kotimaiset-rasymatot\/puuvillamatto-olle-keltainen\/#primaryimage\"},\"image\":{\"@id\":\"https:\/\/www.viitanordic.com\/fi\/product\/puuvillamatot-kotimaiset-rasymatot\/puuvillamatto-olle-keltainen\/#primaryimage\"},\"thumbnailUrl\":\"https:\/\/www.viitanordic.com\/lataukset\/Rag-rug-Olle-Yellow.jpg\",\"datePublished\":\"2021-08-20T20:03:56+00:00\",\"dateModified\":\"2024-11-16T16:27:18+00:00\",\"description\":\"Suositut ja laadukkaat kotimaiset matot. Keltainen puuvillamatto Olle on moderni ja laadukas versio perinteisest\u00e4 r\u00e4symatosta. Tilaa omasi!\",\"breadcrumb\":{\"@id\":\"https:\/\/www.viitanordic.com\/fi\/product\/puuvillamatot-kotimaiset-rasymatot\/puuvillamatto-olle-keltainen\/#breadcrumb\"},\"inLanguage\":\"fi\",\"potentialAction\":[{\"@type\":\"ReadAction\",\"target\":[\"https:\/\/www.viitanordic.com\/fi\/product\/puuvillamatot-kotimaiset-rasymatot\/puuvillamatto-olle-keltainen\/\"]}]},{\"@type\":\"ImageObject\",\"inLanguage\":\"fi\",\"@id\":\"https:\/\/www.viitanordic.com\/fi\/product\/puuvillamatot-kotimaiset-rasymatot\/puuvillamatto-olle-keltainen\/#primaryimage\",\"url\":\"https:\/\/www.viitanordic.com\/lataukset\/Rag-rug-Olle-Yellow.jpg\",\"contentUrl\":\"https:\/\/www.viitanordic.com\/lataukset\/Rag-rug-Olle-Yellow.jpg\",\"width\":1920,\"height\":955,\"caption\":\"Puuvillamatto keltainen. kotimainen matto, laadukas matto, Suomalainen R\u00e4symatto, design Jukka rintala\"},{\"@type\":\"BreadcrumbList\",\"@id\":\"https:\/\/www.viitanordic.com\/fi\/product\/puuvillamatot-kotimaiset-rasymatot\/puuvillamatto-olle-keltainen\/#breadcrumb\",\"itemListElement\":[{\"@type\":\"ListItem\",\"position\":1,\"name\":\"Etusivu\",\"item\":\"https:\/\/www.viitanordic.com\/fi\/\"},{\"@type\":\"ListItem\",\"position\":2,\"name\":\"Kotimaisia mattoja &#8211; taidolla valmistettu\",\"item\":\"https:\/\/www.viitanordic.com\/fi\/\"},{\"@type\":\"ListItem\",\"position\":3,\"name\":\"Puuvillamatto Olle\"}]},{\"@type\":\"WebSite\",\"@id\":\"https:\/\/www.viitanordic.com\/#website\",\"url\":\"https:\/\/www.viitanordic.com\/\",\"name\":\"Scandinavian Rugs - Nordic Rugs - Made in Finland \u2013 ViitaNordic\",\"description\":\"Suomalaisia mattoja - Puuvillamattoja - ViitaNordic\",\"publisher\":{\"@id\":\"https:\/\/www.viitanordic.com\/#organization\"},\"potentialAction\":[{\"@type\":\"SearchAction\",\"target\":{\"@type\":\"EntryPoint\",\"urlTemplate\":\"https:\/\/www.viitanordic.com\/?s={search_term_string}\"},\"query-input\":{\"@type\":\"PropertyValueSpecification\",\"valueRequired\":true,\"valueName\":\"search_term_string\"}}],\"inLanguage\":\"fi\"},{\"@type\":\"Organization\",\"@id\":\"https:\/\/www.viitanordic.com\/#organization\",\"name\":\"ViitaNordic Oy\",\"url\":\"https:\/\/www.viitanordic.com\/\",\"logo\":{\"@type\":\"ImageObject\",\"inLanguage\":\"fi\",\"@id\":\"https:\/\/www.viitanordic.com\/#\/schema\/logo\/image\/\",\"url\":\"https:\/\/www.viitanordic.com\/lataukset\/logo-viitanordic.png\",\"contentUrl\":\"https:\/\/www.viitanordic.com\/lataukset\/logo-viitanordic.png\",\"width\":720,\"height\":111,\"caption\":\"ViitaNordic Oy\"},\"image\":{\"@id\":\"https:\/\/www.viitanordic.com\/#\/schema\/logo\/image\/\"},\"sameAs\":[\"https:\/\/www.facebook.com\/viitanordic\",\"https:\/\/fi.pinterest.com\/viitanordic\/\"]}]}<\/script>\n<!-- \/ Yoast SEO plugin. -->","yoast_head_json":{"title":"Puuvillamatto Olle - ViitaNordic kotimaisia mattoja, taidolla valmistettu","description":"Suositut ja laadukkaat kotimaiset matot. Keltainen puuvillamatto Olle on moderni ja laadukas versio perinteisest\u00e4 r\u00e4symatosta. Tilaa omasi!","robots":{"index":"index","follow":"follow","max-snippet":"max-snippet:-1","max-image-preview":"max-image-preview:large","max-video-preview":"max-video-preview:-1"},"canonical":"https:\/\/www.viitanordic.com\/fi\/product\/puuvillamatot-kotimaiset-rasymatot\/puuvillamatto-olle-keltainen\/","og_locale":"fi_FI","og_type":"article","og_title":"Puuvillamatto Olle - ViitaNordic kotimaisia mattoja, taidolla valmistettu","og_description":"Suositut ja laadukkaat kotimaiset matot. Keltainen puuvillamatto Olle on moderni ja laadukas versio perinteisest\u00e4 r\u00e4symatosta. Tilaa omasi!","og_url":"https:\/\/www.viitanordic.com\/fi\/product\/puuvillamatot-kotimaiset-rasymatot\/puuvillamatto-olle-keltainen\/","og_site_name":"Suomalaisia mattoja - Puuvillamattoja - ViitaNordic","article_publisher":"https:\/\/www.facebook.com\/viitanordic","article_modified_time":"2024-11-16T16:27:18+00:00","og_image":[{"width":1920,"height":955,"url":"https:\/\/www.viitanordic.com\/lataukset\/Rag-rug-Olle-Yellow.jpg","type":"image\/jpeg"}],"twitter_misc":{"Arvioitu lukuaika":"1 minuutti"},"schema":{"@context":"https:\/\/schema.org","@graph":[{"@type":"WebPage","@id":"https:\/\/www.viitanordic.com\/fi\/product\/puuvillamatot-kotimaiset-rasymatot\/puuvillamatto-olle-keltainen\/","url":"https:\/\/www.viitanordic.com\/fi\/product\/puuvillamatot-kotimaiset-rasymatot\/puuvillamatto-olle-keltainen\/","name":"Puuvillamatto Olle - ViitaNordic kotimaisia mattoja, taidolla valmistettu","isPartOf":{"@id":"https:\/\/www.viitanordic.com\/#website"},"primaryImageOfPage":{"@id":"https:\/\/www.viitanordic.com\/fi\/product\/puuvillamatot-kotimaiset-rasymatot\/puuvillamatto-olle-keltainen\/#primaryimage"},"image":{"@id":"https:\/\/www.viitanordic.com\/fi\/product\/puuvillamatot-kotimaiset-rasymatot\/puuvillamatto-olle-keltainen\/#primaryimage"},"thumbnailUrl":"https:\/\/www.viitanordic.com\/lataukset\/Rag-rug-Olle-Yellow.jpg","datePublished":"2021-08-20T20:03:56+00:00","dateModified":"2024-11-16T16:27:18+00:00","description":"Suositut ja laadukkaat kotimaiset matot. Keltainen puuvillamatto Olle on moderni ja laadukas versio perinteisest\u00e4 r\u00e4symatosta. Tilaa omasi!","breadcrumb":{"@id":"https:\/\/www.viitanordic.com\/fi\/product\/puuvillamatot-kotimaiset-rasymatot\/puuvillamatto-olle-keltainen\/#breadcrumb"},"inLanguage":"fi","potentialAction":[{"@type":"ReadAction","target":["https:\/\/www.viitanordic.com\/fi\/product\/puuvillamatot-kotimaiset-rasymatot\/puuvillamatto-olle-keltainen\/"]}]},{"@type":"ImageObject","inLanguage":"fi","@id":"https:\/\/www.viitanordic.com\/fi\/product\/puuvillamatot-kotimaiset-rasymatot\/puuvillamatto-olle-keltainen\/#primaryimage","url":"https:\/\/www.viitanordic.com\/lataukset\/Rag-rug-Olle-Yellow.jpg","contentUrl":"https:\/\/www.viitanordic.com\/lataukset\/Rag-rug-Olle-Yellow.jpg","width":1920,"height":955,"caption":"Puuvillamatto keltainen. kotimainen matto, laadukas matto, Suomalainen R\u00e4symatto, design Jukka rintala"},{"@type":"BreadcrumbList","@id":"https:\/\/www.viitanordic.com\/fi\/product\/puuvillamatot-kotimaiset-rasymatot\/puuvillamatto-olle-keltainen\/#breadcrumb","itemListElement":[{"@type":"ListItem","position":1,"name":"Etusivu","item":"https:\/\/www.viitanordic.com\/fi\/"},{"@type":"ListItem","position":2,"name":"Kotimaisia mattoja &#8211; taidolla valmistettu","item":"https:\/\/www.viitanordic.com\/fi\/"},{"@type":"ListItem","position":3,"name":"Puuvillamatto Olle"}]},{"@type":"WebSite","@id":"https:\/\/www.viitanordic.com\/#website","url":"https:\/\/www.viitanordic.com\/","name":"Scandinavian Rugs - Nordic Rugs - Made in Finland \u2013 ViitaNordic","description":"Suomalaisia mattoja - Puuvillamattoja - ViitaNordic","publisher":{"@id":"https:\/\/www.viitanordic.com\/#organization"},"potentialAction":[{"@type":"SearchAction","target":{"@type":"EntryPoint","urlTemplate":"https:\/\/www.viitanordic.com\/?s={search_term_string}"},"query-input":{"@type":"PropertyValueSpecification","valueRequired":true,"valueName":"search_term_string"}}],"inLanguage":"fi"},{"@type":"Organization","@id":"https:\/\/www.viitanordic.com\/#organization","name":"ViitaNordic Oy","url":"https:\/\/www.viitanordic.com\/","logo":{"@type":"ImageObject","inLanguage":"fi","@id":"https:\/\/www.viitanordic.com\/#\/schema\/logo\/image\/","url":"https:\/\/www.viitanordic.com\/lataukset\/logo-viitanordic.png","contentUrl":"https:\/\/www.viitanordic.com\/lataukset\/logo-viitanordic.png","width":720,"height":111,"caption":"ViitaNordic Oy"},"image":{"@id":"https:\/\/www.viitanordic.com\/#\/schema\/logo\/image\/"},"sameAs":["https:\/\/www.facebook.com\/viitanordic","https:\/\/fi.pinterest.com\/viitanordic\/"]}]}},"_links":{"self":[{"href":"https:\/\/www.viitanordic.com\/fi\/wp-json\/wp\/v2\/product\/36878","targetHints":{"allow":["GET"]}}],"collection":[{"href":"https:\/\/www.viitanordic.com\/fi\/wp-json\/wp\/v2\/product"}],"about":[{"href":"https:\/\/www.viitanordic.com\/fi\/wp-json\/wp\/v2\/types\/product"}],"wp:featuredmedia":[{"embeddable":true,"href":"https:\/\/www.viitanordic.com\/fi\/wp-json\/wp\/v2\/media\/36891"}],"wp:attachment":[{"href":"https:\/\/www.viitanordic.com\/fi\/wp-json\/wp\/v2\/media?parent=36878"}],"wp:term":[{"taxonomy":"product_brand","embeddable":true,"href":"https:\/\/www.viitanordic.com\/fi\/wp-json\/wp\/v2\/product_brand?post=36878"},{"taxonomy":"product_cat","embeddable":true,"href":"https:\/\/www.viitanordic.com\/fi\/wp-json\/wp\/v2\/product_cat?post=36878"},{"taxonomy":"product_tag","embeddable":true,"href":"https:\/\/www.viitanordic.com\/fi\/wp-json\/wp\/v2\/product_tag?post=36878"}],"curies":[{"name":"wp","href":"https:\/\/api.w.org\/{rel}","templated":true}]}}