{"id":38239,"date":"2021-09-11T22:17:38","date_gmt":"2021-09-11T19:17:39","guid":{"rendered":"https:\/\/www.viitanordic.com\/?post_type=product&#038;p=38239"},"modified":"2025-06-09T18:50:04","modified_gmt":"2025-06-09T15:50:04","slug":"matto-haiku-kupari","status":"publish","type":"product","link":"https:\/\/www.viitanordic.com\/fi\/product\/design-matot\/matto-haiku-kupari\/","title":{"rendered":"Matto Haiku &#8211; Design Elina Helenius"},"content":{"rendered":"<p>Sertifioidusta villasta kudottu, hienostunut ja pelkistetty HAIKU on kuin kolmis\u00e4keinen runo. Meditatiivisen herkk\u00e4 tunnelma syntyy maton pinnan rytmisist\u00e4 sidosraidoista.<br \/>\nMinimalistinen ja rauhallinen HAIKU hehkuu hiljaista kauneutta luoden ymp\u00e4rilleen levollisen tunnelman. Arkisten mietteiden kurottelun kehyst\u00e4j\u00e4n\u00e4 HAIKU-matto suo sijan eleett\u00f6m\u00e4lle seesteisyydelle.<\/p>\n<p><strong>Merkki:<\/strong> VM-Carpet<\/p>\n<p><strong>Materiaali:<\/strong><strong>\u00a0<\/strong>45% villa, 55% paperinaru<\/p>\n<p><strong>Alkuper\u00e4maa: <\/strong>Suomi<\/p>\n<p><strong>Valmistus:<\/strong> Kudottu<\/p>\n<p><strong>Hoito-ohje:\u00a0<\/strong>S\u00e4\u00e4nn\u00f6llinen imurointi. Tahrojen poisto tuoreeltaan puhtaalla, kostealla liinalla. Ei hankausta.<\/p>\n<p><strong>Pesuohje:<\/strong>\u00a0Kuivapesu vaahdolla tai hell\u00e4varainen tasovesipesu max. +30\u00baC miedolla pesuliuoksella ja pehme\u00e4ll\u00e4 harjalla. Ei liotusta tai hankausta. Huolellinen huuhtelu runsaalla vedell\u00e4. Ylim\u00e4\u00e4r\u00e4inen vesi poistetaan esim. telapuristimella. Matto muotoillaan kosteana ja kuivatetaan ilmavasti tasossa. Ei saa taittaa. Suositellaan ammattimaista tasopesua. Suojak\u00e4sittelyn voi uusia pesun j\u00e4lkeen.<\/p>\n","protected":false},"excerpt":{"rendered":"<p>Sertifioidusta villasta kudottu, hienostunut ja pelkistetty HAIKU on kuin kolmis\u00e4keinen runo. Meditatiivisen herkk\u00e4 tunnelma syntyy maton pinnan rytmisist\u00e4 sidosraidoista. Minimalistinen ja rauhallinen HAIKU hehkuu hiljaista kauneutta luoden ymp\u00e4rilleen levollisen tunnelman. Arkisten mietteiden kurottelun kehyst\u00e4j\u00e4n\u00e4 HAIKU-matto suo sijan eleett\u00f6m\u00e4lle seesteisyydelle. Merkki: VM-Carpet Materiaali:\u00a045% villa, 55% paperinaru Alkuper\u00e4maa: Suomi Valmistus: Kudottu Hoito-ohje:\u00a0S\u00e4\u00e4nn\u00f6llinen imurointi. Tahrojen poisto tuoreeltaan puhtaalla, [\u2026] <a href=\"https:\/\/www.viitanordic.com\/fi\/product\/design-matot\/matto-haiku-kupari\/\">\u00bb Lue Lis\u00e4\u00e4<\/a><\/p>\n","protected":false},"featured_media":38249,"template":"","meta":{"_acf_changed":false},"product_brand":[],"product_cat":[1022,831],"product_tag":[],"class_list":{"0":"post-38239","1":"product","2":"type-product","3":"status-publish","4":"has-post-thumbnail","6":"product_cat-villamatot-suomesta-kotimaiset-matot","7":"product_cat-design-matot","9":"first","10":"instock","11":"taxable","12":"shipping-taxable","13":"purchasable","14":"product-type-variable","15":"has-default-attributes"},"acf":[],"yoast_head":"<!-- This site is optimized with the Yoast SEO plugin v25.8 - https:\/\/yoast.com\/wordpress\/plugins\/seo\/ -->\n<title>Matto Haiku - Design Elina Helenius - Suomalaisia mattoja - Puuvillamattoja - ViitaNordic - Villamatto<\/title>\n<meta name=\"description\" content=\"Sertifioidusta villasta kudottu, hienostunut ja pelkistetty HAIKU on kuin kolmis\u00e4keinen runo. Meditatiivisen herkk\u00e4 tunnelma syntyy maton pinnan rytmisist\u00e4 sidosraidoista.Minimalistinen ja rauhallinen HAIKU hehkuu hiljaista kauneutta luoden ymp\u00e4rilleen levollisen tunnelman. Arkisten mietteiden kurottelun kehyst\u00e4j\u00e4n\u00e4 HAIKU-matto suo sijan eleett\u00f6m\u00e4lle seesteisyydelle.\" \/>\n<meta name=\"robots\" content=\"index, follow, max-snippet:-1, max-image-preview:large, max-video-preview:-1\" \/>\n<link rel=\"canonical\" href=\"https:\/\/www.viitanordic.com\/fi\/product\/design-matot\/matto-haiku-kupari\/\" \/>\n<meta property=\"og:locale\" content=\"fi_FI\" \/>\n<meta property=\"og:type\" content=\"article\" \/>\n<meta property=\"og:title\" content=\"Matto Haiku - Design Elina Helenius - Suomalaisia mattoja - Puuvillamattoja - ViitaNordic - Villamatto\" \/>\n<meta property=\"og:description\" content=\"Sertifioidusta villasta kudottu, hienostunut ja pelkistetty HAIKU on kuin kolmis\u00e4keinen runo. Meditatiivisen herkk\u00e4 tunnelma syntyy maton pinnan rytmisist\u00e4 sidosraidoista.Minimalistinen ja rauhallinen HAIKU hehkuu hiljaista kauneutta luoden ymp\u00e4rilleen levollisen tunnelman. Arkisten mietteiden kurottelun kehyst\u00e4j\u00e4n\u00e4 HAIKU-matto suo sijan eleett\u00f6m\u00e4lle seesteisyydelle.\" \/>\n<meta property=\"og:url\" content=\"https:\/\/www.viitanordic.com\/fi\/product\/design-matot\/matto-haiku-kupari\/\" \/>\n<meta property=\"og:site_name\" content=\"Suomalaisia mattoja - Puuvillamattoja - ViitaNordic\" \/>\n<meta property=\"article:publisher\" content=\"https:\/\/www.facebook.com\/viitanordic\" \/>\n<meta property=\"article:modified_time\" content=\"2025-06-09T15:50:04+00:00\" \/>\n<meta property=\"og:image\" content=\"https:\/\/www.viitanordic.com\/lataukset\/Nordic-rug-Haiku-Copper-deco.jpg\" \/>\n\t<meta property=\"og:image:width\" content=\"1280\" \/>\n\t<meta property=\"og:image:height\" content=\"1920\" \/>\n\t<meta property=\"og:image:type\" content=\"image\/jpeg\" \/>\n<meta name=\"twitter:label1\" content=\"Arvioitu lukuaika\" \/>\n\t<meta name=\"twitter:data1\" content=\"1 minuutti\" \/>\n<script type=\"application\/ld+json\" class=\"yoast-schema-graph\">{\"@context\":\"https:\/\/schema.org\",\"@graph\":[{\"@type\":\"WebPage\",\"@id\":\"https:\/\/www.viitanordic.com\/fi\/product\/design-matot\/matto-haiku-kupari\/\",\"url\":\"https:\/\/www.viitanordic.com\/fi\/product\/design-matot\/matto-haiku-kupari\/\",\"name\":\"Matto Haiku - Design Elina Helenius - Suomalaisia mattoja - Puuvillamattoja - ViitaNordic - Villamatto\",\"isPartOf\":{\"@id\":\"https:\/\/www.viitanordic.com\/#website\"},\"primaryImageOfPage\":{\"@id\":\"https:\/\/www.viitanordic.com\/fi\/product\/design-matot\/matto-haiku-kupari\/#primaryimage\"},\"image\":{\"@id\":\"https:\/\/www.viitanordic.com\/fi\/product\/design-matot\/matto-haiku-kupari\/#primaryimage\"},\"thumbnailUrl\":\"https:\/\/www.viitanordic.com\/lataukset\/Nordic-rug-Haiku-Copper-deco.jpg\",\"datePublished\":\"2021-09-11T19:17:39+00:00\",\"dateModified\":\"2025-06-09T15:50:04+00:00\",\"description\":\"Sertifioidusta villasta kudottu, hienostunut ja pelkistetty HAIKU on kuin kolmis\u00e4keinen runo. Meditatiivisen herkk\u00e4 tunnelma syntyy maton pinnan rytmisist\u00e4 sidosraidoista.Minimalistinen ja rauhallinen HAIKU hehkuu hiljaista kauneutta luoden ymp\u00e4rilleen levollisen tunnelman. Arkisten mietteiden kurottelun kehyst\u00e4j\u00e4n\u00e4 HAIKU-matto suo sijan eleett\u00f6m\u00e4lle seesteisyydelle.\",\"breadcrumb\":{\"@id\":\"https:\/\/www.viitanordic.com\/fi\/product\/design-matot\/matto-haiku-kupari\/#breadcrumb\"},\"inLanguage\":\"fi\",\"potentialAction\":[{\"@type\":\"ReadAction\",\"target\":[\"https:\/\/www.viitanordic.com\/fi\/product\/design-matot\/matto-haiku-kupari\/\"]}]},{\"@type\":\"ImageObject\",\"inLanguage\":\"fi\",\"@id\":\"https:\/\/www.viitanordic.com\/fi\/product\/design-matot\/matto-haiku-kupari\/#primaryimage\",\"url\":\"https:\/\/www.viitanordic.com\/lataukset\/Nordic-rug-Haiku-Copper-deco.jpg\",\"contentUrl\":\"https:\/\/www.viitanordic.com\/lataukset\/Nordic-rug-Haiku-Copper-deco.jpg\",\"width\":1280,\"height\":1920,\"caption\":\"ruskea Villamatto VM-carpet Haiku, Matto, made in finland\"},{\"@type\":\"BreadcrumbList\",\"@id\":\"https:\/\/www.viitanordic.com\/fi\/product\/design-matot\/matto-haiku-kupari\/#breadcrumb\",\"itemListElement\":[{\"@type\":\"ListItem\",\"position\":1,\"name\":\"Etusivu\",\"item\":\"https:\/\/www.viitanordic.com\/fi\/\"},{\"@type\":\"ListItem\",\"position\":2,\"name\":\"Kotimaisia mattoja &#8211; taidolla valmistettu\",\"item\":\"https:\/\/www.viitanordic.com\/fi\/\"},{\"@type\":\"ListItem\",\"position\":3,\"name\":\"Matto Haiku &#8211; Design Elina Helenius\"}]},{\"@type\":\"WebSite\",\"@id\":\"https:\/\/www.viitanordic.com\/#website\",\"url\":\"https:\/\/www.viitanordic.com\/\",\"name\":\"Scandinavian Rugs - Nordic Rugs - Made in Finland \u2013 ViitaNordic\",\"description\":\"Suomalaisia mattoja - Puuvillamattoja - ViitaNordic\",\"publisher\":{\"@id\":\"https:\/\/www.viitanordic.com\/#organization\"},\"potentialAction\":[{\"@type\":\"SearchAction\",\"target\":{\"@type\":\"EntryPoint\",\"urlTemplate\":\"https:\/\/www.viitanordic.com\/?s={search_term_string}\"},\"query-input\":{\"@type\":\"PropertyValueSpecification\",\"valueRequired\":true,\"valueName\":\"search_term_string\"}}],\"inLanguage\":\"fi\"},{\"@type\":\"Organization\",\"@id\":\"https:\/\/www.viitanordic.com\/#organization\",\"name\":\"ViitaNordic Oy\",\"url\":\"https:\/\/www.viitanordic.com\/\",\"logo\":{\"@type\":\"ImageObject\",\"inLanguage\":\"fi\",\"@id\":\"https:\/\/www.viitanordic.com\/#\/schema\/logo\/image\/\",\"url\":\"https:\/\/www.viitanordic.com\/lataukset\/logo-viitanordic.png\",\"contentUrl\":\"https:\/\/www.viitanordic.com\/lataukset\/logo-viitanordic.png\",\"width\":720,\"height\":111,\"caption\":\"ViitaNordic Oy\"},\"image\":{\"@id\":\"https:\/\/www.viitanordic.com\/#\/schema\/logo\/image\/\"},\"sameAs\":[\"https:\/\/www.facebook.com\/viitanordic\",\"https:\/\/fi.pinterest.com\/viitanordic\/\"]}]}<\/script>\n<!-- \/ Yoast SEO plugin. -->","yoast_head_json":{"title":"Matto Haiku - Design Elina Helenius - Suomalaisia mattoja - Puuvillamattoja - ViitaNordic - Villamatto","description":"Sertifioidusta villasta kudottu, hienostunut ja pelkistetty HAIKU on kuin kolmis\u00e4keinen runo. Meditatiivisen herkk\u00e4 tunnelma syntyy maton pinnan rytmisist\u00e4 sidosraidoista.Minimalistinen ja rauhallinen HAIKU hehkuu hiljaista kauneutta luoden ymp\u00e4rilleen levollisen tunnelman. Arkisten mietteiden kurottelun kehyst\u00e4j\u00e4n\u00e4 HAIKU-matto suo sijan eleett\u00f6m\u00e4lle seesteisyydelle.","robots":{"index":"index","follow":"follow","max-snippet":"max-snippet:-1","max-image-preview":"max-image-preview:large","max-video-preview":"max-video-preview:-1"},"canonical":"https:\/\/www.viitanordic.com\/fi\/product\/design-matot\/matto-haiku-kupari\/","og_locale":"fi_FI","og_type":"article","og_title":"Matto Haiku - Design Elina Helenius - Suomalaisia mattoja - Puuvillamattoja - ViitaNordic - Villamatto","og_description":"Sertifioidusta villasta kudottu, hienostunut ja pelkistetty HAIKU on kuin kolmis\u00e4keinen runo. Meditatiivisen herkk\u00e4 tunnelma syntyy maton pinnan rytmisist\u00e4 sidosraidoista.Minimalistinen ja rauhallinen HAIKU hehkuu hiljaista kauneutta luoden ymp\u00e4rilleen levollisen tunnelman. Arkisten mietteiden kurottelun kehyst\u00e4j\u00e4n\u00e4 HAIKU-matto suo sijan eleett\u00f6m\u00e4lle seesteisyydelle.","og_url":"https:\/\/www.viitanordic.com\/fi\/product\/design-matot\/matto-haiku-kupari\/","og_site_name":"Suomalaisia mattoja - Puuvillamattoja - ViitaNordic","article_publisher":"https:\/\/www.facebook.com\/viitanordic","article_modified_time":"2025-06-09T15:50:04+00:00","og_image":[{"width":1280,"height":1920,"url":"https:\/\/www.viitanordic.com\/lataukset\/Nordic-rug-Haiku-Copper-deco.jpg","type":"image\/jpeg"}],"twitter_misc":{"Arvioitu lukuaika":"1 minuutti"},"schema":{"@context":"https:\/\/schema.org","@graph":[{"@type":"WebPage","@id":"https:\/\/www.viitanordic.com\/fi\/product\/design-matot\/matto-haiku-kupari\/","url":"https:\/\/www.viitanordic.com\/fi\/product\/design-matot\/matto-haiku-kupari\/","name":"Matto Haiku - Design Elina Helenius - Suomalaisia mattoja - Puuvillamattoja - ViitaNordic - Villamatto","isPartOf":{"@id":"https:\/\/www.viitanordic.com\/#website"},"primaryImageOfPage":{"@id":"https:\/\/www.viitanordic.com\/fi\/product\/design-matot\/matto-haiku-kupari\/#primaryimage"},"image":{"@id":"https:\/\/www.viitanordic.com\/fi\/product\/design-matot\/matto-haiku-kupari\/#primaryimage"},"thumbnailUrl":"https:\/\/www.viitanordic.com\/lataukset\/Nordic-rug-Haiku-Copper-deco.jpg","datePublished":"2021-09-11T19:17:39+00:00","dateModified":"2025-06-09T15:50:04+00:00","description":"Sertifioidusta villasta kudottu, hienostunut ja pelkistetty HAIKU on kuin kolmis\u00e4keinen runo. Meditatiivisen herkk\u00e4 tunnelma syntyy maton pinnan rytmisist\u00e4 sidosraidoista.Minimalistinen ja rauhallinen HAIKU hehkuu hiljaista kauneutta luoden ymp\u00e4rilleen levollisen tunnelman. Arkisten mietteiden kurottelun kehyst\u00e4j\u00e4n\u00e4 HAIKU-matto suo sijan eleett\u00f6m\u00e4lle seesteisyydelle.","breadcrumb":{"@id":"https:\/\/www.viitanordic.com\/fi\/product\/design-matot\/matto-haiku-kupari\/#breadcrumb"},"inLanguage":"fi","potentialAction":[{"@type":"ReadAction","target":["https:\/\/www.viitanordic.com\/fi\/product\/design-matot\/matto-haiku-kupari\/"]}]},{"@type":"ImageObject","inLanguage":"fi","@id":"https:\/\/www.viitanordic.com\/fi\/product\/design-matot\/matto-haiku-kupari\/#primaryimage","url":"https:\/\/www.viitanordic.com\/lataukset\/Nordic-rug-Haiku-Copper-deco.jpg","contentUrl":"https:\/\/www.viitanordic.com\/lataukset\/Nordic-rug-Haiku-Copper-deco.jpg","width":1280,"height":1920,"caption":"ruskea Villamatto VM-carpet Haiku, Matto, made in finland"},{"@type":"BreadcrumbList","@id":"https:\/\/www.viitanordic.com\/fi\/product\/design-matot\/matto-haiku-kupari\/#breadcrumb","itemListElement":[{"@type":"ListItem","position":1,"name":"Etusivu","item":"https:\/\/www.viitanordic.com\/fi\/"},{"@type":"ListItem","position":2,"name":"Kotimaisia mattoja &#8211; taidolla valmistettu","item":"https:\/\/www.viitanordic.com\/fi\/"},{"@type":"ListItem","position":3,"name":"Matto Haiku &#8211; Design Elina Helenius"}]},{"@type":"WebSite","@id":"https:\/\/www.viitanordic.com\/#website","url":"https:\/\/www.viitanordic.com\/","name":"Scandinavian Rugs - Nordic Rugs - Made in Finland \u2013 ViitaNordic","description":"Suomalaisia mattoja - Puuvillamattoja - ViitaNordic","publisher":{"@id":"https:\/\/www.viitanordic.com\/#organization"},"potentialAction":[{"@type":"SearchAction","target":{"@type":"EntryPoint","urlTemplate":"https:\/\/www.viitanordic.com\/?s={search_term_string}"},"query-input":{"@type":"PropertyValueSpecification","valueRequired":true,"valueName":"search_term_string"}}],"inLanguage":"fi"},{"@type":"Organization","@id":"https:\/\/www.viitanordic.com\/#organization","name":"ViitaNordic Oy","url":"https:\/\/www.viitanordic.com\/","logo":{"@type":"ImageObject","inLanguage":"fi","@id":"https:\/\/www.viitanordic.com\/#\/schema\/logo\/image\/","url":"https:\/\/www.viitanordic.com\/lataukset\/logo-viitanordic.png","contentUrl":"https:\/\/www.viitanordic.com\/lataukset\/logo-viitanordic.png","width":720,"height":111,"caption":"ViitaNordic Oy"},"image":{"@id":"https:\/\/www.viitanordic.com\/#\/schema\/logo\/image\/"},"sameAs":["https:\/\/www.facebook.com\/viitanordic","https:\/\/fi.pinterest.com\/viitanordic\/"]}]}},"_links":{"self":[{"href":"https:\/\/www.viitanordic.com\/fi\/wp-json\/wp\/v2\/product\/38239","targetHints":{"allow":["GET"]}}],"collection":[{"href":"https:\/\/www.viitanordic.com\/fi\/wp-json\/wp\/v2\/product"}],"about":[{"href":"https:\/\/www.viitanordic.com\/fi\/wp-json\/wp\/v2\/types\/product"}],"wp:featuredmedia":[{"embeddable":true,"href":"https:\/\/www.viitanordic.com\/fi\/wp-json\/wp\/v2\/media\/38249"}],"wp:attachment":[{"href":"https:\/\/www.viitanordic.com\/fi\/wp-json\/wp\/v2\/media?parent=38239"}],"wp:term":[{"taxonomy":"product_brand","embeddable":true,"href":"https:\/\/www.viitanordic.com\/fi\/wp-json\/wp\/v2\/product_brand?post=38239"},{"taxonomy":"product_cat","embeddable":true,"href":"https:\/\/www.viitanordic.com\/fi\/wp-json\/wp\/v2\/product_cat?post=38239"},{"taxonomy":"product_tag","embeddable":true,"href":"https:\/\/www.viitanordic.com\/fi\/wp-json\/wp\/v2\/product_tag?post=38239"}],"curies":[{"name":"wp","href":"https:\/\/api.w.org\/{rel}","templated":true}]}}