{"id":40358,"date":"2022-09-24T17:56:32","date_gmt":"2022-09-24T14:56:32","guid":{"rendered":"https:\/\/www.viitanordic.com\/?post_type=product&#038;p=40358"},"modified":"2026-04-28T14:19:20","modified_gmt":"2026-04-28T11:19:20","slug":"viiva-ruskea","status":"publish","type":"product","link":"https:\/\/www.viitanordic.com\/fi\/product\/kauniita-ja-laadukkaita-kotimaisia-mattoja\/viiva-ruskea\/","title":{"rendered":"Viiva"},"content":{"rendered":"<p>Kulutusta kest\u00e4v\u00e4 Sisal-matto soveltuu hyvin k\u00e4yt\u00e4ville ja eteistiloihin. Sile\u00e4sidoksinen Viiva on tyypillisimmill\u00e4\u00e4n kodin edustustiloissa, auloissa ja eteisiss\u00e4 sek\u00e4 julkisien tilojen kabineteissa ja kokoustiloissa. Se soveltuu my\u00f6s lasitetulle terassille ja parvekkeelle.<\/p>\n<p><strong>Mittatilaus:<\/strong> Valitse koko alapuolelta<\/p>\n<p><strong>Merkki:<\/strong> VM-Carpet<\/p>\n<p><strong>Materiaali: <\/strong>100% Sisal<\/p>\n<p><strong>Alkuper\u00e4maa: <\/strong>Suomi, Eurooppa<\/p>\n<p><strong>Valmistus:<\/strong> Kudottu<\/p>\n<p><strong>Pohjaus:<\/strong> Liukumaton pohjaus tekee matosta matosta ryhdikk\u00e4\u00e4n. Pohjaus sopii kaikille lattiapinnoille, my\u00f6s tiloihin joissa on lattial\u00e4mmitys. Se on hajuton ja kierr\u00e4tett\u00e4v\u00e4 eik\u00e4 pohjaus j\u00e4t\u00e4 j\u00e4lki\u00e4 lattiaan tai ker\u00e4\u00e4 p\u00f6ly\u00e4.<\/p>\n<p><strong>Kantti:<\/strong>\u00a0100%\u00a0Puuvilla<\/p>\n<p><strong>Hoito-ohje:\u00a0<\/strong>S\u00e4\u00e4nn\u00f6llinen imurointi. Tahrojen poisto tuoreeltaan puhtaalla, kostealla liinalla. Ei hankausta.<\/p>\n<p><strong>Pesuohje:<\/strong>\u00a0Sisalmatolle ei suositella l\u00e4pikastelua koska kuitu saattaa el\u00e4\u00e4 kastuessaan ja kuivuessaan. Suosittelemme, ett\u00e4 varsinainen maton pesu suoritetaan pesualan ammattilaisen toimesta kuivapesulla.<\/p>\n","protected":false},"excerpt":{"rendered":"<p>Kulutusta kest\u00e4v\u00e4 Sisal-matto soveltuu hyvin k\u00e4yt\u00e4ville ja eteistiloihin. Sile\u00e4sidoksinen Viiva on tyypillisimmill\u00e4\u00e4n kodin edustustiloissa, auloissa ja eteisiss\u00e4 sek\u00e4 julkisien tilojen kabineteissa ja kokoustiloissa. Se soveltuu my\u00f6s lasitetulle terassille ja parvekkeelle. Mittatilaus: Valitse koko alapuolelta Merkki: VM-Carpet Materiaali: 100% Sisal Alkuper\u00e4maa: Suomi, Eurooppa Valmistus: Kudottu Pohjaus: Liukumaton pohjaus tekee matosta matosta ryhdikk\u00e4\u00e4n. Pohjaus sopii kaikille lattiapinnoille, [\u2026] <a href=\"https:\/\/www.viitanordic.com\/fi\/product\/kauniita-ja-laadukkaita-kotimaisia-mattoja\/viiva-ruskea\/\">\u00bb Lue Lis\u00e4\u00e4<\/a><\/p>\n","protected":false},"featured_media":45532,"template":"","meta":{"_acf_changed":false},"product_brand":[],"product_cat":[184],"product_tag":[],"class_list":{"0":"post-40358","1":"product","2":"type-product","3":"status-publish","4":"has-post-thumbnail","6":"product_cat-kauniita-ja-laadukkaita-kotimaisia-mattoja","8":"first","9":"instock","10":"taxable","11":"shipping-taxable","12":"purchasable","13":"product-type-variable","14":"has-default-attributes"},"acf":[],"yoast_head":"<!-- This site is optimized with the Yoast SEO plugin v25.8 - https:\/\/yoast.com\/wordpress\/plugins\/seo\/ -->\n<title>Viiva - Suomalaisia mattoja - Puuvillamattoja - ViitaNordic<\/title>\n<meta name=\"description\" content=\"Kulutusta kest\u00e4v\u00e4 Sisal-matto soveltuu hyvin k\u00e4yt\u00e4ville ja eteistiloihin. Sile\u00e4sidoksinen Viiva on tyypillisimmill\u00e4\u00e4n kodin edustustiloissa, auloissa ja eteisiss\u00e4 sek\u00e4 julkisien tilojen kabineteissa ja kokoustiloissa. Se soveltuu my\u00f6s lasitetulle terassille ja parvekkeelle.\" \/>\n<meta name=\"robots\" content=\"index, follow, max-snippet:-1, max-image-preview:large, max-video-preview:-1\" \/>\n<link rel=\"canonical\" href=\"https:\/\/www.viitanordic.com\/fi\/product\/kauniita-ja-laadukkaita-kotimaisia-mattoja\/viiva-ruskea\/\" \/>\n<meta property=\"og:locale\" content=\"fi_FI\" \/>\n<meta property=\"og:type\" content=\"article\" \/>\n<meta property=\"og:title\" content=\"Viiva - Suomalaisia mattoja - Puuvillamattoja - ViitaNordic\" \/>\n<meta property=\"og:description\" content=\"Kulutusta kest\u00e4v\u00e4 Sisal-matto soveltuu hyvin k\u00e4yt\u00e4ville ja eteistiloihin. Sile\u00e4sidoksinen Viiva on tyypillisimmill\u00e4\u00e4n kodin edustustiloissa, auloissa ja eteisiss\u00e4 sek\u00e4 julkisien tilojen kabineteissa ja kokoustiloissa. Se soveltuu my\u00f6s lasitetulle terassille ja parvekkeelle.\" \/>\n<meta property=\"og:url\" content=\"https:\/\/www.viitanordic.com\/fi\/product\/kauniita-ja-laadukkaita-kotimaisia-mattoja\/viiva-ruskea\/\" \/>\n<meta property=\"og:site_name\" content=\"Suomalaisia mattoja - Puuvillamattoja - ViitaNordic\" \/>\n<meta property=\"article:publisher\" content=\"https:\/\/www.facebook.com\/viitanordic\" \/>\n<meta property=\"article:modified_time\" content=\"2026-04-28T11:19:20+00:00\" \/>\n<meta property=\"og:image\" content=\"https:\/\/www.viitanordic.com\/lataukset\/Scandinavian-Nordic-Sisal-Rug-Color-Taupe.jpg\" \/>\n\t<meta property=\"og:image:width\" content=\"1536\" \/>\n\t<meta property=\"og:image:height\" content=\"1333\" \/>\n\t<meta property=\"og:image:type\" content=\"image\/jpeg\" \/>\n<meta name=\"twitter:label1\" content=\"Arvioitu lukuaika\" \/>\n\t<meta name=\"twitter:data1\" content=\"1 minuutti\" \/>\n<script type=\"application\/ld+json\" class=\"yoast-schema-graph\">{\"@context\":\"https:\/\/schema.org\",\"@graph\":[{\"@type\":\"WebPage\",\"@id\":\"https:\/\/www.viitanordic.com\/fi\/product\/kauniita-ja-laadukkaita-kotimaisia-mattoja\/viiva-ruskea\/\",\"url\":\"https:\/\/www.viitanordic.com\/fi\/product\/kauniita-ja-laadukkaita-kotimaisia-mattoja\/viiva-ruskea\/\",\"name\":\"Viiva - Suomalaisia mattoja - Puuvillamattoja - ViitaNordic\",\"isPartOf\":{\"@id\":\"https:\/\/www.viitanordic.com\/#website\"},\"primaryImageOfPage\":{\"@id\":\"https:\/\/www.viitanordic.com\/fi\/product\/kauniita-ja-laadukkaita-kotimaisia-mattoja\/viiva-ruskea\/#primaryimage\"},\"image\":{\"@id\":\"https:\/\/www.viitanordic.com\/fi\/product\/kauniita-ja-laadukkaita-kotimaisia-mattoja\/viiva-ruskea\/#primaryimage\"},\"thumbnailUrl\":\"https:\/\/www.viitanordic.com\/lataukset\/Scandinavian-Sisal-Rug-Color-Taupe.jpg\",\"datePublished\":\"2022-09-24T14:56:32+00:00\",\"dateModified\":\"2026-04-28T11:19:20+00:00\",\"description\":\"Kulutusta kest\u00e4v\u00e4 Sisal-matto soveltuu hyvin k\u00e4yt\u00e4ville ja eteistiloihin. Sile\u00e4sidoksinen Viiva on tyypillisimmill\u00e4\u00e4n kodin edustustiloissa, auloissa ja eteisiss\u00e4 sek\u00e4 julkisien tilojen kabineteissa ja kokoustiloissa. Se soveltuu my\u00f6s lasitetulle terassille ja parvekkeelle.\",\"breadcrumb\":{\"@id\":\"https:\/\/www.viitanordic.com\/fi\/product\/kauniita-ja-laadukkaita-kotimaisia-mattoja\/viiva-ruskea\/#breadcrumb\"},\"inLanguage\":\"fi\",\"potentialAction\":[{\"@type\":\"ReadAction\",\"target\":[\"https:\/\/www.viitanordic.com\/fi\/product\/kauniita-ja-laadukkaita-kotimaisia-mattoja\/viiva-ruskea\/\"]}]},{\"@type\":\"ImageObject\",\"inLanguage\":\"fi\",\"@id\":\"https:\/\/www.viitanordic.com\/fi\/product\/kauniita-ja-laadukkaita-kotimaisia-mattoja\/viiva-ruskea\/#primaryimage\",\"url\":\"https:\/\/www.viitanordic.com\/lataukset\/Scandinavian-Sisal-Rug-Color-Taupe.jpg\",\"contentUrl\":\"https:\/\/www.viitanordic.com\/lataukset\/Scandinavian-Sisal-Rug-Color-Taupe.jpg\",\"width\":1920,\"height\":1291,\"caption\":\"Enhance your home with this Scandinavian sisal rug, combining natural elegance and durability for a cozy, modern look\"},{\"@type\":\"BreadcrumbList\",\"@id\":\"https:\/\/www.viitanordic.com\/fi\/product\/kauniita-ja-laadukkaita-kotimaisia-mattoja\/viiva-ruskea\/#breadcrumb\",\"itemListElement\":[{\"@type\":\"ListItem\",\"position\":1,\"name\":\"Etusivu\",\"item\":\"https:\/\/www.viitanordic.com\/fi\/\"},{\"@type\":\"ListItem\",\"position\":2,\"name\":\"Kotimaisia mattoja &#8211; taidolla valmistettu\",\"item\":\"https:\/\/www.viitanordic.com\/fi\/\"},{\"@type\":\"ListItem\",\"position\":3,\"name\":\"Viiva\"}]},{\"@type\":\"WebSite\",\"@id\":\"https:\/\/www.viitanordic.com\/#website\",\"url\":\"https:\/\/www.viitanordic.com\/\",\"name\":\"Scandinavian Rugs - Nordic Rugs - Made in Finland \u2013 ViitaNordic\",\"description\":\"Suomalaisia mattoja - Puuvillamattoja - ViitaNordic\",\"publisher\":{\"@id\":\"https:\/\/www.viitanordic.com\/#organization\"},\"potentialAction\":[{\"@type\":\"SearchAction\",\"target\":{\"@type\":\"EntryPoint\",\"urlTemplate\":\"https:\/\/www.viitanordic.com\/?s={search_term_string}\"},\"query-input\":{\"@type\":\"PropertyValueSpecification\",\"valueRequired\":true,\"valueName\":\"search_term_string\"}}],\"inLanguage\":\"fi\"},{\"@type\":\"Organization\",\"@id\":\"https:\/\/www.viitanordic.com\/#organization\",\"name\":\"ViitaNordic Oy\",\"url\":\"https:\/\/www.viitanordic.com\/\",\"logo\":{\"@type\":\"ImageObject\",\"inLanguage\":\"fi\",\"@id\":\"https:\/\/www.viitanordic.com\/#\/schema\/logo\/image\/\",\"url\":\"https:\/\/www.viitanordic.com\/lataukset\/logo-viitanordic.png\",\"contentUrl\":\"https:\/\/www.viitanordic.com\/lataukset\/logo-viitanordic.png\",\"width\":720,\"height\":111,\"caption\":\"ViitaNordic Oy\"},\"image\":{\"@id\":\"https:\/\/www.viitanordic.com\/#\/schema\/logo\/image\/\"},\"sameAs\":[\"https:\/\/www.facebook.com\/viitanordic\",\"https:\/\/fi.pinterest.com\/viitanordic\/\"]}]}<\/script>\n<!-- \/ Yoast SEO plugin. -->","yoast_head_json":{"title":"Viiva - Suomalaisia mattoja - Puuvillamattoja - ViitaNordic","description":"Kulutusta kest\u00e4v\u00e4 Sisal-matto soveltuu hyvin k\u00e4yt\u00e4ville ja eteistiloihin. Sile\u00e4sidoksinen Viiva on tyypillisimmill\u00e4\u00e4n kodin edustustiloissa, auloissa ja eteisiss\u00e4 sek\u00e4 julkisien tilojen kabineteissa ja kokoustiloissa. Se soveltuu my\u00f6s lasitetulle terassille ja parvekkeelle.","robots":{"index":"index","follow":"follow","max-snippet":"max-snippet:-1","max-image-preview":"max-image-preview:large","max-video-preview":"max-video-preview:-1"},"canonical":"https:\/\/www.viitanordic.com\/fi\/product\/kauniita-ja-laadukkaita-kotimaisia-mattoja\/viiva-ruskea\/","og_locale":"fi_FI","og_type":"article","og_title":"Viiva - Suomalaisia mattoja - Puuvillamattoja - ViitaNordic","og_description":"Kulutusta kest\u00e4v\u00e4 Sisal-matto soveltuu hyvin k\u00e4yt\u00e4ville ja eteistiloihin. Sile\u00e4sidoksinen Viiva on tyypillisimmill\u00e4\u00e4n kodin edustustiloissa, auloissa ja eteisiss\u00e4 sek\u00e4 julkisien tilojen kabineteissa ja kokoustiloissa. Se soveltuu my\u00f6s lasitetulle terassille ja parvekkeelle.","og_url":"https:\/\/www.viitanordic.com\/fi\/product\/kauniita-ja-laadukkaita-kotimaisia-mattoja\/viiva-ruskea\/","og_site_name":"Suomalaisia mattoja - Puuvillamattoja - ViitaNordic","article_publisher":"https:\/\/www.facebook.com\/viitanordic","article_modified_time":"2026-04-28T11:19:20+00:00","og_image":[{"width":1536,"height":1333,"url":"https:\/\/www.viitanordic.com\/lataukset\/Scandinavian-Nordic-Sisal-Rug-Color-Taupe.jpg","type":"image\/jpeg"}],"twitter_misc":{"Arvioitu lukuaika":"1 minuutti"},"schema":{"@context":"https:\/\/schema.org","@graph":[{"@type":"WebPage","@id":"https:\/\/www.viitanordic.com\/fi\/product\/kauniita-ja-laadukkaita-kotimaisia-mattoja\/viiva-ruskea\/","url":"https:\/\/www.viitanordic.com\/fi\/product\/kauniita-ja-laadukkaita-kotimaisia-mattoja\/viiva-ruskea\/","name":"Viiva - Suomalaisia mattoja - Puuvillamattoja - ViitaNordic","isPartOf":{"@id":"https:\/\/www.viitanordic.com\/#website"},"primaryImageOfPage":{"@id":"https:\/\/www.viitanordic.com\/fi\/product\/kauniita-ja-laadukkaita-kotimaisia-mattoja\/viiva-ruskea\/#primaryimage"},"image":{"@id":"https:\/\/www.viitanordic.com\/fi\/product\/kauniita-ja-laadukkaita-kotimaisia-mattoja\/viiva-ruskea\/#primaryimage"},"thumbnailUrl":"https:\/\/www.viitanordic.com\/lataukset\/Scandinavian-Sisal-Rug-Color-Taupe.jpg","datePublished":"2022-09-24T14:56:32+00:00","dateModified":"2026-04-28T11:19:20+00:00","description":"Kulutusta kest\u00e4v\u00e4 Sisal-matto soveltuu hyvin k\u00e4yt\u00e4ville ja eteistiloihin. Sile\u00e4sidoksinen Viiva on tyypillisimmill\u00e4\u00e4n kodin edustustiloissa, auloissa ja eteisiss\u00e4 sek\u00e4 julkisien tilojen kabineteissa ja kokoustiloissa. Se soveltuu my\u00f6s lasitetulle terassille ja parvekkeelle.","breadcrumb":{"@id":"https:\/\/www.viitanordic.com\/fi\/product\/kauniita-ja-laadukkaita-kotimaisia-mattoja\/viiva-ruskea\/#breadcrumb"},"inLanguage":"fi","potentialAction":[{"@type":"ReadAction","target":["https:\/\/www.viitanordic.com\/fi\/product\/kauniita-ja-laadukkaita-kotimaisia-mattoja\/viiva-ruskea\/"]}]},{"@type":"ImageObject","inLanguage":"fi","@id":"https:\/\/www.viitanordic.com\/fi\/product\/kauniita-ja-laadukkaita-kotimaisia-mattoja\/viiva-ruskea\/#primaryimage","url":"https:\/\/www.viitanordic.com\/lataukset\/Scandinavian-Sisal-Rug-Color-Taupe.jpg","contentUrl":"https:\/\/www.viitanordic.com\/lataukset\/Scandinavian-Sisal-Rug-Color-Taupe.jpg","width":1920,"height":1291,"caption":"Enhance your home with this Scandinavian sisal rug, combining natural elegance and durability for a cozy, modern look"},{"@type":"BreadcrumbList","@id":"https:\/\/www.viitanordic.com\/fi\/product\/kauniita-ja-laadukkaita-kotimaisia-mattoja\/viiva-ruskea\/#breadcrumb","itemListElement":[{"@type":"ListItem","position":1,"name":"Etusivu","item":"https:\/\/www.viitanordic.com\/fi\/"},{"@type":"ListItem","position":2,"name":"Kotimaisia mattoja &#8211; taidolla valmistettu","item":"https:\/\/www.viitanordic.com\/fi\/"},{"@type":"ListItem","position":3,"name":"Viiva"}]},{"@type":"WebSite","@id":"https:\/\/www.viitanordic.com\/#website","url":"https:\/\/www.viitanordic.com\/","name":"Scandinavian Rugs - Nordic Rugs - Made in Finland \u2013 ViitaNordic","description":"Suomalaisia mattoja - Puuvillamattoja - ViitaNordic","publisher":{"@id":"https:\/\/www.viitanordic.com\/#organization"},"potentialAction":[{"@type":"SearchAction","target":{"@type":"EntryPoint","urlTemplate":"https:\/\/www.viitanordic.com\/?s={search_term_string}"},"query-input":{"@type":"PropertyValueSpecification","valueRequired":true,"valueName":"search_term_string"}}],"inLanguage":"fi"},{"@type":"Organization","@id":"https:\/\/www.viitanordic.com\/#organization","name":"ViitaNordic Oy","url":"https:\/\/www.viitanordic.com\/","logo":{"@type":"ImageObject","inLanguage":"fi","@id":"https:\/\/www.viitanordic.com\/#\/schema\/logo\/image\/","url":"https:\/\/www.viitanordic.com\/lataukset\/logo-viitanordic.png","contentUrl":"https:\/\/www.viitanordic.com\/lataukset\/logo-viitanordic.png","width":720,"height":111,"caption":"ViitaNordic Oy"},"image":{"@id":"https:\/\/www.viitanordic.com\/#\/schema\/logo\/image\/"},"sameAs":["https:\/\/www.facebook.com\/viitanordic","https:\/\/fi.pinterest.com\/viitanordic\/"]}]}},"_links":{"self":[{"href":"https:\/\/www.viitanordic.com\/fi\/wp-json\/wp\/v2\/product\/40358","targetHints":{"allow":["GET"]}}],"collection":[{"href":"https:\/\/www.viitanordic.com\/fi\/wp-json\/wp\/v2\/product"}],"about":[{"href":"https:\/\/www.viitanordic.com\/fi\/wp-json\/wp\/v2\/types\/product"}],"wp:featuredmedia":[{"embeddable":true,"href":"https:\/\/www.viitanordic.com\/fi\/wp-json\/wp\/v2\/media\/45532"}],"wp:attachment":[{"href":"https:\/\/www.viitanordic.com\/fi\/wp-json\/wp\/v2\/media?parent=40358"}],"wp:term":[{"taxonomy":"product_brand","embeddable":true,"href":"https:\/\/www.viitanordic.com\/fi\/wp-json\/wp\/v2\/product_brand?post=40358"},{"taxonomy":"product_cat","embeddable":true,"href":"https:\/\/www.viitanordic.com\/fi\/wp-json\/wp\/v2\/product_cat?post=40358"},{"taxonomy":"product_tag","embeddable":true,"href":"https:\/\/www.viitanordic.com\/fi\/wp-json\/wp\/v2\/product_tag?post=40358"}],"curies":[{"name":"wp","href":"https:\/\/api.w.org\/{rel}","templated":true}]}}