{"id":40783,"date":"2022-11-05T21:24:16","date_gmt":"2022-11-05T19:24:19","guid":{"rendered":"https:\/\/www.viitanordic.com\/?post_type=product&#038;p=40783"},"modified":"2022-11-05T21:29:19","modified_gmt":"2022-11-05T19:29:19","slug":"matto-kaisla-sininen-2","status":"publish","type":"product","link":"https:\/\/www.viitanordic.com\/fi\/product\/paperinarumatot-valmistettu-suomessa\/matto-kaisla-sininen-2\/","title":{"rendered":"Matto Kaisla"},"content":{"rendered":"<div id=\"lyhytkuvaus\">Puuvillan ja paperinarun iloista leikittely\u00e4 maton pinnalla.\u00a0Kaisla-matto on k\u00e4sitelty likaa hylkiv\u00e4ksi. Raaka-aineena k\u00e4ytetty puuvillalanka on valmistettu kierr\u00e4tysmateriaalista.<\/div>\n<p><strong>Mittatilaus:<\/strong> Valitse koko alapuolelta<\/p>\n<p><strong>Merkki: <\/strong>Mattokutomo Malla<\/p>\n<p><strong style=\"line-height: 1.5;\">Materiaali:<\/strong> 80% puuvilla, 20% paperinaru &amp; viscoosi<\/p>\n<p><strong>Alkuper\u00e4maa:<\/strong> Suomi<\/p>\n<p><strong>Valmistus:<\/strong> Kudottu<\/p>\n<p><strong>Kantti:<\/strong>\u00a0100% Puuvilla<\/p>\n<p><strong>Hoito-ohje:\u00a0<\/strong>S\u00e4\u00e4nn\u00f6llinen imurointi. Tahrojen poisto tuoreeltaan puhtaalla, kostealla liinalla. Ei hankausta.<\/p>\n<p><strong>Pesuohje:<\/strong>\u00a0Kuivapesu vaahdolla tai hell\u00e4varainen tasovesipesu max. +30\u00baC miedolla pesuliuoksella ja pehme\u00e4ll\u00e4 harjalla. Ei liotusta tai hankausta. Huolellinen huuhtelu runsaalla vedell\u00e4. Ylim\u00e4\u00e4r\u00e4inen vesi poistetaan esim. telapuristimella. Matto muotoillaan kosteana ja kuivatetaan ilmavasti tasossa. Ei saa taittaa. Suositellaan ammattimaista tasopesua. Suojak\u00e4sittelyn voi uusia pesun j\u00e4lkeen.<\/p>\n","protected":false},"excerpt":{"rendered":"<p>Puuvillan ja paperinarun iloista leikittely\u00e4 maton pinnalla.\u00a0Kaisla-matto on k\u00e4sitelty likaa hylkiv\u00e4ksi. Raaka-aineena k\u00e4ytetty puuvillalanka on valmistettu kierr\u00e4tysmateriaalista. Mittatilaus: Valitse koko alapuolelta Merkki: Mattokutomo Malla Materiaali: 80% puuvilla, 20% paperinaru &amp; viscoosi Alkuper\u00e4maa: Suomi Valmistus: Kudottu Kantti:\u00a0100% Puuvilla Hoito-ohje:\u00a0S\u00e4\u00e4nn\u00f6llinen imurointi. Tahrojen poisto tuoreeltaan puhtaalla, kostealla liinalla. Ei hankausta. Pesuohje:\u00a0Kuivapesu vaahdolla tai hell\u00e4varainen tasovesipesu max. +30\u00baC miedolla [\u2026] <a href=\"https:\/\/www.viitanordic.com\/fi\/product\/paperinarumatot-valmistettu-suomessa\/matto-kaisla-sininen-2\/\">\u00bb Lue Lis\u00e4\u00e4<\/a><\/p>\n","protected":false},"featured_media":40800,"template":"","meta":{"_acf_changed":false},"product_brand":[],"product_cat":[1016],"product_tag":[],"class_list":{"0":"post-40783","1":"product","2":"type-product","3":"status-publish","4":"has-post-thumbnail","6":"product_cat-paperinarumatot-valmistettu-suomessa","8":"first","9":"instock","10":"taxable","11":"shipping-taxable","12":"purchasable","13":"product-type-variable","14":"has-default-attributes"},"acf":[],"yoast_head":"<!-- This site is optimized with the Yoast SEO plugin v25.8 - https:\/\/yoast.com\/wordpress\/plugins\/seo\/ -->\n<title>Matto Kaisla - Suomalaisia mattoja - Puuvillamattoja - ViitaNordic<\/title>\n<meta name=\"description\" content=\"Puuvillan ja paperinarun iloista leikittely\u00e4 maton pinnalla.\" \/>\n<meta name=\"robots\" content=\"index, follow, max-snippet:-1, max-image-preview:large, max-video-preview:-1\" \/>\n<link rel=\"canonical\" href=\"https:\/\/www.viitanordic.com\/fi\/product\/paperinarumatot-valmistettu-suomessa\/matto-kaisla-sininen-2\/\" \/>\n<meta property=\"og:locale\" content=\"fi_FI\" \/>\n<meta property=\"og:type\" content=\"article\" \/>\n<meta property=\"og:title\" content=\"Matto Kaisla - Suomalaisia mattoja - Puuvillamattoja - ViitaNordic\" \/>\n<meta property=\"og:description\" content=\"Puuvillan ja paperinarun iloista leikittely\u00e4 maton pinnalla.\" \/>\n<meta property=\"og:url\" content=\"https:\/\/www.viitanordic.com\/fi\/product\/paperinarumatot-valmistettu-suomessa\/matto-kaisla-sininen-2\/\" \/>\n<meta property=\"og:site_name\" content=\"Suomalaisia mattoja - Puuvillamattoja - ViitaNordic\" \/>\n<meta property=\"article:publisher\" content=\"https:\/\/www.facebook.com\/viitanordic\" \/>\n<meta property=\"article:modified_time\" content=\"2022-11-05T19:29:19+00:00\" \/>\n<meta property=\"og:image\" content=\"https:\/\/www.viitanordic.com\/lataukset\/Nordic-Rug-Kaisla-blue-ViitaNordic.jpg\" \/>\n\t<meta property=\"og:image:width\" content=\"1920\" \/>\n\t<meta property=\"og:image:height\" content=\"807\" \/>\n\t<meta property=\"og:image:type\" content=\"image\/jpeg\" \/>\n<meta name=\"twitter:label1\" content=\"Arvioitu lukuaika\" \/>\n\t<meta name=\"twitter:data1\" content=\"1 minuutti\" \/>\n<script type=\"application\/ld+json\" class=\"yoast-schema-graph\">{\"@context\":\"https:\/\/schema.org\",\"@graph\":[{\"@type\":\"WebPage\",\"@id\":\"https:\/\/www.viitanordic.com\/fi\/product\/paperinarumatot-valmistettu-suomessa\/matto-kaisla-sininen-2\/\",\"url\":\"https:\/\/www.viitanordic.com\/fi\/product\/paperinarumatot-valmistettu-suomessa\/matto-kaisla-sininen-2\/\",\"name\":\"Matto Kaisla - Suomalaisia mattoja - Puuvillamattoja - ViitaNordic\",\"isPartOf\":{\"@id\":\"https:\/\/www.viitanordic.com\/#website\"},\"primaryImageOfPage\":{\"@id\":\"https:\/\/www.viitanordic.com\/fi\/product\/paperinarumatot-valmistettu-suomessa\/matto-kaisla-sininen-2\/#primaryimage\"},\"image\":{\"@id\":\"https:\/\/www.viitanordic.com\/fi\/product\/paperinarumatot-valmistettu-suomessa\/matto-kaisla-sininen-2\/#primaryimage\"},\"thumbnailUrl\":\"https:\/\/www.viitanordic.com\/lataukset\/Nordic-Rug-Kaisla-blue-ViitaNordic.jpg\",\"datePublished\":\"2022-11-05T19:24:19+00:00\",\"dateModified\":\"2022-11-05T19:29:19+00:00\",\"description\":\"Puuvillan ja paperinarun iloista leikittely\u00e4 maton pinnalla.\",\"breadcrumb\":{\"@id\":\"https:\/\/www.viitanordic.com\/fi\/product\/paperinarumatot-valmistettu-suomessa\/matto-kaisla-sininen-2\/#breadcrumb\"},\"inLanguage\":\"fi\",\"potentialAction\":[{\"@type\":\"ReadAction\",\"target\":[\"https:\/\/www.viitanordic.com\/fi\/product\/paperinarumatot-valmistettu-suomessa\/matto-kaisla-sininen-2\/\"]}]},{\"@type\":\"ImageObject\",\"inLanguage\":\"fi\",\"@id\":\"https:\/\/www.viitanordic.com\/fi\/product\/paperinarumatot-valmistettu-suomessa\/matto-kaisla-sininen-2\/#primaryimage\",\"url\":\"https:\/\/www.viitanordic.com\/lataukset\/Nordic-Rug-Kaisla-blue-ViitaNordic.jpg\",\"contentUrl\":\"https:\/\/www.viitanordic.com\/lataukset\/Nordic-Rug-Kaisla-blue-ViitaNordic.jpg\",\"width\":1920,\"height\":807,\"caption\":\"Nordic Rug Kaisla blue ViitaNordic\"},{\"@type\":\"BreadcrumbList\",\"@id\":\"https:\/\/www.viitanordic.com\/fi\/product\/paperinarumatot-valmistettu-suomessa\/matto-kaisla-sininen-2\/#breadcrumb\",\"itemListElement\":[{\"@type\":\"ListItem\",\"position\":1,\"name\":\"Etusivu\",\"item\":\"https:\/\/www.viitanordic.com\/fi\/\"},{\"@type\":\"ListItem\",\"position\":2,\"name\":\"Kotimaisia mattoja &#8211; taidolla valmistettu\",\"item\":\"https:\/\/www.viitanordic.com\/fi\/\"},{\"@type\":\"ListItem\",\"position\":3,\"name\":\"Matto Kaisla\"}]},{\"@type\":\"WebSite\",\"@id\":\"https:\/\/www.viitanordic.com\/#website\",\"url\":\"https:\/\/www.viitanordic.com\/\",\"name\":\"Scandinavian Rugs - Nordic Rugs - Made in Finland \u2013 ViitaNordic\",\"description\":\"Suomalaisia mattoja - Puuvillamattoja - ViitaNordic\",\"publisher\":{\"@id\":\"https:\/\/www.viitanordic.com\/#organization\"},\"potentialAction\":[{\"@type\":\"SearchAction\",\"target\":{\"@type\":\"EntryPoint\",\"urlTemplate\":\"https:\/\/www.viitanordic.com\/?s={search_term_string}\"},\"query-input\":{\"@type\":\"PropertyValueSpecification\",\"valueRequired\":true,\"valueName\":\"search_term_string\"}}],\"inLanguage\":\"fi\"},{\"@type\":\"Organization\",\"@id\":\"https:\/\/www.viitanordic.com\/#organization\",\"name\":\"ViitaNordic Oy\",\"url\":\"https:\/\/www.viitanordic.com\/\",\"logo\":{\"@type\":\"ImageObject\",\"inLanguage\":\"fi\",\"@id\":\"https:\/\/www.viitanordic.com\/#\/schema\/logo\/image\/\",\"url\":\"https:\/\/www.viitanordic.com\/lataukset\/logo-viitanordic.png\",\"contentUrl\":\"https:\/\/www.viitanordic.com\/lataukset\/logo-viitanordic.png\",\"width\":720,\"height\":111,\"caption\":\"ViitaNordic Oy\"},\"image\":{\"@id\":\"https:\/\/www.viitanordic.com\/#\/schema\/logo\/image\/\"},\"sameAs\":[\"https:\/\/www.facebook.com\/viitanordic\",\"https:\/\/fi.pinterest.com\/viitanordic\/\"]}]}<\/script>\n<!-- \/ Yoast SEO plugin. -->","yoast_head_json":{"title":"Matto Kaisla - Suomalaisia mattoja - Puuvillamattoja - ViitaNordic","description":"Puuvillan ja paperinarun iloista leikittely\u00e4 maton pinnalla.","robots":{"index":"index","follow":"follow","max-snippet":"max-snippet:-1","max-image-preview":"max-image-preview:large","max-video-preview":"max-video-preview:-1"},"canonical":"https:\/\/www.viitanordic.com\/fi\/product\/paperinarumatot-valmistettu-suomessa\/matto-kaisla-sininen-2\/","og_locale":"fi_FI","og_type":"article","og_title":"Matto Kaisla - Suomalaisia mattoja - Puuvillamattoja - ViitaNordic","og_description":"Puuvillan ja paperinarun iloista leikittely\u00e4 maton pinnalla.","og_url":"https:\/\/www.viitanordic.com\/fi\/product\/paperinarumatot-valmistettu-suomessa\/matto-kaisla-sininen-2\/","og_site_name":"Suomalaisia mattoja - Puuvillamattoja - ViitaNordic","article_publisher":"https:\/\/www.facebook.com\/viitanordic","article_modified_time":"2022-11-05T19:29:19+00:00","og_image":[{"width":1920,"height":807,"url":"https:\/\/www.viitanordic.com\/lataukset\/Nordic-Rug-Kaisla-blue-ViitaNordic.jpg","type":"image\/jpeg"}],"twitter_misc":{"Arvioitu lukuaika":"1 minuutti"},"schema":{"@context":"https:\/\/schema.org","@graph":[{"@type":"WebPage","@id":"https:\/\/www.viitanordic.com\/fi\/product\/paperinarumatot-valmistettu-suomessa\/matto-kaisla-sininen-2\/","url":"https:\/\/www.viitanordic.com\/fi\/product\/paperinarumatot-valmistettu-suomessa\/matto-kaisla-sininen-2\/","name":"Matto Kaisla - Suomalaisia mattoja - Puuvillamattoja - ViitaNordic","isPartOf":{"@id":"https:\/\/www.viitanordic.com\/#website"},"primaryImageOfPage":{"@id":"https:\/\/www.viitanordic.com\/fi\/product\/paperinarumatot-valmistettu-suomessa\/matto-kaisla-sininen-2\/#primaryimage"},"image":{"@id":"https:\/\/www.viitanordic.com\/fi\/product\/paperinarumatot-valmistettu-suomessa\/matto-kaisla-sininen-2\/#primaryimage"},"thumbnailUrl":"https:\/\/www.viitanordic.com\/lataukset\/Nordic-Rug-Kaisla-blue-ViitaNordic.jpg","datePublished":"2022-11-05T19:24:19+00:00","dateModified":"2022-11-05T19:29:19+00:00","description":"Puuvillan ja paperinarun iloista leikittely\u00e4 maton pinnalla.","breadcrumb":{"@id":"https:\/\/www.viitanordic.com\/fi\/product\/paperinarumatot-valmistettu-suomessa\/matto-kaisla-sininen-2\/#breadcrumb"},"inLanguage":"fi","potentialAction":[{"@type":"ReadAction","target":["https:\/\/www.viitanordic.com\/fi\/product\/paperinarumatot-valmistettu-suomessa\/matto-kaisla-sininen-2\/"]}]},{"@type":"ImageObject","inLanguage":"fi","@id":"https:\/\/www.viitanordic.com\/fi\/product\/paperinarumatot-valmistettu-suomessa\/matto-kaisla-sininen-2\/#primaryimage","url":"https:\/\/www.viitanordic.com\/lataukset\/Nordic-Rug-Kaisla-blue-ViitaNordic.jpg","contentUrl":"https:\/\/www.viitanordic.com\/lataukset\/Nordic-Rug-Kaisla-blue-ViitaNordic.jpg","width":1920,"height":807,"caption":"Nordic Rug Kaisla blue ViitaNordic"},{"@type":"BreadcrumbList","@id":"https:\/\/www.viitanordic.com\/fi\/product\/paperinarumatot-valmistettu-suomessa\/matto-kaisla-sininen-2\/#breadcrumb","itemListElement":[{"@type":"ListItem","position":1,"name":"Etusivu","item":"https:\/\/www.viitanordic.com\/fi\/"},{"@type":"ListItem","position":2,"name":"Kotimaisia mattoja &#8211; taidolla valmistettu","item":"https:\/\/www.viitanordic.com\/fi\/"},{"@type":"ListItem","position":3,"name":"Matto Kaisla"}]},{"@type":"WebSite","@id":"https:\/\/www.viitanordic.com\/#website","url":"https:\/\/www.viitanordic.com\/","name":"Scandinavian Rugs - Nordic Rugs - Made in Finland \u2013 ViitaNordic","description":"Suomalaisia mattoja - Puuvillamattoja - ViitaNordic","publisher":{"@id":"https:\/\/www.viitanordic.com\/#organization"},"potentialAction":[{"@type":"SearchAction","target":{"@type":"EntryPoint","urlTemplate":"https:\/\/www.viitanordic.com\/?s={search_term_string}"},"query-input":{"@type":"PropertyValueSpecification","valueRequired":true,"valueName":"search_term_string"}}],"inLanguage":"fi"},{"@type":"Organization","@id":"https:\/\/www.viitanordic.com\/#organization","name":"ViitaNordic Oy","url":"https:\/\/www.viitanordic.com\/","logo":{"@type":"ImageObject","inLanguage":"fi","@id":"https:\/\/www.viitanordic.com\/#\/schema\/logo\/image\/","url":"https:\/\/www.viitanordic.com\/lataukset\/logo-viitanordic.png","contentUrl":"https:\/\/www.viitanordic.com\/lataukset\/logo-viitanordic.png","width":720,"height":111,"caption":"ViitaNordic Oy"},"image":{"@id":"https:\/\/www.viitanordic.com\/#\/schema\/logo\/image\/"},"sameAs":["https:\/\/www.facebook.com\/viitanordic","https:\/\/fi.pinterest.com\/viitanordic\/"]}]}},"_links":{"self":[{"href":"https:\/\/www.viitanordic.com\/fi\/wp-json\/wp\/v2\/product\/40783","targetHints":{"allow":["GET"]}}],"collection":[{"href":"https:\/\/www.viitanordic.com\/fi\/wp-json\/wp\/v2\/product"}],"about":[{"href":"https:\/\/www.viitanordic.com\/fi\/wp-json\/wp\/v2\/types\/product"}],"wp:featuredmedia":[{"embeddable":true,"href":"https:\/\/www.viitanordic.com\/fi\/wp-json\/wp\/v2\/media\/40800"}],"wp:attachment":[{"href":"https:\/\/www.viitanordic.com\/fi\/wp-json\/wp\/v2\/media?parent=40783"}],"wp:term":[{"taxonomy":"product_brand","embeddable":true,"href":"https:\/\/www.viitanordic.com\/fi\/wp-json\/wp\/v2\/product_brand?post=40783"},{"taxonomy":"product_cat","embeddable":true,"href":"https:\/\/www.viitanordic.com\/fi\/wp-json\/wp\/v2\/product_cat?post=40783"},{"taxonomy":"product_tag","embeddable":true,"href":"https:\/\/www.viitanordic.com\/fi\/wp-json\/wp\/v2\/product_tag?post=40783"}],"curies":[{"name":"wp","href":"https:\/\/api.w.org\/{rel}","templated":true}]}}