{"id":41621,"date":"2023-02-23T16:00:59","date_gmt":"2023-02-23T14:01:00","guid":{"rendered":"https:\/\/www.viitanordic.com\/?post_type=product&#038;p=41621"},"modified":"2023-03-08T17:51:33","modified_gmt":"2023-03-08T15:51:33","slug":"villamatto-rae-beige-design-elina-helenius","status":"publish","type":"product","link":"https:\/\/www.viitanordic.com\/fi\/product\/design-matot\/villamatto-rae-beige-design-elina-helenius\/","title":{"rendered":"Villamatto Rae &#8211; Design Elina Helenius"},"content":{"rendered":"<p>Villamatto RAE beige on kevyt ja eloisa. Se ammentaa inspiraationsa kev\u00e4isist\u00e4 s\u00e4\u00e4ilmi\u00f6ist\u00e4: ikkunaan valuvista vesipisaroista, katolle ropisevista raekuuroista ja tuulen hienovireisest\u00e4 huminasta.<br \/>\nVillamatto Rae beige on mukavan lempe\u00e4 astella ja aidosti helppohoitoinen. Tweedlangasta kudottu sidospinta on armollinen el\u00e4m\u00e4n j\u00e4ljille, pienet roskat ja roiskeet sulautuvat vaivatta kuvion kisailuun<\/p>\n<p><strong>Merkki:<\/strong> VM-Carpet<\/p>\n<p><strong>Materiaali:<\/strong> 96% sertifioitu Uuden Seelannin villa, 4% PES<\/p>\n<p><strong>Alkuper\u00e4maa: <\/strong>Suomi<\/p>\n<p><strong>Valmistus:<\/strong> Kudottu<\/p>\n<p><strong>Hoito-ohje:\u00a0<\/strong>S\u00e4\u00e4nn\u00f6llinen imurointi. Tahrojen poisto tuoreeltaan puhtaalla, kostealla liinalla. Ei hankausta.<\/p>\n<p><strong>Pesuohje:<\/strong>\u00a0Kuivapesu vaahdolla tai hell\u00e4varainen tasovesipesu max. +30\u00baC miedolla pesuliuoksella ja pehme\u00e4ll\u00e4 harjalla. Ei liotusta tai hankausta. Huolellinen huuhtelu runsaalla vedell\u00e4. Ylim\u00e4\u00e4r\u00e4inen vesi poistetaan esim. telapuristimella. Matto muotoillaan kosteana ja kuivatetaan ilmavasti tasossa. Ei saa taittaa. Suositellaan ammattimaista tasopesua. Suojak\u00e4sittelyn voi uusia pesun j\u00e4lkeen.<\/p>\n","protected":false},"excerpt":{"rendered":"<p>Villamatto RAE beige on kevyt ja eloisa. Se ammentaa inspiraationsa kev\u00e4isist\u00e4 s\u00e4\u00e4ilmi\u00f6ist\u00e4: ikkunaan valuvista vesipisaroista, katolle ropisevista raekuuroista ja tuulen hienovireisest\u00e4 huminasta. Villamatto Rae beige on mukavan lempe\u00e4 astella ja aidosti helppohoitoinen. Tweedlangasta kudottu sidospinta on armollinen el\u00e4m\u00e4n j\u00e4ljille, pienet roskat ja roiskeet sulautuvat vaivatta kuvion kisailuun Merkki: VM-Carpet Materiaali: 96% sertifioitu Uuden Seelannin villa, [\u2026] <a href=\"https:\/\/www.viitanordic.com\/fi\/product\/design-matot\/villamatto-rae-beige-design-elina-helenius\/\">\u00bb Lue Lis\u00e4\u00e4<\/a><\/p>\n","protected":false},"featured_media":41669,"template":"","meta":{"_acf_changed":false},"product_brand":[],"product_cat":[1022,831],"product_tag":[],"class_list":{"0":"post-41621","1":"product","2":"type-product","3":"status-publish","4":"has-post-thumbnail","6":"product_cat-villamatot-suomesta-kotimaiset-matot","7":"product_cat-design-matot","9":"first","10":"instock","11":"taxable","12":"shipping-taxable","13":"purchasable","14":"product-type-variable","15":"has-default-attributes"},"acf":[],"yoast_head":"<!-- This site is optimized with the Yoast SEO plugin v25.8 - https:\/\/yoast.com\/wordpress\/plugins\/seo\/ -->\n<title>Villamatto Rae beige on kest\u00e4v\u00e4 ja kaunis kotimainen matto<\/title>\n<meta name=\"description\" content=\"Villamatto Rae beige on kauniin pehme\u00e4 ja kest\u00e4v\u00e4 valinta kotiisi. Valmistettu Suomessa. Tilaa omasi ViitaNordicin verkkokaupasta!\" \/>\n<meta name=\"robots\" content=\"index, follow, max-snippet:-1, max-image-preview:large, max-video-preview:-1\" \/>\n<link rel=\"canonical\" href=\"https:\/\/www.viitanordic.com\/fi\/product\/design-matot\/villamatto-rae-beige-design-elina-helenius\/\" \/>\n<meta property=\"og:locale\" content=\"fi_FI\" \/>\n<meta property=\"og:type\" content=\"article\" \/>\n<meta property=\"og:title\" content=\"Villamatto Rae beige on kest\u00e4v\u00e4 ja kaunis kotimainen matto\" \/>\n<meta property=\"og:description\" content=\"Villamatto Rae beige on kauniin pehme\u00e4 ja kest\u00e4v\u00e4 valinta kotiisi. Valmistettu Suomessa. Tilaa omasi ViitaNordicin verkkokaupasta!\" \/>\n<meta property=\"og:url\" content=\"https:\/\/www.viitanordic.com\/fi\/product\/design-matot\/villamatto-rae-beige-design-elina-helenius\/\" \/>\n<meta property=\"og:site_name\" content=\"Suomalaisia mattoja - Puuvillamattoja - ViitaNordic\" \/>\n<meta property=\"article:publisher\" content=\"https:\/\/www.facebook.com\/viitanordic\" \/>\n<meta property=\"article:modified_time\" content=\"2023-03-08T15:51:33+00:00\" \/>\n<meta property=\"og:image\" content=\"https:\/\/www.viitanordic.com\/lataukset\/Nordic-Rug-Rae-beige_beige-top.jpg\" \/>\n\t<meta property=\"og:image:width\" content=\"1920\" \/>\n\t<meta property=\"og:image:height\" content=\"1920\" \/>\n\t<meta property=\"og:image:type\" content=\"image\/jpeg\" \/>\n<meta name=\"twitter:label1\" content=\"Arvioitu lukuaika\" \/>\n\t<meta name=\"twitter:data1\" content=\"1 minuutti\" \/>\n<script type=\"application\/ld+json\" class=\"yoast-schema-graph\">{\"@context\":\"https:\/\/schema.org\",\"@graph\":[{\"@type\":\"WebPage\",\"@id\":\"https:\/\/www.viitanordic.com\/fi\/product\/design-matot\/villamatto-rae-beige-design-elina-helenius\/\",\"url\":\"https:\/\/www.viitanordic.com\/fi\/product\/design-matot\/villamatto-rae-beige-design-elina-helenius\/\",\"name\":\"Villamatto Rae beige on kest\u00e4v\u00e4 ja kaunis kotimainen matto\",\"isPartOf\":{\"@id\":\"https:\/\/www.viitanordic.com\/#website\"},\"primaryImageOfPage\":{\"@id\":\"https:\/\/www.viitanordic.com\/fi\/product\/design-matot\/villamatto-rae-beige-design-elina-helenius\/#primaryimage\"},\"image\":{\"@id\":\"https:\/\/www.viitanordic.com\/fi\/product\/design-matot\/villamatto-rae-beige-design-elina-helenius\/#primaryimage\"},\"thumbnailUrl\":\"https:\/\/www.viitanordic.com\/lataukset\/Nordic-Rug-Rae-beige_beige-top.jpg\",\"datePublished\":\"2023-02-23T14:01:00+00:00\",\"dateModified\":\"2023-03-08T15:51:33+00:00\",\"description\":\"Villamatto Rae beige on kauniin pehme\u00e4 ja kest\u00e4v\u00e4 valinta kotiisi. Valmistettu Suomessa. Tilaa omasi ViitaNordicin verkkokaupasta!\",\"breadcrumb\":{\"@id\":\"https:\/\/www.viitanordic.com\/fi\/product\/design-matot\/villamatto-rae-beige-design-elina-helenius\/#breadcrumb\"},\"inLanguage\":\"fi\",\"potentialAction\":[{\"@type\":\"ReadAction\",\"target\":[\"https:\/\/www.viitanordic.com\/fi\/product\/design-matot\/villamatto-rae-beige-design-elina-helenius\/\"]}]},{\"@type\":\"ImageObject\",\"inLanguage\":\"fi\",\"@id\":\"https:\/\/www.viitanordic.com\/fi\/product\/design-matot\/villamatto-rae-beige-design-elina-helenius\/#primaryimage\",\"url\":\"https:\/\/www.viitanordic.com\/lataukset\/Nordic-Rug-Rae-beige_beige-top.jpg\",\"contentUrl\":\"https:\/\/www.viitanordic.com\/lataukset\/Nordic-Rug-Rae-beige_beige-top.jpg\",\"width\":1920,\"height\":1920,\"caption\":\"Villamatto VM-carpet Rae, Matto, design Elina Helenius, made in finland\"},{\"@type\":\"BreadcrumbList\",\"@id\":\"https:\/\/www.viitanordic.com\/fi\/product\/design-matot\/villamatto-rae-beige-design-elina-helenius\/#breadcrumb\",\"itemListElement\":[{\"@type\":\"ListItem\",\"position\":1,\"name\":\"Etusivu\",\"item\":\"https:\/\/www.viitanordic.com\/fi\/\"},{\"@type\":\"ListItem\",\"position\":2,\"name\":\"Kotimaisia mattoja &#8211; taidolla valmistettu\",\"item\":\"https:\/\/www.viitanordic.com\/fi\/\"},{\"@type\":\"ListItem\",\"position\":3,\"name\":\"Villamatto Rae &#8211; Design Elina Helenius\"}]},{\"@type\":\"WebSite\",\"@id\":\"https:\/\/www.viitanordic.com\/#website\",\"url\":\"https:\/\/www.viitanordic.com\/\",\"name\":\"Scandinavian Rugs - Nordic Rugs - Made in Finland \u2013 ViitaNordic\",\"description\":\"Suomalaisia mattoja - Puuvillamattoja - ViitaNordic\",\"publisher\":{\"@id\":\"https:\/\/www.viitanordic.com\/#organization\"},\"potentialAction\":[{\"@type\":\"SearchAction\",\"target\":{\"@type\":\"EntryPoint\",\"urlTemplate\":\"https:\/\/www.viitanordic.com\/?s={search_term_string}\"},\"query-input\":{\"@type\":\"PropertyValueSpecification\",\"valueRequired\":true,\"valueName\":\"search_term_string\"}}],\"inLanguage\":\"fi\"},{\"@type\":\"Organization\",\"@id\":\"https:\/\/www.viitanordic.com\/#organization\",\"name\":\"ViitaNordic Oy\",\"url\":\"https:\/\/www.viitanordic.com\/\",\"logo\":{\"@type\":\"ImageObject\",\"inLanguage\":\"fi\",\"@id\":\"https:\/\/www.viitanordic.com\/#\/schema\/logo\/image\/\",\"url\":\"https:\/\/www.viitanordic.com\/lataukset\/logo-viitanordic.png\",\"contentUrl\":\"https:\/\/www.viitanordic.com\/lataukset\/logo-viitanordic.png\",\"width\":720,\"height\":111,\"caption\":\"ViitaNordic Oy\"},\"image\":{\"@id\":\"https:\/\/www.viitanordic.com\/#\/schema\/logo\/image\/\"},\"sameAs\":[\"https:\/\/www.facebook.com\/viitanordic\",\"https:\/\/fi.pinterest.com\/viitanordic\/\"]}]}<\/script>\n<!-- \/ Yoast SEO plugin. -->","yoast_head_json":{"title":"Villamatto Rae beige on kest\u00e4v\u00e4 ja kaunis kotimainen matto","description":"Villamatto Rae beige on kauniin pehme\u00e4 ja kest\u00e4v\u00e4 valinta kotiisi. Valmistettu Suomessa. Tilaa omasi ViitaNordicin verkkokaupasta!","robots":{"index":"index","follow":"follow","max-snippet":"max-snippet:-1","max-image-preview":"max-image-preview:large","max-video-preview":"max-video-preview:-1"},"canonical":"https:\/\/www.viitanordic.com\/fi\/product\/design-matot\/villamatto-rae-beige-design-elina-helenius\/","og_locale":"fi_FI","og_type":"article","og_title":"Villamatto Rae beige on kest\u00e4v\u00e4 ja kaunis kotimainen matto","og_description":"Villamatto Rae beige on kauniin pehme\u00e4 ja kest\u00e4v\u00e4 valinta kotiisi. Valmistettu Suomessa. Tilaa omasi ViitaNordicin verkkokaupasta!","og_url":"https:\/\/www.viitanordic.com\/fi\/product\/design-matot\/villamatto-rae-beige-design-elina-helenius\/","og_site_name":"Suomalaisia mattoja - Puuvillamattoja - ViitaNordic","article_publisher":"https:\/\/www.facebook.com\/viitanordic","article_modified_time":"2023-03-08T15:51:33+00:00","og_image":[{"width":1920,"height":1920,"url":"https:\/\/www.viitanordic.com\/lataukset\/Nordic-Rug-Rae-beige_beige-top.jpg","type":"image\/jpeg"}],"twitter_misc":{"Arvioitu lukuaika":"1 minuutti"},"schema":{"@context":"https:\/\/schema.org","@graph":[{"@type":"WebPage","@id":"https:\/\/www.viitanordic.com\/fi\/product\/design-matot\/villamatto-rae-beige-design-elina-helenius\/","url":"https:\/\/www.viitanordic.com\/fi\/product\/design-matot\/villamatto-rae-beige-design-elina-helenius\/","name":"Villamatto Rae beige on kest\u00e4v\u00e4 ja kaunis kotimainen matto","isPartOf":{"@id":"https:\/\/www.viitanordic.com\/#website"},"primaryImageOfPage":{"@id":"https:\/\/www.viitanordic.com\/fi\/product\/design-matot\/villamatto-rae-beige-design-elina-helenius\/#primaryimage"},"image":{"@id":"https:\/\/www.viitanordic.com\/fi\/product\/design-matot\/villamatto-rae-beige-design-elina-helenius\/#primaryimage"},"thumbnailUrl":"https:\/\/www.viitanordic.com\/lataukset\/Nordic-Rug-Rae-beige_beige-top.jpg","datePublished":"2023-02-23T14:01:00+00:00","dateModified":"2023-03-08T15:51:33+00:00","description":"Villamatto Rae beige on kauniin pehme\u00e4 ja kest\u00e4v\u00e4 valinta kotiisi. Valmistettu Suomessa. Tilaa omasi ViitaNordicin verkkokaupasta!","breadcrumb":{"@id":"https:\/\/www.viitanordic.com\/fi\/product\/design-matot\/villamatto-rae-beige-design-elina-helenius\/#breadcrumb"},"inLanguage":"fi","potentialAction":[{"@type":"ReadAction","target":["https:\/\/www.viitanordic.com\/fi\/product\/design-matot\/villamatto-rae-beige-design-elina-helenius\/"]}]},{"@type":"ImageObject","inLanguage":"fi","@id":"https:\/\/www.viitanordic.com\/fi\/product\/design-matot\/villamatto-rae-beige-design-elina-helenius\/#primaryimage","url":"https:\/\/www.viitanordic.com\/lataukset\/Nordic-Rug-Rae-beige_beige-top.jpg","contentUrl":"https:\/\/www.viitanordic.com\/lataukset\/Nordic-Rug-Rae-beige_beige-top.jpg","width":1920,"height":1920,"caption":"Villamatto VM-carpet Rae, Matto, design Elina Helenius, made in finland"},{"@type":"BreadcrumbList","@id":"https:\/\/www.viitanordic.com\/fi\/product\/design-matot\/villamatto-rae-beige-design-elina-helenius\/#breadcrumb","itemListElement":[{"@type":"ListItem","position":1,"name":"Etusivu","item":"https:\/\/www.viitanordic.com\/fi\/"},{"@type":"ListItem","position":2,"name":"Kotimaisia mattoja &#8211; taidolla valmistettu","item":"https:\/\/www.viitanordic.com\/fi\/"},{"@type":"ListItem","position":3,"name":"Villamatto Rae &#8211; Design Elina Helenius"}]},{"@type":"WebSite","@id":"https:\/\/www.viitanordic.com\/#website","url":"https:\/\/www.viitanordic.com\/","name":"Scandinavian Rugs - Nordic Rugs - Made in Finland \u2013 ViitaNordic","description":"Suomalaisia mattoja - Puuvillamattoja - ViitaNordic","publisher":{"@id":"https:\/\/www.viitanordic.com\/#organization"},"potentialAction":[{"@type":"SearchAction","target":{"@type":"EntryPoint","urlTemplate":"https:\/\/www.viitanordic.com\/?s={search_term_string}"},"query-input":{"@type":"PropertyValueSpecification","valueRequired":true,"valueName":"search_term_string"}}],"inLanguage":"fi"},{"@type":"Organization","@id":"https:\/\/www.viitanordic.com\/#organization","name":"ViitaNordic Oy","url":"https:\/\/www.viitanordic.com\/","logo":{"@type":"ImageObject","inLanguage":"fi","@id":"https:\/\/www.viitanordic.com\/#\/schema\/logo\/image\/","url":"https:\/\/www.viitanordic.com\/lataukset\/logo-viitanordic.png","contentUrl":"https:\/\/www.viitanordic.com\/lataukset\/logo-viitanordic.png","width":720,"height":111,"caption":"ViitaNordic Oy"},"image":{"@id":"https:\/\/www.viitanordic.com\/#\/schema\/logo\/image\/"},"sameAs":["https:\/\/www.facebook.com\/viitanordic","https:\/\/fi.pinterest.com\/viitanordic\/"]}]}},"_links":{"self":[{"href":"https:\/\/www.viitanordic.com\/fi\/wp-json\/wp\/v2\/product\/41621","targetHints":{"allow":["GET"]}}],"collection":[{"href":"https:\/\/www.viitanordic.com\/fi\/wp-json\/wp\/v2\/product"}],"about":[{"href":"https:\/\/www.viitanordic.com\/fi\/wp-json\/wp\/v2\/types\/product"}],"wp:featuredmedia":[{"embeddable":true,"href":"https:\/\/www.viitanordic.com\/fi\/wp-json\/wp\/v2\/media\/41669"}],"wp:attachment":[{"href":"https:\/\/www.viitanordic.com\/fi\/wp-json\/wp\/v2\/media?parent=41621"}],"wp:term":[{"taxonomy":"product_brand","embeddable":true,"href":"https:\/\/www.viitanordic.com\/fi\/wp-json\/wp\/v2\/product_brand?post=41621"},{"taxonomy":"product_cat","embeddable":true,"href":"https:\/\/www.viitanordic.com\/fi\/wp-json\/wp\/v2\/product_cat?post=41621"},{"taxonomy":"product_tag","embeddable":true,"href":"https:\/\/www.viitanordic.com\/fi\/wp-json\/wp\/v2\/product_tag?post=41621"}],"curies":[{"name":"wp","href":"https:\/\/api.w.org\/{rel}","templated":true}]}}