{"id":43611,"date":"2025-01-05T18:40:33","date_gmt":"2025-01-05T16:40:34","guid":{"rendered":"https:\/\/www.viitanordic.com\/?post_type=product&#038;p=43611"},"modified":"2025-01-05T22:36:56","modified_gmt":"2025-01-05T20:36:56","slug":"primavera-design-design-elina-helenius","status":"publish","type":"product","link":"https:\/\/www.viitanordic.com\/fi\/product\/puuvillamatot-kotimaiset-rasymatot\/primavera-design-design-elina-helenius\/","title":{"rendered":"Primavera design &#8211; Design Elina Helenius"},"content":{"rendered":"<p>Raikas, kepe\u00e4 ja iloisia v\u00e4rej\u00e4 hehkuva Primarera on kuin kev\u00e4inen tuulahdus kotonasi. Primavera tuo iloa arkeesi ja luo kodikasta tunnelmaa ymp\u00e4rillesi.<br \/>\nMatto on kevyt k\u00e4sitell\u00e4 ja helppo puhdistaa. Materiaalina on k\u00e4ytetty kierr\u00e4tetty\u00e4 puuvillaa, joten voit tehd\u00e4 hyv\u00e4\u00e4 ymp\u00e4rist\u00f6lle samalla kun nautit maton kauneudesta. Primarera-matossa on kuusi toinen toistaan vieh\u00e4tt\u00e4v\u00e4mp\u00e4\u00e4 pastellis\u00e4vy\u00e4.<\/p>\n<p><strong>Merkki:<\/strong> VM-Carpet<\/p>\n<p><strong>Materiaali:<\/strong> 80% kierr\u00e4tetty puuvilla, 20% PES<\/p>\n<p><strong>Alkuper\u00e4maa: <\/strong>Suomi<\/p>\n<p><strong>Valmistus:<\/strong> Kudottu<\/p>\n<p><strong>Hoito-ohje:\u00a0<\/strong>S\u00e4\u00e4nn\u00f6llisell\u00e4 hoidolla pidenn\u00e4t mattosi k\u00e4ytt\u00f6ik\u00e4\u00e4. Huolla mattoasi imuroimalla, tuulettamalla ja talviaikaan lumipesulla.<\/p>\n<p><strong>Pesuohje:<\/strong> Paikalliset tahrat voi poistaa hell\u00e4sti puhtaalla vedell\u00e4. Maton pesuksi suosittelemme hell\u00e4varaista tasopesua +30\u00b0C<\/p>\n","protected":false},"excerpt":{"rendered":"<p>Raikas, kepe\u00e4 ja iloisia v\u00e4rej\u00e4 hehkuva Primarera on kuin kev\u00e4inen tuulahdus kotonasi. Primavera tuo iloa arkeesi ja luo kodikasta tunnelmaa ymp\u00e4rillesi. Matto on kevyt k\u00e4sitell\u00e4 ja helppo puhdistaa. Materiaalina on k\u00e4ytetty kierr\u00e4tetty\u00e4 puuvillaa, joten voit tehd\u00e4 hyv\u00e4\u00e4 ymp\u00e4rist\u00f6lle samalla kun nautit maton kauneudesta. Primarera-matossa on kuusi toinen toistaan vieh\u00e4tt\u00e4v\u00e4mp\u00e4\u00e4 pastellis\u00e4vy\u00e4. Merkki: VM-Carpet Materiaali: 80% kierr\u00e4tetty [\u2026] <a href=\"https:\/\/www.viitanordic.com\/fi\/product\/puuvillamatot-kotimaiset-rasymatot\/primavera-design-design-elina-helenius\/\">\u00bb Lue Lis\u00e4\u00e4<\/a><\/p>\n","protected":false},"featured_media":43620,"template":"","meta":{"_acf_changed":false},"product_brand":[],"product_cat":[192,831],"product_tag":[],"class_list":{"0":"post-43611","1":"product","2":"type-product","3":"status-publish","4":"has-post-thumbnail","6":"product_cat-puuvillamatot-kotimaiset-rasymatot","7":"product_cat-design-matot","9":"first","10":"instock","11":"taxable","12":"shipping-taxable","13":"purchasable","14":"product-type-variable","15":"has-default-attributes"},"acf":[],"yoast_head":"<!-- This site is optimized with the Yoast SEO plugin v25.8 - https:\/\/yoast.com\/wordpress\/plugins\/seo\/ -->\n<title>Primavera design - Design Elina Helenius - Villamatto valmistettu Suomessa<\/title>\n<meta name=\"description\" content=\"Villamatto Rae on lempe\u00e4 ja ylellinen matto kodin eri tiloihin. Kotimainen matto on erinomainen ja laadukas. Tilaa nyt kotimainen villamatto!\" \/>\n<meta name=\"robots\" content=\"index, follow, max-snippet:-1, max-image-preview:large, max-video-preview:-1\" \/>\n<link rel=\"canonical\" href=\"https:\/\/www.viitanordic.com\/fi\/product\/villamatot-suomesta-kotimaiset-matot\/primavera-design-design-elina-helenius\/\" \/>\n<meta property=\"og:locale\" content=\"fi_FI\" \/>\n<meta property=\"og:type\" content=\"article\" \/>\n<meta property=\"og:title\" content=\"Primavera design - Design Elina Helenius - Villamatto valmistettu Suomessa\" \/>\n<meta property=\"og:description\" content=\"Villamatto Rae on lempe\u00e4 ja ylellinen matto kodin eri tiloihin. Kotimainen matto on erinomainen ja laadukas. Tilaa nyt kotimainen villamatto!\" \/>\n<meta property=\"og:url\" content=\"https:\/\/www.viitanordic.com\/fi\/product\/villamatot-suomesta-kotimaiset-matot\/primavera-design-design-elina-helenius\/\" \/>\n<meta property=\"og:site_name\" content=\"Suomalaisia mattoja - Puuvillamattoja - ViitaNordic\" \/>\n<meta property=\"article:publisher\" content=\"https:\/\/www.facebook.com\/viitanordic\" \/>\n<meta property=\"article:modified_time\" content=\"2025-01-05T20:36:56+00:00\" \/>\n<meta property=\"og:image\" content=\"https:\/\/www.viitanordic.com\/lataukset\/Nordic-Rug-lemmikki-Scandi-Design_color.jpg\" \/>\n\t<meta property=\"og:image:width\" content=\"1920\" \/>\n\t<meta property=\"og:image:height\" content=\"1430\" \/>\n\t<meta property=\"og:image:type\" content=\"image\/jpeg\" \/>\n<meta name=\"twitter:label1\" content=\"Arvioitu lukuaika\" \/>\n\t<meta name=\"twitter:data1\" content=\"1 minuutti\" \/>\n<script type=\"application\/ld+json\" class=\"yoast-schema-graph\">{\"@context\":\"https:\/\/schema.org\",\"@graph\":[{\"@type\":\"WebPage\",\"@id\":\"https:\/\/www.viitanordic.com\/fi\/product\/villamatot-suomesta-kotimaiset-matot\/primavera-design-design-elina-helenius\/\",\"url\":\"https:\/\/www.viitanordic.com\/fi\/product\/villamatot-suomesta-kotimaiset-matot\/primavera-design-design-elina-helenius\/\",\"name\":\"Primavera design - Design Elina Helenius - Villamatto valmistettu Suomessa\",\"isPartOf\":{\"@id\":\"https:\/\/www.viitanordic.com\/#website\"},\"primaryImageOfPage\":{\"@id\":\"https:\/\/www.viitanordic.com\/fi\/product\/villamatot-suomesta-kotimaiset-matot\/primavera-design-design-elina-helenius\/#primaryimage\"},\"image\":{\"@id\":\"https:\/\/www.viitanordic.com\/fi\/product\/villamatot-suomesta-kotimaiset-matot\/primavera-design-design-elina-helenius\/#primaryimage\"},\"thumbnailUrl\":\"https:\/\/www.viitanordic.com\/lataukset\/Nordic-Rug-lemmikki-Scandi-Design-from-Finland.jpg\",\"datePublished\":\"2025-01-05T16:40:34+00:00\",\"dateModified\":\"2025-01-05T20:36:56+00:00\",\"description\":\"Villamatto Rae on lempe\u00e4 ja ylellinen matto kodin eri tiloihin. Kotimainen matto on erinomainen ja laadukas. Tilaa nyt kotimainen villamatto!\",\"breadcrumb\":{\"@id\":\"https:\/\/www.viitanordic.com\/fi\/product\/villamatot-suomesta-kotimaiset-matot\/primavera-design-design-elina-helenius\/#breadcrumb\"},\"inLanguage\":\"fi\",\"potentialAction\":[{\"@type\":\"ReadAction\",\"target\":[\"https:\/\/www.viitanordic.com\/fi\/product\/villamatot-suomesta-kotimaiset-matot\/primavera-design-design-elina-helenius\/\"]}]},{\"@type\":\"ImageObject\",\"inLanguage\":\"fi\",\"@id\":\"https:\/\/www.viitanordic.com\/fi\/product\/villamatot-suomesta-kotimaiset-matot\/primavera-design-design-elina-helenius\/#primaryimage\",\"url\":\"https:\/\/www.viitanordic.com\/lataukset\/Nordic-Rug-lemmikki-Scandi-Design-from-Finland.jpg\",\"contentUrl\":\"https:\/\/www.viitanordic.com\/lataukset\/Nordic-Rug-lemmikki-Scandi-Design-from-Finland.jpg\",\"width\":1920,\"height\":868,\"caption\":\"Scandinavian Rug made in Finland - Nordic Carpet\"},{\"@type\":\"BreadcrumbList\",\"@id\":\"https:\/\/www.viitanordic.com\/fi\/product\/villamatot-suomesta-kotimaiset-matot\/primavera-design-design-elina-helenius\/#breadcrumb\",\"itemListElement\":[{\"@type\":\"ListItem\",\"position\":1,\"name\":\"Etusivu\",\"item\":\"https:\/\/www.viitanordic.com\/fi\/\"},{\"@type\":\"ListItem\",\"position\":2,\"name\":\"Kotimaisia mattoja &#8211; taidolla valmistettu\",\"item\":\"https:\/\/www.viitanordic.com\/fi\/\"},{\"@type\":\"ListItem\",\"position\":3,\"name\":\"Primavera design &#8211; Design Elina Helenius\"}]},{\"@type\":\"WebSite\",\"@id\":\"https:\/\/www.viitanordic.com\/#website\",\"url\":\"https:\/\/www.viitanordic.com\/\",\"name\":\"Scandinavian Rugs - Nordic Rugs - Made in Finland \u2013 ViitaNordic\",\"description\":\"Suomalaisia mattoja - Puuvillamattoja - ViitaNordic\",\"publisher\":{\"@id\":\"https:\/\/www.viitanordic.com\/#organization\"},\"potentialAction\":[{\"@type\":\"SearchAction\",\"target\":{\"@type\":\"EntryPoint\",\"urlTemplate\":\"https:\/\/www.viitanordic.com\/?s={search_term_string}\"},\"query-input\":{\"@type\":\"PropertyValueSpecification\",\"valueRequired\":true,\"valueName\":\"search_term_string\"}}],\"inLanguage\":\"fi\"},{\"@type\":\"Organization\",\"@id\":\"https:\/\/www.viitanordic.com\/#organization\",\"name\":\"ViitaNordic Oy\",\"url\":\"https:\/\/www.viitanordic.com\/\",\"logo\":{\"@type\":\"ImageObject\",\"inLanguage\":\"fi\",\"@id\":\"https:\/\/www.viitanordic.com\/#\/schema\/logo\/image\/\",\"url\":\"https:\/\/www.viitanordic.com\/lataukset\/logo-viitanordic.png\",\"contentUrl\":\"https:\/\/www.viitanordic.com\/lataukset\/logo-viitanordic.png\",\"width\":720,\"height\":111,\"caption\":\"ViitaNordic Oy\"},\"image\":{\"@id\":\"https:\/\/www.viitanordic.com\/#\/schema\/logo\/image\/\"},\"sameAs\":[\"https:\/\/www.facebook.com\/viitanordic\",\"https:\/\/fi.pinterest.com\/viitanordic\/\"]}]}<\/script>\n<!-- \/ Yoast SEO plugin. -->","yoast_head_json":{"title":"Primavera design - Design Elina Helenius - Villamatto valmistettu Suomessa","description":"Villamatto Rae on lempe\u00e4 ja ylellinen matto kodin eri tiloihin. Kotimainen matto on erinomainen ja laadukas. Tilaa nyt kotimainen villamatto!","robots":{"index":"index","follow":"follow","max-snippet":"max-snippet:-1","max-image-preview":"max-image-preview:large","max-video-preview":"max-video-preview:-1"},"canonical":"https:\/\/www.viitanordic.com\/fi\/product\/villamatot-suomesta-kotimaiset-matot\/primavera-design-design-elina-helenius\/","og_locale":"fi_FI","og_type":"article","og_title":"Primavera design - Design Elina Helenius - Villamatto valmistettu Suomessa","og_description":"Villamatto Rae on lempe\u00e4 ja ylellinen matto kodin eri tiloihin. Kotimainen matto on erinomainen ja laadukas. Tilaa nyt kotimainen villamatto!","og_url":"https:\/\/www.viitanordic.com\/fi\/product\/villamatot-suomesta-kotimaiset-matot\/primavera-design-design-elina-helenius\/","og_site_name":"Suomalaisia mattoja - Puuvillamattoja - ViitaNordic","article_publisher":"https:\/\/www.facebook.com\/viitanordic","article_modified_time":"2025-01-05T20:36:56+00:00","og_image":[{"width":1920,"height":1430,"url":"https:\/\/www.viitanordic.com\/lataukset\/Nordic-Rug-lemmikki-Scandi-Design_color.jpg","type":"image\/jpeg"}],"twitter_misc":{"Arvioitu lukuaika":"1 minuutti"},"schema":{"@context":"https:\/\/schema.org","@graph":[{"@type":"WebPage","@id":"https:\/\/www.viitanordic.com\/fi\/product\/villamatot-suomesta-kotimaiset-matot\/primavera-design-design-elina-helenius\/","url":"https:\/\/www.viitanordic.com\/fi\/product\/villamatot-suomesta-kotimaiset-matot\/primavera-design-design-elina-helenius\/","name":"Primavera design - Design Elina Helenius - Villamatto valmistettu Suomessa","isPartOf":{"@id":"https:\/\/www.viitanordic.com\/#website"},"primaryImageOfPage":{"@id":"https:\/\/www.viitanordic.com\/fi\/product\/villamatot-suomesta-kotimaiset-matot\/primavera-design-design-elina-helenius\/#primaryimage"},"image":{"@id":"https:\/\/www.viitanordic.com\/fi\/product\/villamatot-suomesta-kotimaiset-matot\/primavera-design-design-elina-helenius\/#primaryimage"},"thumbnailUrl":"https:\/\/www.viitanordic.com\/lataukset\/Nordic-Rug-lemmikki-Scandi-Design-from-Finland.jpg","datePublished":"2025-01-05T16:40:34+00:00","dateModified":"2025-01-05T20:36:56+00:00","description":"Villamatto Rae on lempe\u00e4 ja ylellinen matto kodin eri tiloihin. Kotimainen matto on erinomainen ja laadukas. Tilaa nyt kotimainen villamatto!","breadcrumb":{"@id":"https:\/\/www.viitanordic.com\/fi\/product\/villamatot-suomesta-kotimaiset-matot\/primavera-design-design-elina-helenius\/#breadcrumb"},"inLanguage":"fi","potentialAction":[{"@type":"ReadAction","target":["https:\/\/www.viitanordic.com\/fi\/product\/villamatot-suomesta-kotimaiset-matot\/primavera-design-design-elina-helenius\/"]}]},{"@type":"ImageObject","inLanguage":"fi","@id":"https:\/\/www.viitanordic.com\/fi\/product\/villamatot-suomesta-kotimaiset-matot\/primavera-design-design-elina-helenius\/#primaryimage","url":"https:\/\/www.viitanordic.com\/lataukset\/Nordic-Rug-lemmikki-Scandi-Design-from-Finland.jpg","contentUrl":"https:\/\/www.viitanordic.com\/lataukset\/Nordic-Rug-lemmikki-Scandi-Design-from-Finland.jpg","width":1920,"height":868,"caption":"Scandinavian Rug made in Finland - Nordic Carpet"},{"@type":"BreadcrumbList","@id":"https:\/\/www.viitanordic.com\/fi\/product\/villamatot-suomesta-kotimaiset-matot\/primavera-design-design-elina-helenius\/#breadcrumb","itemListElement":[{"@type":"ListItem","position":1,"name":"Etusivu","item":"https:\/\/www.viitanordic.com\/fi\/"},{"@type":"ListItem","position":2,"name":"Kotimaisia mattoja &#8211; taidolla valmistettu","item":"https:\/\/www.viitanordic.com\/fi\/"},{"@type":"ListItem","position":3,"name":"Primavera design &#8211; Design Elina Helenius"}]},{"@type":"WebSite","@id":"https:\/\/www.viitanordic.com\/#website","url":"https:\/\/www.viitanordic.com\/","name":"Scandinavian Rugs - Nordic Rugs - Made in Finland \u2013 ViitaNordic","description":"Suomalaisia mattoja - Puuvillamattoja - ViitaNordic","publisher":{"@id":"https:\/\/www.viitanordic.com\/#organization"},"potentialAction":[{"@type":"SearchAction","target":{"@type":"EntryPoint","urlTemplate":"https:\/\/www.viitanordic.com\/?s={search_term_string}"},"query-input":{"@type":"PropertyValueSpecification","valueRequired":true,"valueName":"search_term_string"}}],"inLanguage":"fi"},{"@type":"Organization","@id":"https:\/\/www.viitanordic.com\/#organization","name":"ViitaNordic Oy","url":"https:\/\/www.viitanordic.com\/","logo":{"@type":"ImageObject","inLanguage":"fi","@id":"https:\/\/www.viitanordic.com\/#\/schema\/logo\/image\/","url":"https:\/\/www.viitanordic.com\/lataukset\/logo-viitanordic.png","contentUrl":"https:\/\/www.viitanordic.com\/lataukset\/logo-viitanordic.png","width":720,"height":111,"caption":"ViitaNordic Oy"},"image":{"@id":"https:\/\/www.viitanordic.com\/#\/schema\/logo\/image\/"},"sameAs":["https:\/\/www.facebook.com\/viitanordic","https:\/\/fi.pinterest.com\/viitanordic\/"]}]}},"_links":{"self":[{"href":"https:\/\/www.viitanordic.com\/fi\/wp-json\/wp\/v2\/product\/43611","targetHints":{"allow":["GET"]}}],"collection":[{"href":"https:\/\/www.viitanordic.com\/fi\/wp-json\/wp\/v2\/product"}],"about":[{"href":"https:\/\/www.viitanordic.com\/fi\/wp-json\/wp\/v2\/types\/product"}],"wp:featuredmedia":[{"embeddable":true,"href":"https:\/\/www.viitanordic.com\/fi\/wp-json\/wp\/v2\/media\/43620"}],"wp:attachment":[{"href":"https:\/\/www.viitanordic.com\/fi\/wp-json\/wp\/v2\/media?parent=43611"}],"wp:term":[{"taxonomy":"product_brand","embeddable":true,"href":"https:\/\/www.viitanordic.com\/fi\/wp-json\/wp\/v2\/product_brand?post=43611"},{"taxonomy":"product_cat","embeddable":true,"href":"https:\/\/www.viitanordic.com\/fi\/wp-json\/wp\/v2\/product_cat?post=43611"},{"taxonomy":"product_tag","embeddable":true,"href":"https:\/\/www.viitanordic.com\/fi\/wp-json\/wp\/v2\/product_tag?post=43611"}],"curies":[{"name":"wp","href":"https:\/\/api.w.org\/{rel}","templated":true}]}}