{"id":43840,"date":"2025-01-06T16:05:26","date_gmt":"2025-01-06T14:05:26","guid":{"rendered":"https:\/\/www.viitanordic.com\/?post_type=product&#038;p=43840"},"modified":"2025-06-09T18:33:39","modified_gmt":"2025-06-09T15:33:39","slug":"naava-design-laura-krekula","status":"publish","type":"product","link":"https:\/\/www.viitanordic.com\/fi\/product\/design-matot\/naava-design-laura-krekula\/","title":{"rendered":"Naava design Laura Krekula"},"content":{"rendered":"<p>Naava on VM Carpetin 50-vuotisjuhlavuoden kunniaksi j\u00e4rjestetyn suunnittelukilpailun voittajaty\u00f6, jonka on suunnitellut Laura Krekula. \u201cNaava-maton inspiraation l\u00e4hde on l\u00e4ht\u00f6isin muistoista, lapsuuden kes\u00e4retkist\u00e4 \u00e4idin kanssa Lapin vanhoissa metsiss\u00e4. Puiden oksissa valuvaa pitk\u00e4\u00e4 naavaa oli kaikkialla. N\u00e4ky oli taianomainen, rauhallinen ja kaunis. Naava-maton muotokieli kumpuaa t\u00e4st\u00e4 muistosta. Naavan pitk\u00e4t varret jatkuvat hapsuja pitkin maton reunan yli kurkottaen pidemm\u00e4lle. Haituvat heiluvat laineenomaisesti tuulessa hiljaa kertoen meille tarinaa. Luonto p\u00e4\u00e4see sis\u00e4lle kotiin.\u201d<\/p>\n<p><strong>Merkki:<\/strong> VM-Carpet<\/p>\n<p><strong>Materiaali:<\/strong> 98% villa, 2% PES<\/p>\n<p><strong>Alkuper\u00e4maa: <\/strong>Suomi<\/p>\n<p><strong>Valmistus:<\/strong> Kudottu<\/p>\n<p><strong>Hoito-ohje:\u00a0<\/strong>S\u00e4\u00e4nn\u00f6llisell\u00e4 hoidolla pidenn\u00e4t mattosi k\u00e4ytt\u00f6ik\u00e4\u00e4. Huolla mattoasi imuroimalla, tuulettamalla ja talviaikaan lumipesulla.<\/p>\n<p><strong>Pesuohje:<\/strong> Paikalliset tahrat voi poistaa hell\u00e4sti puhtaalla vedell\u00e4. Maton pesuksi suosittelemme hell\u00e4varaista tasopesua +30\u00b0C<\/p>\n","protected":false},"excerpt":{"rendered":"<p>Naava on VM Carpetin 50-vuotisjuhlavuoden kunniaksi j\u00e4rjestetyn suunnittelukilpailun voittajaty\u00f6, jonka on suunnitellut Laura Krekula. \u201cNaava-maton inspiraation l\u00e4hde on l\u00e4ht\u00f6isin muistoista, lapsuuden kes\u00e4retkist\u00e4 \u00e4idin kanssa Lapin vanhoissa metsiss\u00e4. Puiden oksissa valuvaa pitk\u00e4\u00e4 naavaa oli kaikkialla. N\u00e4ky oli taianomainen, rauhallinen ja kaunis. Naava-maton muotokieli kumpuaa t\u00e4st\u00e4 muistosta. Naavan pitk\u00e4t varret jatkuvat hapsuja pitkin maton reunan yli kurkottaen [\u2026] <a href=\"https:\/\/www.viitanordic.com\/fi\/product\/design-matot\/naava-design-laura-krekula\/\">\u00bb Lue Lis\u00e4\u00e4<\/a><\/p>\n","protected":false},"featured_media":43878,"template":"","meta":{"_acf_changed":false},"product_brand":[],"product_cat":[1022,831],"product_tag":[],"class_list":{"0":"post-43840","1":"product","2":"type-product","3":"status-publish","4":"has-post-thumbnail","6":"product_cat-villamatot-suomesta-kotimaiset-matot","7":"product_cat-design-matot","9":"first","10":"instock","11":"taxable","12":"shipping-taxable","13":"purchasable","14":"product-type-variable","15":"has-default-attributes"},"acf":[],"yoast_head":"<!-- This site is optimized with the Yoast SEO plugin v25.8 - https:\/\/yoast.com\/wordpress\/plugins\/seo\/ -->\n<title>Naava design Laura Krekula - Villamatto valmistettu Suomessa<\/title>\n<meta name=\"description\" content=\"Villamatto Rae on lempe\u00e4 ja ylellinen matto kodin eri tiloihin. Kotimainen matto on erinomainen ja laadukas. Tilaa nyt kotimainen villamatto!\" \/>\n<meta name=\"robots\" content=\"index, follow, max-snippet:-1, max-image-preview:large, max-video-preview:-1\" \/>\n<link rel=\"canonical\" href=\"https:\/\/www.viitanordic.com\/fi\/product\/design-matot\/naava-design-laura-krekula\/\" \/>\n<meta property=\"og:locale\" content=\"fi_FI\" \/>\n<meta property=\"og:type\" content=\"article\" \/>\n<meta property=\"og:title\" content=\"Naava design Laura Krekula - Villamatto valmistettu Suomessa\" \/>\n<meta property=\"og:description\" content=\"Villamatto Rae on lempe\u00e4 ja ylellinen matto kodin eri tiloihin. Kotimainen matto on erinomainen ja laadukas. Tilaa nyt kotimainen villamatto!\" \/>\n<meta property=\"og:url\" content=\"https:\/\/www.viitanordic.com\/fi\/product\/design-matot\/naava-design-laura-krekula\/\" \/>\n<meta property=\"og:site_name\" content=\"Suomalaisia mattoja - Puuvillamattoja - ViitaNordic\" \/>\n<meta property=\"article:publisher\" content=\"https:\/\/www.facebook.com\/viitanordic\" \/>\n<meta property=\"article:modified_time\" content=\"2025-06-09T15:33:39+00:00\" \/>\n<meta property=\"og:image\" content=\"https:\/\/www.viitanordic.com\/lataukset\/Finnish-Wool-Rug_Scandi-Design_new.png\" \/>\n\t<meta property=\"og:image:width\" content=\"640\" \/>\n\t<meta property=\"og:image:height\" content=\"390\" \/>\n\t<meta property=\"og:image:type\" content=\"image\/png\" \/>\n<meta name=\"twitter:label1\" content=\"Arvioitu lukuaika\" \/>\n\t<meta name=\"twitter:data1\" content=\"1 minuutti\" \/>\n<script type=\"application\/ld+json\" class=\"yoast-schema-graph\">{\"@context\":\"https:\/\/schema.org\",\"@graph\":[{\"@type\":\"WebPage\",\"@id\":\"https:\/\/www.viitanordic.com\/fi\/product\/design-matot\/naava-design-laura-krekula\/\",\"url\":\"https:\/\/www.viitanordic.com\/fi\/product\/design-matot\/naava-design-laura-krekula\/\",\"name\":\"Naava design Laura Krekula - Villamatto valmistettu Suomessa\",\"isPartOf\":{\"@id\":\"https:\/\/www.viitanordic.com\/#website\"},\"primaryImageOfPage\":{\"@id\":\"https:\/\/www.viitanordic.com\/fi\/product\/design-matot\/naava-design-laura-krekula\/#primaryimage\"},\"image\":{\"@id\":\"https:\/\/www.viitanordic.com\/fi\/product\/design-matot\/naava-design-laura-krekula\/#primaryimage\"},\"thumbnailUrl\":\"https:\/\/www.viitanordic.com\/lataukset\/Finnish-Wool-Rug_Scandi-Design_new.png\",\"datePublished\":\"2025-01-06T14:05:26+00:00\",\"dateModified\":\"2025-06-09T15:33:39+00:00\",\"description\":\"Villamatto Rae on lempe\u00e4 ja ylellinen matto kodin eri tiloihin. Kotimainen matto on erinomainen ja laadukas. Tilaa nyt kotimainen villamatto!\",\"breadcrumb\":{\"@id\":\"https:\/\/www.viitanordic.com\/fi\/product\/design-matot\/naava-design-laura-krekula\/#breadcrumb\"},\"inLanguage\":\"fi\",\"potentialAction\":[{\"@type\":\"ReadAction\",\"target\":[\"https:\/\/www.viitanordic.com\/fi\/product\/design-matot\/naava-design-laura-krekula\/\"]}]},{\"@type\":\"ImageObject\",\"inLanguage\":\"fi\",\"@id\":\"https:\/\/www.viitanordic.com\/fi\/product\/design-matot\/naava-design-laura-krekula\/#primaryimage\",\"url\":\"https:\/\/www.viitanordic.com\/lataukset\/Finnish-Wool-Rug_Scandi-Design_new.png\",\"contentUrl\":\"https:\/\/www.viitanordic.com\/lataukset\/Finnish-Wool-Rug_Scandi-Design_new.png\",\"width\":1920,\"height\":1171,\"caption\":\"Scandinavian Rug made in Finland - Nordic Carpet - Finnish Design\"},{\"@type\":\"BreadcrumbList\",\"@id\":\"https:\/\/www.viitanordic.com\/fi\/product\/design-matot\/naava-design-laura-krekula\/#breadcrumb\",\"itemListElement\":[{\"@type\":\"ListItem\",\"position\":1,\"name\":\"Etusivu\",\"item\":\"https:\/\/www.viitanordic.com\/fi\/\"},{\"@type\":\"ListItem\",\"position\":2,\"name\":\"Kotimaisia mattoja &#8211; taidolla valmistettu\",\"item\":\"https:\/\/www.viitanordic.com\/fi\/\"},{\"@type\":\"ListItem\",\"position\":3,\"name\":\"Naava design Laura Krekula\"}]},{\"@type\":\"WebSite\",\"@id\":\"https:\/\/www.viitanordic.com\/#website\",\"url\":\"https:\/\/www.viitanordic.com\/\",\"name\":\"Scandinavian Rugs - Nordic Rugs - Made in Finland \u2013 ViitaNordic\",\"description\":\"Suomalaisia mattoja - Puuvillamattoja - ViitaNordic\",\"publisher\":{\"@id\":\"https:\/\/www.viitanordic.com\/#organization\"},\"potentialAction\":[{\"@type\":\"SearchAction\",\"target\":{\"@type\":\"EntryPoint\",\"urlTemplate\":\"https:\/\/www.viitanordic.com\/?s={search_term_string}\"},\"query-input\":{\"@type\":\"PropertyValueSpecification\",\"valueRequired\":true,\"valueName\":\"search_term_string\"}}],\"inLanguage\":\"fi\"},{\"@type\":\"Organization\",\"@id\":\"https:\/\/www.viitanordic.com\/#organization\",\"name\":\"ViitaNordic Oy\",\"url\":\"https:\/\/www.viitanordic.com\/\",\"logo\":{\"@type\":\"ImageObject\",\"inLanguage\":\"fi\",\"@id\":\"https:\/\/www.viitanordic.com\/#\/schema\/logo\/image\/\",\"url\":\"https:\/\/www.viitanordic.com\/lataukset\/logo-viitanordic.png\",\"contentUrl\":\"https:\/\/www.viitanordic.com\/lataukset\/logo-viitanordic.png\",\"width\":720,\"height\":111,\"caption\":\"ViitaNordic Oy\"},\"image\":{\"@id\":\"https:\/\/www.viitanordic.com\/#\/schema\/logo\/image\/\"},\"sameAs\":[\"https:\/\/www.facebook.com\/viitanordic\",\"https:\/\/fi.pinterest.com\/viitanordic\/\"]}]}<\/script>\n<!-- \/ Yoast SEO plugin. -->","yoast_head_json":{"title":"Naava design Laura Krekula - Villamatto valmistettu Suomessa","description":"Villamatto Rae on lempe\u00e4 ja ylellinen matto kodin eri tiloihin. Kotimainen matto on erinomainen ja laadukas. Tilaa nyt kotimainen villamatto!","robots":{"index":"index","follow":"follow","max-snippet":"max-snippet:-1","max-image-preview":"max-image-preview:large","max-video-preview":"max-video-preview:-1"},"canonical":"https:\/\/www.viitanordic.com\/fi\/product\/design-matot\/naava-design-laura-krekula\/","og_locale":"fi_FI","og_type":"article","og_title":"Naava design Laura Krekula - Villamatto valmistettu Suomessa","og_description":"Villamatto Rae on lempe\u00e4 ja ylellinen matto kodin eri tiloihin. Kotimainen matto on erinomainen ja laadukas. Tilaa nyt kotimainen villamatto!","og_url":"https:\/\/www.viitanordic.com\/fi\/product\/design-matot\/naava-design-laura-krekula\/","og_site_name":"Suomalaisia mattoja - Puuvillamattoja - ViitaNordic","article_publisher":"https:\/\/www.facebook.com\/viitanordic","article_modified_time":"2025-06-09T15:33:39+00:00","og_image":[{"url":"https:\/\/www.viitanordic.com\/lataukset\/Finnish-Wool-Rug_Scandi-Design_new.png","width":640,"height":390,"type":"image\/png"}],"twitter_misc":{"Arvioitu lukuaika":"1 minuutti"},"schema":{"@context":"https:\/\/schema.org","@graph":[{"@type":"WebPage","@id":"https:\/\/www.viitanordic.com\/fi\/product\/design-matot\/naava-design-laura-krekula\/","url":"https:\/\/www.viitanordic.com\/fi\/product\/design-matot\/naava-design-laura-krekula\/","name":"Naava design Laura Krekula - Villamatto valmistettu Suomessa","isPartOf":{"@id":"https:\/\/www.viitanordic.com\/#website"},"primaryImageOfPage":{"@id":"https:\/\/www.viitanordic.com\/fi\/product\/design-matot\/naava-design-laura-krekula\/#primaryimage"},"image":{"@id":"https:\/\/www.viitanordic.com\/fi\/product\/design-matot\/naava-design-laura-krekula\/#primaryimage"},"thumbnailUrl":"https:\/\/www.viitanordic.com\/lataukset\/Finnish-Wool-Rug_Scandi-Design_new.png","datePublished":"2025-01-06T14:05:26+00:00","dateModified":"2025-06-09T15:33:39+00:00","description":"Villamatto Rae on lempe\u00e4 ja ylellinen matto kodin eri tiloihin. Kotimainen matto on erinomainen ja laadukas. Tilaa nyt kotimainen villamatto!","breadcrumb":{"@id":"https:\/\/www.viitanordic.com\/fi\/product\/design-matot\/naava-design-laura-krekula\/#breadcrumb"},"inLanguage":"fi","potentialAction":[{"@type":"ReadAction","target":["https:\/\/www.viitanordic.com\/fi\/product\/design-matot\/naava-design-laura-krekula\/"]}]},{"@type":"ImageObject","inLanguage":"fi","@id":"https:\/\/www.viitanordic.com\/fi\/product\/design-matot\/naava-design-laura-krekula\/#primaryimage","url":"https:\/\/www.viitanordic.com\/lataukset\/Finnish-Wool-Rug_Scandi-Design_new.png","contentUrl":"https:\/\/www.viitanordic.com\/lataukset\/Finnish-Wool-Rug_Scandi-Design_new.png","width":1920,"height":1171,"caption":"Scandinavian Rug made in Finland - Nordic Carpet - Finnish Design"},{"@type":"BreadcrumbList","@id":"https:\/\/www.viitanordic.com\/fi\/product\/design-matot\/naava-design-laura-krekula\/#breadcrumb","itemListElement":[{"@type":"ListItem","position":1,"name":"Etusivu","item":"https:\/\/www.viitanordic.com\/fi\/"},{"@type":"ListItem","position":2,"name":"Kotimaisia mattoja &#8211; taidolla valmistettu","item":"https:\/\/www.viitanordic.com\/fi\/"},{"@type":"ListItem","position":3,"name":"Naava design Laura Krekula"}]},{"@type":"WebSite","@id":"https:\/\/www.viitanordic.com\/#website","url":"https:\/\/www.viitanordic.com\/","name":"Scandinavian Rugs - Nordic Rugs - Made in Finland \u2013 ViitaNordic","description":"Suomalaisia mattoja - Puuvillamattoja - ViitaNordic","publisher":{"@id":"https:\/\/www.viitanordic.com\/#organization"},"potentialAction":[{"@type":"SearchAction","target":{"@type":"EntryPoint","urlTemplate":"https:\/\/www.viitanordic.com\/?s={search_term_string}"},"query-input":{"@type":"PropertyValueSpecification","valueRequired":true,"valueName":"search_term_string"}}],"inLanguage":"fi"},{"@type":"Organization","@id":"https:\/\/www.viitanordic.com\/#organization","name":"ViitaNordic Oy","url":"https:\/\/www.viitanordic.com\/","logo":{"@type":"ImageObject","inLanguage":"fi","@id":"https:\/\/www.viitanordic.com\/#\/schema\/logo\/image\/","url":"https:\/\/www.viitanordic.com\/lataukset\/logo-viitanordic.png","contentUrl":"https:\/\/www.viitanordic.com\/lataukset\/logo-viitanordic.png","width":720,"height":111,"caption":"ViitaNordic Oy"},"image":{"@id":"https:\/\/www.viitanordic.com\/#\/schema\/logo\/image\/"},"sameAs":["https:\/\/www.facebook.com\/viitanordic","https:\/\/fi.pinterest.com\/viitanordic\/"]}]}},"_links":{"self":[{"href":"https:\/\/www.viitanordic.com\/fi\/wp-json\/wp\/v2\/product\/43840","targetHints":{"allow":["GET"]}}],"collection":[{"href":"https:\/\/www.viitanordic.com\/fi\/wp-json\/wp\/v2\/product"}],"about":[{"href":"https:\/\/www.viitanordic.com\/fi\/wp-json\/wp\/v2\/types\/product"}],"wp:featuredmedia":[{"embeddable":true,"href":"https:\/\/www.viitanordic.com\/fi\/wp-json\/wp\/v2\/media\/43878"}],"wp:attachment":[{"href":"https:\/\/www.viitanordic.com\/fi\/wp-json\/wp\/v2\/media?parent=43840"}],"wp:term":[{"taxonomy":"product_brand","embeddable":true,"href":"https:\/\/www.viitanordic.com\/fi\/wp-json\/wp\/v2\/product_brand?post=43840"},{"taxonomy":"product_cat","embeddable":true,"href":"https:\/\/www.viitanordic.com\/fi\/wp-json\/wp\/v2\/product_cat?post=43840"},{"taxonomy":"product_tag","embeddable":true,"href":"https:\/\/www.viitanordic.com\/fi\/wp-json\/wp\/v2\/product_tag?post=43840"}],"curies":[{"name":"wp","href":"https:\/\/api.w.org\/{rel}","templated":true}]}}