{"id":45085,"date":"2025-06-09T22:09:58","date_gmt":"2025-06-09T19:10:02","guid":{"rendered":"https:\/\/www.viitanordic.com\/?post_type=product&#038;p=45085"},"modified":"2025-06-09T22:50:13","modified_gmt":"2025-06-09T19:50:13","slug":"matto-tuuli","status":"publish","type":"product","link":"https:\/\/www.viitanordic.com\/fi\/product\/kauniita-ja-laadukkaita-kotimaisia-mattoja\/matto-tuuli\/","title":{"rendered":"Matto Tuuli"},"content":{"rendered":"<p>Rouheapintainen Tuuli-matto ei pelk\u00e4\u00e4 kovaakaan kulutusta. Matto soveltuu parhaiten k\u00e4yt\u00e4ville ja eteistiloihin, my\u00f6s katetuille terasseille ja parvekkeille. EVA-pohjaus tekee matosta tiiviin, liukumattoman ja joustavan. Matto pysyy hyvin paikallaan jalan painon alla. Pohjausmateriaali soveltuu kaikille lattiamateriaaleille ja lattial\u00e4mmitteisiinkin tiloihin. Se ei j\u00e4t\u00e4 j\u00e4lki\u00e4 lattiaan ja on hajuton ja kierr\u00e4tett\u00e4v\u00e4. Kutistumisen vuoksi sisal-mattoa ei suositella tuulikaappeihin eik\u00e4 kosteisiin tiloihin.<\/p>\n<p><strong>Mittatilaus:<\/strong> Valitse koko alapuolelta<\/p>\n<p><strong>Merkki:<\/strong> VM-Carpet<\/p>\n<p><strong>Materiaali:<\/strong> 100% sisal<\/p>\n<p><strong>Alkuper\u00e4maa: <\/strong>EU<\/p>\n<p><strong>Valmistus:<\/strong> Kudottu<\/p>\n<p><strong>Pohjaus:<\/strong> Liukumaton pohjaus tekee matosta matosta ryhdikk\u00e4\u00e4n. Pohjaus sopii kaikille lattiapinnoille, my\u00f6s tiloihin joissa on lattial\u00e4mmitys. Se on hajuton ja kierr\u00e4tett\u00e4v\u00e4 eik\u00e4 pohjaus j\u00e4t\u00e4 j\u00e4lki\u00e4 lattiaan tai ker\u00e4\u00e4 p\u00f6ly\u00e4.<\/p>\n<p><strong>Kantti:<\/strong>\u00a0100% Puuvilla<\/p>\n<p><strong>Hoito-ohje:\u00a0<\/strong>S\u00e4\u00e4nn\u00f6llinen imurointi. Tahrojen poisto tuoreeltaan puhtaalla, kostealla liinalla. Ei hankausta.<\/p>\n<p><strong>Pesuohje:<\/strong> Sisalmatolle ei suositella l\u00e4pikastelua koska kuitu saattaa el\u00e4\u00e4 kastuessaan ja kuivuessaan. Suosittelemme, ett\u00e4 varsinainen maton pesu suoritetaan pesualan ammattilaisen toimesta kuivapesulla. Emme vastaa matonpesusta matolle aiheutuneista vahingoista.<\/p>\n","protected":false},"excerpt":{"rendered":"<p>Rouheapintainen Tuuli-matto ei pelk\u00e4\u00e4 kovaakaan kulutusta. Matto soveltuu parhaiten k\u00e4yt\u00e4ville ja eteistiloihin, my\u00f6s katetuille terasseille ja parvekkeille. EVA-pohjaus tekee matosta tiiviin, liukumattoman ja joustavan. Matto pysyy hyvin paikallaan jalan painon alla. Pohjausmateriaali soveltuu kaikille lattiamateriaaleille ja lattial\u00e4mmitteisiinkin tiloihin. Se ei j\u00e4t\u00e4 j\u00e4lki\u00e4 lattiaan ja on hajuton ja kierr\u00e4tett\u00e4v\u00e4. Kutistumisen vuoksi sisal-mattoa ei suositella tuulikaappeihin eik\u00e4 [\u2026] <a href=\"https:\/\/www.viitanordic.com\/fi\/product\/kauniita-ja-laadukkaita-kotimaisia-mattoja\/matto-tuuli\/\">\u00bb Lue Lis\u00e4\u00e4<\/a><\/p>\n","protected":false},"featured_media":45120,"template":"","meta":{"_acf_changed":false},"product_brand":[],"product_cat":[184],"product_tag":[],"class_list":{"0":"post-45085","1":"product","2":"type-product","3":"status-publish","4":"has-post-thumbnail","6":"product_cat-kauniita-ja-laadukkaita-kotimaisia-mattoja","8":"first","9":"instock","10":"taxable","11":"shipping-taxable","12":"purchasable","13":"product-type-variable","14":"has-default-attributes"},"acf":[],"yoast_head":"<!-- This site is optimized with the Yoast SEO plugin v25.8 - https:\/\/yoast.com\/wordpress\/plugins\/seo\/ -->\n<title>Matto Tuuli - Suomalaisia mattoja - Puuvillamattoja - ViitaNordic<\/title>\n<meta name=\"description\" content=\"Blues on elegantti yksiv\u00e4rinen paperinarumatto. Blues on p\u00f6ly\u00e4m\u00e4t\u00f6n, antistaattinen ja kulutusta kest\u00e4v\u00e4.\" \/>\n<meta name=\"robots\" content=\"index, follow, max-snippet:-1, max-image-preview:large, max-video-preview:-1\" \/>\n<link rel=\"canonical\" href=\"https:\/\/www.viitanordic.com\/fi\/product\/kauniita-ja-laadukkaita-kotimaisia-mattoja\/matto-tuuli\/\" \/>\n<meta property=\"og:locale\" content=\"fi_FI\" \/>\n<meta property=\"og:type\" content=\"article\" \/>\n<meta property=\"og:title\" content=\"Matto Tuuli - Suomalaisia mattoja - Puuvillamattoja - ViitaNordic\" \/>\n<meta property=\"og:description\" content=\"Blues on elegantti yksiv\u00e4rinen paperinarumatto. Blues on p\u00f6ly\u00e4m\u00e4t\u00f6n, antistaattinen ja kulutusta kest\u00e4v\u00e4.\" \/>\n<meta property=\"og:url\" content=\"https:\/\/www.viitanordic.com\/fi\/product\/kauniita-ja-laadukkaita-kotimaisia-mattoja\/matto-tuuli\/\" \/>\n<meta property=\"og:site_name\" content=\"Suomalaisia mattoja - Puuvillamattoja - ViitaNordic\" \/>\n<meta property=\"article:publisher\" content=\"https:\/\/www.facebook.com\/viitanordic\" \/>\n<meta property=\"article:modified_time\" content=\"2025-06-09T19:50:13+00:00\" \/>\n<meta property=\"og:image\" content=\"https:\/\/www.viitanordic.com\/lataukset\/Nordic-Sisal-Rug-Tuuli.jpg\" \/>\n\t<meta property=\"og:image:width\" content=\"1920\" \/>\n\t<meta property=\"og:image:height\" content=\"1263\" \/>\n\t<meta property=\"og:image:type\" content=\"image\/jpeg\" \/>\n<meta name=\"twitter:label1\" content=\"Arvioitu lukuaika\" \/>\n\t<meta name=\"twitter:data1\" content=\"1 minuutti\" \/>\n<script type=\"application\/ld+json\" class=\"yoast-schema-graph\">{\"@context\":\"https:\/\/schema.org\",\"@graph\":[{\"@type\":\"WebPage\",\"@id\":\"https:\/\/www.viitanordic.com\/fi\/product\/kauniita-ja-laadukkaita-kotimaisia-mattoja\/matto-tuuli\/\",\"url\":\"https:\/\/www.viitanordic.com\/fi\/product\/kauniita-ja-laadukkaita-kotimaisia-mattoja\/matto-tuuli\/\",\"name\":\"Matto Tuuli - Suomalaisia mattoja - Puuvillamattoja - ViitaNordic\",\"isPartOf\":{\"@id\":\"https:\/\/www.viitanordic.com\/#website\"},\"primaryImageOfPage\":{\"@id\":\"https:\/\/www.viitanordic.com\/fi\/product\/kauniita-ja-laadukkaita-kotimaisia-mattoja\/matto-tuuli\/#primaryimage\"},\"image\":{\"@id\":\"https:\/\/www.viitanordic.com\/fi\/product\/kauniita-ja-laadukkaita-kotimaisia-mattoja\/matto-tuuli\/#primaryimage\"},\"thumbnailUrl\":\"https:\/\/www.viitanordic.com\/lataukset\/Nordic-Sisal-Rug-Tuuli.jpg\",\"datePublished\":\"2025-06-09T19:10:02+00:00\",\"dateModified\":\"2025-06-09T19:50:13+00:00\",\"description\":\"Blues on elegantti yksiv\u00e4rinen paperinarumatto. Blues on p\u00f6ly\u00e4m\u00e4t\u00f6n, antistaattinen ja kulutusta kest\u00e4v\u00e4.\",\"breadcrumb\":{\"@id\":\"https:\/\/www.viitanordic.com\/fi\/product\/kauniita-ja-laadukkaita-kotimaisia-mattoja\/matto-tuuli\/#breadcrumb\"},\"inLanguage\":\"fi\",\"potentialAction\":[{\"@type\":\"ReadAction\",\"target\":[\"https:\/\/www.viitanordic.com\/fi\/product\/kauniita-ja-laadukkaita-kotimaisia-mattoja\/matto-tuuli\/\"]}]},{\"@type\":\"ImageObject\",\"inLanguage\":\"fi\",\"@id\":\"https:\/\/www.viitanordic.com\/fi\/product\/kauniita-ja-laadukkaita-kotimaisia-mattoja\/matto-tuuli\/#primaryimage\",\"url\":\"https:\/\/www.viitanordic.com\/lataukset\/Nordic-Sisal-Rug-Tuuli.jpg\",\"contentUrl\":\"https:\/\/www.viitanordic.com\/lataukset\/Nordic-Sisal-Rug-Tuuli.jpg\",\"width\":1920,\"height\":1263},{\"@type\":\"BreadcrumbList\",\"@id\":\"https:\/\/www.viitanordic.com\/fi\/product\/kauniita-ja-laadukkaita-kotimaisia-mattoja\/matto-tuuli\/#breadcrumb\",\"itemListElement\":[{\"@type\":\"ListItem\",\"position\":1,\"name\":\"Etusivu\",\"item\":\"https:\/\/www.viitanordic.com\/fi\/\"},{\"@type\":\"ListItem\",\"position\":2,\"name\":\"Kotimaisia mattoja &#8211; taidolla valmistettu\",\"item\":\"https:\/\/www.viitanordic.com\/fi\/\"},{\"@type\":\"ListItem\",\"position\":3,\"name\":\"Matto Tuuli\"}]},{\"@type\":\"WebSite\",\"@id\":\"https:\/\/www.viitanordic.com\/#website\",\"url\":\"https:\/\/www.viitanordic.com\/\",\"name\":\"Scandinavian Rugs - Nordic Rugs - Made in Finland \u2013 ViitaNordic\",\"description\":\"Suomalaisia mattoja - Puuvillamattoja - ViitaNordic\",\"publisher\":{\"@id\":\"https:\/\/www.viitanordic.com\/#organization\"},\"potentialAction\":[{\"@type\":\"SearchAction\",\"target\":{\"@type\":\"EntryPoint\",\"urlTemplate\":\"https:\/\/www.viitanordic.com\/?s={search_term_string}\"},\"query-input\":{\"@type\":\"PropertyValueSpecification\",\"valueRequired\":true,\"valueName\":\"search_term_string\"}}],\"inLanguage\":\"fi\"},{\"@type\":\"Organization\",\"@id\":\"https:\/\/www.viitanordic.com\/#organization\",\"name\":\"ViitaNordic Oy\",\"url\":\"https:\/\/www.viitanordic.com\/\",\"logo\":{\"@type\":\"ImageObject\",\"inLanguage\":\"fi\",\"@id\":\"https:\/\/www.viitanordic.com\/#\/schema\/logo\/image\/\",\"url\":\"https:\/\/www.viitanordic.com\/lataukset\/logo-viitanordic.png\",\"contentUrl\":\"https:\/\/www.viitanordic.com\/lataukset\/logo-viitanordic.png\",\"width\":720,\"height\":111,\"caption\":\"ViitaNordic Oy\"},\"image\":{\"@id\":\"https:\/\/www.viitanordic.com\/#\/schema\/logo\/image\/\"},\"sameAs\":[\"https:\/\/www.facebook.com\/viitanordic\",\"https:\/\/fi.pinterest.com\/viitanordic\/\"]}]}<\/script>\n<!-- \/ Yoast SEO plugin. -->","yoast_head_json":{"title":"Matto Tuuli - Suomalaisia mattoja - Puuvillamattoja - ViitaNordic","description":"Blues on elegantti yksiv\u00e4rinen paperinarumatto. Blues on p\u00f6ly\u00e4m\u00e4t\u00f6n, antistaattinen ja kulutusta kest\u00e4v\u00e4.","robots":{"index":"index","follow":"follow","max-snippet":"max-snippet:-1","max-image-preview":"max-image-preview:large","max-video-preview":"max-video-preview:-1"},"canonical":"https:\/\/www.viitanordic.com\/fi\/product\/kauniita-ja-laadukkaita-kotimaisia-mattoja\/matto-tuuli\/","og_locale":"fi_FI","og_type":"article","og_title":"Matto Tuuli - Suomalaisia mattoja - Puuvillamattoja - ViitaNordic","og_description":"Blues on elegantti yksiv\u00e4rinen paperinarumatto. Blues on p\u00f6ly\u00e4m\u00e4t\u00f6n, antistaattinen ja kulutusta kest\u00e4v\u00e4.","og_url":"https:\/\/www.viitanordic.com\/fi\/product\/kauniita-ja-laadukkaita-kotimaisia-mattoja\/matto-tuuli\/","og_site_name":"Suomalaisia mattoja - Puuvillamattoja - ViitaNordic","article_publisher":"https:\/\/www.facebook.com\/viitanordic","article_modified_time":"2025-06-09T19:50:13+00:00","og_image":[{"width":1920,"height":1263,"url":"https:\/\/www.viitanordic.com\/lataukset\/Nordic-Sisal-Rug-Tuuli.jpg","type":"image\/jpeg"}],"twitter_misc":{"Arvioitu lukuaika":"1 minuutti"},"schema":{"@context":"https:\/\/schema.org","@graph":[{"@type":"WebPage","@id":"https:\/\/www.viitanordic.com\/fi\/product\/kauniita-ja-laadukkaita-kotimaisia-mattoja\/matto-tuuli\/","url":"https:\/\/www.viitanordic.com\/fi\/product\/kauniita-ja-laadukkaita-kotimaisia-mattoja\/matto-tuuli\/","name":"Matto Tuuli - Suomalaisia mattoja - Puuvillamattoja - ViitaNordic","isPartOf":{"@id":"https:\/\/www.viitanordic.com\/#website"},"primaryImageOfPage":{"@id":"https:\/\/www.viitanordic.com\/fi\/product\/kauniita-ja-laadukkaita-kotimaisia-mattoja\/matto-tuuli\/#primaryimage"},"image":{"@id":"https:\/\/www.viitanordic.com\/fi\/product\/kauniita-ja-laadukkaita-kotimaisia-mattoja\/matto-tuuli\/#primaryimage"},"thumbnailUrl":"https:\/\/www.viitanordic.com\/lataukset\/Nordic-Sisal-Rug-Tuuli.jpg","datePublished":"2025-06-09T19:10:02+00:00","dateModified":"2025-06-09T19:50:13+00:00","description":"Blues on elegantti yksiv\u00e4rinen paperinarumatto. Blues on p\u00f6ly\u00e4m\u00e4t\u00f6n, antistaattinen ja kulutusta kest\u00e4v\u00e4.","breadcrumb":{"@id":"https:\/\/www.viitanordic.com\/fi\/product\/kauniita-ja-laadukkaita-kotimaisia-mattoja\/matto-tuuli\/#breadcrumb"},"inLanguage":"fi","potentialAction":[{"@type":"ReadAction","target":["https:\/\/www.viitanordic.com\/fi\/product\/kauniita-ja-laadukkaita-kotimaisia-mattoja\/matto-tuuli\/"]}]},{"@type":"ImageObject","inLanguage":"fi","@id":"https:\/\/www.viitanordic.com\/fi\/product\/kauniita-ja-laadukkaita-kotimaisia-mattoja\/matto-tuuli\/#primaryimage","url":"https:\/\/www.viitanordic.com\/lataukset\/Nordic-Sisal-Rug-Tuuli.jpg","contentUrl":"https:\/\/www.viitanordic.com\/lataukset\/Nordic-Sisal-Rug-Tuuli.jpg","width":1920,"height":1263},{"@type":"BreadcrumbList","@id":"https:\/\/www.viitanordic.com\/fi\/product\/kauniita-ja-laadukkaita-kotimaisia-mattoja\/matto-tuuli\/#breadcrumb","itemListElement":[{"@type":"ListItem","position":1,"name":"Etusivu","item":"https:\/\/www.viitanordic.com\/fi\/"},{"@type":"ListItem","position":2,"name":"Kotimaisia mattoja &#8211; taidolla valmistettu","item":"https:\/\/www.viitanordic.com\/fi\/"},{"@type":"ListItem","position":3,"name":"Matto Tuuli"}]},{"@type":"WebSite","@id":"https:\/\/www.viitanordic.com\/#website","url":"https:\/\/www.viitanordic.com\/","name":"Scandinavian Rugs - Nordic Rugs - Made in Finland \u2013 ViitaNordic","description":"Suomalaisia mattoja - Puuvillamattoja - ViitaNordic","publisher":{"@id":"https:\/\/www.viitanordic.com\/#organization"},"potentialAction":[{"@type":"SearchAction","target":{"@type":"EntryPoint","urlTemplate":"https:\/\/www.viitanordic.com\/?s={search_term_string}"},"query-input":{"@type":"PropertyValueSpecification","valueRequired":true,"valueName":"search_term_string"}}],"inLanguage":"fi"},{"@type":"Organization","@id":"https:\/\/www.viitanordic.com\/#organization","name":"ViitaNordic Oy","url":"https:\/\/www.viitanordic.com\/","logo":{"@type":"ImageObject","inLanguage":"fi","@id":"https:\/\/www.viitanordic.com\/#\/schema\/logo\/image\/","url":"https:\/\/www.viitanordic.com\/lataukset\/logo-viitanordic.png","contentUrl":"https:\/\/www.viitanordic.com\/lataukset\/logo-viitanordic.png","width":720,"height":111,"caption":"ViitaNordic Oy"},"image":{"@id":"https:\/\/www.viitanordic.com\/#\/schema\/logo\/image\/"},"sameAs":["https:\/\/www.facebook.com\/viitanordic","https:\/\/fi.pinterest.com\/viitanordic\/"]}]}},"_links":{"self":[{"href":"https:\/\/www.viitanordic.com\/fi\/wp-json\/wp\/v2\/product\/45085","targetHints":{"allow":["GET"]}}],"collection":[{"href":"https:\/\/www.viitanordic.com\/fi\/wp-json\/wp\/v2\/product"}],"about":[{"href":"https:\/\/www.viitanordic.com\/fi\/wp-json\/wp\/v2\/types\/product"}],"wp:featuredmedia":[{"embeddable":true,"href":"https:\/\/www.viitanordic.com\/fi\/wp-json\/wp\/v2\/media\/45120"}],"wp:attachment":[{"href":"https:\/\/www.viitanordic.com\/fi\/wp-json\/wp\/v2\/media?parent=45085"}],"wp:term":[{"taxonomy":"product_brand","embeddable":true,"href":"https:\/\/www.viitanordic.com\/fi\/wp-json\/wp\/v2\/product_brand?post=45085"},{"taxonomy":"product_cat","embeddable":true,"href":"https:\/\/www.viitanordic.com\/fi\/wp-json\/wp\/v2\/product_cat?post=45085"},{"taxonomy":"product_tag","embeddable":true,"href":"https:\/\/www.viitanordic.com\/fi\/wp-json\/wp\/v2\/product_tag?post=45085"}],"curies":[{"name":"wp","href":"https:\/\/api.w.org\/{rel}","templated":true}]}}