{"id":6403,"date":"2015-10-24T16:41:36","date_gmt":"2015-10-24T13:41:36","guid":{"rendered":"http:\/\/www.viitanordic.com\/dev\/product\/uncategorized\/kevaet-2\/"},"modified":"2024-11-28T21:51:33","modified_gmt":"2024-11-28T19:51:33","slug":"puuvillamatto-rasymatto-kevat","status":"publish","type":"product","link":"https:\/\/www.viitanordic.com\/fi\/product\/puuvillamatot-kotimaiset-rasymatot\/puuvillamatto-rasymatto-kevat\/","title":{"rendered":"Puuvillamatto Kev\u00e4t"},"content":{"rendered":"<p>Puuvillamatto Kev\u00e4t on r\u00e4symatto tyyliin valmistettu matto. Ritirati Kev\u00e4t on Suomessa valmistettu laadukas ja kest\u00e4v\u00e4 matto ja siksi se on asiakkaidemme suosikki vuodesta toiseen. Tasapainoisesti valittujen v\u00e4ris\u00e4vyjen johdosta moderni r\u00e4symatto sopii hyvin niin olohuoneeseen, keitti\u00f6\u00f6n tai makuuhuoneeseen.<\/p>\n<p>Kev\u00e4t -matto on kudottu laadukkaista materiaaleista ja on siksi eritt\u00e4in kest\u00e4v\u00e4 ja pitk\u00e4ik\u00e4inen. Suomessa valmistettu matto on kudottu korkelaatuisesta 100 %:sta puuvillakankaasta, joka on \u00f6ko-tex -standardin mukainen. Uudesta puuvillakankaasta valmistettu matto on tasalaatuinen ja tiukkaan kudottu, mink\u00e4 vuoksi se kest\u00e4\u00e4 erityisen hyvin kulutusta, ravistelua ja ohjeiden mukaista pesua. Maton paksuus on noin 5mm. Kotimainen puuvillamatto Kev\u00e4t on kaksipuolinen ja sit\u00e4 voidaan k\u00e4ytt\u00e4\u00e4 molemmin puolin. Matto on pesunkest\u00e4v\u00e4 ja sit\u00e4 on helppo pit\u00e4\u00e4 puhtaana. Kev\u00e4t -matto on saatavilla monen eri kokoisena, my\u00f6s mittatilauksena.<\/p>\n<p>Kotimaisten ViitaNordic puuvillamattojen valmistus vaatii paljon k\u00e4sity\u00f6t\u00e4, siksi jokainen tuote on uniikki ja saattaa erota hieman kuvan tuotteesta.<\/p>\n<p>&nbsp;<\/p>\n<p><strong>Mittatilaus:<\/strong> Valitse koko alapuolelta<\/p>\n<p><strong>Merkki:<\/strong> <a href=\"https:\/\/www.viitanordic.com\/fi\/viitanordic-tarinamme\/\">ViitaNordic<\/a><\/p>\n<p><strong>Materiaali:<\/strong><strong>\u00a0<\/strong>100% Puuvilla, \u00d6ko-tex<\/p>\n<p><strong>Alkuper\u00e4maa: <\/strong>Suomi<\/p>\n<p><strong>Valmistus:<\/strong> Kudottu<\/p>\n<p><strong>Hoito-ohje:\u00a0<\/strong>Imurointi ja tarvittaessa tuuletus. Tahrojen poisto tuoreeltaan puhtaalla, kostealla liinalla. Ei hankausta.<\/p>\n<p><strong>Pesuohje:<\/strong>\u00a0Kuivapesu vaahdolla tai hell\u00e4varainen ammattimainen tasovesipesu max. +30\u00b0C miedolla hienopesuaineliuoksella. Ei liotusta tai hankausta. Huolellinen huuhtelu runsaalla vedell\u00e4. Ylim\u00e4\u00e4r\u00e4inen vesi poistetaan esim. telapuristimella. Matto muotoillaan kosteana ja kuivatetaan ilmavasti tasossa. Ei saa taittaa. Puuvilla voi kutistua pesussa 5 %.<\/p>\n","protected":false},"excerpt":{"rendered":"<p>Puuvillamatto Kev\u00e4t on r\u00e4symatto tyyliin valmistettu matto. Ritirati Kev\u00e4t on Suomessa valmistettu laadukas ja kest\u00e4v\u00e4 matto ja siksi se on asiakkaidemme suosikki vuodesta toiseen. Tasapainoisesti valittujen v\u00e4ris\u00e4vyjen johdosta moderni r\u00e4symatto sopii hyvin niin olohuoneeseen, keitti\u00f6\u00f6n tai makuuhuoneeseen. Kev\u00e4t -matto on kudottu laadukkaista materiaaleista ja on siksi eritt\u00e4in kest\u00e4v\u00e4 ja pitk\u00e4ik\u00e4inen. Suomessa valmistettu matto on kudottu [\u2026] <a href=\"https:\/\/www.viitanordic.com\/fi\/product\/puuvillamatot-kotimaiset-rasymatot\/puuvillamatto-rasymatto-kevat\/\">\u00bb Lue Lis\u00e4\u00e4<\/a><\/p>\n","protected":false},"featured_media":14155,"template":"","meta":{"_acf_changed":false},"product_brand":[],"product_cat":[192],"product_tag":[1032],"class_list":{"0":"post-6403","1":"product","2":"type-product","3":"status-publish","4":"has-post-thumbnail","6":"product_cat-puuvillamatot-kotimaiset-rasymatot","7":"product_tag-fixed-custom-width-fi","9":"first","10":"instock","11":"taxable","12":"shipping-taxable","13":"purchasable","14":"product-type-variable","15":"has-default-attributes"},"acf":[],"yoast_head":"<!-- This site is optimized with the Yoast SEO plugin v25.8 - https:\/\/yoast.com\/wordpress\/plugins\/seo\/ -->\n<title>R\u00e4symatto Kev\u00e4t on kotimainen, laadukas ja suosittu puuvillamatto<\/title>\n<meta name=\"description\" content=\"Puuvillamatto R\u00e4symatto Kev\u00e4t on laadukas kotimainen matto. Valmistettu laadukkaasti Suomessa. Saatavilla my\u00f6s mittatilauksella. Tilaa omasi!\" \/>\n<meta name=\"robots\" content=\"index, follow, max-snippet:-1, max-image-preview:large, max-video-preview:-1\" \/>\n<link rel=\"canonical\" href=\"https:\/\/www.viitanordic.com\/fi\/product\/puuvillamatot-kotimaiset-rasymatot\/puuvillamatto-rasymatto-kevat\/\" \/>\n<meta property=\"og:locale\" content=\"fi_FI\" \/>\n<meta property=\"og:type\" content=\"article\" \/>\n<meta property=\"og:title\" content=\"R\u00e4symatto Kev\u00e4t on kotimainen, laadukas ja suosittu puuvillamatto\" \/>\n<meta property=\"og:description\" content=\"Puuvillamatto R\u00e4symatto Kev\u00e4t on laadukas kotimainen matto. Valmistettu laadukkaasti Suomessa. Saatavilla my\u00f6s mittatilauksella. Tilaa omasi!\" \/>\n<meta property=\"og:url\" content=\"https:\/\/www.viitanordic.com\/fi\/product\/puuvillamatot-kotimaiset-rasymatot\/puuvillamatto-rasymatto-kevat\/\" \/>\n<meta property=\"og:site_name\" content=\"Suomalaisia mattoja - Puuvillamattoja - ViitaNordic\" \/>\n<meta property=\"article:publisher\" content=\"https:\/\/www.facebook.com\/viitanordic\" \/>\n<meta property=\"article:modified_time\" content=\"2024-11-28T19:51:33+00:00\" \/>\n<meta property=\"og:image\" content=\"https:\/\/www.viitanordic.com\/lataukset\/IMG_8898.jpg\" \/>\n\t<meta property=\"og:image:width\" content=\"1800\" \/>\n\t<meta property=\"og:image:height\" content=\"1222\" \/>\n\t<meta property=\"og:image:type\" content=\"image\/jpeg\" \/>\n<meta name=\"twitter:label1\" content=\"Arvioitu lukuaika\" \/>\n\t<meta name=\"twitter:data1\" content=\"2 minuuttia\" \/>\n<script type=\"application\/ld+json\" class=\"yoast-schema-graph\">{\"@context\":\"https:\/\/schema.org\",\"@graph\":[{\"@type\":\"WebPage\",\"@id\":\"https:\/\/www.viitanordic.com\/fi\/product\/puuvillamatot-kotimaiset-rasymatot\/puuvillamatto-rasymatto-kevat\/\",\"url\":\"https:\/\/www.viitanordic.com\/fi\/product\/puuvillamatot-kotimaiset-rasymatot\/puuvillamatto-rasymatto-kevat\/\",\"name\":\"R\u00e4symatto Kev\u00e4t on kotimainen, laadukas ja suosittu puuvillamatto\",\"isPartOf\":{\"@id\":\"https:\/\/www.viitanordic.com\/#website\"},\"primaryImageOfPage\":{\"@id\":\"https:\/\/www.viitanordic.com\/fi\/product\/puuvillamatot-kotimaiset-rasymatot\/puuvillamatto-rasymatto-kevat\/#primaryimage\"},\"image\":{\"@id\":\"https:\/\/www.viitanordic.com\/fi\/product\/puuvillamatot-kotimaiset-rasymatot\/puuvillamatto-rasymatto-kevat\/#primaryimage\"},\"thumbnailUrl\":\"https:\/\/www.viitanordic.com\/lataukset\/IMG_8898.jpg\",\"datePublished\":\"2015-10-24T13:41:36+00:00\",\"dateModified\":\"2024-11-28T19:51:33+00:00\",\"description\":\"Puuvillamatto R\u00e4symatto Kev\u00e4t on laadukas kotimainen matto. Valmistettu laadukkaasti Suomessa. Saatavilla my\u00f6s mittatilauksella. Tilaa omasi!\",\"breadcrumb\":{\"@id\":\"https:\/\/www.viitanordic.com\/fi\/product\/puuvillamatot-kotimaiset-rasymatot\/puuvillamatto-rasymatto-kevat\/#breadcrumb\"},\"inLanguage\":\"fi\",\"potentialAction\":[{\"@type\":\"ReadAction\",\"target\":[\"https:\/\/www.viitanordic.com\/fi\/product\/puuvillamatot-kotimaiset-rasymatot\/puuvillamatto-rasymatto-kevat\/\"]}]},{\"@type\":\"ImageObject\",\"inLanguage\":\"fi\",\"@id\":\"https:\/\/www.viitanordic.com\/fi\/product\/puuvillamatot-kotimaiset-rasymatot\/puuvillamatto-rasymatto-kevat\/#primaryimage\",\"url\":\"https:\/\/www.viitanordic.com\/lataukset\/IMG_8898.jpg\",\"contentUrl\":\"https:\/\/www.viitanordic.com\/lataukset\/IMG_8898.jpg\",\"width\":1800,\"height\":1222,\"caption\":\"Puuvillamatto, Keto, ritirati, r\u00e4symatto, ViitaNordic, kotimainen matto, perinteinen matto, perinteinen r\u00e4symatto, v\u00e4rik\u00e4s matto\"},{\"@type\":\"BreadcrumbList\",\"@id\":\"https:\/\/www.viitanordic.com\/fi\/product\/puuvillamatot-kotimaiset-rasymatot\/puuvillamatto-rasymatto-kevat\/#breadcrumb\",\"itemListElement\":[{\"@type\":\"ListItem\",\"position\":1,\"name\":\"Etusivu\",\"item\":\"https:\/\/www.viitanordic.com\/fi\/\"},{\"@type\":\"ListItem\",\"position\":2,\"name\":\"Kotimaisia mattoja &#8211; taidolla valmistettu\",\"item\":\"https:\/\/www.viitanordic.com\/fi\/\"},{\"@type\":\"ListItem\",\"position\":3,\"name\":\"Puuvillamatto Kev\u00e4t\"}]},{\"@type\":\"WebSite\",\"@id\":\"https:\/\/www.viitanordic.com\/#website\",\"url\":\"https:\/\/www.viitanordic.com\/\",\"name\":\"Scandinavian Rugs - Nordic Rugs - Made in Finland \u2013 ViitaNordic\",\"description\":\"Suomalaisia mattoja - Puuvillamattoja - ViitaNordic\",\"publisher\":{\"@id\":\"https:\/\/www.viitanordic.com\/#organization\"},\"potentialAction\":[{\"@type\":\"SearchAction\",\"target\":{\"@type\":\"EntryPoint\",\"urlTemplate\":\"https:\/\/www.viitanordic.com\/?s={search_term_string}\"},\"query-input\":{\"@type\":\"PropertyValueSpecification\",\"valueRequired\":true,\"valueName\":\"search_term_string\"}}],\"inLanguage\":\"fi\"},{\"@type\":\"Organization\",\"@id\":\"https:\/\/www.viitanordic.com\/#organization\",\"name\":\"ViitaNordic Oy\",\"url\":\"https:\/\/www.viitanordic.com\/\",\"logo\":{\"@type\":\"ImageObject\",\"inLanguage\":\"fi\",\"@id\":\"https:\/\/www.viitanordic.com\/#\/schema\/logo\/image\/\",\"url\":\"https:\/\/www.viitanordic.com\/lataukset\/logo-viitanordic.png\",\"contentUrl\":\"https:\/\/www.viitanordic.com\/lataukset\/logo-viitanordic.png\",\"width\":720,\"height\":111,\"caption\":\"ViitaNordic Oy\"},\"image\":{\"@id\":\"https:\/\/www.viitanordic.com\/#\/schema\/logo\/image\/\"},\"sameAs\":[\"https:\/\/www.facebook.com\/viitanordic\",\"https:\/\/fi.pinterest.com\/viitanordic\/\"]}]}<\/script>\n<!-- \/ Yoast SEO plugin. -->","yoast_head_json":{"title":"R\u00e4symatto Kev\u00e4t on kotimainen, laadukas ja suosittu puuvillamatto","description":"Puuvillamatto R\u00e4symatto Kev\u00e4t on laadukas kotimainen matto. Valmistettu laadukkaasti Suomessa. Saatavilla my\u00f6s mittatilauksella. Tilaa omasi!","robots":{"index":"index","follow":"follow","max-snippet":"max-snippet:-1","max-image-preview":"max-image-preview:large","max-video-preview":"max-video-preview:-1"},"canonical":"https:\/\/www.viitanordic.com\/fi\/product\/puuvillamatot-kotimaiset-rasymatot\/puuvillamatto-rasymatto-kevat\/","og_locale":"fi_FI","og_type":"article","og_title":"R\u00e4symatto Kev\u00e4t on kotimainen, laadukas ja suosittu puuvillamatto","og_description":"Puuvillamatto R\u00e4symatto Kev\u00e4t on laadukas kotimainen matto. Valmistettu laadukkaasti Suomessa. Saatavilla my\u00f6s mittatilauksella. Tilaa omasi!","og_url":"https:\/\/www.viitanordic.com\/fi\/product\/puuvillamatot-kotimaiset-rasymatot\/puuvillamatto-rasymatto-kevat\/","og_site_name":"Suomalaisia mattoja - Puuvillamattoja - ViitaNordic","article_publisher":"https:\/\/www.facebook.com\/viitanordic","article_modified_time":"2024-11-28T19:51:33+00:00","og_image":[{"width":1800,"height":1222,"url":"https:\/\/www.viitanordic.com\/lataukset\/IMG_8898.jpg","type":"image\/jpeg"}],"twitter_misc":{"Arvioitu lukuaika":"2 minuuttia"},"schema":{"@context":"https:\/\/schema.org","@graph":[{"@type":"WebPage","@id":"https:\/\/www.viitanordic.com\/fi\/product\/puuvillamatot-kotimaiset-rasymatot\/puuvillamatto-rasymatto-kevat\/","url":"https:\/\/www.viitanordic.com\/fi\/product\/puuvillamatot-kotimaiset-rasymatot\/puuvillamatto-rasymatto-kevat\/","name":"R\u00e4symatto Kev\u00e4t on kotimainen, laadukas ja suosittu puuvillamatto","isPartOf":{"@id":"https:\/\/www.viitanordic.com\/#website"},"primaryImageOfPage":{"@id":"https:\/\/www.viitanordic.com\/fi\/product\/puuvillamatot-kotimaiset-rasymatot\/puuvillamatto-rasymatto-kevat\/#primaryimage"},"image":{"@id":"https:\/\/www.viitanordic.com\/fi\/product\/puuvillamatot-kotimaiset-rasymatot\/puuvillamatto-rasymatto-kevat\/#primaryimage"},"thumbnailUrl":"https:\/\/www.viitanordic.com\/lataukset\/IMG_8898.jpg","datePublished":"2015-10-24T13:41:36+00:00","dateModified":"2024-11-28T19:51:33+00:00","description":"Puuvillamatto R\u00e4symatto Kev\u00e4t on laadukas kotimainen matto. Valmistettu laadukkaasti Suomessa. Saatavilla my\u00f6s mittatilauksella. Tilaa omasi!","breadcrumb":{"@id":"https:\/\/www.viitanordic.com\/fi\/product\/puuvillamatot-kotimaiset-rasymatot\/puuvillamatto-rasymatto-kevat\/#breadcrumb"},"inLanguage":"fi","potentialAction":[{"@type":"ReadAction","target":["https:\/\/www.viitanordic.com\/fi\/product\/puuvillamatot-kotimaiset-rasymatot\/puuvillamatto-rasymatto-kevat\/"]}]},{"@type":"ImageObject","inLanguage":"fi","@id":"https:\/\/www.viitanordic.com\/fi\/product\/puuvillamatot-kotimaiset-rasymatot\/puuvillamatto-rasymatto-kevat\/#primaryimage","url":"https:\/\/www.viitanordic.com\/lataukset\/IMG_8898.jpg","contentUrl":"https:\/\/www.viitanordic.com\/lataukset\/IMG_8898.jpg","width":1800,"height":1222,"caption":"Puuvillamatto, Keto, ritirati, r\u00e4symatto, ViitaNordic, kotimainen matto, perinteinen matto, perinteinen r\u00e4symatto, v\u00e4rik\u00e4s matto"},{"@type":"BreadcrumbList","@id":"https:\/\/www.viitanordic.com\/fi\/product\/puuvillamatot-kotimaiset-rasymatot\/puuvillamatto-rasymatto-kevat\/#breadcrumb","itemListElement":[{"@type":"ListItem","position":1,"name":"Etusivu","item":"https:\/\/www.viitanordic.com\/fi\/"},{"@type":"ListItem","position":2,"name":"Kotimaisia mattoja &#8211; taidolla valmistettu","item":"https:\/\/www.viitanordic.com\/fi\/"},{"@type":"ListItem","position":3,"name":"Puuvillamatto Kev\u00e4t"}]},{"@type":"WebSite","@id":"https:\/\/www.viitanordic.com\/#website","url":"https:\/\/www.viitanordic.com\/","name":"Scandinavian Rugs - Nordic Rugs - Made in Finland \u2013 ViitaNordic","description":"Suomalaisia mattoja - Puuvillamattoja - ViitaNordic","publisher":{"@id":"https:\/\/www.viitanordic.com\/#organization"},"potentialAction":[{"@type":"SearchAction","target":{"@type":"EntryPoint","urlTemplate":"https:\/\/www.viitanordic.com\/?s={search_term_string}"},"query-input":{"@type":"PropertyValueSpecification","valueRequired":true,"valueName":"search_term_string"}}],"inLanguage":"fi"},{"@type":"Organization","@id":"https:\/\/www.viitanordic.com\/#organization","name":"ViitaNordic Oy","url":"https:\/\/www.viitanordic.com\/","logo":{"@type":"ImageObject","inLanguage":"fi","@id":"https:\/\/www.viitanordic.com\/#\/schema\/logo\/image\/","url":"https:\/\/www.viitanordic.com\/lataukset\/logo-viitanordic.png","contentUrl":"https:\/\/www.viitanordic.com\/lataukset\/logo-viitanordic.png","width":720,"height":111,"caption":"ViitaNordic Oy"},"image":{"@id":"https:\/\/www.viitanordic.com\/#\/schema\/logo\/image\/"},"sameAs":["https:\/\/www.facebook.com\/viitanordic","https:\/\/fi.pinterest.com\/viitanordic\/"]}]}},"_links":{"self":[{"href":"https:\/\/www.viitanordic.com\/fi\/wp-json\/wp\/v2\/product\/6403","targetHints":{"allow":["GET"]}}],"collection":[{"href":"https:\/\/www.viitanordic.com\/fi\/wp-json\/wp\/v2\/product"}],"about":[{"href":"https:\/\/www.viitanordic.com\/fi\/wp-json\/wp\/v2\/types\/product"}],"wp:featuredmedia":[{"embeddable":true,"href":"https:\/\/www.viitanordic.com\/fi\/wp-json\/wp\/v2\/media\/14155"}],"wp:attachment":[{"href":"https:\/\/www.viitanordic.com\/fi\/wp-json\/wp\/v2\/media?parent=6403"}],"wp:term":[{"taxonomy":"product_brand","embeddable":true,"href":"https:\/\/www.viitanordic.com\/fi\/wp-json\/wp\/v2\/product_brand?post=6403"},{"taxonomy":"product_cat","embeddable":true,"href":"https:\/\/www.viitanordic.com\/fi\/wp-json\/wp\/v2\/product_cat?post=6403"},{"taxonomy":"product_tag","embeddable":true,"href":"https:\/\/www.viitanordic.com\/fi\/wp-json\/wp\/v2\/product_tag?post=6403"}],"curies":[{"name":"wp","href":"https:\/\/api.w.org\/{rel}","templated":true}]}}