{"id":7745,"date":"2015-12-31T10:30:44","date_gmt":"2015-12-31T08:30:44","guid":{"rendered":"http:\/\/www.viitanordic.com\/dev\/product\/matot-fi\/hirvi\/?lang=fi"},"modified":"2019-07-22T23:37:30","modified_gmt":"2019-07-22T20:37:30","slug":"matto-hirvi","status":"publish","type":"product","link":"https:\/\/www.viitanordic.com\/fi\/product\/hauskat-lasten-matot\/matto-hirvi\/","title":{"rendered":"Matto Hirvi"},"content":{"rendered":"<p>Suomalainen hirvi on k\u00e4ynyt tervehtim\u00e4ss\u00e4 lapsia ja j\u00e4tt\u00e4nyt hauskat jalanj\u00e4lkens\u00e4 mattoon. Hirvi on pehme\u00e4 ja mukavan tuntuinen matto.<\/p>\n<p><strong>Merkki:<\/strong> VM-Carpet<\/p>\n<p><strong>Materiaali: <\/strong>100% Polypropyleeni<\/p>\n<p><strong>Alkuper\u00e4:<\/strong> EU. Muotoilu ja pohjaus tehty Suomessa.<\/p>\n<p><strong>Valmistus:<\/strong> Tuftattu<\/p>\n<p><strong>Pohjaus:<\/strong> Liukumaton pohjaus tekee matosta matosta ryhdikk\u00e4\u00e4n. Pohjaus sopii kaikille lattiapinnoille, my\u00f6s tiloihin joissa on lattial\u00e4mmitys. Se on hajuton ja kierr\u00e4tett\u00e4v\u00e4 eik\u00e4 pohjaus j\u00e4t\u00e4 j\u00e4lki\u00e4 lattiaan tai ker\u00e4\u00e4 p\u00f6ly\u00e4.<\/p>\n<p><strong>Hoito-ohje:\u00a0<\/strong>S\u00e4\u00e4nn\u00f6llinen imurointi. Tahrojen poisto tuoreeltaan puhtaalla, kostealla liinalla. Ei hankausta.<\/p>\n<p><strong>Pesuohje:<\/strong>\u00a0Kuivapesu vaahdolla tai hell\u00e4varainen tasovesipesu max. +30\u00baC miedolla pesuliuoksella ja pehme\u00e4ll\u00e4 harjalla. Ei liotusta tai hankausta. Huolellinen huuhtelu runsaalla vedell\u00e4. Ylim\u00e4\u00e4r\u00e4inen vesi poistetaan esim. telapuristimella. Matto muotoillaan kosteana ja kuivatetaan ilmavasti tasossa. Ei saa taittaa. Suositellaan ammattimaista tasopesua. Suojak\u00e4sittelyn voi uusia pesun j\u00e4lkeen.<\/p>\n","protected":false},"excerpt":{"rendered":"<p>Suomalainen hirvi on k\u00e4ynyt tervehtim\u00e4ss\u00e4 lapsia ja j\u00e4tt\u00e4nyt hauskat jalanj\u00e4lkens\u00e4 mattoon. Hirvi on pehme\u00e4 ja mukavan tuntuinen matto. Merkki: VM-Carpet Materiaali: 100% Polypropyleeni Alkuper\u00e4: EU. Muotoilu ja pohjaus tehty Suomessa. Valmistus: Tuftattu Pohjaus: Liukumaton pohjaus tekee matosta matosta ryhdikk\u00e4\u00e4n. Pohjaus sopii kaikille lattiapinnoille, my\u00f6s tiloihin joissa on lattial\u00e4mmitys. Se on hajuton ja kierr\u00e4tett\u00e4v\u00e4 eik\u00e4 pohjaus [\u2026] <a href=\"https:\/\/www.viitanordic.com\/fi\/product\/hauskat-lasten-matot\/matto-hirvi\/\">\u00bb Lue Lis\u00e4\u00e4<\/a><\/p>\n","protected":false},"featured_media":30434,"template":"","meta":{"_acf_changed":false},"product_brand":[],"product_cat":[182],"product_tag":[],"class_list":{"0":"post-7745","1":"product","2":"type-product","3":"status-publish","4":"has-post-thumbnail","6":"product_cat-hauskat-lasten-matot","8":"first","9":"instock","10":"taxable","11":"shipping-taxable","12":"purchasable","13":"product-type-variable","14":"has-default-attributes"},"acf":[],"yoast_head":"<!-- This site is optimized with the Yoast SEO plugin v25.8 - https:\/\/yoast.com\/wordpress\/plugins\/seo\/ -->\n<title>Matto Hirvi - Suomalaisia mattoja - Puuvillamattoja - ViitaNordic<\/title>\n<meta name=\"description\" content=\"Suomalainen hirvi on k\u00e4ynyt tervehtim\u00e4ss\u00e4 lapsia ja j\u00e4tt\u00e4nyt hauskat jalanj\u00e4lkens\u00e4 mattoon. Hirvi on pehme\u00e4 ja mukavan tuntuinen matto.\" \/>\n<meta name=\"robots\" content=\"index, follow, max-snippet:-1, max-image-preview:large, max-video-preview:-1\" \/>\n<link rel=\"canonical\" href=\"https:\/\/www.viitanordic.com\/fi\/product\/hauskat-lasten-matot\/matto-hirvi\/\" \/>\n<meta property=\"og:locale\" content=\"fi_FI\" \/>\n<meta property=\"og:type\" content=\"article\" \/>\n<meta property=\"og:title\" content=\"Matto Hirvi - Suomalaisia mattoja - Puuvillamattoja - ViitaNordic\" \/>\n<meta property=\"og:description\" content=\"Suomalainen hirvi on k\u00e4ynyt tervehtim\u00e4ss\u00e4 lapsia ja j\u00e4tt\u00e4nyt hauskat jalanj\u00e4lkens\u00e4 mattoon. Hirvi on pehme\u00e4 ja mukavan tuntuinen matto.\" \/>\n<meta property=\"og:url\" content=\"https:\/\/www.viitanordic.com\/fi\/product\/hauskat-lasten-matot\/matto-hirvi\/\" \/>\n<meta property=\"og:site_name\" content=\"Suomalaisia mattoja - Puuvillamattoja - ViitaNordic\" \/>\n<meta property=\"article:publisher\" content=\"https:\/\/www.facebook.com\/viitanordic\" \/>\n<meta property=\"article:modified_time\" content=\"2019-07-22T20:37:30+00:00\" \/>\n<meta property=\"og:image\" content=\"https:\/\/www.viitanordic.com\/lataukset\/Hirvi-4.jpg\" \/>\n\t<meta property=\"og:image:width\" content=\"2048\" \/>\n\t<meta property=\"og:image:height\" content=\"1366\" \/>\n\t<meta property=\"og:image:type\" content=\"image\/jpeg\" \/>\n<meta name=\"twitter:label1\" content=\"Arvioitu lukuaika\" \/>\n\t<meta name=\"twitter:data1\" content=\"1 minuutti\" \/>\n<script type=\"application\/ld+json\" class=\"yoast-schema-graph\">{\"@context\":\"https:\/\/schema.org\",\"@graph\":[{\"@type\":\"WebPage\",\"@id\":\"https:\/\/www.viitanordic.com\/fi\/product\/hauskat-lasten-matot\/matto-hirvi\/\",\"url\":\"https:\/\/www.viitanordic.com\/fi\/product\/hauskat-lasten-matot\/matto-hirvi\/\",\"name\":\"Matto Hirvi - Suomalaisia mattoja - Puuvillamattoja - ViitaNordic\",\"isPartOf\":{\"@id\":\"https:\/\/www.viitanordic.com\/#website\"},\"primaryImageOfPage\":{\"@id\":\"https:\/\/www.viitanordic.com\/fi\/product\/hauskat-lasten-matot\/matto-hirvi\/#primaryimage\"},\"image\":{\"@id\":\"https:\/\/www.viitanordic.com\/fi\/product\/hauskat-lasten-matot\/matto-hirvi\/#primaryimage\"},\"thumbnailUrl\":\"https:\/\/www.viitanordic.com\/lataukset\/Hirvi-4.jpg\",\"datePublished\":\"2015-12-31T08:30:44+00:00\",\"dateModified\":\"2019-07-22T20:37:30+00:00\",\"description\":\"Suomalainen hirvi on k\u00e4ynyt tervehtim\u00e4ss\u00e4 lapsia ja j\u00e4tt\u00e4nyt hauskat jalanj\u00e4lkens\u00e4 mattoon. Hirvi on pehme\u00e4 ja mukavan tuntuinen matto.\",\"breadcrumb\":{\"@id\":\"https:\/\/www.viitanordic.com\/fi\/product\/hauskat-lasten-matot\/matto-hirvi\/#breadcrumb\"},\"inLanguage\":\"fi\",\"potentialAction\":[{\"@type\":\"ReadAction\",\"target\":[\"https:\/\/www.viitanordic.com\/fi\/product\/hauskat-lasten-matot\/matto-hirvi\/\"]}]},{\"@type\":\"ImageObject\",\"inLanguage\":\"fi\",\"@id\":\"https:\/\/www.viitanordic.com\/fi\/product\/hauskat-lasten-matot\/matto-hirvi\/#primaryimage\",\"url\":\"https:\/\/www.viitanordic.com\/lataukset\/Hirvi-4.jpg\",\"contentUrl\":\"https:\/\/www.viitanordic.com\/lataukset\/Hirvi-4.jpg\",\"width\":2048,\"height\":1366},{\"@type\":\"BreadcrumbList\",\"@id\":\"https:\/\/www.viitanordic.com\/fi\/product\/hauskat-lasten-matot\/matto-hirvi\/#breadcrumb\",\"itemListElement\":[{\"@type\":\"ListItem\",\"position\":1,\"name\":\"Etusivu\",\"item\":\"https:\/\/www.viitanordic.com\/fi\/\"},{\"@type\":\"ListItem\",\"position\":2,\"name\":\"Kotimaisia mattoja &#8211; taidolla valmistettu\",\"item\":\"https:\/\/www.viitanordic.com\/fi\/\"},{\"@type\":\"ListItem\",\"position\":3,\"name\":\"Matto Hirvi\"}]},{\"@type\":\"WebSite\",\"@id\":\"https:\/\/www.viitanordic.com\/#website\",\"url\":\"https:\/\/www.viitanordic.com\/\",\"name\":\"Scandinavian Rugs - Nordic Rugs - Made in Finland \u2013 ViitaNordic\",\"description\":\"Suomalaisia mattoja - Puuvillamattoja - ViitaNordic\",\"publisher\":{\"@id\":\"https:\/\/www.viitanordic.com\/#organization\"},\"potentialAction\":[{\"@type\":\"SearchAction\",\"target\":{\"@type\":\"EntryPoint\",\"urlTemplate\":\"https:\/\/www.viitanordic.com\/?s={search_term_string}\"},\"query-input\":{\"@type\":\"PropertyValueSpecification\",\"valueRequired\":true,\"valueName\":\"search_term_string\"}}],\"inLanguage\":\"fi\"},{\"@type\":\"Organization\",\"@id\":\"https:\/\/www.viitanordic.com\/#organization\",\"name\":\"ViitaNordic Oy\",\"url\":\"https:\/\/www.viitanordic.com\/\",\"logo\":{\"@type\":\"ImageObject\",\"inLanguage\":\"fi\",\"@id\":\"https:\/\/www.viitanordic.com\/#\/schema\/logo\/image\/\",\"url\":\"https:\/\/www.viitanordic.com\/lataukset\/logo-viitanordic.png\",\"contentUrl\":\"https:\/\/www.viitanordic.com\/lataukset\/logo-viitanordic.png\",\"width\":720,\"height\":111,\"caption\":\"ViitaNordic Oy\"},\"image\":{\"@id\":\"https:\/\/www.viitanordic.com\/#\/schema\/logo\/image\/\"},\"sameAs\":[\"https:\/\/www.facebook.com\/viitanordic\",\"https:\/\/fi.pinterest.com\/viitanordic\/\"]}]}<\/script>\n<!-- \/ Yoast SEO plugin. -->","yoast_head_json":{"title":"Matto Hirvi - Suomalaisia mattoja - Puuvillamattoja - ViitaNordic","description":"Suomalainen hirvi on k\u00e4ynyt tervehtim\u00e4ss\u00e4 lapsia ja j\u00e4tt\u00e4nyt hauskat jalanj\u00e4lkens\u00e4 mattoon. Hirvi on pehme\u00e4 ja mukavan tuntuinen matto.","robots":{"index":"index","follow":"follow","max-snippet":"max-snippet:-1","max-image-preview":"max-image-preview:large","max-video-preview":"max-video-preview:-1"},"canonical":"https:\/\/www.viitanordic.com\/fi\/product\/hauskat-lasten-matot\/matto-hirvi\/","og_locale":"fi_FI","og_type":"article","og_title":"Matto Hirvi - Suomalaisia mattoja - Puuvillamattoja - ViitaNordic","og_description":"Suomalainen hirvi on k\u00e4ynyt tervehtim\u00e4ss\u00e4 lapsia ja j\u00e4tt\u00e4nyt hauskat jalanj\u00e4lkens\u00e4 mattoon. Hirvi on pehme\u00e4 ja mukavan tuntuinen matto.","og_url":"https:\/\/www.viitanordic.com\/fi\/product\/hauskat-lasten-matot\/matto-hirvi\/","og_site_name":"Suomalaisia mattoja - Puuvillamattoja - ViitaNordic","article_publisher":"https:\/\/www.facebook.com\/viitanordic","article_modified_time":"2019-07-22T20:37:30+00:00","og_image":[{"width":2048,"height":1366,"url":"https:\/\/www.viitanordic.com\/lataukset\/Hirvi-4.jpg","type":"image\/jpeg"}],"twitter_misc":{"Arvioitu lukuaika":"1 minuutti"},"schema":{"@context":"https:\/\/schema.org","@graph":[{"@type":"WebPage","@id":"https:\/\/www.viitanordic.com\/fi\/product\/hauskat-lasten-matot\/matto-hirvi\/","url":"https:\/\/www.viitanordic.com\/fi\/product\/hauskat-lasten-matot\/matto-hirvi\/","name":"Matto Hirvi - Suomalaisia mattoja - Puuvillamattoja - ViitaNordic","isPartOf":{"@id":"https:\/\/www.viitanordic.com\/#website"},"primaryImageOfPage":{"@id":"https:\/\/www.viitanordic.com\/fi\/product\/hauskat-lasten-matot\/matto-hirvi\/#primaryimage"},"image":{"@id":"https:\/\/www.viitanordic.com\/fi\/product\/hauskat-lasten-matot\/matto-hirvi\/#primaryimage"},"thumbnailUrl":"https:\/\/www.viitanordic.com\/lataukset\/Hirvi-4.jpg","datePublished":"2015-12-31T08:30:44+00:00","dateModified":"2019-07-22T20:37:30+00:00","description":"Suomalainen hirvi on k\u00e4ynyt tervehtim\u00e4ss\u00e4 lapsia ja j\u00e4tt\u00e4nyt hauskat jalanj\u00e4lkens\u00e4 mattoon. Hirvi on pehme\u00e4 ja mukavan tuntuinen matto.","breadcrumb":{"@id":"https:\/\/www.viitanordic.com\/fi\/product\/hauskat-lasten-matot\/matto-hirvi\/#breadcrumb"},"inLanguage":"fi","potentialAction":[{"@type":"ReadAction","target":["https:\/\/www.viitanordic.com\/fi\/product\/hauskat-lasten-matot\/matto-hirvi\/"]}]},{"@type":"ImageObject","inLanguage":"fi","@id":"https:\/\/www.viitanordic.com\/fi\/product\/hauskat-lasten-matot\/matto-hirvi\/#primaryimage","url":"https:\/\/www.viitanordic.com\/lataukset\/Hirvi-4.jpg","contentUrl":"https:\/\/www.viitanordic.com\/lataukset\/Hirvi-4.jpg","width":2048,"height":1366},{"@type":"BreadcrumbList","@id":"https:\/\/www.viitanordic.com\/fi\/product\/hauskat-lasten-matot\/matto-hirvi\/#breadcrumb","itemListElement":[{"@type":"ListItem","position":1,"name":"Etusivu","item":"https:\/\/www.viitanordic.com\/fi\/"},{"@type":"ListItem","position":2,"name":"Kotimaisia mattoja &#8211; taidolla valmistettu","item":"https:\/\/www.viitanordic.com\/fi\/"},{"@type":"ListItem","position":3,"name":"Matto Hirvi"}]},{"@type":"WebSite","@id":"https:\/\/www.viitanordic.com\/#website","url":"https:\/\/www.viitanordic.com\/","name":"Scandinavian Rugs - Nordic Rugs - Made in Finland \u2013 ViitaNordic","description":"Suomalaisia mattoja - Puuvillamattoja - ViitaNordic","publisher":{"@id":"https:\/\/www.viitanordic.com\/#organization"},"potentialAction":[{"@type":"SearchAction","target":{"@type":"EntryPoint","urlTemplate":"https:\/\/www.viitanordic.com\/?s={search_term_string}"},"query-input":{"@type":"PropertyValueSpecification","valueRequired":true,"valueName":"search_term_string"}}],"inLanguage":"fi"},{"@type":"Organization","@id":"https:\/\/www.viitanordic.com\/#organization","name":"ViitaNordic Oy","url":"https:\/\/www.viitanordic.com\/","logo":{"@type":"ImageObject","inLanguage":"fi","@id":"https:\/\/www.viitanordic.com\/#\/schema\/logo\/image\/","url":"https:\/\/www.viitanordic.com\/lataukset\/logo-viitanordic.png","contentUrl":"https:\/\/www.viitanordic.com\/lataukset\/logo-viitanordic.png","width":720,"height":111,"caption":"ViitaNordic Oy"},"image":{"@id":"https:\/\/www.viitanordic.com\/#\/schema\/logo\/image\/"},"sameAs":["https:\/\/www.facebook.com\/viitanordic","https:\/\/fi.pinterest.com\/viitanordic\/"]}]}},"_links":{"self":[{"href":"https:\/\/www.viitanordic.com\/fi\/wp-json\/wp\/v2\/product\/7745","targetHints":{"allow":["GET"]}}],"collection":[{"href":"https:\/\/www.viitanordic.com\/fi\/wp-json\/wp\/v2\/product"}],"about":[{"href":"https:\/\/www.viitanordic.com\/fi\/wp-json\/wp\/v2\/types\/product"}],"wp:featuredmedia":[{"embeddable":true,"href":"https:\/\/www.viitanordic.com\/fi\/wp-json\/wp\/v2\/media\/30434"}],"wp:attachment":[{"href":"https:\/\/www.viitanordic.com\/fi\/wp-json\/wp\/v2\/media?parent=7745"}],"wp:term":[{"taxonomy":"product_brand","embeddable":true,"href":"https:\/\/www.viitanordic.com\/fi\/wp-json\/wp\/v2\/product_brand?post=7745"},{"taxonomy":"product_cat","embeddable":true,"href":"https:\/\/www.viitanordic.com\/fi\/wp-json\/wp\/v2\/product_cat?post=7745"},{"taxonomy":"product_tag","embeddable":true,"href":"https:\/\/www.viitanordic.com\/fi\/wp-json\/wp\/v2\/product_tag?post=7745"}],"curies":[{"name":"wp","href":"https:\/\/api.w.org\/{rel}","templated":true}]}}