{"id":34545,"date":"2021-01-25T11:36:46","date_gmt":"2021-01-25T09:36:46","guid":{"rendered":"https:\/\/www.viitanordic.com\/?page_id=34545"},"modified":"2025-09-07T17:59:14","modified_gmt":"2025-09-07T14:59:14","slug":"tapis-scandinaves-viitanordic","status":"publish","type":"page","link":"https:\/\/www.viitanordic.com\/fr\/tapis-scandinaves-viitanordic\/","title":{"rendered":"ViitaNordic"},"content":{"rendered":"\n<h2 class=\"wp-block-heading\">Fabricant de Tapis Scandinaves<\/h2>\n\n\n\n<p class=\"has-text-align-center\">Nous sommes ViitaNordic, un fabricant Finlandais de tapis en coton  situ\u00e9 dans le sud de l&rsquo;Ostrobothnie.<\/p>\n\n\n\n<figure class=\"wp-block-embed is-type-video is-provider-youtube wp-block-embed-youtube wp-embed-aspect-16-9 wp-has-aspect-ratio\"><div class=\"wp-block-embed__wrapper\">\n<iframe loading=\"lazy\" title=\"VIITANORDIC - Rugs from the North\" width=\"640\" height=\"360\" src=\"https:\/\/www.youtube.com\/embed\/1FrGp2gPdZc?feature=oembed\" frameborder=\"0\" allow=\"accelerometer; autoplay; clipboard-write; encrypted-media; gyroscope; picture-in-picture; web-share\" referrerpolicy=\"strict-origin-when-cross-origin\" allowfullscreen><\/iframe>\n<\/div><\/figure>\n\n\n\n<p class=\"has-text-align-center\">Notre passion est de fabriquer de beaux tapis en coton, de haute qualit\u00e9 et durables. Nous voulons que les tapis s&rsquo;adaptent \u00e0 de nombreux styles et espaces diff\u00e9rents. Notre collection de tapis est un m\u00e9lange \u00e9quilibr\u00e9 de style nordique traditionnel et de design moderne. Nous avons \u00e9t\u00e9 inspir\u00e9s par la nature toujours changeante du nord en termes de couleurs et de motifs.<\/p>\n\n\n\n<p class=\"has-text-align-center\">Nous savons comment sont tiss\u00e9s des tapis de haute qualit\u00e9 et de grande beaut\u00e9 ; depuis plus de 40 ans nous fabriquons des tapis. Bien que nous tissions nos tapis avec des machines semi-automatiques, la fabrication requiert beaucoup de connaissances particuli\u00e8res, de pr\u00e9cision et de savoir-faire artisanal. Nous fabriquons naturellement nos tapis en Finlande, dans le sud de l&rsquo;Ostrobothnie.<\/p>\n\n\n\n<div style=\"height:30px\" aria-hidden=\"true\" class=\"wp-block-spacer\"><\/div>\n\n\n\n<div class=\"wp-block-media-text alignwide is-stacked-on-mobile\"><figure class=\"wp-block-media-text__media\"><img loading=\"lazy\" decoding=\"async\" width=\"1920\" height=\"1920\" src=\"https:\/\/www.viitanordic.com\/lataukset\/Ritirati.jpg\" alt=\"Rag Rug Ritirati\" class=\"wp-image-35396 size-full\" srcset=\"https:\/\/www.viitanordic.com\/lataukset\/Ritirati.jpg 1920w, https:\/\/www.viitanordic.com\/lataukset\/Ritirati-432x432.jpg 432w, https:\/\/www.viitanordic.com\/lataukset\/Ritirati-1536x1536.jpg 1536w, https:\/\/www.viitanordic.com\/lataukset\/Ritirati-500x500.jpg 500w, https:\/\/www.viitanordic.com\/lataukset\/Ritirati-768x768.jpg 768w, https:\/\/www.viitanordic.com\/lataukset\/Ritirati-464x464.jpg 464w, https:\/\/www.viitanordic.com\/lataukset\/Ritirati-1440x1440.jpg 1440w, https:\/\/www.viitanordic.com\/lataukset\/Ritirati-100x100.jpg 100w\" sizes=\"auto, (max-width: 1920px) 100vw, 1920px\" \/><\/figure><div class=\"wp-block-media-text__content\">\n<p class=\"has-large-font-size\">Nos tapis en coton sont inspir\u00e9s par la nature nordique.<\/p>\n<\/div><\/div>\n\n\n\n<div style=\"height:30px\" aria-hidden=\"true\" class=\"wp-block-spacer\"><\/div>\n\n\n\n<h2 class=\"wp-block-heading\">Tapis Tiss\u00e9s 100 % Coton<\/h2>\n\n\n\n<p class=\"has-text-align-center\">La responsabilit\u00e9 et le naturel sont tr\u00e8s importants pour nous. Nous fabriquons des tapis \u00e0 partir de tissus 100% coton provenant du Pakistan, qui sont teints en Finlande. Les tissus que nous utilisons ont \u00e9t\u00e9 test\u00e9s pour \u00eatre s\u00fbrs conform\u00e9ment \u00e0 la norme Oeko-tex. Nous voulons que nos produits soient particuli\u00e8rement r\u00e9sistants et durables. Correctement entretenus, les tapis en tissu de coton dureront et produiront de la joie pendant des ann\u00e9es.<\/p>\n\n\n\n<p class=\"has-text-align-center\">Nos mod\u00e8les les plus populaires sont les tapis Kev\u00e4t et Ritirati, tiss\u00e9s dans l&rsquo;esprit traditionnel des tapis de chiffon. Le jeu de couleurs unique de ces tapis est cr\u00e9\u00e9 lorsque nous collectons et utilisons les pi\u00e8ces exc\u00e9dentaires g\u00e9n\u00e9r\u00e9es par la production.<\/p>\n\n\n<div class=\"wp-block-image\">\n<figure class=\"aligncenter size-large\"><img loading=\"lazy\" decoding=\"async\" width=\"2048\" height=\"1370\" src=\"https:\/\/www.viitanordic.com\/lataukset\/Finnish-Rag-Rug12.jpg\" alt=\"Tapis en coton. Tapis scandinave. Tapis nordique fabriqu\u00e9 en Finlande. ViitaNordic\" class=\"wp-image-32473\" srcset=\"https:\/\/www.viitanordic.com\/lataukset\/Finnish-Rag-Rug12.jpg 2048w, https:\/\/www.viitanordic.com\/lataukset\/Finnish-Rag-Rug12-464x310.jpg 464w, https:\/\/www.viitanordic.com\/lataukset\/Finnish-Rag-Rug12-1440x963.jpg 1440w, https:\/\/www.viitanordic.com\/lataukset\/Finnish-Rag-Rug12-2000x1338.jpg 2000w, https:\/\/www.viitanordic.com\/lataukset\/Finnish-Rag-Rug12-500x334.jpg 500w, https:\/\/www.viitanordic.com\/lataukset\/Finnish-Rag-Rug12-768x514.jpg 768w\" sizes=\"auto, (max-width: 2048px) 100vw, 2048px\" \/><figcaption class=\"wp-element-caption\"><a href=\"https:\/\/www.viitanordic.com\/fr\/product\/tapis-en-coton-tapis-chiffon-fabriques-en-finlande\/tapis-en-coton-kevat\/\" target=\"_blank\" rel=\"noreferrer noopener\"><span class=\"has-inline-color has-very-dark-gray-color\">Tapis en Coton Kev\u00e4t<\/span><\/a><\/figcaption><\/figure><\/div>\n\n\n<p class=\"has-text-align-center\">La fabrication de nos tapis en coton est un travail complexe et pr\u00e9cis dont nous sommes fiers. La production des tapis commence par la teinture des tissus. Apr\u00e8s la teinture, les tissus sont cousus \u00e0 la bonne longueur dans un ordre de couleur exactement choisi et enroul\u00e9s en rouleaux. Ces rouleaux sont d\u00e9coup\u00e9s en disques de bandes de tissu qui sont \u00e0 nouveau enroul\u00e9s en rouleaux plus petits et utilis\u00e9s pour tisser les tapis.<\/p>\n\n\n\n<p class=\"has-text-align-center\">Apr\u00e8s le tissage, les tapis sont encore finis et les franges sont soigneusement nou\u00e9es. Enfin, nos magnifiques tapis en coton Finlandais sont emball\u00e9s et envoy\u00e9s pour ravir une vari\u00e9t\u00e9 de foyers dans le monde entier.<\/p>\n\n\n\n<div style=\"height:30px\" aria-hidden=\"true\" class=\"wp-block-spacer\"><\/div>\n\n\n<div class=\"wp-block-image prepend-top\">\n<figure class=\"aligncenter size-large is-resized\"><img loading=\"lazy\" decoding=\"async\" width=\"343\" height=\"280\" src=\"https:\/\/www.viitanordic.com\/lataukset\/ico-madeinfinland.png\" alt=\"Made in Finland, Tapis scandinaves, Tapis nordiques fabriqu\u00e9s en Finlande\" class=\"wp-image-19137\" style=\"width:156px;height:127px\"\/><figcaption class=\"wp-element-caption\">Made in Finland<br>ViitaNordic<\/figcaption><\/figure><\/div>\n\n\n<p><\/p>\n","protected":false},"excerpt":{"rendered":"<p>Fabricant de Tapis Scandinaves Nous sommes ViitaNordic, un fabricant Finlandais de tapis en coton situ\u00e9 dans le sud de l&rsquo;Ostrobothnie. Notre passion est de fabriquer de beaux tapis en coton, de haute qualit\u00e9 et durables. Nous voulons que les tapis s&rsquo;adaptent \u00e0 de nombreux styles et espaces diff\u00e9rents. Notre collection de tapis est un m\u00e9lange [\u2026] <a href=\"https:\/\/www.viitanordic.com\/fr\/tapis-scandinaves-viitanordic\/\">\u00bb En lire plus<\/a><\/p>\n","protected":false},"author":33,"featured_media":0,"parent":0,"menu_order":0,"comment_status":"closed","ping_status":"closed","template":"","meta":{"_acf_changed":false,"footnotes":""},"class_list":["post-34545","page","type-page","status-publish","hentry"],"acf":[],"yoast_head":"<!-- This site is optimized with the Yoast SEO plugin v25.8 - https:\/\/yoast.com\/wordpress\/plugins\/seo\/ -->\n<title>Tapis Scandinaves - Tapis Nordiques fabriqu\u00e9s en Finlande<\/title>\n<meta name=\"description\" content=\"Nous sommes ViitaNordic, un producteur de tapis en coton au stil scandinave. Nos tapis nordiques sont fabriqu\u00e9s en Finlande. Design nordique.\" \/>\n<meta name=\"robots\" content=\"index, follow, max-snippet:-1, max-image-preview:large, max-video-preview:-1\" \/>\n<link rel=\"canonical\" href=\"https:\/\/www.viitanordic.com\/fr\/tapis-scandinaves-viitanordic\/\" \/>\n<meta property=\"og:locale\" content=\"fr_FR\" \/>\n<meta property=\"og:type\" content=\"article\" \/>\n<meta property=\"og:title\" content=\"Tapis Scandinaves - Tapis Nordiques fabriqu\u00e9s en Finlande\" \/>\n<meta property=\"og:description\" content=\"Nous sommes ViitaNordic, un producteur de tapis en coton au stil scandinave. Nos tapis nordiques sont fabriqu\u00e9s en Finlande. Design nordique.\" \/>\n<meta property=\"og:url\" content=\"https:\/\/www.viitanordic.com\/fr\/tapis-scandinaves-viitanordic\/\" \/>\n<meta property=\"og:site_name\" content=\"Tapis Scandinaves - Tapis Nordiques - Fabriqu\u00e9s en Finlande - ViitaNordic\" \/>\n<meta property=\"article:publisher\" content=\"https:\/\/www.facebook.com\/viitanordic\" \/>\n<meta property=\"article:modified_time\" content=\"2025-09-07T14:59:14+00:00\" \/>\n<meta property=\"og:image\" content=\"https:\/\/www.viitanordic.com\/lataukset\/Ritirati.jpg\" \/>\n\t<meta property=\"og:image:width\" content=\"1920\" \/>\n\t<meta property=\"og:image:height\" content=\"1920\" \/>\n\t<meta property=\"og:image:type\" content=\"image\/jpeg\" \/>\n<meta name=\"twitter:label1\" content=\"Dur\u00e9e de lecture estim\u00e9e\" \/>\n\t<meta name=\"twitter:data1\" content=\"3 minutes\" \/>\n<script type=\"application\/ld+json\" class=\"yoast-schema-graph\">{\"@context\":\"https:\/\/schema.org\",\"@graph\":[{\"@type\":\"WebPage\",\"@id\":\"https:\/\/www.viitanordic.com\/fr\/tapis-scandinaves-viitanordic\/\",\"url\":\"https:\/\/www.viitanordic.com\/fr\/tapis-scandinaves-viitanordic\/\",\"name\":\"Tapis Scandinaves - Tapis Nordiques fabriqu\u00e9s en Finlande\",\"isPartOf\":{\"@id\":\"https:\/\/www.viitanordic.com\/#website\"},\"primaryImageOfPage\":{\"@id\":\"https:\/\/www.viitanordic.com\/fr\/tapis-scandinaves-viitanordic\/#primaryimage\"},\"image\":{\"@id\":\"https:\/\/www.viitanordic.com\/fr\/tapis-scandinaves-viitanordic\/#primaryimage\"},\"thumbnailUrl\":\"https:\/\/www.viitanordic.com\/lataukset\/Ritirati.jpg\",\"datePublished\":\"2021-01-25T09:36:46+00:00\",\"dateModified\":\"2025-09-07T14:59:14+00:00\",\"description\":\"Nous sommes ViitaNordic, un producteur de tapis en coton au stil scandinave. Nos tapis nordiques sont fabriqu\u00e9s en Finlande. Design nordique.\",\"breadcrumb\":{\"@id\":\"https:\/\/www.viitanordic.com\/fr\/tapis-scandinaves-viitanordic\/#breadcrumb\"},\"inLanguage\":\"fr-FR\",\"potentialAction\":[{\"@type\":\"ReadAction\",\"target\":[\"https:\/\/www.viitanordic.com\/fr\/tapis-scandinaves-viitanordic\/\"]}]},{\"@type\":\"ImageObject\",\"inLanguage\":\"fr-FR\",\"@id\":\"https:\/\/www.viitanordic.com\/fr\/tapis-scandinaves-viitanordic\/#primaryimage\",\"url\":\"https:\/\/www.viitanordic.com\/lataukset\/Ritirati.jpg\",\"contentUrl\":\"https:\/\/www.viitanordic.com\/lataukset\/Ritirati.jpg\"},{\"@type\":\"BreadcrumbList\",\"@id\":\"https:\/\/www.viitanordic.com\/fr\/tapis-scandinaves-viitanordic\/#breadcrumb\",\"itemListElement\":[{\"@type\":\"ListItem\",\"position\":1,\"name\":\"Etusivu\",\"item\":\"https:\/\/www.viitanordic.com\/fr\/\"},{\"@type\":\"ListItem\",\"position\":2,\"name\":\"ViitaNordic\"}]},{\"@type\":\"WebSite\",\"@id\":\"https:\/\/www.viitanordic.com\/#website\",\"url\":\"https:\/\/www.viitanordic.com\/\",\"name\":\"Scandinavian Rugs - Nordic Rugs - Made in Finland \u2013 ViitaNordic\",\"description\":\"Tapis Scandinaves - Tapis Nordiques - Fabriqu\u00e9s en Finlande - ViitaNordic\",\"publisher\":{\"@id\":\"https:\/\/www.viitanordic.com\/#organization\"},\"potentialAction\":[{\"@type\":\"SearchAction\",\"target\":{\"@type\":\"EntryPoint\",\"urlTemplate\":\"https:\/\/www.viitanordic.com\/?s={search_term_string}\"},\"query-input\":{\"@type\":\"PropertyValueSpecification\",\"valueRequired\":true,\"valueName\":\"search_term_string\"}}],\"inLanguage\":\"fr-FR\"},{\"@type\":\"Organization\",\"@id\":\"https:\/\/www.viitanordic.com\/#organization\",\"name\":\"ViitaNordic Oy\",\"url\":\"https:\/\/www.viitanordic.com\/\",\"logo\":{\"@type\":\"ImageObject\",\"inLanguage\":\"fr-FR\",\"@id\":\"https:\/\/www.viitanordic.com\/#\/schema\/logo\/image\/\",\"url\":\"https:\/\/www.viitanordic.com\/lataukset\/logo-viitanordic.png\",\"contentUrl\":\"https:\/\/www.viitanordic.com\/lataukset\/logo-viitanordic.png\",\"width\":720,\"height\":111,\"caption\":\"ViitaNordic Oy\"},\"image\":{\"@id\":\"https:\/\/www.viitanordic.com\/#\/schema\/logo\/image\/\"},\"sameAs\":[\"https:\/\/www.facebook.com\/viitanordic\",\"https:\/\/fi.pinterest.com\/viitanordic\/\"]}]}<\/script>\n<!-- \/ Yoast SEO plugin. -->","yoast_head_json":{"title":"Tapis Scandinaves - Tapis Nordiques fabriqu\u00e9s en Finlande","description":"Nous sommes ViitaNordic, un producteur de tapis en coton au stil scandinave. Nos tapis nordiques sont fabriqu\u00e9s en Finlande. Design nordique.","robots":{"index":"index","follow":"follow","max-snippet":"max-snippet:-1","max-image-preview":"max-image-preview:large","max-video-preview":"max-video-preview:-1"},"canonical":"https:\/\/www.viitanordic.com\/fr\/tapis-scandinaves-viitanordic\/","og_locale":"fr_FR","og_type":"article","og_title":"Tapis Scandinaves - Tapis Nordiques fabriqu\u00e9s en Finlande","og_description":"Nous sommes ViitaNordic, un producteur de tapis en coton au stil scandinave. Nos tapis nordiques sont fabriqu\u00e9s en Finlande. Design nordique.","og_url":"https:\/\/www.viitanordic.com\/fr\/tapis-scandinaves-viitanordic\/","og_site_name":"Tapis Scandinaves - Tapis Nordiques - Fabriqu\u00e9s en Finlande - ViitaNordic","article_publisher":"https:\/\/www.facebook.com\/viitanordic","article_modified_time":"2025-09-07T14:59:14+00:00","og_image":[{"width":1920,"height":1920,"url":"https:\/\/www.viitanordic.com\/lataukset\/Ritirati.jpg","type":"image\/jpeg"}],"twitter_misc":{"Dur\u00e9e de lecture estim\u00e9e":"3 minutes"},"schema":{"@context":"https:\/\/schema.org","@graph":[{"@type":"WebPage","@id":"https:\/\/www.viitanordic.com\/fr\/tapis-scandinaves-viitanordic\/","url":"https:\/\/www.viitanordic.com\/fr\/tapis-scandinaves-viitanordic\/","name":"Tapis Scandinaves - Tapis Nordiques fabriqu\u00e9s en Finlande","isPartOf":{"@id":"https:\/\/www.viitanordic.com\/#website"},"primaryImageOfPage":{"@id":"https:\/\/www.viitanordic.com\/fr\/tapis-scandinaves-viitanordic\/#primaryimage"},"image":{"@id":"https:\/\/www.viitanordic.com\/fr\/tapis-scandinaves-viitanordic\/#primaryimage"},"thumbnailUrl":"https:\/\/www.viitanordic.com\/lataukset\/Ritirati.jpg","datePublished":"2021-01-25T09:36:46+00:00","dateModified":"2025-09-07T14:59:14+00:00","description":"Nous sommes ViitaNordic, un producteur de tapis en coton au stil scandinave. Nos tapis nordiques sont fabriqu\u00e9s en Finlande. Design nordique.","breadcrumb":{"@id":"https:\/\/www.viitanordic.com\/fr\/tapis-scandinaves-viitanordic\/#breadcrumb"},"inLanguage":"fr-FR","potentialAction":[{"@type":"ReadAction","target":["https:\/\/www.viitanordic.com\/fr\/tapis-scandinaves-viitanordic\/"]}]},{"@type":"ImageObject","inLanguage":"fr-FR","@id":"https:\/\/www.viitanordic.com\/fr\/tapis-scandinaves-viitanordic\/#primaryimage","url":"https:\/\/www.viitanordic.com\/lataukset\/Ritirati.jpg","contentUrl":"https:\/\/www.viitanordic.com\/lataukset\/Ritirati.jpg"},{"@type":"BreadcrumbList","@id":"https:\/\/www.viitanordic.com\/fr\/tapis-scandinaves-viitanordic\/#breadcrumb","itemListElement":[{"@type":"ListItem","position":1,"name":"Etusivu","item":"https:\/\/www.viitanordic.com\/fr\/"},{"@type":"ListItem","position":2,"name":"ViitaNordic"}]},{"@type":"WebSite","@id":"https:\/\/www.viitanordic.com\/#website","url":"https:\/\/www.viitanordic.com\/","name":"Scandinavian Rugs - Nordic Rugs - Made in Finland \u2013 ViitaNordic","description":"Tapis Scandinaves - Tapis Nordiques - Fabriqu\u00e9s en Finlande - ViitaNordic","publisher":{"@id":"https:\/\/www.viitanordic.com\/#organization"},"potentialAction":[{"@type":"SearchAction","target":{"@type":"EntryPoint","urlTemplate":"https:\/\/www.viitanordic.com\/?s={search_term_string}"},"query-input":{"@type":"PropertyValueSpecification","valueRequired":true,"valueName":"search_term_string"}}],"inLanguage":"fr-FR"},{"@type":"Organization","@id":"https:\/\/www.viitanordic.com\/#organization","name":"ViitaNordic Oy","url":"https:\/\/www.viitanordic.com\/","logo":{"@type":"ImageObject","inLanguage":"fr-FR","@id":"https:\/\/www.viitanordic.com\/#\/schema\/logo\/image\/","url":"https:\/\/www.viitanordic.com\/lataukset\/logo-viitanordic.png","contentUrl":"https:\/\/www.viitanordic.com\/lataukset\/logo-viitanordic.png","width":720,"height":111,"caption":"ViitaNordic Oy"},"image":{"@id":"https:\/\/www.viitanordic.com\/#\/schema\/logo\/image\/"},"sameAs":["https:\/\/www.facebook.com\/viitanordic","https:\/\/fi.pinterest.com\/viitanordic\/"]}]}},"_links":{"self":[{"href":"https:\/\/www.viitanordic.com\/fr\/wp-json\/wp\/v2\/pages\/34545","targetHints":{"allow":["GET"]}}],"collection":[{"href":"https:\/\/www.viitanordic.com\/fr\/wp-json\/wp\/v2\/pages"}],"about":[{"href":"https:\/\/www.viitanordic.com\/fr\/wp-json\/wp\/v2\/types\/page"}],"author":[{"embeddable":true,"href":"https:\/\/www.viitanordic.com\/fr\/wp-json\/wp\/v2\/users\/33"}],"replies":[{"embeddable":true,"href":"https:\/\/www.viitanordic.com\/fr\/wp-json\/wp\/v2\/comments?post=34545"}],"version-history":[{"count":5,"href":"https:\/\/www.viitanordic.com\/fr\/wp-json\/wp\/v2\/pages\/34545\/revisions"}],"predecessor-version":[{"id":45441,"href":"https:\/\/www.viitanordic.com\/fr\/wp-json\/wp\/v2\/pages\/34545\/revisions\/45441"}],"wp:attachment":[{"href":"https:\/\/www.viitanordic.com\/fr\/wp-json\/wp\/v2\/media?parent=34545"}],"curies":[{"name":"wp","href":"https:\/\/api.w.org\/{rel}","templated":true}]}}