{"id":35630,"date":"2021-01-25T11:38:21","date_gmt":"2021-01-25T09:38:21","guid":{"rendered":"https:\/\/www.viitanordic.com\/b2b\/"},"modified":"2024-09-01T10:33:53","modified_gmt":"2024-09-01T07:33:53","slug":"b2b","status":"publish","type":"page","link":"https:\/\/www.viitanordic.com\/fr\/b2b\/","title":{"rendered":"Pour Revendeurs"},"content":{"rendered":"\n<div style=\"height:30px\" aria-hidden=\"true\" class=\"wp-block-spacer\"><\/div>\n\n\n\n<div class=\"wp-block-media-text alignwide has-media-on-the-right is-stacked-on-mobile\"><div class=\"wp-block-media-text__content\">\n<p class=\"has-large-font-size\">\u00cates-vous revendeur\/distributeur et vous vous int\u00e9ressez \u00e0 nos beaux tapis de coton Finlandais ?<\/p>\n<\/div><figure class=\"wp-block-media-text__media\"><img loading=\"lazy\" decoding=\"async\" width=\"1920\" height=\"918\" src=\"https:\/\/www.viitanordic.com\/lataukset\/Cotton-Rug-Varjo-Yellow-top.jpg\" alt=\"Tapis scandinave Varjo jaune, Tapis en coton nordique, Fabriqu\u00e9 en Finlande\" class=\"wp-image-37725 size-full\" srcset=\"https:\/\/www.viitanordic.com\/lataukset\/Cotton-Rug-Varjo-Yellow-top.jpg 1920w, https:\/\/www.viitanordic.com\/lataukset\/Cotton-Rug-Varjo-Yellow-top-1536x734.jpg 1536w, https:\/\/www.viitanordic.com\/lataukset\/Cotton-Rug-Varjo-Yellow-top-500x239.jpg 500w, https:\/\/www.viitanordic.com\/lataukset\/Cotton-Rug-Varjo-Yellow-top-768x367.jpg 768w, https:\/\/www.viitanordic.com\/lataukset\/Cotton-Rug-Varjo-Yellow-top-464x222.jpg 464w, https:\/\/www.viitanordic.com\/lataukset\/Cotton-Rug-Varjo-Yellow-top-1440x689.jpg 1440w\" sizes=\"auto, (max-width: 1920px) 100vw, 1920px\" \/><\/figure><\/div>\n\n\n\n<div class=\"wp-block-media-text alignwide is-stacked-on-mobile\"><figure class=\"wp-block-media-text__media\"><img loading=\"lazy\" decoding=\"async\" width=\"1920\" height=\"1280\" src=\"https:\/\/www.viitanordic.com\/lataukset\/Floor-Pillow-Keto.jpg\" alt=\"\" class=\"wp-image-35624 size-full\" srcset=\"https:\/\/www.viitanordic.com\/lataukset\/Floor-Pillow-Keto.jpg 1920w, https:\/\/www.viitanordic.com\/lataukset\/Floor-Pillow-Keto-1536x1024.jpg 1536w, https:\/\/www.viitanordic.com\/lataukset\/Floor-Pillow-Keto-500x333.jpg 500w, https:\/\/www.viitanordic.com\/lataukset\/Floor-Pillow-Keto-768x512.jpg 768w, https:\/\/www.viitanordic.com\/lataukset\/Floor-Pillow-Keto-464x309.jpg 464w, https:\/\/www.viitanordic.com\/lataukset\/Floor-Pillow-Keto-1440x960.jpg 1440w\" sizes=\"auto, (max-width: 1920px) 100vw, 1920px\" \/><\/figure><div class=\"wp-block-media-text__content\">\n<p class=\"has-large-font-size\">Ou aimeriez-vous ajouter nos magnifiques coussins de sol Finlandais \u00e0 votre assortiment ?<\/p>\n<\/div><\/div>\n\n\n\n<h3 class=\"wp-block-heading has-text-align-center\">Alors nous nous r\u00e9jouissons de votre contact ! <\/h3>\n\n\n\n<h3 class=\"wp-block-heading has-text-align-center\">\u00c9crivez-nous \u00e0 l&rsquo;adresse suivante: info@viitanordic.com<\/h3>\n\n\n\n<p><\/p>\n\n\n\n<p><\/p>\n","protected":false},"excerpt":{"rendered":"<p>\u00cates-vous revendeur\/distributeur et vous vous int\u00e9ressez \u00e0 nos beaux tapis de coton Finlandais ? Ou aimeriez-vous ajouter nos magnifiques coussins de sol Finlandais \u00e0 votre assortiment ? Alors nous nous r\u00e9jouissons de votre contact ! \u00c9crivez-nous \u00e0 l&rsquo;adresse suivante: info@viitanordic.com<\/p>\n","protected":false},"author":9,"featured_media":0,"parent":0,"menu_order":0,"comment_status":"closed","ping_status":"closed","template":"","meta":{"_acf_changed":false,"footnotes":""},"class_list":["post-35630","page","type-page","status-publish","hentry"],"acf":[],"yoast_head":"<!-- This site is optimized with the Yoast SEO plugin v25.8 - https:\/\/yoast.com\/wordpress\/plugins\/seo\/ -->\n<title>Pour Revendeurs - Tapis Scandinaves - Tapis Nordiques - Fabriqu\u00e9s en Finlande - ViitaNordic<\/title>\n<meta name=\"description\" content=\"Pour Revendeurs. \u00cates-vous revendeur et vous vous int\u00e9ressez \u00e0 nos beaux tapis de coton Finlandais ? \u00c9crivez-nous \u00e0: info@viitanordic.com\" \/>\n<meta name=\"robots\" content=\"index, follow, max-snippet:-1, max-image-preview:large, max-video-preview:-1\" \/>\n<link rel=\"canonical\" href=\"https:\/\/www.viitanordic.com\/fr\/b2b\/\" \/>\n<meta property=\"og:locale\" content=\"fr_FR\" \/>\n<meta property=\"og:type\" content=\"article\" \/>\n<meta property=\"og:title\" content=\"Pour Revendeurs - Tapis Scandinaves - Tapis Nordiques - Fabriqu\u00e9s en Finlande - ViitaNordic\" \/>\n<meta property=\"og:description\" content=\"Pour Revendeurs. \u00cates-vous revendeur et vous vous int\u00e9ressez \u00e0 nos beaux tapis de coton Finlandais ? \u00c9crivez-nous \u00e0: info@viitanordic.com\" \/>\n<meta property=\"og:url\" content=\"https:\/\/www.viitanordic.com\/fr\/b2b\/\" \/>\n<meta property=\"og:site_name\" content=\"Tapis Scandinaves - Tapis Nordiques - Fabriqu\u00e9s en Finlande - ViitaNordic\" \/>\n<meta property=\"article:publisher\" content=\"https:\/\/www.facebook.com\/viitanordic\" \/>\n<meta property=\"article:modified_time\" content=\"2024-09-01T07:33:53+00:00\" \/>\n<meta property=\"og:image\" content=\"https:\/\/www.viitanordic.com\/lataukset\/Cotton-Rug-Varjo-Yellow-top.jpg\" \/>\n<meta name=\"twitter:label1\" content=\"Dur\u00e9e de lecture estim\u00e9e\" \/>\n\t<meta name=\"twitter:data1\" content=\"1 minute\" \/>\n<script type=\"application\/ld+json\" class=\"yoast-schema-graph\">{\"@context\":\"https:\/\/schema.org\",\"@graph\":[{\"@type\":\"WebPage\",\"@id\":\"https:\/\/www.viitanordic.com\/fr\/b2b\/\",\"url\":\"https:\/\/www.viitanordic.com\/fr\/b2b\/\",\"name\":\"Pour Revendeurs - Tapis Scandinaves - Tapis Nordiques - Fabriqu\u00e9s en Finlande - ViitaNordic\",\"isPartOf\":{\"@id\":\"https:\/\/www.viitanordic.com\/#website\"},\"primaryImageOfPage\":{\"@id\":\"https:\/\/www.viitanordic.com\/fr\/b2b\/#primaryimage\"},\"image\":{\"@id\":\"https:\/\/www.viitanordic.com\/fr\/b2b\/#primaryimage\"},\"thumbnailUrl\":\"https:\/\/www.viitanordic.com\/lataukset\/Cotton-Rug-Varjo-Yellow-top.jpg\",\"datePublished\":\"2021-01-25T09:38:21+00:00\",\"dateModified\":\"2024-09-01T07:33:53+00:00\",\"description\":\"Pour Revendeurs. \u00cates-vous revendeur et vous vous int\u00e9ressez \u00e0 nos beaux tapis de coton Finlandais ? \u00c9crivez-nous \u00e0: info@viitanordic.com\",\"breadcrumb\":{\"@id\":\"https:\/\/www.viitanordic.com\/fr\/b2b\/#breadcrumb\"},\"inLanguage\":\"fr-FR\",\"potentialAction\":[{\"@type\":\"ReadAction\",\"target\":[\"https:\/\/www.viitanordic.com\/fr\/b2b\/\"]}]},{\"@type\":\"ImageObject\",\"inLanguage\":\"fr-FR\",\"@id\":\"https:\/\/www.viitanordic.com\/fr\/b2b\/#primaryimage\",\"url\":\"https:\/\/www.viitanordic.com\/lataukset\/Cotton-Rug-Varjo-Yellow-top.jpg\",\"contentUrl\":\"https:\/\/www.viitanordic.com\/lataukset\/Cotton-Rug-Varjo-Yellow-top.jpg\"},{\"@type\":\"BreadcrumbList\",\"@id\":\"https:\/\/www.viitanordic.com\/fr\/b2b\/#breadcrumb\",\"itemListElement\":[{\"@type\":\"ListItem\",\"position\":1,\"name\":\"Etusivu\",\"item\":\"https:\/\/www.viitanordic.com\/fr\/\"},{\"@type\":\"ListItem\",\"position\":2,\"name\":\"Pour Revendeurs\"}]},{\"@type\":\"WebSite\",\"@id\":\"https:\/\/www.viitanordic.com\/#website\",\"url\":\"https:\/\/www.viitanordic.com\/\",\"name\":\"Scandinavian Rugs - Nordic Rugs - Made in Finland \u2013 ViitaNordic\",\"description\":\"Tapis Scandinaves - Tapis Nordiques - Fabriqu\u00e9s en Finlande - ViitaNordic\",\"publisher\":{\"@id\":\"https:\/\/www.viitanordic.com\/#organization\"},\"potentialAction\":[{\"@type\":\"SearchAction\",\"target\":{\"@type\":\"EntryPoint\",\"urlTemplate\":\"https:\/\/www.viitanordic.com\/?s={search_term_string}\"},\"query-input\":{\"@type\":\"PropertyValueSpecification\",\"valueRequired\":true,\"valueName\":\"search_term_string\"}}],\"inLanguage\":\"fr-FR\"},{\"@type\":\"Organization\",\"@id\":\"https:\/\/www.viitanordic.com\/#organization\",\"name\":\"ViitaNordic Oy\",\"url\":\"https:\/\/www.viitanordic.com\/\",\"logo\":{\"@type\":\"ImageObject\",\"inLanguage\":\"fr-FR\",\"@id\":\"https:\/\/www.viitanordic.com\/#\/schema\/logo\/image\/\",\"url\":\"https:\/\/www.viitanordic.com\/lataukset\/logo-viitanordic.png\",\"contentUrl\":\"https:\/\/www.viitanordic.com\/lataukset\/logo-viitanordic.png\",\"width\":720,\"height\":111,\"caption\":\"ViitaNordic Oy\"},\"image\":{\"@id\":\"https:\/\/www.viitanordic.com\/#\/schema\/logo\/image\/\"},\"sameAs\":[\"https:\/\/www.facebook.com\/viitanordic\",\"https:\/\/fi.pinterest.com\/viitanordic\/\"]}]}<\/script>\n<!-- \/ Yoast SEO plugin. -->","yoast_head_json":{"title":"Pour Revendeurs - Tapis Scandinaves - Tapis Nordiques - Fabriqu\u00e9s en Finlande - ViitaNordic","description":"Pour Revendeurs. \u00cates-vous revendeur et vous vous int\u00e9ressez \u00e0 nos beaux tapis de coton Finlandais ? \u00c9crivez-nous \u00e0: info@viitanordic.com","robots":{"index":"index","follow":"follow","max-snippet":"max-snippet:-1","max-image-preview":"max-image-preview:large","max-video-preview":"max-video-preview:-1"},"canonical":"https:\/\/www.viitanordic.com\/fr\/b2b\/","og_locale":"fr_FR","og_type":"article","og_title":"Pour Revendeurs - Tapis Scandinaves - Tapis Nordiques - Fabriqu\u00e9s en Finlande - ViitaNordic","og_description":"Pour Revendeurs. \u00cates-vous revendeur et vous vous int\u00e9ressez \u00e0 nos beaux tapis de coton Finlandais ? \u00c9crivez-nous \u00e0: info@viitanordic.com","og_url":"https:\/\/www.viitanordic.com\/fr\/b2b\/","og_site_name":"Tapis Scandinaves - Tapis Nordiques - Fabriqu\u00e9s en Finlande - ViitaNordic","article_publisher":"https:\/\/www.facebook.com\/viitanordic","article_modified_time":"2024-09-01T07:33:53+00:00","og_image":[{"url":"https:\/\/www.viitanordic.com\/lataukset\/Cotton-Rug-Varjo-Yellow-top.jpg","type":"","width":"","height":""}],"twitter_misc":{"Dur\u00e9e de lecture estim\u00e9e":"1 minute"},"schema":{"@context":"https:\/\/schema.org","@graph":[{"@type":"WebPage","@id":"https:\/\/www.viitanordic.com\/fr\/b2b\/","url":"https:\/\/www.viitanordic.com\/fr\/b2b\/","name":"Pour Revendeurs - Tapis Scandinaves - Tapis Nordiques - Fabriqu\u00e9s en Finlande - ViitaNordic","isPartOf":{"@id":"https:\/\/www.viitanordic.com\/#website"},"primaryImageOfPage":{"@id":"https:\/\/www.viitanordic.com\/fr\/b2b\/#primaryimage"},"image":{"@id":"https:\/\/www.viitanordic.com\/fr\/b2b\/#primaryimage"},"thumbnailUrl":"https:\/\/www.viitanordic.com\/lataukset\/Cotton-Rug-Varjo-Yellow-top.jpg","datePublished":"2021-01-25T09:38:21+00:00","dateModified":"2024-09-01T07:33:53+00:00","description":"Pour Revendeurs. \u00cates-vous revendeur et vous vous int\u00e9ressez \u00e0 nos beaux tapis de coton Finlandais ? \u00c9crivez-nous \u00e0: info@viitanordic.com","breadcrumb":{"@id":"https:\/\/www.viitanordic.com\/fr\/b2b\/#breadcrumb"},"inLanguage":"fr-FR","potentialAction":[{"@type":"ReadAction","target":["https:\/\/www.viitanordic.com\/fr\/b2b\/"]}]},{"@type":"ImageObject","inLanguage":"fr-FR","@id":"https:\/\/www.viitanordic.com\/fr\/b2b\/#primaryimage","url":"https:\/\/www.viitanordic.com\/lataukset\/Cotton-Rug-Varjo-Yellow-top.jpg","contentUrl":"https:\/\/www.viitanordic.com\/lataukset\/Cotton-Rug-Varjo-Yellow-top.jpg"},{"@type":"BreadcrumbList","@id":"https:\/\/www.viitanordic.com\/fr\/b2b\/#breadcrumb","itemListElement":[{"@type":"ListItem","position":1,"name":"Etusivu","item":"https:\/\/www.viitanordic.com\/fr\/"},{"@type":"ListItem","position":2,"name":"Pour Revendeurs"}]},{"@type":"WebSite","@id":"https:\/\/www.viitanordic.com\/#website","url":"https:\/\/www.viitanordic.com\/","name":"Scandinavian Rugs - Nordic Rugs - Made in Finland \u2013 ViitaNordic","description":"Tapis Scandinaves - Tapis Nordiques - Fabriqu\u00e9s en Finlande - ViitaNordic","publisher":{"@id":"https:\/\/www.viitanordic.com\/#organization"},"potentialAction":[{"@type":"SearchAction","target":{"@type":"EntryPoint","urlTemplate":"https:\/\/www.viitanordic.com\/?s={search_term_string}"},"query-input":{"@type":"PropertyValueSpecification","valueRequired":true,"valueName":"search_term_string"}}],"inLanguage":"fr-FR"},{"@type":"Organization","@id":"https:\/\/www.viitanordic.com\/#organization","name":"ViitaNordic Oy","url":"https:\/\/www.viitanordic.com\/","logo":{"@type":"ImageObject","inLanguage":"fr-FR","@id":"https:\/\/www.viitanordic.com\/#\/schema\/logo\/image\/","url":"https:\/\/www.viitanordic.com\/lataukset\/logo-viitanordic.png","contentUrl":"https:\/\/www.viitanordic.com\/lataukset\/logo-viitanordic.png","width":720,"height":111,"caption":"ViitaNordic Oy"},"image":{"@id":"https:\/\/www.viitanordic.com\/#\/schema\/logo\/image\/"},"sameAs":["https:\/\/www.facebook.com\/viitanordic","https:\/\/fi.pinterest.com\/viitanordic\/"]}]}},"_links":{"self":[{"href":"https:\/\/www.viitanordic.com\/fr\/wp-json\/wp\/v2\/pages\/35630","targetHints":{"allow":["GET"]}}],"collection":[{"href":"https:\/\/www.viitanordic.com\/fr\/wp-json\/wp\/v2\/pages"}],"about":[{"href":"https:\/\/www.viitanordic.com\/fr\/wp-json\/wp\/v2\/types\/page"}],"author":[{"embeddable":true,"href":"https:\/\/www.viitanordic.com\/fr\/wp-json\/wp\/v2\/users\/9"}],"replies":[{"embeddable":true,"href":"https:\/\/www.viitanordic.com\/fr\/wp-json\/wp\/v2\/comments?post=35630"}],"version-history":[{"count":0,"href":"https:\/\/www.viitanordic.com\/fr\/wp-json\/wp\/v2\/pages\/35630\/revisions"}],"wp:attachment":[{"href":"https:\/\/www.viitanordic.com\/fr\/wp-json\/wp\/v2\/media?parent=35630"}],"curies":[{"name":"wp","href":"https:\/\/api.w.org\/{rel}","templated":true}]}}