{"id":6972,"date":"2015-12-22T20:41:45","date_gmt":"2015-12-22T18:41:45","guid":{"rendered":"http:\/\/www.viitanordic.com\/dev\/?page_id=6972&#038;lang=fr"},"modified":"2016-04-08T11:39:27","modified_gmt":"2016-04-08T08:39:27","slug":"mentions-legales","status":"publish","type":"page","link":"https:\/\/www.viitanordic.com\/fr\/mentions-legales\/","title":{"rendered":"Mentions L\u00e9gales"},"content":{"rendered":"<p><strong>ViitaNordic Oy<\/strong><br \/>\nYlirannantie 97<br \/>\n62630 Karvala<br \/>\nFinlande<\/p>\n<p><strong>T\u00e9l.:<\/strong> +358447776981<\/p>\n<p><strong>E-Mail:<\/strong> <a href=\"mailto:info@viitanordic.fi\">info@viitanordic.com<\/a><\/p>\n<p><strong>Type de soci\u00e9t\u00e9:<\/strong> Soci\u00e9t\u00e9 \u00e0 Responsabilit\u00e9 Limit\u00e9e<\/p>\n<p><strong>Registre du Commerce<\/strong><strong>: <\/strong>Helsinki, Finlande<\/p>\n<p><strong>Num\u00e9ro d&rsquo;immatriculation: <\/strong>2710950-8<\/p>\n<p><strong>Repr\u00e9sentants l\u00e9gaux<\/strong><strong>\u00a0<\/strong><strong>du<\/strong><strong>\u00a0<\/strong><strong>comit\u00e9<\/strong><strong>\u00a0<\/strong><strong>de<\/strong><strong>\u00a0<\/strong><strong>direction:<\/strong> Fabian Baumberger, Elisabet Baumberger<\/p>\n<p><strong>Pr\u00e9sident du Conseil<\/strong><strong>\u00a0<\/strong><strong>d&rsquo;administration:<\/strong> Fabian Baumberger<\/p>\n<p><strong>Num\u00e9ro de<\/strong><strong>\u00a0<\/strong><strong>TVA:<\/strong> FI27109508<\/p>\n","protected":false},"excerpt":{"rendered":"<p>ViitaNordic Oy Ylirannantie 97 62630 Karvala Finlande T\u00e9l.: +358447776981 E-Mail: info@viitanordic.com Type de soci\u00e9t\u00e9: Soci\u00e9t\u00e9 \u00e0 Responsabilit\u00e9 Limit\u00e9e Registre du Commerce: Helsinki, Finlande Num\u00e9ro d&rsquo;immatriculation: 2710950-8 Repr\u00e9sentants l\u00e9gaux\u00a0du\u00a0comit\u00e9\u00a0de\u00a0direction: Fabian Baumberger, Elisabet Baumberger Pr\u00e9sident du Conseil\u00a0d&rsquo;administration: Fabian Baumberger Num\u00e9ro de\u00a0TVA: FI27109508<\/p>\n","protected":false},"author":33,"featured_media":0,"parent":0,"menu_order":0,"comment_status":"closed","ping_status":"closed","template":"","meta":{"_acf_changed":false,"footnotes":""},"class_list":["post-6972","page","type-page","status-publish","hentry"],"acf":[],"yoast_head":"<!-- This site is optimized with the Yoast SEO plugin v25.8 - https:\/\/yoast.com\/wordpress\/plugins\/seo\/ -->\n<title>Mentions L\u00e9gales - Tapis Scandinaves - Tapis Nordiques - Fabriqu\u00e9s en Finlande - ViitaNordic<\/title>\n<meta name=\"description\" content=\"Vente en ligne de beaux tapis et coussins de sol design fabriqu\u00e9s en Finlande! D\u00e9couvrez le style nordique! Disponibles en plusieurs couleurs et tailles.\" \/>\n<meta name=\"robots\" content=\"index, follow, max-snippet:-1, max-image-preview:large, max-video-preview:-1\" \/>\n<link rel=\"canonical\" href=\"https:\/\/www.viitanordic.com\/company-details\/\" \/>\n<meta property=\"og:locale\" content=\"fr_FR\" \/>\n<meta property=\"og:type\" content=\"article\" \/>\n<meta property=\"og:title\" content=\"Mentions L\u00e9gales - Tapis Scandinaves - Tapis Nordiques - Fabriqu\u00e9s en Finlande - ViitaNordic\" \/>\n<meta property=\"og:description\" content=\"Vente en ligne de beaux tapis et coussins de sol design fabriqu\u00e9s en Finlande! D\u00e9couvrez le style nordique! Disponibles en plusieurs couleurs et tailles.\" \/>\n<meta property=\"og:url\" content=\"https:\/\/www.viitanordic.com\/company-details\/\" \/>\n<meta property=\"og:site_name\" content=\"Tapis Scandinaves - Tapis Nordiques - Fabriqu\u00e9s en Finlande - ViitaNordic\" \/>\n<meta property=\"article:publisher\" content=\"https:\/\/www.facebook.com\/viitanordic\" \/>\n<meta property=\"article:modified_time\" content=\"2016-04-08T08:39:27+00:00\" \/>\n<script type=\"application\/ld+json\" class=\"yoast-schema-graph\">{\"@context\":\"https:\/\/schema.org\",\"@graph\":[{\"@type\":\"WebPage\",\"@id\":\"https:\/\/www.viitanordic.com\/company-details\/\",\"url\":\"https:\/\/www.viitanordic.com\/company-details\/\",\"name\":\"Mentions L\u00e9gales - Tapis Scandinaves - Tapis Nordiques - Fabriqu\u00e9s en Finlande - ViitaNordic\",\"isPartOf\":{\"@id\":\"https:\/\/www.viitanordic.com\/#website\"},\"datePublished\":\"2015-12-22T18:41:45+00:00\",\"dateModified\":\"2016-04-08T08:39:27+00:00\",\"description\":\"Vente en ligne de beaux tapis et coussins de sol design fabriqu\u00e9s en Finlande! D\u00e9couvrez le style nordique! Disponibles en plusieurs couleurs et tailles.\",\"breadcrumb\":{\"@id\":\"https:\/\/www.viitanordic.com\/company-details\/#breadcrumb\"},\"inLanguage\":\"fr-FR\",\"potentialAction\":[{\"@type\":\"ReadAction\",\"target\":[\"https:\/\/www.viitanordic.com\/company-details\/\"]}]},{\"@type\":\"BreadcrumbList\",\"@id\":\"https:\/\/www.viitanordic.com\/company-details\/#breadcrumb\",\"itemListElement\":[{\"@type\":\"ListItem\",\"position\":1,\"name\":\"Etusivu\",\"item\":\"https:\/\/www.viitanordic.com\/fr\/\"},{\"@type\":\"ListItem\",\"position\":2,\"name\":\"Mentions L\u00e9gales\"}]},{\"@type\":\"WebSite\",\"@id\":\"https:\/\/www.viitanordic.com\/#website\",\"url\":\"https:\/\/www.viitanordic.com\/\",\"name\":\"Scandinavian Rugs - Nordic Rugs - Made in Finland \u2013 ViitaNordic\",\"description\":\"Tapis Scandinaves - Tapis Nordiques - Fabriqu\u00e9s en Finlande - ViitaNordic\",\"publisher\":{\"@id\":\"https:\/\/www.viitanordic.com\/#organization\"},\"potentialAction\":[{\"@type\":\"SearchAction\",\"target\":{\"@type\":\"EntryPoint\",\"urlTemplate\":\"https:\/\/www.viitanordic.com\/?s={search_term_string}\"},\"query-input\":{\"@type\":\"PropertyValueSpecification\",\"valueRequired\":true,\"valueName\":\"search_term_string\"}}],\"inLanguage\":\"fr-FR\"},{\"@type\":\"Organization\",\"@id\":\"https:\/\/www.viitanordic.com\/#organization\",\"name\":\"ViitaNordic Oy\",\"url\":\"https:\/\/www.viitanordic.com\/\",\"logo\":{\"@type\":\"ImageObject\",\"inLanguage\":\"fr-FR\",\"@id\":\"https:\/\/www.viitanordic.com\/#\/schema\/logo\/image\/\",\"url\":\"https:\/\/www.viitanordic.com\/lataukset\/logo-viitanordic.png\",\"contentUrl\":\"https:\/\/www.viitanordic.com\/lataukset\/logo-viitanordic.png\",\"width\":720,\"height\":111,\"caption\":\"ViitaNordic Oy\"},\"image\":{\"@id\":\"https:\/\/www.viitanordic.com\/#\/schema\/logo\/image\/\"},\"sameAs\":[\"https:\/\/www.facebook.com\/viitanordic\",\"https:\/\/fi.pinterest.com\/viitanordic\/\"]}]}<\/script>\n<!-- \/ Yoast SEO plugin. -->","yoast_head_json":{"title":"Mentions L\u00e9gales - Tapis Scandinaves - Tapis Nordiques - Fabriqu\u00e9s en Finlande - ViitaNordic","description":"Vente en ligne de beaux tapis et coussins de sol design fabriqu\u00e9s en Finlande! D\u00e9couvrez le style nordique! Disponibles en plusieurs couleurs et tailles.","robots":{"index":"index","follow":"follow","max-snippet":"max-snippet:-1","max-image-preview":"max-image-preview:large","max-video-preview":"max-video-preview:-1"},"canonical":"https:\/\/www.viitanordic.com\/company-details\/","og_locale":"fr_FR","og_type":"article","og_title":"Mentions L\u00e9gales - Tapis Scandinaves - Tapis Nordiques - Fabriqu\u00e9s en Finlande - ViitaNordic","og_description":"Vente en ligne de beaux tapis et coussins de sol design fabriqu\u00e9s en Finlande! D\u00e9couvrez le style nordique! Disponibles en plusieurs couleurs et tailles.","og_url":"https:\/\/www.viitanordic.com\/company-details\/","og_site_name":"Tapis Scandinaves - Tapis Nordiques - Fabriqu\u00e9s en Finlande - ViitaNordic","article_publisher":"https:\/\/www.facebook.com\/viitanordic","article_modified_time":"2016-04-08T08:39:27+00:00","schema":{"@context":"https:\/\/schema.org","@graph":[{"@type":"WebPage","@id":"https:\/\/www.viitanordic.com\/company-details\/","url":"https:\/\/www.viitanordic.com\/company-details\/","name":"Mentions L\u00e9gales - Tapis Scandinaves - Tapis Nordiques - Fabriqu\u00e9s en Finlande - ViitaNordic","isPartOf":{"@id":"https:\/\/www.viitanordic.com\/#website"},"datePublished":"2015-12-22T18:41:45+00:00","dateModified":"2016-04-08T08:39:27+00:00","description":"Vente en ligne de beaux tapis et coussins de sol design fabriqu\u00e9s en Finlande! D\u00e9couvrez le style nordique! Disponibles en plusieurs couleurs et tailles.","breadcrumb":{"@id":"https:\/\/www.viitanordic.com\/company-details\/#breadcrumb"},"inLanguage":"fr-FR","potentialAction":[{"@type":"ReadAction","target":["https:\/\/www.viitanordic.com\/company-details\/"]}]},{"@type":"BreadcrumbList","@id":"https:\/\/www.viitanordic.com\/company-details\/#breadcrumb","itemListElement":[{"@type":"ListItem","position":1,"name":"Etusivu","item":"https:\/\/www.viitanordic.com\/fr\/"},{"@type":"ListItem","position":2,"name":"Mentions L\u00e9gales"}]},{"@type":"WebSite","@id":"https:\/\/www.viitanordic.com\/#website","url":"https:\/\/www.viitanordic.com\/","name":"Scandinavian Rugs - Nordic Rugs - Made in Finland \u2013 ViitaNordic","description":"Tapis Scandinaves - Tapis Nordiques - Fabriqu\u00e9s en Finlande - ViitaNordic","publisher":{"@id":"https:\/\/www.viitanordic.com\/#organization"},"potentialAction":[{"@type":"SearchAction","target":{"@type":"EntryPoint","urlTemplate":"https:\/\/www.viitanordic.com\/?s={search_term_string}"},"query-input":{"@type":"PropertyValueSpecification","valueRequired":true,"valueName":"search_term_string"}}],"inLanguage":"fr-FR"},{"@type":"Organization","@id":"https:\/\/www.viitanordic.com\/#organization","name":"ViitaNordic Oy","url":"https:\/\/www.viitanordic.com\/","logo":{"@type":"ImageObject","inLanguage":"fr-FR","@id":"https:\/\/www.viitanordic.com\/#\/schema\/logo\/image\/","url":"https:\/\/www.viitanordic.com\/lataukset\/logo-viitanordic.png","contentUrl":"https:\/\/www.viitanordic.com\/lataukset\/logo-viitanordic.png","width":720,"height":111,"caption":"ViitaNordic Oy"},"image":{"@id":"https:\/\/www.viitanordic.com\/#\/schema\/logo\/image\/"},"sameAs":["https:\/\/www.facebook.com\/viitanordic","https:\/\/fi.pinterest.com\/viitanordic\/"]}]}},"_links":{"self":[{"href":"https:\/\/www.viitanordic.com\/fr\/wp-json\/wp\/v2\/pages\/6972","targetHints":{"allow":["GET"]}}],"collection":[{"href":"https:\/\/www.viitanordic.com\/fr\/wp-json\/wp\/v2\/pages"}],"about":[{"href":"https:\/\/www.viitanordic.com\/fr\/wp-json\/wp\/v2\/types\/page"}],"author":[{"embeddable":true,"href":"https:\/\/www.viitanordic.com\/fr\/wp-json\/wp\/v2\/users\/33"}],"replies":[{"embeddable":true,"href":"https:\/\/www.viitanordic.com\/fr\/wp-json\/wp\/v2\/comments?post=6972"}],"version-history":[{"count":0,"href":"https:\/\/www.viitanordic.com\/fr\/wp-json\/wp\/v2\/pages\/6972\/revisions"}],"wp:attachment":[{"href":"https:\/\/www.viitanordic.com\/fr\/wp-json\/wp\/v2\/media?parent=6972"}],"curies":[{"name":"wp","href":"https:\/\/api.w.org\/{rel}","templated":true}]}}