{"id":33948,"date":"2020-11-14T10:38:28","date_gmt":"2020-11-14T08:38:32","guid":{"rendered":"https:\/\/www.viitanordic.com\/?post_type=product&#038;p=33948"},"modified":"2024-11-30T22:16:46","modified_gmt":"2024-11-30T20:16:46","slug":"satine-lila","status":"publish","type":"product","link":"https:\/\/www.viitanordic.com\/fr\/product\/tapis-shaggy-tapis-au-style-nordique\/satine-lila\/","title":{"rendered":"Satine"},"content":{"rendered":"<p>Le tapis Satine est un tr\u00e8s beau tapis apportant de la chaleur et de la douceur dans votre maison.<\/p>\n<p><strong>Tapis sur mesure:<\/strong> choisir sous Taille<\/p>\n<p><strong>Marque:<\/strong> VM-Carpet<\/p>\n<p><strong>Mat\u00e9riel:<\/strong> 100% Polyamide<\/p>\n<p><strong>Origine:<\/strong> Europe<\/p>\n<p><strong>Fabrication:<\/strong> Tuft\u00e9<\/p>\n<p><strong>Revers:<\/strong> Le revers synth\u00e9tique est anti-glissant et rend le tapis plus stable. Le revers convient \u00e9galement aux sols avec chauffage. Il est inodore, recyclable, ne laisse pas de traces et ne g\u00e9n\u00e8re pas de poussi\u00e8re.<\/p>\n<p><strong>Bordure:<\/strong> 100% Coton<\/p>\n<p><strong>Entretien: <\/strong>Passer l\u2019aspirateur de mani\u00e8re r\u00e9guli\u00e8re. Il est conseill\u00e9 d\u2019enlever la salet\u00e9 imm\u00e9diatement avec une patte humide. Ne pas frotter mais tamponner le tapis.<\/p>\n<p><strong>Nettoyage: <\/strong>Nettoyer le tapis soigneusement \u00e0 l\u2018eau (max. +30\u00baC), avec un d\u00e9tergeant doux et en utilisant une brosse douce. Ne pas immerger le tapis dans l\u2019eau et ne pas frotter le tapis. Rincer le tapis avec beaucoup d\u2019eau et presser l\u2019eau restante hors du tapis. Reformer soigneusement le tapis humide et le laisser s\u00e9cher \u00e0 plat. Ne pas plier le tapis. Nous conseillons un nettoyage professionnel.<\/p>\n","protected":false},"excerpt":{"rendered":"<p>Le tapis Satine est un tr\u00e8s beau tapis apportant de la chaleur et de la douceur dans votre maison. Tapis sur mesure: choisir sous Taille Marque: VM-Carpet Mat\u00e9riel: 100% Polyamide Origine: Europe Fabrication: Tuft\u00e9 Revers: Le revers synth\u00e9tique est anti-glissant et rend le tapis plus stable. Le revers convient \u00e9galement aux sols avec chauffage. Il [\u2026] <a href=\"https:\/\/www.viitanordic.com\/fr\/product\/tapis-shaggy-tapis-au-style-nordique\/satine-lila\/\">\u00bb En lire plus<\/a><\/p>\n","protected":false},"featured_media":42821,"template":"","meta":{"_acf_changed":false},"product_brand":[],"product_cat":[1020],"product_tag":[],"class_list":{"0":"post-33948","1":"product","2":"type-product","3":"status-publish","4":"has-post-thumbnail","6":"product_cat-tapis-shaggy-tapis-au-style-nordique","8":"first","9":"instock","10":"taxable","11":"shipping-taxable","12":"purchasable","13":"product-type-variable","14":"has-default-attributes"},"acf":[],"yoast_head":"<!-- This site is optimized with the Yoast SEO plugin v25.8 - https:\/\/yoast.com\/wordpress\/plugins\/seo\/ -->\n<title>Satine - Tapis Scandinaves - Tapis Nordiques - Fabriqu\u00e9s en Finlande - ViitaNordic<\/title>\n<meta name=\"description\" content=\"Les diff\u00e9rents motifs du Talvi sont originaires de la nature. Le tapis est tiss\u00e9 de mani\u00e8re dense et apporte de la chaleur et de la douceur dans votre maison. Les tapis en laine sont antistatiques.\" \/>\n<meta name=\"robots\" content=\"index, follow, max-snippet:-1, max-image-preview:large, max-video-preview:-1\" \/>\n<link rel=\"canonical\" href=\"https:\/\/www.viitanordic.com\/fr\/product\/autres-tapis-scandinaves-fabriques-en-finlande\/satine-lila\/\" \/>\n<meta property=\"og:locale\" content=\"fr_FR\" \/>\n<meta property=\"og:type\" content=\"article\" \/>\n<meta property=\"og:title\" content=\"Satine - Tapis Scandinaves - Tapis Nordiques - Fabriqu\u00e9s en Finlande - ViitaNordic\" \/>\n<meta property=\"og:description\" content=\"Les diff\u00e9rents motifs du Talvi sont originaires de la nature. Le tapis est tiss\u00e9 de mani\u00e8re dense et apporte de la chaleur et de la douceur dans votre maison. Les tapis en laine sont antistatiques.\" \/>\n<meta property=\"og:url\" content=\"https:\/\/www.viitanordic.com\/fr\/product\/autres-tapis-scandinaves-fabriques-en-finlande\/satine-lila\/\" \/>\n<meta property=\"og:site_name\" content=\"Tapis Scandinaves - Tapis Nordiques - Fabriqu\u00e9s en Finlande - ViitaNordic\" \/>\n<meta property=\"article:publisher\" content=\"https:\/\/www.facebook.com\/viitanordic\" \/>\n<meta property=\"article:modified_time\" content=\"2024-11-30T20:16:46+00:00\" \/>\n<meta property=\"og:image\" content=\"https:\/\/www.viitanordic.com\/lataukset\/Nordic-rug-Satine-Lila.jpg\" \/>\n\t<meta property=\"og:image:width\" content=\"1068\" \/>\n\t<meta property=\"og:image:height\" content=\"734\" \/>\n\t<meta property=\"og:image:type\" content=\"image\/jpeg\" \/>\n<meta name=\"twitter:label1\" content=\"Dur\u00e9e de lecture estim\u00e9e\" \/>\n\t<meta name=\"twitter:data1\" content=\"1 minute\" \/>\n<script type=\"application\/ld+json\" class=\"yoast-schema-graph\">{\"@context\":\"https:\/\/schema.org\",\"@graph\":[{\"@type\":\"WebPage\",\"@id\":\"https:\/\/www.viitanordic.com\/fr\/product\/autres-tapis-scandinaves-fabriques-en-finlande\/satine-lila\/\",\"url\":\"https:\/\/www.viitanordic.com\/fr\/product\/autres-tapis-scandinaves-fabriques-en-finlande\/satine-lila\/\",\"name\":\"Satine - Tapis Scandinaves - Tapis Nordiques - Fabriqu\u00e9s en Finlande - ViitaNordic\",\"isPartOf\":{\"@id\":\"https:\/\/www.viitanordic.com\/#website\"},\"primaryImageOfPage\":{\"@id\":\"https:\/\/www.viitanordic.com\/fr\/product\/autres-tapis-scandinaves-fabriques-en-finlande\/satine-lila\/#primaryimage\"},\"image\":{\"@id\":\"https:\/\/www.viitanordic.com\/fr\/product\/autres-tapis-scandinaves-fabriques-en-finlande\/satine-lila\/#primaryimage\"},\"thumbnailUrl\":\"https:\/\/www.viitanordic.com\/lataukset\/Nordic-rug-Satine-Lila.jpg\",\"datePublished\":\"2020-11-14T08:38:32+00:00\",\"dateModified\":\"2024-11-30T20:16:46+00:00\",\"description\":\"Les diff\u00e9rents motifs du Talvi sont originaires de la nature. Le tapis est tiss\u00e9 de mani\u00e8re dense et apporte de la chaleur et de la douceur dans votre maison. Les tapis en laine sont antistatiques.\",\"breadcrumb\":{\"@id\":\"https:\/\/www.viitanordic.com\/fr\/product\/autres-tapis-scandinaves-fabriques-en-finlande\/satine-lila\/#breadcrumb\"},\"inLanguage\":\"fr-FR\",\"potentialAction\":[{\"@type\":\"ReadAction\",\"target\":[\"https:\/\/www.viitanordic.com\/fr\/product\/autres-tapis-scandinaves-fabriques-en-finlande\/satine-lila\/\"]}]},{\"@type\":\"ImageObject\",\"inLanguage\":\"fr-FR\",\"@id\":\"https:\/\/www.viitanordic.com\/fr\/product\/autres-tapis-scandinaves-fabriques-en-finlande\/satine-lila\/#primaryimage\",\"url\":\"https:\/\/www.viitanordic.com\/lataukset\/Nordic-rug-Satine-Lila.jpg\",\"contentUrl\":\"https:\/\/www.viitanordic.com\/lataukset\/Nordic-rug-Satine-Lila.jpg\",\"width\":1068,\"height\":734,\"caption\":\"Nordic-rug-Satine-Lila\"},{\"@type\":\"BreadcrumbList\",\"@id\":\"https:\/\/www.viitanordic.com\/fr\/product\/autres-tapis-scandinaves-fabriques-en-finlande\/satine-lila\/#breadcrumb\",\"itemListElement\":[{\"@type\":\"ListItem\",\"position\":1,\"name\":\"Etusivu\",\"item\":\"https:\/\/www.viitanordic.com\/fr\/\"},{\"@type\":\"ListItem\",\"position\":2,\"name\":\"Tapis Nordiques &#8211; Tapis Scandinaves\",\"item\":\"https:\/\/www.viitanordic.com\/fr\/\"},{\"@type\":\"ListItem\",\"position\":3,\"name\":\"Satine\"}]},{\"@type\":\"WebSite\",\"@id\":\"https:\/\/www.viitanordic.com\/#website\",\"url\":\"https:\/\/www.viitanordic.com\/\",\"name\":\"Scandinavian Rugs - Nordic Rugs - Made in Finland \u2013 ViitaNordic\",\"description\":\"Tapis Scandinaves - Tapis Nordiques - Fabriqu\u00e9s en Finlande - ViitaNordic\",\"publisher\":{\"@id\":\"https:\/\/www.viitanordic.com\/#organization\"},\"potentialAction\":[{\"@type\":\"SearchAction\",\"target\":{\"@type\":\"EntryPoint\",\"urlTemplate\":\"https:\/\/www.viitanordic.com\/?s={search_term_string}\"},\"query-input\":{\"@type\":\"PropertyValueSpecification\",\"valueRequired\":true,\"valueName\":\"search_term_string\"}}],\"inLanguage\":\"fr-FR\"},{\"@type\":\"Organization\",\"@id\":\"https:\/\/www.viitanordic.com\/#organization\",\"name\":\"ViitaNordic Oy\",\"url\":\"https:\/\/www.viitanordic.com\/\",\"logo\":{\"@type\":\"ImageObject\",\"inLanguage\":\"fr-FR\",\"@id\":\"https:\/\/www.viitanordic.com\/#\/schema\/logo\/image\/\",\"url\":\"https:\/\/www.viitanordic.com\/lataukset\/logo-viitanordic.png\",\"contentUrl\":\"https:\/\/www.viitanordic.com\/lataukset\/logo-viitanordic.png\",\"width\":720,\"height\":111,\"caption\":\"ViitaNordic Oy\"},\"image\":{\"@id\":\"https:\/\/www.viitanordic.com\/#\/schema\/logo\/image\/\"},\"sameAs\":[\"https:\/\/www.facebook.com\/viitanordic\",\"https:\/\/fi.pinterest.com\/viitanordic\/\"]}]}<\/script>\n<!-- \/ Yoast SEO plugin. -->","yoast_head_json":{"title":"Satine - Tapis Scandinaves - Tapis Nordiques - Fabriqu\u00e9s en Finlande - ViitaNordic","description":"Les diff\u00e9rents motifs du Talvi sont originaires de la nature. Le tapis est tiss\u00e9 de mani\u00e8re dense et apporte de la chaleur et de la douceur dans votre maison. Les tapis en laine sont antistatiques.","robots":{"index":"index","follow":"follow","max-snippet":"max-snippet:-1","max-image-preview":"max-image-preview:large","max-video-preview":"max-video-preview:-1"},"canonical":"https:\/\/www.viitanordic.com\/fr\/product\/autres-tapis-scandinaves-fabriques-en-finlande\/satine-lila\/","og_locale":"fr_FR","og_type":"article","og_title":"Satine - Tapis Scandinaves - Tapis Nordiques - Fabriqu\u00e9s en Finlande - ViitaNordic","og_description":"Les diff\u00e9rents motifs du Talvi sont originaires de la nature. Le tapis est tiss\u00e9 de mani\u00e8re dense et apporte de la chaleur et de la douceur dans votre maison. Les tapis en laine sont antistatiques.","og_url":"https:\/\/www.viitanordic.com\/fr\/product\/autres-tapis-scandinaves-fabriques-en-finlande\/satine-lila\/","og_site_name":"Tapis Scandinaves - Tapis Nordiques - Fabriqu\u00e9s en Finlande - ViitaNordic","article_publisher":"https:\/\/www.facebook.com\/viitanordic","article_modified_time":"2024-11-30T20:16:46+00:00","og_image":[{"width":1068,"height":734,"url":"https:\/\/www.viitanordic.com\/lataukset\/Nordic-rug-Satine-Lila.jpg","type":"image\/jpeg"}],"twitter_misc":{"Dur\u00e9e de lecture estim\u00e9e":"1 minute"},"schema":{"@context":"https:\/\/schema.org","@graph":[{"@type":"WebPage","@id":"https:\/\/www.viitanordic.com\/fr\/product\/autres-tapis-scandinaves-fabriques-en-finlande\/satine-lila\/","url":"https:\/\/www.viitanordic.com\/fr\/product\/autres-tapis-scandinaves-fabriques-en-finlande\/satine-lila\/","name":"Satine - Tapis Scandinaves - Tapis Nordiques - Fabriqu\u00e9s en Finlande - ViitaNordic","isPartOf":{"@id":"https:\/\/www.viitanordic.com\/#website"},"primaryImageOfPage":{"@id":"https:\/\/www.viitanordic.com\/fr\/product\/autres-tapis-scandinaves-fabriques-en-finlande\/satine-lila\/#primaryimage"},"image":{"@id":"https:\/\/www.viitanordic.com\/fr\/product\/autres-tapis-scandinaves-fabriques-en-finlande\/satine-lila\/#primaryimage"},"thumbnailUrl":"https:\/\/www.viitanordic.com\/lataukset\/Nordic-rug-Satine-Lila.jpg","datePublished":"2020-11-14T08:38:32+00:00","dateModified":"2024-11-30T20:16:46+00:00","description":"Les diff\u00e9rents motifs du Talvi sont originaires de la nature. Le tapis est tiss\u00e9 de mani\u00e8re dense et apporte de la chaleur et de la douceur dans votre maison. Les tapis en laine sont antistatiques.","breadcrumb":{"@id":"https:\/\/www.viitanordic.com\/fr\/product\/autres-tapis-scandinaves-fabriques-en-finlande\/satine-lila\/#breadcrumb"},"inLanguage":"fr-FR","potentialAction":[{"@type":"ReadAction","target":["https:\/\/www.viitanordic.com\/fr\/product\/autres-tapis-scandinaves-fabriques-en-finlande\/satine-lila\/"]}]},{"@type":"ImageObject","inLanguage":"fr-FR","@id":"https:\/\/www.viitanordic.com\/fr\/product\/autres-tapis-scandinaves-fabriques-en-finlande\/satine-lila\/#primaryimage","url":"https:\/\/www.viitanordic.com\/lataukset\/Nordic-rug-Satine-Lila.jpg","contentUrl":"https:\/\/www.viitanordic.com\/lataukset\/Nordic-rug-Satine-Lila.jpg","width":1068,"height":734,"caption":"Nordic-rug-Satine-Lila"},{"@type":"BreadcrumbList","@id":"https:\/\/www.viitanordic.com\/fr\/product\/autres-tapis-scandinaves-fabriques-en-finlande\/satine-lila\/#breadcrumb","itemListElement":[{"@type":"ListItem","position":1,"name":"Etusivu","item":"https:\/\/www.viitanordic.com\/fr\/"},{"@type":"ListItem","position":2,"name":"Tapis Nordiques &#8211; Tapis Scandinaves","item":"https:\/\/www.viitanordic.com\/fr\/"},{"@type":"ListItem","position":3,"name":"Satine"}]},{"@type":"WebSite","@id":"https:\/\/www.viitanordic.com\/#website","url":"https:\/\/www.viitanordic.com\/","name":"Scandinavian Rugs - Nordic Rugs - Made in Finland \u2013 ViitaNordic","description":"Tapis Scandinaves - Tapis Nordiques - Fabriqu\u00e9s en Finlande - ViitaNordic","publisher":{"@id":"https:\/\/www.viitanordic.com\/#organization"},"potentialAction":[{"@type":"SearchAction","target":{"@type":"EntryPoint","urlTemplate":"https:\/\/www.viitanordic.com\/?s={search_term_string}"},"query-input":{"@type":"PropertyValueSpecification","valueRequired":true,"valueName":"search_term_string"}}],"inLanguage":"fr-FR"},{"@type":"Organization","@id":"https:\/\/www.viitanordic.com\/#organization","name":"ViitaNordic Oy","url":"https:\/\/www.viitanordic.com\/","logo":{"@type":"ImageObject","inLanguage":"fr-FR","@id":"https:\/\/www.viitanordic.com\/#\/schema\/logo\/image\/","url":"https:\/\/www.viitanordic.com\/lataukset\/logo-viitanordic.png","contentUrl":"https:\/\/www.viitanordic.com\/lataukset\/logo-viitanordic.png","width":720,"height":111,"caption":"ViitaNordic Oy"},"image":{"@id":"https:\/\/www.viitanordic.com\/#\/schema\/logo\/image\/"},"sameAs":["https:\/\/www.facebook.com\/viitanordic","https:\/\/fi.pinterest.com\/viitanordic\/"]}]}},"_links":{"self":[{"href":"https:\/\/www.viitanordic.com\/fr\/wp-json\/wp\/v2\/product\/33948","targetHints":{"allow":["GET"]}}],"collection":[{"href":"https:\/\/www.viitanordic.com\/fr\/wp-json\/wp\/v2\/product"}],"about":[{"href":"https:\/\/www.viitanordic.com\/fr\/wp-json\/wp\/v2\/types\/product"}],"wp:featuredmedia":[{"embeddable":true,"href":"https:\/\/www.viitanordic.com\/fr\/wp-json\/wp\/v2\/media\/42821"}],"wp:attachment":[{"href":"https:\/\/www.viitanordic.com\/fr\/wp-json\/wp\/v2\/media?parent=33948"}],"wp:term":[{"taxonomy":"product_brand","embeddable":true,"href":"https:\/\/www.viitanordic.com\/fr\/wp-json\/wp\/v2\/product_brand?post=33948"},{"taxonomy":"product_cat","embeddable":true,"href":"https:\/\/www.viitanordic.com\/fr\/wp-json\/wp\/v2\/product_cat?post=33948"},{"taxonomy":"product_tag","embeddable":true,"href":"https:\/\/www.viitanordic.com\/fr\/wp-json\/wp\/v2\/product_tag?post=33948"}],"curies":[{"name":"wp","href":"https:\/\/api.w.org\/{rel}","templated":true}]}}