{"id":35866,"date":"2021-05-13T20:15:13","date_gmt":"2021-05-13T17:15:18","guid":{"rendered":"https:\/\/www.viitanordic.com\/?post_type=product&#038;p=35866"},"modified":"2023-01-21T22:22:21","modified_gmt":"2023-01-21T20:22:21","slug":"tapis-koivu-noir-brun","status":"publish","type":"product","link":"https:\/\/www.viitanordic.com\/fr\/product\/tapis-nordiques-tapis-naturels-fabriques-en-finlande\/tapis-koivu-noir-brun\/","title":{"rendered":"Tapis Koivu"},"content":{"rendered":"<p>Le tapis Koivu est un tapis avec du style\u00a0; il est tr\u00e8s \u00e9l\u00e9gant. Le tapis ne g\u00e9n\u00e8re pas de poussi\u00e8re, est antistatique et tr\u00e8s robuste. Gr\u00e2ce \u00e0 un traitement anti-taches, le tapis Koivu est facile \u00e0 entretenir.<\/p>\n<p><strong>Tapis sur mesure:<\/strong> choisir sous Taille<\/p>\n<p><strong>Marque:<\/strong> VM-Carpet<\/p>\n<p><strong>Mat\u00e9riel:<\/strong>\u00a085% Fils de papier, 15% Polyester<\/p>\n<p><strong>Origine:<\/strong> Finlande<\/p>\n<p><strong>Fabrication:<\/strong> Tiss\u00e9<\/p>\n<p><strong>Revers:<\/strong> Le revers synth\u00e9tique est anti-glissant et rend le tapis plus stable. Le revers convient \u00e9galement aux sols avec chauffage. Il est inodore, recyclable, ne laisse pas de traces et ne g\u00e9n\u00e8re pas de poussi\u00e8re.<\/p>\n<p><strong>Bordure:<\/strong> 100% Coton<\/p>\n<p><strong>Entretien: <\/strong>Passer l\u2019aspirateur de mani\u00e8re r\u00e9guli\u00e8re. Il est conseill\u00e9 d\u2019enlever la salet\u00e9 imm\u00e9diatement avec une patte humide. Ne pas frotter mais tamponner le tapis.<\/p>\n<p><strong>Nettoyage: <\/strong>Nettoyer le tapis soigneusement \u00e0 l\u2018eau (max. +30\u00baC), avec un d\u00e9tergeant doux et en utilisant une brosse douce. Ne pas immerger le tapis dans l\u2019eau et ne pas frotter le tapis. Rincer le tapis avec beaucoup d\u2019eau et presser l\u2019eau restante hors du tapis. Reformer soigneusement le tapis humide et le laisser s\u00e9cher \u00e0 plat. Ne pas plier le tapis. Nous conseillons un nettoyage professionnel.<\/p>\n","protected":false},"excerpt":{"rendered":"<p>Le tapis Koivu est un tapis avec du style\u00a0; il est tr\u00e8s \u00e9l\u00e9gant. Le tapis ne g\u00e9n\u00e8re pas de poussi\u00e8re, est antistatique et tr\u00e8s robuste. Gr\u00e2ce \u00e0 un traitement anti-taches, le tapis Koivu est facile \u00e0 entretenir. Tapis sur mesure: choisir sous Taille Marque: VM-Carpet Mat\u00e9riel:\u00a085% Fils de papier, 15% Polyester Origine: Finlande Fabrication: Tiss\u00e9 [\u2026] <a href=\"https:\/\/www.viitanordic.com\/fr\/product\/tapis-nordiques-tapis-naturels-fabriques-en-finlande\/tapis-koivu-noir-brun\/\">\u00bb En lire plus<\/a><\/p>\n","protected":false},"featured_media":35888,"template":"","meta":{"_acf_changed":false},"product_brand":[],"product_cat":[1017],"product_tag":[],"class_list":{"0":"post-35866","1":"product","2":"type-product","3":"status-publish","4":"has-post-thumbnail","6":"product_cat-tapis-nordiques-tapis-naturels-fabriques-en-finlande","8":"first","9":"instock","10":"taxable","11":"shipping-taxable","12":"purchasable","13":"product-type-variable","14":"has-default-attributes"},"acf":[],"yoast_head":"<!-- This site is optimized with the Yoast SEO plugin v25.8 - https:\/\/yoast.com\/wordpress\/plugins\/seo\/ -->\n<title>Tapis Koivu - Tapis Scandinaves - Tapis Nordiques - Fabriqu\u00e9s en Finlande - ViitaNordic<\/title>\n<meta name=\"description\" content=\"Le tapis Blues est un tapis avec du style; il est tr\u00e8s \u00e9l\u00e9gant. Le tapis ne g\u00e9n\u00e8re pas de poussi\u00e8re, est antistatique et tr\u00e8s robuste.\" \/>\n<meta name=\"robots\" content=\"index, follow, max-snippet:-1, max-image-preview:large, max-video-preview:-1\" \/>\n<link rel=\"canonical\" href=\"https:\/\/www.viitanordic.com\/fr\/product\/tapis-nordiques-tapis-naturels-fabriques-en-finlande\/tapis-koivu-noir-brun\/\" \/>\n<meta property=\"og:locale\" content=\"fr_FR\" \/>\n<meta property=\"og:type\" content=\"article\" \/>\n<meta property=\"og:title\" content=\"Tapis Koivu - Tapis Scandinaves - Tapis Nordiques - Fabriqu\u00e9s en Finlande - ViitaNordic\" \/>\n<meta property=\"og:description\" content=\"Le tapis Blues est un tapis avec du style; il est tr\u00e8s \u00e9l\u00e9gant. Le tapis ne g\u00e9n\u00e8re pas de poussi\u00e8re, est antistatique et tr\u00e8s robuste.\" \/>\n<meta property=\"og:url\" content=\"https:\/\/www.viitanordic.com\/fr\/product\/tapis-nordiques-tapis-naturels-fabriques-en-finlande\/tapis-koivu-noir-brun\/\" \/>\n<meta property=\"og:site_name\" content=\"Tapis Scandinaves - Tapis Nordiques - Fabriqu\u00e9s en Finlande - ViitaNordic\" \/>\n<meta property=\"article:publisher\" content=\"https:\/\/www.facebook.com\/viitanordic\" \/>\n<meta property=\"article:modified_time\" content=\"2023-01-21T20:22:21+00:00\" \/>\n<meta property=\"og:image\" content=\"https:\/\/www.viitanordic.com\/lataukset\/Koivu-black-brown-.jpg\" \/>\n\t<meta property=\"og:image:width\" content=\"1920\" \/>\n\t<meta property=\"og:image:height\" content=\"1295\" \/>\n\t<meta property=\"og:image:type\" content=\"image\/jpeg\" \/>\n<meta name=\"twitter:label1\" content=\"Dur\u00e9e de lecture estim\u00e9e\" \/>\n\t<meta name=\"twitter:data1\" content=\"1 minute\" \/>\n<script type=\"application\/ld+json\" class=\"yoast-schema-graph\">{\"@context\":\"https:\/\/schema.org\",\"@graph\":[{\"@type\":\"WebPage\",\"@id\":\"https:\/\/www.viitanordic.com\/fr\/product\/tapis-nordiques-tapis-naturels-fabriques-en-finlande\/tapis-koivu-noir-brun\/\",\"url\":\"https:\/\/www.viitanordic.com\/fr\/product\/tapis-nordiques-tapis-naturels-fabriques-en-finlande\/tapis-koivu-noir-brun\/\",\"name\":\"Tapis Koivu - Tapis Scandinaves - Tapis Nordiques - Fabriqu\u00e9s en Finlande - ViitaNordic\",\"isPartOf\":{\"@id\":\"https:\/\/www.viitanordic.com\/#website\"},\"primaryImageOfPage\":{\"@id\":\"https:\/\/www.viitanordic.com\/fr\/product\/tapis-nordiques-tapis-naturels-fabriques-en-finlande\/tapis-koivu-noir-brun\/#primaryimage\"},\"image\":{\"@id\":\"https:\/\/www.viitanordic.com\/fr\/product\/tapis-nordiques-tapis-naturels-fabriques-en-finlande\/tapis-koivu-noir-brun\/#primaryimage\"},\"thumbnailUrl\":\"https:\/\/www.viitanordic.com\/lataukset\/Koivu-black-brown-.jpg\",\"datePublished\":\"2021-05-13T17:15:18+00:00\",\"dateModified\":\"2023-01-21T20:22:21+00:00\",\"description\":\"Le tapis Blues est un tapis avec du style; il est tr\u00e8s \u00e9l\u00e9gant. Le tapis ne g\u00e9n\u00e8re pas de poussi\u00e8re, est antistatique et tr\u00e8s robuste.\",\"breadcrumb\":{\"@id\":\"https:\/\/www.viitanordic.com\/fr\/product\/tapis-nordiques-tapis-naturels-fabriques-en-finlande\/tapis-koivu-noir-brun\/#breadcrumb\"},\"inLanguage\":\"fr-FR\",\"potentialAction\":[{\"@type\":\"ReadAction\",\"target\":[\"https:\/\/www.viitanordic.com\/fr\/product\/tapis-nordiques-tapis-naturels-fabriques-en-finlande\/tapis-koivu-noir-brun\/\"]}]},{\"@type\":\"ImageObject\",\"inLanguage\":\"fr-FR\",\"@id\":\"https:\/\/www.viitanordic.com\/fr\/product\/tapis-nordiques-tapis-naturels-fabriques-en-finlande\/tapis-koivu-noir-brun\/#primaryimage\",\"url\":\"https:\/\/www.viitanordic.com\/lataukset\/Koivu-black-brown-.jpg\",\"contentUrl\":\"https:\/\/www.viitanordic.com\/lataukset\/Koivu-black-brown-.jpg\",\"width\":1920,\"height\":1295},{\"@type\":\"BreadcrumbList\",\"@id\":\"https:\/\/www.viitanordic.com\/fr\/product\/tapis-nordiques-tapis-naturels-fabriques-en-finlande\/tapis-koivu-noir-brun\/#breadcrumb\",\"itemListElement\":[{\"@type\":\"ListItem\",\"position\":1,\"name\":\"Etusivu\",\"item\":\"https:\/\/www.viitanordic.com\/fr\/\"},{\"@type\":\"ListItem\",\"position\":2,\"name\":\"Tapis Nordiques &#8211; Tapis Scandinaves\",\"item\":\"https:\/\/www.viitanordic.com\/fr\/\"},{\"@type\":\"ListItem\",\"position\":3,\"name\":\"Tapis Koivu\"}]},{\"@type\":\"WebSite\",\"@id\":\"https:\/\/www.viitanordic.com\/#website\",\"url\":\"https:\/\/www.viitanordic.com\/\",\"name\":\"Scandinavian Rugs - Nordic Rugs - Made in Finland \u2013 ViitaNordic\",\"description\":\"Tapis Scandinaves - Tapis Nordiques - Fabriqu\u00e9s en Finlande - ViitaNordic\",\"publisher\":{\"@id\":\"https:\/\/www.viitanordic.com\/#organization\"},\"potentialAction\":[{\"@type\":\"SearchAction\",\"target\":{\"@type\":\"EntryPoint\",\"urlTemplate\":\"https:\/\/www.viitanordic.com\/?s={search_term_string}\"},\"query-input\":{\"@type\":\"PropertyValueSpecification\",\"valueRequired\":true,\"valueName\":\"search_term_string\"}}],\"inLanguage\":\"fr-FR\"},{\"@type\":\"Organization\",\"@id\":\"https:\/\/www.viitanordic.com\/#organization\",\"name\":\"ViitaNordic Oy\",\"url\":\"https:\/\/www.viitanordic.com\/\",\"logo\":{\"@type\":\"ImageObject\",\"inLanguage\":\"fr-FR\",\"@id\":\"https:\/\/www.viitanordic.com\/#\/schema\/logo\/image\/\",\"url\":\"https:\/\/www.viitanordic.com\/lataukset\/logo-viitanordic.png\",\"contentUrl\":\"https:\/\/www.viitanordic.com\/lataukset\/logo-viitanordic.png\",\"width\":720,\"height\":111,\"caption\":\"ViitaNordic Oy\"},\"image\":{\"@id\":\"https:\/\/www.viitanordic.com\/#\/schema\/logo\/image\/\"},\"sameAs\":[\"https:\/\/www.facebook.com\/viitanordic\",\"https:\/\/fi.pinterest.com\/viitanordic\/\"]}]}<\/script>\n<!-- \/ Yoast SEO plugin. -->","yoast_head_json":{"title":"Tapis Koivu - Tapis Scandinaves - Tapis Nordiques - Fabriqu\u00e9s en Finlande - ViitaNordic","description":"Le tapis Blues est un tapis avec du style; il est tr\u00e8s \u00e9l\u00e9gant. Le tapis ne g\u00e9n\u00e8re pas de poussi\u00e8re, est antistatique et tr\u00e8s robuste.","robots":{"index":"index","follow":"follow","max-snippet":"max-snippet:-1","max-image-preview":"max-image-preview:large","max-video-preview":"max-video-preview:-1"},"canonical":"https:\/\/www.viitanordic.com\/fr\/product\/tapis-nordiques-tapis-naturels-fabriques-en-finlande\/tapis-koivu-noir-brun\/","og_locale":"fr_FR","og_type":"article","og_title":"Tapis Koivu - Tapis Scandinaves - Tapis Nordiques - Fabriqu\u00e9s en Finlande - ViitaNordic","og_description":"Le tapis Blues est un tapis avec du style; il est tr\u00e8s \u00e9l\u00e9gant. Le tapis ne g\u00e9n\u00e8re pas de poussi\u00e8re, est antistatique et tr\u00e8s robuste.","og_url":"https:\/\/www.viitanordic.com\/fr\/product\/tapis-nordiques-tapis-naturels-fabriques-en-finlande\/tapis-koivu-noir-brun\/","og_site_name":"Tapis Scandinaves - Tapis Nordiques - Fabriqu\u00e9s en Finlande - ViitaNordic","article_publisher":"https:\/\/www.facebook.com\/viitanordic","article_modified_time":"2023-01-21T20:22:21+00:00","og_image":[{"width":1920,"height":1295,"url":"https:\/\/www.viitanordic.com\/lataukset\/Koivu-black-brown-.jpg","type":"image\/jpeg"}],"twitter_misc":{"Dur\u00e9e de lecture estim\u00e9e":"1 minute"},"schema":{"@context":"https:\/\/schema.org","@graph":[{"@type":"WebPage","@id":"https:\/\/www.viitanordic.com\/fr\/product\/tapis-nordiques-tapis-naturels-fabriques-en-finlande\/tapis-koivu-noir-brun\/","url":"https:\/\/www.viitanordic.com\/fr\/product\/tapis-nordiques-tapis-naturels-fabriques-en-finlande\/tapis-koivu-noir-brun\/","name":"Tapis Koivu - Tapis Scandinaves - Tapis Nordiques - Fabriqu\u00e9s en Finlande - ViitaNordic","isPartOf":{"@id":"https:\/\/www.viitanordic.com\/#website"},"primaryImageOfPage":{"@id":"https:\/\/www.viitanordic.com\/fr\/product\/tapis-nordiques-tapis-naturels-fabriques-en-finlande\/tapis-koivu-noir-brun\/#primaryimage"},"image":{"@id":"https:\/\/www.viitanordic.com\/fr\/product\/tapis-nordiques-tapis-naturels-fabriques-en-finlande\/tapis-koivu-noir-brun\/#primaryimage"},"thumbnailUrl":"https:\/\/www.viitanordic.com\/lataukset\/Koivu-black-brown-.jpg","datePublished":"2021-05-13T17:15:18+00:00","dateModified":"2023-01-21T20:22:21+00:00","description":"Le tapis Blues est un tapis avec du style; il est tr\u00e8s \u00e9l\u00e9gant. Le tapis ne g\u00e9n\u00e8re pas de poussi\u00e8re, est antistatique et tr\u00e8s robuste.","breadcrumb":{"@id":"https:\/\/www.viitanordic.com\/fr\/product\/tapis-nordiques-tapis-naturels-fabriques-en-finlande\/tapis-koivu-noir-brun\/#breadcrumb"},"inLanguage":"fr-FR","potentialAction":[{"@type":"ReadAction","target":["https:\/\/www.viitanordic.com\/fr\/product\/tapis-nordiques-tapis-naturels-fabriques-en-finlande\/tapis-koivu-noir-brun\/"]}]},{"@type":"ImageObject","inLanguage":"fr-FR","@id":"https:\/\/www.viitanordic.com\/fr\/product\/tapis-nordiques-tapis-naturels-fabriques-en-finlande\/tapis-koivu-noir-brun\/#primaryimage","url":"https:\/\/www.viitanordic.com\/lataukset\/Koivu-black-brown-.jpg","contentUrl":"https:\/\/www.viitanordic.com\/lataukset\/Koivu-black-brown-.jpg","width":1920,"height":1295},{"@type":"BreadcrumbList","@id":"https:\/\/www.viitanordic.com\/fr\/product\/tapis-nordiques-tapis-naturels-fabriques-en-finlande\/tapis-koivu-noir-brun\/#breadcrumb","itemListElement":[{"@type":"ListItem","position":1,"name":"Etusivu","item":"https:\/\/www.viitanordic.com\/fr\/"},{"@type":"ListItem","position":2,"name":"Tapis Nordiques &#8211; Tapis Scandinaves","item":"https:\/\/www.viitanordic.com\/fr\/"},{"@type":"ListItem","position":3,"name":"Tapis Koivu"}]},{"@type":"WebSite","@id":"https:\/\/www.viitanordic.com\/#website","url":"https:\/\/www.viitanordic.com\/","name":"Scandinavian Rugs - Nordic Rugs - Made in Finland \u2013 ViitaNordic","description":"Tapis Scandinaves - Tapis Nordiques - Fabriqu\u00e9s en Finlande - ViitaNordic","publisher":{"@id":"https:\/\/www.viitanordic.com\/#organization"},"potentialAction":[{"@type":"SearchAction","target":{"@type":"EntryPoint","urlTemplate":"https:\/\/www.viitanordic.com\/?s={search_term_string}"},"query-input":{"@type":"PropertyValueSpecification","valueRequired":true,"valueName":"search_term_string"}}],"inLanguage":"fr-FR"},{"@type":"Organization","@id":"https:\/\/www.viitanordic.com\/#organization","name":"ViitaNordic Oy","url":"https:\/\/www.viitanordic.com\/","logo":{"@type":"ImageObject","inLanguage":"fr-FR","@id":"https:\/\/www.viitanordic.com\/#\/schema\/logo\/image\/","url":"https:\/\/www.viitanordic.com\/lataukset\/logo-viitanordic.png","contentUrl":"https:\/\/www.viitanordic.com\/lataukset\/logo-viitanordic.png","width":720,"height":111,"caption":"ViitaNordic Oy"},"image":{"@id":"https:\/\/www.viitanordic.com\/#\/schema\/logo\/image\/"},"sameAs":["https:\/\/www.facebook.com\/viitanordic","https:\/\/fi.pinterest.com\/viitanordic\/"]}]}},"_links":{"self":[{"href":"https:\/\/www.viitanordic.com\/fr\/wp-json\/wp\/v2\/product\/35866","targetHints":{"allow":["GET"]}}],"collection":[{"href":"https:\/\/www.viitanordic.com\/fr\/wp-json\/wp\/v2\/product"}],"about":[{"href":"https:\/\/www.viitanordic.com\/fr\/wp-json\/wp\/v2\/types\/product"}],"wp:featuredmedia":[{"embeddable":true,"href":"https:\/\/www.viitanordic.com\/fr\/wp-json\/wp\/v2\/media\/35888"}],"wp:attachment":[{"href":"https:\/\/www.viitanordic.com\/fr\/wp-json\/wp\/v2\/media?parent=35866"}],"wp:term":[{"taxonomy":"product_brand","embeddable":true,"href":"https:\/\/www.viitanordic.com\/fr\/wp-json\/wp\/v2\/product_brand?post=35866"},{"taxonomy":"product_cat","embeddable":true,"href":"https:\/\/www.viitanordic.com\/fr\/wp-json\/wp\/v2\/product_cat?post=35866"},{"taxonomy":"product_tag","embeddable":true,"href":"https:\/\/www.viitanordic.com\/fr\/wp-json\/wp\/v2\/product_tag?post=35866"}],"curies":[{"name":"wp","href":"https:\/\/api.w.org\/{rel}","templated":true}]}}