{"id":37075,"date":"2021-08-24T21:48:42","date_gmt":"2021-08-24T18:48:42","guid":{"rendered":"https:\/\/www.viitanordic.com\/?post_type=product&#038;p=37075"},"modified":"2025-10-30T20:17:20","modified_gmt":"2025-10-30T18:17:20","slug":"maisema","status":"publish","type":"product","link":"https:\/\/www.viitanordic.com\/fr\/product\/tapis-en-coton-tapis-chiffon-fabriques-en-finlande\/maisema\/","title":{"rendered":"Maisema"},"content":{"rendered":"<p data-start=\"298\" data-end=\"606\">Apportez une touche authentique du Nord de l\u2019Europe \u00e0 votre int\u00e9rieur avec le tapis en coton Maisema, un tapis finlandais traditionnel reconnaissable \u00e0 ses rayures typiques. Fabriqu\u00e9 \u00e0 partir de coton de haute qualit\u00e9, il refl\u00e8te le savoir-faire artisanal finlandais et une fabrication durable.<\/p>\n<p data-start=\"608\" data-end=\"878\">Le tapis Maisema est confectionn\u00e9 selon des m\u00e9thodes traditionnelles, garantissant r\u00e9sistance et long\u00e9vit\u00e9. Chaque pi\u00e8ce est faite \u00e0 la main, ce qui rend chaque tapis unique : de l\u00e9g\u00e8res variations de couleur ou de motif t\u00e9moignent de son authenticit\u00e9.<\/p>\n<p data-start=\"880\" data-end=\"1066\">Ce tapis nordique en coton s\u2019int\u00e8gre parfaitement dans tous les styles d\u2019int\u00e9rieur \u2014 moderne, scandinave ou classique \u2014 et cr\u00e9e une ambiance douce et chaleureuse dans votre maison.<\/p>\n<p data-start=\"1068\" data-end=\"1104\">Caract\u00e9ristiques principales :<\/p>\n<ul data-start=\"1105\" data-end=\"1366\">\n<li data-start=\"1105\" data-end=\"1157\">\n<p data-start=\"1107\" data-end=\"1157\">100 % tapis finlandais en coton traditionnel<\/p>\n<\/li>\n<li data-start=\"1158\" data-end=\"1208\">\n<p data-start=\"1160\" data-end=\"1208\">Design \u00e0 rayures inspir\u00e9 du style nordique<\/p>\n<\/li>\n<li data-start=\"1209\" data-end=\"1272\">\n<p data-start=\"1211\" data-end=\"1272\">Durable, de haute qualit\u00e9 et respectueux de l\u2019environnement<\/p>\n<\/li>\n<li data-start=\"1273\" data-end=\"1316\">\n<p data-start=\"1275\" data-end=\"1316\">Fait main \u2013 chaque pi\u00e8ce est unique<\/p>\n<\/li>\n<li data-start=\"1317\" data-end=\"1366\">\n<p data-start=\"1319\" data-end=\"1366\">Id\u00e9al pour le salon, la chambre ou le couloir<\/p>\n<\/li>\n<\/ul>\n<p data-start=\"1368\" data-end=\"1538\">Invitez la beaut\u00e9 nordique et le savoir-faire finlandais chez vous avec le tapis en coton Maisema, une alliance parfaite entre tradition et \u00e9l\u00e9gance scandinave.<\/p>\n<p><strong>Marque:<\/strong> ViitaNordic<\/p>\n<p><strong>Mat\u00e9riel: <\/strong>100% coton<\/p>\n<p><strong>Origine:<\/strong> Finlande<\/p>\n<p><strong>Fabrication:<\/strong> Tiss\u00e9<\/p>\n<p><strong>Entretien: <\/strong>Passer l\u2019aspirateur de mani\u00e8re r\u00e9guli\u00e8re. Il est conseill\u00e9 d\u2019enlever la salet\u00e9 imm\u00e9diatement avec une patte humide. Ne pas frotter mais tamponner le tapis.<\/p>\n<p><strong>Nettoyage: <\/strong>Nettoyer le tapis soigneusement \u00e0 l\u2018eau (max. +30\u00baC), avec un d\u00e9tergeant doux et en utilisant une brosse douce. Ne pas immerger le tapis dans l\u2019eau et ne pas frotter le tapis. Rincer le tapis avec beaucoup d\u2019eau et presser l\u2019eau restante hors du tapis. Reformer soigneusement le tapis humide et le laisser s\u00e9cher \u00e0 plat. Ne pas plier le tapis. Le coton peut r\u00e9tr\u00e9cir d\u2019environ 5% apr\u00e8s l\u2019avoir nettoy\u00e9.<\/p>\n","protected":false},"excerpt":{"rendered":"<p>Apportez une touche authentique du Nord de l\u2019Europe \u00e0 votre int\u00e9rieur avec le tapis en coton Maisema, un tapis finlandais traditionnel reconnaissable \u00e0 ses rayures typiques. Fabriqu\u00e9 \u00e0 partir de coton de haute qualit\u00e9, il refl\u00e8te le savoir-faire artisanal finlandais et une fabrication durable. Le tapis Maisema est confectionn\u00e9 selon des m\u00e9thodes traditionnelles, garantissant r\u00e9sistance [\u2026] <a href=\"https:\/\/www.viitanordic.com\/fr\/product\/tapis-en-coton-tapis-chiffon-fabriques-en-finlande\/maisema\/\">\u00bb En lire plus<\/a><\/p>\n","protected":false},"featured_media":37089,"template":"","meta":{"_acf_changed":false},"product_brand":[],"product_cat":[191],"product_tag":[],"class_list":{"0":"post-37075","1":"product","2":"type-product","3":"status-publish","4":"has-post-thumbnail","6":"product_cat-tapis-en-coton-tapis-chiffon-fabriques-en-finlande","8":"first","9":"instock","10":"taxable","11":"shipping-taxable","12":"purchasable","13":"product-type-variable","14":"has-default-attributes"},"acf":[],"yoast_head":"<!-- This site is optimized with the Yoast SEO plugin v25.8 - https:\/\/yoast.com\/wordpress\/plugins\/seo\/ -->\n<title>Maisema - Tapis Scandinaves - Tapis Nordiques - Fabriqu\u00e9s en Finlande - ViitaNordic<\/title>\n<meta name=\"description\" content=\"Maisema est le tapis traditionnel finlandais caract\u00e9ris\u00e9 par ses belles rayures. Il am\u00e8ne le style nordique dans votre d\u00e9coration. Comme la fabrication de ces tapis exige beaucoup de travail manuel, chaque produit est unique et peut par cons\u00e9quent diff\u00e9rer l\u00e9g\u00e8rement des images ci-dessus.\" \/>\n<meta name=\"robots\" content=\"index, follow, max-snippet:-1, max-image-preview:large, max-video-preview:-1\" \/>\n<link rel=\"canonical\" href=\"https:\/\/www.viitanordic.com\/fr\/product\/tapis-en-coton-tapis-chiffon-fabriques-en-finlande\/maisema\/\" \/>\n<meta property=\"og:locale\" content=\"fr_FR\" \/>\n<meta property=\"og:type\" content=\"article\" \/>\n<meta property=\"og:title\" content=\"Maisema - Tapis Scandinaves - Tapis Nordiques - Fabriqu\u00e9s en Finlande - ViitaNordic\" \/>\n<meta property=\"og:description\" content=\"Maisema est le tapis traditionnel finlandais caract\u00e9ris\u00e9 par ses belles rayures. Il am\u00e8ne le style nordique dans votre d\u00e9coration. Comme la fabrication de ces tapis exige beaucoup de travail manuel, chaque produit est unique et peut par cons\u00e9quent diff\u00e9rer l\u00e9g\u00e8rement des images ci-dessus.\" \/>\n<meta property=\"og:url\" content=\"https:\/\/www.viitanordic.com\/fr\/product\/tapis-en-coton-tapis-chiffon-fabriques-en-finlande\/maisema\/\" \/>\n<meta property=\"og:site_name\" content=\"Tapis Scandinaves - Tapis Nordiques - Fabriqu\u00e9s en Finlande - ViitaNordic\" \/>\n<meta property=\"article:publisher\" content=\"https:\/\/www.facebook.com\/viitanordic\" \/>\n<meta property=\"article:modified_time\" content=\"2025-10-30T18:17:20+00:00\" \/>\n<meta property=\"og:image\" content=\"https:\/\/www.viitanordic.com\/lataukset\/Cotton-rug-Maisema.jpg\" \/>\n\t<meta property=\"og:image:width\" content=\"1920\" \/>\n\t<meta property=\"og:image:height\" content=\"993\" \/>\n\t<meta property=\"og:image:type\" content=\"image\/jpeg\" \/>\n<meta name=\"twitter:label1\" content=\"Dur\u00e9e de lecture estim\u00e9e\" \/>\n\t<meta name=\"twitter:data1\" content=\"2 minutes\" \/>\n<script type=\"application\/ld+json\" class=\"yoast-schema-graph\">{\"@context\":\"https:\/\/schema.org\",\"@graph\":[{\"@type\":\"WebPage\",\"@id\":\"https:\/\/www.viitanordic.com\/fr\/product\/tapis-en-coton-tapis-chiffon-fabriques-en-finlande\/maisema\/\",\"url\":\"https:\/\/www.viitanordic.com\/fr\/product\/tapis-en-coton-tapis-chiffon-fabriques-en-finlande\/maisema\/\",\"name\":\"Maisema - Tapis Scandinaves - Tapis Nordiques - Fabriqu\u00e9s en Finlande - ViitaNordic\",\"isPartOf\":{\"@id\":\"https:\/\/www.viitanordic.com\/#website\"},\"primaryImageOfPage\":{\"@id\":\"https:\/\/www.viitanordic.com\/fr\/product\/tapis-en-coton-tapis-chiffon-fabriques-en-finlande\/maisema\/#primaryimage\"},\"image\":{\"@id\":\"https:\/\/www.viitanordic.com\/fr\/product\/tapis-en-coton-tapis-chiffon-fabriques-en-finlande\/maisema\/#primaryimage\"},\"thumbnailUrl\":\"https:\/\/www.viitanordic.com\/lataukset\/Cotton-rug-Maisema.jpg\",\"datePublished\":\"2021-08-24T18:48:42+00:00\",\"dateModified\":\"2025-10-30T18:17:20+00:00\",\"description\":\"Maisema est le tapis traditionnel finlandais caract\u00e9ris\u00e9 par ses belles rayures. Il am\u00e8ne le style nordique dans votre d\u00e9coration. Comme la fabrication de ces tapis exige beaucoup de travail manuel, chaque produit est unique et peut par cons\u00e9quent diff\u00e9rer l\u00e9g\u00e8rement des images ci-dessus.\",\"breadcrumb\":{\"@id\":\"https:\/\/www.viitanordic.com\/fr\/product\/tapis-en-coton-tapis-chiffon-fabriques-en-finlande\/maisema\/#breadcrumb\"},\"inLanguage\":\"fr-FR\",\"potentialAction\":[{\"@type\":\"ReadAction\",\"target\":[\"https:\/\/www.viitanordic.com\/fr\/product\/tapis-en-coton-tapis-chiffon-fabriques-en-finlande\/maisema\/\"]}]},{\"@type\":\"ImageObject\",\"inLanguage\":\"fr-FR\",\"@id\":\"https:\/\/www.viitanordic.com\/fr\/product\/tapis-en-coton-tapis-chiffon-fabriques-en-finlande\/maisema\/#primaryimage\",\"url\":\"https:\/\/www.viitanordic.com\/lataukset\/Cotton-rug-Maisema.jpg\",\"contentUrl\":\"https:\/\/www.viitanordic.com\/lataukset\/Cotton-rug-Maisema.jpg\",\"width\":1920,\"height\":993,\"caption\":\"Cotton rug Maisema\"},{\"@type\":\"BreadcrumbList\",\"@id\":\"https:\/\/www.viitanordic.com\/fr\/product\/tapis-en-coton-tapis-chiffon-fabriques-en-finlande\/maisema\/#breadcrumb\",\"itemListElement\":[{\"@type\":\"ListItem\",\"position\":1,\"name\":\"Etusivu\",\"item\":\"https:\/\/www.viitanordic.com\/fr\/\"},{\"@type\":\"ListItem\",\"position\":2,\"name\":\"Tapis Nordiques &#8211; Tapis Scandinaves\",\"item\":\"https:\/\/www.viitanordic.com\/fr\/\"},{\"@type\":\"ListItem\",\"position\":3,\"name\":\"Maisema\"}]},{\"@type\":\"WebSite\",\"@id\":\"https:\/\/www.viitanordic.com\/#website\",\"url\":\"https:\/\/www.viitanordic.com\/\",\"name\":\"Scandinavian Rugs - Nordic Rugs - Made in Finland \u2013 ViitaNordic\",\"description\":\"Tapis Scandinaves - Tapis Nordiques - Fabriqu\u00e9s en Finlande - ViitaNordic\",\"publisher\":{\"@id\":\"https:\/\/www.viitanordic.com\/#organization\"},\"potentialAction\":[{\"@type\":\"SearchAction\",\"target\":{\"@type\":\"EntryPoint\",\"urlTemplate\":\"https:\/\/www.viitanordic.com\/?s={search_term_string}\"},\"query-input\":{\"@type\":\"PropertyValueSpecification\",\"valueRequired\":true,\"valueName\":\"search_term_string\"}}],\"inLanguage\":\"fr-FR\"},{\"@type\":\"Organization\",\"@id\":\"https:\/\/www.viitanordic.com\/#organization\",\"name\":\"ViitaNordic Oy\",\"url\":\"https:\/\/www.viitanordic.com\/\",\"logo\":{\"@type\":\"ImageObject\",\"inLanguage\":\"fr-FR\",\"@id\":\"https:\/\/www.viitanordic.com\/#\/schema\/logo\/image\/\",\"url\":\"https:\/\/www.viitanordic.com\/lataukset\/logo-viitanordic.png\",\"contentUrl\":\"https:\/\/www.viitanordic.com\/lataukset\/logo-viitanordic.png\",\"width\":720,\"height\":111,\"caption\":\"ViitaNordic Oy\"},\"image\":{\"@id\":\"https:\/\/www.viitanordic.com\/#\/schema\/logo\/image\/\"},\"sameAs\":[\"https:\/\/www.facebook.com\/viitanordic\",\"https:\/\/fi.pinterest.com\/viitanordic\/\"]}]}<\/script>\n<!-- \/ Yoast SEO plugin. -->","yoast_head_json":{"title":"Maisema - Tapis Scandinaves - Tapis Nordiques - Fabriqu\u00e9s en Finlande - ViitaNordic","description":"Maisema est le tapis traditionnel finlandais caract\u00e9ris\u00e9 par ses belles rayures. Il am\u00e8ne le style nordique dans votre d\u00e9coration. Comme la fabrication de ces tapis exige beaucoup de travail manuel, chaque produit est unique et peut par cons\u00e9quent diff\u00e9rer l\u00e9g\u00e8rement des images ci-dessus.","robots":{"index":"index","follow":"follow","max-snippet":"max-snippet:-1","max-image-preview":"max-image-preview:large","max-video-preview":"max-video-preview:-1"},"canonical":"https:\/\/www.viitanordic.com\/fr\/product\/tapis-en-coton-tapis-chiffon-fabriques-en-finlande\/maisema\/","og_locale":"fr_FR","og_type":"article","og_title":"Maisema - Tapis Scandinaves - Tapis Nordiques - Fabriqu\u00e9s en Finlande - ViitaNordic","og_description":"Maisema est le tapis traditionnel finlandais caract\u00e9ris\u00e9 par ses belles rayures. Il am\u00e8ne le style nordique dans votre d\u00e9coration. Comme la fabrication de ces tapis exige beaucoup de travail manuel, chaque produit est unique et peut par cons\u00e9quent diff\u00e9rer l\u00e9g\u00e8rement des images ci-dessus.","og_url":"https:\/\/www.viitanordic.com\/fr\/product\/tapis-en-coton-tapis-chiffon-fabriques-en-finlande\/maisema\/","og_site_name":"Tapis Scandinaves - Tapis Nordiques - Fabriqu\u00e9s en Finlande - ViitaNordic","article_publisher":"https:\/\/www.facebook.com\/viitanordic","article_modified_time":"2025-10-30T18:17:20+00:00","og_image":[{"width":1920,"height":993,"url":"https:\/\/www.viitanordic.com\/lataukset\/Cotton-rug-Maisema.jpg","type":"image\/jpeg"}],"twitter_misc":{"Dur\u00e9e de lecture estim\u00e9e":"2 minutes"},"schema":{"@context":"https:\/\/schema.org","@graph":[{"@type":"WebPage","@id":"https:\/\/www.viitanordic.com\/fr\/product\/tapis-en-coton-tapis-chiffon-fabriques-en-finlande\/maisema\/","url":"https:\/\/www.viitanordic.com\/fr\/product\/tapis-en-coton-tapis-chiffon-fabriques-en-finlande\/maisema\/","name":"Maisema - Tapis Scandinaves - Tapis Nordiques - Fabriqu\u00e9s en Finlande - ViitaNordic","isPartOf":{"@id":"https:\/\/www.viitanordic.com\/#website"},"primaryImageOfPage":{"@id":"https:\/\/www.viitanordic.com\/fr\/product\/tapis-en-coton-tapis-chiffon-fabriques-en-finlande\/maisema\/#primaryimage"},"image":{"@id":"https:\/\/www.viitanordic.com\/fr\/product\/tapis-en-coton-tapis-chiffon-fabriques-en-finlande\/maisema\/#primaryimage"},"thumbnailUrl":"https:\/\/www.viitanordic.com\/lataukset\/Cotton-rug-Maisema.jpg","datePublished":"2021-08-24T18:48:42+00:00","dateModified":"2025-10-30T18:17:20+00:00","description":"Maisema est le tapis traditionnel finlandais caract\u00e9ris\u00e9 par ses belles rayures. Il am\u00e8ne le style nordique dans votre d\u00e9coration. Comme la fabrication de ces tapis exige beaucoup de travail manuel, chaque produit est unique et peut par cons\u00e9quent diff\u00e9rer l\u00e9g\u00e8rement des images ci-dessus.","breadcrumb":{"@id":"https:\/\/www.viitanordic.com\/fr\/product\/tapis-en-coton-tapis-chiffon-fabriques-en-finlande\/maisema\/#breadcrumb"},"inLanguage":"fr-FR","potentialAction":[{"@type":"ReadAction","target":["https:\/\/www.viitanordic.com\/fr\/product\/tapis-en-coton-tapis-chiffon-fabriques-en-finlande\/maisema\/"]}]},{"@type":"ImageObject","inLanguage":"fr-FR","@id":"https:\/\/www.viitanordic.com\/fr\/product\/tapis-en-coton-tapis-chiffon-fabriques-en-finlande\/maisema\/#primaryimage","url":"https:\/\/www.viitanordic.com\/lataukset\/Cotton-rug-Maisema.jpg","contentUrl":"https:\/\/www.viitanordic.com\/lataukset\/Cotton-rug-Maisema.jpg","width":1920,"height":993,"caption":"Cotton rug Maisema"},{"@type":"BreadcrumbList","@id":"https:\/\/www.viitanordic.com\/fr\/product\/tapis-en-coton-tapis-chiffon-fabriques-en-finlande\/maisema\/#breadcrumb","itemListElement":[{"@type":"ListItem","position":1,"name":"Etusivu","item":"https:\/\/www.viitanordic.com\/fr\/"},{"@type":"ListItem","position":2,"name":"Tapis Nordiques &#8211; Tapis Scandinaves","item":"https:\/\/www.viitanordic.com\/fr\/"},{"@type":"ListItem","position":3,"name":"Maisema"}]},{"@type":"WebSite","@id":"https:\/\/www.viitanordic.com\/#website","url":"https:\/\/www.viitanordic.com\/","name":"Scandinavian Rugs - Nordic Rugs - Made in Finland \u2013 ViitaNordic","description":"Tapis Scandinaves - Tapis Nordiques - Fabriqu\u00e9s en Finlande - ViitaNordic","publisher":{"@id":"https:\/\/www.viitanordic.com\/#organization"},"potentialAction":[{"@type":"SearchAction","target":{"@type":"EntryPoint","urlTemplate":"https:\/\/www.viitanordic.com\/?s={search_term_string}"},"query-input":{"@type":"PropertyValueSpecification","valueRequired":true,"valueName":"search_term_string"}}],"inLanguage":"fr-FR"},{"@type":"Organization","@id":"https:\/\/www.viitanordic.com\/#organization","name":"ViitaNordic Oy","url":"https:\/\/www.viitanordic.com\/","logo":{"@type":"ImageObject","inLanguage":"fr-FR","@id":"https:\/\/www.viitanordic.com\/#\/schema\/logo\/image\/","url":"https:\/\/www.viitanordic.com\/lataukset\/logo-viitanordic.png","contentUrl":"https:\/\/www.viitanordic.com\/lataukset\/logo-viitanordic.png","width":720,"height":111,"caption":"ViitaNordic Oy"},"image":{"@id":"https:\/\/www.viitanordic.com\/#\/schema\/logo\/image\/"},"sameAs":["https:\/\/www.facebook.com\/viitanordic","https:\/\/fi.pinterest.com\/viitanordic\/"]}]}},"_links":{"self":[{"href":"https:\/\/www.viitanordic.com\/fr\/wp-json\/wp\/v2\/product\/37075","targetHints":{"allow":["GET"]}}],"collection":[{"href":"https:\/\/www.viitanordic.com\/fr\/wp-json\/wp\/v2\/product"}],"about":[{"href":"https:\/\/www.viitanordic.com\/fr\/wp-json\/wp\/v2\/types\/product"}],"wp:featuredmedia":[{"embeddable":true,"href":"https:\/\/www.viitanordic.com\/fr\/wp-json\/wp\/v2\/media\/37089"}],"wp:attachment":[{"href":"https:\/\/www.viitanordic.com\/fr\/wp-json\/wp\/v2\/media?parent=37075"}],"wp:term":[{"taxonomy":"product_brand","embeddable":true,"href":"https:\/\/www.viitanordic.com\/fr\/wp-json\/wp\/v2\/product_brand?post=37075"},{"taxonomy":"product_cat","embeddable":true,"href":"https:\/\/www.viitanordic.com\/fr\/wp-json\/wp\/v2\/product_cat?post=37075"},{"taxonomy":"product_tag","embeddable":true,"href":"https:\/\/www.viitanordic.com\/fr\/wp-json\/wp\/v2\/product_tag?post=37075"}],"curies":[{"name":"wp","href":"https:\/\/api.w.org\/{rel}","templated":true}]}}