{"id":38919,"date":"2021-12-27T17:08:42","date_gmt":"2021-12-27T15:08:45","guid":{"rendered":"https:\/\/www.viitanordic.com\/?post_type=product&#038;p=38919"},"modified":"2022-09-16T19:10:50","modified_gmt":"2022-09-16T16:10:50","slug":"tapis-kenno-gris-clair","status":"publish","type":"product","link":"https:\/\/www.viitanordic.com\/fr\/product\/tapis-nordiques-tapis-naturels-fabriques-en-finlande\/tapis-kenno-gris-clair\/","title":{"rendered":"Tapis Kenno"},"content":{"rendered":"<p>Kenno est un beau tapis en coton, fils de papier et polyester refl\u00e9tant le style classique. C&rsquo;est un tapis \u00e9l\u00e9gant qui embellit le d\u00e9cor de chaque pi\u00e8ce.<\/p>\n<p><strong>Marque:<\/strong> VM-Carpet<\/p>\n<p><strong>Mat\u00e9riel:<\/strong>\u00a072% Coton, 19% Fils de papier, 9% Polyester<\/p>\n<p><strong>Origine:<\/strong> Finlande<\/p>\n<p><strong>Fabrication:<\/strong> Tiss\u00e9<\/p>\n<p><strong>Revers:<\/strong> Le revers synth\u00e9tique est anti-glissant et rend le tapis plus stable. Le revers convient \u00e9galement aux sols avec chauffage. Il est inodore, recyclable, ne laisse pas de traces et ne g\u00e9n\u00e8re pas de poussi\u00e8re.<\/p>\n<p><strong>Bordure:<\/strong> 100% Coton<\/p>\n<p><strong>Entretien: <\/strong>Passer l\u2019aspirateur de mani\u00e8re r\u00e9guli\u00e8re. Il est conseill\u00e9 d\u2019enlever la salet\u00e9 imm\u00e9diatement avec une patte humide. Ne pas frotter mais tamponner le tapis.<\/p>\n<p><strong>Nettoyage: <\/strong>Nettoyer le tapis soigneusement \u00e0 l\u2018eau (max. +30\u00baC), avec un d\u00e9tergeant doux et en utilisant une brosse douce. Ne pas immerger le tapis dans l\u2019eau et ne pas frotter le tapis. Rincer le tapis avec beaucoup d\u2019eau et presser l\u2019eau restante hors du tapis. Reformer soigneusement le tapis humide et le laisser s\u00e9cher \u00e0 plat. Ne pas plier le tapis. Nous conseillons un nettoyage professionnel.<\/p>\n","protected":false},"excerpt":{"rendered":"<p>Kenno est un beau tapis en coton, fils de papier et polyester refl\u00e9tant le style classique. C&rsquo;est un tapis \u00e9l\u00e9gant qui embellit le d\u00e9cor de chaque pi\u00e8ce. Marque: VM-Carpet Mat\u00e9riel:\u00a072% Coton, 19% Fils de papier, 9% Polyester Origine: Finlande Fabrication: Tiss\u00e9 Revers: Le revers synth\u00e9tique est anti-glissant et rend le tapis plus stable. Le revers [\u2026] <a href=\"https:\/\/www.viitanordic.com\/fr\/product\/tapis-nordiques-tapis-naturels-fabriques-en-finlande\/tapis-kenno-gris-clair\/\">\u00bb En lire plus<\/a><\/p>\n","protected":false},"featured_media":38936,"template":"","meta":{"_acf_changed":false},"product_brand":[],"product_cat":[1017],"product_tag":[],"class_list":{"0":"post-38919","1":"product","2":"type-product","3":"status-publish","4":"has-post-thumbnail","6":"product_cat-tapis-nordiques-tapis-naturels-fabriques-en-finlande","8":"first","9":"instock","10":"taxable","11":"shipping-taxable","12":"purchasable","13":"product-type-variable","14":"has-default-attributes"},"acf":[],"yoast_head":"<!-- This site is optimized with the Yoast SEO plugin v25.8 - https:\/\/yoast.com\/wordpress\/plugins\/seo\/ -->\n<title>Tapis Kenno - Tapis Scandinaves - Tapis Nordiques - Fabriqu\u00e9s en Finlande - ViitaNordic<\/title>\n<meta name=\"description\" content=\"Kenno est un beau tapis en coton, fils de papier et polyester refl\u00e8tant le style classique. C&#039;est un tapis \u00e9l\u00e9gant qui embellit le d\u00e9cor de chaque pi\u00e8ce.\" \/>\n<meta name=\"robots\" content=\"index, follow, max-snippet:-1, max-image-preview:large, max-video-preview:-1\" \/>\n<link rel=\"canonical\" href=\"https:\/\/www.viitanordic.com\/fr\/product\/tapis-nordiques-tapis-naturels-fabriques-en-finlande\/tapis-kenno-gris-clair\/\" \/>\n<meta property=\"og:locale\" content=\"fr_FR\" \/>\n<meta property=\"og:type\" content=\"article\" \/>\n<meta property=\"og:title\" content=\"Tapis Kenno - Tapis Scandinaves - Tapis Nordiques - Fabriqu\u00e9s en Finlande - ViitaNordic\" \/>\n<meta property=\"og:description\" content=\"Kenno est un beau tapis en coton, fils de papier et polyester refl\u00e8tant le style classique. C&#039;est un tapis \u00e9l\u00e9gant qui embellit le d\u00e9cor de chaque pi\u00e8ce.\" \/>\n<meta property=\"og:url\" content=\"https:\/\/www.viitanordic.com\/fr\/product\/tapis-nordiques-tapis-naturels-fabriques-en-finlande\/tapis-kenno-gris-clair\/\" \/>\n<meta property=\"og:site_name\" content=\"Tapis Scandinaves - Tapis Nordiques - Fabriqu\u00e9s en Finlande - ViitaNordic\" \/>\n<meta property=\"article:publisher\" content=\"https:\/\/www.facebook.com\/viitanordic\" \/>\n<meta property=\"article:modified_time\" content=\"2022-09-16T16:10:50+00:00\" \/>\n<meta property=\"og:image\" content=\"https:\/\/www.viitanordic.com\/lataukset\/Rug-Kenno-light-grey-top.jpg\" \/>\n\t<meta property=\"og:image:width\" content=\"1920\" \/>\n\t<meta property=\"og:image:height\" content=\"1334\" \/>\n\t<meta property=\"og:image:type\" content=\"image\/jpeg\" \/>\n<meta name=\"twitter:label1\" content=\"Dur\u00e9e de lecture estim\u00e9e\" \/>\n\t<meta name=\"twitter:data1\" content=\"1 minute\" \/>\n<script type=\"application\/ld+json\" class=\"yoast-schema-graph\">{\"@context\":\"https:\/\/schema.org\",\"@graph\":[{\"@type\":\"WebPage\",\"@id\":\"https:\/\/www.viitanordic.com\/fr\/product\/tapis-nordiques-tapis-naturels-fabriques-en-finlande\/tapis-kenno-gris-clair\/\",\"url\":\"https:\/\/www.viitanordic.com\/fr\/product\/tapis-nordiques-tapis-naturels-fabriques-en-finlande\/tapis-kenno-gris-clair\/\",\"name\":\"Tapis Kenno - Tapis Scandinaves - Tapis Nordiques - Fabriqu\u00e9s en Finlande - ViitaNordic\",\"isPartOf\":{\"@id\":\"https:\/\/www.viitanordic.com\/#website\"},\"primaryImageOfPage\":{\"@id\":\"https:\/\/www.viitanordic.com\/fr\/product\/tapis-nordiques-tapis-naturels-fabriques-en-finlande\/tapis-kenno-gris-clair\/#primaryimage\"},\"image\":{\"@id\":\"https:\/\/www.viitanordic.com\/fr\/product\/tapis-nordiques-tapis-naturels-fabriques-en-finlande\/tapis-kenno-gris-clair\/#primaryimage\"},\"thumbnailUrl\":\"https:\/\/www.viitanordic.com\/lataukset\/Rug-Kenno-light-grey-top.jpg\",\"datePublished\":\"2021-12-27T15:08:45+00:00\",\"dateModified\":\"2022-09-16T16:10:50+00:00\",\"description\":\"Kenno est un beau tapis en coton, fils de papier et polyester refl\u00e8tant le style classique. C'est un tapis \u00e9l\u00e9gant qui embellit le d\u00e9cor de chaque pi\u00e8ce.\",\"breadcrumb\":{\"@id\":\"https:\/\/www.viitanordic.com\/fr\/product\/tapis-nordiques-tapis-naturels-fabriques-en-finlande\/tapis-kenno-gris-clair\/#breadcrumb\"},\"inLanguage\":\"fr-FR\",\"potentialAction\":[{\"@type\":\"ReadAction\",\"target\":[\"https:\/\/www.viitanordic.com\/fr\/product\/tapis-nordiques-tapis-naturels-fabriques-en-finlande\/tapis-kenno-gris-clair\/\"]}]},{\"@type\":\"ImageObject\",\"inLanguage\":\"fr-FR\",\"@id\":\"https:\/\/www.viitanordic.com\/fr\/product\/tapis-nordiques-tapis-naturels-fabriques-en-finlande\/tapis-kenno-gris-clair\/#primaryimage\",\"url\":\"https:\/\/www.viitanordic.com\/lataukset\/Rug-Kenno-light-grey-top.jpg\",\"contentUrl\":\"https:\/\/www.viitanordic.com\/lataukset\/Rug-Kenno-light-grey-top.jpg\",\"width\":1920,\"height\":1334,\"caption\":\"Skandinavischer Webteppich Kenno ViitaNordic\"},{\"@type\":\"BreadcrumbList\",\"@id\":\"https:\/\/www.viitanordic.com\/fr\/product\/tapis-nordiques-tapis-naturels-fabriques-en-finlande\/tapis-kenno-gris-clair\/#breadcrumb\",\"itemListElement\":[{\"@type\":\"ListItem\",\"position\":1,\"name\":\"Etusivu\",\"item\":\"https:\/\/www.viitanordic.com\/fr\/\"},{\"@type\":\"ListItem\",\"position\":2,\"name\":\"Tapis Nordiques &#8211; Tapis Scandinaves\",\"item\":\"https:\/\/www.viitanordic.com\/fr\/\"},{\"@type\":\"ListItem\",\"position\":3,\"name\":\"Tapis Kenno\"}]},{\"@type\":\"WebSite\",\"@id\":\"https:\/\/www.viitanordic.com\/#website\",\"url\":\"https:\/\/www.viitanordic.com\/\",\"name\":\"Scandinavian Rugs - Nordic Rugs - Made in Finland \u2013 ViitaNordic\",\"description\":\"Tapis Scandinaves - Tapis Nordiques - Fabriqu\u00e9s en Finlande - ViitaNordic\",\"publisher\":{\"@id\":\"https:\/\/www.viitanordic.com\/#organization\"},\"potentialAction\":[{\"@type\":\"SearchAction\",\"target\":{\"@type\":\"EntryPoint\",\"urlTemplate\":\"https:\/\/www.viitanordic.com\/?s={search_term_string}\"},\"query-input\":{\"@type\":\"PropertyValueSpecification\",\"valueRequired\":true,\"valueName\":\"search_term_string\"}}],\"inLanguage\":\"fr-FR\"},{\"@type\":\"Organization\",\"@id\":\"https:\/\/www.viitanordic.com\/#organization\",\"name\":\"ViitaNordic Oy\",\"url\":\"https:\/\/www.viitanordic.com\/\",\"logo\":{\"@type\":\"ImageObject\",\"inLanguage\":\"fr-FR\",\"@id\":\"https:\/\/www.viitanordic.com\/#\/schema\/logo\/image\/\",\"url\":\"https:\/\/www.viitanordic.com\/lataukset\/logo-viitanordic.png\",\"contentUrl\":\"https:\/\/www.viitanordic.com\/lataukset\/logo-viitanordic.png\",\"width\":720,\"height\":111,\"caption\":\"ViitaNordic Oy\"},\"image\":{\"@id\":\"https:\/\/www.viitanordic.com\/#\/schema\/logo\/image\/\"},\"sameAs\":[\"https:\/\/www.facebook.com\/viitanordic\",\"https:\/\/fi.pinterest.com\/viitanordic\/\"]}]}<\/script>\n<!-- \/ Yoast SEO plugin. -->","yoast_head_json":{"title":"Tapis Kenno - Tapis Scandinaves - Tapis Nordiques - Fabriqu\u00e9s en Finlande - ViitaNordic","description":"Kenno est un beau tapis en coton, fils de papier et polyester refl\u00e8tant le style classique. C'est un tapis \u00e9l\u00e9gant qui embellit le d\u00e9cor de chaque pi\u00e8ce.","robots":{"index":"index","follow":"follow","max-snippet":"max-snippet:-1","max-image-preview":"max-image-preview:large","max-video-preview":"max-video-preview:-1"},"canonical":"https:\/\/www.viitanordic.com\/fr\/product\/tapis-nordiques-tapis-naturels-fabriques-en-finlande\/tapis-kenno-gris-clair\/","og_locale":"fr_FR","og_type":"article","og_title":"Tapis Kenno - Tapis Scandinaves - Tapis Nordiques - Fabriqu\u00e9s en Finlande - ViitaNordic","og_description":"Kenno est un beau tapis en coton, fils de papier et polyester refl\u00e8tant le style classique. C'est un tapis \u00e9l\u00e9gant qui embellit le d\u00e9cor de chaque pi\u00e8ce.","og_url":"https:\/\/www.viitanordic.com\/fr\/product\/tapis-nordiques-tapis-naturels-fabriques-en-finlande\/tapis-kenno-gris-clair\/","og_site_name":"Tapis Scandinaves - Tapis Nordiques - Fabriqu\u00e9s en Finlande - ViitaNordic","article_publisher":"https:\/\/www.facebook.com\/viitanordic","article_modified_time":"2022-09-16T16:10:50+00:00","og_image":[{"width":1920,"height":1334,"url":"https:\/\/www.viitanordic.com\/lataukset\/Rug-Kenno-light-grey-top.jpg","type":"image\/jpeg"}],"twitter_misc":{"Dur\u00e9e de lecture estim\u00e9e":"1 minute"},"schema":{"@context":"https:\/\/schema.org","@graph":[{"@type":"WebPage","@id":"https:\/\/www.viitanordic.com\/fr\/product\/tapis-nordiques-tapis-naturels-fabriques-en-finlande\/tapis-kenno-gris-clair\/","url":"https:\/\/www.viitanordic.com\/fr\/product\/tapis-nordiques-tapis-naturels-fabriques-en-finlande\/tapis-kenno-gris-clair\/","name":"Tapis Kenno - Tapis Scandinaves - Tapis Nordiques - Fabriqu\u00e9s en Finlande - ViitaNordic","isPartOf":{"@id":"https:\/\/www.viitanordic.com\/#website"},"primaryImageOfPage":{"@id":"https:\/\/www.viitanordic.com\/fr\/product\/tapis-nordiques-tapis-naturels-fabriques-en-finlande\/tapis-kenno-gris-clair\/#primaryimage"},"image":{"@id":"https:\/\/www.viitanordic.com\/fr\/product\/tapis-nordiques-tapis-naturels-fabriques-en-finlande\/tapis-kenno-gris-clair\/#primaryimage"},"thumbnailUrl":"https:\/\/www.viitanordic.com\/lataukset\/Rug-Kenno-light-grey-top.jpg","datePublished":"2021-12-27T15:08:45+00:00","dateModified":"2022-09-16T16:10:50+00:00","description":"Kenno est un beau tapis en coton, fils de papier et polyester refl\u00e8tant le style classique. C'est un tapis \u00e9l\u00e9gant qui embellit le d\u00e9cor de chaque pi\u00e8ce.","breadcrumb":{"@id":"https:\/\/www.viitanordic.com\/fr\/product\/tapis-nordiques-tapis-naturels-fabriques-en-finlande\/tapis-kenno-gris-clair\/#breadcrumb"},"inLanguage":"fr-FR","potentialAction":[{"@type":"ReadAction","target":["https:\/\/www.viitanordic.com\/fr\/product\/tapis-nordiques-tapis-naturels-fabriques-en-finlande\/tapis-kenno-gris-clair\/"]}]},{"@type":"ImageObject","inLanguage":"fr-FR","@id":"https:\/\/www.viitanordic.com\/fr\/product\/tapis-nordiques-tapis-naturels-fabriques-en-finlande\/tapis-kenno-gris-clair\/#primaryimage","url":"https:\/\/www.viitanordic.com\/lataukset\/Rug-Kenno-light-grey-top.jpg","contentUrl":"https:\/\/www.viitanordic.com\/lataukset\/Rug-Kenno-light-grey-top.jpg","width":1920,"height":1334,"caption":"Skandinavischer Webteppich Kenno ViitaNordic"},{"@type":"BreadcrumbList","@id":"https:\/\/www.viitanordic.com\/fr\/product\/tapis-nordiques-tapis-naturels-fabriques-en-finlande\/tapis-kenno-gris-clair\/#breadcrumb","itemListElement":[{"@type":"ListItem","position":1,"name":"Etusivu","item":"https:\/\/www.viitanordic.com\/fr\/"},{"@type":"ListItem","position":2,"name":"Tapis Nordiques &#8211; Tapis Scandinaves","item":"https:\/\/www.viitanordic.com\/fr\/"},{"@type":"ListItem","position":3,"name":"Tapis Kenno"}]},{"@type":"WebSite","@id":"https:\/\/www.viitanordic.com\/#website","url":"https:\/\/www.viitanordic.com\/","name":"Scandinavian Rugs - Nordic Rugs - Made in Finland \u2013 ViitaNordic","description":"Tapis Scandinaves - Tapis Nordiques - Fabriqu\u00e9s en Finlande - ViitaNordic","publisher":{"@id":"https:\/\/www.viitanordic.com\/#organization"},"potentialAction":[{"@type":"SearchAction","target":{"@type":"EntryPoint","urlTemplate":"https:\/\/www.viitanordic.com\/?s={search_term_string}"},"query-input":{"@type":"PropertyValueSpecification","valueRequired":true,"valueName":"search_term_string"}}],"inLanguage":"fr-FR"},{"@type":"Organization","@id":"https:\/\/www.viitanordic.com\/#organization","name":"ViitaNordic Oy","url":"https:\/\/www.viitanordic.com\/","logo":{"@type":"ImageObject","inLanguage":"fr-FR","@id":"https:\/\/www.viitanordic.com\/#\/schema\/logo\/image\/","url":"https:\/\/www.viitanordic.com\/lataukset\/logo-viitanordic.png","contentUrl":"https:\/\/www.viitanordic.com\/lataukset\/logo-viitanordic.png","width":720,"height":111,"caption":"ViitaNordic Oy"},"image":{"@id":"https:\/\/www.viitanordic.com\/#\/schema\/logo\/image\/"},"sameAs":["https:\/\/www.facebook.com\/viitanordic","https:\/\/fi.pinterest.com\/viitanordic\/"]}]}},"_links":{"self":[{"href":"https:\/\/www.viitanordic.com\/fr\/wp-json\/wp\/v2\/product\/38919","targetHints":{"allow":["GET"]}}],"collection":[{"href":"https:\/\/www.viitanordic.com\/fr\/wp-json\/wp\/v2\/product"}],"about":[{"href":"https:\/\/www.viitanordic.com\/fr\/wp-json\/wp\/v2\/types\/product"}],"wp:featuredmedia":[{"embeddable":true,"href":"https:\/\/www.viitanordic.com\/fr\/wp-json\/wp\/v2\/media\/38936"}],"wp:attachment":[{"href":"https:\/\/www.viitanordic.com\/fr\/wp-json\/wp\/v2\/media?parent=38919"}],"wp:term":[{"taxonomy":"product_brand","embeddable":true,"href":"https:\/\/www.viitanordic.com\/fr\/wp-json\/wp\/v2\/product_brand?post=38919"},{"taxonomy":"product_cat","embeddable":true,"href":"https:\/\/www.viitanordic.com\/fr\/wp-json\/wp\/v2\/product_cat?post=38919"},{"taxonomy":"product_tag","embeddable":true,"href":"https:\/\/www.viitanordic.com\/fr\/wp-json\/wp\/v2\/product_tag?post=38919"}],"curies":[{"name":"wp","href":"https:\/\/api.w.org\/{rel}","templated":true}]}}