{"id":43615,"date":"2025-01-05T18:40:33","date_gmt":"2025-01-05T16:40:34","guid":{"rendered":"https:\/\/www.viitanordic.com\/?post_type=product&#038;p=43615"},"modified":"2025-01-05T22:47:31","modified_gmt":"2025-01-05T20:47:31","slug":"primavera-design-design-elina-helenius","status":"publish","type":"product","link":"https:\/\/www.viitanordic.com\/fr\/product\/tapis-en-coton-tapis-chiffon-fabriques-en-finlande\/primavera-design-design-elina-helenius\/","title":{"rendered":"Primavera design &#8211; Design Elina Helenius"},"content":{"rendered":"<p>Frais, l\u00e9ger et \u00e9clatant de couleurs joyeuses, le tapis Primarera est comme une brise printani\u00e8re dans votre maison. Primarera apporte de la joie \u00e0 votre quotidien et cr\u00e9e une ambiance chaleureuse autour de vous.<\/p>\n<p>Le tapis est facile \u00e0 manipuler et \u00e0 nettoyer. Il est fabriqu\u00e9 en coton recycl\u00e9, ce qui vous permet de faire un geste pour l\u2019environnement tout en profitant de sa beaut\u00e9. Le tapis Primarera est disponible en six nuances pastel, chacune plus charmante que l\u2019autre.<\/p>\n<p><strong>Marque:<\/strong> VM-Carpet<\/p>\n<p><strong>Mat\u00e9riel:<\/strong> 80% Coton recycl\u00e9, 20% Polyest\u00e8re<\/p>\n<p><strong>Origine:<\/strong> Finlande<\/p>\n<p><strong>Fabrication:<\/strong> Tiss\u00e9<\/p>\n<p><strong>Entretien: <\/strong>Passer l\u2019aspirateur de mani\u00e8re r\u00e9guli\u00e8re. Il est conseill\u00e9 d\u2019enlever la salet\u00e9 imm\u00e9diatement avec une patte humide. Ne pas frotter mais tamponner le tapis.<\/p>\n<p><strong>Nettoyage: <\/strong>Nettoyer le tapis soigneusement \u00e0 l\u2018eau (max. +30\u00baC), avec un d\u00e9tergeant doux et en utilisant une brosse douce. Ne pas immerger le tapis dans l\u2019eau et ne pas frotter le tapis. Rincer le tapis avec beaucoup d\u2019eau et presser l\u2019eau restante hors du tapis. Reformer soigneusement le tapis humide et le laisser s\u00e9cher \u00e0 plat. Ne pas plier le tapis. Nous conseillons un nettoyage professionnel.<\/p>\n","protected":false},"excerpt":{"rendered":"<p>Frais, l\u00e9ger et \u00e9clatant de couleurs joyeuses, le tapis Primarera est comme une brise printani\u00e8re dans votre maison. Primarera apporte de la joie \u00e0 votre quotidien et cr\u00e9e une ambiance chaleureuse autour de vous. Le tapis est facile \u00e0 manipuler et \u00e0 nettoyer. Il est fabriqu\u00e9 en coton recycl\u00e9, ce qui vous permet de faire [\u2026] <a href=\"https:\/\/www.viitanordic.com\/fr\/product\/tapis-en-coton-tapis-chiffon-fabriques-en-finlande\/primavera-design-design-elina-helenius\/\">\u00bb En lire plus<\/a><\/p>\n","protected":false},"featured_media":43621,"template":"","meta":{"_acf_changed":false},"product_brand":[],"product_cat":[191,837],"product_tag":[],"class_list":{"0":"post-43615","1":"product","2":"type-product","3":"status-publish","4":"has-post-thumbnail","6":"product_cat-tapis-en-coton-tapis-chiffon-fabriques-en-finlande","7":"product_cat-tapis-design","9":"first","10":"instock","11":"taxable","12":"shipping-taxable","13":"purchasable","14":"product-type-variable","15":"has-default-attributes"},"acf":[],"yoast_head":"<!-- This site is optimized with the Yoast SEO plugin v25.8 - https:\/\/yoast.com\/wordpress\/plugins\/seo\/ -->\n<title>Primavera design - Design Elina Helenius - ViitaNordic - Tapis Scandinave en laine<\/title>\n<meta name=\"description\" content=\"Beau Tapis scandinave Rae Design Elina Helenius. Tapis nordique fabriqu\u00e9 en Finlande. Livraison gratuite. Tapis en laine . Design scandi.\" \/>\n<meta name=\"robots\" content=\"index, follow, max-snippet:-1, max-image-preview:large, max-video-preview:-1\" \/>\n<link rel=\"canonical\" href=\"https:\/\/www.viitanordic.com\/fr\/product\/tapis-en-laine-tapis-scandinaves\/primavera-design-design-elina-helenius\/\" \/>\n<meta property=\"og:locale\" content=\"fr_FR\" \/>\n<meta property=\"og:type\" content=\"article\" \/>\n<meta property=\"og:title\" content=\"Primavera design - Design Elina Helenius - ViitaNordic - Tapis Scandinave en laine\" \/>\n<meta property=\"og:description\" content=\"Beau Tapis scandinave Rae Design Elina Helenius. Tapis nordique fabriqu\u00e9 en Finlande. Livraison gratuite. Tapis en laine . Design scandi.\" \/>\n<meta property=\"og:url\" content=\"https:\/\/www.viitanordic.com\/fr\/product\/tapis-en-laine-tapis-scandinaves\/primavera-design-design-elina-helenius\/\" \/>\n<meta property=\"og:site_name\" content=\"Tapis Scandinaves - Tapis Nordiques - Fabriqu\u00e9s en Finlande - ViitaNordic\" \/>\n<meta property=\"article:publisher\" content=\"https:\/\/www.facebook.com\/viitanordic\" \/>\n<meta property=\"article:modified_time\" content=\"2025-01-05T20:47:31+00:00\" \/>\n<meta property=\"og:image\" content=\"https:\/\/www.viitanordic.com\/lataukset\/Nordic-Rug-lemmikki-Scandi-Design_color.jpg\" \/>\n\t<meta property=\"og:image:width\" content=\"1920\" \/>\n\t<meta property=\"og:image:height\" content=\"1430\" \/>\n\t<meta property=\"og:image:type\" content=\"image\/jpeg\" \/>\n<meta name=\"twitter:label1\" content=\"Dur\u00e9e de lecture estim\u00e9e\" \/>\n\t<meta name=\"twitter:data1\" content=\"1 minute\" \/>\n<script type=\"application\/ld+json\" class=\"yoast-schema-graph\">{\"@context\":\"https:\/\/schema.org\",\"@graph\":[{\"@type\":\"WebPage\",\"@id\":\"https:\/\/www.viitanordic.com\/fr\/product\/tapis-en-laine-tapis-scandinaves\/primavera-design-design-elina-helenius\/\",\"url\":\"https:\/\/www.viitanordic.com\/fr\/product\/tapis-en-laine-tapis-scandinaves\/primavera-design-design-elina-helenius\/\",\"name\":\"Primavera design - Design Elina Helenius - ViitaNordic - Tapis Scandinave en laine\",\"isPartOf\":{\"@id\":\"https:\/\/www.viitanordic.com\/#website\"},\"primaryImageOfPage\":{\"@id\":\"https:\/\/www.viitanordic.com\/fr\/product\/tapis-en-laine-tapis-scandinaves\/primavera-design-design-elina-helenius\/#primaryimage\"},\"image\":{\"@id\":\"https:\/\/www.viitanordic.com\/fr\/product\/tapis-en-laine-tapis-scandinaves\/primavera-design-design-elina-helenius\/#primaryimage\"},\"thumbnailUrl\":\"https:\/\/www.viitanordic.com\/lataukset\/Nordic-Rug-lemmikki-Scandi-Design-from-Finland.jpg\",\"datePublished\":\"2025-01-05T16:40:34+00:00\",\"dateModified\":\"2025-01-05T20:47:31+00:00\",\"description\":\"Beau Tapis scandinave Rae Design Elina Helenius. Tapis nordique fabriqu\u00e9 en Finlande. Livraison gratuite. Tapis en laine . Design scandi.\",\"breadcrumb\":{\"@id\":\"https:\/\/www.viitanordic.com\/fr\/product\/tapis-en-laine-tapis-scandinaves\/primavera-design-design-elina-helenius\/#breadcrumb\"},\"inLanguage\":\"fr-FR\",\"potentialAction\":[{\"@type\":\"ReadAction\",\"target\":[\"https:\/\/www.viitanordic.com\/fr\/product\/tapis-en-laine-tapis-scandinaves\/primavera-design-design-elina-helenius\/\"]}]},{\"@type\":\"ImageObject\",\"inLanguage\":\"fr-FR\",\"@id\":\"https:\/\/www.viitanordic.com\/fr\/product\/tapis-en-laine-tapis-scandinaves\/primavera-design-design-elina-helenius\/#primaryimage\",\"url\":\"https:\/\/www.viitanordic.com\/lataukset\/Nordic-Rug-lemmikki-Scandi-Design-from-Finland.jpg\",\"contentUrl\":\"https:\/\/www.viitanordic.com\/lataukset\/Nordic-Rug-lemmikki-Scandi-Design-from-Finland.jpg\",\"width\":1920,\"height\":868,\"caption\":\"Scandinavian Rug made in Finland - Nordic Carpet\"},{\"@type\":\"BreadcrumbList\",\"@id\":\"https:\/\/www.viitanordic.com\/fr\/product\/tapis-en-laine-tapis-scandinaves\/primavera-design-design-elina-helenius\/#breadcrumb\",\"itemListElement\":[{\"@type\":\"ListItem\",\"position\":1,\"name\":\"Etusivu\",\"item\":\"https:\/\/www.viitanordic.com\/fr\/\"},{\"@type\":\"ListItem\",\"position\":2,\"name\":\"Tapis Nordiques &#8211; Tapis Scandinaves\",\"item\":\"https:\/\/www.viitanordic.com\/fr\/\"},{\"@type\":\"ListItem\",\"position\":3,\"name\":\"Primavera design &#8211; Design Elina Helenius\"}]},{\"@type\":\"WebSite\",\"@id\":\"https:\/\/www.viitanordic.com\/#website\",\"url\":\"https:\/\/www.viitanordic.com\/\",\"name\":\"Scandinavian Rugs - Nordic Rugs - Made in Finland \u2013 ViitaNordic\",\"description\":\"Tapis Scandinaves - Tapis Nordiques - Fabriqu\u00e9s en Finlande - ViitaNordic\",\"publisher\":{\"@id\":\"https:\/\/www.viitanordic.com\/#organization\"},\"potentialAction\":[{\"@type\":\"SearchAction\",\"target\":{\"@type\":\"EntryPoint\",\"urlTemplate\":\"https:\/\/www.viitanordic.com\/?s={search_term_string}\"},\"query-input\":{\"@type\":\"PropertyValueSpecification\",\"valueRequired\":true,\"valueName\":\"search_term_string\"}}],\"inLanguage\":\"fr-FR\"},{\"@type\":\"Organization\",\"@id\":\"https:\/\/www.viitanordic.com\/#organization\",\"name\":\"ViitaNordic Oy\",\"url\":\"https:\/\/www.viitanordic.com\/\",\"logo\":{\"@type\":\"ImageObject\",\"inLanguage\":\"fr-FR\",\"@id\":\"https:\/\/www.viitanordic.com\/#\/schema\/logo\/image\/\",\"url\":\"https:\/\/www.viitanordic.com\/lataukset\/logo-viitanordic.png\",\"contentUrl\":\"https:\/\/www.viitanordic.com\/lataukset\/logo-viitanordic.png\",\"width\":720,\"height\":111,\"caption\":\"ViitaNordic Oy\"},\"image\":{\"@id\":\"https:\/\/www.viitanordic.com\/#\/schema\/logo\/image\/\"},\"sameAs\":[\"https:\/\/www.facebook.com\/viitanordic\",\"https:\/\/fi.pinterest.com\/viitanordic\/\"]}]}<\/script>\n<!-- \/ Yoast SEO plugin. -->","yoast_head_json":{"title":"Primavera design - Design Elina Helenius - ViitaNordic - Tapis Scandinave en laine","description":"Beau Tapis scandinave Rae Design Elina Helenius. Tapis nordique fabriqu\u00e9 en Finlande. Livraison gratuite. Tapis en laine . Design scandi.","robots":{"index":"index","follow":"follow","max-snippet":"max-snippet:-1","max-image-preview":"max-image-preview:large","max-video-preview":"max-video-preview:-1"},"canonical":"https:\/\/www.viitanordic.com\/fr\/product\/tapis-en-laine-tapis-scandinaves\/primavera-design-design-elina-helenius\/","og_locale":"fr_FR","og_type":"article","og_title":"Primavera design - Design Elina Helenius - ViitaNordic - Tapis Scandinave en laine","og_description":"Beau Tapis scandinave Rae Design Elina Helenius. Tapis nordique fabriqu\u00e9 en Finlande. Livraison gratuite. Tapis en laine . Design scandi.","og_url":"https:\/\/www.viitanordic.com\/fr\/product\/tapis-en-laine-tapis-scandinaves\/primavera-design-design-elina-helenius\/","og_site_name":"Tapis Scandinaves - Tapis Nordiques - Fabriqu\u00e9s en Finlande - ViitaNordic","article_publisher":"https:\/\/www.facebook.com\/viitanordic","article_modified_time":"2025-01-05T20:47:31+00:00","og_image":[{"width":1920,"height":1430,"url":"https:\/\/www.viitanordic.com\/lataukset\/Nordic-Rug-lemmikki-Scandi-Design_color.jpg","type":"image\/jpeg"}],"twitter_misc":{"Dur\u00e9e de lecture estim\u00e9e":"1 minute"},"schema":{"@context":"https:\/\/schema.org","@graph":[{"@type":"WebPage","@id":"https:\/\/www.viitanordic.com\/fr\/product\/tapis-en-laine-tapis-scandinaves\/primavera-design-design-elina-helenius\/","url":"https:\/\/www.viitanordic.com\/fr\/product\/tapis-en-laine-tapis-scandinaves\/primavera-design-design-elina-helenius\/","name":"Primavera design - Design Elina Helenius - ViitaNordic - Tapis Scandinave en laine","isPartOf":{"@id":"https:\/\/www.viitanordic.com\/#website"},"primaryImageOfPage":{"@id":"https:\/\/www.viitanordic.com\/fr\/product\/tapis-en-laine-tapis-scandinaves\/primavera-design-design-elina-helenius\/#primaryimage"},"image":{"@id":"https:\/\/www.viitanordic.com\/fr\/product\/tapis-en-laine-tapis-scandinaves\/primavera-design-design-elina-helenius\/#primaryimage"},"thumbnailUrl":"https:\/\/www.viitanordic.com\/lataukset\/Nordic-Rug-lemmikki-Scandi-Design-from-Finland.jpg","datePublished":"2025-01-05T16:40:34+00:00","dateModified":"2025-01-05T20:47:31+00:00","description":"Beau Tapis scandinave Rae Design Elina Helenius. Tapis nordique fabriqu\u00e9 en Finlande. Livraison gratuite. Tapis en laine . Design scandi.","breadcrumb":{"@id":"https:\/\/www.viitanordic.com\/fr\/product\/tapis-en-laine-tapis-scandinaves\/primavera-design-design-elina-helenius\/#breadcrumb"},"inLanguage":"fr-FR","potentialAction":[{"@type":"ReadAction","target":["https:\/\/www.viitanordic.com\/fr\/product\/tapis-en-laine-tapis-scandinaves\/primavera-design-design-elina-helenius\/"]}]},{"@type":"ImageObject","inLanguage":"fr-FR","@id":"https:\/\/www.viitanordic.com\/fr\/product\/tapis-en-laine-tapis-scandinaves\/primavera-design-design-elina-helenius\/#primaryimage","url":"https:\/\/www.viitanordic.com\/lataukset\/Nordic-Rug-lemmikki-Scandi-Design-from-Finland.jpg","contentUrl":"https:\/\/www.viitanordic.com\/lataukset\/Nordic-Rug-lemmikki-Scandi-Design-from-Finland.jpg","width":1920,"height":868,"caption":"Scandinavian Rug made in Finland - Nordic Carpet"},{"@type":"BreadcrumbList","@id":"https:\/\/www.viitanordic.com\/fr\/product\/tapis-en-laine-tapis-scandinaves\/primavera-design-design-elina-helenius\/#breadcrumb","itemListElement":[{"@type":"ListItem","position":1,"name":"Etusivu","item":"https:\/\/www.viitanordic.com\/fr\/"},{"@type":"ListItem","position":2,"name":"Tapis Nordiques &#8211; Tapis Scandinaves","item":"https:\/\/www.viitanordic.com\/fr\/"},{"@type":"ListItem","position":3,"name":"Primavera design &#8211; Design Elina Helenius"}]},{"@type":"WebSite","@id":"https:\/\/www.viitanordic.com\/#website","url":"https:\/\/www.viitanordic.com\/","name":"Scandinavian Rugs - Nordic Rugs - Made in Finland \u2013 ViitaNordic","description":"Tapis Scandinaves - Tapis Nordiques - Fabriqu\u00e9s en Finlande - ViitaNordic","publisher":{"@id":"https:\/\/www.viitanordic.com\/#organization"},"potentialAction":[{"@type":"SearchAction","target":{"@type":"EntryPoint","urlTemplate":"https:\/\/www.viitanordic.com\/?s={search_term_string}"},"query-input":{"@type":"PropertyValueSpecification","valueRequired":true,"valueName":"search_term_string"}}],"inLanguage":"fr-FR"},{"@type":"Organization","@id":"https:\/\/www.viitanordic.com\/#organization","name":"ViitaNordic Oy","url":"https:\/\/www.viitanordic.com\/","logo":{"@type":"ImageObject","inLanguage":"fr-FR","@id":"https:\/\/www.viitanordic.com\/#\/schema\/logo\/image\/","url":"https:\/\/www.viitanordic.com\/lataukset\/logo-viitanordic.png","contentUrl":"https:\/\/www.viitanordic.com\/lataukset\/logo-viitanordic.png","width":720,"height":111,"caption":"ViitaNordic Oy"},"image":{"@id":"https:\/\/www.viitanordic.com\/#\/schema\/logo\/image\/"},"sameAs":["https:\/\/www.facebook.com\/viitanordic","https:\/\/fi.pinterest.com\/viitanordic\/"]}]}},"_links":{"self":[{"href":"https:\/\/www.viitanordic.com\/fr\/wp-json\/wp\/v2\/product\/43615","targetHints":{"allow":["GET"]}}],"collection":[{"href":"https:\/\/www.viitanordic.com\/fr\/wp-json\/wp\/v2\/product"}],"about":[{"href":"https:\/\/www.viitanordic.com\/fr\/wp-json\/wp\/v2\/types\/product"}],"wp:featuredmedia":[{"embeddable":true,"href":"https:\/\/www.viitanordic.com\/fr\/wp-json\/wp\/v2\/media\/43621"}],"wp:attachment":[{"href":"https:\/\/www.viitanordic.com\/fr\/wp-json\/wp\/v2\/media?parent=43615"}],"wp:term":[{"taxonomy":"product_brand","embeddable":true,"href":"https:\/\/www.viitanordic.com\/fr\/wp-json\/wp\/v2\/product_brand?post=43615"},{"taxonomy":"product_cat","embeddable":true,"href":"https:\/\/www.viitanordic.com\/fr\/wp-json\/wp\/v2\/product_cat?post=43615"},{"taxonomy":"product_tag","embeddable":true,"href":"https:\/\/www.viitanordic.com\/fr\/wp-json\/wp\/v2\/product_tag?post=43615"}],"curies":[{"name":"wp","href":"https:\/\/api.w.org\/{rel}","templated":true}]}}