{"id":43844,"date":"2025-01-06T16:05:26","date_gmt":"2025-01-06T14:05:26","guid":{"rendered":"https:\/\/www.viitanordic.com\/?post_type=product&#038;p=43844"},"modified":"2025-01-06T20:06:42","modified_gmt":"2025-01-06T18:06:42","slug":"naava-design-laura-krekula","status":"publish","type":"product","link":"https:\/\/www.viitanordic.com\/fr\/product\/tapis-design\/naava-design-laura-krekula\/","title":{"rendered":"Naava design Laura Krekula"},"content":{"rendered":"<p>Naava est le design gagnant d\u2019un concours organis\u00e9 en l\u2019honneur du 50e anniversaire de VM Carpet, con\u00e7u par Laura Krekula.<\/p>\n<p>\u00ab L\u2019inspiration pour le tapis Naava provient de souvenirs d\u2019excursions estivales d\u2019enfance avec ma m\u00e8re dans les anciennes for\u00eats de Laponie. De longues m\u00e8ches de lichen suspendues aux branches des arbres \u00e9taient partout. Le spectacle \u00e9tait magique, paisible et magnifique. Le langage visuel du tapis Naava d\u00e9coule de ce souvenir. Les longues tiges du lichen se prolongent au-del\u00e0 des bords du tapis \u00e0 travers les franges, s\u2019\u00e9tendant encore plus loin. Les filaments ondulent doucement dans le vent, racontant silencieusement une histoire. La nature s\u2019invite \u00e0 l\u2019int\u00e9rieur de la maison. \u00bb<\/p>\n<p><strong>Marque:<\/strong> VM-Carpet<\/p>\n<p><strong>Mat\u00e9riel:<\/strong> 98% Laine, 2% Polyest\u00e8re<\/p>\n<p><strong>Origine:<\/strong> Finlande<\/p>\n<p><strong>Fabrication:<\/strong> Tiss\u00e9<\/p>\n<p><strong>Entretien: <\/strong>Passer l\u2019aspirateur de mani\u00e8re r\u00e9guli\u00e8re. Il est conseill\u00e9 d\u2019enlever la salet\u00e9 imm\u00e9diatement avec une patte humide. Ne pas frotter mais tamponner le tapis.<\/p>\n<p><strong>Nettoyage: <\/strong>Nettoyer le tapis soigneusement \u00e0 l\u2018eau (max. +30\u00baC), avec un d\u00e9tergeant doux et en utilisant une brosse douce. Ne pas immerger le tapis dans l\u2019eau et ne pas frotter le tapis. Rincer le tapis avec beaucoup d\u2019eau et presser l\u2019eau restante hors du tapis. Reformer soigneusement le tapis humide et le laisser s\u00e9cher \u00e0 plat. Ne pas plier le tapis. Nous conseillons un nettoyage professionnel.<\/p>\n","protected":false},"excerpt":{"rendered":"<p>Naava est le design gagnant d\u2019un concours organis\u00e9 en l\u2019honneur du 50e anniversaire de VM Carpet, con\u00e7u par Laura Krekula. \u00ab L\u2019inspiration pour le tapis Naava provient de souvenirs d\u2019excursions estivales d\u2019enfance avec ma m\u00e8re dans les anciennes for\u00eats de Laponie. De longues m\u00e8ches de lichen suspendues aux branches des arbres \u00e9taient partout. Le spectacle [\u2026] <a href=\"https:\/\/www.viitanordic.com\/fr\/product\/tapis-design\/naava-design-laura-krekula\/\">\u00bb En lire plus<\/a><\/p>\n","protected":false},"featured_media":43879,"template":"","meta":{"_acf_changed":false},"product_brand":[],"product_cat":[1023,837],"product_tag":[],"class_list":{"0":"post-43844","1":"product","2":"type-product","3":"status-publish","4":"has-post-thumbnail","6":"product_cat-tapis-en-laine-tapis-scandinaves","7":"product_cat-tapis-design","9":"first","10":"instock","11":"taxable","12":"shipping-taxable","13":"purchasable","14":"product-type-variable","15":"has-default-attributes"},"acf":[],"yoast_head":"<!-- This site is optimized with the Yoast SEO plugin v25.8 - https:\/\/yoast.com\/wordpress\/plugins\/seo\/ -->\n<title>Naava design Laura Krekula - ViitaNordic - Tapis Scandinave en laine<\/title>\n<meta name=\"description\" content=\"Beau Tapis scandinave Rae Design Elina Helenius. Tapis nordique fabriqu\u00e9 en Finlande. Livraison gratuite. Tapis en laine . Design scandi.\" \/>\n<meta name=\"robots\" content=\"index, follow, max-snippet:-1, max-image-preview:large, max-video-preview:-1\" \/>\n<link rel=\"canonical\" href=\"https:\/\/www.viitanordic.com\/fr\/product\/tapis-en-laine-tapis-scandinaves\/naava-design-laura-krekula\/\" \/>\n<meta property=\"og:locale\" content=\"fr_FR\" \/>\n<meta property=\"og:type\" content=\"article\" \/>\n<meta property=\"og:title\" content=\"Naava design Laura Krekula - ViitaNordic - Tapis Scandinave en laine\" \/>\n<meta property=\"og:description\" content=\"Beau Tapis scandinave Rae Design Elina Helenius. Tapis nordique fabriqu\u00e9 en Finlande. Livraison gratuite. Tapis en laine . Design scandi.\" \/>\n<meta property=\"og:url\" content=\"https:\/\/www.viitanordic.com\/fr\/product\/tapis-en-laine-tapis-scandinaves\/naava-design-laura-krekula\/\" \/>\n<meta property=\"og:site_name\" content=\"Tapis Scandinaves - Tapis Nordiques - Fabriqu\u00e9s en Finlande - ViitaNordic\" \/>\n<meta property=\"article:publisher\" content=\"https:\/\/www.facebook.com\/viitanordic\" \/>\n<meta property=\"article:modified_time\" content=\"2025-01-06T18:06:42+00:00\" \/>\n<meta property=\"og:image\" content=\"https:\/\/www.viitanordic.com\/lataukset\/Finnish-Wool-Rug_Scandi-Design_new.png\" \/>\n\t<meta property=\"og:image:width\" content=\"640\" \/>\n\t<meta property=\"og:image:height\" content=\"390\" \/>\n\t<meta property=\"og:image:type\" content=\"image\/png\" \/>\n<meta name=\"twitter:label1\" content=\"Dur\u00e9e de lecture estim\u00e9e\" \/>\n\t<meta name=\"twitter:data1\" content=\"2 minutes\" \/>\n<script type=\"application\/ld+json\" class=\"yoast-schema-graph\">{\"@context\":\"https:\/\/schema.org\",\"@graph\":[{\"@type\":\"WebPage\",\"@id\":\"https:\/\/www.viitanordic.com\/fr\/product\/tapis-en-laine-tapis-scandinaves\/naava-design-laura-krekula\/\",\"url\":\"https:\/\/www.viitanordic.com\/fr\/product\/tapis-en-laine-tapis-scandinaves\/naava-design-laura-krekula\/\",\"name\":\"Naava design Laura Krekula - ViitaNordic - Tapis Scandinave en laine\",\"isPartOf\":{\"@id\":\"https:\/\/www.viitanordic.com\/#website\"},\"primaryImageOfPage\":{\"@id\":\"https:\/\/www.viitanordic.com\/fr\/product\/tapis-en-laine-tapis-scandinaves\/naava-design-laura-krekula\/#primaryimage\"},\"image\":{\"@id\":\"https:\/\/www.viitanordic.com\/fr\/product\/tapis-en-laine-tapis-scandinaves\/naava-design-laura-krekula\/#primaryimage\"},\"thumbnailUrl\":\"https:\/\/www.viitanordic.com\/lataukset\/Finnish-Wool-Rug_Scandi-Design_new.png\",\"datePublished\":\"2025-01-06T14:05:26+00:00\",\"dateModified\":\"2025-01-06T18:06:42+00:00\",\"description\":\"Beau Tapis scandinave Rae Design Elina Helenius. Tapis nordique fabriqu\u00e9 en Finlande. Livraison gratuite. Tapis en laine . Design scandi.\",\"breadcrumb\":{\"@id\":\"https:\/\/www.viitanordic.com\/fr\/product\/tapis-en-laine-tapis-scandinaves\/naava-design-laura-krekula\/#breadcrumb\"},\"inLanguage\":\"fr-FR\",\"potentialAction\":[{\"@type\":\"ReadAction\",\"target\":[\"https:\/\/www.viitanordic.com\/fr\/product\/tapis-en-laine-tapis-scandinaves\/naava-design-laura-krekula\/\"]}]},{\"@type\":\"ImageObject\",\"inLanguage\":\"fr-FR\",\"@id\":\"https:\/\/www.viitanordic.com\/fr\/product\/tapis-en-laine-tapis-scandinaves\/naava-design-laura-krekula\/#primaryimage\",\"url\":\"https:\/\/www.viitanordic.com\/lataukset\/Finnish-Wool-Rug_Scandi-Design_new.png\",\"contentUrl\":\"https:\/\/www.viitanordic.com\/lataukset\/Finnish-Wool-Rug_Scandi-Design_new.png\",\"width\":1920,\"height\":1171,\"caption\":\"Scandinavian Rug made in Finland - Nordic Carpet - Finnish Design\"},{\"@type\":\"BreadcrumbList\",\"@id\":\"https:\/\/www.viitanordic.com\/fr\/product\/tapis-en-laine-tapis-scandinaves\/naava-design-laura-krekula\/#breadcrumb\",\"itemListElement\":[{\"@type\":\"ListItem\",\"position\":1,\"name\":\"Etusivu\",\"item\":\"https:\/\/www.viitanordic.com\/fr\/\"},{\"@type\":\"ListItem\",\"position\":2,\"name\":\"Tapis Nordiques &#8211; Tapis Scandinaves\",\"item\":\"https:\/\/www.viitanordic.com\/fr\/\"},{\"@type\":\"ListItem\",\"position\":3,\"name\":\"Naava design Laura Krekula\"}]},{\"@type\":\"WebSite\",\"@id\":\"https:\/\/www.viitanordic.com\/#website\",\"url\":\"https:\/\/www.viitanordic.com\/\",\"name\":\"Scandinavian Rugs - Nordic Rugs - Made in Finland \u2013 ViitaNordic\",\"description\":\"Tapis Scandinaves - Tapis Nordiques - Fabriqu\u00e9s en Finlande - ViitaNordic\",\"publisher\":{\"@id\":\"https:\/\/www.viitanordic.com\/#organization\"},\"potentialAction\":[{\"@type\":\"SearchAction\",\"target\":{\"@type\":\"EntryPoint\",\"urlTemplate\":\"https:\/\/www.viitanordic.com\/?s={search_term_string}\"},\"query-input\":{\"@type\":\"PropertyValueSpecification\",\"valueRequired\":true,\"valueName\":\"search_term_string\"}}],\"inLanguage\":\"fr-FR\"},{\"@type\":\"Organization\",\"@id\":\"https:\/\/www.viitanordic.com\/#organization\",\"name\":\"ViitaNordic Oy\",\"url\":\"https:\/\/www.viitanordic.com\/\",\"logo\":{\"@type\":\"ImageObject\",\"inLanguage\":\"fr-FR\",\"@id\":\"https:\/\/www.viitanordic.com\/#\/schema\/logo\/image\/\",\"url\":\"https:\/\/www.viitanordic.com\/lataukset\/logo-viitanordic.png\",\"contentUrl\":\"https:\/\/www.viitanordic.com\/lataukset\/logo-viitanordic.png\",\"width\":720,\"height\":111,\"caption\":\"ViitaNordic Oy\"},\"image\":{\"@id\":\"https:\/\/www.viitanordic.com\/#\/schema\/logo\/image\/\"},\"sameAs\":[\"https:\/\/www.facebook.com\/viitanordic\",\"https:\/\/fi.pinterest.com\/viitanordic\/\"]}]}<\/script>\n<!-- \/ Yoast SEO plugin. -->","yoast_head_json":{"title":"Naava design Laura Krekula - ViitaNordic - Tapis Scandinave en laine","description":"Beau Tapis scandinave Rae Design Elina Helenius. Tapis nordique fabriqu\u00e9 en Finlande. Livraison gratuite. Tapis en laine . Design scandi.","robots":{"index":"index","follow":"follow","max-snippet":"max-snippet:-1","max-image-preview":"max-image-preview:large","max-video-preview":"max-video-preview:-1"},"canonical":"https:\/\/www.viitanordic.com\/fr\/product\/tapis-en-laine-tapis-scandinaves\/naava-design-laura-krekula\/","og_locale":"fr_FR","og_type":"article","og_title":"Naava design Laura Krekula - ViitaNordic - Tapis Scandinave en laine","og_description":"Beau Tapis scandinave Rae Design Elina Helenius. Tapis nordique fabriqu\u00e9 en Finlande. Livraison gratuite. Tapis en laine . Design scandi.","og_url":"https:\/\/www.viitanordic.com\/fr\/product\/tapis-en-laine-tapis-scandinaves\/naava-design-laura-krekula\/","og_site_name":"Tapis Scandinaves - Tapis Nordiques - Fabriqu\u00e9s en Finlande - ViitaNordic","article_publisher":"https:\/\/www.facebook.com\/viitanordic","article_modified_time":"2025-01-06T18:06:42+00:00","og_image":[{"url":"https:\/\/www.viitanordic.com\/lataukset\/Finnish-Wool-Rug_Scandi-Design_new.png","width":640,"height":390,"type":"image\/png"}],"twitter_misc":{"Dur\u00e9e de lecture estim\u00e9e":"2 minutes"},"schema":{"@context":"https:\/\/schema.org","@graph":[{"@type":"WebPage","@id":"https:\/\/www.viitanordic.com\/fr\/product\/tapis-en-laine-tapis-scandinaves\/naava-design-laura-krekula\/","url":"https:\/\/www.viitanordic.com\/fr\/product\/tapis-en-laine-tapis-scandinaves\/naava-design-laura-krekula\/","name":"Naava design Laura Krekula - ViitaNordic - Tapis Scandinave en laine","isPartOf":{"@id":"https:\/\/www.viitanordic.com\/#website"},"primaryImageOfPage":{"@id":"https:\/\/www.viitanordic.com\/fr\/product\/tapis-en-laine-tapis-scandinaves\/naava-design-laura-krekula\/#primaryimage"},"image":{"@id":"https:\/\/www.viitanordic.com\/fr\/product\/tapis-en-laine-tapis-scandinaves\/naava-design-laura-krekula\/#primaryimage"},"thumbnailUrl":"https:\/\/www.viitanordic.com\/lataukset\/Finnish-Wool-Rug_Scandi-Design_new.png","datePublished":"2025-01-06T14:05:26+00:00","dateModified":"2025-01-06T18:06:42+00:00","description":"Beau Tapis scandinave Rae Design Elina Helenius. Tapis nordique fabriqu\u00e9 en Finlande. Livraison gratuite. Tapis en laine . Design scandi.","breadcrumb":{"@id":"https:\/\/www.viitanordic.com\/fr\/product\/tapis-en-laine-tapis-scandinaves\/naava-design-laura-krekula\/#breadcrumb"},"inLanguage":"fr-FR","potentialAction":[{"@type":"ReadAction","target":["https:\/\/www.viitanordic.com\/fr\/product\/tapis-en-laine-tapis-scandinaves\/naava-design-laura-krekula\/"]}]},{"@type":"ImageObject","inLanguage":"fr-FR","@id":"https:\/\/www.viitanordic.com\/fr\/product\/tapis-en-laine-tapis-scandinaves\/naava-design-laura-krekula\/#primaryimage","url":"https:\/\/www.viitanordic.com\/lataukset\/Finnish-Wool-Rug_Scandi-Design_new.png","contentUrl":"https:\/\/www.viitanordic.com\/lataukset\/Finnish-Wool-Rug_Scandi-Design_new.png","width":1920,"height":1171,"caption":"Scandinavian Rug made in Finland - Nordic Carpet - Finnish Design"},{"@type":"BreadcrumbList","@id":"https:\/\/www.viitanordic.com\/fr\/product\/tapis-en-laine-tapis-scandinaves\/naava-design-laura-krekula\/#breadcrumb","itemListElement":[{"@type":"ListItem","position":1,"name":"Etusivu","item":"https:\/\/www.viitanordic.com\/fr\/"},{"@type":"ListItem","position":2,"name":"Tapis Nordiques &#8211; Tapis Scandinaves","item":"https:\/\/www.viitanordic.com\/fr\/"},{"@type":"ListItem","position":3,"name":"Naava design Laura Krekula"}]},{"@type":"WebSite","@id":"https:\/\/www.viitanordic.com\/#website","url":"https:\/\/www.viitanordic.com\/","name":"Scandinavian Rugs - Nordic Rugs - Made in Finland \u2013 ViitaNordic","description":"Tapis Scandinaves - Tapis Nordiques - Fabriqu\u00e9s en Finlande - ViitaNordic","publisher":{"@id":"https:\/\/www.viitanordic.com\/#organization"},"potentialAction":[{"@type":"SearchAction","target":{"@type":"EntryPoint","urlTemplate":"https:\/\/www.viitanordic.com\/?s={search_term_string}"},"query-input":{"@type":"PropertyValueSpecification","valueRequired":true,"valueName":"search_term_string"}}],"inLanguage":"fr-FR"},{"@type":"Organization","@id":"https:\/\/www.viitanordic.com\/#organization","name":"ViitaNordic Oy","url":"https:\/\/www.viitanordic.com\/","logo":{"@type":"ImageObject","inLanguage":"fr-FR","@id":"https:\/\/www.viitanordic.com\/#\/schema\/logo\/image\/","url":"https:\/\/www.viitanordic.com\/lataukset\/logo-viitanordic.png","contentUrl":"https:\/\/www.viitanordic.com\/lataukset\/logo-viitanordic.png","width":720,"height":111,"caption":"ViitaNordic Oy"},"image":{"@id":"https:\/\/www.viitanordic.com\/#\/schema\/logo\/image\/"},"sameAs":["https:\/\/www.facebook.com\/viitanordic","https:\/\/fi.pinterest.com\/viitanordic\/"]}]}},"_links":{"self":[{"href":"https:\/\/www.viitanordic.com\/fr\/wp-json\/wp\/v2\/product\/43844","targetHints":{"allow":["GET"]}}],"collection":[{"href":"https:\/\/www.viitanordic.com\/fr\/wp-json\/wp\/v2\/product"}],"about":[{"href":"https:\/\/www.viitanordic.com\/fr\/wp-json\/wp\/v2\/types\/product"}],"wp:featuredmedia":[{"embeddable":true,"href":"https:\/\/www.viitanordic.com\/fr\/wp-json\/wp\/v2\/media\/43879"}],"wp:attachment":[{"href":"https:\/\/www.viitanordic.com\/fr\/wp-json\/wp\/v2\/media?parent=43844"}],"wp:term":[{"taxonomy":"product_brand","embeddable":true,"href":"https:\/\/www.viitanordic.com\/fr\/wp-json\/wp\/v2\/product_brand?post=43844"},{"taxonomy":"product_cat","embeddable":true,"href":"https:\/\/www.viitanordic.com\/fr\/wp-json\/wp\/v2\/product_cat?post=43844"},{"taxonomy":"product_tag","embeddable":true,"href":"https:\/\/www.viitanordic.com\/fr\/wp-json\/wp\/v2\/product_tag?post=43844"}],"curies":[{"name":"wp","href":"https:\/\/api.w.org\/{rel}","templated":true}]}}