{"id":44159,"date":"2025-01-11T22:56:57","date_gmt":"2025-01-11T20:56:58","guid":{"rendered":"https:\/\/www.viitanordic.com\/?post_type=product&#038;p=44159"},"modified":"2025-01-11T23:02:27","modified_gmt":"2025-01-11T21:02:27","slug":"kuura-greige","status":"publish","type":"product","link":"https:\/\/www.viitanordic.com\/fr\/product\/tapis-en-laine-tapis-scandinaves\/kuura-greige\/","title":{"rendered":"Kuura"},"content":{"rendered":"<p>Le tapis Kuura, en laine 100 % naturelle, allie confort et \u00e9l\u00e9gance pour sublimer votre int\u00e9rieur. Sa texture douce et chaleureuse apporte un bien-\u00eatre incomparable sous vos pieds. Disponible en deux teintes intemporelles, blanc et greige, il s\u2019int\u00e8gre parfaitement \u00e0 tout style de d\u00e9coration.<\/p>\n<p>Son bord finement ruban\u00e9 ajoute une touche de sophistication, tandis que son dos antid\u00e9rapant EVAPOLYTEX\u00ae assure stabilit\u00e9 et durabilit\u00e9. Compatible avec tous les types de sols, m\u00eame chauffants, ce tapis innovant est con\u00e7u pour respecter votre int\u00e9rieur : il est sans odeur, ne laisse aucune trace et est enti\u00e8rement recyclable.<\/p>\n<p>Adoptez l\u2019\u00e9l\u00e9gance naturelle du tapis Hehku et transformez chaque pas en un pur moment de plaisir.<\/p>\n<p><strong>Marque:<\/strong> VM-Carpet<\/p>\n<p><strong>Mat\u00e9riel:<\/strong> 100% Laine<\/p>\n<p><strong>Origine:<\/strong> Union Europ\u00e9enne; revers fabriqu\u00e9 en Finlande<\/p>\n<p><strong>Revers:<\/strong> Le revers synth\u00e9tique est anti-glissant et rend le tapis plus stable. Le revers convient \u00e9galement aux sols avec chauffage. Il est inodore, recyclable, ne laisse pas de traces et ne g\u00e9n\u00e8re pas de poussi\u00e8re.<\/p>\n<p><strong>Entretien: <\/strong>Passer l\u2019aspirateur de mani\u00e8re r\u00e9guli\u00e8re. Il est conseill\u00e9 d\u2019enlever la salet\u00e9 imm\u00e9diatement avec une patte humide. Ne pas frotter mais tamponner le tapis.<\/p>\n<p><strong>Nettoyage: <\/strong>Nettoyer\u00a0le tapis soigneusement \u00e0 l\u2018eau (max. +30\u00baC), avec un d\u00e9tergeant doux et en utilisant une brosse douce. Ne pas immerger le tapis dans l\u2019eau et ne pas frotter le tapis. Rincer le tapis avec beaucoup d\u2019eau et presser l\u2019eau restante hors du tapis. Reformer soigneusement le tapis humide et le laisser s\u00e9cher \u00e0 plat. Ne pas plier le tapis. Nous conseillons un nettoyage professionnel.<\/p>\n","protected":false},"excerpt":{"rendered":"<p>Le tapis Kuura, en laine 100 % naturelle, allie confort et \u00e9l\u00e9gance pour sublimer votre int\u00e9rieur. Sa texture douce et chaleureuse apporte un bien-\u00eatre incomparable sous vos pieds. Disponible en deux teintes intemporelles, blanc et greige, il s\u2019int\u00e8gre parfaitement \u00e0 tout style de d\u00e9coration. Son bord finement ruban\u00e9 ajoute une touche de sophistication, tandis que [\u2026] <a href=\"https:\/\/www.viitanordic.com\/fr\/product\/tapis-en-laine-tapis-scandinaves\/kuura-greige\/\">\u00bb En lire plus<\/a><\/p>\n","protected":false},"featured_media":44201,"template":"","meta":{"_acf_changed":false},"product_brand":[],"product_cat":[1023],"product_tag":[],"class_list":{"0":"post-44159","1":"product","2":"type-product","3":"status-publish","4":"has-post-thumbnail","6":"product_cat-tapis-en-laine-tapis-scandinaves","8":"first","9":"instock","10":"taxable","11":"shipping-taxable","12":"purchasable","13":"product-type-variable","14":"has-default-attributes"},"acf":[],"yoast_head":"<!-- This site is optimized with the Yoast SEO plugin v25.8 - https:\/\/yoast.com\/wordpress\/plugins\/seo\/ -->\n<title>Kuura - Tapis Scandinaves - Tapis Nordiques - Fabriqu\u00e9s en Finlande - ViitaNordic<\/title>\n<meta name=\"description\" content=\"Doux tapis shaggy pour la chambre \u00e0 coucher ou le salon. Disponible en vert ou en rouge et en diff\u00e9rentes tailles. Taille personalis\u00e9e possible.\" \/>\n<meta name=\"robots\" content=\"index, follow, max-snippet:-1, max-image-preview:large, max-video-preview:-1\" \/>\n<link rel=\"canonical\" href=\"https:\/\/www.viitanordic.com\/fr\/product\/tapis-en-laine-tapis-scandinaves\/kuura-greige\/\" \/>\n<meta property=\"og:locale\" content=\"fr_FR\" \/>\n<meta property=\"og:type\" content=\"article\" \/>\n<meta property=\"og:title\" content=\"Kuura - Tapis Scandinaves - Tapis Nordiques - Fabriqu\u00e9s en Finlande - ViitaNordic\" \/>\n<meta property=\"og:description\" content=\"Doux tapis shaggy pour la chambre \u00e0 coucher ou le salon. Disponible en vert ou en rouge et en diff\u00e9rentes tailles. Taille personalis\u00e9e possible.\" \/>\n<meta property=\"og:url\" content=\"https:\/\/www.viitanordic.com\/fr\/product\/tapis-en-laine-tapis-scandinaves\/kuura-greige\/\" \/>\n<meta property=\"og:site_name\" content=\"Tapis Scandinaves - Tapis Nordiques - Fabriqu\u00e9s en Finlande - ViitaNordic\" \/>\n<meta property=\"article:publisher\" content=\"https:\/\/www.facebook.com\/viitanordic\" \/>\n<meta property=\"article:modified_time\" content=\"2025-01-11T21:02:27+00:00\" \/>\n<meta property=\"og:image\" content=\"https:\/\/www.viitanordic.com\/lataukset\/Nordic-Scandi-rug-Kuura-Made-in-Finland.jpg\" \/>\n\t<meta property=\"og:image:width\" content=\"1920\" \/>\n\t<meta property=\"og:image:height\" content=\"1310\" \/>\n\t<meta property=\"og:image:type\" content=\"image\/jpeg\" \/>\n<meta name=\"twitter:label1\" content=\"Dur\u00e9e de lecture estim\u00e9e\" \/>\n\t<meta name=\"twitter:data1\" content=\"2 minutes\" \/>\n<script type=\"application\/ld+json\" class=\"yoast-schema-graph\">{\"@context\":\"https:\/\/schema.org\",\"@graph\":[{\"@type\":\"WebPage\",\"@id\":\"https:\/\/www.viitanordic.com\/fr\/product\/tapis-en-laine-tapis-scandinaves\/kuura-greige\/\",\"url\":\"https:\/\/www.viitanordic.com\/fr\/product\/tapis-en-laine-tapis-scandinaves\/kuura-greige\/\",\"name\":\"Kuura - Tapis Scandinaves - Tapis Nordiques - Fabriqu\u00e9s en Finlande - ViitaNordic\",\"isPartOf\":{\"@id\":\"https:\/\/www.viitanordic.com\/#website\"},\"primaryImageOfPage\":{\"@id\":\"https:\/\/www.viitanordic.com\/fr\/product\/tapis-en-laine-tapis-scandinaves\/kuura-greige\/#primaryimage\"},\"image\":{\"@id\":\"https:\/\/www.viitanordic.com\/fr\/product\/tapis-en-laine-tapis-scandinaves\/kuura-greige\/#primaryimage\"},\"thumbnailUrl\":\"https:\/\/www.viitanordic.com\/lataukset\/Nordic-Scandi-rug-Kuura-Made-in-Finland.jpg\",\"datePublished\":\"2025-01-11T20:56:58+00:00\",\"dateModified\":\"2025-01-11T21:02:27+00:00\",\"description\":\"Doux tapis shaggy pour la chambre \u00e0 coucher ou le salon. Disponible en vert ou en rouge et en diff\u00e9rentes tailles. Taille personalis\u00e9e possible.\",\"breadcrumb\":{\"@id\":\"https:\/\/www.viitanordic.com\/fr\/product\/tapis-en-laine-tapis-scandinaves\/kuura-greige\/#breadcrumb\"},\"inLanguage\":\"fr-FR\",\"potentialAction\":[{\"@type\":\"ReadAction\",\"target\":[\"https:\/\/www.viitanordic.com\/fr\/product\/tapis-en-laine-tapis-scandinaves\/kuura-greige\/\"]}]},{\"@type\":\"ImageObject\",\"inLanguage\":\"fr-FR\",\"@id\":\"https:\/\/www.viitanordic.com\/fr\/product\/tapis-en-laine-tapis-scandinaves\/kuura-greige\/#primaryimage\",\"url\":\"https:\/\/www.viitanordic.com\/lataukset\/Nordic-Scandi-rug-Kuura-Made-in-Finland.jpg\",\"contentUrl\":\"https:\/\/www.viitanordic.com\/lataukset\/Nordic-Scandi-rug-Kuura-Made-in-Finland.jpg\",\"width\":1920,\"height\":1310,\"caption\":\"Scandinavian Rug made in Finland - Nordic Carpet - Finnish Design\"},{\"@type\":\"BreadcrumbList\",\"@id\":\"https:\/\/www.viitanordic.com\/fr\/product\/tapis-en-laine-tapis-scandinaves\/kuura-greige\/#breadcrumb\",\"itemListElement\":[{\"@type\":\"ListItem\",\"position\":1,\"name\":\"Etusivu\",\"item\":\"https:\/\/www.viitanordic.com\/fr\/\"},{\"@type\":\"ListItem\",\"position\":2,\"name\":\"Tapis Nordiques &#8211; Tapis Scandinaves\",\"item\":\"https:\/\/www.viitanordic.com\/fr\/\"},{\"@type\":\"ListItem\",\"position\":3,\"name\":\"Kuura\"}]},{\"@type\":\"WebSite\",\"@id\":\"https:\/\/www.viitanordic.com\/#website\",\"url\":\"https:\/\/www.viitanordic.com\/\",\"name\":\"Scandinavian Rugs - Nordic Rugs - Made in Finland \u2013 ViitaNordic\",\"description\":\"Tapis Scandinaves - Tapis Nordiques - Fabriqu\u00e9s en Finlande - ViitaNordic\",\"publisher\":{\"@id\":\"https:\/\/www.viitanordic.com\/#organization\"},\"potentialAction\":[{\"@type\":\"SearchAction\",\"target\":{\"@type\":\"EntryPoint\",\"urlTemplate\":\"https:\/\/www.viitanordic.com\/?s={search_term_string}\"},\"query-input\":{\"@type\":\"PropertyValueSpecification\",\"valueRequired\":true,\"valueName\":\"search_term_string\"}}],\"inLanguage\":\"fr-FR\"},{\"@type\":\"Organization\",\"@id\":\"https:\/\/www.viitanordic.com\/#organization\",\"name\":\"ViitaNordic Oy\",\"url\":\"https:\/\/www.viitanordic.com\/\",\"logo\":{\"@type\":\"ImageObject\",\"inLanguage\":\"fr-FR\",\"@id\":\"https:\/\/www.viitanordic.com\/#\/schema\/logo\/image\/\",\"url\":\"https:\/\/www.viitanordic.com\/lataukset\/logo-viitanordic.png\",\"contentUrl\":\"https:\/\/www.viitanordic.com\/lataukset\/logo-viitanordic.png\",\"width\":720,\"height\":111,\"caption\":\"ViitaNordic Oy\"},\"image\":{\"@id\":\"https:\/\/www.viitanordic.com\/#\/schema\/logo\/image\/\"},\"sameAs\":[\"https:\/\/www.facebook.com\/viitanordic\",\"https:\/\/fi.pinterest.com\/viitanordic\/\"]}]}<\/script>\n<!-- \/ Yoast SEO plugin. -->","yoast_head_json":{"title":"Kuura - Tapis Scandinaves - Tapis Nordiques - Fabriqu\u00e9s en Finlande - ViitaNordic","description":"Doux tapis shaggy pour la chambre \u00e0 coucher ou le salon. Disponible en vert ou en rouge et en diff\u00e9rentes tailles. Taille personalis\u00e9e possible.","robots":{"index":"index","follow":"follow","max-snippet":"max-snippet:-1","max-image-preview":"max-image-preview:large","max-video-preview":"max-video-preview:-1"},"canonical":"https:\/\/www.viitanordic.com\/fr\/product\/tapis-en-laine-tapis-scandinaves\/kuura-greige\/","og_locale":"fr_FR","og_type":"article","og_title":"Kuura - Tapis Scandinaves - Tapis Nordiques - Fabriqu\u00e9s en Finlande - ViitaNordic","og_description":"Doux tapis shaggy pour la chambre \u00e0 coucher ou le salon. Disponible en vert ou en rouge et en diff\u00e9rentes tailles. Taille personalis\u00e9e possible.","og_url":"https:\/\/www.viitanordic.com\/fr\/product\/tapis-en-laine-tapis-scandinaves\/kuura-greige\/","og_site_name":"Tapis Scandinaves - Tapis Nordiques - Fabriqu\u00e9s en Finlande - ViitaNordic","article_publisher":"https:\/\/www.facebook.com\/viitanordic","article_modified_time":"2025-01-11T21:02:27+00:00","og_image":[{"width":1920,"height":1310,"url":"https:\/\/www.viitanordic.com\/lataukset\/Nordic-Scandi-rug-Kuura-Made-in-Finland.jpg","type":"image\/jpeg"}],"twitter_misc":{"Dur\u00e9e de lecture estim\u00e9e":"2 minutes"},"schema":{"@context":"https:\/\/schema.org","@graph":[{"@type":"WebPage","@id":"https:\/\/www.viitanordic.com\/fr\/product\/tapis-en-laine-tapis-scandinaves\/kuura-greige\/","url":"https:\/\/www.viitanordic.com\/fr\/product\/tapis-en-laine-tapis-scandinaves\/kuura-greige\/","name":"Kuura - Tapis Scandinaves - Tapis Nordiques - Fabriqu\u00e9s en Finlande - ViitaNordic","isPartOf":{"@id":"https:\/\/www.viitanordic.com\/#website"},"primaryImageOfPage":{"@id":"https:\/\/www.viitanordic.com\/fr\/product\/tapis-en-laine-tapis-scandinaves\/kuura-greige\/#primaryimage"},"image":{"@id":"https:\/\/www.viitanordic.com\/fr\/product\/tapis-en-laine-tapis-scandinaves\/kuura-greige\/#primaryimage"},"thumbnailUrl":"https:\/\/www.viitanordic.com\/lataukset\/Nordic-Scandi-rug-Kuura-Made-in-Finland.jpg","datePublished":"2025-01-11T20:56:58+00:00","dateModified":"2025-01-11T21:02:27+00:00","description":"Doux tapis shaggy pour la chambre \u00e0 coucher ou le salon. Disponible en vert ou en rouge et en diff\u00e9rentes tailles. Taille personalis\u00e9e possible.","breadcrumb":{"@id":"https:\/\/www.viitanordic.com\/fr\/product\/tapis-en-laine-tapis-scandinaves\/kuura-greige\/#breadcrumb"},"inLanguage":"fr-FR","potentialAction":[{"@type":"ReadAction","target":["https:\/\/www.viitanordic.com\/fr\/product\/tapis-en-laine-tapis-scandinaves\/kuura-greige\/"]}]},{"@type":"ImageObject","inLanguage":"fr-FR","@id":"https:\/\/www.viitanordic.com\/fr\/product\/tapis-en-laine-tapis-scandinaves\/kuura-greige\/#primaryimage","url":"https:\/\/www.viitanordic.com\/lataukset\/Nordic-Scandi-rug-Kuura-Made-in-Finland.jpg","contentUrl":"https:\/\/www.viitanordic.com\/lataukset\/Nordic-Scandi-rug-Kuura-Made-in-Finland.jpg","width":1920,"height":1310,"caption":"Scandinavian Rug made in Finland - Nordic Carpet - Finnish Design"},{"@type":"BreadcrumbList","@id":"https:\/\/www.viitanordic.com\/fr\/product\/tapis-en-laine-tapis-scandinaves\/kuura-greige\/#breadcrumb","itemListElement":[{"@type":"ListItem","position":1,"name":"Etusivu","item":"https:\/\/www.viitanordic.com\/fr\/"},{"@type":"ListItem","position":2,"name":"Tapis Nordiques &#8211; Tapis Scandinaves","item":"https:\/\/www.viitanordic.com\/fr\/"},{"@type":"ListItem","position":3,"name":"Kuura"}]},{"@type":"WebSite","@id":"https:\/\/www.viitanordic.com\/#website","url":"https:\/\/www.viitanordic.com\/","name":"Scandinavian Rugs - Nordic Rugs - Made in Finland \u2013 ViitaNordic","description":"Tapis Scandinaves - Tapis Nordiques - Fabriqu\u00e9s en Finlande - ViitaNordic","publisher":{"@id":"https:\/\/www.viitanordic.com\/#organization"},"potentialAction":[{"@type":"SearchAction","target":{"@type":"EntryPoint","urlTemplate":"https:\/\/www.viitanordic.com\/?s={search_term_string}"},"query-input":{"@type":"PropertyValueSpecification","valueRequired":true,"valueName":"search_term_string"}}],"inLanguage":"fr-FR"},{"@type":"Organization","@id":"https:\/\/www.viitanordic.com\/#organization","name":"ViitaNordic Oy","url":"https:\/\/www.viitanordic.com\/","logo":{"@type":"ImageObject","inLanguage":"fr-FR","@id":"https:\/\/www.viitanordic.com\/#\/schema\/logo\/image\/","url":"https:\/\/www.viitanordic.com\/lataukset\/logo-viitanordic.png","contentUrl":"https:\/\/www.viitanordic.com\/lataukset\/logo-viitanordic.png","width":720,"height":111,"caption":"ViitaNordic Oy"},"image":{"@id":"https:\/\/www.viitanordic.com\/#\/schema\/logo\/image\/"},"sameAs":["https:\/\/www.facebook.com\/viitanordic","https:\/\/fi.pinterest.com\/viitanordic\/"]}]}},"_links":{"self":[{"href":"https:\/\/www.viitanordic.com\/fr\/wp-json\/wp\/v2\/product\/44159","targetHints":{"allow":["GET"]}}],"collection":[{"href":"https:\/\/www.viitanordic.com\/fr\/wp-json\/wp\/v2\/product"}],"about":[{"href":"https:\/\/www.viitanordic.com\/fr\/wp-json\/wp\/v2\/types\/product"}],"wp:featuredmedia":[{"embeddable":true,"href":"https:\/\/www.viitanordic.com\/fr\/wp-json\/wp\/v2\/media\/44201"}],"wp:attachment":[{"href":"https:\/\/www.viitanordic.com\/fr\/wp-json\/wp\/v2\/media?parent=44159"}],"wp:term":[{"taxonomy":"product_brand","embeddable":true,"href":"https:\/\/www.viitanordic.com\/fr\/wp-json\/wp\/v2\/product_brand?post=44159"},{"taxonomy":"product_cat","embeddable":true,"href":"https:\/\/www.viitanordic.com\/fr\/wp-json\/wp\/v2\/product_cat?post=44159"},{"taxonomy":"product_tag","embeddable":true,"href":"https:\/\/www.viitanordic.com\/fr\/wp-json\/wp\/v2\/product_tag?post=44159"}],"curies":[{"name":"wp","href":"https:\/\/api.w.org\/{rel}","templated":true}]}}