{"id":44400,"date":"2025-01-12T16:09:57","date_gmt":"2025-01-12T14:09:59","guid":{"rendered":"https:\/\/www.viitanordic.com\/?post_type=product&#038;p=44400"},"modified":"2025-01-14T22:03:46","modified_gmt":"2025-01-14T20:03:46","slug":"tapis-elo","status":"publish","type":"product","link":"https:\/\/www.viitanordic.com\/fr\/product\/tapis-sisal-scandinaves-fabriques-en-finlande\/tapis-elo\/","title":{"rendered":"Tapis Elo"},"content":{"rendered":"<p>La brillance du sisal et le motif classique en chevrons conf\u00e8rent au tapis Elo une apparence \u00e9l\u00e9gante et sophistiqu\u00e9e. Il est id\u00e9al pour les couloirs, les vestibules, ainsi que pour les espaces publics tels que les cabinets et salles de r\u00e9union, mais \u00e9galement pour les terrasses et balcons vitr\u00e9s. Ce tapis fini est bord\u00e9 sur tout son pourtour avec un galon en coton de 35 mm.<\/p>\n<p>Gr\u00e2ce \u00e0 son support en EVA, le tapis est \u00e0 la fois stable et antid\u00e9rapant. Cependant, en raison du risque de r\u00e9tr\u00e9cissement, le tapis en sisal n&rsquo;est pas recommand\u00e9 pour les sas d&rsquo;entr\u00e9e ou les pi\u00e8ces humides.<\/p>\n<p><strong>Tapis sur mesure:<\/strong> choisir sous Taille<\/p>\n<p><strong>Marque:<\/strong> VM-Carpet<\/p>\n<p><strong>Mat\u00e9riel:<\/strong> 100% Sisal<\/p>\n<p><strong>Origine:<\/strong> EU<\/p>\n<p><strong>Fabrication:<\/strong> Tiss\u00e9<\/p>\n<p><strong>Revers:<\/strong> Le revers synth\u00e9tique est anti-glissant et rend le tapis plus stable. Le revers convient \u00e9galement aux sols avec chauffage. Il est inodore, recyclable, ne laisse pas de traces et ne g\u00e9n\u00e8re pas de poussi\u00e8re.<\/p>\n<p><strong>Bordure:<\/strong> 100% Coton<\/p>\n<p><strong>Entretien: <\/strong>Passer l\u2019aspirateur de mani\u00e8re r\u00e9guli\u00e8re. Il est conseill\u00e9 d\u2019enlever la salet\u00e9 imm\u00e9diatement avec une patte humide. Ne pas frotter mais tamponner le tapis.<\/p>\n<p><strong>Nettoyage:\u00a0<\/strong>Il n\u2019est pas recommand\u00e9 d\u2019imbiber compl\u00e8tement le tapis en sisal, car la fibre peut se d\u00e9former lorsqu\u2019elle est mouill\u00e9e ou s\u00e8che. Nous conseillons de confier le nettoyage du tapis \u00e0 un professionnel sp\u00e9cialis\u00e9, en optant pour un nettoyage \u00e0 sec. Nous d\u00e9clinons toute responsabilit\u00e9 pour les dommages caus\u00e9s au tapis lors du lavage.<\/p>\n","protected":false},"excerpt":{"rendered":"<p>La brillance du sisal et le motif classique en chevrons conf\u00e8rent au tapis Elo une apparence \u00e9l\u00e9gante et sophistiqu\u00e9e. Il est id\u00e9al pour les couloirs, les vestibules, ainsi que pour les espaces publics tels que les cabinets et salles de r\u00e9union, mais \u00e9galement pour les terrasses et balcons vitr\u00e9s. Ce tapis fini est bord\u00e9 sur [\u2026] <a href=\"https:\/\/www.viitanordic.com\/fr\/product\/tapis-sisal-scandinaves-fabriques-en-finlande\/tapis-elo\/\">\u00bb En lire plus<\/a><\/p>\n","protected":false},"featured_media":44453,"template":"","meta":{"_acf_changed":false},"product_brand":[],"product_cat":[183],"product_tag":[],"class_list":{"0":"post-44400","1":"product","2":"type-product","3":"status-publish","4":"has-post-thumbnail","6":"product_cat-tapis-sisal-scandinaves-fabriques-en-finlande","8":"first","9":"instock","10":"taxable","11":"shipping-taxable","12":"purchasable","13":"product-type-variable","14":"has-default-attributes"},"acf":[],"yoast_head":"<!-- This site is optimized with the Yoast SEO plugin v25.8 - https:\/\/yoast.com\/wordpress\/plugins\/seo\/ -->\n<title>Tapis Elo - Tapis Scandinaves - Tapis Nordiques - Fabriqu\u00e9s en Finlande - ViitaNordic<\/title>\n<meta name=\"description\" content=\"Le tapis Blues est un tapis avec du style; il est tr\u00e8s \u00e9l\u00e9gant. Le tapis ne g\u00e9n\u00e8re pas de poussi\u00e8re, est antistatique et tr\u00e8s robuste.\" \/>\n<meta name=\"robots\" content=\"index, follow, max-snippet:-1, max-image-preview:large, max-video-preview:-1\" \/>\n<link rel=\"canonical\" href=\"https:\/\/www.viitanordic.com\/fr\/product\/tapis-sisal-scandinaves-fabriques-en-finlande\/tapis-elo\/\" \/>\n<meta property=\"og:locale\" content=\"fr_FR\" \/>\n<meta property=\"og:type\" content=\"article\" \/>\n<meta property=\"og:title\" content=\"Tapis Elo - Tapis Scandinaves - Tapis Nordiques - Fabriqu\u00e9s en Finlande - ViitaNordic\" \/>\n<meta property=\"og:description\" content=\"Le tapis Blues est un tapis avec du style; il est tr\u00e8s \u00e9l\u00e9gant. Le tapis ne g\u00e9n\u00e8re pas de poussi\u00e8re, est antistatique et tr\u00e8s robuste.\" \/>\n<meta property=\"og:url\" content=\"https:\/\/www.viitanordic.com\/fr\/product\/tapis-sisal-scandinaves-fabriques-en-finlande\/tapis-elo\/\" \/>\n<meta property=\"og:site_name\" content=\"Tapis Scandinaves - Tapis Nordiques - Fabriqu\u00e9s en Finlande - ViitaNordic\" \/>\n<meta property=\"article:publisher\" content=\"https:\/\/www.facebook.com\/viitanordic\" \/>\n<meta property=\"article:modified_time\" content=\"2025-01-14T20:03:46+00:00\" \/>\n<meta property=\"og:image\" content=\"https:\/\/www.viitanordic.com\/lataukset\/Scandinavian-Sisal-Rug-Elo.jpg\" \/>\n\t<meta property=\"og:image:width\" content=\"1920\" \/>\n\t<meta property=\"og:image:height\" content=\"1309\" \/>\n\t<meta property=\"og:image:type\" content=\"image\/jpeg\" \/>\n<meta name=\"twitter:label1\" content=\"Dur\u00e9e de lecture estim\u00e9e\" \/>\n\t<meta name=\"twitter:data1\" content=\"2 minutes\" \/>\n<script type=\"application\/ld+json\" class=\"yoast-schema-graph\">{\"@context\":\"https:\/\/schema.org\",\"@graph\":[{\"@type\":\"WebPage\",\"@id\":\"https:\/\/www.viitanordic.com\/fr\/product\/tapis-sisal-scandinaves-fabriques-en-finlande\/tapis-elo\/\",\"url\":\"https:\/\/www.viitanordic.com\/fr\/product\/tapis-sisal-scandinaves-fabriques-en-finlande\/tapis-elo\/\",\"name\":\"Tapis Elo - Tapis Scandinaves - Tapis Nordiques - Fabriqu\u00e9s en Finlande - ViitaNordic\",\"isPartOf\":{\"@id\":\"https:\/\/www.viitanordic.com\/#website\"},\"primaryImageOfPage\":{\"@id\":\"https:\/\/www.viitanordic.com\/fr\/product\/tapis-sisal-scandinaves-fabriques-en-finlande\/tapis-elo\/#primaryimage\"},\"image\":{\"@id\":\"https:\/\/www.viitanordic.com\/fr\/product\/tapis-sisal-scandinaves-fabriques-en-finlande\/tapis-elo\/#primaryimage\"},\"thumbnailUrl\":\"https:\/\/www.viitanordic.com\/lataukset\/Scandinavian-Sisal-Rug-Elo.jpg\",\"datePublished\":\"2025-01-12T14:09:59+00:00\",\"dateModified\":\"2025-01-14T20:03:46+00:00\",\"description\":\"Le tapis Blues est un tapis avec du style; il est tr\u00e8s \u00e9l\u00e9gant. Le tapis ne g\u00e9n\u00e8re pas de poussi\u00e8re, est antistatique et tr\u00e8s robuste.\",\"breadcrumb\":{\"@id\":\"https:\/\/www.viitanordic.com\/fr\/product\/tapis-sisal-scandinaves-fabriques-en-finlande\/tapis-elo\/#breadcrumb\"},\"inLanguage\":\"fr-FR\",\"potentialAction\":[{\"@type\":\"ReadAction\",\"target\":[\"https:\/\/www.viitanordic.com\/fr\/product\/tapis-sisal-scandinaves-fabriques-en-finlande\/tapis-elo\/\"]}]},{\"@type\":\"ImageObject\",\"inLanguage\":\"fr-FR\",\"@id\":\"https:\/\/www.viitanordic.com\/fr\/product\/tapis-sisal-scandinaves-fabriques-en-finlande\/tapis-elo\/#primaryimage\",\"url\":\"https:\/\/www.viitanordic.com\/lataukset\/Scandinavian-Sisal-Rug-Elo.jpg\",\"contentUrl\":\"https:\/\/www.viitanordic.com\/lataukset\/Scandinavian-Sisal-Rug-Elo.jpg\",\"width\":1920,\"height\":1309,\"caption\":\"Scandinavian Rug made in Finland - Nordic Carpet - Finnish Design\"},{\"@type\":\"BreadcrumbList\",\"@id\":\"https:\/\/www.viitanordic.com\/fr\/product\/tapis-sisal-scandinaves-fabriques-en-finlande\/tapis-elo\/#breadcrumb\",\"itemListElement\":[{\"@type\":\"ListItem\",\"position\":1,\"name\":\"Etusivu\",\"item\":\"https:\/\/www.viitanordic.com\/fr\/\"},{\"@type\":\"ListItem\",\"position\":2,\"name\":\"Tapis Nordiques &#8211; Tapis Scandinaves\",\"item\":\"https:\/\/www.viitanordic.com\/fr\/\"},{\"@type\":\"ListItem\",\"position\":3,\"name\":\"Tapis Elo\"}]},{\"@type\":\"WebSite\",\"@id\":\"https:\/\/www.viitanordic.com\/#website\",\"url\":\"https:\/\/www.viitanordic.com\/\",\"name\":\"Scandinavian Rugs - Nordic Rugs - Made in Finland \u2013 ViitaNordic\",\"description\":\"Tapis Scandinaves - Tapis Nordiques - Fabriqu\u00e9s en Finlande - ViitaNordic\",\"publisher\":{\"@id\":\"https:\/\/www.viitanordic.com\/#organization\"},\"potentialAction\":[{\"@type\":\"SearchAction\",\"target\":{\"@type\":\"EntryPoint\",\"urlTemplate\":\"https:\/\/www.viitanordic.com\/?s={search_term_string}\"},\"query-input\":{\"@type\":\"PropertyValueSpecification\",\"valueRequired\":true,\"valueName\":\"search_term_string\"}}],\"inLanguage\":\"fr-FR\"},{\"@type\":\"Organization\",\"@id\":\"https:\/\/www.viitanordic.com\/#organization\",\"name\":\"ViitaNordic Oy\",\"url\":\"https:\/\/www.viitanordic.com\/\",\"logo\":{\"@type\":\"ImageObject\",\"inLanguage\":\"fr-FR\",\"@id\":\"https:\/\/www.viitanordic.com\/#\/schema\/logo\/image\/\",\"url\":\"https:\/\/www.viitanordic.com\/lataukset\/logo-viitanordic.png\",\"contentUrl\":\"https:\/\/www.viitanordic.com\/lataukset\/logo-viitanordic.png\",\"width\":720,\"height\":111,\"caption\":\"ViitaNordic Oy\"},\"image\":{\"@id\":\"https:\/\/www.viitanordic.com\/#\/schema\/logo\/image\/\"},\"sameAs\":[\"https:\/\/www.facebook.com\/viitanordic\",\"https:\/\/fi.pinterest.com\/viitanordic\/\"]}]}<\/script>\n<!-- \/ Yoast SEO plugin. -->","yoast_head_json":{"title":"Tapis Elo - Tapis Scandinaves - Tapis Nordiques - Fabriqu\u00e9s en Finlande - ViitaNordic","description":"Le tapis Blues est un tapis avec du style; il est tr\u00e8s \u00e9l\u00e9gant. Le tapis ne g\u00e9n\u00e8re pas de poussi\u00e8re, est antistatique et tr\u00e8s robuste.","robots":{"index":"index","follow":"follow","max-snippet":"max-snippet:-1","max-image-preview":"max-image-preview:large","max-video-preview":"max-video-preview:-1"},"canonical":"https:\/\/www.viitanordic.com\/fr\/product\/tapis-sisal-scandinaves-fabriques-en-finlande\/tapis-elo\/","og_locale":"fr_FR","og_type":"article","og_title":"Tapis Elo - Tapis Scandinaves - Tapis Nordiques - Fabriqu\u00e9s en Finlande - ViitaNordic","og_description":"Le tapis Blues est un tapis avec du style; il est tr\u00e8s \u00e9l\u00e9gant. Le tapis ne g\u00e9n\u00e8re pas de poussi\u00e8re, est antistatique et tr\u00e8s robuste.","og_url":"https:\/\/www.viitanordic.com\/fr\/product\/tapis-sisal-scandinaves-fabriques-en-finlande\/tapis-elo\/","og_site_name":"Tapis Scandinaves - Tapis Nordiques - Fabriqu\u00e9s en Finlande - ViitaNordic","article_publisher":"https:\/\/www.facebook.com\/viitanordic","article_modified_time":"2025-01-14T20:03:46+00:00","og_image":[{"width":1920,"height":1309,"url":"https:\/\/www.viitanordic.com\/lataukset\/Scandinavian-Sisal-Rug-Elo.jpg","type":"image\/jpeg"}],"twitter_misc":{"Dur\u00e9e de lecture estim\u00e9e":"2 minutes"},"schema":{"@context":"https:\/\/schema.org","@graph":[{"@type":"WebPage","@id":"https:\/\/www.viitanordic.com\/fr\/product\/tapis-sisal-scandinaves-fabriques-en-finlande\/tapis-elo\/","url":"https:\/\/www.viitanordic.com\/fr\/product\/tapis-sisal-scandinaves-fabriques-en-finlande\/tapis-elo\/","name":"Tapis Elo - Tapis Scandinaves - Tapis Nordiques - Fabriqu\u00e9s en Finlande - ViitaNordic","isPartOf":{"@id":"https:\/\/www.viitanordic.com\/#website"},"primaryImageOfPage":{"@id":"https:\/\/www.viitanordic.com\/fr\/product\/tapis-sisal-scandinaves-fabriques-en-finlande\/tapis-elo\/#primaryimage"},"image":{"@id":"https:\/\/www.viitanordic.com\/fr\/product\/tapis-sisal-scandinaves-fabriques-en-finlande\/tapis-elo\/#primaryimage"},"thumbnailUrl":"https:\/\/www.viitanordic.com\/lataukset\/Scandinavian-Sisal-Rug-Elo.jpg","datePublished":"2025-01-12T14:09:59+00:00","dateModified":"2025-01-14T20:03:46+00:00","description":"Le tapis Blues est un tapis avec du style; il est tr\u00e8s \u00e9l\u00e9gant. Le tapis ne g\u00e9n\u00e8re pas de poussi\u00e8re, est antistatique et tr\u00e8s robuste.","breadcrumb":{"@id":"https:\/\/www.viitanordic.com\/fr\/product\/tapis-sisal-scandinaves-fabriques-en-finlande\/tapis-elo\/#breadcrumb"},"inLanguage":"fr-FR","potentialAction":[{"@type":"ReadAction","target":["https:\/\/www.viitanordic.com\/fr\/product\/tapis-sisal-scandinaves-fabriques-en-finlande\/tapis-elo\/"]}]},{"@type":"ImageObject","inLanguage":"fr-FR","@id":"https:\/\/www.viitanordic.com\/fr\/product\/tapis-sisal-scandinaves-fabriques-en-finlande\/tapis-elo\/#primaryimage","url":"https:\/\/www.viitanordic.com\/lataukset\/Scandinavian-Sisal-Rug-Elo.jpg","contentUrl":"https:\/\/www.viitanordic.com\/lataukset\/Scandinavian-Sisal-Rug-Elo.jpg","width":1920,"height":1309,"caption":"Scandinavian Rug made in Finland - Nordic Carpet - Finnish Design"},{"@type":"BreadcrumbList","@id":"https:\/\/www.viitanordic.com\/fr\/product\/tapis-sisal-scandinaves-fabriques-en-finlande\/tapis-elo\/#breadcrumb","itemListElement":[{"@type":"ListItem","position":1,"name":"Etusivu","item":"https:\/\/www.viitanordic.com\/fr\/"},{"@type":"ListItem","position":2,"name":"Tapis Nordiques &#8211; Tapis Scandinaves","item":"https:\/\/www.viitanordic.com\/fr\/"},{"@type":"ListItem","position":3,"name":"Tapis Elo"}]},{"@type":"WebSite","@id":"https:\/\/www.viitanordic.com\/#website","url":"https:\/\/www.viitanordic.com\/","name":"Scandinavian Rugs - Nordic Rugs - Made in Finland \u2013 ViitaNordic","description":"Tapis Scandinaves - Tapis Nordiques - Fabriqu\u00e9s en Finlande - ViitaNordic","publisher":{"@id":"https:\/\/www.viitanordic.com\/#organization"},"potentialAction":[{"@type":"SearchAction","target":{"@type":"EntryPoint","urlTemplate":"https:\/\/www.viitanordic.com\/?s={search_term_string}"},"query-input":{"@type":"PropertyValueSpecification","valueRequired":true,"valueName":"search_term_string"}}],"inLanguage":"fr-FR"},{"@type":"Organization","@id":"https:\/\/www.viitanordic.com\/#organization","name":"ViitaNordic Oy","url":"https:\/\/www.viitanordic.com\/","logo":{"@type":"ImageObject","inLanguage":"fr-FR","@id":"https:\/\/www.viitanordic.com\/#\/schema\/logo\/image\/","url":"https:\/\/www.viitanordic.com\/lataukset\/logo-viitanordic.png","contentUrl":"https:\/\/www.viitanordic.com\/lataukset\/logo-viitanordic.png","width":720,"height":111,"caption":"ViitaNordic Oy"},"image":{"@id":"https:\/\/www.viitanordic.com\/#\/schema\/logo\/image\/"},"sameAs":["https:\/\/www.facebook.com\/viitanordic","https:\/\/fi.pinterest.com\/viitanordic\/"]}]}},"_links":{"self":[{"href":"https:\/\/www.viitanordic.com\/fr\/wp-json\/wp\/v2\/product\/44400","targetHints":{"allow":["GET"]}}],"collection":[{"href":"https:\/\/www.viitanordic.com\/fr\/wp-json\/wp\/v2\/product"}],"about":[{"href":"https:\/\/www.viitanordic.com\/fr\/wp-json\/wp\/v2\/types\/product"}],"wp:featuredmedia":[{"embeddable":true,"href":"https:\/\/www.viitanordic.com\/fr\/wp-json\/wp\/v2\/media\/44453"}],"wp:attachment":[{"href":"https:\/\/www.viitanordic.com\/fr\/wp-json\/wp\/v2\/media?parent=44400"}],"wp:term":[{"taxonomy":"product_brand","embeddable":true,"href":"https:\/\/www.viitanordic.com\/fr\/wp-json\/wp\/v2\/product_brand?post=44400"},{"taxonomy":"product_cat","embeddable":true,"href":"https:\/\/www.viitanordic.com\/fr\/wp-json\/wp\/v2\/product_cat?post=44400"},{"taxonomy":"product_tag","embeddable":true,"href":"https:\/\/www.viitanordic.com\/fr\/wp-json\/wp\/v2\/product_tag?post=44400"}],"curies":[{"name":"wp","href":"https:\/\/api.w.org\/{rel}","templated":true}]}}