{"id":45098,"date":"2025-06-09T22:09:58","date_gmt":"2025-06-09T19:10:03","guid":{"rendered":"https:\/\/www.viitanordic.com\/?post_type=product&#038;p=45098"},"modified":"2025-06-09T22:53:01","modified_gmt":"2025-06-09T19:53:01","slug":"tapis-tuuli","status":"publish","type":"product","link":"https:\/\/www.viitanordic.com\/fr\/product\/tapis-sisal-scandinaves-fabriques-en-finlande\/tapis-tuuli\/","title":{"rendered":"Tapis Tuuli"},"content":{"rendered":"<p>Apportez une touche naturelle et r\u00e9sistante \u00e0 votre int\u00e9rieur ou espace professionnel avec notre tapis en sisal Tuuli. Tiss\u00e9 \u00e0 plat \u00e0 partir de fibres de sisal \u00e9paisses et solides, ce tapis est con\u00e7u pour r\u00e9sister \u00e0 un usage intensif \u2013 id\u00e9al pour les couloirs, halls d\u2019entr\u00e9e et espaces publics comme les salles de r\u00e9union ou de conf\u00e9rence.<\/p>\n<p>Gr\u00e2ce \u00e0 son revers en EVA, il reste bien en place et offre une surface antid\u00e9rapante et stable. Son design structur\u00e9 et naturel ajoute une note d\u2019\u00e9l\u00e9gance discr\u00e8te tout en prot\u00e9geant efficacement votre sol.<\/p>\n<p>Remarque : Ce tapis est adapt\u00e9 aux espaces int\u00e9rieurs secs uniquement, et d\u00e9conseill\u00e9 pour les pi\u00e8ces humides comme les salles de bain ou les entr\u00e9es expos\u00e9es aux courants d\u2019air.<\/p>\n<p><strong>Tapis sur mesure:<\/strong> choisir sous Taille<\/p>\n<p><strong>Marque:<\/strong> VM-Carpet<\/p>\n<p><strong>Mat\u00e9riel:<\/strong> 100% Sisal<\/p>\n<p><strong>Origine:<\/strong> EU<\/p>\n<p><strong>Fabrication:<\/strong> Tiss\u00e9<\/p>\n<p><strong>Revers:<\/strong> Le revers synth\u00e9tique est anti-glissant et rend le tapis plus stable. Le revers convient \u00e9galement aux sols avec chauffage. Il est inodore, recyclable, ne laisse pas de traces et ne g\u00e9n\u00e8re pas de poussi\u00e8re.<\/p>\n<p><strong>Bordure:<\/strong> 100% Coton<\/p>\n<p><strong>Entretien: <\/strong>Passer l\u2019aspirateur de mani\u00e8re r\u00e9guli\u00e8re. Il est conseill\u00e9 d\u2019enlever la salet\u00e9 imm\u00e9diatement avec une patte humide. Ne pas frotter mais tamponner le tapis.<\/p>\n<p><strong>Nettoyage:\u00a0<\/strong>Il n\u2019est pas recommand\u00e9 d\u2019imbiber compl\u00e8tement le tapis en sisal, car la fibre peut se d\u00e9former lorsqu\u2019elle est mouill\u00e9e ou s\u00e8che. Nous conseillons de confier le nettoyage du tapis \u00e0 un professionnel sp\u00e9cialis\u00e9, en optant pour un nettoyage \u00e0 sec. Nous d\u00e9clinons toute responsabilit\u00e9 pour les dommages caus\u00e9s au tapis lors du lavage.<\/p>\n","protected":false},"excerpt":{"rendered":"<p>Apportez une touche naturelle et r\u00e9sistante \u00e0 votre int\u00e9rieur ou espace professionnel avec notre tapis en sisal Tuuli. Tiss\u00e9 \u00e0 plat \u00e0 partir de fibres de sisal \u00e9paisses et solides, ce tapis est con\u00e7u pour r\u00e9sister \u00e0 un usage intensif \u2013 id\u00e9al pour les couloirs, halls d\u2019entr\u00e9e et espaces publics comme les salles de r\u00e9union [\u2026] <a href=\"https:\/\/www.viitanordic.com\/fr\/product\/tapis-sisal-scandinaves-fabriques-en-finlande\/tapis-tuuli\/\">\u00bb En lire plus<\/a><\/p>\n","protected":false},"featured_media":45121,"template":"","meta":{"_acf_changed":false},"product_brand":[],"product_cat":[183],"product_tag":[],"class_list":{"0":"post-45098","1":"product","2":"type-product","3":"status-publish","4":"has-post-thumbnail","6":"product_cat-tapis-sisal-scandinaves-fabriques-en-finlande","8":"first","9":"instock","10":"taxable","11":"shipping-taxable","12":"purchasable","13":"product-type-variable","14":"has-default-attributes"},"acf":[],"yoast_head":"<!-- This site is optimized with the Yoast SEO plugin v25.8 - https:\/\/yoast.com\/wordpress\/plugins\/seo\/ -->\n<title>Tapis Tuuli - Tapis Scandinaves - Tapis Nordiques - Fabriqu\u00e9s en Finlande - ViitaNordic<\/title>\n<meta name=\"description\" content=\"Le tapis Blues est un tapis avec du style; il est tr\u00e8s \u00e9l\u00e9gant. Le tapis ne g\u00e9n\u00e8re pas de poussi\u00e8re, est antistatique et tr\u00e8s robuste.\" \/>\n<meta name=\"robots\" content=\"index, follow, max-snippet:-1, max-image-preview:large, max-video-preview:-1\" \/>\n<link rel=\"canonical\" href=\"https:\/\/www.viitanordic.com\/fr\/product\/tapis-sisal-scandinaves-fabriques-en-finlande\/tapis-tuuli\/\" \/>\n<meta property=\"og:locale\" content=\"fr_FR\" \/>\n<meta property=\"og:type\" content=\"article\" \/>\n<meta property=\"og:title\" content=\"Tapis Tuuli - Tapis Scandinaves - Tapis Nordiques - Fabriqu\u00e9s en Finlande - ViitaNordic\" \/>\n<meta property=\"og:description\" content=\"Le tapis Blues est un tapis avec du style; il est tr\u00e8s \u00e9l\u00e9gant. Le tapis ne g\u00e9n\u00e8re pas de poussi\u00e8re, est antistatique et tr\u00e8s robuste.\" \/>\n<meta property=\"og:url\" content=\"https:\/\/www.viitanordic.com\/fr\/product\/tapis-sisal-scandinaves-fabriques-en-finlande\/tapis-tuuli\/\" \/>\n<meta property=\"og:site_name\" content=\"Tapis Scandinaves - Tapis Nordiques - Fabriqu\u00e9s en Finlande - ViitaNordic\" \/>\n<meta property=\"article:publisher\" content=\"https:\/\/www.facebook.com\/viitanordic\" \/>\n<meta property=\"article:modified_time\" content=\"2025-06-09T19:53:01+00:00\" \/>\n<meta property=\"og:image\" content=\"https:\/\/www.viitanordic.com\/lataukset\/Nordic-Sisal-Rug-Tuuli.jpg\" \/>\n\t<meta property=\"og:image:width\" content=\"1920\" \/>\n\t<meta property=\"og:image:height\" content=\"1263\" \/>\n\t<meta property=\"og:image:type\" content=\"image\/jpeg\" \/>\n<meta name=\"twitter:label1\" content=\"Dur\u00e9e de lecture estim\u00e9e\" \/>\n\t<meta name=\"twitter:data1\" content=\"2 minutes\" \/>\n<script type=\"application\/ld+json\" class=\"yoast-schema-graph\">{\"@context\":\"https:\/\/schema.org\",\"@graph\":[{\"@type\":\"WebPage\",\"@id\":\"https:\/\/www.viitanordic.com\/fr\/product\/tapis-sisal-scandinaves-fabriques-en-finlande\/tapis-tuuli\/\",\"url\":\"https:\/\/www.viitanordic.com\/fr\/product\/tapis-sisal-scandinaves-fabriques-en-finlande\/tapis-tuuli\/\",\"name\":\"Tapis Tuuli - Tapis Scandinaves - Tapis Nordiques - Fabriqu\u00e9s en Finlande - ViitaNordic\",\"isPartOf\":{\"@id\":\"https:\/\/www.viitanordic.com\/#website\"},\"primaryImageOfPage\":{\"@id\":\"https:\/\/www.viitanordic.com\/fr\/product\/tapis-sisal-scandinaves-fabriques-en-finlande\/tapis-tuuli\/#primaryimage\"},\"image\":{\"@id\":\"https:\/\/www.viitanordic.com\/fr\/product\/tapis-sisal-scandinaves-fabriques-en-finlande\/tapis-tuuli\/#primaryimage\"},\"thumbnailUrl\":\"https:\/\/www.viitanordic.com\/lataukset\/Nordic-Sisal-Rug-Tuuli.jpg\",\"datePublished\":\"2025-06-09T19:10:03+00:00\",\"dateModified\":\"2025-06-09T19:53:01+00:00\",\"description\":\"Le tapis Blues est un tapis avec du style; il est tr\u00e8s \u00e9l\u00e9gant. Le tapis ne g\u00e9n\u00e8re pas de poussi\u00e8re, est antistatique et tr\u00e8s robuste.\",\"breadcrumb\":{\"@id\":\"https:\/\/www.viitanordic.com\/fr\/product\/tapis-sisal-scandinaves-fabriques-en-finlande\/tapis-tuuli\/#breadcrumb\"},\"inLanguage\":\"fr-FR\",\"potentialAction\":[{\"@type\":\"ReadAction\",\"target\":[\"https:\/\/www.viitanordic.com\/fr\/product\/tapis-sisal-scandinaves-fabriques-en-finlande\/tapis-tuuli\/\"]}]},{\"@type\":\"ImageObject\",\"inLanguage\":\"fr-FR\",\"@id\":\"https:\/\/www.viitanordic.com\/fr\/product\/tapis-sisal-scandinaves-fabriques-en-finlande\/tapis-tuuli\/#primaryimage\",\"url\":\"https:\/\/www.viitanordic.com\/lataukset\/Nordic-Sisal-Rug-Tuuli.jpg\",\"contentUrl\":\"https:\/\/www.viitanordic.com\/lataukset\/Nordic-Sisal-Rug-Tuuli.jpg\",\"width\":1920,\"height\":1263},{\"@type\":\"BreadcrumbList\",\"@id\":\"https:\/\/www.viitanordic.com\/fr\/product\/tapis-sisal-scandinaves-fabriques-en-finlande\/tapis-tuuli\/#breadcrumb\",\"itemListElement\":[{\"@type\":\"ListItem\",\"position\":1,\"name\":\"Etusivu\",\"item\":\"https:\/\/www.viitanordic.com\/fr\/\"},{\"@type\":\"ListItem\",\"position\":2,\"name\":\"Tapis Nordiques &#8211; Tapis Scandinaves\",\"item\":\"https:\/\/www.viitanordic.com\/fr\/\"},{\"@type\":\"ListItem\",\"position\":3,\"name\":\"Tapis Tuuli\"}]},{\"@type\":\"WebSite\",\"@id\":\"https:\/\/www.viitanordic.com\/#website\",\"url\":\"https:\/\/www.viitanordic.com\/\",\"name\":\"Scandinavian Rugs - Nordic Rugs - Made in Finland \u2013 ViitaNordic\",\"description\":\"Tapis Scandinaves - Tapis Nordiques - Fabriqu\u00e9s en Finlande - ViitaNordic\",\"publisher\":{\"@id\":\"https:\/\/www.viitanordic.com\/#organization\"},\"potentialAction\":[{\"@type\":\"SearchAction\",\"target\":{\"@type\":\"EntryPoint\",\"urlTemplate\":\"https:\/\/www.viitanordic.com\/?s={search_term_string}\"},\"query-input\":{\"@type\":\"PropertyValueSpecification\",\"valueRequired\":true,\"valueName\":\"search_term_string\"}}],\"inLanguage\":\"fr-FR\"},{\"@type\":\"Organization\",\"@id\":\"https:\/\/www.viitanordic.com\/#organization\",\"name\":\"ViitaNordic Oy\",\"url\":\"https:\/\/www.viitanordic.com\/\",\"logo\":{\"@type\":\"ImageObject\",\"inLanguage\":\"fr-FR\",\"@id\":\"https:\/\/www.viitanordic.com\/#\/schema\/logo\/image\/\",\"url\":\"https:\/\/www.viitanordic.com\/lataukset\/logo-viitanordic.png\",\"contentUrl\":\"https:\/\/www.viitanordic.com\/lataukset\/logo-viitanordic.png\",\"width\":720,\"height\":111,\"caption\":\"ViitaNordic Oy\"},\"image\":{\"@id\":\"https:\/\/www.viitanordic.com\/#\/schema\/logo\/image\/\"},\"sameAs\":[\"https:\/\/www.facebook.com\/viitanordic\",\"https:\/\/fi.pinterest.com\/viitanordic\/\"]}]}<\/script>\n<!-- \/ Yoast SEO plugin. -->","yoast_head_json":{"title":"Tapis Tuuli - Tapis Scandinaves - Tapis Nordiques - Fabriqu\u00e9s en Finlande - ViitaNordic","description":"Le tapis Blues est un tapis avec du style; il est tr\u00e8s \u00e9l\u00e9gant. Le tapis ne g\u00e9n\u00e8re pas de poussi\u00e8re, est antistatique et tr\u00e8s robuste.","robots":{"index":"index","follow":"follow","max-snippet":"max-snippet:-1","max-image-preview":"max-image-preview:large","max-video-preview":"max-video-preview:-1"},"canonical":"https:\/\/www.viitanordic.com\/fr\/product\/tapis-sisal-scandinaves-fabriques-en-finlande\/tapis-tuuli\/","og_locale":"fr_FR","og_type":"article","og_title":"Tapis Tuuli - Tapis Scandinaves - Tapis Nordiques - Fabriqu\u00e9s en Finlande - ViitaNordic","og_description":"Le tapis Blues est un tapis avec du style; il est tr\u00e8s \u00e9l\u00e9gant. Le tapis ne g\u00e9n\u00e8re pas de poussi\u00e8re, est antistatique et tr\u00e8s robuste.","og_url":"https:\/\/www.viitanordic.com\/fr\/product\/tapis-sisal-scandinaves-fabriques-en-finlande\/tapis-tuuli\/","og_site_name":"Tapis Scandinaves - Tapis Nordiques - Fabriqu\u00e9s en Finlande - ViitaNordic","article_publisher":"https:\/\/www.facebook.com\/viitanordic","article_modified_time":"2025-06-09T19:53:01+00:00","og_image":[{"width":1920,"height":1263,"url":"https:\/\/www.viitanordic.com\/lataukset\/Nordic-Sisal-Rug-Tuuli.jpg","type":"image\/jpeg"}],"twitter_misc":{"Dur\u00e9e de lecture estim\u00e9e":"2 minutes"},"schema":{"@context":"https:\/\/schema.org","@graph":[{"@type":"WebPage","@id":"https:\/\/www.viitanordic.com\/fr\/product\/tapis-sisal-scandinaves-fabriques-en-finlande\/tapis-tuuli\/","url":"https:\/\/www.viitanordic.com\/fr\/product\/tapis-sisal-scandinaves-fabriques-en-finlande\/tapis-tuuli\/","name":"Tapis Tuuli - Tapis Scandinaves - Tapis Nordiques - Fabriqu\u00e9s en Finlande - ViitaNordic","isPartOf":{"@id":"https:\/\/www.viitanordic.com\/#website"},"primaryImageOfPage":{"@id":"https:\/\/www.viitanordic.com\/fr\/product\/tapis-sisal-scandinaves-fabriques-en-finlande\/tapis-tuuli\/#primaryimage"},"image":{"@id":"https:\/\/www.viitanordic.com\/fr\/product\/tapis-sisal-scandinaves-fabriques-en-finlande\/tapis-tuuli\/#primaryimage"},"thumbnailUrl":"https:\/\/www.viitanordic.com\/lataukset\/Nordic-Sisal-Rug-Tuuli.jpg","datePublished":"2025-06-09T19:10:03+00:00","dateModified":"2025-06-09T19:53:01+00:00","description":"Le tapis Blues est un tapis avec du style; il est tr\u00e8s \u00e9l\u00e9gant. Le tapis ne g\u00e9n\u00e8re pas de poussi\u00e8re, est antistatique et tr\u00e8s robuste.","breadcrumb":{"@id":"https:\/\/www.viitanordic.com\/fr\/product\/tapis-sisal-scandinaves-fabriques-en-finlande\/tapis-tuuli\/#breadcrumb"},"inLanguage":"fr-FR","potentialAction":[{"@type":"ReadAction","target":["https:\/\/www.viitanordic.com\/fr\/product\/tapis-sisal-scandinaves-fabriques-en-finlande\/tapis-tuuli\/"]}]},{"@type":"ImageObject","inLanguage":"fr-FR","@id":"https:\/\/www.viitanordic.com\/fr\/product\/tapis-sisal-scandinaves-fabriques-en-finlande\/tapis-tuuli\/#primaryimage","url":"https:\/\/www.viitanordic.com\/lataukset\/Nordic-Sisal-Rug-Tuuli.jpg","contentUrl":"https:\/\/www.viitanordic.com\/lataukset\/Nordic-Sisal-Rug-Tuuli.jpg","width":1920,"height":1263},{"@type":"BreadcrumbList","@id":"https:\/\/www.viitanordic.com\/fr\/product\/tapis-sisal-scandinaves-fabriques-en-finlande\/tapis-tuuli\/#breadcrumb","itemListElement":[{"@type":"ListItem","position":1,"name":"Etusivu","item":"https:\/\/www.viitanordic.com\/fr\/"},{"@type":"ListItem","position":2,"name":"Tapis Nordiques &#8211; Tapis Scandinaves","item":"https:\/\/www.viitanordic.com\/fr\/"},{"@type":"ListItem","position":3,"name":"Tapis Tuuli"}]},{"@type":"WebSite","@id":"https:\/\/www.viitanordic.com\/#website","url":"https:\/\/www.viitanordic.com\/","name":"Scandinavian Rugs - Nordic Rugs - Made in Finland \u2013 ViitaNordic","description":"Tapis Scandinaves - Tapis Nordiques - Fabriqu\u00e9s en Finlande - ViitaNordic","publisher":{"@id":"https:\/\/www.viitanordic.com\/#organization"},"potentialAction":[{"@type":"SearchAction","target":{"@type":"EntryPoint","urlTemplate":"https:\/\/www.viitanordic.com\/?s={search_term_string}"},"query-input":{"@type":"PropertyValueSpecification","valueRequired":true,"valueName":"search_term_string"}}],"inLanguage":"fr-FR"},{"@type":"Organization","@id":"https:\/\/www.viitanordic.com\/#organization","name":"ViitaNordic Oy","url":"https:\/\/www.viitanordic.com\/","logo":{"@type":"ImageObject","inLanguage":"fr-FR","@id":"https:\/\/www.viitanordic.com\/#\/schema\/logo\/image\/","url":"https:\/\/www.viitanordic.com\/lataukset\/logo-viitanordic.png","contentUrl":"https:\/\/www.viitanordic.com\/lataukset\/logo-viitanordic.png","width":720,"height":111,"caption":"ViitaNordic Oy"},"image":{"@id":"https:\/\/www.viitanordic.com\/#\/schema\/logo\/image\/"},"sameAs":["https:\/\/www.facebook.com\/viitanordic","https:\/\/fi.pinterest.com\/viitanordic\/"]}]}},"_links":{"self":[{"href":"https:\/\/www.viitanordic.com\/fr\/wp-json\/wp\/v2\/product\/45098","targetHints":{"allow":["GET"]}}],"collection":[{"href":"https:\/\/www.viitanordic.com\/fr\/wp-json\/wp\/v2\/product"}],"about":[{"href":"https:\/\/www.viitanordic.com\/fr\/wp-json\/wp\/v2\/types\/product"}],"wp:featuredmedia":[{"embeddable":true,"href":"https:\/\/www.viitanordic.com\/fr\/wp-json\/wp\/v2\/media\/45121"}],"wp:attachment":[{"href":"https:\/\/www.viitanordic.com\/fr\/wp-json\/wp\/v2\/media?parent=45098"}],"wp:term":[{"taxonomy":"product_brand","embeddable":true,"href":"https:\/\/www.viitanordic.com\/fr\/wp-json\/wp\/v2\/product_brand?post=45098"},{"taxonomy":"product_cat","embeddable":true,"href":"https:\/\/www.viitanordic.com\/fr\/wp-json\/wp\/v2\/product_cat?post=45098"},{"taxonomy":"product_tag","embeddable":true,"href":"https:\/\/www.viitanordic.com\/fr\/wp-json\/wp\/v2\/product_tag?post=45098"}],"curies":[{"name":"wp","href":"https:\/\/api.w.org\/{rel}","templated":true}]}}