{"id":45306,"date":"2025-06-10T20:55:19","date_gmt":"2025-06-10T17:55:20","guid":{"rendered":"https:\/\/www.viitanordic.com\/?post_type=product&#038;p=45306"},"modified":"2025-06-10T21:07:56","modified_gmt":"2025-06-10T18:07:56","slug":"coussin-pour-chien-halla-30-de-rabais","status":"publish","type":"product","link":"https:\/\/www.viitanordic.com\/fr\/product\/promotions\/coussin-pour-chien-halla-30-de-rabais\/","title":{"rendered":"Coussin pour Chien Halla &#8211; 30% de Rabais"},"content":{"rendered":"<p>Halla est un tr\u00e8s beau coussin pour chien et tr\u00e8s agr\u00e9able. Le jeu de couleurs cr\u00e9e une atmosph\u00e8re chaleureuse et agr\u00e9able dans votre d\u00e9coration. Halla est fabriqu\u00e9 de mani\u00e8re traditionnelle en utilisant des mat\u00e9riaux de haute qualit\u00e9 tr\u00e8s agr\u00e9able pour votre chien. Le coussin pour chien Halla est disponible en 2 grandeurs. Comme la fabrication des housses exige beaucoup de travail manuel, chaque produit est unique et peut par cons\u00e9quent diff\u00e9rer l\u00e9g\u00e8rement des images ci-dessus.<\/p>\n<p><strong>Marque:\u00a0<\/strong><a href=\"http:\/\/www.mylungi.fi\" target=\"_blank\" rel=\"noopener\"><img loading=\"lazy\" decoding=\"async\" class=\"alignnone wp-image-19291\" src=\"https:\/\/www.viitanordic.com\/lataukset\/Lungi_reg_logo_black-2000x507.jpg\" alt=\"Lungi_reg_logo_black\" width=\"79\" height=\"20\" srcset=\"https:\/\/www.viitanordic.com\/lataukset\/Lungi_reg_logo_black-2000x507.jpg 2000w, https:\/\/www.viitanordic.com\/lataukset\/Lungi_reg_logo_black-464x118.jpg 464w, https:\/\/www.viitanordic.com\/lataukset\/Lungi_reg_logo_black-1440x365.jpg 1440w, https:\/\/www.viitanordic.com\/lataukset\/Lungi_reg_logo_black-500x127.jpg 500w, https:\/\/www.viitanordic.com\/lataukset\/Lungi_reg_logo_black-768x195.jpg 768w, https:\/\/www.viitanordic.com\/lataukset\/Lungi_reg_logo_black.jpg 2048w\" sizes=\"auto, (max-width: 79px) 100vw, 79px\" \/><\/a><\/p>\n<p><strong>Mat\u00e9riel:<\/strong> 100% coton<\/p>\n<p><strong>Origine:<\/strong> Finlande<\/p>\n<p><strong>Fabrication:<\/strong> Tiss\u00e9e<\/p>\n<p><strong>Nettoyage: <\/strong>La housse peut \u00eatre enlev\u00e9e. Nettoyer la housse soigneusement \u00e0 la main avec de l\u2018eau (max. +30\u00baC), avec un d\u00e9tergeant doux et en utilisant une brosse douce. Reformer soigneusement la housse humide et laisser la s\u00e9cher \u00e0 plat. Le coton peut r\u00e9tr\u00e9cir d\u2019environ 5% apr\u00e8s l\u2019avoir nettoy\u00e9.<\/p>\n<p><strong>Coussin int\u00e9rieur:\u00a0<\/strong>Coussin Eco-Soft. Garnissage: 100% EcoLogic Polyest\u00e8re. Housse: Polyest\u00e8re et coton. Nettoyage \u00e0 la main (max. +30\u00baC). Fabriqu\u00e9 en Finlande.<\/p>\n","protected":false},"excerpt":{"rendered":"<p>Halla est un tr\u00e8s beau coussin pour chien et tr\u00e8s agr\u00e9able. Le jeu de couleurs cr\u00e9e une atmosph\u00e8re chaleureuse et agr\u00e9able dans votre d\u00e9coration. Halla est fabriqu\u00e9 de mani\u00e8re traditionnelle en utilisant des mat\u00e9riaux de haute qualit\u00e9 tr\u00e8s agr\u00e9able pour votre chien. Le coussin pour chien Halla est disponible en 2 grandeurs. Comme la fabrication [\u2026] <a href=\"https:\/\/www.viitanordic.com\/fr\/product\/promotions\/coussin-pour-chien-halla-30-de-rabais\/\">\u00bb En lire plus<\/a><\/p>\n","protected":false},"featured_media":10711,"template":"","meta":{"_acf_changed":false},"product_brand":[],"product_cat":[637],"product_tag":[],"class_list":{"0":"post-45306","1":"product","2":"type-product","3":"status-publish","4":"has-post-thumbnail","6":"product_cat-promotions","8":"first","9":"instock","10":"sale","11":"taxable","12":"shipping-taxable","13":"purchasable","14":"product-type-variable","15":"has-default-attributes"},"acf":[],"yoast_head":"<!-- This site is optimized with the Yoast SEO plugin v25.8 - https:\/\/yoast.com\/wordpress\/plugins\/seo\/ -->\n<title>Coussin pour Chien Halla - 30% de Rabais - Tapis Scandinaves - Tapis Nordiques - Fabriqu\u00e9s en Finlande - ViitaNordic<\/title>\n<meta name=\"description\" content=\"Keto est un tr\u00e8s beau coussin pour chien et tr\u00e8s agr\u00e9able. Le jeu de couleurs cr\u00e9e une atmosph\u00e8re chaleureuse et agr\u00e9able dans votre d\u00e9coration. Keto est fabriqu\u00e9 de mani\u00e8re traditionnelle en utilisant des mat\u00e9riaux de haute qualit\u00e9 tr\u00e8s agr\u00e9able pour votre chien.\" \/>\n<meta name=\"robots\" content=\"index, follow, max-snippet:-1, max-image-preview:large, max-video-preview:-1\" \/>\n<link rel=\"canonical\" href=\"https:\/\/www.viitanordic.com\/fr\/product\/promotions\/coussin-pour-chien-halla-30-de-rabais\/\" \/>\n<meta property=\"og:locale\" content=\"fr_FR\" \/>\n<meta property=\"og:type\" content=\"article\" \/>\n<meta property=\"og:title\" content=\"Coussin pour Chien Halla - 30% de Rabais - Tapis Scandinaves - Tapis Nordiques - Fabriqu\u00e9s en Finlande - ViitaNordic\" \/>\n<meta property=\"og:description\" content=\"Keto est un tr\u00e8s beau coussin pour chien et tr\u00e8s agr\u00e9able. Le jeu de couleurs cr\u00e9e une atmosph\u00e8re chaleureuse et agr\u00e9able dans votre d\u00e9coration. Keto est fabriqu\u00e9 de mani\u00e8re traditionnelle en utilisant des mat\u00e9riaux de haute qualit\u00e9 tr\u00e8s agr\u00e9able pour votre chien.\" \/>\n<meta property=\"og:url\" content=\"https:\/\/www.viitanordic.com\/fr\/product\/promotions\/coussin-pour-chien-halla-30-de-rabais\/\" \/>\n<meta property=\"og:site_name\" content=\"Tapis Scandinaves - Tapis Nordiques - Fabriqu\u00e9s en Finlande - ViitaNordic\" \/>\n<meta property=\"article:publisher\" content=\"https:\/\/www.facebook.com\/viitanordic\" \/>\n<meta property=\"article:modified_time\" content=\"2025-06-10T18:07:56+00:00\" \/>\n<meta property=\"og:image\" content=\"https:\/\/www.viitanordic.com\/lataukset\/IMG_3171.jpg\" \/>\n\t<meta property=\"og:image:width\" content=\"2000\" \/>\n\t<meta property=\"og:image:height\" content=\"1334\" \/>\n\t<meta property=\"og:image:type\" content=\"image\/jpeg\" \/>\n<meta name=\"twitter:label1\" content=\"Dur\u00e9e de lecture estim\u00e9e\" \/>\n\t<meta name=\"twitter:data1\" content=\"2 minutes\" \/>\n<script type=\"application\/ld+json\" class=\"yoast-schema-graph\">{\"@context\":\"https:\/\/schema.org\",\"@graph\":[{\"@type\":\"WebPage\",\"@id\":\"https:\/\/www.viitanordic.com\/fr\/product\/promotions\/coussin-pour-chien-halla-30-de-rabais\/\",\"url\":\"https:\/\/www.viitanordic.com\/fr\/product\/promotions\/coussin-pour-chien-halla-30-de-rabais\/\",\"name\":\"Coussin pour Chien Halla - 30% de Rabais - Tapis Scandinaves - Tapis Nordiques - Fabriqu\u00e9s en Finlande - ViitaNordic\",\"isPartOf\":{\"@id\":\"https:\/\/www.viitanordic.com\/#website\"},\"primaryImageOfPage\":{\"@id\":\"https:\/\/www.viitanordic.com\/fr\/product\/promotions\/coussin-pour-chien-halla-30-de-rabais\/#primaryimage\"},\"image\":{\"@id\":\"https:\/\/www.viitanordic.com\/fr\/product\/promotions\/coussin-pour-chien-halla-30-de-rabais\/#primaryimage\"},\"thumbnailUrl\":\"https:\/\/www.viitanordic.com\/lataukset\/IMG_3171.jpg\",\"datePublished\":\"2025-06-10T17:55:20+00:00\",\"dateModified\":\"2025-06-10T18:07:56+00:00\",\"description\":\"Keto est un tr\u00e8s beau coussin pour chien et tr\u00e8s agr\u00e9able. Le jeu de couleurs cr\u00e9e une atmosph\u00e8re chaleureuse et agr\u00e9able dans votre d\u00e9coration. Keto est fabriqu\u00e9 de mani\u00e8re traditionnelle en utilisant des mat\u00e9riaux de haute qualit\u00e9 tr\u00e8s agr\u00e9able pour votre chien.\",\"breadcrumb\":{\"@id\":\"https:\/\/www.viitanordic.com\/fr\/product\/promotions\/coussin-pour-chien-halla-30-de-rabais\/#breadcrumb\"},\"inLanguage\":\"fr-FR\",\"potentialAction\":[{\"@type\":\"ReadAction\",\"target\":[\"https:\/\/www.viitanordic.com\/fr\/product\/promotions\/coussin-pour-chien-halla-30-de-rabais\/\"]}]},{\"@type\":\"ImageObject\",\"inLanguage\":\"fr-FR\",\"@id\":\"https:\/\/www.viitanordic.com\/fr\/product\/promotions\/coussin-pour-chien-halla-30-de-rabais\/#primaryimage\",\"url\":\"https:\/\/www.viitanordic.com\/lataukset\/IMG_3171.jpg\",\"contentUrl\":\"https:\/\/www.viitanordic.com\/lataukset\/IMG_3171.jpg\",\"width\":2000,\"height\":1334},{\"@type\":\"BreadcrumbList\",\"@id\":\"https:\/\/www.viitanordic.com\/fr\/product\/promotions\/coussin-pour-chien-halla-30-de-rabais\/#breadcrumb\",\"itemListElement\":[{\"@type\":\"ListItem\",\"position\":1,\"name\":\"Etusivu\",\"item\":\"https:\/\/www.viitanordic.com\/fr\/\"},{\"@type\":\"ListItem\",\"position\":2,\"name\":\"Tapis Nordiques &#8211; Tapis Scandinaves\",\"item\":\"https:\/\/www.viitanordic.com\/fr\/\"},{\"@type\":\"ListItem\",\"position\":3,\"name\":\"Coussin pour Chien Halla &#8211; 30% de Rabais\"}]},{\"@type\":\"WebSite\",\"@id\":\"https:\/\/www.viitanordic.com\/#website\",\"url\":\"https:\/\/www.viitanordic.com\/\",\"name\":\"Scandinavian Rugs - Nordic Rugs - Made in Finland \u2013 ViitaNordic\",\"description\":\"Tapis Scandinaves - Tapis Nordiques - Fabriqu\u00e9s en Finlande - ViitaNordic\",\"publisher\":{\"@id\":\"https:\/\/www.viitanordic.com\/#organization\"},\"potentialAction\":[{\"@type\":\"SearchAction\",\"target\":{\"@type\":\"EntryPoint\",\"urlTemplate\":\"https:\/\/www.viitanordic.com\/?s={search_term_string}\"},\"query-input\":{\"@type\":\"PropertyValueSpecification\",\"valueRequired\":true,\"valueName\":\"search_term_string\"}}],\"inLanguage\":\"fr-FR\"},{\"@type\":\"Organization\",\"@id\":\"https:\/\/www.viitanordic.com\/#organization\",\"name\":\"ViitaNordic Oy\",\"url\":\"https:\/\/www.viitanordic.com\/\",\"logo\":{\"@type\":\"ImageObject\",\"inLanguage\":\"fr-FR\",\"@id\":\"https:\/\/www.viitanordic.com\/#\/schema\/logo\/image\/\",\"url\":\"https:\/\/www.viitanordic.com\/lataukset\/logo-viitanordic.png\",\"contentUrl\":\"https:\/\/www.viitanordic.com\/lataukset\/logo-viitanordic.png\",\"width\":720,\"height\":111,\"caption\":\"ViitaNordic Oy\"},\"image\":{\"@id\":\"https:\/\/www.viitanordic.com\/#\/schema\/logo\/image\/\"},\"sameAs\":[\"https:\/\/www.facebook.com\/viitanordic\",\"https:\/\/fi.pinterest.com\/viitanordic\/\"]}]}<\/script>\n<!-- \/ Yoast SEO plugin. -->","yoast_head_json":{"title":"Coussin pour Chien Halla - 30% de Rabais - Tapis Scandinaves - Tapis Nordiques - Fabriqu\u00e9s en Finlande - ViitaNordic","description":"Keto est un tr\u00e8s beau coussin pour chien et tr\u00e8s agr\u00e9able. Le jeu de couleurs cr\u00e9e une atmosph\u00e8re chaleureuse et agr\u00e9able dans votre d\u00e9coration. Keto est fabriqu\u00e9 de mani\u00e8re traditionnelle en utilisant des mat\u00e9riaux de haute qualit\u00e9 tr\u00e8s agr\u00e9able pour votre chien.","robots":{"index":"index","follow":"follow","max-snippet":"max-snippet:-1","max-image-preview":"max-image-preview:large","max-video-preview":"max-video-preview:-1"},"canonical":"https:\/\/www.viitanordic.com\/fr\/product\/promotions\/coussin-pour-chien-halla-30-de-rabais\/","og_locale":"fr_FR","og_type":"article","og_title":"Coussin pour Chien Halla - 30% de Rabais - Tapis Scandinaves - Tapis Nordiques - Fabriqu\u00e9s en Finlande - ViitaNordic","og_description":"Keto est un tr\u00e8s beau coussin pour chien et tr\u00e8s agr\u00e9able. Le jeu de couleurs cr\u00e9e une atmosph\u00e8re chaleureuse et agr\u00e9able dans votre d\u00e9coration. Keto est fabriqu\u00e9 de mani\u00e8re traditionnelle en utilisant des mat\u00e9riaux de haute qualit\u00e9 tr\u00e8s agr\u00e9able pour votre chien.","og_url":"https:\/\/www.viitanordic.com\/fr\/product\/promotions\/coussin-pour-chien-halla-30-de-rabais\/","og_site_name":"Tapis Scandinaves - Tapis Nordiques - Fabriqu\u00e9s en Finlande - ViitaNordic","article_publisher":"https:\/\/www.facebook.com\/viitanordic","article_modified_time":"2025-06-10T18:07:56+00:00","og_image":[{"width":2000,"height":1334,"url":"https:\/\/www.viitanordic.com\/lataukset\/IMG_3171.jpg","type":"image\/jpeg"}],"twitter_misc":{"Dur\u00e9e de lecture estim\u00e9e":"2 minutes"},"schema":{"@context":"https:\/\/schema.org","@graph":[{"@type":"WebPage","@id":"https:\/\/www.viitanordic.com\/fr\/product\/promotions\/coussin-pour-chien-halla-30-de-rabais\/","url":"https:\/\/www.viitanordic.com\/fr\/product\/promotions\/coussin-pour-chien-halla-30-de-rabais\/","name":"Coussin pour Chien Halla - 30% de Rabais - Tapis Scandinaves - Tapis Nordiques - Fabriqu\u00e9s en Finlande - ViitaNordic","isPartOf":{"@id":"https:\/\/www.viitanordic.com\/#website"},"primaryImageOfPage":{"@id":"https:\/\/www.viitanordic.com\/fr\/product\/promotions\/coussin-pour-chien-halla-30-de-rabais\/#primaryimage"},"image":{"@id":"https:\/\/www.viitanordic.com\/fr\/product\/promotions\/coussin-pour-chien-halla-30-de-rabais\/#primaryimage"},"thumbnailUrl":"https:\/\/www.viitanordic.com\/lataukset\/IMG_3171.jpg","datePublished":"2025-06-10T17:55:20+00:00","dateModified":"2025-06-10T18:07:56+00:00","description":"Keto est un tr\u00e8s beau coussin pour chien et tr\u00e8s agr\u00e9able. Le jeu de couleurs cr\u00e9e une atmosph\u00e8re chaleureuse et agr\u00e9able dans votre d\u00e9coration. Keto est fabriqu\u00e9 de mani\u00e8re traditionnelle en utilisant des mat\u00e9riaux de haute qualit\u00e9 tr\u00e8s agr\u00e9able pour votre chien.","breadcrumb":{"@id":"https:\/\/www.viitanordic.com\/fr\/product\/promotions\/coussin-pour-chien-halla-30-de-rabais\/#breadcrumb"},"inLanguage":"fr-FR","potentialAction":[{"@type":"ReadAction","target":["https:\/\/www.viitanordic.com\/fr\/product\/promotions\/coussin-pour-chien-halla-30-de-rabais\/"]}]},{"@type":"ImageObject","inLanguage":"fr-FR","@id":"https:\/\/www.viitanordic.com\/fr\/product\/promotions\/coussin-pour-chien-halla-30-de-rabais\/#primaryimage","url":"https:\/\/www.viitanordic.com\/lataukset\/IMG_3171.jpg","contentUrl":"https:\/\/www.viitanordic.com\/lataukset\/IMG_3171.jpg","width":2000,"height":1334},{"@type":"BreadcrumbList","@id":"https:\/\/www.viitanordic.com\/fr\/product\/promotions\/coussin-pour-chien-halla-30-de-rabais\/#breadcrumb","itemListElement":[{"@type":"ListItem","position":1,"name":"Etusivu","item":"https:\/\/www.viitanordic.com\/fr\/"},{"@type":"ListItem","position":2,"name":"Tapis Nordiques &#8211; Tapis Scandinaves","item":"https:\/\/www.viitanordic.com\/fr\/"},{"@type":"ListItem","position":3,"name":"Coussin pour Chien Halla &#8211; 30% de Rabais"}]},{"@type":"WebSite","@id":"https:\/\/www.viitanordic.com\/#website","url":"https:\/\/www.viitanordic.com\/","name":"Scandinavian Rugs - Nordic Rugs - Made in Finland \u2013 ViitaNordic","description":"Tapis Scandinaves - Tapis Nordiques - Fabriqu\u00e9s en Finlande - ViitaNordic","publisher":{"@id":"https:\/\/www.viitanordic.com\/#organization"},"potentialAction":[{"@type":"SearchAction","target":{"@type":"EntryPoint","urlTemplate":"https:\/\/www.viitanordic.com\/?s={search_term_string}"},"query-input":{"@type":"PropertyValueSpecification","valueRequired":true,"valueName":"search_term_string"}}],"inLanguage":"fr-FR"},{"@type":"Organization","@id":"https:\/\/www.viitanordic.com\/#organization","name":"ViitaNordic Oy","url":"https:\/\/www.viitanordic.com\/","logo":{"@type":"ImageObject","inLanguage":"fr-FR","@id":"https:\/\/www.viitanordic.com\/#\/schema\/logo\/image\/","url":"https:\/\/www.viitanordic.com\/lataukset\/logo-viitanordic.png","contentUrl":"https:\/\/www.viitanordic.com\/lataukset\/logo-viitanordic.png","width":720,"height":111,"caption":"ViitaNordic Oy"},"image":{"@id":"https:\/\/www.viitanordic.com\/#\/schema\/logo\/image\/"},"sameAs":["https:\/\/www.facebook.com\/viitanordic","https:\/\/fi.pinterest.com\/viitanordic\/"]}]}},"_links":{"self":[{"href":"https:\/\/www.viitanordic.com\/fr\/wp-json\/wp\/v2\/product\/45306","targetHints":{"allow":["GET"]}}],"collection":[{"href":"https:\/\/www.viitanordic.com\/fr\/wp-json\/wp\/v2\/product"}],"about":[{"href":"https:\/\/www.viitanordic.com\/fr\/wp-json\/wp\/v2\/types\/product"}],"wp:featuredmedia":[{"embeddable":true,"href":"https:\/\/www.viitanordic.com\/fr\/wp-json\/wp\/v2\/media\/10711"}],"wp:attachment":[{"href":"https:\/\/www.viitanordic.com\/fr\/wp-json\/wp\/v2\/media?parent=45306"}],"wp:term":[{"taxonomy":"product_brand","embeddable":true,"href":"https:\/\/www.viitanordic.com\/fr\/wp-json\/wp\/v2\/product_brand?post=45306"},{"taxonomy":"product_cat","embeddable":true,"href":"https:\/\/www.viitanordic.com\/fr\/wp-json\/wp\/v2\/product_cat?post=45306"},{"taxonomy":"product_tag","embeddable":true,"href":"https:\/\/www.viitanordic.com\/fr\/wp-json\/wp\/v2\/product_tag?post=45306"}],"curies":[{"name":"wp","href":"https:\/\/api.w.org\/{rel}","templated":true}]}}